{"id":7,"date":"2022-04-12T13:04:09","date_gmt":"2022-04-12T11:04:09","guid":{"rendered":"https:\/\/anderskafka.cz\/eshop\/kosik\/"},"modified":"2022-11-22T19:37:39","modified_gmt":"2022-11-22T18:37:39","slug":"kosik","status":"publish","type":"page","link":"https:\/\/anderskafka.cz\/eshop\/kosik\/","title":{"rendered":"Ko\u0161\u00edk"},"content":{"rendered":"<div class=\"woocommerce\"><div class=\"woocommerce-notices-wrapper\"><\/div><p class=\"cart-empty woocommerce-info\">V\u00e1\u0161 ko\u0161\u00edk je pr\u00e1zdn\u00fd.<\/p>\t<p class=\"return-to-shop\">\n\t\t<a class=\"button wc-backward\" href=\"https:\/\/anderskafka.cz\/eshop\/obchod\/\">\n\t\t\tZp\u011bt do obchodu\t\t<\/a>\n\t<\/p>\n<\/div>\n","protected":false},"excerpt":{"rendered":"","protected":false},"author":1,"featured_media":0,"parent":0,"menu_order":0,"comment_status":"closed","ping_status":"closed","template":"elementor_header_footer","meta":{"site-sidebar-layout":"default","site-content-layout":"default","ast-main-header-display":"","ast-hfb-above-header-display":"","ast-hfb-below-header-display":"","ast-hfb-mobile-header-display":"","site-post-title":"","ast-breadcrumbs-content":"","ast-featured-img":"","footer-sml-layout":"","theme-transparent-header-meta":"","adv-header-id-meta":"","stick-header-meta":"","header-above-stick-meta":"","header-main-stick-meta":"","header-below-stick-meta":""},"yoast_head":"<!-- This site is optimized with the Yoast SEO plugin v18.5.1 - https:\/\/yoast.com\/wordpress\/plugins\/seo\/ -->\n<title>Ko\u0161\u00edk - Anders &amp; Kafka E-SHOP<\/title>\n<meta name=\"description\" content=\"Anders&amp;Kafka - Dovolujeme si V\u00e1m nab\u00edzet \u0161irok\u00fd sortiment kvalitn\u00edch v\u00fdrobk\u016f renomovan\u00fdch \u010desk\u00fdch a evropsk\u00fdch v\u00fdrobc\u016f specializuj\u00edc\u00edch se na saunov\u00e9 dopl\u0148ky a vybaven\u00ed saun.\" \/>\n<meta name=\"robots\" content=\"index, follow, max-snippet:-1, max-image-preview:large, max-video-preview:-1\" \/>\n<link rel=\"canonical\" href=\"https:\/\/anderskafka.cz\/eshop\/kosik\/\" \/>\n<meta property=\"og:locale\" content=\"cs_CZ\" \/>\n<meta property=\"og:type\" content=\"article\" \/>\n<meta property=\"og:title\" content=\"Ko\u0161\u00edk - Anders &amp; Kafka E-SHOP\" \/>\n<meta property=\"og:description\" content=\"Anders&amp;Kafka - Dovolujeme si V\u00e1m nab\u00edzet \u0161irok\u00fd sortiment kvalitn\u00edch v\u00fdrobk\u016f renomovan\u00fdch \u010desk\u00fdch a evropsk\u00fdch v\u00fdrobc\u016f specializuj\u00edc\u00edch se na saunov\u00e9 dopl\u0148ky a vybaven\u00ed saun.\" \/>\n<meta property=\"og:url\" content=\"https:\/\/anderskafka.cz\/eshop\/kosik\/\" \/>\n<meta property=\"og:site_name\" content=\"Anders &amp; Kafka E-SHOP\" \/>\n<meta property=\"article:modified_time\" content=\"2022-11-22T18:37:39+00:00\" \/>\n<meta name=\"twitter:card\" content=\"summary_large_image\" \/>\n<meta name=\"twitter:label1\" content=\"Odhadovan\u00e1 doba \u010dten\u00ed\" \/>\n\t<meta name=\"twitter:data1\" content=\"1 minuta\" \/>\n<script type=\"application\/ld+json\" class=\"yoast-schema-graph\">{\"@context\":\"https:\/\/schema.org\",\"@graph\":[{\"@type\":\"WebSite\",\"@id\":\"https:\/\/anderskafka.cz\/eshop\/#website\",\"url\":\"https:\/\/anderskafka.cz\/eshop\/\",\"name\":\"Anders &amp; Kafka E-SHOP\",\"description\":\"Anders &amp; Kafka E-SHOP\",\"potentialAction\":[{\"@type\":\"SearchAction\",\"target\":{\"@type\":\"EntryPoint\",\"urlTemplate\":\"https:\/\/anderskafka.cz\/eshop\/?s={search_term_string}\"},\"query-input\":\"required name=search_term_string\"}],\"inLanguage\":\"cs\"},{\"@type\":\"WebPage\",\"@id\":\"https:\/\/anderskafka.cz\/eshop\/kosik\/#webpage\",\"url\":\"https:\/\/anderskafka.cz\/eshop\/kosik\/\",\"name\":\"Ko\u0161\u00edk - Anders &amp; Kafka E-SHOP\",\"isPartOf\":{\"@id\":\"https:\/\/anderskafka.cz\/eshop\/#website\"},\"datePublished\":\"2022-04-12T11:04:09+00:00\",\"dateModified\":\"2022-11-22T18:37:39+00:00\",\"description\":\"Anders&Kafka - Dovolujeme si V\u00e1m nab\u00edzet \u0161irok\u00fd sortiment kvalitn\u00edch v\u00fdrobk\u016f renomovan\u00fdch \u010desk\u00fdch a evropsk\u00fdch v\u00fdrobc\u016f specializuj\u00edc\u00edch se na saunov\u00e9 dopl\u0148ky a vybaven\u00ed saun.\",\"breadcrumb\":{\"@id\":\"https:\/\/anderskafka.cz\/eshop\/kosik\/#breadcrumb\"},\"inLanguage\":\"cs\",\"potentialAction\":[{\"@type\":\"ReadAction\",\"target\":[\"https:\/\/anderskafka.cz\/eshop\/kosik\/\"]}]},{\"@type\":\"BreadcrumbList\",\"@id\":\"https:\/\/anderskafka.cz\/eshop\/kosik\/#breadcrumb\",\"itemListElement\":[{\"@type\":\"ListItem\",\"position\":1,\"name\":\"Ko\u0161\u00edk\"}]}]}<\/script>\n<!-- \/ Yoast SEO plugin. -->","yoast_head_json":{"title":"Ko\u0161\u00edk - Anders &amp; Kafka E-SHOP","description":"Anders&Kafka - Dovolujeme si V\u00e1m nab\u00edzet \u0161irok\u00fd sortiment kvalitn\u00edch v\u00fdrobk\u016f renomovan\u00fdch \u010desk\u00fdch a evropsk\u00fdch v\u00fdrobc\u016f specializuj\u00edc\u00edch se na saunov\u00e9 dopl\u0148ky a vybaven\u00ed saun.","robots":{"index":"index","follow":"follow","max-snippet":"max-snippet:-1","max-image-preview":"max-image-preview:large","max-video-preview":"max-video-preview:-1"},"canonical":"https:\/\/anderskafka.cz\/eshop\/kosik\/","og_locale":"cs_CZ","og_type":"article","og_title":"Ko\u0161\u00edk - Anders &amp; Kafka E-SHOP","og_description":"Anders&Kafka - Dovolujeme si V\u00e1m nab\u00edzet \u0161irok\u00fd sortiment kvalitn\u00edch v\u00fdrobk\u016f renomovan\u00fdch \u010desk\u00fdch a evropsk\u00fdch v\u00fdrobc\u016f specializuj\u00edc\u00edch se na saunov\u00e9 dopl\u0148ky a vybaven\u00ed saun.","og_url":"https:\/\/anderskafka.cz\/eshop\/kosik\/","og_site_name":"Anders &amp; Kafka E-SHOP","article_modified_time":"2022-11-22T18:37:39+00:00","twitter_card":"summary_large_image","twitter_misc":{"Odhadovan\u00e1 doba \u010dten\u00ed":"1 minuta"},"schema":{"@context":"https:\/\/schema.org","@graph":[{"@type":"WebSite","@id":"https:\/\/anderskafka.cz\/eshop\/#website","url":"https:\/\/anderskafka.cz\/eshop\/","name":"Anders &amp; Kafka E-SHOP","description":"Anders &amp; Kafka E-SHOP","potentialAction":[{"@type":"SearchAction","target":{"@type":"EntryPoint","urlTemplate":"https:\/\/anderskafka.cz\/eshop\/?s={search_term_string}"},"query-input":"required name=search_term_string"}],"inLanguage":"cs"},{"@type":"WebPage","@id":"https:\/\/anderskafka.cz\/eshop\/kosik\/#webpage","url":"https:\/\/anderskafka.cz\/eshop\/kosik\/","name":"Ko\u0161\u00edk - Anders &amp; Kafka E-SHOP","isPartOf":{"@id":"https:\/\/anderskafka.cz\/eshop\/#website"},"datePublished":"2022-04-12T11:04:09+00:00","dateModified":"2022-11-22T18:37:39+00:00","description":"Anders&Kafka - Dovolujeme si V\u00e1m nab\u00edzet \u0161irok\u00fd sortiment kvalitn\u00edch v\u00fdrobk\u016f renomovan\u00fdch \u010desk\u00fdch a evropsk\u00fdch v\u00fdrobc\u016f specializuj\u00edc\u00edch se na saunov\u00e9 dopl\u0148ky a vybaven\u00ed saun.","breadcrumb":{"@id":"https:\/\/anderskafka.cz\/eshop\/kosik\/#breadcrumb"},"inLanguage":"cs","potentialAction":[{"@type":"ReadAction","target":["https:\/\/anderskafka.cz\/eshop\/kosik\/"]}]},{"@type":"BreadcrumbList","@id":"https:\/\/anderskafka.cz\/eshop\/kosik\/#breadcrumb","itemListElement":[{"@type":"ListItem","position":1,"name":"Ko\u0161\u00edk"}]}]}},"_links":{"self":[{"href":"https:\/\/anderskafka.cz\/eshop\/wp-json\/wp\/v2\/pages\/7"}],"collection":[{"href":"https:\/\/anderskafka.cz\/eshop\/wp-json\/wp\/v2\/pages"}],"about":[{"href":"https:\/\/anderskafka.cz\/eshop\/wp-json\/wp\/v2\/types\/page"}],"author":[{"embeddable":true,"href":"https:\/\/anderskafka.cz\/eshop\/wp-json\/wp\/v2\/users\/1"}],"replies":[{"embeddable":true,"href":"https:\/\/anderskafka.cz\/eshop\/wp-json\/wp\/v2\/comments?post=7"}],"version-history":[{"count":2,"href":"https:\/\/anderskafka.cz\/eshop\/wp-json\/wp\/v2\/pages\/7\/revisions"}],"predecessor-version":[{"id":412,"href":"https:\/\/anderskafka.cz\/eshop\/wp-json\/wp\/v2\/pages\/7\/revisions\/412"}],"wp:attachment":[{"href":"https:\/\/anderskafka.cz\/eshop\/wp-json\/wp\/v2\/media?parent=7"}],"curies":[{"name":"wp","href":"https:\/\/api.w.org\/{rel}","templated":true}]}}