{"id":10414,"date":"2025-05-23T09:57:20","date_gmt":"2025-05-23T07:57:20","guid":{"rendered":"https:\/\/anderskafka.cz\/eshop\/?post_type=product&#038;p=10414"},"modified":"2025-11-29T13:41:53","modified_gmt":"2025-11-29T12:41:53","slug":"camena-spa-saunova-esence-sicilsky-pomeranc","status":"publish","type":"product","link":"https:\/\/anderskafka.cz\/eshop\/produkt\/camena-spa-saunova-esence-sicilsky-pomeranc\/","title":{"rendered":"CAMENA SPA saunov\u00e1 esence sicilsk\u00fd pomeran\u010d"},"content":{"rendered":"<p>V\u016fn\u011b sicilsk\u00e9ho pomeran\u010de zm\u00edr\u0148uje stres a \u00fazkost, zlep\u0161uje koncentraci a uklid\u0148uje my\u0161lenky. Posi\u00adluje poko\u017eku a tonizuje ji. P\u0159idejte v\u016fni do saunov\u00e9ho v\u011bdra a nalijte vodu na rozp\u00e1len\u00e1 saunov\u00e1 kamna pro aromatickou p\u00e1ru.<\/p>\n<p>S \u0159adou produkt\u016f Camena Spa lze uvol\u0148uj\u00edc\u00ed \u00fa\u010dinek p\u0159i saunov\u00e1n\u00ed zv\u00fd\u0161it a zdokonalit prost\u0159ednictv\u00edm dal\u0161\u00edho smyslu &#8211; \u010dichu. Camena Spa p\u0159in\u00e1\u0161\u00ed vonn\u00e9 z\u00e1\u017eitky s osv\u011b\u017euj\u00edc\u00edm, stimula\u010dn\u00edm, relaxa\u010dn\u011b uvol\u0148uj\u00edc\u00edm nebo uklid\u0148uj\u00edc\u00edm \u00fa\u010dinkem.<\/p>\n<p>Saunov\u00e1 esence je k dispozici ve dvou variant\u00e1ch. Men\u0161\u00ed balen\u00ed 250 ml, velk\u00e9 balen\u00ed 1 L je vhodn\u00e9 do wellness provoz\u016f a hotel\u016f.<\/p>\n<p>Lahvi\u010dku s v\u016fn\u00ed nikdy nenech\u00e1vejte v hork\u00e9 saun\u011b.<\/p>\n<p>Doporu\u010den\u00e9 d\u00e1vkov\u00e1n\u00ed: 1-2 ml na litr vody<\/p>\n","protected":false},"excerpt":{"rendered":"<p>V\u016fn\u011b sicilsk\u00e9ho pomeran\u010de zm\u00edr\u0148uje stres a \u00fazkost, zlep\u0161uje koncentraci a uklid\u0148uje my\u0161lenky. Posi\u00adluje poko\u017eku a tonizuje ji. P\u0159idejte v\u016fni do saunov\u00e9ho v\u011bdra a nalijte vodu na rozp\u00e1len\u00e1 saunov\u00e1 kamna pro aromatickou p\u00e1ru.<br \/>\nSaunov\u00e1 esence je k dispozici ve dvou variant\u00e1ch &#8211; 250 ml a 1 L.<br \/>\nCamena Spa p\u0159in\u00e1\u0161\u00ed vonn\u00e9 z\u00e1\u017eitky s osv\u011b\u017euj\u00edc\u00edm, stimula\u010dn\u00edm, relaxa\u010dn\u011b uvol\u0148uj\u00edc\u00edm nebo uklid\u0148uj\u00edc\u00edm \u00fa\u010dinkem.<br \/>\n<img loading=\"lazy\" class=\"aligncenter wp-image-10383 size-full\" src=\"https:\/\/anderskafka.cz\/eshop\/wp-content\/uploads\/sites\/3\/2025\/05\/Camena-logo.jpg\" alt=\"\" width=\"174\" height=\"112\" srcset=\"https:\/\/anderskafka.cz\/eshop\/wp-content\/uploads\/sites\/3\/2025\/05\/Camena-logo.jpg 174w, https:\/\/anderskafka.cz\/eshop\/wp-content\/uploads\/sites\/3\/2025\/05\/Camena-logo-64x41.jpg 64w\" sizes=\"(max-width: 174px) 100vw, 174px\" \/><\/p>\n","protected":false},"featured_media":10417,"comment_status":"open","ping_status":"closed","template":"","meta":{"site-sidebar-layout":"default","site-content-layout":"default","ast-main-header-display":"","ast-hfb-above-header-display":"","ast-hfb-below-header-display":"","ast-hfb-mobile-header-display":"","site-post-title":"","ast-breadcrumbs-content":"","ast-featured-img":"","footer-sml-layout":"","theme-transparent-header-meta":"","adv-header-id-meta":"","stick-header-meta":"","header-above-stick-meta":"","header-main-stick-meta":"","header-below-stick-meta":""},"location":[],"product_cat":[111],"product_tag":[1562],"yoast_head":"<!-- This site is optimized with the Yoast SEO plugin v18.5.1 - https:\/\/yoast.com\/wordpress\/plugins\/seo\/ -->\n<title>CAMENA SPA saunov\u00e1 esence sicilsk\u00fd pomeran\u010d - Anders &amp; Kafka E-SHOP<\/title>\n<meta name=\"description\" content=\"V\u016fn\u011b sicilsk\u00e9ho pomeran\u010de zm\u00edr\u0148uje stres a \u00fazkost, zlep\u0161uje koncentraci a uklid\u0148uje my\u0161lenky. Posi\u00adluje poko\u017eku a tonizuje ji. P\u0159idejte v\u016fni do saunov\u00e9ho v\u011bdra a nalijte vodu na rozp\u00e1len\u00e1 saunov\u00e1 kamna pro aromatickou p\u00e1ru. Saunov\u00e1 esence je k dispozici ve dvou variant\u00e1ch - 250 ml a 1 L. Camena Spa p\u0159in\u00e1\u0161\u00ed vonn\u00e9 z\u00e1\u017eitky s osv\u011b\u017euj\u00edc\u00edm, stimula\u010dn\u00edm, relaxa\u010dn\u011b uvol\u0148uj\u00edc\u00edm nebo uklid\u0148uj\u00edc\u00edm \u00fa\u010dinkem.\" \/>\n<meta name=\"robots\" content=\"index, follow, max-snippet:-1, max-image-preview:large, max-video-preview:-1\" \/>\n<link rel=\"canonical\" href=\"https:\/\/anderskafka.cz\/eshop\/produkt\/camena-spa-saunova-esence-sicilsky-pomeranc\/\" \/>\n<meta property=\"og:locale\" content=\"cs_CZ\" \/>\n<meta property=\"og:type\" content=\"article\" \/>\n<meta property=\"og:title\" content=\"CAMENA SPA saunov\u00e1 esence sicilsk\u00fd pomeran\u010d - Anders &amp; Kafka E-SHOP\" \/>\n<meta property=\"og:description\" content=\"V\u016fn\u011b sicilsk\u00e9ho pomeran\u010de zm\u00edr\u0148uje stres a \u00fazkost, zlep\u0161uje koncentraci a uklid\u0148uje my\u0161lenky. Posi\u00adluje poko\u017eku a tonizuje ji. P\u0159idejte v\u016fni do saunov\u00e9ho v\u011bdra a nalijte vodu na rozp\u00e1len\u00e1 saunov\u00e1 kamna pro aromatickou p\u00e1ru. Saunov\u00e1 esence je k dispozici ve dvou variant\u00e1ch - 250 ml a 1 L. Camena Spa p\u0159in\u00e1\u0161\u00ed vonn\u00e9 z\u00e1\u017eitky s osv\u011b\u017euj\u00edc\u00edm, stimula\u010dn\u00edm, relaxa\u010dn\u011b uvol\u0148uj\u00edc\u00edm nebo uklid\u0148uj\u00edc\u00edm \u00fa\u010dinkem.\" \/>\n<meta property=\"og:url\" content=\"https:\/\/anderskafka.cz\/eshop\/produkt\/camena-spa-saunova-esence-sicilsky-pomeranc\/\" \/>\n<meta property=\"og:site_name\" content=\"Anders &amp; Kafka E-SHOP\" \/>\n<meta property=\"article:modified_time\" content=\"2025-11-29T12:41:53+00:00\" \/>\n<meta name=\"twitter:card\" content=\"summary_large_image\" \/>\n<meta name=\"twitter:image\" content=\"https:\/\/anderskafka.cz\/eshop\/wp-content\/uploads\/sites\/3\/2025\/05\/Camena_esenceSicilskypomeranc_AndersKafka.webp\" \/>\n<meta name=\"twitter:label1\" content=\"Odhadovan\u00e1 doba \u010dten\u00ed\" \/>\n\t<meta name=\"twitter:data1\" content=\"1 minuta\" \/>\n<script type=\"application\/ld+json\" class=\"yoast-schema-graph\">{\"@context\":\"https:\/\/schema.org\",\"@graph\":[{\"@type\":\"WebSite\",\"@id\":\"https:\/\/anderskafka.cz\/eshop\/#website\",\"url\":\"https:\/\/anderskafka.cz\/eshop\/\",\"name\":\"Anders &amp; Kafka E-SHOP\",\"description\":\"Anders &amp; Kafka E-SHOP\",\"potentialAction\":[{\"@type\":\"SearchAction\",\"target\":{\"@type\":\"EntryPoint\",\"urlTemplate\":\"https:\/\/anderskafka.cz\/eshop\/?s={search_term_string}\"},\"query-input\":\"required name=search_term_string\"}],\"inLanguage\":\"cs\"},{\"@type\":\"ImageObject\",\"@id\":\"https:\/\/anderskafka.cz\/eshop\/produkt\/camena-spa-saunova-esence-sicilsky-pomeranc\/#primaryimage\",\"inLanguage\":\"cs\",\"url\":\"https:\/\/anderskafka.cz\/eshop\/wp-content\/uploads\/sites\/3\/2025\/05\/Camena_esenceSicilskypomeranc_AndersKafka.webp\",\"contentUrl\":\"https:\/\/anderskafka.cz\/eshop\/wp-content\/uploads\/sites\/3\/2025\/05\/Camena_esenceSicilskypomeranc_AndersKafka.webp\",\"width\":1500,\"height\":1500},{\"@type\":\"WebPage\",\"@id\":\"https:\/\/anderskafka.cz\/eshop\/produkt\/camena-spa-saunova-esence-sicilsky-pomeranc\/#webpage\",\"url\":\"https:\/\/anderskafka.cz\/eshop\/produkt\/camena-spa-saunova-esence-sicilsky-pomeranc\/\",\"name\":\"CAMENA SPA saunov\u00e1 esence sicilsk\u00fd pomeran\u010d - Anders &amp; Kafka E-SHOP\",\"isPartOf\":{\"@id\":\"https:\/\/anderskafka.cz\/eshop\/#website\"},\"primaryImageOfPage\":{\"@id\":\"https:\/\/anderskafka.cz\/eshop\/produkt\/camena-spa-saunova-esence-sicilsky-pomeranc\/#primaryimage\"},\"datePublished\":\"2025-05-23T07:57:20+00:00\",\"dateModified\":\"2025-11-29T12:41:53+00:00\",\"description\":\"V\u016fn\u011b sicilsk\u00e9ho pomeran\u010de zm\u00edr\u0148uje stres a \u00fazkost, zlep\u0161uje koncentraci a uklid\u0148uje my\u0161lenky. Posi\u00adluje poko\u017eku a tonizuje ji. P\u0159idejte v\u016fni do saunov\u00e9ho v\u011bdra a nalijte vodu na rozp\u00e1len\u00e1 saunov\u00e1 kamna pro aromatickou p\u00e1ru. Saunov\u00e1 esence je k dispozici ve dvou variant\u00e1ch - 250 ml a 1 L. Camena Spa p\u0159in\u00e1\u0161\u00ed vonn\u00e9 z\u00e1\u017eitky s osv\u011b\u017euj\u00edc\u00edm, stimula\u010dn\u00edm, relaxa\u010dn\u011b uvol\u0148uj\u00edc\u00edm nebo uklid\u0148uj\u00edc\u00edm \u00fa\u010dinkem.\",\"breadcrumb\":{\"@id\":\"https:\/\/anderskafka.cz\/eshop\/produkt\/camena-spa-saunova-esence-sicilsky-pomeranc\/#breadcrumb\"},\"inLanguage\":\"cs\",\"potentialAction\":[{\"@type\":\"ReadAction\",\"target\":[\"https:\/\/anderskafka.cz\/eshop\/produkt\/camena-spa-saunova-esence-sicilsky-pomeranc\/\"]}]},{\"@type\":\"BreadcrumbList\",\"@id\":\"https:\/\/anderskafka.cz\/eshop\/produkt\/camena-spa-saunova-esence-sicilsky-pomeranc\/#breadcrumb\",\"itemListElement\":[{\"@type\":\"ListItem\",\"position\":1,\"name\":\"Obchod\",\"item\":\"https:\/\/anderskafka.cz\/eshop\/obchod\/\"},{\"@type\":\"ListItem\",\"position\":2,\"name\":\"CAMENA SPA saunov\u00e1 esence sicilsk\u00fd pomeran\u010d\"}]}]}<\/script>\n<!-- \/ Yoast SEO plugin. -->","yoast_head_json":{"title":"CAMENA SPA saunov\u00e1 esence sicilsk\u00fd pomeran\u010d - Anders &amp; Kafka E-SHOP","description":"V\u016fn\u011b sicilsk\u00e9ho pomeran\u010de zm\u00edr\u0148uje stres a \u00fazkost, zlep\u0161uje koncentraci a uklid\u0148uje my\u0161lenky. Posi\u00adluje poko\u017eku a tonizuje ji. P\u0159idejte v\u016fni do saunov\u00e9ho v\u011bdra a nalijte vodu na rozp\u00e1len\u00e1 saunov\u00e1 kamna pro aromatickou p\u00e1ru. Saunov\u00e1 esence je k dispozici ve dvou variant\u00e1ch - 250 ml a 1 L. Camena Spa p\u0159in\u00e1\u0161\u00ed vonn\u00e9 z\u00e1\u017eitky s osv\u011b\u017euj\u00edc\u00edm, stimula\u010dn\u00edm, relaxa\u010dn\u011b uvol\u0148uj\u00edc\u00edm nebo uklid\u0148uj\u00edc\u00edm \u00fa\u010dinkem.","robots":{"index":"index","follow":"follow","max-snippet":"max-snippet:-1","max-image-preview":"max-image-preview:large","max-video-preview":"max-video-preview:-1"},"canonical":"https:\/\/anderskafka.cz\/eshop\/produkt\/camena-spa-saunova-esence-sicilsky-pomeranc\/","og_locale":"cs_CZ","og_type":"article","og_title":"CAMENA SPA saunov\u00e1 esence sicilsk\u00fd pomeran\u010d - Anders &amp; Kafka E-SHOP","og_description":"V\u016fn\u011b sicilsk\u00e9ho pomeran\u010de zm\u00edr\u0148uje stres a \u00fazkost, zlep\u0161uje koncentraci a uklid\u0148uje my\u0161lenky. Posi\u00adluje poko\u017eku a tonizuje ji. P\u0159idejte v\u016fni do saunov\u00e9ho v\u011bdra a nalijte vodu na rozp\u00e1len\u00e1 saunov\u00e1 kamna pro aromatickou p\u00e1ru. Saunov\u00e1 esence je k dispozici ve dvou variant\u00e1ch - 250 ml a 1 L. Camena Spa p\u0159in\u00e1\u0161\u00ed vonn\u00e9 z\u00e1\u017eitky s osv\u011b\u017euj\u00edc\u00edm, stimula\u010dn\u00edm, relaxa\u010dn\u011b uvol\u0148uj\u00edc\u00edm nebo uklid\u0148uj\u00edc\u00edm \u00fa\u010dinkem.","og_url":"https:\/\/anderskafka.cz\/eshop\/produkt\/camena-spa-saunova-esence-sicilsky-pomeranc\/","og_site_name":"Anders &amp; Kafka E-SHOP","article_modified_time":"2025-11-29T12:41:53+00:00","twitter_card":"summary_large_image","twitter_image":"https:\/\/anderskafka.cz\/eshop\/wp-content\/uploads\/sites\/3\/2025\/05\/Camena_esenceSicilskypomeranc_AndersKafka.webp","twitter_misc":{"Odhadovan\u00e1 doba \u010dten\u00ed":"1 minuta"},"schema":{"@context":"https:\/\/schema.org","@graph":[{"@type":"WebSite","@id":"https:\/\/anderskafka.cz\/eshop\/#website","url":"https:\/\/anderskafka.cz\/eshop\/","name":"Anders &amp; Kafka E-SHOP","description":"Anders &amp; Kafka E-SHOP","potentialAction":[{"@type":"SearchAction","target":{"@type":"EntryPoint","urlTemplate":"https:\/\/anderskafka.cz\/eshop\/?s={search_term_string}"},"query-input":"required name=search_term_string"}],"inLanguage":"cs"},{"@type":"ImageObject","@id":"https:\/\/anderskafka.cz\/eshop\/produkt\/camena-spa-saunova-esence-sicilsky-pomeranc\/#primaryimage","inLanguage":"cs","url":"https:\/\/anderskafka.cz\/eshop\/wp-content\/uploads\/sites\/3\/2025\/05\/Camena_esenceSicilskypomeranc_AndersKafka.webp","contentUrl":"https:\/\/anderskafka.cz\/eshop\/wp-content\/uploads\/sites\/3\/2025\/05\/Camena_esenceSicilskypomeranc_AndersKafka.webp","width":1500,"height":1500},{"@type":"WebPage","@id":"https:\/\/anderskafka.cz\/eshop\/produkt\/camena-spa-saunova-esence-sicilsky-pomeranc\/#webpage","url":"https:\/\/anderskafka.cz\/eshop\/produkt\/camena-spa-saunova-esence-sicilsky-pomeranc\/","name":"CAMENA SPA saunov\u00e1 esence sicilsk\u00fd pomeran\u010d - Anders &amp; Kafka E-SHOP","isPartOf":{"@id":"https:\/\/anderskafka.cz\/eshop\/#website"},"primaryImageOfPage":{"@id":"https:\/\/anderskafka.cz\/eshop\/produkt\/camena-spa-saunova-esence-sicilsky-pomeranc\/#primaryimage"},"datePublished":"2025-05-23T07:57:20+00:00","dateModified":"2025-11-29T12:41:53+00:00","description":"V\u016fn\u011b sicilsk\u00e9ho pomeran\u010de zm\u00edr\u0148uje stres a \u00fazkost, zlep\u0161uje koncentraci a uklid\u0148uje my\u0161lenky. Posi\u00adluje poko\u017eku a tonizuje ji. P\u0159idejte v\u016fni do saunov\u00e9ho v\u011bdra a nalijte vodu na rozp\u00e1len\u00e1 saunov\u00e1 kamna pro aromatickou p\u00e1ru. Saunov\u00e1 esence je k dispozici ve dvou variant\u00e1ch - 250 ml a 1 L. Camena Spa p\u0159in\u00e1\u0161\u00ed vonn\u00e9 z\u00e1\u017eitky s osv\u011b\u017euj\u00edc\u00edm, stimula\u010dn\u00edm, relaxa\u010dn\u011b uvol\u0148uj\u00edc\u00edm nebo uklid\u0148uj\u00edc\u00edm \u00fa\u010dinkem.","breadcrumb":{"@id":"https:\/\/anderskafka.cz\/eshop\/produkt\/camena-spa-saunova-esence-sicilsky-pomeranc\/#breadcrumb"},"inLanguage":"cs","potentialAction":[{"@type":"ReadAction","target":["https:\/\/anderskafka.cz\/eshop\/produkt\/camena-spa-saunova-esence-sicilsky-pomeranc\/"]}]},{"@type":"BreadcrumbList","@id":"https:\/\/anderskafka.cz\/eshop\/produkt\/camena-spa-saunova-esence-sicilsky-pomeranc\/#breadcrumb","itemListElement":[{"@type":"ListItem","position":1,"name":"Obchod","item":"https:\/\/anderskafka.cz\/eshop\/obchod\/"},{"@type":"ListItem","position":2,"name":"CAMENA SPA saunov\u00e1 esence sicilsk\u00fd pomeran\u010d"}]}]}},"locations":[],"_links":{"self":[{"href":"https:\/\/anderskafka.cz\/eshop\/wp-json\/wp\/v2\/product\/10414"}],"collection":[{"href":"https:\/\/anderskafka.cz\/eshop\/wp-json\/wp\/v2\/product"}],"about":[{"href":"https:\/\/anderskafka.cz\/eshop\/wp-json\/wp\/v2\/types\/product"}],"replies":[{"embeddable":true,"href":"https:\/\/anderskafka.cz\/eshop\/wp-json\/wp\/v2\/comments?post=10414"}],"wp:featuredmedia":[{"embeddable":true,"href":"https:\/\/anderskafka.cz\/eshop\/wp-json\/wp\/v2\/media\/10417"}],"wp:attachment":[{"href":"https:\/\/anderskafka.cz\/eshop\/wp-json\/wp\/v2\/media?parent=10414"}],"wp:term":[{"taxonomy":"location","embeddable":true,"href":"https:\/\/anderskafka.cz\/eshop\/wp-json\/wp\/v2\/location?post=10414"},{"taxonomy":"product_cat","embeddable":true,"href":"https:\/\/anderskafka.cz\/eshop\/wp-json\/wp\/v2\/product_cat?post=10414"},{"taxonomy":"product_tag","embeddable":true,"href":"https:\/\/anderskafka.cz\/eshop\/wp-json\/wp\/v2\/product_tag?post=10414"}],"curies":[{"name":"wp","href":"https:\/\/api.w.org\/{rel}","templated":true}]}}