{"id":10542,"date":"2025-05-30T11:44:14","date_gmt":"2025-05-30T09:44:14","guid":{"rendered":"https:\/\/anderskafka.cz\/eshop\/?post_type=product&#038;p=10542"},"modified":"2026-03-24T12:11:00","modified_gmt":"2026-03-24T11:11:00","slug":"luin-living-osuska-z-organicke-bavlny-pastelove-ruzova-100x180-cm","status":"publish","type":"product","link":"https:\/\/anderskafka.cz\/eshop\/produkt\/luin-living-osuska-z-organicke-bavlny-pastelove-ruzova-100x180-cm\/","title":{"rendered":"LUIN LIVING ru\u010dn\u00edk \/ osu\u0161ka z organick\u00e9 bavlny pastelov\u011b r\u016f\u017eov\u00fd"},"content":{"rendered":"<p>Tento \u00fa\u017easn\u00fd m\u011bkk\u00fd ru\u010dn\u00edk\/osu\u0161ka je vyroben ze 100% organick\u00e9 bavlny, promy\u0161len do ka\u017ed\u00e9ho detailu. Ru\u010dn\u00edk\/osu\u0161ka ve stylu hamam je lehk\u00fd, sav\u00fd a m\u00e1 univerz\u00e1ln\u00ed pou\u017eit\u00ed. Jedna strana je hladk\u00e1 a druh\u00e1 je m\u011bkk\u00e9 frot\u00e9. Osu\u0161ku m\u016f\u017eete d\u00edky sv\u00fdm luxusn\u00edm vlastnostem a velikosti pou\u017e\u00edvat nejenom doma, ale i jako pohodlnou deku na terase \u010di pl\u00e1\u017ei.<\/p>\n<p>Ru\u010dn\u00edk\/osu\u0161ka jsou vyrobeny ze 100% organick\u00e9 bavlny s certifik\u00e1ty FSC a \u00d6ko-Tex.<\/p>\n<p>P\u0159i p\u00e9\u010di o ru\u010dn\u00edk\/osu\u0161ku se \u0159i\u010fte o\u0161et\u0159ovac\u00edmi symboly uveden\u00fdmi na v\u00fdrobku. Perte na 40 stup\u0148\u016f. Nepou\u017e\u00edvat aviv\u00e1\u017e. Neb\u011blit. Su\u0161it v su\u0161i\u010dce.<\/p>\n","protected":false},"excerpt":{"rendered":"<p>Tento \u00fa\u017easn\u011b m\u011bkk\u00fd ru\u010dn\u00edk\/osu\u0161ka je vyroben ze 100% organick\u00e9 bavlny, promy\u0161len do ka\u017ed\u00e9ho detailu. Ru\u010dn\u00edk\/osu\u0161ka ve stylu hamam je lehk\u00fd, sav\u00fd a m\u00e1 univerz\u00e1ln\u00ed v pou\u017eit\u00ed.<\/p>\n<p style=\"text-align: left;\">Finsk\u00e1 spole\u010dnost Luin Living si zakl\u00e1d\u00e1 na vysok\u00e9 kvalit\u011b a udr\u017eitelnosti sv\u00fdch v\u00fdrobk\u016f, kter\u00e9 V\u00e1m zp\u0159\u00edjemn\u00ed \u010das str\u00e1ven\u00fd v saun\u011b. Stejn\u011b tak je ocen\u00edte i p\u0159i ka\u017edodenn\u00edm no\u0161en\u00ed.<br \/>\n<img loading=\"lazy\" class=\" wp-image-135 aligncenter\" src=\"https:\/\/anderskafka.cz\/eshop\/wp-content\/uploads\/sites\/3\/2022\/06\/DesignFromFinland_web-1-300x300.png\" alt=\"\" width=\"171\" height=\"171\" \/><\/p>\n","protected":false},"featured_media":10593,"comment_status":"open","ping_status":"closed","template":"","meta":{"site-sidebar-layout":"default","site-content-layout":"default","ast-main-header-display":"","ast-hfb-above-header-display":"","ast-hfb-below-header-display":"","ast-hfb-mobile-header-display":"","site-post-title":"","ast-breadcrumbs-content":"","ast-featured-img":"","footer-sml-layout":"","theme-transparent-header-meta":"","adv-header-id-meta":"","stick-header-meta":"","header-above-stick-meta":"","header-main-stick-meta":"","header-below-stick-meta":""},"location":[],"product_cat":[1551,30],"product_tag":[787],"yoast_head":"<!-- This site is optimized with the Yoast SEO plugin v18.5.1 - https:\/\/yoast.com\/wordpress\/plugins\/seo\/ -->\n<title>LUIN LIVING ru\u010dn\u00edk \/ osu\u0161ka z organick\u00e9 bavlny pastelov\u011b r\u016f\u017eov\u00fd - Anders &amp; Kafka E-SHOP<\/title>\n<meta name=\"description\" content=\"Tento \u00fa\u017easn\u011b m\u011bkk\u00fd ru\u010dn\u00edk\/osu\u0161ka je vyroben ze 100% organick\u00e9 bavlny, promy\u0161len do ka\u017ed\u00e9ho detailu. Ru\u010dn\u00edk\/osu\u0161ka ve stylu hamam je lehk\u00fd, sav\u00fd a m\u00e1 univerz\u00e1ln\u00ed v pou\u017eit\u00ed. Finsk\u00e1 spole\u010dnost Luin Living si zakl\u00e1d\u00e1 na vysok\u00e9 kvalit\u011b a udr\u017eitelnosti sv\u00fdch v\u00fdrobk\u016f, kter\u00e9 V\u00e1m zp\u0159\u00edjemn\u00ed \u010das str\u00e1ven\u00fd v saun\u011b. Stejn\u011b tak je ocen\u00edte i p\u0159i ka\u017edodenn\u00edm no\u0161en\u00ed.\" \/>\n<meta name=\"robots\" content=\"index, follow, max-snippet:-1, max-image-preview:large, max-video-preview:-1\" \/>\n<link rel=\"canonical\" href=\"https:\/\/anderskafka.cz\/eshop\/produkt\/luin-living-osuska-z-organicke-bavlny-pastelove-ruzova-100x180-cm\/\" \/>\n<meta property=\"og:locale\" content=\"cs_CZ\" \/>\n<meta property=\"og:type\" content=\"article\" \/>\n<meta property=\"og:title\" content=\"LUIN LIVING ru\u010dn\u00edk \/ osu\u0161ka z organick\u00e9 bavlny pastelov\u011b r\u016f\u017eov\u00fd - Anders &amp; Kafka E-SHOP\" \/>\n<meta property=\"og:description\" content=\"Tento \u00fa\u017easn\u011b m\u011bkk\u00fd ru\u010dn\u00edk\/osu\u0161ka je vyroben ze 100% organick\u00e9 bavlny, promy\u0161len do ka\u017ed\u00e9ho detailu. Ru\u010dn\u00edk\/osu\u0161ka ve stylu hamam je lehk\u00fd, sav\u00fd a m\u00e1 univerz\u00e1ln\u00ed v pou\u017eit\u00ed. Finsk\u00e1 spole\u010dnost Luin Living si zakl\u00e1d\u00e1 na vysok\u00e9 kvalit\u011b a udr\u017eitelnosti sv\u00fdch v\u00fdrobk\u016f, kter\u00e9 V\u00e1m zp\u0159\u00edjemn\u00ed \u010das str\u00e1ven\u00fd v saun\u011b. Stejn\u011b tak je ocen\u00edte i p\u0159i ka\u017edodenn\u00edm no\u0161en\u00ed.\" \/>\n<meta property=\"og:url\" content=\"https:\/\/anderskafka.cz\/eshop\/produkt\/luin-living-osuska-z-organicke-bavlny-pastelove-ruzova-100x180-cm\/\" \/>\n<meta property=\"og:site_name\" content=\"Anders &amp; Kafka E-SHOP\" \/>\n<meta property=\"article:modified_time\" content=\"2026-03-24T11:11:00+00:00\" \/>\n<meta name=\"twitter:card\" content=\"summary_large_image\" \/>\n<meta name=\"twitter:image\" content=\"https:\/\/anderskafka.cz\/eshop\/wp-content\/uploads\/sites\/3\/2025\/05\/LUINLIVING_osuska-z-organicke-bavly-ruzova-3_AndersKafka.webp\" \/>\n<meta name=\"twitter:label1\" content=\"Odhadovan\u00e1 doba \u010dten\u00ed\" \/>\n\t<meta name=\"twitter:data1\" content=\"1 minuta\" \/>\n<script type=\"application\/ld+json\" class=\"yoast-schema-graph\">{\"@context\":\"https:\/\/schema.org\",\"@graph\":[{\"@type\":\"WebSite\",\"@id\":\"https:\/\/anderskafka.cz\/eshop\/#website\",\"url\":\"https:\/\/anderskafka.cz\/eshop\/\",\"name\":\"Anders &amp; Kafka E-SHOP\",\"description\":\"Anders &amp; Kafka E-SHOP\",\"potentialAction\":[{\"@type\":\"SearchAction\",\"target\":{\"@type\":\"EntryPoint\",\"urlTemplate\":\"https:\/\/anderskafka.cz\/eshop\/?s={search_term_string}\"},\"query-input\":\"required name=search_term_string\"}],\"inLanguage\":\"cs\"},{\"@type\":\"ImageObject\",\"@id\":\"https:\/\/anderskafka.cz\/eshop\/produkt\/luin-living-osuska-z-organicke-bavlny-pastelove-ruzova-100x180-cm\/#primaryimage\",\"inLanguage\":\"cs\",\"url\":\"https:\/\/anderskafka.cz\/eshop\/wp-content\/uploads\/sites\/3\/2025\/05\/LUINLIVING_osuska-z-organicke-bavly-ruzova-3_AndersKafka.webp\",\"contentUrl\":\"https:\/\/anderskafka.cz\/eshop\/wp-content\/uploads\/sites\/3\/2025\/05\/LUINLIVING_osuska-z-organicke-bavly-ruzova-3_AndersKafka.webp\",\"width\":1485,\"height\":1485},{\"@type\":\"WebPage\",\"@id\":\"https:\/\/anderskafka.cz\/eshop\/produkt\/luin-living-osuska-z-organicke-bavlny-pastelove-ruzova-100x180-cm\/#webpage\",\"url\":\"https:\/\/anderskafka.cz\/eshop\/produkt\/luin-living-osuska-z-organicke-bavlny-pastelove-ruzova-100x180-cm\/\",\"name\":\"LUIN LIVING ru\u010dn\u00edk \/ osu\u0161ka z organick\u00e9 bavlny pastelov\u011b r\u016f\u017eov\u00fd - Anders &amp; Kafka E-SHOP\",\"isPartOf\":{\"@id\":\"https:\/\/anderskafka.cz\/eshop\/#website\"},\"primaryImageOfPage\":{\"@id\":\"https:\/\/anderskafka.cz\/eshop\/produkt\/luin-living-osuska-z-organicke-bavlny-pastelove-ruzova-100x180-cm\/#primaryimage\"},\"datePublished\":\"2025-05-30T09:44:14+00:00\",\"dateModified\":\"2026-03-24T11:11:00+00:00\",\"description\":\"Tento \u00fa\u017easn\u011b m\u011bkk\u00fd ru\u010dn\u00edk\/osu\u0161ka je vyroben ze 100% organick\u00e9 bavlny, promy\u0161len do ka\u017ed\u00e9ho detailu. Ru\u010dn\u00edk\/osu\u0161ka ve stylu hamam je lehk\u00fd, sav\u00fd a m\u00e1 univerz\u00e1ln\u00ed v pou\u017eit\u00ed. Finsk\u00e1 spole\u010dnost Luin Living si zakl\u00e1d\u00e1 na vysok\u00e9 kvalit\u011b a udr\u017eitelnosti sv\u00fdch v\u00fdrobk\u016f, kter\u00e9 V\u00e1m zp\u0159\u00edjemn\u00ed \u010das str\u00e1ven\u00fd v saun\u011b. Stejn\u011b tak je ocen\u00edte i p\u0159i ka\u017edodenn\u00edm no\u0161en\u00ed.\",\"breadcrumb\":{\"@id\":\"https:\/\/anderskafka.cz\/eshop\/produkt\/luin-living-osuska-z-organicke-bavlny-pastelove-ruzova-100x180-cm\/#breadcrumb\"},\"inLanguage\":\"cs\",\"potentialAction\":[{\"@type\":\"ReadAction\",\"target\":[\"https:\/\/anderskafka.cz\/eshop\/produkt\/luin-living-osuska-z-organicke-bavlny-pastelove-ruzova-100x180-cm\/\"]}]},{\"@type\":\"BreadcrumbList\",\"@id\":\"https:\/\/anderskafka.cz\/eshop\/produkt\/luin-living-osuska-z-organicke-bavlny-pastelove-ruzova-100x180-cm\/#breadcrumb\",\"itemListElement\":[{\"@type\":\"ListItem\",\"position\":1,\"name\":\"Obchod\",\"item\":\"https:\/\/anderskafka.cz\/eshop\/obchod\/\"},{\"@type\":\"ListItem\",\"position\":2,\"name\":\"LUIN LIVING ru\u010dn\u00edk \/ osu\u0161ka z organick\u00e9 bavlny pastelov\u011b r\u016f\u017eov\u00fd\"}]}]}<\/script>\n<!-- \/ Yoast SEO plugin. -->","yoast_head_json":{"title":"LUIN LIVING ru\u010dn\u00edk \/ osu\u0161ka z organick\u00e9 bavlny pastelov\u011b r\u016f\u017eov\u00fd - Anders &amp; Kafka E-SHOP","description":"Tento \u00fa\u017easn\u011b m\u011bkk\u00fd ru\u010dn\u00edk\/osu\u0161ka je vyroben ze 100% organick\u00e9 bavlny, promy\u0161len do ka\u017ed\u00e9ho detailu. Ru\u010dn\u00edk\/osu\u0161ka ve stylu hamam je lehk\u00fd, sav\u00fd a m\u00e1 univerz\u00e1ln\u00ed v pou\u017eit\u00ed. Finsk\u00e1 spole\u010dnost Luin Living si zakl\u00e1d\u00e1 na vysok\u00e9 kvalit\u011b a udr\u017eitelnosti sv\u00fdch v\u00fdrobk\u016f, kter\u00e9 V\u00e1m zp\u0159\u00edjemn\u00ed \u010das str\u00e1ven\u00fd v saun\u011b. Stejn\u011b tak je ocen\u00edte i p\u0159i ka\u017edodenn\u00edm no\u0161en\u00ed.","robots":{"index":"index","follow":"follow","max-snippet":"max-snippet:-1","max-image-preview":"max-image-preview:large","max-video-preview":"max-video-preview:-1"},"canonical":"https:\/\/anderskafka.cz\/eshop\/produkt\/luin-living-osuska-z-organicke-bavlny-pastelove-ruzova-100x180-cm\/","og_locale":"cs_CZ","og_type":"article","og_title":"LUIN LIVING ru\u010dn\u00edk \/ osu\u0161ka z organick\u00e9 bavlny pastelov\u011b r\u016f\u017eov\u00fd - Anders &amp; Kafka E-SHOP","og_description":"Tento \u00fa\u017easn\u011b m\u011bkk\u00fd ru\u010dn\u00edk\/osu\u0161ka je vyroben ze 100% organick\u00e9 bavlny, promy\u0161len do ka\u017ed\u00e9ho detailu. Ru\u010dn\u00edk\/osu\u0161ka ve stylu hamam je lehk\u00fd, sav\u00fd a m\u00e1 univerz\u00e1ln\u00ed v pou\u017eit\u00ed. Finsk\u00e1 spole\u010dnost Luin Living si zakl\u00e1d\u00e1 na vysok\u00e9 kvalit\u011b a udr\u017eitelnosti sv\u00fdch v\u00fdrobk\u016f, kter\u00e9 V\u00e1m zp\u0159\u00edjemn\u00ed \u010das str\u00e1ven\u00fd v saun\u011b. Stejn\u011b tak je ocen\u00edte i p\u0159i ka\u017edodenn\u00edm no\u0161en\u00ed.","og_url":"https:\/\/anderskafka.cz\/eshop\/produkt\/luin-living-osuska-z-organicke-bavlny-pastelove-ruzova-100x180-cm\/","og_site_name":"Anders &amp; Kafka E-SHOP","article_modified_time":"2026-03-24T11:11:00+00:00","twitter_card":"summary_large_image","twitter_image":"https:\/\/anderskafka.cz\/eshop\/wp-content\/uploads\/sites\/3\/2025\/05\/LUINLIVING_osuska-z-organicke-bavly-ruzova-3_AndersKafka.webp","twitter_misc":{"Odhadovan\u00e1 doba \u010dten\u00ed":"1 minuta"},"schema":{"@context":"https:\/\/schema.org","@graph":[{"@type":"WebSite","@id":"https:\/\/anderskafka.cz\/eshop\/#website","url":"https:\/\/anderskafka.cz\/eshop\/","name":"Anders &amp; Kafka E-SHOP","description":"Anders &amp; Kafka E-SHOP","potentialAction":[{"@type":"SearchAction","target":{"@type":"EntryPoint","urlTemplate":"https:\/\/anderskafka.cz\/eshop\/?s={search_term_string}"},"query-input":"required name=search_term_string"}],"inLanguage":"cs"},{"@type":"ImageObject","@id":"https:\/\/anderskafka.cz\/eshop\/produkt\/luin-living-osuska-z-organicke-bavlny-pastelove-ruzova-100x180-cm\/#primaryimage","inLanguage":"cs","url":"https:\/\/anderskafka.cz\/eshop\/wp-content\/uploads\/sites\/3\/2025\/05\/LUINLIVING_osuska-z-organicke-bavly-ruzova-3_AndersKafka.webp","contentUrl":"https:\/\/anderskafka.cz\/eshop\/wp-content\/uploads\/sites\/3\/2025\/05\/LUINLIVING_osuska-z-organicke-bavly-ruzova-3_AndersKafka.webp","width":1485,"height":1485},{"@type":"WebPage","@id":"https:\/\/anderskafka.cz\/eshop\/produkt\/luin-living-osuska-z-organicke-bavlny-pastelove-ruzova-100x180-cm\/#webpage","url":"https:\/\/anderskafka.cz\/eshop\/produkt\/luin-living-osuska-z-organicke-bavlny-pastelove-ruzova-100x180-cm\/","name":"LUIN LIVING ru\u010dn\u00edk \/ osu\u0161ka z organick\u00e9 bavlny pastelov\u011b r\u016f\u017eov\u00fd - Anders &amp; Kafka E-SHOP","isPartOf":{"@id":"https:\/\/anderskafka.cz\/eshop\/#website"},"primaryImageOfPage":{"@id":"https:\/\/anderskafka.cz\/eshop\/produkt\/luin-living-osuska-z-organicke-bavlny-pastelove-ruzova-100x180-cm\/#primaryimage"},"datePublished":"2025-05-30T09:44:14+00:00","dateModified":"2026-03-24T11:11:00+00:00","description":"Tento \u00fa\u017easn\u011b m\u011bkk\u00fd ru\u010dn\u00edk\/osu\u0161ka je vyroben ze 100% organick\u00e9 bavlny, promy\u0161len do ka\u017ed\u00e9ho detailu. Ru\u010dn\u00edk\/osu\u0161ka ve stylu hamam je lehk\u00fd, sav\u00fd a m\u00e1 univerz\u00e1ln\u00ed v pou\u017eit\u00ed. Finsk\u00e1 spole\u010dnost Luin Living si zakl\u00e1d\u00e1 na vysok\u00e9 kvalit\u011b a udr\u017eitelnosti sv\u00fdch v\u00fdrobk\u016f, kter\u00e9 V\u00e1m zp\u0159\u00edjemn\u00ed \u010das str\u00e1ven\u00fd v saun\u011b. Stejn\u011b tak je ocen\u00edte i p\u0159i ka\u017edodenn\u00edm no\u0161en\u00ed.","breadcrumb":{"@id":"https:\/\/anderskafka.cz\/eshop\/produkt\/luin-living-osuska-z-organicke-bavlny-pastelove-ruzova-100x180-cm\/#breadcrumb"},"inLanguage":"cs","potentialAction":[{"@type":"ReadAction","target":["https:\/\/anderskafka.cz\/eshop\/produkt\/luin-living-osuska-z-organicke-bavlny-pastelove-ruzova-100x180-cm\/"]}]},{"@type":"BreadcrumbList","@id":"https:\/\/anderskafka.cz\/eshop\/produkt\/luin-living-osuska-z-organicke-bavlny-pastelove-ruzova-100x180-cm\/#breadcrumb","itemListElement":[{"@type":"ListItem","position":1,"name":"Obchod","item":"https:\/\/anderskafka.cz\/eshop\/obchod\/"},{"@type":"ListItem","position":2,"name":"LUIN LIVING ru\u010dn\u00edk \/ osu\u0161ka z organick\u00e9 bavlny pastelov\u011b r\u016f\u017eov\u00fd"}]}]}},"locations":[],"_links":{"self":[{"href":"https:\/\/anderskafka.cz\/eshop\/wp-json\/wp\/v2\/product\/10542"}],"collection":[{"href":"https:\/\/anderskafka.cz\/eshop\/wp-json\/wp\/v2\/product"}],"about":[{"href":"https:\/\/anderskafka.cz\/eshop\/wp-json\/wp\/v2\/types\/product"}],"replies":[{"embeddable":true,"href":"https:\/\/anderskafka.cz\/eshop\/wp-json\/wp\/v2\/comments?post=10542"}],"wp:featuredmedia":[{"embeddable":true,"href":"https:\/\/anderskafka.cz\/eshop\/wp-json\/wp\/v2\/media\/10593"}],"wp:attachment":[{"href":"https:\/\/anderskafka.cz\/eshop\/wp-json\/wp\/v2\/media?parent=10542"}],"wp:term":[{"taxonomy":"location","embeddable":true,"href":"https:\/\/anderskafka.cz\/eshop\/wp-json\/wp\/v2\/location?post=10542"},{"taxonomy":"product_cat","embeddable":true,"href":"https:\/\/anderskafka.cz\/eshop\/wp-json\/wp\/v2\/product_cat?post=10542"},{"taxonomy":"product_tag","embeddable":true,"href":"https:\/\/anderskafka.cz\/eshop\/wp-json\/wp\/v2\/product_tag?post=10542"}],"curies":[{"name":"wp","href":"https:\/\/api.w.org\/{rel}","templated":true}]}}