{"id":10565,"date":"2025-06-03T11:53:15","date_gmt":"2025-06-03T09:53:15","guid":{"rendered":"https:\/\/anderskafka.cz\/eshop\/?post_type=product&#038;p=10565"},"modified":"2026-04-01T07:14:55","modified_gmt":"2026-04-01T05:14:55","slug":"liebenstein-sada-premiovych-rucniku-antracitova","status":"publish","type":"product","link":"https:\/\/anderskafka.cz\/eshop\/produkt\/liebenstein-sada-premiovych-rucniku-antracitova\/","title":{"rendered":"LIEBENSTEIN sada pr\u00e9miov\u00fdch ru\u010dn\u00edk\u016f antracitov\u00e1"},"content":{"rendered":"<p>Sada pr\u00e9miov\u00fdch ru\u010dn\u00edk\u016f nejen do sauny v antracitov\u00e9 barv\u011b. Ru\u010dn\u00edky se skl\u00e1daj\u00ed ze 100% nejjemn\u011bj\u0161\u00ed, sametov\u011b pr\u00e9miov\u00e9 bavlny a jsou extr\u00e9mn\u011b objemn\u00e9 a nad\u00fdchan\u00e9 d\u00edky modern\u00ed technologii individu\u00e1ln\u00edho tkan\u00ed. Ru\u010dn\u00edky maj\u00ed v\u00fdjime\u010dn\u011b vysokou hmotnost 550g\/m\u00b2, d\u00edky \u010demu\u017e jsou obzvl\u00e1\u0161t\u011b odoln\u00e9 a sav\u00e9. Dlouh\u00e1 \u017eivotnost je zde zaru\u010dena i p\u0159i \u010dast\u00e9m pou\u017e\u00edv\u00e1n\u00ed.<br \/>\nExkluzivn\u00ed ru\u010dn\u00edky &#8220;Made in Portugal&#8221; jsou vyrobeny z p\u0159\u00edrodn\u00edch surovin s certifik\u00e1tem OEKO-TEX\u00ae.<br \/>\nV\u011bt\u0161\u00ed ru\u010dn\u00edk se skv\u011ble hod\u00ed p\u0159i saunov\u00e1n\u00ed a dal\u0161\u00edch wellness procedur\u00e1ch, zajist\u00ed dokonal\u00e9 chv\u00edle b\u011bhem va\u0161eho odpo\u010dinku pro t\u011blo i mysl. Praktick\u00e9 poutko pro zav\u011b\u0161en\u00ed.<\/p>\n<h5>Sada obsahuje:<br \/>\n2x ru\u010dn\u00edk 50 x 100 cm<br \/>\n2x ru\u010dn\u00edk 70 x 140 cm<\/h5>\n","protected":false},"excerpt":{"rendered":"<p>Sada pr\u00e9miov\u00fdch ru\u010dn\u00edk\u016f nejen do sauny v antracitov\u00e9 barv\u011b. Ru\u010dn\u00edky jsou v\u00fdjime\u010dn\u011b m\u011bkk\u00e9 a sav\u00e9. Skl\u00e1daj\u00ed se ze 100% nejjemn\u011bj\u0161\u00ed, sametov\u011b pr\u00e9miov\u00e9 bavlny a jsou extr\u00e9mn\u011b objemn\u00e9 a nad\u00fdchan\u00e9 d\u00edky modern\u00ed technologii individu\u00e1ln\u00edho tkan\u00ed. Ru\u010dn\u00edk do sauny m\u00e1 v\u00fdjime\u010dn\u011b vysokou hmotnost 550 g\/m\u00b2, d\u00edky \u010demu\u017e je obzvl\u00e1\u0161t\u011b odoln\u00fd a sav\u00fd. Dlouh\u00e1 \u017eivotnost je zde zaru\u010dena i p\u0159i \u010dast\u00e9m pou\u017e\u00edv\u00e1n\u00ed.<br \/>\nKvalitn\u011b vyrobeno v Portugalsku.<\/p>\n<p><img loading=\"lazy\" class=\"size-medium wp-image-1482 aligncenter\" src=\"https:\/\/anderskafka.cz\/eshop\/wp-content\/uploads\/sites\/3\/2022\/12\/made-in-portugal-feito-em-portugal-map-icon-vector-26458680-300x150.jpg\" alt=\"\" width=\"300\" height=\"150\" srcset=\"https:\/\/anderskafka.cz\/eshop\/wp-content\/uploads\/sites\/3\/2022\/12\/made-in-portugal-feito-em-portugal-map-icon-vector-26458680-300x150.jpg 300w, https:\/\/anderskafka.cz\/eshop\/wp-content\/uploads\/sites\/3\/2022\/12\/made-in-portugal-feito-em-portugal-map-icon-vector-26458680-64x32.jpg 64w, https:\/\/anderskafka.cz\/eshop\/wp-content\/uploads\/sites\/3\/2022\/12\/made-in-portugal-feito-em-portugal-map-icon-vector-26458680.jpg 500w\" sizes=\"(max-width: 300px) 100vw, 300px\" \/><\/p>\n","protected":false},"featured_media":10571,"comment_status":"open","ping_status":"closed","template":"","meta":{"site-sidebar-layout":"default","site-content-layout":"default","ast-main-header-display":"","ast-hfb-above-header-display":"","ast-hfb-below-header-display":"","ast-hfb-mobile-header-display":"","site-post-title":"","ast-breadcrumbs-content":"","ast-featured-img":"","footer-sml-layout":"","theme-transparent-header-meta":"","adv-header-id-meta":"","stick-header-meta":"","header-above-stick-meta":"","header-main-stick-meta":"","header-below-stick-meta":""},"location":[],"product_cat":[1551,1133,30],"product_tag":[308],"yoast_head":"<!-- This site is optimized with the Yoast SEO plugin v18.5.1 - https:\/\/yoast.com\/wordpress\/plugins\/seo\/ -->\n<title>LIEBENSTEIN sada pr\u00e9miov\u00fdch ru\u010dn\u00edk\u016f antracitov\u00e1 - Anders &amp; Kafka E-SHOP<\/title>\n<meta name=\"description\" content=\"Sada pr\u00e9miov\u00fdch ru\u010dn\u00edk\u016f nejen do sauny v antracitov\u00e9 barv\u011b. Ru\u010dn\u00edky jsou v\u00fdjime\u010dn\u011b m\u011bkk\u00e9 a sav\u00e9. Skl\u00e1daj\u00ed se ze 100% nejjemn\u011bj\u0161\u00ed, sametov\u011b pr\u00e9miov\u00e9 bavlny a jsou extr\u00e9mn\u011b objemn\u00e9 a nad\u00fdchan\u00e9 d\u00edky modern\u00ed technologii individu\u00e1ln\u00edho tkan\u00ed. Ru\u010dn\u00edk do sauny m\u00e1 v\u00fdjime\u010dn\u011b vysokou hmotnost 550 g\/m\u00b2, d\u00edky \u010demu\u017e je obzvl\u00e1\u0161t\u011b odoln\u00fd a sav\u00fd. Dlouh\u00e1 \u017eivotnost je zde zaru\u010dena i p\u0159i \u010dast\u00e9m pou\u017e\u00edv\u00e1n\u00ed. Kvalitn\u011b vyrobeno v Portugalsku.\" \/>\n<meta name=\"robots\" content=\"index, follow, max-snippet:-1, max-image-preview:large, max-video-preview:-1\" \/>\n<link rel=\"canonical\" href=\"https:\/\/anderskafka.cz\/eshop\/produkt\/liebenstein-sada-premiovych-rucniku-antracitova\/\" \/>\n<meta property=\"og:locale\" content=\"cs_CZ\" \/>\n<meta property=\"og:type\" content=\"article\" \/>\n<meta property=\"og:title\" content=\"LIEBENSTEIN sada pr\u00e9miov\u00fdch ru\u010dn\u00edk\u016f antracitov\u00e1 - Anders &amp; Kafka E-SHOP\" \/>\n<meta property=\"og:description\" content=\"Sada pr\u00e9miov\u00fdch ru\u010dn\u00edk\u016f nejen do sauny v antracitov\u00e9 barv\u011b. Ru\u010dn\u00edky jsou v\u00fdjime\u010dn\u011b m\u011bkk\u00e9 a sav\u00e9. Skl\u00e1daj\u00ed se ze 100% nejjemn\u011bj\u0161\u00ed, sametov\u011b pr\u00e9miov\u00e9 bavlny a jsou extr\u00e9mn\u011b objemn\u00e9 a nad\u00fdchan\u00e9 d\u00edky modern\u00ed technologii individu\u00e1ln\u00edho tkan\u00ed. Ru\u010dn\u00edk do sauny m\u00e1 v\u00fdjime\u010dn\u011b vysokou hmotnost 550 g\/m\u00b2, d\u00edky \u010demu\u017e je obzvl\u00e1\u0161t\u011b odoln\u00fd a sav\u00fd. Dlouh\u00e1 \u017eivotnost je zde zaru\u010dena i p\u0159i \u010dast\u00e9m pou\u017e\u00edv\u00e1n\u00ed. Kvalitn\u011b vyrobeno v Portugalsku.\" \/>\n<meta property=\"og:url\" content=\"https:\/\/anderskafka.cz\/eshop\/produkt\/liebenstein-sada-premiovych-rucniku-antracitova\/\" \/>\n<meta property=\"og:site_name\" content=\"Anders &amp; Kafka E-SHOP\" \/>\n<meta property=\"article:modified_time\" content=\"2026-04-01T05:14:55+00:00\" \/>\n<meta name=\"twitter:card\" content=\"summary_large_image\" \/>\n<meta name=\"twitter:image\" content=\"https:\/\/anderskafka.cz\/eshop\/wp-content\/uploads\/sites\/3\/2025\/06\/Liebenstein_sadarucnikuantracit_AndersKafka.webp\" \/>\n<meta name=\"twitter:label1\" content=\"Odhadovan\u00e1 doba \u010dten\u00ed\" \/>\n\t<meta name=\"twitter:data1\" content=\"1 minuta\" \/>\n<script type=\"application\/ld+json\" class=\"yoast-schema-graph\">{\"@context\":\"https:\/\/schema.org\",\"@graph\":[{\"@type\":\"WebSite\",\"@id\":\"https:\/\/anderskafka.cz\/eshop\/#website\",\"url\":\"https:\/\/anderskafka.cz\/eshop\/\",\"name\":\"Anders &amp; Kafka E-SHOP\",\"description\":\"Anders &amp; Kafka E-SHOP\",\"potentialAction\":[{\"@type\":\"SearchAction\",\"target\":{\"@type\":\"EntryPoint\",\"urlTemplate\":\"https:\/\/anderskafka.cz\/eshop\/?s={search_term_string}\"},\"query-input\":\"required name=search_term_string\"}],\"inLanguage\":\"cs\"},{\"@type\":\"ImageObject\",\"@id\":\"https:\/\/anderskafka.cz\/eshop\/produkt\/liebenstein-sada-premiovych-rucniku-antracitova\/#primaryimage\",\"inLanguage\":\"cs\",\"url\":\"https:\/\/anderskafka.cz\/eshop\/wp-content\/uploads\/sites\/3\/2025\/06\/Liebenstein_sadarucnikuantracit_AndersKafka.webp\",\"contentUrl\":\"https:\/\/anderskafka.cz\/eshop\/wp-content\/uploads\/sites\/3\/2025\/06\/Liebenstein_sadarucnikuantracit_AndersKafka.webp\",\"width\":1500,\"height\":1500},{\"@type\":\"WebPage\",\"@id\":\"https:\/\/anderskafka.cz\/eshop\/produkt\/liebenstein-sada-premiovych-rucniku-antracitova\/#webpage\",\"url\":\"https:\/\/anderskafka.cz\/eshop\/produkt\/liebenstein-sada-premiovych-rucniku-antracitova\/\",\"name\":\"LIEBENSTEIN sada pr\u00e9miov\u00fdch ru\u010dn\u00edk\u016f antracitov\u00e1 - Anders &amp; Kafka E-SHOP\",\"isPartOf\":{\"@id\":\"https:\/\/anderskafka.cz\/eshop\/#website\"},\"primaryImageOfPage\":{\"@id\":\"https:\/\/anderskafka.cz\/eshop\/produkt\/liebenstein-sada-premiovych-rucniku-antracitova\/#primaryimage\"},\"datePublished\":\"2025-06-03T09:53:15+00:00\",\"dateModified\":\"2026-04-01T05:14:55+00:00\",\"description\":\"Sada pr\u00e9miov\u00fdch ru\u010dn\u00edk\u016f nejen do sauny v antracitov\u00e9 barv\u011b. Ru\u010dn\u00edky jsou v\u00fdjime\u010dn\u011b m\u011bkk\u00e9 a sav\u00e9. Skl\u00e1daj\u00ed se ze 100% nejjemn\u011bj\u0161\u00ed, sametov\u011b pr\u00e9miov\u00e9 bavlny a jsou extr\u00e9mn\u011b objemn\u00e9 a nad\u00fdchan\u00e9 d\u00edky modern\u00ed technologii individu\u00e1ln\u00edho tkan\u00ed. Ru\u010dn\u00edk do sauny m\u00e1 v\u00fdjime\u010dn\u011b vysokou hmotnost 550 g\/m\u00b2, d\u00edky \u010demu\u017e je obzvl\u00e1\u0161t\u011b odoln\u00fd a sav\u00fd. Dlouh\u00e1 \u017eivotnost je zde zaru\u010dena i p\u0159i \u010dast\u00e9m pou\u017e\u00edv\u00e1n\u00ed. Kvalitn\u011b vyrobeno v Portugalsku.\",\"breadcrumb\":{\"@id\":\"https:\/\/anderskafka.cz\/eshop\/produkt\/liebenstein-sada-premiovych-rucniku-antracitova\/#breadcrumb\"},\"inLanguage\":\"cs\",\"potentialAction\":[{\"@type\":\"ReadAction\",\"target\":[\"https:\/\/anderskafka.cz\/eshop\/produkt\/liebenstein-sada-premiovych-rucniku-antracitova\/\"]}]},{\"@type\":\"BreadcrumbList\",\"@id\":\"https:\/\/anderskafka.cz\/eshop\/produkt\/liebenstein-sada-premiovych-rucniku-antracitova\/#breadcrumb\",\"itemListElement\":[{\"@type\":\"ListItem\",\"position\":1,\"name\":\"Obchod\",\"item\":\"https:\/\/anderskafka.cz\/eshop\/obchod\/\"},{\"@type\":\"ListItem\",\"position\":2,\"name\":\"LIEBENSTEIN sada pr\u00e9miov\u00fdch ru\u010dn\u00edk\u016f antracitov\u00e1\"}]}]}<\/script>\n<!-- \/ Yoast SEO plugin. -->","yoast_head_json":{"title":"LIEBENSTEIN sada pr\u00e9miov\u00fdch ru\u010dn\u00edk\u016f antracitov\u00e1 - Anders &amp; Kafka E-SHOP","description":"Sada pr\u00e9miov\u00fdch ru\u010dn\u00edk\u016f nejen do sauny v antracitov\u00e9 barv\u011b. Ru\u010dn\u00edky jsou v\u00fdjime\u010dn\u011b m\u011bkk\u00e9 a sav\u00e9. Skl\u00e1daj\u00ed se ze 100% nejjemn\u011bj\u0161\u00ed, sametov\u011b pr\u00e9miov\u00e9 bavlny a jsou extr\u00e9mn\u011b objemn\u00e9 a nad\u00fdchan\u00e9 d\u00edky modern\u00ed technologii individu\u00e1ln\u00edho tkan\u00ed. Ru\u010dn\u00edk do sauny m\u00e1 v\u00fdjime\u010dn\u011b vysokou hmotnost 550 g\/m\u00b2, d\u00edky \u010demu\u017e je obzvl\u00e1\u0161t\u011b odoln\u00fd a sav\u00fd. Dlouh\u00e1 \u017eivotnost je zde zaru\u010dena i p\u0159i \u010dast\u00e9m pou\u017e\u00edv\u00e1n\u00ed. Kvalitn\u011b vyrobeno v Portugalsku.","robots":{"index":"index","follow":"follow","max-snippet":"max-snippet:-1","max-image-preview":"max-image-preview:large","max-video-preview":"max-video-preview:-1"},"canonical":"https:\/\/anderskafka.cz\/eshop\/produkt\/liebenstein-sada-premiovych-rucniku-antracitova\/","og_locale":"cs_CZ","og_type":"article","og_title":"LIEBENSTEIN sada pr\u00e9miov\u00fdch ru\u010dn\u00edk\u016f antracitov\u00e1 - Anders &amp; Kafka E-SHOP","og_description":"Sada pr\u00e9miov\u00fdch ru\u010dn\u00edk\u016f nejen do sauny v antracitov\u00e9 barv\u011b. Ru\u010dn\u00edky jsou v\u00fdjime\u010dn\u011b m\u011bkk\u00e9 a sav\u00e9. Skl\u00e1daj\u00ed se ze 100% nejjemn\u011bj\u0161\u00ed, sametov\u011b pr\u00e9miov\u00e9 bavlny a jsou extr\u00e9mn\u011b objemn\u00e9 a nad\u00fdchan\u00e9 d\u00edky modern\u00ed technologii individu\u00e1ln\u00edho tkan\u00ed. Ru\u010dn\u00edk do sauny m\u00e1 v\u00fdjime\u010dn\u011b vysokou hmotnost 550 g\/m\u00b2, d\u00edky \u010demu\u017e je obzvl\u00e1\u0161t\u011b odoln\u00fd a sav\u00fd. Dlouh\u00e1 \u017eivotnost je zde zaru\u010dena i p\u0159i \u010dast\u00e9m pou\u017e\u00edv\u00e1n\u00ed. Kvalitn\u011b vyrobeno v Portugalsku.","og_url":"https:\/\/anderskafka.cz\/eshop\/produkt\/liebenstein-sada-premiovych-rucniku-antracitova\/","og_site_name":"Anders &amp; Kafka E-SHOP","article_modified_time":"2026-04-01T05:14:55+00:00","twitter_card":"summary_large_image","twitter_image":"https:\/\/anderskafka.cz\/eshop\/wp-content\/uploads\/sites\/3\/2025\/06\/Liebenstein_sadarucnikuantracit_AndersKafka.webp","twitter_misc":{"Odhadovan\u00e1 doba \u010dten\u00ed":"1 minuta"},"schema":{"@context":"https:\/\/schema.org","@graph":[{"@type":"WebSite","@id":"https:\/\/anderskafka.cz\/eshop\/#website","url":"https:\/\/anderskafka.cz\/eshop\/","name":"Anders &amp; Kafka E-SHOP","description":"Anders &amp; Kafka E-SHOP","potentialAction":[{"@type":"SearchAction","target":{"@type":"EntryPoint","urlTemplate":"https:\/\/anderskafka.cz\/eshop\/?s={search_term_string}"},"query-input":"required name=search_term_string"}],"inLanguage":"cs"},{"@type":"ImageObject","@id":"https:\/\/anderskafka.cz\/eshop\/produkt\/liebenstein-sada-premiovych-rucniku-antracitova\/#primaryimage","inLanguage":"cs","url":"https:\/\/anderskafka.cz\/eshop\/wp-content\/uploads\/sites\/3\/2025\/06\/Liebenstein_sadarucnikuantracit_AndersKafka.webp","contentUrl":"https:\/\/anderskafka.cz\/eshop\/wp-content\/uploads\/sites\/3\/2025\/06\/Liebenstein_sadarucnikuantracit_AndersKafka.webp","width":1500,"height":1500},{"@type":"WebPage","@id":"https:\/\/anderskafka.cz\/eshop\/produkt\/liebenstein-sada-premiovych-rucniku-antracitova\/#webpage","url":"https:\/\/anderskafka.cz\/eshop\/produkt\/liebenstein-sada-premiovych-rucniku-antracitova\/","name":"LIEBENSTEIN sada pr\u00e9miov\u00fdch ru\u010dn\u00edk\u016f antracitov\u00e1 - Anders &amp; Kafka E-SHOP","isPartOf":{"@id":"https:\/\/anderskafka.cz\/eshop\/#website"},"primaryImageOfPage":{"@id":"https:\/\/anderskafka.cz\/eshop\/produkt\/liebenstein-sada-premiovych-rucniku-antracitova\/#primaryimage"},"datePublished":"2025-06-03T09:53:15+00:00","dateModified":"2026-04-01T05:14:55+00:00","description":"Sada pr\u00e9miov\u00fdch ru\u010dn\u00edk\u016f nejen do sauny v antracitov\u00e9 barv\u011b. Ru\u010dn\u00edky jsou v\u00fdjime\u010dn\u011b m\u011bkk\u00e9 a sav\u00e9. Skl\u00e1daj\u00ed se ze 100% nejjemn\u011bj\u0161\u00ed, sametov\u011b pr\u00e9miov\u00e9 bavlny a jsou extr\u00e9mn\u011b objemn\u00e9 a nad\u00fdchan\u00e9 d\u00edky modern\u00ed technologii individu\u00e1ln\u00edho tkan\u00ed. Ru\u010dn\u00edk do sauny m\u00e1 v\u00fdjime\u010dn\u011b vysokou hmotnost 550 g\/m\u00b2, d\u00edky \u010demu\u017e je obzvl\u00e1\u0161t\u011b odoln\u00fd a sav\u00fd. Dlouh\u00e1 \u017eivotnost je zde zaru\u010dena i p\u0159i \u010dast\u00e9m pou\u017e\u00edv\u00e1n\u00ed. Kvalitn\u011b vyrobeno v Portugalsku.","breadcrumb":{"@id":"https:\/\/anderskafka.cz\/eshop\/produkt\/liebenstein-sada-premiovych-rucniku-antracitova\/#breadcrumb"},"inLanguage":"cs","potentialAction":[{"@type":"ReadAction","target":["https:\/\/anderskafka.cz\/eshop\/produkt\/liebenstein-sada-premiovych-rucniku-antracitova\/"]}]},{"@type":"BreadcrumbList","@id":"https:\/\/anderskafka.cz\/eshop\/produkt\/liebenstein-sada-premiovych-rucniku-antracitova\/#breadcrumb","itemListElement":[{"@type":"ListItem","position":1,"name":"Obchod","item":"https:\/\/anderskafka.cz\/eshop\/obchod\/"},{"@type":"ListItem","position":2,"name":"LIEBENSTEIN sada pr\u00e9miov\u00fdch ru\u010dn\u00edk\u016f antracitov\u00e1"}]}]}},"locations":[],"_links":{"self":[{"href":"https:\/\/anderskafka.cz\/eshop\/wp-json\/wp\/v2\/product\/10565"}],"collection":[{"href":"https:\/\/anderskafka.cz\/eshop\/wp-json\/wp\/v2\/product"}],"about":[{"href":"https:\/\/anderskafka.cz\/eshop\/wp-json\/wp\/v2\/types\/product"}],"replies":[{"embeddable":true,"href":"https:\/\/anderskafka.cz\/eshop\/wp-json\/wp\/v2\/comments?post=10565"}],"wp:featuredmedia":[{"embeddable":true,"href":"https:\/\/anderskafka.cz\/eshop\/wp-json\/wp\/v2\/media\/10571"}],"wp:attachment":[{"href":"https:\/\/anderskafka.cz\/eshop\/wp-json\/wp\/v2\/media?parent=10565"}],"wp:term":[{"taxonomy":"location","embeddable":true,"href":"https:\/\/anderskafka.cz\/eshop\/wp-json\/wp\/v2\/location?post=10565"},{"taxonomy":"product_cat","embeddable":true,"href":"https:\/\/anderskafka.cz\/eshop\/wp-json\/wp\/v2\/product_cat?post=10565"},{"taxonomy":"product_tag","embeddable":true,"href":"https:\/\/anderskafka.cz\/eshop\/wp-json\/wp\/v2\/product_tag?post=10565"}],"curies":[{"name":"wp","href":"https:\/\/api.w.org\/{rel}","templated":true}]}}