{"id":10841,"date":"2025-07-08T10:46:43","date_gmt":"2025-07-08T08:46:43","guid":{"rendered":"https:\/\/anderskafka.cz\/eshop\/?post_type=product&#038;p=10841"},"modified":"2025-10-23T13:26:48","modified_gmt":"2025-10-23T11:26:48","slug":"chemoform-ph-plus-tekuty-25-kg-2","status":"publish","type":"product","link":"https:\/\/anderskafka.cz\/eshop\/produkt\/chemoform-ph-plus-tekuty-25-kg-2\/","title":{"rendered":"CHEMOFORM pH plus tekut\u00fd, 25 kg"},"content":{"rendered":"<div id=\"product-description\">\n<p>Vysoce koncentrovan\u00fd p\u0159\u00edpravek na zv\u00fd\u0161en\u00ed hodnoty pH ve velk\u00e9m baz\u00e9nu. Obsahuje 50% \u00fa\u010dinn\u00e9 l\u00e1tky. Je dod\u00e1v\u00e1n v kanystrech pro napojen\u00ed na d\u00e1vkovac\u00ed za\u0159\u00edzen\u00ed, jak\u00e1koli jin\u00e1 manipulace s p\u0159\u00edpravkem je zak\u00e1z\u00e1na.<\/p>\n<p><strong>Pou\u017e\u00edvejte biocidn\u00ed p\u0159\u00edpravky bezpe\u010dn\u011b. P\u0159ed pou\u017eit\u00edm si v\u017edy p\u0159e\u010dt\u011bte \u00fadaje na obalu a p\u0159ipojen\u00e9 informace o v\u00fdrobku.<\/strong><\/p>\n<\/div>\n","protected":false},"excerpt":{"rendered":"<p>Tekut\u00fd p\u0159\u00edpravek ke zv\u00fd\u0161en\u00ed hodnoty pH k p\u0159ipojen\u00ed na automatick\u00e9 d\u00e1vkovac\u00ed za\u0159\u00edzen\u00ed.<\/p>\n","protected":false},"featured_media":10845,"comment_status":"open","ping_status":"closed","template":"","meta":{"site-sidebar-layout":"default","site-content-layout":"default","ast-main-header-display":"","ast-hfb-above-header-display":"","ast-hfb-below-header-display":"","ast-hfb-mobile-header-display":"disabled","site-post-title":"","ast-breadcrumbs-content":"","ast-featured-img":"","footer-sml-layout":"","theme-transparent-header-meta":"","adv-header-id-meta":"","stick-header-meta":"","header-above-stick-meta":"","header-main-stick-meta":"","header-below-stick-meta":""},"location":[],"product_cat":[1592],"product_tag":[1126],"yoast_head":"<!-- This site is optimized with the Yoast SEO plugin v18.5.1 - https:\/\/yoast.com\/wordpress\/plugins\/seo\/ -->\n<title>CHEMOFORM pH plus tekut\u00fd, 25 kg - Anders &amp; Kafka E-SHOP<\/title>\n<meta name=\"description\" content=\"Tekut\u00fd p\u0159\u00edpravek ke zv\u00fd\u0161en\u00ed hodnoty pH k p\u0159ipojen\u00ed na automatick\u00e9 d\u00e1vkovac\u00ed za\u0159\u00edzen\u00ed.\" \/>\n<meta name=\"robots\" content=\"index, follow, max-snippet:-1, max-image-preview:large, max-video-preview:-1\" \/>\n<link rel=\"canonical\" href=\"https:\/\/anderskafka.cz\/eshop\/produkt\/chemoform-ph-plus-tekuty-25-kg-2\/\" \/>\n<meta property=\"og:locale\" content=\"cs_CZ\" \/>\n<meta property=\"og:type\" content=\"article\" \/>\n<meta property=\"og:title\" content=\"CHEMOFORM pH plus tekut\u00fd, 25 kg - Anders &amp; Kafka E-SHOP\" \/>\n<meta property=\"og:description\" content=\"Tekut\u00fd p\u0159\u00edpravek ke zv\u00fd\u0161en\u00ed hodnoty pH k p\u0159ipojen\u00ed na automatick\u00e9 d\u00e1vkovac\u00ed za\u0159\u00edzen\u00ed.\" \/>\n<meta property=\"og:url\" content=\"https:\/\/anderskafka.cz\/eshop\/produkt\/chemoform-ph-plus-tekuty-25-kg-2\/\" \/>\n<meta property=\"og:site_name\" content=\"Anders &amp; Kafka E-SHOP\" \/>\n<meta property=\"article:modified_time\" content=\"2025-10-23T11:26:48+00:00\" \/>\n<meta name=\"twitter:card\" content=\"summary_large_image\" \/>\n<meta name=\"twitter:image\" content=\"https:\/\/anderskafka.cz\/eshop\/wp-content\/uploads\/sites\/3\/2025\/07\/CHEMOFORM_phplustekuty25kg_AndersKafka.webp\" \/>\n<meta name=\"twitter:label1\" content=\"Odhadovan\u00e1 doba \u010dten\u00ed\" \/>\n\t<meta name=\"twitter:data1\" content=\"1 minuta\" \/>\n<script type=\"application\/ld+json\" class=\"yoast-schema-graph\">{\"@context\":\"https:\/\/schema.org\",\"@graph\":[{\"@type\":\"WebSite\",\"@id\":\"https:\/\/anderskafka.cz\/eshop\/#website\",\"url\":\"https:\/\/anderskafka.cz\/eshop\/\",\"name\":\"Anders &amp; Kafka E-SHOP\",\"description\":\"Anders &amp; Kafka E-SHOP\",\"potentialAction\":[{\"@type\":\"SearchAction\",\"target\":{\"@type\":\"EntryPoint\",\"urlTemplate\":\"https:\/\/anderskafka.cz\/eshop\/?s={search_term_string}\"},\"query-input\":\"required name=search_term_string\"}],\"inLanguage\":\"cs\"},{\"@type\":\"ImageObject\",\"@id\":\"https:\/\/anderskafka.cz\/eshop\/produkt\/chemoform-ph-plus-tekuty-25-kg-2\/#primaryimage\",\"inLanguage\":\"cs\",\"url\":\"https:\/\/anderskafka.cz\/eshop\/wp-content\/uploads\/sites\/3\/2025\/07\/CHEMOFORM_phplustekuty25kg_AndersKafka.webp\",\"contentUrl\":\"https:\/\/anderskafka.cz\/eshop\/wp-content\/uploads\/sites\/3\/2025\/07\/CHEMOFORM_phplustekuty25kg_AndersKafka.webp\",\"width\":1500,\"height\":1500},{\"@type\":\"WebPage\",\"@id\":\"https:\/\/anderskafka.cz\/eshop\/produkt\/chemoform-ph-plus-tekuty-25-kg-2\/#webpage\",\"url\":\"https:\/\/anderskafka.cz\/eshop\/produkt\/chemoform-ph-plus-tekuty-25-kg-2\/\",\"name\":\"CHEMOFORM pH plus tekut\u00fd, 25 kg - Anders &amp; Kafka E-SHOP\",\"isPartOf\":{\"@id\":\"https:\/\/anderskafka.cz\/eshop\/#website\"},\"primaryImageOfPage\":{\"@id\":\"https:\/\/anderskafka.cz\/eshop\/produkt\/chemoform-ph-plus-tekuty-25-kg-2\/#primaryimage\"},\"datePublished\":\"2025-07-08T08:46:43+00:00\",\"dateModified\":\"2025-10-23T11:26:48+00:00\",\"description\":\"Tekut\u00fd p\u0159\u00edpravek ke zv\u00fd\u0161en\u00ed hodnoty pH k p\u0159ipojen\u00ed na automatick\u00e9 d\u00e1vkovac\u00ed za\u0159\u00edzen\u00ed.\",\"breadcrumb\":{\"@id\":\"https:\/\/anderskafka.cz\/eshop\/produkt\/chemoform-ph-plus-tekuty-25-kg-2\/#breadcrumb\"},\"inLanguage\":\"cs\",\"potentialAction\":[{\"@type\":\"ReadAction\",\"target\":[\"https:\/\/anderskafka.cz\/eshop\/produkt\/chemoform-ph-plus-tekuty-25-kg-2\/\"]}]},{\"@type\":\"BreadcrumbList\",\"@id\":\"https:\/\/anderskafka.cz\/eshop\/produkt\/chemoform-ph-plus-tekuty-25-kg-2\/#breadcrumb\",\"itemListElement\":[{\"@type\":\"ListItem\",\"position\":1,\"name\":\"Obchod\",\"item\":\"https:\/\/anderskafka.cz\/eshop\/obchod\/\"},{\"@type\":\"ListItem\",\"position\":2,\"name\":\"CHEMOFORM pH plus tekut\u00fd, 25 kg\"}]}]}<\/script>\n<!-- \/ Yoast SEO plugin. -->","yoast_head_json":{"title":"CHEMOFORM pH plus tekut\u00fd, 25 kg - Anders &amp; Kafka E-SHOP","description":"Tekut\u00fd p\u0159\u00edpravek ke zv\u00fd\u0161en\u00ed hodnoty pH k p\u0159ipojen\u00ed na automatick\u00e9 d\u00e1vkovac\u00ed za\u0159\u00edzen\u00ed.","robots":{"index":"index","follow":"follow","max-snippet":"max-snippet:-1","max-image-preview":"max-image-preview:large","max-video-preview":"max-video-preview:-1"},"canonical":"https:\/\/anderskafka.cz\/eshop\/produkt\/chemoform-ph-plus-tekuty-25-kg-2\/","og_locale":"cs_CZ","og_type":"article","og_title":"CHEMOFORM pH plus tekut\u00fd, 25 kg - Anders &amp; Kafka E-SHOP","og_description":"Tekut\u00fd p\u0159\u00edpravek ke zv\u00fd\u0161en\u00ed hodnoty pH k p\u0159ipojen\u00ed na automatick\u00e9 d\u00e1vkovac\u00ed za\u0159\u00edzen\u00ed.","og_url":"https:\/\/anderskafka.cz\/eshop\/produkt\/chemoform-ph-plus-tekuty-25-kg-2\/","og_site_name":"Anders &amp; Kafka E-SHOP","article_modified_time":"2025-10-23T11:26:48+00:00","twitter_card":"summary_large_image","twitter_image":"https:\/\/anderskafka.cz\/eshop\/wp-content\/uploads\/sites\/3\/2025\/07\/CHEMOFORM_phplustekuty25kg_AndersKafka.webp","twitter_misc":{"Odhadovan\u00e1 doba \u010dten\u00ed":"1 minuta"},"schema":{"@context":"https:\/\/schema.org","@graph":[{"@type":"WebSite","@id":"https:\/\/anderskafka.cz\/eshop\/#website","url":"https:\/\/anderskafka.cz\/eshop\/","name":"Anders &amp; Kafka E-SHOP","description":"Anders &amp; Kafka E-SHOP","potentialAction":[{"@type":"SearchAction","target":{"@type":"EntryPoint","urlTemplate":"https:\/\/anderskafka.cz\/eshop\/?s={search_term_string}"},"query-input":"required name=search_term_string"}],"inLanguage":"cs"},{"@type":"ImageObject","@id":"https:\/\/anderskafka.cz\/eshop\/produkt\/chemoform-ph-plus-tekuty-25-kg-2\/#primaryimage","inLanguage":"cs","url":"https:\/\/anderskafka.cz\/eshop\/wp-content\/uploads\/sites\/3\/2025\/07\/CHEMOFORM_phplustekuty25kg_AndersKafka.webp","contentUrl":"https:\/\/anderskafka.cz\/eshop\/wp-content\/uploads\/sites\/3\/2025\/07\/CHEMOFORM_phplustekuty25kg_AndersKafka.webp","width":1500,"height":1500},{"@type":"WebPage","@id":"https:\/\/anderskafka.cz\/eshop\/produkt\/chemoform-ph-plus-tekuty-25-kg-2\/#webpage","url":"https:\/\/anderskafka.cz\/eshop\/produkt\/chemoform-ph-plus-tekuty-25-kg-2\/","name":"CHEMOFORM pH plus tekut\u00fd, 25 kg - Anders &amp; Kafka E-SHOP","isPartOf":{"@id":"https:\/\/anderskafka.cz\/eshop\/#website"},"primaryImageOfPage":{"@id":"https:\/\/anderskafka.cz\/eshop\/produkt\/chemoform-ph-plus-tekuty-25-kg-2\/#primaryimage"},"datePublished":"2025-07-08T08:46:43+00:00","dateModified":"2025-10-23T11:26:48+00:00","description":"Tekut\u00fd p\u0159\u00edpravek ke zv\u00fd\u0161en\u00ed hodnoty pH k p\u0159ipojen\u00ed na automatick\u00e9 d\u00e1vkovac\u00ed za\u0159\u00edzen\u00ed.","breadcrumb":{"@id":"https:\/\/anderskafka.cz\/eshop\/produkt\/chemoform-ph-plus-tekuty-25-kg-2\/#breadcrumb"},"inLanguage":"cs","potentialAction":[{"@type":"ReadAction","target":["https:\/\/anderskafka.cz\/eshop\/produkt\/chemoform-ph-plus-tekuty-25-kg-2\/"]}]},{"@type":"BreadcrumbList","@id":"https:\/\/anderskafka.cz\/eshop\/produkt\/chemoform-ph-plus-tekuty-25-kg-2\/#breadcrumb","itemListElement":[{"@type":"ListItem","position":1,"name":"Obchod","item":"https:\/\/anderskafka.cz\/eshop\/obchod\/"},{"@type":"ListItem","position":2,"name":"CHEMOFORM pH plus tekut\u00fd, 25 kg"}]}]}},"locations":[],"_links":{"self":[{"href":"https:\/\/anderskafka.cz\/eshop\/wp-json\/wp\/v2\/product\/10841"}],"collection":[{"href":"https:\/\/anderskafka.cz\/eshop\/wp-json\/wp\/v2\/product"}],"about":[{"href":"https:\/\/anderskafka.cz\/eshop\/wp-json\/wp\/v2\/types\/product"}],"replies":[{"embeddable":true,"href":"https:\/\/anderskafka.cz\/eshop\/wp-json\/wp\/v2\/comments?post=10841"}],"wp:featuredmedia":[{"embeddable":true,"href":"https:\/\/anderskafka.cz\/eshop\/wp-json\/wp\/v2\/media\/10845"}],"wp:attachment":[{"href":"https:\/\/anderskafka.cz\/eshop\/wp-json\/wp\/v2\/media?parent=10841"}],"wp:term":[{"taxonomy":"location","embeddable":true,"href":"https:\/\/anderskafka.cz\/eshop\/wp-json\/wp\/v2\/location?post=10841"},{"taxonomy":"product_cat","embeddable":true,"href":"https:\/\/anderskafka.cz\/eshop\/wp-json\/wp\/v2\/product_cat?post=10841"},{"taxonomy":"product_tag","embeddable":true,"href":"https:\/\/anderskafka.cz\/eshop\/wp-json\/wp\/v2\/product_tag?post=10841"}],"curies":[{"name":"wp","href":"https:\/\/api.w.org\/{rel}","templated":true}]}}