{"id":10858,"date":"2025-07-09T12:01:52","date_gmt":"2025-07-09T10:01:52","guid":{"rendered":"https:\/\/anderskafka.cz\/eshop\/?post_type=product&#038;p=10858"},"modified":"2026-03-16T14:38:00","modified_gmt":"2026-03-16T13:38:00","slug":"chemoform-chlorovy-granulat-rychlorozpustny-1-3-kg","status":"publish","type":"product","link":"https:\/\/anderskafka.cz\/eshop\/produkt\/chemoform-chlorovy-granulat-rychlorozpustny-1-3-kg\/","title":{"rendered":"CHEMOFORM chlorov\u00fd granul\u00e1t rychlorozpustn\u00fd, 1\/3 kg"},"content":{"rendered":"<div id=\"product-description\">\n<p>Chl\u00f3rov\u00fd p\u0159\u00edpravek na b\u00e1zi kyseliny dichlorisokyanurov\u00e9 vhodn\u00fd pro v\u0161echny stupn\u011b tvrdosti vody. \u00da\u010dinn\u011b dezinfikuje baz\u00e9novou vodu, je mo\u017en\u00e9 jej pou\u017e\u00edt i pro dlouhodob\u011bj\u0161\u00ed chl\u00f3rov\u00e1n\u00ed. Dob\u0159e se sn\u00e1\u0161\u00ed s BST &#8211; baz\u00e9nov\u00fdmi super tabletami pro dlouhodob\u00e9 chl\u00f3rov\u00e1n\u00ed.<\/p>\n<p><strong style=\"font-size: 16px\">Pou\u017e\u00edvejte biocidn\u00ed p\u0159\u00edpravky bezpe\u010dn\u011b. P\u0159ed pou\u017eit\u00edm si v\u017edy p\u0159e\u010dt\u011bte \u00fadaje na obalu a p\u0159ipojen\u00e9 informace o v\u00fdrobku.<\/strong><\/p>\n<\/div>\n","protected":false},"excerpt":{"rendered":"<p>Granul\u00e1t k \u0161okov\u00e9mu o\u0161et\u0159en\u00ed vody stabilizovan\u00fd pro v\u0161echny stupn\u011b trvrdosti vody. Obsahuje 56% aktivn\u00edho chl\u00f3ru. K dispozici ve dvou variant\u00e1ch 1 kg a 5 kg.<\/p>\n","protected":false},"featured_media":10861,"comment_status":"open","ping_status":"closed","template":"","meta":{"site-sidebar-layout":"default","site-content-layout":"default","ast-main-header-display":"","ast-hfb-above-header-display":"","ast-hfb-below-header-display":"","ast-hfb-mobile-header-display":"disabled","site-post-title":"","ast-breadcrumbs-content":"","ast-featured-img":"","footer-sml-layout":"","theme-transparent-header-meta":"","adv-header-id-meta":"","stick-header-meta":"","header-above-stick-meta":"","header-main-stick-meta":"","header-below-stick-meta":""},"location":[],"product_cat":[1593],"product_tag":[1126],"yoast_head":"<!-- This site is optimized with the Yoast SEO plugin v18.5.1 - https:\/\/yoast.com\/wordpress\/plugins\/seo\/ -->\n<title>CHEMOFORM chlorov\u00fd granul\u00e1t rychlorozpustn\u00fd, 1\/3 kg - Anders &amp; Kafka E-SHOP<\/title>\n<meta name=\"description\" content=\"Granul\u00e1t k \u0161okov\u00e9mu o\u0161et\u0159en\u00ed vody stabilizovan\u00fd pro v\u0161echny stupn\u011b trvrdosti vody. Obsahuje 56% aktivn\u00edho chl\u00f3ru. K dispozici ve dvou variant\u00e1ch 1 kg a 5 kg.\" \/>\n<meta name=\"robots\" content=\"index, follow, max-snippet:-1, max-image-preview:large, max-video-preview:-1\" \/>\n<link rel=\"canonical\" href=\"https:\/\/anderskafka.cz\/eshop\/produkt\/chemoform-chlorovy-granulat-rychlorozpustny-1-3-kg\/\" \/>\n<meta property=\"og:locale\" content=\"cs_CZ\" \/>\n<meta property=\"og:type\" content=\"article\" \/>\n<meta property=\"og:title\" content=\"CHEMOFORM chlorov\u00fd granul\u00e1t rychlorozpustn\u00fd, 1\/3 kg - Anders &amp; Kafka E-SHOP\" \/>\n<meta property=\"og:description\" content=\"Granul\u00e1t k \u0161okov\u00e9mu o\u0161et\u0159en\u00ed vody stabilizovan\u00fd pro v\u0161echny stupn\u011b trvrdosti vody. Obsahuje 56% aktivn\u00edho chl\u00f3ru. K dispozici ve dvou variant\u00e1ch 1 kg a 5 kg.\" \/>\n<meta property=\"og:url\" content=\"https:\/\/anderskafka.cz\/eshop\/produkt\/chemoform-chlorovy-granulat-rychlorozpustny-1-3-kg\/\" \/>\n<meta property=\"og:site_name\" content=\"Anders &amp; Kafka E-SHOP\" \/>\n<meta property=\"article:modified_time\" content=\"2026-03-16T13:38:00+00:00\" \/>\n<meta name=\"twitter:card\" content=\"summary_large_image\" \/>\n<meta name=\"twitter:image\" content=\"https:\/\/anderskafka.cz\/eshop\/wp-content\/uploads\/sites\/3\/2025\/07\/CHEMOFORM_chlorovygranulatrychlorozpustny_AndersKafka.webp\" \/>\n<meta name=\"twitter:label1\" content=\"Odhadovan\u00e1 doba \u010dten\u00ed\" \/>\n\t<meta name=\"twitter:data1\" content=\"1 minuta\" \/>\n<script type=\"application\/ld+json\" class=\"yoast-schema-graph\">{\"@context\":\"https:\/\/schema.org\",\"@graph\":[{\"@type\":\"WebSite\",\"@id\":\"https:\/\/anderskafka.cz\/eshop\/#website\",\"url\":\"https:\/\/anderskafka.cz\/eshop\/\",\"name\":\"Anders &amp; Kafka E-SHOP\",\"description\":\"Anders &amp; Kafka E-SHOP\",\"potentialAction\":[{\"@type\":\"SearchAction\",\"target\":{\"@type\":\"EntryPoint\",\"urlTemplate\":\"https:\/\/anderskafka.cz\/eshop\/?s={search_term_string}\"},\"query-input\":\"required name=search_term_string\"}],\"inLanguage\":\"cs\"},{\"@type\":\"ImageObject\",\"@id\":\"https:\/\/anderskafka.cz\/eshop\/produkt\/chemoform-chlorovy-granulat-rychlorozpustny-1-3-kg\/#primaryimage\",\"inLanguage\":\"cs\",\"url\":\"https:\/\/anderskafka.cz\/eshop\/wp-content\/uploads\/sites\/3\/2025\/07\/CHEMOFORM_chlorovygranulatrychlorozpustny_AndersKafka.webp\",\"contentUrl\":\"https:\/\/anderskafka.cz\/eshop\/wp-content\/uploads\/sites\/3\/2025\/07\/CHEMOFORM_chlorovygranulatrychlorozpustny_AndersKafka.webp\",\"width\":1500,\"height\":1500},{\"@type\":\"WebPage\",\"@id\":\"https:\/\/anderskafka.cz\/eshop\/produkt\/chemoform-chlorovy-granulat-rychlorozpustny-1-3-kg\/#webpage\",\"url\":\"https:\/\/anderskafka.cz\/eshop\/produkt\/chemoform-chlorovy-granulat-rychlorozpustny-1-3-kg\/\",\"name\":\"CHEMOFORM chlorov\u00fd granul\u00e1t rychlorozpustn\u00fd, 1\/3 kg - Anders &amp; Kafka E-SHOP\",\"isPartOf\":{\"@id\":\"https:\/\/anderskafka.cz\/eshop\/#website\"},\"primaryImageOfPage\":{\"@id\":\"https:\/\/anderskafka.cz\/eshop\/produkt\/chemoform-chlorovy-granulat-rychlorozpustny-1-3-kg\/#primaryimage\"},\"datePublished\":\"2025-07-09T10:01:52+00:00\",\"dateModified\":\"2026-03-16T13:38:00+00:00\",\"description\":\"Granul\u00e1t k \u0161okov\u00e9mu o\u0161et\u0159en\u00ed vody stabilizovan\u00fd pro v\u0161echny stupn\u011b trvrdosti vody. Obsahuje 56% aktivn\u00edho chl\u00f3ru. K dispozici ve dvou variant\u00e1ch 1 kg a 5 kg.\",\"breadcrumb\":{\"@id\":\"https:\/\/anderskafka.cz\/eshop\/produkt\/chemoform-chlorovy-granulat-rychlorozpustny-1-3-kg\/#breadcrumb\"},\"inLanguage\":\"cs\",\"potentialAction\":[{\"@type\":\"ReadAction\",\"target\":[\"https:\/\/anderskafka.cz\/eshop\/produkt\/chemoform-chlorovy-granulat-rychlorozpustny-1-3-kg\/\"]}]},{\"@type\":\"BreadcrumbList\",\"@id\":\"https:\/\/anderskafka.cz\/eshop\/produkt\/chemoform-chlorovy-granulat-rychlorozpustny-1-3-kg\/#breadcrumb\",\"itemListElement\":[{\"@type\":\"ListItem\",\"position\":1,\"name\":\"Obchod\",\"item\":\"https:\/\/anderskafka.cz\/eshop\/obchod\/\"},{\"@type\":\"ListItem\",\"position\":2,\"name\":\"CHEMOFORM chlorov\u00fd granul\u00e1t rychlorozpustn\u00fd, 1\/3 kg\"}]}]}<\/script>\n<!-- \/ Yoast SEO plugin. -->","yoast_head_json":{"title":"CHEMOFORM chlorov\u00fd granul\u00e1t rychlorozpustn\u00fd, 1\/3 kg - Anders &amp; Kafka E-SHOP","description":"Granul\u00e1t k \u0161okov\u00e9mu o\u0161et\u0159en\u00ed vody stabilizovan\u00fd pro v\u0161echny stupn\u011b trvrdosti vody. Obsahuje 56% aktivn\u00edho chl\u00f3ru. K dispozici ve dvou variant\u00e1ch 1 kg a 5 kg.","robots":{"index":"index","follow":"follow","max-snippet":"max-snippet:-1","max-image-preview":"max-image-preview:large","max-video-preview":"max-video-preview:-1"},"canonical":"https:\/\/anderskafka.cz\/eshop\/produkt\/chemoform-chlorovy-granulat-rychlorozpustny-1-3-kg\/","og_locale":"cs_CZ","og_type":"article","og_title":"CHEMOFORM chlorov\u00fd granul\u00e1t rychlorozpustn\u00fd, 1\/3 kg - Anders &amp; Kafka E-SHOP","og_description":"Granul\u00e1t k \u0161okov\u00e9mu o\u0161et\u0159en\u00ed vody stabilizovan\u00fd pro v\u0161echny stupn\u011b trvrdosti vody. Obsahuje 56% aktivn\u00edho chl\u00f3ru. K dispozici ve dvou variant\u00e1ch 1 kg a 5 kg.","og_url":"https:\/\/anderskafka.cz\/eshop\/produkt\/chemoform-chlorovy-granulat-rychlorozpustny-1-3-kg\/","og_site_name":"Anders &amp; Kafka E-SHOP","article_modified_time":"2026-03-16T13:38:00+00:00","twitter_card":"summary_large_image","twitter_image":"https:\/\/anderskafka.cz\/eshop\/wp-content\/uploads\/sites\/3\/2025\/07\/CHEMOFORM_chlorovygranulatrychlorozpustny_AndersKafka.webp","twitter_misc":{"Odhadovan\u00e1 doba \u010dten\u00ed":"1 minuta"},"schema":{"@context":"https:\/\/schema.org","@graph":[{"@type":"WebSite","@id":"https:\/\/anderskafka.cz\/eshop\/#website","url":"https:\/\/anderskafka.cz\/eshop\/","name":"Anders &amp; Kafka E-SHOP","description":"Anders &amp; Kafka E-SHOP","potentialAction":[{"@type":"SearchAction","target":{"@type":"EntryPoint","urlTemplate":"https:\/\/anderskafka.cz\/eshop\/?s={search_term_string}"},"query-input":"required name=search_term_string"}],"inLanguage":"cs"},{"@type":"ImageObject","@id":"https:\/\/anderskafka.cz\/eshop\/produkt\/chemoform-chlorovy-granulat-rychlorozpustny-1-3-kg\/#primaryimage","inLanguage":"cs","url":"https:\/\/anderskafka.cz\/eshop\/wp-content\/uploads\/sites\/3\/2025\/07\/CHEMOFORM_chlorovygranulatrychlorozpustny_AndersKafka.webp","contentUrl":"https:\/\/anderskafka.cz\/eshop\/wp-content\/uploads\/sites\/3\/2025\/07\/CHEMOFORM_chlorovygranulatrychlorozpustny_AndersKafka.webp","width":1500,"height":1500},{"@type":"WebPage","@id":"https:\/\/anderskafka.cz\/eshop\/produkt\/chemoform-chlorovy-granulat-rychlorozpustny-1-3-kg\/#webpage","url":"https:\/\/anderskafka.cz\/eshop\/produkt\/chemoform-chlorovy-granulat-rychlorozpustny-1-3-kg\/","name":"CHEMOFORM chlorov\u00fd granul\u00e1t rychlorozpustn\u00fd, 1\/3 kg - Anders &amp; Kafka E-SHOP","isPartOf":{"@id":"https:\/\/anderskafka.cz\/eshop\/#website"},"primaryImageOfPage":{"@id":"https:\/\/anderskafka.cz\/eshop\/produkt\/chemoform-chlorovy-granulat-rychlorozpustny-1-3-kg\/#primaryimage"},"datePublished":"2025-07-09T10:01:52+00:00","dateModified":"2026-03-16T13:38:00+00:00","description":"Granul\u00e1t k \u0161okov\u00e9mu o\u0161et\u0159en\u00ed vody stabilizovan\u00fd pro v\u0161echny stupn\u011b trvrdosti vody. Obsahuje 56% aktivn\u00edho chl\u00f3ru. K dispozici ve dvou variant\u00e1ch 1 kg a 5 kg.","breadcrumb":{"@id":"https:\/\/anderskafka.cz\/eshop\/produkt\/chemoform-chlorovy-granulat-rychlorozpustny-1-3-kg\/#breadcrumb"},"inLanguage":"cs","potentialAction":[{"@type":"ReadAction","target":["https:\/\/anderskafka.cz\/eshop\/produkt\/chemoform-chlorovy-granulat-rychlorozpustny-1-3-kg\/"]}]},{"@type":"BreadcrumbList","@id":"https:\/\/anderskafka.cz\/eshop\/produkt\/chemoform-chlorovy-granulat-rychlorozpustny-1-3-kg\/#breadcrumb","itemListElement":[{"@type":"ListItem","position":1,"name":"Obchod","item":"https:\/\/anderskafka.cz\/eshop\/obchod\/"},{"@type":"ListItem","position":2,"name":"CHEMOFORM chlorov\u00fd granul\u00e1t rychlorozpustn\u00fd, 1\/3 kg"}]}]}},"locations":[],"_links":{"self":[{"href":"https:\/\/anderskafka.cz\/eshop\/wp-json\/wp\/v2\/product\/10858"}],"collection":[{"href":"https:\/\/anderskafka.cz\/eshop\/wp-json\/wp\/v2\/product"}],"about":[{"href":"https:\/\/anderskafka.cz\/eshop\/wp-json\/wp\/v2\/types\/product"}],"replies":[{"embeddable":true,"href":"https:\/\/anderskafka.cz\/eshop\/wp-json\/wp\/v2\/comments?post=10858"}],"wp:featuredmedia":[{"embeddable":true,"href":"https:\/\/anderskafka.cz\/eshop\/wp-json\/wp\/v2\/media\/10861"}],"wp:attachment":[{"href":"https:\/\/anderskafka.cz\/eshop\/wp-json\/wp\/v2\/media?parent=10858"}],"wp:term":[{"taxonomy":"location","embeddable":true,"href":"https:\/\/anderskafka.cz\/eshop\/wp-json\/wp\/v2\/location?post=10858"},{"taxonomy":"product_cat","embeddable":true,"href":"https:\/\/anderskafka.cz\/eshop\/wp-json\/wp\/v2\/product_cat?post=10858"},{"taxonomy":"product_tag","embeddable":true,"href":"https:\/\/anderskafka.cz\/eshop\/wp-json\/wp\/v2\/product_tag?post=10858"}],"curies":[{"name":"wp","href":"https:\/\/api.w.org\/{rel}","templated":true}]}}