{"id":1097,"date":"2022-12-03T16:54:10","date_gmt":"2022-12-03T15:54:10","guid":{"rendered":"https:\/\/anderskafka.cz\/eshop\/?post_type=product&#038;p=1097"},"modified":"2026-03-09T01:25:16","modified_gmt":"2026-03-09T00:25:16","slug":"rento-masazni-saunova-zinka-zad","status":"publish","type":"product","link":"https:\/\/anderskafka.cz\/eshop\/produkt\/rento-masazni-saunova-zinka-zad\/","title":{"rendered":"RENTO mas\u00e1\u017en\u00ed saunov\u00e1 \u017e\u00ednka zad"},"content":{"rendered":"<p>Luxusn\u00ed mas\u00e1\u017en\u00ed \u017e\u00ednka zad s nad\u010dasov\u00fd designem. Pou\u017eit\u00ed na b\u011b\u017en\u00e9 jemn\u00e9 myt\u00ed a peeling cel\u00e9ho t\u011bla. Poko\u017eku zm\u011bk\u010denou saunov\u00e1n\u00edm jemn\u011b o\u010dist\u011bte \u017e\u00ednkou. Na obouch konc\u00edch \u017e\u00ednky jsou um\u00edst\u011bna praktick\u00e1 poutka.<br \/>\nFinsk\u00e1 kvalita.<\/p>\n","protected":false},"excerpt":{"rendered":"<p>Luxusn\u00ed mas\u00e1\u017en\u00ed \u017e\u00ednka zad s nad\u010dasov\u00fd designem. Pou\u017eit\u00ed na b\u011b\u017en\u00e9 jemn\u00e9 myt\u00ed a peeling cel\u00e9ho t\u011bla. Poko\u017eku zm\u011bk\u010denou saunov\u00e1n\u00edm jemn\u011b o\u010dist\u011bte \u017e\u00ednkou. \u00a0Na obouch konc\u00edch \u017e\u00ednky jsou um\u00edst\u011bna praktick\u00e1 poutka.<br \/>\nInspirov\u00e1no p\u0159\u00edrodou. Navr\u017eeno ve Finsku, specialistou na saunov\u00e9 dopl\u0148ky spole\u010dnost\u00ed RENTO.<img loading=\"lazy\" class=\"wp-image-135 aligncenter\" src=\"https:\/\/anderskafka.cz\/eshop\/wp-content\/uploads\/sites\/3\/2022\/06\/DesignFromFinland_web-1-300x300.png\" alt=\"\" width=\"178\" height=\"178\" \/><\/p>\n","protected":false},"featured_media":1034,"comment_status":"open","ping_status":"closed","template":"","meta":{"site-sidebar-layout":"default","site-content-layout":"default","ast-main-header-display":"","ast-hfb-above-header-display":"","ast-hfb-below-header-display":"","ast-hfb-mobile-header-display":"","site-post-title":"","ast-breadcrumbs-content":"","ast-featured-img":"","footer-sml-layout":"","theme-transparent-header-meta":"","adv-header-id-meta":"","stick-header-meta":"","header-above-stick-meta":"","header-main-stick-meta":"","header-below-stick-meta":""},"location":[],"product_cat":[1640,135,772],"product_tag":[103],"yoast_head":"<!-- This site is optimized with the Yoast SEO plugin v18.5.1 - https:\/\/yoast.com\/wordpress\/plugins\/seo\/ -->\n<title>RENTO mas\u00e1\u017en\u00ed saunov\u00e1 \u017e\u00ednka zad - Anders &amp; Kafka E-SHOP<\/title>\n<meta name=\"description\" content=\"Luxusn\u00ed mas\u00e1\u017en\u00ed \u017e\u00ednka zad s nad\u010dasov\u00fd designem. Pou\u017eit\u00ed na b\u011b\u017en\u00e9 jemn\u00e9 myt\u00ed a peeling cel\u00e9ho t\u011bla. Poko\u017eku zm\u011bk\u010denou saunov\u00e1n\u00edm jemn\u011b o\u010dist\u011bte \u017e\u00ednkou. \u00a0Na obouch konc\u00edch \u017e\u00ednky jsou um\u00edst\u011bna praktick\u00e1 poutka. Inspirov\u00e1no p\u0159\u00edrodou. Navr\u017eeno ve Finsku, specialistou na saunov\u00e9 dopl\u0148ky spole\u010dnost\u00ed RENTO.\" \/>\n<meta name=\"robots\" content=\"index, follow, max-snippet:-1, max-image-preview:large, max-video-preview:-1\" \/>\n<link rel=\"canonical\" href=\"https:\/\/anderskafka.cz\/eshop\/produkt\/rento-masazni-saunova-zinka-zad\/\" \/>\n<meta property=\"og:locale\" content=\"cs_CZ\" \/>\n<meta property=\"og:type\" content=\"article\" \/>\n<meta property=\"og:title\" content=\"RENTO mas\u00e1\u017en\u00ed saunov\u00e1 \u017e\u00ednka zad - Anders &amp; Kafka E-SHOP\" \/>\n<meta property=\"og:description\" content=\"Luxusn\u00ed mas\u00e1\u017en\u00ed \u017e\u00ednka zad s nad\u010dasov\u00fd designem. Pou\u017eit\u00ed na b\u011b\u017en\u00e9 jemn\u00e9 myt\u00ed a peeling cel\u00e9ho t\u011bla. Poko\u017eku zm\u011bk\u010denou saunov\u00e1n\u00edm jemn\u011b o\u010dist\u011bte \u017e\u00ednkou. \u00a0Na obouch konc\u00edch \u017e\u00ednky jsou um\u00edst\u011bna praktick\u00e1 poutka. Inspirov\u00e1no p\u0159\u00edrodou. Navr\u017eeno ve Finsku, specialistou na saunov\u00e9 dopl\u0148ky spole\u010dnost\u00ed RENTO.\" \/>\n<meta property=\"og:url\" content=\"https:\/\/anderskafka.cz\/eshop\/produkt\/rento-masazni-saunova-zinka-zad\/\" \/>\n<meta property=\"og:site_name\" content=\"Anders &amp; Kafka E-SHOP\" \/>\n<meta property=\"article:modified_time\" content=\"2026-03-09T00:25:16+00:00\" \/>\n<meta property=\"og:image\" content=\"https:\/\/anderskafka.cz\/eshop\/wp-content\/uploads\/sites\/3\/2022\/12\/6410412651440_H_N.jpg\" \/>\n\t<meta property=\"og:image:width\" content=\"700\" \/>\n\t<meta property=\"og:image:height\" content=\"700\" \/>\n\t<meta property=\"og:image:type\" content=\"image\/jpeg\" \/>\n<meta name=\"twitter:card\" content=\"summary_large_image\" \/>\n<script type=\"application\/ld+json\" class=\"yoast-schema-graph\">{\"@context\":\"https:\/\/schema.org\",\"@graph\":[{\"@type\":\"WebSite\",\"@id\":\"https:\/\/anderskafka.cz\/eshop\/#website\",\"url\":\"https:\/\/anderskafka.cz\/eshop\/\",\"name\":\"Anders &amp; Kafka E-SHOP\",\"description\":\"Anders &amp; Kafka E-SHOP\",\"potentialAction\":[{\"@type\":\"SearchAction\",\"target\":{\"@type\":\"EntryPoint\",\"urlTemplate\":\"https:\/\/anderskafka.cz\/eshop\/?s={search_term_string}\"},\"query-input\":\"required name=search_term_string\"}],\"inLanguage\":\"cs\"},{\"@type\":\"ImageObject\",\"@id\":\"https:\/\/anderskafka.cz\/eshop\/produkt\/rento-masazni-saunova-zinka-zad\/#primaryimage\",\"inLanguage\":\"cs\",\"url\":\"https:\/\/anderskafka.cz\/eshop\/wp-content\/uploads\/sites\/3\/2022\/12\/6410412651440_H_N.jpg\",\"contentUrl\":\"https:\/\/anderskafka.cz\/eshop\/wp-content\/uploads\/sites\/3\/2022\/12\/6410412651440_H_N.jpg\",\"width\":700,\"height\":700},{\"@type\":\"WebPage\",\"@id\":\"https:\/\/anderskafka.cz\/eshop\/produkt\/rento-masazni-saunova-zinka-zad\/#webpage\",\"url\":\"https:\/\/anderskafka.cz\/eshop\/produkt\/rento-masazni-saunova-zinka-zad\/\",\"name\":\"RENTO mas\u00e1\u017en\u00ed saunov\u00e1 \u017e\u00ednka zad - Anders &amp; Kafka E-SHOP\",\"isPartOf\":{\"@id\":\"https:\/\/anderskafka.cz\/eshop\/#website\"},\"primaryImageOfPage\":{\"@id\":\"https:\/\/anderskafka.cz\/eshop\/produkt\/rento-masazni-saunova-zinka-zad\/#primaryimage\"},\"datePublished\":\"2022-12-03T15:54:10+00:00\",\"dateModified\":\"2026-03-09T00:25:16+00:00\",\"description\":\"Luxusn\u00ed mas\u00e1\u017en\u00ed \u017e\u00ednka zad s nad\u010dasov\u00fd designem. Pou\u017eit\u00ed na b\u011b\u017en\u00e9 jemn\u00e9 myt\u00ed a peeling cel\u00e9ho t\u011bla. Poko\u017eku zm\u011bk\u010denou saunov\u00e1n\u00edm jemn\u011b o\u010dist\u011bte \u017e\u00ednkou. \u00a0Na obouch konc\u00edch \u017e\u00ednky jsou um\u00edst\u011bna praktick\u00e1 poutka. Inspirov\u00e1no p\u0159\u00edrodou. Navr\u017eeno ve Finsku, specialistou na saunov\u00e9 dopl\u0148ky spole\u010dnost\u00ed RENTO.\",\"breadcrumb\":{\"@id\":\"https:\/\/anderskafka.cz\/eshop\/produkt\/rento-masazni-saunova-zinka-zad\/#breadcrumb\"},\"inLanguage\":\"cs\",\"potentialAction\":[{\"@type\":\"ReadAction\",\"target\":[\"https:\/\/anderskafka.cz\/eshop\/produkt\/rento-masazni-saunova-zinka-zad\/\"]}]},{\"@type\":\"BreadcrumbList\",\"@id\":\"https:\/\/anderskafka.cz\/eshop\/produkt\/rento-masazni-saunova-zinka-zad\/#breadcrumb\",\"itemListElement\":[{\"@type\":\"ListItem\",\"position\":1,\"name\":\"Obchod\",\"item\":\"https:\/\/anderskafka.cz\/eshop\/obchod\/\"},{\"@type\":\"ListItem\",\"position\":2,\"name\":\"RENTO mas\u00e1\u017en\u00ed saunov\u00e1 \u017e\u00ednka zad\"}]}]}<\/script>\n<!-- \/ Yoast SEO plugin. -->","yoast_head_json":{"title":"RENTO mas\u00e1\u017en\u00ed saunov\u00e1 \u017e\u00ednka zad - Anders &amp; Kafka E-SHOP","description":"Luxusn\u00ed mas\u00e1\u017en\u00ed \u017e\u00ednka zad s nad\u010dasov\u00fd designem. Pou\u017eit\u00ed na b\u011b\u017en\u00e9 jemn\u00e9 myt\u00ed a peeling cel\u00e9ho t\u011bla. Poko\u017eku zm\u011bk\u010denou saunov\u00e1n\u00edm jemn\u011b o\u010dist\u011bte \u017e\u00ednkou. \u00a0Na obouch konc\u00edch \u017e\u00ednky jsou um\u00edst\u011bna praktick\u00e1 poutka. Inspirov\u00e1no p\u0159\u00edrodou. Navr\u017eeno ve Finsku, specialistou na saunov\u00e9 dopl\u0148ky spole\u010dnost\u00ed RENTO.","robots":{"index":"index","follow":"follow","max-snippet":"max-snippet:-1","max-image-preview":"max-image-preview:large","max-video-preview":"max-video-preview:-1"},"canonical":"https:\/\/anderskafka.cz\/eshop\/produkt\/rento-masazni-saunova-zinka-zad\/","og_locale":"cs_CZ","og_type":"article","og_title":"RENTO mas\u00e1\u017en\u00ed saunov\u00e1 \u017e\u00ednka zad - Anders &amp; Kafka E-SHOP","og_description":"Luxusn\u00ed mas\u00e1\u017en\u00ed \u017e\u00ednka zad s nad\u010dasov\u00fd designem. Pou\u017eit\u00ed na b\u011b\u017en\u00e9 jemn\u00e9 myt\u00ed a peeling cel\u00e9ho t\u011bla. Poko\u017eku zm\u011bk\u010denou saunov\u00e1n\u00edm jemn\u011b o\u010dist\u011bte \u017e\u00ednkou. \u00a0Na obouch konc\u00edch \u017e\u00ednky jsou um\u00edst\u011bna praktick\u00e1 poutka. Inspirov\u00e1no p\u0159\u00edrodou. Navr\u017eeno ve Finsku, specialistou na saunov\u00e9 dopl\u0148ky spole\u010dnost\u00ed RENTO.","og_url":"https:\/\/anderskafka.cz\/eshop\/produkt\/rento-masazni-saunova-zinka-zad\/","og_site_name":"Anders &amp; Kafka E-SHOP","article_modified_time":"2026-03-09T00:25:16+00:00","og_image":[{"width":700,"height":700,"url":"https:\/\/anderskafka.cz\/eshop\/wp-content\/uploads\/sites\/3\/2022\/12\/6410412651440_H_N.jpg","type":"image\/jpeg"}],"twitter_card":"summary_large_image","schema":{"@context":"https:\/\/schema.org","@graph":[{"@type":"WebSite","@id":"https:\/\/anderskafka.cz\/eshop\/#website","url":"https:\/\/anderskafka.cz\/eshop\/","name":"Anders &amp; Kafka E-SHOP","description":"Anders &amp; Kafka E-SHOP","potentialAction":[{"@type":"SearchAction","target":{"@type":"EntryPoint","urlTemplate":"https:\/\/anderskafka.cz\/eshop\/?s={search_term_string}"},"query-input":"required name=search_term_string"}],"inLanguage":"cs"},{"@type":"ImageObject","@id":"https:\/\/anderskafka.cz\/eshop\/produkt\/rento-masazni-saunova-zinka-zad\/#primaryimage","inLanguage":"cs","url":"https:\/\/anderskafka.cz\/eshop\/wp-content\/uploads\/sites\/3\/2022\/12\/6410412651440_H_N.jpg","contentUrl":"https:\/\/anderskafka.cz\/eshop\/wp-content\/uploads\/sites\/3\/2022\/12\/6410412651440_H_N.jpg","width":700,"height":700},{"@type":"WebPage","@id":"https:\/\/anderskafka.cz\/eshop\/produkt\/rento-masazni-saunova-zinka-zad\/#webpage","url":"https:\/\/anderskafka.cz\/eshop\/produkt\/rento-masazni-saunova-zinka-zad\/","name":"RENTO mas\u00e1\u017en\u00ed saunov\u00e1 \u017e\u00ednka zad - Anders &amp; Kafka E-SHOP","isPartOf":{"@id":"https:\/\/anderskafka.cz\/eshop\/#website"},"primaryImageOfPage":{"@id":"https:\/\/anderskafka.cz\/eshop\/produkt\/rento-masazni-saunova-zinka-zad\/#primaryimage"},"datePublished":"2022-12-03T15:54:10+00:00","dateModified":"2026-03-09T00:25:16+00:00","description":"Luxusn\u00ed mas\u00e1\u017en\u00ed \u017e\u00ednka zad s nad\u010dasov\u00fd designem. Pou\u017eit\u00ed na b\u011b\u017en\u00e9 jemn\u00e9 myt\u00ed a peeling cel\u00e9ho t\u011bla. Poko\u017eku zm\u011bk\u010denou saunov\u00e1n\u00edm jemn\u011b o\u010dist\u011bte \u017e\u00ednkou. \u00a0Na obouch konc\u00edch \u017e\u00ednky jsou um\u00edst\u011bna praktick\u00e1 poutka. Inspirov\u00e1no p\u0159\u00edrodou. Navr\u017eeno ve Finsku, specialistou na saunov\u00e9 dopl\u0148ky spole\u010dnost\u00ed RENTO.","breadcrumb":{"@id":"https:\/\/anderskafka.cz\/eshop\/produkt\/rento-masazni-saunova-zinka-zad\/#breadcrumb"},"inLanguage":"cs","potentialAction":[{"@type":"ReadAction","target":["https:\/\/anderskafka.cz\/eshop\/produkt\/rento-masazni-saunova-zinka-zad\/"]}]},{"@type":"BreadcrumbList","@id":"https:\/\/anderskafka.cz\/eshop\/produkt\/rento-masazni-saunova-zinka-zad\/#breadcrumb","itemListElement":[{"@type":"ListItem","position":1,"name":"Obchod","item":"https:\/\/anderskafka.cz\/eshop\/obchod\/"},{"@type":"ListItem","position":2,"name":"RENTO mas\u00e1\u017en\u00ed saunov\u00e1 \u017e\u00ednka zad"}]}]}},"locations":[],"_links":{"self":[{"href":"https:\/\/anderskafka.cz\/eshop\/wp-json\/wp\/v2\/product\/1097"}],"collection":[{"href":"https:\/\/anderskafka.cz\/eshop\/wp-json\/wp\/v2\/product"}],"about":[{"href":"https:\/\/anderskafka.cz\/eshop\/wp-json\/wp\/v2\/types\/product"}],"replies":[{"embeddable":true,"href":"https:\/\/anderskafka.cz\/eshop\/wp-json\/wp\/v2\/comments?post=1097"}],"wp:featuredmedia":[{"embeddable":true,"href":"https:\/\/anderskafka.cz\/eshop\/wp-json\/wp\/v2\/media\/1034"}],"wp:attachment":[{"href":"https:\/\/anderskafka.cz\/eshop\/wp-json\/wp\/v2\/media?parent=1097"}],"wp:term":[{"taxonomy":"location","embeddable":true,"href":"https:\/\/anderskafka.cz\/eshop\/wp-json\/wp\/v2\/location?post=1097"},{"taxonomy":"product_cat","embeddable":true,"href":"https:\/\/anderskafka.cz\/eshop\/wp-json\/wp\/v2\/product_cat?post=1097"},{"taxonomy":"product_tag","embeddable":true,"href":"https:\/\/anderskafka.cz\/eshop\/wp-json\/wp\/v2\/product_tag?post=1097"}],"curies":[{"name":"wp","href":"https:\/\/api.w.org\/{rel}","templated":true}]}}