{"id":1098,"date":"2022-12-03T16:59:15","date_gmt":"2022-12-03T15:59:15","guid":{"rendered":"https:\/\/anderskafka.cz\/eshop\/?post_type=product&#038;p=1098"},"modified":"2026-02-26T13:52:50","modified_gmt":"2026-02-26T12:52:50","slug":"rento-saunove-mydlo-s-prirodni-vuni-arkticke-borovice-150-g","status":"publish","type":"product","link":"https:\/\/anderskafka.cz\/eshop\/produkt\/rento-saunove-mydlo-s-prirodni-vuni-arkticke-borovice-150-g\/","title":{"rendered":"RENTO saunov\u00e9 m\u00fddlo s p\u0159\u00edrodn\u00ed v\u016fn\u00ed arktick\u00e9 borovice, 150 g"},"content":{"rendered":"<p>Hebk\u00e9, jemn\u011b p\u011bniv\u00e9 m\u00fddlo na b\u00e1zi rostlinn\u00e9ho oleje pro v\u0161echny \u010dleny rodiny. M\u00fddlo m\u00e1 kr\u00e1snou jutovou \u0161\u0148\u016frku, tak\u017ee si ho m\u016f\u017eete pov\u011bsit na dosah, kdykoli se budete pot\u0159ebovat um\u00fdt. V\u016fn\u011b obsahuje mlad\u00e9 jehli\u010d\u00ed, prysky\u0159ici a d\u0159evit\u00e9 v\u016fn\u011b, kter\u00e9 l\u00e1kaj\u00ed smysly.<br \/>\nFinsk\u00e1 kvalita.<\/p>\n","protected":false},"excerpt":{"rendered":"<p>Hebk\u00e9, jemn\u011b p\u011bniv\u00e9 m\u00fddlo na b\u00e1zi rostlinn\u00e9ho oleje pro v\u0161echny \u010dleny rodiny. M\u00fddlo m\u00e1 kr\u00e1snou jutovou \u0161\u0148\u016frku, tak\u017ee si ho m\u016f\u017eete pov\u011bsit na dosah, kdykoli se budete pot\u0159ebovat um\u00fdt. V\u016fn\u011b obsahuje mlad\u00e9 jehli\u010d\u00ed, prysky\u0159ici a d\u0159evit\u00e9 v\u016fn\u011b, kter\u00e9 l\u00e1kaj\u00ed smysly.<br \/>\nInspirov\u00e1no p\u0159\u00edrodou. Navr\u017eeno ve Finsku, specialistou na saunov\u00e9 dopl\u0148ky spole\u010dnost\u00ed RENTO. Relaxujte a u\u017e\u00edvejte si harmonii z autentick\u00e9ho z\u00e1\u017eitku finsk\u00e9 sauny.<img loading=\"lazy\" class=\"wp-image-135 aligncenter\" src=\"https:\/\/anderskafka.cz\/eshop\/wp-content\/uploads\/sites\/3\/2022\/06\/DesignFromFinland_web-1-300x300.png\" alt=\"\" width=\"178\" height=\"178\" \/><\/p>\n","protected":false},"featured_media":1027,"comment_status":"open","ping_status":"closed","template":"","meta":{"site-sidebar-layout":"default","site-content-layout":"default","ast-main-header-display":"","ast-hfb-above-header-display":"","ast-hfb-below-header-display":"","ast-hfb-mobile-header-display":"","site-post-title":"","ast-breadcrumbs-content":"","ast-featured-img":"","footer-sml-layout":"","theme-transparent-header-meta":"","adv-header-id-meta":"","stick-header-meta":"","header-above-stick-meta":"","header-main-stick-meta":"","header-below-stick-meta":""},"location":[],"product_cat":[107,1640],"product_tag":[103],"yoast_head":"<!-- This site is optimized with the Yoast SEO plugin v18.5.1 - https:\/\/yoast.com\/wordpress\/plugins\/seo\/ -->\n<title>RENTO saunov\u00e9 m\u00fddlo s p\u0159\u00edrodn\u00ed v\u016fn\u00ed arktick\u00e9 borovice, 150 g - Anders &amp; Kafka E-SHOP<\/title>\n<meta name=\"description\" content=\"Hebk\u00e9, jemn\u011b p\u011bniv\u00e9 m\u00fddlo na b\u00e1zi rostlinn\u00e9ho oleje pro v\u0161echny \u010dleny rodiny. M\u00fddlo m\u00e1 kr\u00e1snou jutovou \u0161\u0148\u016frku, tak\u017ee si ho m\u016f\u017eete pov\u011bsit na dosah, kdykoli se budete pot\u0159ebovat um\u00fdt. V\u016fn\u011b obsahuje mlad\u00e9 jehli\u010d\u00ed, prysky\u0159ici a d\u0159evit\u00e9 v\u016fn\u011b, kter\u00e9 l\u00e1kaj\u00ed smysly. Inspirov\u00e1no p\u0159\u00edrodou. Navr\u017eeno ve Finsku, specialistou na saunov\u00e9 dopl\u0148ky spole\u010dnost\u00ed RENTO. Relaxujte a u\u017e\u00edvejte si harmonii z autentick\u00e9ho z\u00e1\u017eitku finsk\u00e9 sauny.\" \/>\n<meta name=\"robots\" content=\"index, follow, max-snippet:-1, max-image-preview:large, max-video-preview:-1\" \/>\n<link rel=\"canonical\" href=\"https:\/\/anderskafka.cz\/eshop\/produkt\/rento-saunove-mydlo-s-prirodni-vuni-arkticke-borovice-150-g\/\" \/>\n<meta property=\"og:locale\" content=\"cs_CZ\" \/>\n<meta property=\"og:type\" content=\"article\" \/>\n<meta property=\"og:title\" content=\"RENTO saunov\u00e9 m\u00fddlo s p\u0159\u00edrodn\u00ed v\u016fn\u00ed arktick\u00e9 borovice, 150 g - Anders &amp; Kafka E-SHOP\" \/>\n<meta property=\"og:description\" content=\"Hebk\u00e9, jemn\u011b p\u011bniv\u00e9 m\u00fddlo na b\u00e1zi rostlinn\u00e9ho oleje pro v\u0161echny \u010dleny rodiny. M\u00fddlo m\u00e1 kr\u00e1snou jutovou \u0161\u0148\u016frku, tak\u017ee si ho m\u016f\u017eete pov\u011bsit na dosah, kdykoli se budete pot\u0159ebovat um\u00fdt. V\u016fn\u011b obsahuje mlad\u00e9 jehli\u010d\u00ed, prysky\u0159ici a d\u0159evit\u00e9 v\u016fn\u011b, kter\u00e9 l\u00e1kaj\u00ed smysly. Inspirov\u00e1no p\u0159\u00edrodou. Navr\u017eeno ve Finsku, specialistou na saunov\u00e9 dopl\u0148ky spole\u010dnost\u00ed RENTO. Relaxujte a u\u017e\u00edvejte si harmonii z autentick\u00e9ho z\u00e1\u017eitku finsk\u00e9 sauny.\" \/>\n<meta property=\"og:url\" content=\"https:\/\/anderskafka.cz\/eshop\/produkt\/rento-saunove-mydlo-s-prirodni-vuni-arkticke-borovice-150-g\/\" \/>\n<meta property=\"og:site_name\" content=\"Anders &amp; Kafka E-SHOP\" \/>\n<meta property=\"article:modified_time\" content=\"2026-02-26T12:52:50+00:00\" \/>\n<meta property=\"og:image\" content=\"https:\/\/anderskafka.cz\/eshop\/wp-content\/uploads\/sites\/3\/2022\/12\/6410413185449_H_N.jpg\" \/>\n\t<meta property=\"og:image:width\" content=\"700\" \/>\n\t<meta property=\"og:image:height\" content=\"700\" \/>\n\t<meta property=\"og:image:type\" content=\"image\/jpeg\" \/>\n<meta name=\"twitter:card\" content=\"summary_large_image\" \/>\n<script type=\"application\/ld+json\" class=\"yoast-schema-graph\">{\"@context\":\"https:\/\/schema.org\",\"@graph\":[{\"@type\":\"WebSite\",\"@id\":\"https:\/\/anderskafka.cz\/eshop\/#website\",\"url\":\"https:\/\/anderskafka.cz\/eshop\/\",\"name\":\"Anders &amp; Kafka E-SHOP\",\"description\":\"Anders &amp; Kafka E-SHOP\",\"potentialAction\":[{\"@type\":\"SearchAction\",\"target\":{\"@type\":\"EntryPoint\",\"urlTemplate\":\"https:\/\/anderskafka.cz\/eshop\/?s={search_term_string}\"},\"query-input\":\"required name=search_term_string\"}],\"inLanguage\":\"cs\"},{\"@type\":\"ImageObject\",\"@id\":\"https:\/\/anderskafka.cz\/eshop\/produkt\/rento-saunove-mydlo-s-prirodni-vuni-arkticke-borovice-150-g\/#primaryimage\",\"inLanguage\":\"cs\",\"url\":\"https:\/\/anderskafka.cz\/eshop\/wp-content\/uploads\/sites\/3\/2022\/12\/6410413185449_H_N.jpg\",\"contentUrl\":\"https:\/\/anderskafka.cz\/eshop\/wp-content\/uploads\/sites\/3\/2022\/12\/6410413185449_H_N.jpg\",\"width\":700,\"height\":700},{\"@type\":\"WebPage\",\"@id\":\"https:\/\/anderskafka.cz\/eshop\/produkt\/rento-saunove-mydlo-s-prirodni-vuni-arkticke-borovice-150-g\/#webpage\",\"url\":\"https:\/\/anderskafka.cz\/eshop\/produkt\/rento-saunove-mydlo-s-prirodni-vuni-arkticke-borovice-150-g\/\",\"name\":\"RENTO saunov\u00e9 m\u00fddlo s p\u0159\u00edrodn\u00ed v\u016fn\u00ed arktick\u00e9 borovice, 150 g - Anders &amp; Kafka E-SHOP\",\"isPartOf\":{\"@id\":\"https:\/\/anderskafka.cz\/eshop\/#website\"},\"primaryImageOfPage\":{\"@id\":\"https:\/\/anderskafka.cz\/eshop\/produkt\/rento-saunove-mydlo-s-prirodni-vuni-arkticke-borovice-150-g\/#primaryimage\"},\"datePublished\":\"2022-12-03T15:59:15+00:00\",\"dateModified\":\"2026-02-26T12:52:50+00:00\",\"description\":\"Hebk\u00e9, jemn\u011b p\u011bniv\u00e9 m\u00fddlo na b\u00e1zi rostlinn\u00e9ho oleje pro v\u0161echny \u010dleny rodiny. M\u00fddlo m\u00e1 kr\u00e1snou jutovou \u0161\u0148\u016frku, tak\u017ee si ho m\u016f\u017eete pov\u011bsit na dosah, kdykoli se budete pot\u0159ebovat um\u00fdt. V\u016fn\u011b obsahuje mlad\u00e9 jehli\u010d\u00ed, prysky\u0159ici a d\u0159evit\u00e9 v\u016fn\u011b, kter\u00e9 l\u00e1kaj\u00ed smysly. Inspirov\u00e1no p\u0159\u00edrodou. Navr\u017eeno ve Finsku, specialistou na saunov\u00e9 dopl\u0148ky spole\u010dnost\u00ed RENTO. Relaxujte a u\u017e\u00edvejte si harmonii z autentick\u00e9ho z\u00e1\u017eitku finsk\u00e9 sauny.\",\"breadcrumb\":{\"@id\":\"https:\/\/anderskafka.cz\/eshop\/produkt\/rento-saunove-mydlo-s-prirodni-vuni-arkticke-borovice-150-g\/#breadcrumb\"},\"inLanguage\":\"cs\",\"potentialAction\":[{\"@type\":\"ReadAction\",\"target\":[\"https:\/\/anderskafka.cz\/eshop\/produkt\/rento-saunove-mydlo-s-prirodni-vuni-arkticke-borovice-150-g\/\"]}]},{\"@type\":\"BreadcrumbList\",\"@id\":\"https:\/\/anderskafka.cz\/eshop\/produkt\/rento-saunove-mydlo-s-prirodni-vuni-arkticke-borovice-150-g\/#breadcrumb\",\"itemListElement\":[{\"@type\":\"ListItem\",\"position\":1,\"name\":\"Obchod\",\"item\":\"https:\/\/anderskafka.cz\/eshop\/obchod\/\"},{\"@type\":\"ListItem\",\"position\":2,\"name\":\"RENTO saunov\u00e9 m\u00fddlo s p\u0159\u00edrodn\u00ed v\u016fn\u00ed arktick\u00e9 borovice, 150 g\"}]}]}<\/script>\n<!-- \/ Yoast SEO plugin. -->","yoast_head_json":{"title":"RENTO saunov\u00e9 m\u00fddlo s p\u0159\u00edrodn\u00ed v\u016fn\u00ed arktick\u00e9 borovice, 150 g - Anders &amp; Kafka E-SHOP","description":"Hebk\u00e9, jemn\u011b p\u011bniv\u00e9 m\u00fddlo na b\u00e1zi rostlinn\u00e9ho oleje pro v\u0161echny \u010dleny rodiny. M\u00fddlo m\u00e1 kr\u00e1snou jutovou \u0161\u0148\u016frku, tak\u017ee si ho m\u016f\u017eete pov\u011bsit na dosah, kdykoli se budete pot\u0159ebovat um\u00fdt. V\u016fn\u011b obsahuje mlad\u00e9 jehli\u010d\u00ed, prysky\u0159ici a d\u0159evit\u00e9 v\u016fn\u011b, kter\u00e9 l\u00e1kaj\u00ed smysly. Inspirov\u00e1no p\u0159\u00edrodou. Navr\u017eeno ve Finsku, specialistou na saunov\u00e9 dopl\u0148ky spole\u010dnost\u00ed RENTO. Relaxujte a u\u017e\u00edvejte si harmonii z autentick\u00e9ho z\u00e1\u017eitku finsk\u00e9 sauny.","robots":{"index":"index","follow":"follow","max-snippet":"max-snippet:-1","max-image-preview":"max-image-preview:large","max-video-preview":"max-video-preview:-1"},"canonical":"https:\/\/anderskafka.cz\/eshop\/produkt\/rento-saunove-mydlo-s-prirodni-vuni-arkticke-borovice-150-g\/","og_locale":"cs_CZ","og_type":"article","og_title":"RENTO saunov\u00e9 m\u00fddlo s p\u0159\u00edrodn\u00ed v\u016fn\u00ed arktick\u00e9 borovice, 150 g - Anders &amp; Kafka E-SHOP","og_description":"Hebk\u00e9, jemn\u011b p\u011bniv\u00e9 m\u00fddlo na b\u00e1zi rostlinn\u00e9ho oleje pro v\u0161echny \u010dleny rodiny. M\u00fddlo m\u00e1 kr\u00e1snou jutovou \u0161\u0148\u016frku, tak\u017ee si ho m\u016f\u017eete pov\u011bsit na dosah, kdykoli se budete pot\u0159ebovat um\u00fdt. V\u016fn\u011b obsahuje mlad\u00e9 jehli\u010d\u00ed, prysky\u0159ici a d\u0159evit\u00e9 v\u016fn\u011b, kter\u00e9 l\u00e1kaj\u00ed smysly. Inspirov\u00e1no p\u0159\u00edrodou. Navr\u017eeno ve Finsku, specialistou na saunov\u00e9 dopl\u0148ky spole\u010dnost\u00ed RENTO. Relaxujte a u\u017e\u00edvejte si harmonii z autentick\u00e9ho z\u00e1\u017eitku finsk\u00e9 sauny.","og_url":"https:\/\/anderskafka.cz\/eshop\/produkt\/rento-saunove-mydlo-s-prirodni-vuni-arkticke-borovice-150-g\/","og_site_name":"Anders &amp; Kafka E-SHOP","article_modified_time":"2026-02-26T12:52:50+00:00","og_image":[{"width":700,"height":700,"url":"https:\/\/anderskafka.cz\/eshop\/wp-content\/uploads\/sites\/3\/2022\/12\/6410413185449_H_N.jpg","type":"image\/jpeg"}],"twitter_card":"summary_large_image","schema":{"@context":"https:\/\/schema.org","@graph":[{"@type":"WebSite","@id":"https:\/\/anderskafka.cz\/eshop\/#website","url":"https:\/\/anderskafka.cz\/eshop\/","name":"Anders &amp; Kafka E-SHOP","description":"Anders &amp; Kafka E-SHOP","potentialAction":[{"@type":"SearchAction","target":{"@type":"EntryPoint","urlTemplate":"https:\/\/anderskafka.cz\/eshop\/?s={search_term_string}"},"query-input":"required name=search_term_string"}],"inLanguage":"cs"},{"@type":"ImageObject","@id":"https:\/\/anderskafka.cz\/eshop\/produkt\/rento-saunove-mydlo-s-prirodni-vuni-arkticke-borovice-150-g\/#primaryimage","inLanguage":"cs","url":"https:\/\/anderskafka.cz\/eshop\/wp-content\/uploads\/sites\/3\/2022\/12\/6410413185449_H_N.jpg","contentUrl":"https:\/\/anderskafka.cz\/eshop\/wp-content\/uploads\/sites\/3\/2022\/12\/6410413185449_H_N.jpg","width":700,"height":700},{"@type":"WebPage","@id":"https:\/\/anderskafka.cz\/eshop\/produkt\/rento-saunove-mydlo-s-prirodni-vuni-arkticke-borovice-150-g\/#webpage","url":"https:\/\/anderskafka.cz\/eshop\/produkt\/rento-saunove-mydlo-s-prirodni-vuni-arkticke-borovice-150-g\/","name":"RENTO saunov\u00e9 m\u00fddlo s p\u0159\u00edrodn\u00ed v\u016fn\u00ed arktick\u00e9 borovice, 150 g - Anders &amp; Kafka E-SHOP","isPartOf":{"@id":"https:\/\/anderskafka.cz\/eshop\/#website"},"primaryImageOfPage":{"@id":"https:\/\/anderskafka.cz\/eshop\/produkt\/rento-saunove-mydlo-s-prirodni-vuni-arkticke-borovice-150-g\/#primaryimage"},"datePublished":"2022-12-03T15:59:15+00:00","dateModified":"2026-02-26T12:52:50+00:00","description":"Hebk\u00e9, jemn\u011b p\u011bniv\u00e9 m\u00fddlo na b\u00e1zi rostlinn\u00e9ho oleje pro v\u0161echny \u010dleny rodiny. M\u00fddlo m\u00e1 kr\u00e1snou jutovou \u0161\u0148\u016frku, tak\u017ee si ho m\u016f\u017eete pov\u011bsit na dosah, kdykoli se budete pot\u0159ebovat um\u00fdt. V\u016fn\u011b obsahuje mlad\u00e9 jehli\u010d\u00ed, prysky\u0159ici a d\u0159evit\u00e9 v\u016fn\u011b, kter\u00e9 l\u00e1kaj\u00ed smysly. Inspirov\u00e1no p\u0159\u00edrodou. Navr\u017eeno ve Finsku, specialistou na saunov\u00e9 dopl\u0148ky spole\u010dnost\u00ed RENTO. Relaxujte a u\u017e\u00edvejte si harmonii z autentick\u00e9ho z\u00e1\u017eitku finsk\u00e9 sauny.","breadcrumb":{"@id":"https:\/\/anderskafka.cz\/eshop\/produkt\/rento-saunove-mydlo-s-prirodni-vuni-arkticke-borovice-150-g\/#breadcrumb"},"inLanguage":"cs","potentialAction":[{"@type":"ReadAction","target":["https:\/\/anderskafka.cz\/eshop\/produkt\/rento-saunove-mydlo-s-prirodni-vuni-arkticke-borovice-150-g\/"]}]},{"@type":"BreadcrumbList","@id":"https:\/\/anderskafka.cz\/eshop\/produkt\/rento-saunove-mydlo-s-prirodni-vuni-arkticke-borovice-150-g\/#breadcrumb","itemListElement":[{"@type":"ListItem","position":1,"name":"Obchod","item":"https:\/\/anderskafka.cz\/eshop\/obchod\/"},{"@type":"ListItem","position":2,"name":"RENTO saunov\u00e9 m\u00fddlo s p\u0159\u00edrodn\u00ed v\u016fn\u00ed arktick\u00e9 borovice, 150 g"}]}]}},"locations":[],"_links":{"self":[{"href":"https:\/\/anderskafka.cz\/eshop\/wp-json\/wp\/v2\/product\/1098"}],"collection":[{"href":"https:\/\/anderskafka.cz\/eshop\/wp-json\/wp\/v2\/product"}],"about":[{"href":"https:\/\/anderskafka.cz\/eshop\/wp-json\/wp\/v2\/types\/product"}],"replies":[{"embeddable":true,"href":"https:\/\/anderskafka.cz\/eshop\/wp-json\/wp\/v2\/comments?post=1098"}],"wp:featuredmedia":[{"embeddable":true,"href":"https:\/\/anderskafka.cz\/eshop\/wp-json\/wp\/v2\/media\/1027"}],"wp:attachment":[{"href":"https:\/\/anderskafka.cz\/eshop\/wp-json\/wp\/v2\/media?parent=1098"}],"wp:term":[{"taxonomy":"location","embeddable":true,"href":"https:\/\/anderskafka.cz\/eshop\/wp-json\/wp\/v2\/location?post=1098"},{"taxonomy":"product_cat","embeddable":true,"href":"https:\/\/anderskafka.cz\/eshop\/wp-json\/wp\/v2\/product_cat?post=1098"},{"taxonomy":"product_tag","embeddable":true,"href":"https:\/\/anderskafka.cz\/eshop\/wp-json\/wp\/v2\/product_tag?post=1098"}],"curies":[{"name":"wp","href":"https:\/\/api.w.org\/{rel}","templated":true}]}}