{"id":11068,"date":"2025-07-24T21:07:24","date_gmt":"2025-07-24T19:07:24","guid":{"rendered":"https:\/\/anderskafka.cz\/eshop\/?post_type=product&#038;p=11068"},"modified":"2025-10-23T13:31:43","modified_gmt":"2025-10-23T11:31:43","slug":"chemoform-chemoclor-chlornan-sodny-24-kg","status":"publish","type":"product","link":"https:\/\/anderskafka.cz\/eshop\/produkt\/chemoform-chemoclor-chlornan-sodny-24-kg\/","title":{"rendered":"CHEMOFORM chemoclor chlornan sodn\u00fd, 24 kg"},"content":{"rendered":"<div id=\"product-description\">\n<p>Chemoclor &#8211; chlornan sodn\u00fd je p\u0159\u00edpravek ur\u010den\u00fd k p\u00e9\u010di o baz\u00e9ny s automatick\u00fdmi chl\u00f3rov\u00fdmi d\u00e1vkova\u010di. M\u00e1 n\u011bkolikastup\u0148ovou stabilizaci &#8211; proti vyprch\u00e1v\u00e1n\u00ed chl\u00f3ru z p\u0159epravn\u00edho kanystru a proti \u00fabytku chl\u00f3ru z vodn\u00ed hladiny po aplikaci do baz\u00e9nu vlivem tepla a slune\u010dn\u00edho z\u00e1\u0159en\u00ed.<\/p>\n<p><strong style=\"font-size: 16px\">Pou\u017e\u00edvejte biocidn\u00ed p\u0159\u00edpravky bezpe\u010dn\u011b. P\u0159ed pou\u017eit\u00edm si v\u017edy p\u0159e\u010dt\u011bte \u00fadaje na obalu a p\u0159ipojen\u00e9 informace o v\u00fdrobku.<\/strong><\/p>\n<\/div>\n","protected":false},"excerpt":{"rendered":"<p>Chlornan sodn\u00fd 13 &#8211; 16% k pou\u017eit\u00ed ve velk\u00fdch a ve\u0159ejn\u00fdch\u00a0baz\u00e9nech. Stabilizovan\u00fd proti vyprch\u00e1v\u00e1n\u00ed \u00fa\u010dinn\u00e9 l\u00e1tky z barelu, trvanlivost 6 m\u011bs\u00edc\u016f.<\/p>\n","protected":false},"featured_media":11069,"comment_status":"open","ping_status":"closed","template":"","meta":{"site-sidebar-layout":"default","site-content-layout":"default","ast-main-header-display":"","ast-hfb-above-header-display":"","ast-hfb-below-header-display":"","ast-hfb-mobile-header-display":"disabled","site-post-title":"","ast-breadcrumbs-content":"","ast-featured-img":"","footer-sml-layout":"","theme-transparent-header-meta":"","adv-header-id-meta":"","stick-header-meta":"","header-above-stick-meta":"","header-main-stick-meta":"","header-below-stick-meta":""},"location":[],"product_cat":[1593],"product_tag":[1126],"yoast_head":"<!-- This site is optimized with the Yoast SEO plugin v18.5.1 - https:\/\/yoast.com\/wordpress\/plugins\/seo\/ -->\n<title>CHEMOFORM chemoclor chlornan sodn\u00fd, 24 kg - Anders &amp; Kafka E-SHOP<\/title>\n<meta name=\"description\" content=\"Chlornan sodn\u00fd 13 - 16% k pou\u017eit\u00ed ve velk\u00fdch a ve\u0159ejn\u00fdch\u00a0baz\u00e9nech. Stabilizovan\u00fd proti vyprch\u00e1v\u00e1n\u00ed \u00fa\u010dinn\u00e9 l\u00e1tky z barelu, trvanlivost 6 m\u011bs\u00edc\u016f.\" \/>\n<meta name=\"robots\" content=\"index, follow, max-snippet:-1, max-image-preview:large, max-video-preview:-1\" \/>\n<link rel=\"canonical\" href=\"https:\/\/anderskafka.cz\/eshop\/produkt\/chemoform-chemoclor-chlornan-sodny-24-kg\/\" \/>\n<meta property=\"og:locale\" content=\"cs_CZ\" \/>\n<meta property=\"og:type\" content=\"article\" \/>\n<meta property=\"og:title\" content=\"CHEMOFORM chemoclor chlornan sodn\u00fd, 24 kg - Anders &amp; Kafka E-SHOP\" \/>\n<meta property=\"og:description\" content=\"Chlornan sodn\u00fd 13 - 16% k pou\u017eit\u00ed ve velk\u00fdch a ve\u0159ejn\u00fdch\u00a0baz\u00e9nech. Stabilizovan\u00fd proti vyprch\u00e1v\u00e1n\u00ed \u00fa\u010dinn\u00e9 l\u00e1tky z barelu, trvanlivost 6 m\u011bs\u00edc\u016f.\" \/>\n<meta property=\"og:url\" content=\"https:\/\/anderskafka.cz\/eshop\/produkt\/chemoform-chemoclor-chlornan-sodny-24-kg\/\" \/>\n<meta property=\"og:site_name\" content=\"Anders &amp; Kafka E-SHOP\" \/>\n<meta property=\"article:modified_time\" content=\"2025-10-23T11:31:43+00:00\" \/>\n<meta name=\"twitter:card\" content=\"summary_large_image\" \/>\n<meta name=\"twitter:image\" content=\"https:\/\/anderskafka.cz\/eshop\/wp-content\/uploads\/sites\/3\/2025\/07\/CHEMOFORM_chemoclorchlornansodny_AndersKafka.webp\" \/>\n<meta name=\"twitter:label1\" content=\"Odhadovan\u00e1 doba \u010dten\u00ed\" \/>\n\t<meta name=\"twitter:data1\" content=\"1 minuta\" \/>\n<script type=\"application\/ld+json\" class=\"yoast-schema-graph\">{\"@context\":\"https:\/\/schema.org\",\"@graph\":[{\"@type\":\"WebSite\",\"@id\":\"https:\/\/anderskafka.cz\/eshop\/#website\",\"url\":\"https:\/\/anderskafka.cz\/eshop\/\",\"name\":\"Anders &amp; Kafka E-SHOP\",\"description\":\"Anders &amp; Kafka E-SHOP\",\"potentialAction\":[{\"@type\":\"SearchAction\",\"target\":{\"@type\":\"EntryPoint\",\"urlTemplate\":\"https:\/\/anderskafka.cz\/eshop\/?s={search_term_string}\"},\"query-input\":\"required name=search_term_string\"}],\"inLanguage\":\"cs\"},{\"@type\":\"ImageObject\",\"@id\":\"https:\/\/anderskafka.cz\/eshop\/produkt\/chemoform-chemoclor-chlornan-sodny-24-kg\/#primaryimage\",\"inLanguage\":\"cs\",\"url\":\"https:\/\/anderskafka.cz\/eshop\/wp-content\/uploads\/sites\/3\/2025\/07\/CHEMOFORM_chemoclorchlornansodny_AndersKafka.webp\",\"contentUrl\":\"https:\/\/anderskafka.cz\/eshop\/wp-content\/uploads\/sites\/3\/2025\/07\/CHEMOFORM_chemoclorchlornansodny_AndersKafka.webp\",\"width\":1500,\"height\":1500},{\"@type\":\"WebPage\",\"@id\":\"https:\/\/anderskafka.cz\/eshop\/produkt\/chemoform-chemoclor-chlornan-sodny-24-kg\/#webpage\",\"url\":\"https:\/\/anderskafka.cz\/eshop\/produkt\/chemoform-chemoclor-chlornan-sodny-24-kg\/\",\"name\":\"CHEMOFORM chemoclor chlornan sodn\u00fd, 24 kg - Anders &amp; Kafka E-SHOP\",\"isPartOf\":{\"@id\":\"https:\/\/anderskafka.cz\/eshop\/#website\"},\"primaryImageOfPage\":{\"@id\":\"https:\/\/anderskafka.cz\/eshop\/produkt\/chemoform-chemoclor-chlornan-sodny-24-kg\/#primaryimage\"},\"datePublished\":\"2025-07-24T19:07:24+00:00\",\"dateModified\":\"2025-10-23T11:31:43+00:00\",\"description\":\"Chlornan sodn\u00fd 13 - 16% k pou\u017eit\u00ed ve velk\u00fdch a ve\u0159ejn\u00fdch\u00a0baz\u00e9nech. Stabilizovan\u00fd proti vyprch\u00e1v\u00e1n\u00ed \u00fa\u010dinn\u00e9 l\u00e1tky z barelu, trvanlivost 6 m\u011bs\u00edc\u016f.\",\"breadcrumb\":{\"@id\":\"https:\/\/anderskafka.cz\/eshop\/produkt\/chemoform-chemoclor-chlornan-sodny-24-kg\/#breadcrumb\"},\"inLanguage\":\"cs\",\"potentialAction\":[{\"@type\":\"ReadAction\",\"target\":[\"https:\/\/anderskafka.cz\/eshop\/produkt\/chemoform-chemoclor-chlornan-sodny-24-kg\/\"]}]},{\"@type\":\"BreadcrumbList\",\"@id\":\"https:\/\/anderskafka.cz\/eshop\/produkt\/chemoform-chemoclor-chlornan-sodny-24-kg\/#breadcrumb\",\"itemListElement\":[{\"@type\":\"ListItem\",\"position\":1,\"name\":\"Obchod\",\"item\":\"https:\/\/anderskafka.cz\/eshop\/obchod\/\"},{\"@type\":\"ListItem\",\"position\":2,\"name\":\"CHEMOFORM chemoclor chlornan sodn\u00fd, 24 kg\"}]}]}<\/script>\n<!-- \/ Yoast SEO plugin. -->","yoast_head_json":{"title":"CHEMOFORM chemoclor chlornan sodn\u00fd, 24 kg - Anders &amp; Kafka E-SHOP","description":"Chlornan sodn\u00fd 13 - 16% k pou\u017eit\u00ed ve velk\u00fdch a ve\u0159ejn\u00fdch\u00a0baz\u00e9nech. Stabilizovan\u00fd proti vyprch\u00e1v\u00e1n\u00ed \u00fa\u010dinn\u00e9 l\u00e1tky z barelu, trvanlivost 6 m\u011bs\u00edc\u016f.","robots":{"index":"index","follow":"follow","max-snippet":"max-snippet:-1","max-image-preview":"max-image-preview:large","max-video-preview":"max-video-preview:-1"},"canonical":"https:\/\/anderskafka.cz\/eshop\/produkt\/chemoform-chemoclor-chlornan-sodny-24-kg\/","og_locale":"cs_CZ","og_type":"article","og_title":"CHEMOFORM chemoclor chlornan sodn\u00fd, 24 kg - Anders &amp; Kafka E-SHOP","og_description":"Chlornan sodn\u00fd 13 - 16% k pou\u017eit\u00ed ve velk\u00fdch a ve\u0159ejn\u00fdch\u00a0baz\u00e9nech. Stabilizovan\u00fd proti vyprch\u00e1v\u00e1n\u00ed \u00fa\u010dinn\u00e9 l\u00e1tky z barelu, trvanlivost 6 m\u011bs\u00edc\u016f.","og_url":"https:\/\/anderskafka.cz\/eshop\/produkt\/chemoform-chemoclor-chlornan-sodny-24-kg\/","og_site_name":"Anders &amp; Kafka E-SHOP","article_modified_time":"2025-10-23T11:31:43+00:00","twitter_card":"summary_large_image","twitter_image":"https:\/\/anderskafka.cz\/eshop\/wp-content\/uploads\/sites\/3\/2025\/07\/CHEMOFORM_chemoclorchlornansodny_AndersKafka.webp","twitter_misc":{"Odhadovan\u00e1 doba \u010dten\u00ed":"1 minuta"},"schema":{"@context":"https:\/\/schema.org","@graph":[{"@type":"WebSite","@id":"https:\/\/anderskafka.cz\/eshop\/#website","url":"https:\/\/anderskafka.cz\/eshop\/","name":"Anders &amp; Kafka E-SHOP","description":"Anders &amp; Kafka E-SHOP","potentialAction":[{"@type":"SearchAction","target":{"@type":"EntryPoint","urlTemplate":"https:\/\/anderskafka.cz\/eshop\/?s={search_term_string}"},"query-input":"required name=search_term_string"}],"inLanguage":"cs"},{"@type":"ImageObject","@id":"https:\/\/anderskafka.cz\/eshop\/produkt\/chemoform-chemoclor-chlornan-sodny-24-kg\/#primaryimage","inLanguage":"cs","url":"https:\/\/anderskafka.cz\/eshop\/wp-content\/uploads\/sites\/3\/2025\/07\/CHEMOFORM_chemoclorchlornansodny_AndersKafka.webp","contentUrl":"https:\/\/anderskafka.cz\/eshop\/wp-content\/uploads\/sites\/3\/2025\/07\/CHEMOFORM_chemoclorchlornansodny_AndersKafka.webp","width":1500,"height":1500},{"@type":"WebPage","@id":"https:\/\/anderskafka.cz\/eshop\/produkt\/chemoform-chemoclor-chlornan-sodny-24-kg\/#webpage","url":"https:\/\/anderskafka.cz\/eshop\/produkt\/chemoform-chemoclor-chlornan-sodny-24-kg\/","name":"CHEMOFORM chemoclor chlornan sodn\u00fd, 24 kg - Anders &amp; Kafka E-SHOP","isPartOf":{"@id":"https:\/\/anderskafka.cz\/eshop\/#website"},"primaryImageOfPage":{"@id":"https:\/\/anderskafka.cz\/eshop\/produkt\/chemoform-chemoclor-chlornan-sodny-24-kg\/#primaryimage"},"datePublished":"2025-07-24T19:07:24+00:00","dateModified":"2025-10-23T11:31:43+00:00","description":"Chlornan sodn\u00fd 13 - 16% k pou\u017eit\u00ed ve velk\u00fdch a ve\u0159ejn\u00fdch\u00a0baz\u00e9nech. Stabilizovan\u00fd proti vyprch\u00e1v\u00e1n\u00ed \u00fa\u010dinn\u00e9 l\u00e1tky z barelu, trvanlivost 6 m\u011bs\u00edc\u016f.","breadcrumb":{"@id":"https:\/\/anderskafka.cz\/eshop\/produkt\/chemoform-chemoclor-chlornan-sodny-24-kg\/#breadcrumb"},"inLanguage":"cs","potentialAction":[{"@type":"ReadAction","target":["https:\/\/anderskafka.cz\/eshop\/produkt\/chemoform-chemoclor-chlornan-sodny-24-kg\/"]}]},{"@type":"BreadcrumbList","@id":"https:\/\/anderskafka.cz\/eshop\/produkt\/chemoform-chemoclor-chlornan-sodny-24-kg\/#breadcrumb","itemListElement":[{"@type":"ListItem","position":1,"name":"Obchod","item":"https:\/\/anderskafka.cz\/eshop\/obchod\/"},{"@type":"ListItem","position":2,"name":"CHEMOFORM chemoclor chlornan sodn\u00fd, 24 kg"}]}]}},"locations":[],"_links":{"self":[{"href":"https:\/\/anderskafka.cz\/eshop\/wp-json\/wp\/v2\/product\/11068"}],"collection":[{"href":"https:\/\/anderskafka.cz\/eshop\/wp-json\/wp\/v2\/product"}],"about":[{"href":"https:\/\/anderskafka.cz\/eshop\/wp-json\/wp\/v2\/types\/product"}],"replies":[{"embeddable":true,"href":"https:\/\/anderskafka.cz\/eshop\/wp-json\/wp\/v2\/comments?post=11068"}],"wp:featuredmedia":[{"embeddable":true,"href":"https:\/\/anderskafka.cz\/eshop\/wp-json\/wp\/v2\/media\/11069"}],"wp:attachment":[{"href":"https:\/\/anderskafka.cz\/eshop\/wp-json\/wp\/v2\/media?parent=11068"}],"wp:term":[{"taxonomy":"location","embeddable":true,"href":"https:\/\/anderskafka.cz\/eshop\/wp-json\/wp\/v2\/location?post=11068"},{"taxonomy":"product_cat","embeddable":true,"href":"https:\/\/anderskafka.cz\/eshop\/wp-json\/wp\/v2\/product_cat?post=11068"},{"taxonomy":"product_tag","embeddable":true,"href":"https:\/\/anderskafka.cz\/eshop\/wp-json\/wp\/v2\/product_tag?post=11068"}],"curies":[{"name":"wp","href":"https:\/\/api.w.org\/{rel}","templated":true}]}}