{"id":11092,"date":"2025-07-25T13:21:40","date_gmt":"2025-07-25T11:21:40","guid":{"rendered":"https:\/\/anderskafka.cz\/eshop\/?post_type=product&#038;p=11092"},"modified":"2026-01-15T14:04:47","modified_gmt":"2026-01-15T13:04:47","slug":"chemoform-aquablanc-kyslikovy-aktivator-3-l","status":"publish","type":"product","link":"https:\/\/anderskafka.cz\/eshop\/produkt\/chemoform-aquablanc-kyslikovy-aktivator-3-l\/","title":{"rendered":"CHEMOFORM aquablanc kysl\u00edkov\u00fd aktiv\u00e1tor, 3 L"},"content":{"rendered":"<div id=\"product-description\">\n<p>Ide\u00e1ln\u00ed hodnota pH : 7,0 &#8211; 7,4. Ide\u00e1ln\u00ed hodnota kysl\u00edku : 5,0 &#8211; 8,0 ppm. Aktiv\u00e1tor spou\u0161t\u00ed dezinfek\u010dn\u00ed reakci p\u0159id\u00e1n\u00edm ke kysl\u00edkov\u00fdm dezinfek\u010dn\u00edm prost\u0159edk\u016fm. Ozna\u010duje se jako komponent 2. A\u010dkoli neobsahuje kysl\u00edk, je ned\u00edlnou sou\u010d\u00e1st\u00ed kysl\u00edkov\u00e9ho o\u0161et\u0159en\u00ed baz\u00e9nov\u00e9 vody.<\/p>\n<p><strong style=\"font-size: 16px\">Pou\u017e\u00edvejte biocidn\u00ed p\u0159\u00edpravky bezpe\u010dn\u011b. P\u0159ed pou\u017eit\u00edm si v\u017edy p\u0159e\u010dt\u011bte \u00fadaje na obalu a p\u0159ipojen\u00e9 informace o v\u00fdrobku.<\/strong><\/p>\n<\/div>\n","protected":false},"excerpt":{"rendered":"<p>P\u0159\u00edpravek pro \u00fapou\u017eit\u00ed v kombinaci s kysl\u00edkov\u00fdm granul\u00e1tem nebo tabletami. Zabra\u0148uje v\u00fdskytu \u0159as. Pro krystalicky pr\u016fzra\u010dnou vodu.<\/p>\n","protected":false},"featured_media":11094,"comment_status":"open","ping_status":"closed","template":"","meta":{"site-sidebar-layout":"default","site-content-layout":"default","ast-main-header-display":"","ast-hfb-above-header-display":"","ast-hfb-below-header-display":"","ast-hfb-mobile-header-display":"disabled","site-post-title":"","ast-breadcrumbs-content":"","ast-featured-img":"","footer-sml-layout":"","theme-transparent-header-meta":"","adv-header-id-meta":"","stick-header-meta":"","header-above-stick-meta":"","header-main-stick-meta":"","header-below-stick-meta":""},"location":[],"product_cat":[1594],"product_tag":[1126],"yoast_head":"<!-- This site is optimized with the Yoast SEO plugin v18.5.1 - https:\/\/yoast.com\/wordpress\/plugins\/seo\/ -->\n<title>CHEMOFORM aquablanc kysl\u00edkov\u00fd aktiv\u00e1tor, 3 L - Anders &amp; Kafka E-SHOP<\/title>\n<meta name=\"description\" content=\"P\u0159\u00edpravek pro \u00fapou\u017eit\u00ed v kombinaci s kysl\u00edkov\u00fdm granul\u00e1tem nebo tabletami. Zabra\u0148uje v\u00fdskytu \u0159as. Pro krystalicky pr\u016fzra\u010dnou vodu.\" \/>\n<meta name=\"robots\" content=\"index, follow, max-snippet:-1, max-image-preview:large, max-video-preview:-1\" \/>\n<link rel=\"canonical\" href=\"https:\/\/anderskafka.cz\/eshop\/produkt\/chemoform-aquablanc-kyslikovy-aktivator-3-l\/\" \/>\n<meta property=\"og:locale\" content=\"cs_CZ\" \/>\n<meta property=\"og:type\" content=\"article\" \/>\n<meta property=\"og:title\" content=\"CHEMOFORM aquablanc kysl\u00edkov\u00fd aktiv\u00e1tor, 3 L - Anders &amp; Kafka E-SHOP\" \/>\n<meta property=\"og:description\" content=\"P\u0159\u00edpravek pro \u00fapou\u017eit\u00ed v kombinaci s kysl\u00edkov\u00fdm granul\u00e1tem nebo tabletami. Zabra\u0148uje v\u00fdskytu \u0159as. Pro krystalicky pr\u016fzra\u010dnou vodu.\" \/>\n<meta property=\"og:url\" content=\"https:\/\/anderskafka.cz\/eshop\/produkt\/chemoform-aquablanc-kyslikovy-aktivator-3-l\/\" \/>\n<meta property=\"og:site_name\" content=\"Anders &amp; Kafka E-SHOP\" \/>\n<meta property=\"article:modified_time\" content=\"2026-01-15T13:04:47+00:00\" \/>\n<meta name=\"twitter:card\" content=\"summary_large_image\" \/>\n<meta name=\"twitter:image\" content=\"https:\/\/anderskafka.cz\/eshop\/wp-content\/uploads\/sites\/3\/2025\/07\/CHEMOFORM_kyslikovyaplikator_AndersKafka.webp\" \/>\n<meta name=\"twitter:label1\" content=\"Odhadovan\u00e1 doba \u010dten\u00ed\" \/>\n\t<meta name=\"twitter:data1\" content=\"1 minuta\" \/>\n<script type=\"application\/ld+json\" class=\"yoast-schema-graph\">{\"@context\":\"https:\/\/schema.org\",\"@graph\":[{\"@type\":\"WebSite\",\"@id\":\"https:\/\/anderskafka.cz\/eshop\/#website\",\"url\":\"https:\/\/anderskafka.cz\/eshop\/\",\"name\":\"Anders &amp; Kafka E-SHOP\",\"description\":\"Anders &amp; Kafka E-SHOP\",\"potentialAction\":[{\"@type\":\"SearchAction\",\"target\":{\"@type\":\"EntryPoint\",\"urlTemplate\":\"https:\/\/anderskafka.cz\/eshop\/?s={search_term_string}\"},\"query-input\":\"required name=search_term_string\"}],\"inLanguage\":\"cs\"},{\"@type\":\"ImageObject\",\"@id\":\"https:\/\/anderskafka.cz\/eshop\/produkt\/chemoform-aquablanc-kyslikovy-aktivator-3-l\/#primaryimage\",\"inLanguage\":\"cs\",\"url\":\"https:\/\/anderskafka.cz\/eshop\/wp-content\/uploads\/sites\/3\/2025\/07\/CHEMOFORM_kyslikovyaplikator_AndersKafka.webp\",\"contentUrl\":\"https:\/\/anderskafka.cz\/eshop\/wp-content\/uploads\/sites\/3\/2025\/07\/CHEMOFORM_kyslikovyaplikator_AndersKafka.webp\",\"width\":1500,\"height\":1500},{\"@type\":\"WebPage\",\"@id\":\"https:\/\/anderskafka.cz\/eshop\/produkt\/chemoform-aquablanc-kyslikovy-aktivator-3-l\/#webpage\",\"url\":\"https:\/\/anderskafka.cz\/eshop\/produkt\/chemoform-aquablanc-kyslikovy-aktivator-3-l\/\",\"name\":\"CHEMOFORM aquablanc kysl\u00edkov\u00fd aktiv\u00e1tor, 3 L - Anders &amp; Kafka E-SHOP\",\"isPartOf\":{\"@id\":\"https:\/\/anderskafka.cz\/eshop\/#website\"},\"primaryImageOfPage\":{\"@id\":\"https:\/\/anderskafka.cz\/eshop\/produkt\/chemoform-aquablanc-kyslikovy-aktivator-3-l\/#primaryimage\"},\"datePublished\":\"2025-07-25T11:21:40+00:00\",\"dateModified\":\"2026-01-15T13:04:47+00:00\",\"description\":\"P\u0159\u00edpravek pro \u00fapou\u017eit\u00ed v kombinaci s kysl\u00edkov\u00fdm granul\u00e1tem nebo tabletami. Zabra\u0148uje v\u00fdskytu \u0159as. Pro krystalicky pr\u016fzra\u010dnou vodu.\",\"breadcrumb\":{\"@id\":\"https:\/\/anderskafka.cz\/eshop\/produkt\/chemoform-aquablanc-kyslikovy-aktivator-3-l\/#breadcrumb\"},\"inLanguage\":\"cs\",\"potentialAction\":[{\"@type\":\"ReadAction\",\"target\":[\"https:\/\/anderskafka.cz\/eshop\/produkt\/chemoform-aquablanc-kyslikovy-aktivator-3-l\/\"]}]},{\"@type\":\"BreadcrumbList\",\"@id\":\"https:\/\/anderskafka.cz\/eshop\/produkt\/chemoform-aquablanc-kyslikovy-aktivator-3-l\/#breadcrumb\",\"itemListElement\":[{\"@type\":\"ListItem\",\"position\":1,\"name\":\"Obchod\",\"item\":\"https:\/\/anderskafka.cz\/eshop\/obchod\/\"},{\"@type\":\"ListItem\",\"position\":2,\"name\":\"CHEMOFORM aquablanc kysl\u00edkov\u00fd aktiv\u00e1tor, 3 L\"}]}]}<\/script>\n<!-- \/ Yoast SEO plugin. -->","yoast_head_json":{"title":"CHEMOFORM aquablanc kysl\u00edkov\u00fd aktiv\u00e1tor, 3 L - Anders &amp; Kafka E-SHOP","description":"P\u0159\u00edpravek pro \u00fapou\u017eit\u00ed v kombinaci s kysl\u00edkov\u00fdm granul\u00e1tem nebo tabletami. Zabra\u0148uje v\u00fdskytu \u0159as. Pro krystalicky pr\u016fzra\u010dnou vodu.","robots":{"index":"index","follow":"follow","max-snippet":"max-snippet:-1","max-image-preview":"max-image-preview:large","max-video-preview":"max-video-preview:-1"},"canonical":"https:\/\/anderskafka.cz\/eshop\/produkt\/chemoform-aquablanc-kyslikovy-aktivator-3-l\/","og_locale":"cs_CZ","og_type":"article","og_title":"CHEMOFORM aquablanc kysl\u00edkov\u00fd aktiv\u00e1tor, 3 L - Anders &amp; Kafka E-SHOP","og_description":"P\u0159\u00edpravek pro \u00fapou\u017eit\u00ed v kombinaci s kysl\u00edkov\u00fdm granul\u00e1tem nebo tabletami. Zabra\u0148uje v\u00fdskytu \u0159as. Pro krystalicky pr\u016fzra\u010dnou vodu.","og_url":"https:\/\/anderskafka.cz\/eshop\/produkt\/chemoform-aquablanc-kyslikovy-aktivator-3-l\/","og_site_name":"Anders &amp; Kafka E-SHOP","article_modified_time":"2026-01-15T13:04:47+00:00","twitter_card":"summary_large_image","twitter_image":"https:\/\/anderskafka.cz\/eshop\/wp-content\/uploads\/sites\/3\/2025\/07\/CHEMOFORM_kyslikovyaplikator_AndersKafka.webp","twitter_misc":{"Odhadovan\u00e1 doba \u010dten\u00ed":"1 minuta"},"schema":{"@context":"https:\/\/schema.org","@graph":[{"@type":"WebSite","@id":"https:\/\/anderskafka.cz\/eshop\/#website","url":"https:\/\/anderskafka.cz\/eshop\/","name":"Anders &amp; Kafka E-SHOP","description":"Anders &amp; Kafka E-SHOP","potentialAction":[{"@type":"SearchAction","target":{"@type":"EntryPoint","urlTemplate":"https:\/\/anderskafka.cz\/eshop\/?s={search_term_string}"},"query-input":"required name=search_term_string"}],"inLanguage":"cs"},{"@type":"ImageObject","@id":"https:\/\/anderskafka.cz\/eshop\/produkt\/chemoform-aquablanc-kyslikovy-aktivator-3-l\/#primaryimage","inLanguage":"cs","url":"https:\/\/anderskafka.cz\/eshop\/wp-content\/uploads\/sites\/3\/2025\/07\/CHEMOFORM_kyslikovyaplikator_AndersKafka.webp","contentUrl":"https:\/\/anderskafka.cz\/eshop\/wp-content\/uploads\/sites\/3\/2025\/07\/CHEMOFORM_kyslikovyaplikator_AndersKafka.webp","width":1500,"height":1500},{"@type":"WebPage","@id":"https:\/\/anderskafka.cz\/eshop\/produkt\/chemoform-aquablanc-kyslikovy-aktivator-3-l\/#webpage","url":"https:\/\/anderskafka.cz\/eshop\/produkt\/chemoform-aquablanc-kyslikovy-aktivator-3-l\/","name":"CHEMOFORM aquablanc kysl\u00edkov\u00fd aktiv\u00e1tor, 3 L - Anders &amp; Kafka E-SHOP","isPartOf":{"@id":"https:\/\/anderskafka.cz\/eshop\/#website"},"primaryImageOfPage":{"@id":"https:\/\/anderskafka.cz\/eshop\/produkt\/chemoform-aquablanc-kyslikovy-aktivator-3-l\/#primaryimage"},"datePublished":"2025-07-25T11:21:40+00:00","dateModified":"2026-01-15T13:04:47+00:00","description":"P\u0159\u00edpravek pro \u00fapou\u017eit\u00ed v kombinaci s kysl\u00edkov\u00fdm granul\u00e1tem nebo tabletami. Zabra\u0148uje v\u00fdskytu \u0159as. Pro krystalicky pr\u016fzra\u010dnou vodu.","breadcrumb":{"@id":"https:\/\/anderskafka.cz\/eshop\/produkt\/chemoform-aquablanc-kyslikovy-aktivator-3-l\/#breadcrumb"},"inLanguage":"cs","potentialAction":[{"@type":"ReadAction","target":["https:\/\/anderskafka.cz\/eshop\/produkt\/chemoform-aquablanc-kyslikovy-aktivator-3-l\/"]}]},{"@type":"BreadcrumbList","@id":"https:\/\/anderskafka.cz\/eshop\/produkt\/chemoform-aquablanc-kyslikovy-aktivator-3-l\/#breadcrumb","itemListElement":[{"@type":"ListItem","position":1,"name":"Obchod","item":"https:\/\/anderskafka.cz\/eshop\/obchod\/"},{"@type":"ListItem","position":2,"name":"CHEMOFORM aquablanc kysl\u00edkov\u00fd aktiv\u00e1tor, 3 L"}]}]}},"locations":[],"_links":{"self":[{"href":"https:\/\/anderskafka.cz\/eshop\/wp-json\/wp\/v2\/product\/11092"}],"collection":[{"href":"https:\/\/anderskafka.cz\/eshop\/wp-json\/wp\/v2\/product"}],"about":[{"href":"https:\/\/anderskafka.cz\/eshop\/wp-json\/wp\/v2\/types\/product"}],"replies":[{"embeddable":true,"href":"https:\/\/anderskafka.cz\/eshop\/wp-json\/wp\/v2\/comments?post=11092"}],"wp:featuredmedia":[{"embeddable":true,"href":"https:\/\/anderskafka.cz\/eshop\/wp-json\/wp\/v2\/media\/11094"}],"wp:attachment":[{"href":"https:\/\/anderskafka.cz\/eshop\/wp-json\/wp\/v2\/media?parent=11092"}],"wp:term":[{"taxonomy":"location","embeddable":true,"href":"https:\/\/anderskafka.cz\/eshop\/wp-json\/wp\/v2\/location?post=11092"},{"taxonomy":"product_cat","embeddable":true,"href":"https:\/\/anderskafka.cz\/eshop\/wp-json\/wp\/v2\/product_cat?post=11092"},{"taxonomy":"product_tag","embeddable":true,"href":"https:\/\/anderskafka.cz\/eshop\/wp-json\/wp\/v2\/product_tag?post=11092"}],"curies":[{"name":"wp","href":"https:\/\/api.w.org\/{rel}","templated":true}]}}