{"id":1110,"date":"2022-12-03T16:59:26","date_gmt":"2022-12-03T15:59:26","guid":{"rendered":"https:\/\/anderskafka.cz\/eshop\/?post_type=product&#038;p=1110"},"modified":"2026-02-26T13:52:13","modified_gmt":"2026-02-26T12:52:13","slug":"rento-medovy-krem-do-sauny-s-prirodni-vuni-arkticke-borovice-150-ml","status":"publish","type":"product","link":"https:\/\/anderskafka.cz\/eshop\/produkt\/rento-medovy-krem-do-sauny-s-prirodni-vuni-arkticke-borovice-150-ml\/","title":{"rendered":"RENTO medov\u00fd kr\u00e9m do sauny s p\u0159\u00edrodn\u00ed v\u016fn\u00ed arktick\u00e9 borovice, 150 ml"},"content":{"rendered":"<p>Snadno pou\u017eiteln\u00fd v\u00fd\u017eivn\u00fd saunov\u00fd med pro cel\u00e9 t\u011blo. Med p\u016fsob\u00ed na zjemn\u011bn\u00ed a projasn\u011bn\u00ed poko\u017eky. V\u016fn\u011b obsahuje mlad\u00e9 jehli\u010d\u00ed, prysky\u0159ici a d\u0159evit\u00e9 v\u016fn\u011b, kter\u00e9 l\u00e1kaj\u00ed smysly. Rozet\u0159ete je na \u010distou poko\u017eku po myt\u00ed nebo po peelingu a nechejte p\u016fsobit v teple sauny, opl\u00e1chn\u011bte teplou vodou.<br \/>\nKr\u00e9m se dod\u00e1v\u00e1 v ru\u010dn\u011b vytla\u010dovan\u00e9 tub\u011b.<br \/>\nFinsk\u00e1 kvalita.<\/p>\n","protected":false},"excerpt":{"rendered":"<p>Snadno pou\u017eiteln\u00fd v\u00fd\u017eivn\u00fd saunov\u00fd med pro cel\u00e9 t\u011blo. Med p\u016fsob\u00ed na zjemn\u011bn\u00ed a projasn\u011bn\u00ed poko\u017eky. V\u016fn\u011b obsahuje mlad\u00e9 jehli\u010d\u00ed, prysky\u0159ici a d\u0159evit\u00e9 v\u016fn\u011b, kter\u00e9 l\u00e1kaj\u00ed smysly.<br \/>\nNavr\u017eeno a vyrobeno ve Finsku, specialistou na saunov\u00e9 dopl\u0148ky spole\u010dnost\u00ed RENTO. Relaxujte a u\u017e\u00edvejte si harmonii z autentick\u00e9ho z\u00e1\u017eitku finsk\u00e9 sauny.<\/p>\n<div style=\"text-align: center\">\n<p><img loading=\"lazy\" class=\"wp-image-1579\" style=\"margin-right: 25px\" src=\"https:\/\/anderskafka.cz\/eshop\/wp-content\/uploads\/sites\/3\/2022\/12\/MADEINFINNLAND-300x246.jpg\" alt=\"\" width=\"205\" height=\"168\" srcset=\"https:\/\/anderskafka.cz\/eshop\/wp-content\/uploads\/sites\/3\/2022\/12\/MADEINFINNLAND-300x246.jpg 300w, https:\/\/anderskafka.cz\/eshop\/wp-content\/uploads\/sites\/3\/2022\/12\/MADEINFINNLAND-64x52.jpg 64w, https:\/\/anderskafka.cz\/eshop\/wp-content\/uploads\/sites\/3\/2022\/12\/MADEINFINNLAND.jpg 500w\" sizes=\"(max-width: 205px) 100vw, 205px\" \/><img loading=\"lazy\" class=\"wp-image-135 \" src=\"https:\/\/anderskafka.cz\/eshop\/wp-content\/uploads\/sites\/3\/2022\/06\/DesignFromFinland_web-1-300x300.png\" alt=\"\" width=\"178\" height=\"178\" \/><\/p>\n<\/div>\n","protected":false},"featured_media":997,"comment_status":"open","ping_status":"closed","template":"","meta":{"site-sidebar-layout":"default","site-content-layout":"default","ast-main-header-display":"","ast-hfb-above-header-display":"","ast-hfb-below-header-display":"","ast-hfb-mobile-header-display":"","site-post-title":"","ast-breadcrumbs-content":"","ast-featured-img":"","footer-sml-layout":"","theme-transparent-header-meta":"","adv-header-id-meta":"","stick-header-meta":"","header-above-stick-meta":"","header-main-stick-meta":"","header-below-stick-meta":""},"location":[],"product_cat":[109,1640],"product_tag":[103],"yoast_head":"<!-- This site is optimized with the Yoast SEO plugin v18.5.1 - https:\/\/yoast.com\/wordpress\/plugins\/seo\/ -->\n<title>RENTO medov\u00fd kr\u00e9m do sauny s p\u0159\u00edrodn\u00ed v\u016fn\u00ed arktick\u00e9 borovice, 150 ml - Anders &amp; Kafka E-SHOP<\/title>\n<meta name=\"description\" content=\"Snadno pou\u017eiteln\u00fd v\u00fd\u017eivn\u00fd saunov\u00fd med pro cel\u00e9 t\u011blo. Med p\u016fsob\u00ed na zjemn\u011bn\u00ed a projasn\u011bn\u00ed poko\u017eky. V\u016fn\u011b obsahuje mlad\u00e9 jehli\u010d\u00ed, prysky\u0159ici a d\u0159evit\u00e9 v\u016fn\u011b, kter\u00e9 l\u00e1kaj\u00ed smysly. Navr\u017eeno a vyrobeno ve Finsku, specialistou na saunov\u00e9 dopl\u0148ky spole\u010dnost\u00ed RENTO. Relaxujte a u\u017e\u00edvejte si harmonii z autentick\u00e9ho z\u00e1\u017eitku finsk\u00e9 sauny.\" \/>\n<meta name=\"robots\" content=\"index, follow, max-snippet:-1, max-image-preview:large, max-video-preview:-1\" \/>\n<link rel=\"canonical\" href=\"https:\/\/anderskafka.cz\/eshop\/produkt\/rento-medovy-krem-do-sauny-s-prirodni-vuni-arkticke-borovice-150-ml\/\" \/>\n<meta property=\"og:locale\" content=\"cs_CZ\" \/>\n<meta property=\"og:type\" content=\"article\" \/>\n<meta property=\"og:title\" content=\"RENTO medov\u00fd kr\u00e9m do sauny s p\u0159\u00edrodn\u00ed v\u016fn\u00ed arktick\u00e9 borovice, 150 ml - Anders &amp; Kafka E-SHOP\" \/>\n<meta property=\"og:description\" content=\"Snadno pou\u017eiteln\u00fd v\u00fd\u017eivn\u00fd saunov\u00fd med pro cel\u00e9 t\u011blo. Med p\u016fsob\u00ed na zjemn\u011bn\u00ed a projasn\u011bn\u00ed poko\u017eky. V\u016fn\u011b obsahuje mlad\u00e9 jehli\u010d\u00ed, prysky\u0159ici a d\u0159evit\u00e9 v\u016fn\u011b, kter\u00e9 l\u00e1kaj\u00ed smysly. Navr\u017eeno a vyrobeno ve Finsku, specialistou na saunov\u00e9 dopl\u0148ky spole\u010dnost\u00ed RENTO. Relaxujte a u\u017e\u00edvejte si harmonii z autentick\u00e9ho z\u00e1\u017eitku finsk\u00e9 sauny.\" \/>\n<meta property=\"og:url\" content=\"https:\/\/anderskafka.cz\/eshop\/produkt\/rento-medovy-krem-do-sauny-s-prirodni-vuni-arkticke-borovice-150-ml\/\" \/>\n<meta property=\"og:site_name\" content=\"Anders &amp; Kafka E-SHOP\" \/>\n<meta property=\"article:modified_time\" content=\"2026-02-26T12:52:13+00:00\" \/>\n<meta property=\"og:image\" content=\"https:\/\/anderskafka.cz\/eshop\/wp-content\/uploads\/sites\/3\/2022\/12\/6410413175181_H_N.jpg\" \/>\n\t<meta property=\"og:image:width\" content=\"700\" \/>\n\t<meta property=\"og:image:height\" content=\"700\" \/>\n\t<meta property=\"og:image:type\" content=\"image\/jpeg\" \/>\n<meta name=\"twitter:card\" content=\"summary_large_image\" \/>\n<script type=\"application\/ld+json\" class=\"yoast-schema-graph\">{\"@context\":\"https:\/\/schema.org\",\"@graph\":[{\"@type\":\"WebSite\",\"@id\":\"https:\/\/anderskafka.cz\/eshop\/#website\",\"url\":\"https:\/\/anderskafka.cz\/eshop\/\",\"name\":\"Anders &amp; Kafka E-SHOP\",\"description\":\"Anders &amp; Kafka E-SHOP\",\"potentialAction\":[{\"@type\":\"SearchAction\",\"target\":{\"@type\":\"EntryPoint\",\"urlTemplate\":\"https:\/\/anderskafka.cz\/eshop\/?s={search_term_string}\"},\"query-input\":\"required name=search_term_string\"}],\"inLanguage\":\"cs\"},{\"@type\":\"ImageObject\",\"@id\":\"https:\/\/anderskafka.cz\/eshop\/produkt\/rento-medovy-krem-do-sauny-s-prirodni-vuni-arkticke-borovice-150-ml\/#primaryimage\",\"inLanguage\":\"cs\",\"url\":\"https:\/\/anderskafka.cz\/eshop\/wp-content\/uploads\/sites\/3\/2022\/12\/6410413175181_H_N.jpg\",\"contentUrl\":\"https:\/\/anderskafka.cz\/eshop\/wp-content\/uploads\/sites\/3\/2022\/12\/6410413175181_H_N.jpg\",\"width\":700,\"height\":700},{\"@type\":\"WebPage\",\"@id\":\"https:\/\/anderskafka.cz\/eshop\/produkt\/rento-medovy-krem-do-sauny-s-prirodni-vuni-arkticke-borovice-150-ml\/#webpage\",\"url\":\"https:\/\/anderskafka.cz\/eshop\/produkt\/rento-medovy-krem-do-sauny-s-prirodni-vuni-arkticke-borovice-150-ml\/\",\"name\":\"RENTO medov\u00fd kr\u00e9m do sauny s p\u0159\u00edrodn\u00ed v\u016fn\u00ed arktick\u00e9 borovice, 150 ml - Anders &amp; Kafka E-SHOP\",\"isPartOf\":{\"@id\":\"https:\/\/anderskafka.cz\/eshop\/#website\"},\"primaryImageOfPage\":{\"@id\":\"https:\/\/anderskafka.cz\/eshop\/produkt\/rento-medovy-krem-do-sauny-s-prirodni-vuni-arkticke-borovice-150-ml\/#primaryimage\"},\"datePublished\":\"2022-12-03T15:59:26+00:00\",\"dateModified\":\"2026-02-26T12:52:13+00:00\",\"description\":\"Snadno pou\u017eiteln\u00fd v\u00fd\u017eivn\u00fd saunov\u00fd med pro cel\u00e9 t\u011blo. Med p\u016fsob\u00ed na zjemn\u011bn\u00ed a projasn\u011bn\u00ed poko\u017eky. V\u016fn\u011b obsahuje mlad\u00e9 jehli\u010d\u00ed, prysky\u0159ici a d\u0159evit\u00e9 v\u016fn\u011b, kter\u00e9 l\u00e1kaj\u00ed smysly. Navr\u017eeno a vyrobeno ve Finsku, specialistou na saunov\u00e9 dopl\u0148ky spole\u010dnost\u00ed RENTO. Relaxujte a u\u017e\u00edvejte si harmonii z autentick\u00e9ho z\u00e1\u017eitku finsk\u00e9 sauny.\",\"breadcrumb\":{\"@id\":\"https:\/\/anderskafka.cz\/eshop\/produkt\/rento-medovy-krem-do-sauny-s-prirodni-vuni-arkticke-borovice-150-ml\/#breadcrumb\"},\"inLanguage\":\"cs\",\"potentialAction\":[{\"@type\":\"ReadAction\",\"target\":[\"https:\/\/anderskafka.cz\/eshop\/produkt\/rento-medovy-krem-do-sauny-s-prirodni-vuni-arkticke-borovice-150-ml\/\"]}]},{\"@type\":\"BreadcrumbList\",\"@id\":\"https:\/\/anderskafka.cz\/eshop\/produkt\/rento-medovy-krem-do-sauny-s-prirodni-vuni-arkticke-borovice-150-ml\/#breadcrumb\",\"itemListElement\":[{\"@type\":\"ListItem\",\"position\":1,\"name\":\"Obchod\",\"item\":\"https:\/\/anderskafka.cz\/eshop\/obchod\/\"},{\"@type\":\"ListItem\",\"position\":2,\"name\":\"RENTO medov\u00fd kr\u00e9m do sauny s p\u0159\u00edrodn\u00ed v\u016fn\u00ed arktick\u00e9 borovice, 150 ml\"}]}]}<\/script>\n<!-- \/ Yoast SEO plugin. -->","yoast_head_json":{"title":"RENTO medov\u00fd kr\u00e9m do sauny s p\u0159\u00edrodn\u00ed v\u016fn\u00ed arktick\u00e9 borovice, 150 ml - Anders &amp; Kafka E-SHOP","description":"Snadno pou\u017eiteln\u00fd v\u00fd\u017eivn\u00fd saunov\u00fd med pro cel\u00e9 t\u011blo. Med p\u016fsob\u00ed na zjemn\u011bn\u00ed a projasn\u011bn\u00ed poko\u017eky. V\u016fn\u011b obsahuje mlad\u00e9 jehli\u010d\u00ed, prysky\u0159ici a d\u0159evit\u00e9 v\u016fn\u011b, kter\u00e9 l\u00e1kaj\u00ed smysly. Navr\u017eeno a vyrobeno ve Finsku, specialistou na saunov\u00e9 dopl\u0148ky spole\u010dnost\u00ed RENTO. Relaxujte a u\u017e\u00edvejte si harmonii z autentick\u00e9ho z\u00e1\u017eitku finsk\u00e9 sauny.","robots":{"index":"index","follow":"follow","max-snippet":"max-snippet:-1","max-image-preview":"max-image-preview:large","max-video-preview":"max-video-preview:-1"},"canonical":"https:\/\/anderskafka.cz\/eshop\/produkt\/rento-medovy-krem-do-sauny-s-prirodni-vuni-arkticke-borovice-150-ml\/","og_locale":"cs_CZ","og_type":"article","og_title":"RENTO medov\u00fd kr\u00e9m do sauny s p\u0159\u00edrodn\u00ed v\u016fn\u00ed arktick\u00e9 borovice, 150 ml - Anders &amp; Kafka E-SHOP","og_description":"Snadno pou\u017eiteln\u00fd v\u00fd\u017eivn\u00fd saunov\u00fd med pro cel\u00e9 t\u011blo. Med p\u016fsob\u00ed na zjemn\u011bn\u00ed a projasn\u011bn\u00ed poko\u017eky. V\u016fn\u011b obsahuje mlad\u00e9 jehli\u010d\u00ed, prysky\u0159ici a d\u0159evit\u00e9 v\u016fn\u011b, kter\u00e9 l\u00e1kaj\u00ed smysly. Navr\u017eeno a vyrobeno ve Finsku, specialistou na saunov\u00e9 dopl\u0148ky spole\u010dnost\u00ed RENTO. Relaxujte a u\u017e\u00edvejte si harmonii z autentick\u00e9ho z\u00e1\u017eitku finsk\u00e9 sauny.","og_url":"https:\/\/anderskafka.cz\/eshop\/produkt\/rento-medovy-krem-do-sauny-s-prirodni-vuni-arkticke-borovice-150-ml\/","og_site_name":"Anders &amp; Kafka E-SHOP","article_modified_time":"2026-02-26T12:52:13+00:00","og_image":[{"width":700,"height":700,"url":"https:\/\/anderskafka.cz\/eshop\/wp-content\/uploads\/sites\/3\/2022\/12\/6410413175181_H_N.jpg","type":"image\/jpeg"}],"twitter_card":"summary_large_image","schema":{"@context":"https:\/\/schema.org","@graph":[{"@type":"WebSite","@id":"https:\/\/anderskafka.cz\/eshop\/#website","url":"https:\/\/anderskafka.cz\/eshop\/","name":"Anders &amp; Kafka E-SHOP","description":"Anders &amp; Kafka E-SHOP","potentialAction":[{"@type":"SearchAction","target":{"@type":"EntryPoint","urlTemplate":"https:\/\/anderskafka.cz\/eshop\/?s={search_term_string}"},"query-input":"required name=search_term_string"}],"inLanguage":"cs"},{"@type":"ImageObject","@id":"https:\/\/anderskafka.cz\/eshop\/produkt\/rento-medovy-krem-do-sauny-s-prirodni-vuni-arkticke-borovice-150-ml\/#primaryimage","inLanguage":"cs","url":"https:\/\/anderskafka.cz\/eshop\/wp-content\/uploads\/sites\/3\/2022\/12\/6410413175181_H_N.jpg","contentUrl":"https:\/\/anderskafka.cz\/eshop\/wp-content\/uploads\/sites\/3\/2022\/12\/6410413175181_H_N.jpg","width":700,"height":700},{"@type":"WebPage","@id":"https:\/\/anderskafka.cz\/eshop\/produkt\/rento-medovy-krem-do-sauny-s-prirodni-vuni-arkticke-borovice-150-ml\/#webpage","url":"https:\/\/anderskafka.cz\/eshop\/produkt\/rento-medovy-krem-do-sauny-s-prirodni-vuni-arkticke-borovice-150-ml\/","name":"RENTO medov\u00fd kr\u00e9m do sauny s p\u0159\u00edrodn\u00ed v\u016fn\u00ed arktick\u00e9 borovice, 150 ml - Anders &amp; Kafka E-SHOP","isPartOf":{"@id":"https:\/\/anderskafka.cz\/eshop\/#website"},"primaryImageOfPage":{"@id":"https:\/\/anderskafka.cz\/eshop\/produkt\/rento-medovy-krem-do-sauny-s-prirodni-vuni-arkticke-borovice-150-ml\/#primaryimage"},"datePublished":"2022-12-03T15:59:26+00:00","dateModified":"2026-02-26T12:52:13+00:00","description":"Snadno pou\u017eiteln\u00fd v\u00fd\u017eivn\u00fd saunov\u00fd med pro cel\u00e9 t\u011blo. Med p\u016fsob\u00ed na zjemn\u011bn\u00ed a projasn\u011bn\u00ed poko\u017eky. V\u016fn\u011b obsahuje mlad\u00e9 jehli\u010d\u00ed, prysky\u0159ici a d\u0159evit\u00e9 v\u016fn\u011b, kter\u00e9 l\u00e1kaj\u00ed smysly. Navr\u017eeno a vyrobeno ve Finsku, specialistou na saunov\u00e9 dopl\u0148ky spole\u010dnost\u00ed RENTO. Relaxujte a u\u017e\u00edvejte si harmonii z autentick\u00e9ho z\u00e1\u017eitku finsk\u00e9 sauny.","breadcrumb":{"@id":"https:\/\/anderskafka.cz\/eshop\/produkt\/rento-medovy-krem-do-sauny-s-prirodni-vuni-arkticke-borovice-150-ml\/#breadcrumb"},"inLanguage":"cs","potentialAction":[{"@type":"ReadAction","target":["https:\/\/anderskafka.cz\/eshop\/produkt\/rento-medovy-krem-do-sauny-s-prirodni-vuni-arkticke-borovice-150-ml\/"]}]},{"@type":"BreadcrumbList","@id":"https:\/\/anderskafka.cz\/eshop\/produkt\/rento-medovy-krem-do-sauny-s-prirodni-vuni-arkticke-borovice-150-ml\/#breadcrumb","itemListElement":[{"@type":"ListItem","position":1,"name":"Obchod","item":"https:\/\/anderskafka.cz\/eshop\/obchod\/"},{"@type":"ListItem","position":2,"name":"RENTO medov\u00fd kr\u00e9m do sauny s p\u0159\u00edrodn\u00ed v\u016fn\u00ed arktick\u00e9 borovice, 150 ml"}]}]}},"locations":[],"_links":{"self":[{"href":"https:\/\/anderskafka.cz\/eshop\/wp-json\/wp\/v2\/product\/1110"}],"collection":[{"href":"https:\/\/anderskafka.cz\/eshop\/wp-json\/wp\/v2\/product"}],"about":[{"href":"https:\/\/anderskafka.cz\/eshop\/wp-json\/wp\/v2\/types\/product"}],"replies":[{"embeddable":true,"href":"https:\/\/anderskafka.cz\/eshop\/wp-json\/wp\/v2\/comments?post=1110"}],"wp:featuredmedia":[{"embeddable":true,"href":"https:\/\/anderskafka.cz\/eshop\/wp-json\/wp\/v2\/media\/997"}],"wp:attachment":[{"href":"https:\/\/anderskafka.cz\/eshop\/wp-json\/wp\/v2\/media?parent=1110"}],"wp:term":[{"taxonomy":"location","embeddable":true,"href":"https:\/\/anderskafka.cz\/eshop\/wp-json\/wp\/v2\/location?post=1110"},{"taxonomy":"product_cat","embeddable":true,"href":"https:\/\/anderskafka.cz\/eshop\/wp-json\/wp\/v2\/product_cat?post=1110"},{"taxonomy":"product_tag","embeddable":true,"href":"https:\/\/anderskafka.cz\/eshop\/wp-json\/wp\/v2\/product_tag?post=1110"}],"curies":[{"name":"wp","href":"https:\/\/api.w.org\/{rel}","templated":true}]}}