{"id":1113,"date":"2022-12-03T16:59:28","date_gmt":"2022-12-03T15:59:28","guid":{"rendered":"https:\/\/anderskafka.cz\/eshop\/?post_type=product&#038;p=1113"},"modified":"2026-02-05T11:08:51","modified_gmt":"2026-02-05T10:08:51","slug":"rento-raselinova-maska-na-tvar-s-prirodni-vuni-arkticke-borovice-100ml","status":"publish","type":"product","link":"https:\/\/anderskafka.cz\/eshop\/produkt\/rento-raselinova-maska-na-tvar-s-prirodni-vuni-arkticke-borovice-100ml\/","title":{"rendered":"RENTO ra\u0161elinov\u00e1 maska na tv\u00e1\u0159 s p\u0159\u00edrodn\u00ed v\u016fn\u00ed arktick\u00e9 borovice, 200 ml"},"content":{"rendered":"<p>Kr\u00e9mov\u00e1 maska na tv\u00e1\u0159 s p\u0159\u00edrodn\u00ed finskou ra\u0161elinou, kter\u00e1 \u010dist\u00ed, vy\u017eivuje a vyrovn\u00e1v\u00e1 ple\u0165. Snadno se rozt\u00edr\u00e1 a bez n\u00e1mahy sm\u00fdv\u00e1. Obsahuje lehk\u00e9 d\u0159ev\u011bn\u00e9 v\u016fn\u011b.<br \/>\nNaneste silnou vrstvu masky na \u010distou tv\u00e1\u0159, vynechte oblasti kolem o\u010d\u00ed a nechte p\u016fsobit 5 &#8211; 15 minut, pot\u00e9 opl\u00e1chn\u011bte vodou.<br \/>\nMaska se dod\u00e1v\u00e1 v ru\u010dn\u011b vytla\u010dovan\u00e9 tub\u011b.<br \/>\nFinsk\u00e1 kvalita.<\/p>\n","protected":false},"excerpt":{"rendered":"<p>Kr\u00e9mov\u00e1 maska na tv\u00e1\u0159 s p\u0159\u00edrodn\u00ed finskou ra\u0161elinou, kter\u00e1 \u010dist\u00ed, vy\u017eivuje a vyrovn\u00e1v\u00e1 ple\u0165. Snadno se rozt\u00edr\u00e1 a bez n\u00e1mahy sm\u00fdv\u00e1. Obsahuje lehk\u00e9 d\u0159ev\u011bn\u00e9 v\u016fn\u011b.<br \/>\nNavr\u017eeno a vyrobeno ve Finsku, specialistou na saunov\u00e9 dopl\u0148ky spole\u010dnost\u00ed RENTO. <img loading=\"lazy\" class=\"wp-image-135 aligncenter\" src=\"https:\/\/anderskafka.cz\/eshop\/wp-content\/uploads\/sites\/3\/2022\/06\/DesignFromFinland_web-1-300x300.png\" alt=\"\" width=\"178\" height=\"178\" \/><\/p>\n","protected":false},"featured_media":13236,"comment_status":"open","ping_status":"closed","template":"","meta":{"site-sidebar-layout":"default","site-content-layout":"default","ast-main-header-display":"","ast-hfb-above-header-display":"","ast-hfb-below-header-display":"","ast-hfb-mobile-header-display":"","site-post-title":"","ast-breadcrumbs-content":"","ast-featured-img":"","footer-sml-layout":"","theme-transparent-header-meta":"","adv-header-id-meta":"","stick-header-meta":"","header-above-stick-meta":"","header-main-stick-meta":"","header-below-stick-meta":""},"location":[],"product_cat":[109,1133,1640],"product_tag":[103],"yoast_head":"<!-- This site is optimized with the Yoast SEO plugin v18.5.1 - https:\/\/yoast.com\/wordpress\/plugins\/seo\/ -->\n<title>RENTO ra\u0161elinov\u00e1 maska na tv\u00e1\u0159 s p\u0159\u00edrodn\u00ed v\u016fn\u00ed arktick\u00e9 borovice, 200 ml - Anders &amp; Kafka E-SHOP<\/title>\n<meta name=\"description\" content=\"Kr\u00e9mov\u00e1 maska na tv\u00e1\u0159 s p\u0159\u00edrodn\u00ed finskou ra\u0161elinou, kter\u00e1 \u010dist\u00ed, vy\u017eivuje a vyrovn\u00e1v\u00e1 ple\u0165. Snadno se rozt\u00edr\u00e1 a bez n\u00e1mahy sm\u00fdv\u00e1. Obsahuje lehk\u00e9 d\u0159ev\u011bn\u00e9 v\u016fn\u011b. Navr\u017eeno a vyrobeno ve Finsku, specialistou na saunov\u00e9 dopl\u0148ky spole\u010dnost\u00ed RENTO.\" \/>\n<meta name=\"robots\" content=\"index, follow, max-snippet:-1, max-image-preview:large, max-video-preview:-1\" \/>\n<link rel=\"canonical\" href=\"https:\/\/anderskafka.cz\/eshop\/produkt\/rento-raselinova-maska-na-tvar-s-prirodni-vuni-arkticke-borovice-100ml\/\" \/>\n<meta property=\"og:locale\" content=\"cs_CZ\" \/>\n<meta property=\"og:type\" content=\"article\" \/>\n<meta property=\"og:title\" content=\"RENTO ra\u0161elinov\u00e1 maska na tv\u00e1\u0159 s p\u0159\u00edrodn\u00ed v\u016fn\u00ed arktick\u00e9 borovice, 200 ml - Anders &amp; Kafka E-SHOP\" \/>\n<meta property=\"og:description\" content=\"Kr\u00e9mov\u00e1 maska na tv\u00e1\u0159 s p\u0159\u00edrodn\u00ed finskou ra\u0161elinou, kter\u00e1 \u010dist\u00ed, vy\u017eivuje a vyrovn\u00e1v\u00e1 ple\u0165. Snadno se rozt\u00edr\u00e1 a bez n\u00e1mahy sm\u00fdv\u00e1. Obsahuje lehk\u00e9 d\u0159ev\u011bn\u00e9 v\u016fn\u011b. Navr\u017eeno a vyrobeno ve Finsku, specialistou na saunov\u00e9 dopl\u0148ky spole\u010dnost\u00ed RENTO.\" \/>\n<meta property=\"og:url\" content=\"https:\/\/anderskafka.cz\/eshop\/produkt\/rento-raselinova-maska-na-tvar-s-prirodni-vuni-arkticke-borovice-100ml\/\" \/>\n<meta property=\"og:site_name\" content=\"Anders &amp; Kafka E-SHOP\" \/>\n<meta property=\"article:modified_time\" content=\"2026-02-05T10:08:51+00:00\" \/>\n<meta name=\"twitter:card\" content=\"summary_large_image\" \/>\n<meta name=\"twitter:image\" content=\"https:\/\/anderskafka.cz\/eshop\/wp-content\/uploads\/sites\/3\/2022\/12\/RENTO_peatmask1_AndersKafka.webp\" \/>\n<meta name=\"twitter:label1\" content=\"Odhadovan\u00e1 doba \u010dten\u00ed\" \/>\n\t<meta name=\"twitter:data1\" content=\"1 minuta\" \/>\n<script type=\"application\/ld+json\" class=\"yoast-schema-graph\">{\"@context\":\"https:\/\/schema.org\",\"@graph\":[{\"@type\":\"WebSite\",\"@id\":\"https:\/\/anderskafka.cz\/eshop\/#website\",\"url\":\"https:\/\/anderskafka.cz\/eshop\/\",\"name\":\"Anders &amp; Kafka E-SHOP\",\"description\":\"Anders &amp; Kafka E-SHOP\",\"potentialAction\":[{\"@type\":\"SearchAction\",\"target\":{\"@type\":\"EntryPoint\",\"urlTemplate\":\"https:\/\/anderskafka.cz\/eshop\/?s={search_term_string}\"},\"query-input\":\"required name=search_term_string\"}],\"inLanguage\":\"cs\"},{\"@type\":\"ImageObject\",\"@id\":\"https:\/\/anderskafka.cz\/eshop\/produkt\/rento-raselinova-maska-na-tvar-s-prirodni-vuni-arkticke-borovice-100ml\/#primaryimage\",\"inLanguage\":\"cs\",\"url\":\"https:\/\/anderskafka.cz\/eshop\/wp-content\/uploads\/sites\/3\/2022\/12\/RENTO_peatmask1_AndersKafka.webp\",\"contentUrl\":\"https:\/\/anderskafka.cz\/eshop\/wp-content\/uploads\/sites\/3\/2022\/12\/RENTO_peatmask1_AndersKafka.webp\",\"width\":1500,\"height\":1500},{\"@type\":\"WebPage\",\"@id\":\"https:\/\/anderskafka.cz\/eshop\/produkt\/rento-raselinova-maska-na-tvar-s-prirodni-vuni-arkticke-borovice-100ml\/#webpage\",\"url\":\"https:\/\/anderskafka.cz\/eshop\/produkt\/rento-raselinova-maska-na-tvar-s-prirodni-vuni-arkticke-borovice-100ml\/\",\"name\":\"RENTO ra\u0161elinov\u00e1 maska na tv\u00e1\u0159 s p\u0159\u00edrodn\u00ed v\u016fn\u00ed arktick\u00e9 borovice, 200 ml - Anders &amp; Kafka E-SHOP\",\"isPartOf\":{\"@id\":\"https:\/\/anderskafka.cz\/eshop\/#website\"},\"primaryImageOfPage\":{\"@id\":\"https:\/\/anderskafka.cz\/eshop\/produkt\/rento-raselinova-maska-na-tvar-s-prirodni-vuni-arkticke-borovice-100ml\/#primaryimage\"},\"datePublished\":\"2022-12-03T15:59:28+00:00\",\"dateModified\":\"2026-02-05T10:08:51+00:00\",\"description\":\"Kr\u00e9mov\u00e1 maska na tv\u00e1\u0159 s p\u0159\u00edrodn\u00ed finskou ra\u0161elinou, kter\u00e1 \u010dist\u00ed, vy\u017eivuje a vyrovn\u00e1v\u00e1 ple\u0165. Snadno se rozt\u00edr\u00e1 a bez n\u00e1mahy sm\u00fdv\u00e1. Obsahuje lehk\u00e9 d\u0159ev\u011bn\u00e9 v\u016fn\u011b. Navr\u017eeno a vyrobeno ve Finsku, specialistou na saunov\u00e9 dopl\u0148ky spole\u010dnost\u00ed RENTO.\",\"breadcrumb\":{\"@id\":\"https:\/\/anderskafka.cz\/eshop\/produkt\/rento-raselinova-maska-na-tvar-s-prirodni-vuni-arkticke-borovice-100ml\/#breadcrumb\"},\"inLanguage\":\"cs\",\"potentialAction\":[{\"@type\":\"ReadAction\",\"target\":[\"https:\/\/anderskafka.cz\/eshop\/produkt\/rento-raselinova-maska-na-tvar-s-prirodni-vuni-arkticke-borovice-100ml\/\"]}]},{\"@type\":\"BreadcrumbList\",\"@id\":\"https:\/\/anderskafka.cz\/eshop\/produkt\/rento-raselinova-maska-na-tvar-s-prirodni-vuni-arkticke-borovice-100ml\/#breadcrumb\",\"itemListElement\":[{\"@type\":\"ListItem\",\"position\":1,\"name\":\"Obchod\",\"item\":\"https:\/\/anderskafka.cz\/eshop\/obchod\/\"},{\"@type\":\"ListItem\",\"position\":2,\"name\":\"RENTO ra\u0161elinov\u00e1 maska na tv\u00e1\u0159 s p\u0159\u00edrodn\u00ed v\u016fn\u00ed arktick\u00e9 borovice, 200 ml\"}]}]}<\/script>\n<!-- \/ Yoast SEO plugin. -->","yoast_head_json":{"title":"RENTO ra\u0161elinov\u00e1 maska na tv\u00e1\u0159 s p\u0159\u00edrodn\u00ed v\u016fn\u00ed arktick\u00e9 borovice, 200 ml - Anders &amp; Kafka E-SHOP","description":"Kr\u00e9mov\u00e1 maska na tv\u00e1\u0159 s p\u0159\u00edrodn\u00ed finskou ra\u0161elinou, kter\u00e1 \u010dist\u00ed, vy\u017eivuje a vyrovn\u00e1v\u00e1 ple\u0165. Snadno se rozt\u00edr\u00e1 a bez n\u00e1mahy sm\u00fdv\u00e1. Obsahuje lehk\u00e9 d\u0159ev\u011bn\u00e9 v\u016fn\u011b. Navr\u017eeno a vyrobeno ve Finsku, specialistou na saunov\u00e9 dopl\u0148ky spole\u010dnost\u00ed RENTO.","robots":{"index":"index","follow":"follow","max-snippet":"max-snippet:-1","max-image-preview":"max-image-preview:large","max-video-preview":"max-video-preview:-1"},"canonical":"https:\/\/anderskafka.cz\/eshop\/produkt\/rento-raselinova-maska-na-tvar-s-prirodni-vuni-arkticke-borovice-100ml\/","og_locale":"cs_CZ","og_type":"article","og_title":"RENTO ra\u0161elinov\u00e1 maska na tv\u00e1\u0159 s p\u0159\u00edrodn\u00ed v\u016fn\u00ed arktick\u00e9 borovice, 200 ml - Anders &amp; Kafka E-SHOP","og_description":"Kr\u00e9mov\u00e1 maska na tv\u00e1\u0159 s p\u0159\u00edrodn\u00ed finskou ra\u0161elinou, kter\u00e1 \u010dist\u00ed, vy\u017eivuje a vyrovn\u00e1v\u00e1 ple\u0165. Snadno se rozt\u00edr\u00e1 a bez n\u00e1mahy sm\u00fdv\u00e1. Obsahuje lehk\u00e9 d\u0159ev\u011bn\u00e9 v\u016fn\u011b. Navr\u017eeno a vyrobeno ve Finsku, specialistou na saunov\u00e9 dopl\u0148ky spole\u010dnost\u00ed RENTO.","og_url":"https:\/\/anderskafka.cz\/eshop\/produkt\/rento-raselinova-maska-na-tvar-s-prirodni-vuni-arkticke-borovice-100ml\/","og_site_name":"Anders &amp; Kafka E-SHOP","article_modified_time":"2026-02-05T10:08:51+00:00","twitter_card":"summary_large_image","twitter_image":"https:\/\/anderskafka.cz\/eshop\/wp-content\/uploads\/sites\/3\/2022\/12\/RENTO_peatmask1_AndersKafka.webp","twitter_misc":{"Odhadovan\u00e1 doba \u010dten\u00ed":"1 minuta"},"schema":{"@context":"https:\/\/schema.org","@graph":[{"@type":"WebSite","@id":"https:\/\/anderskafka.cz\/eshop\/#website","url":"https:\/\/anderskafka.cz\/eshop\/","name":"Anders &amp; Kafka E-SHOP","description":"Anders &amp; Kafka E-SHOP","potentialAction":[{"@type":"SearchAction","target":{"@type":"EntryPoint","urlTemplate":"https:\/\/anderskafka.cz\/eshop\/?s={search_term_string}"},"query-input":"required name=search_term_string"}],"inLanguage":"cs"},{"@type":"ImageObject","@id":"https:\/\/anderskafka.cz\/eshop\/produkt\/rento-raselinova-maska-na-tvar-s-prirodni-vuni-arkticke-borovice-100ml\/#primaryimage","inLanguage":"cs","url":"https:\/\/anderskafka.cz\/eshop\/wp-content\/uploads\/sites\/3\/2022\/12\/RENTO_peatmask1_AndersKafka.webp","contentUrl":"https:\/\/anderskafka.cz\/eshop\/wp-content\/uploads\/sites\/3\/2022\/12\/RENTO_peatmask1_AndersKafka.webp","width":1500,"height":1500},{"@type":"WebPage","@id":"https:\/\/anderskafka.cz\/eshop\/produkt\/rento-raselinova-maska-na-tvar-s-prirodni-vuni-arkticke-borovice-100ml\/#webpage","url":"https:\/\/anderskafka.cz\/eshop\/produkt\/rento-raselinova-maska-na-tvar-s-prirodni-vuni-arkticke-borovice-100ml\/","name":"RENTO ra\u0161elinov\u00e1 maska na tv\u00e1\u0159 s p\u0159\u00edrodn\u00ed v\u016fn\u00ed arktick\u00e9 borovice, 200 ml - Anders &amp; Kafka E-SHOP","isPartOf":{"@id":"https:\/\/anderskafka.cz\/eshop\/#website"},"primaryImageOfPage":{"@id":"https:\/\/anderskafka.cz\/eshop\/produkt\/rento-raselinova-maska-na-tvar-s-prirodni-vuni-arkticke-borovice-100ml\/#primaryimage"},"datePublished":"2022-12-03T15:59:28+00:00","dateModified":"2026-02-05T10:08:51+00:00","description":"Kr\u00e9mov\u00e1 maska na tv\u00e1\u0159 s p\u0159\u00edrodn\u00ed finskou ra\u0161elinou, kter\u00e1 \u010dist\u00ed, vy\u017eivuje a vyrovn\u00e1v\u00e1 ple\u0165. Snadno se rozt\u00edr\u00e1 a bez n\u00e1mahy sm\u00fdv\u00e1. Obsahuje lehk\u00e9 d\u0159ev\u011bn\u00e9 v\u016fn\u011b. Navr\u017eeno a vyrobeno ve Finsku, specialistou na saunov\u00e9 dopl\u0148ky spole\u010dnost\u00ed RENTO.","breadcrumb":{"@id":"https:\/\/anderskafka.cz\/eshop\/produkt\/rento-raselinova-maska-na-tvar-s-prirodni-vuni-arkticke-borovice-100ml\/#breadcrumb"},"inLanguage":"cs","potentialAction":[{"@type":"ReadAction","target":["https:\/\/anderskafka.cz\/eshop\/produkt\/rento-raselinova-maska-na-tvar-s-prirodni-vuni-arkticke-borovice-100ml\/"]}]},{"@type":"BreadcrumbList","@id":"https:\/\/anderskafka.cz\/eshop\/produkt\/rento-raselinova-maska-na-tvar-s-prirodni-vuni-arkticke-borovice-100ml\/#breadcrumb","itemListElement":[{"@type":"ListItem","position":1,"name":"Obchod","item":"https:\/\/anderskafka.cz\/eshop\/obchod\/"},{"@type":"ListItem","position":2,"name":"RENTO ra\u0161elinov\u00e1 maska na tv\u00e1\u0159 s p\u0159\u00edrodn\u00ed v\u016fn\u00ed arktick\u00e9 borovice, 200 ml"}]}]}},"locations":[],"_links":{"self":[{"href":"https:\/\/anderskafka.cz\/eshop\/wp-json\/wp\/v2\/product\/1113"}],"collection":[{"href":"https:\/\/anderskafka.cz\/eshop\/wp-json\/wp\/v2\/product"}],"about":[{"href":"https:\/\/anderskafka.cz\/eshop\/wp-json\/wp\/v2\/types\/product"}],"replies":[{"embeddable":true,"href":"https:\/\/anderskafka.cz\/eshop\/wp-json\/wp\/v2\/comments?post=1113"}],"wp:featuredmedia":[{"embeddable":true,"href":"https:\/\/anderskafka.cz\/eshop\/wp-json\/wp\/v2\/media\/13236"}],"wp:attachment":[{"href":"https:\/\/anderskafka.cz\/eshop\/wp-json\/wp\/v2\/media?parent=1113"}],"wp:term":[{"taxonomy":"location","embeddable":true,"href":"https:\/\/anderskafka.cz\/eshop\/wp-json\/wp\/v2\/location?post=1113"},{"taxonomy":"product_cat","embeddable":true,"href":"https:\/\/anderskafka.cz\/eshop\/wp-json\/wp\/v2\/product_cat?post=1113"},{"taxonomy":"product_tag","embeddable":true,"href":"https:\/\/anderskafka.cz\/eshop\/wp-json\/wp\/v2\/product_tag?post=1113"}],"curies":[{"name":"wp","href":"https:\/\/api.w.org\/{rel}","templated":true}]}}