{"id":11135,"date":"2025-07-30T16:42:47","date_gmt":"2025-07-30T14:42:47","guid":{"rendered":"https:\/\/anderskafka.cz\/eshop\/?post_type=product&#038;p=11135"},"modified":"2026-03-16T10:34:24","modified_gmt":"2026-03-16T09:34:24","slug":"chemoform-algicid-special-3-l","status":"publish","type":"product","link":"https:\/\/anderskafka.cz\/eshop\/produkt\/chemoform-algicid-special-3-l\/","title":{"rendered":"CHEMOFORM algicid speci\u00e1l, 3 L"},"content":{"rendered":"<div id=\"product-description\">\n<p>Absolutn\u011b nep\u011bniv\u00fd, vhodn\u00fd pro pou\u017eit\u00ed v baz\u00e9nech s protiproudy a ve v\u00ed\u0159iv\u00fdch van\u00e1ch. pH neutr\u00e1ln\u00ed, bez chuti a z\u00e1pachu. Dob\u0159e se sn\u00e1\u0161\u00ed s b\u011b\u017en\u00fdmi prost\u0159edky pou\u017e\u00edvan\u00fdmi k o\u0161et\u0159en\u00ed baz\u00e9nov\u00e9 vody.<\/p>\n<p><strong style=\"font-size: 16px\">Pou\u017e\u00edvejte biocidn\u00ed p\u0159\u00edpravky bezpe\u010dn\u011b. P\u0159ed pou\u017eit\u00edm si v\u017edy p\u0159e\u010dt\u011bte \u00fadaje na obalu a p\u0159ipojen\u00e9 informace o v\u00fdrobku.<\/strong><\/p>\n<\/div>\n","protected":false},"excerpt":{"rendered":"<p>Prevence v\u00fdskytu a mno\u017een\u00ed \u0159as v baz\u00e9nech.<\/p>\n","protected":false},"featured_media":11136,"comment_status":"open","ping_status":"closed","template":"","meta":{"site-sidebar-layout":"default","site-content-layout":"default","ast-main-header-display":"","ast-hfb-above-header-display":"","ast-hfb-below-header-display":"","ast-hfb-mobile-header-display":"disabled","site-post-title":"","ast-breadcrumbs-content":"","ast-featured-img":"","footer-sml-layout":"","theme-transparent-header-meta":"","adv-header-id-meta":"","stick-header-meta":"","header-above-stick-meta":"","header-main-stick-meta":"","header-below-stick-meta":""},"location":[],"product_cat":[1595],"product_tag":[1126],"yoast_head":"<!-- This site is optimized with the Yoast SEO plugin v18.5.1 - https:\/\/yoast.com\/wordpress\/plugins\/seo\/ -->\n<title>CHEMOFORM algicid speci\u00e1l, 3 L - Anders &amp; Kafka E-SHOP<\/title>\n<meta name=\"description\" content=\"Prevence v\u00fdskytu a mno\u017een\u00ed \u0159as v baz\u00e9nech.\" \/>\n<meta name=\"robots\" content=\"index, follow, max-snippet:-1, max-image-preview:large, max-video-preview:-1\" \/>\n<link rel=\"canonical\" href=\"https:\/\/anderskafka.cz\/eshop\/produkt\/chemoform-algicid-special-3-l\/\" \/>\n<meta property=\"og:locale\" content=\"cs_CZ\" \/>\n<meta property=\"og:type\" content=\"article\" \/>\n<meta property=\"og:title\" content=\"CHEMOFORM algicid speci\u00e1l, 3 L - Anders &amp; Kafka E-SHOP\" \/>\n<meta property=\"og:description\" content=\"Prevence v\u00fdskytu a mno\u017een\u00ed \u0159as v baz\u00e9nech.\" \/>\n<meta property=\"og:url\" content=\"https:\/\/anderskafka.cz\/eshop\/produkt\/chemoform-algicid-special-3-l\/\" \/>\n<meta property=\"og:site_name\" content=\"Anders &amp; Kafka E-SHOP\" \/>\n<meta property=\"article:modified_time\" content=\"2026-03-16T09:34:24+00:00\" \/>\n<meta name=\"twitter:card\" content=\"summary_large_image\" \/>\n<meta name=\"twitter:image\" content=\"https:\/\/anderskafka.cz\/eshop\/wp-content\/uploads\/sites\/3\/2025\/07\/CHEMOFORM_algicidspecial_AndersKafka.webp\" \/>\n<meta name=\"twitter:label1\" content=\"Odhadovan\u00e1 doba \u010dten\u00ed\" \/>\n\t<meta name=\"twitter:data1\" content=\"1 minuta\" \/>\n<script type=\"application\/ld+json\" class=\"yoast-schema-graph\">{\"@context\":\"https:\/\/schema.org\",\"@graph\":[{\"@type\":\"WebSite\",\"@id\":\"https:\/\/anderskafka.cz\/eshop\/#website\",\"url\":\"https:\/\/anderskafka.cz\/eshop\/\",\"name\":\"Anders &amp; Kafka E-SHOP\",\"description\":\"Anders &amp; Kafka E-SHOP\",\"potentialAction\":[{\"@type\":\"SearchAction\",\"target\":{\"@type\":\"EntryPoint\",\"urlTemplate\":\"https:\/\/anderskafka.cz\/eshop\/?s={search_term_string}\"},\"query-input\":\"required name=search_term_string\"}],\"inLanguage\":\"cs\"},{\"@type\":\"ImageObject\",\"@id\":\"https:\/\/anderskafka.cz\/eshop\/produkt\/chemoform-algicid-special-3-l\/#primaryimage\",\"inLanguage\":\"cs\",\"url\":\"https:\/\/anderskafka.cz\/eshop\/wp-content\/uploads\/sites\/3\/2025\/07\/CHEMOFORM_algicidspecial_AndersKafka.webp\",\"contentUrl\":\"https:\/\/anderskafka.cz\/eshop\/wp-content\/uploads\/sites\/3\/2025\/07\/CHEMOFORM_algicidspecial_AndersKafka.webp\",\"width\":1500,\"height\":1500},{\"@type\":\"WebPage\",\"@id\":\"https:\/\/anderskafka.cz\/eshop\/produkt\/chemoform-algicid-special-3-l\/#webpage\",\"url\":\"https:\/\/anderskafka.cz\/eshop\/produkt\/chemoform-algicid-special-3-l\/\",\"name\":\"CHEMOFORM algicid speci\u00e1l, 3 L - Anders &amp; Kafka E-SHOP\",\"isPartOf\":{\"@id\":\"https:\/\/anderskafka.cz\/eshop\/#website\"},\"primaryImageOfPage\":{\"@id\":\"https:\/\/anderskafka.cz\/eshop\/produkt\/chemoform-algicid-special-3-l\/#primaryimage\"},\"datePublished\":\"2025-07-30T14:42:47+00:00\",\"dateModified\":\"2026-03-16T09:34:24+00:00\",\"description\":\"Prevence v\u00fdskytu a mno\u017een\u00ed \u0159as v baz\u00e9nech.\",\"breadcrumb\":{\"@id\":\"https:\/\/anderskafka.cz\/eshop\/produkt\/chemoform-algicid-special-3-l\/#breadcrumb\"},\"inLanguage\":\"cs\",\"potentialAction\":[{\"@type\":\"ReadAction\",\"target\":[\"https:\/\/anderskafka.cz\/eshop\/produkt\/chemoform-algicid-special-3-l\/\"]}]},{\"@type\":\"BreadcrumbList\",\"@id\":\"https:\/\/anderskafka.cz\/eshop\/produkt\/chemoform-algicid-special-3-l\/#breadcrumb\",\"itemListElement\":[{\"@type\":\"ListItem\",\"position\":1,\"name\":\"Obchod\",\"item\":\"https:\/\/anderskafka.cz\/eshop\/obchod\/\"},{\"@type\":\"ListItem\",\"position\":2,\"name\":\"CHEMOFORM algicid speci\u00e1l, 3 L\"}]}]}<\/script>\n<!-- \/ Yoast SEO plugin. -->","yoast_head_json":{"title":"CHEMOFORM algicid speci\u00e1l, 3 L - Anders &amp; Kafka E-SHOP","description":"Prevence v\u00fdskytu a mno\u017een\u00ed \u0159as v baz\u00e9nech.","robots":{"index":"index","follow":"follow","max-snippet":"max-snippet:-1","max-image-preview":"max-image-preview:large","max-video-preview":"max-video-preview:-1"},"canonical":"https:\/\/anderskafka.cz\/eshop\/produkt\/chemoform-algicid-special-3-l\/","og_locale":"cs_CZ","og_type":"article","og_title":"CHEMOFORM algicid speci\u00e1l, 3 L - Anders &amp; Kafka E-SHOP","og_description":"Prevence v\u00fdskytu a mno\u017een\u00ed \u0159as v baz\u00e9nech.","og_url":"https:\/\/anderskafka.cz\/eshop\/produkt\/chemoform-algicid-special-3-l\/","og_site_name":"Anders &amp; Kafka E-SHOP","article_modified_time":"2026-03-16T09:34:24+00:00","twitter_card":"summary_large_image","twitter_image":"https:\/\/anderskafka.cz\/eshop\/wp-content\/uploads\/sites\/3\/2025\/07\/CHEMOFORM_algicidspecial_AndersKafka.webp","twitter_misc":{"Odhadovan\u00e1 doba \u010dten\u00ed":"1 minuta"},"schema":{"@context":"https:\/\/schema.org","@graph":[{"@type":"WebSite","@id":"https:\/\/anderskafka.cz\/eshop\/#website","url":"https:\/\/anderskafka.cz\/eshop\/","name":"Anders &amp; Kafka E-SHOP","description":"Anders &amp; Kafka E-SHOP","potentialAction":[{"@type":"SearchAction","target":{"@type":"EntryPoint","urlTemplate":"https:\/\/anderskafka.cz\/eshop\/?s={search_term_string}"},"query-input":"required name=search_term_string"}],"inLanguage":"cs"},{"@type":"ImageObject","@id":"https:\/\/anderskafka.cz\/eshop\/produkt\/chemoform-algicid-special-3-l\/#primaryimage","inLanguage":"cs","url":"https:\/\/anderskafka.cz\/eshop\/wp-content\/uploads\/sites\/3\/2025\/07\/CHEMOFORM_algicidspecial_AndersKafka.webp","contentUrl":"https:\/\/anderskafka.cz\/eshop\/wp-content\/uploads\/sites\/3\/2025\/07\/CHEMOFORM_algicidspecial_AndersKafka.webp","width":1500,"height":1500},{"@type":"WebPage","@id":"https:\/\/anderskafka.cz\/eshop\/produkt\/chemoform-algicid-special-3-l\/#webpage","url":"https:\/\/anderskafka.cz\/eshop\/produkt\/chemoform-algicid-special-3-l\/","name":"CHEMOFORM algicid speci\u00e1l, 3 L - Anders &amp; Kafka E-SHOP","isPartOf":{"@id":"https:\/\/anderskafka.cz\/eshop\/#website"},"primaryImageOfPage":{"@id":"https:\/\/anderskafka.cz\/eshop\/produkt\/chemoform-algicid-special-3-l\/#primaryimage"},"datePublished":"2025-07-30T14:42:47+00:00","dateModified":"2026-03-16T09:34:24+00:00","description":"Prevence v\u00fdskytu a mno\u017een\u00ed \u0159as v baz\u00e9nech.","breadcrumb":{"@id":"https:\/\/anderskafka.cz\/eshop\/produkt\/chemoform-algicid-special-3-l\/#breadcrumb"},"inLanguage":"cs","potentialAction":[{"@type":"ReadAction","target":["https:\/\/anderskafka.cz\/eshop\/produkt\/chemoform-algicid-special-3-l\/"]}]},{"@type":"BreadcrumbList","@id":"https:\/\/anderskafka.cz\/eshop\/produkt\/chemoform-algicid-special-3-l\/#breadcrumb","itemListElement":[{"@type":"ListItem","position":1,"name":"Obchod","item":"https:\/\/anderskafka.cz\/eshop\/obchod\/"},{"@type":"ListItem","position":2,"name":"CHEMOFORM algicid speci\u00e1l, 3 L"}]}]}},"locations":[],"_links":{"self":[{"href":"https:\/\/anderskafka.cz\/eshop\/wp-json\/wp\/v2\/product\/11135"}],"collection":[{"href":"https:\/\/anderskafka.cz\/eshop\/wp-json\/wp\/v2\/product"}],"about":[{"href":"https:\/\/anderskafka.cz\/eshop\/wp-json\/wp\/v2\/types\/product"}],"replies":[{"embeddable":true,"href":"https:\/\/anderskafka.cz\/eshop\/wp-json\/wp\/v2\/comments?post=11135"}],"wp:featuredmedia":[{"embeddable":true,"href":"https:\/\/anderskafka.cz\/eshop\/wp-json\/wp\/v2\/media\/11136"}],"wp:attachment":[{"href":"https:\/\/anderskafka.cz\/eshop\/wp-json\/wp\/v2\/media?parent=11135"}],"wp:term":[{"taxonomy":"location","embeddable":true,"href":"https:\/\/anderskafka.cz\/eshop\/wp-json\/wp\/v2\/location?post=11135"},{"taxonomy":"product_cat","embeddable":true,"href":"https:\/\/anderskafka.cz\/eshop\/wp-json\/wp\/v2\/product_cat?post=11135"},{"taxonomy":"product_tag","embeddable":true,"href":"https:\/\/anderskafka.cz\/eshop\/wp-json\/wp\/v2\/product_tag?post=11135"}],"curies":[{"name":"wp","href":"https:\/\/api.w.org\/{rel}","templated":true}]}}