{"id":11146,"date":"2025-07-30T20:42:45","date_gmt":"2025-07-30T18:42:45","guid":{"rendered":"https:\/\/anderskafka.cz\/eshop\/?post_type=product&#038;p=11146"},"modified":"2025-10-23T13:27:17","modified_gmt":"2025-10-23T11:27:17","slug":"chemoform-flockfix-super-n-20-kg","status":"publish","type":"product","link":"https:\/\/anderskafka.cz\/eshop\/produkt\/chemoform-flockfix-super-n-20-kg\/","title":{"rendered":"CHEMOFORM flockfix super N, 20 kg"},"content":{"rendered":"<div>Speci\u00e1ln\u00ed p\u0159\u00edpravek pro v\u011bt\u0161\u00ed ve\u0159ejn\u00e9 baz\u00e9ny. Velmi \u00fasporn\u00e9 d\u00e1vkov\u00e1n\u00ed, p\u0159i optim\u00e1ln\u00edm provozu sta\u010d\u00ed i 2 ml na 1 m<sup>3<\/sup>\u00a0vody denn\u011b. M\u00e1 velmi dlouhou \u017eivotnost, ani p\u0159i dlouh\u00e9m skladov\u00e1n\u00ed netvo\u0159\u00ed usazeniny narozd\u00edl od b\u011b\u017en\u00fdch vlo\u010dkova\u010d\u016f usazeniny na dn\u011b barelu. Ani p\u0159i nadm\u011brn\u00e9m d\u00e1vkov\u00e1n\u00ed se snadno nep\u0159evlo\u010dkuje. Dob\u0159e se sn\u00e1\u0161\u00ed se v\u0161emi druhy \u00fapravy vody.<\/div>\n<div><\/div>\n<div><strong style=\"font-size: 16px\">Pou\u017e\u00edvejte biocidn\u00ed p\u0159\u00edpravky bezpe\u010dn\u011b. P\u0159ed pou\u017eit\u00edm si v\u017edy p\u0159e\u010dt\u011bte \u00fadaje na obalu a p\u0159ipojen\u00e9 informace o v\u00fdrobku.<\/strong><\/div>\n","protected":false},"excerpt":{"rendered":"<p>Speci\u00e1ln\u00ed p\u0159\u00edpravek ur\u010den\u00fd pro vyvlo\u010dkov\u00e1n\u00ed kal\u016f a ne\u010distot z baz\u00e9nu.<\/p>\n","protected":false},"featured_media":11147,"comment_status":"open","ping_status":"closed","template":"","meta":{"site-sidebar-layout":"default","site-content-layout":"default","ast-main-header-display":"","ast-hfb-above-header-display":"","ast-hfb-below-header-display":"","ast-hfb-mobile-header-display":"disabled","site-post-title":"","ast-breadcrumbs-content":"","ast-featured-img":"","footer-sml-layout":"","theme-transparent-header-meta":"","adv-header-id-meta":"","stick-header-meta":"","header-above-stick-meta":"","header-main-stick-meta":"","header-below-stick-meta":""},"location":[],"product_cat":[1596],"product_tag":[1126],"yoast_head":"<!-- This site is optimized with the Yoast SEO plugin v18.5.1 - https:\/\/yoast.com\/wordpress\/plugins\/seo\/ -->\n<title>CHEMOFORM flockfix super N, 20 kg - Anders &amp; Kafka E-SHOP<\/title>\n<meta name=\"description\" content=\"Speci\u00e1ln\u00ed p\u0159\u00edpravek ur\u010den\u00fd pro vyvlo\u010dkov\u00e1n\u00ed kal\u016f a ne\u010distot z baz\u00e9nu.\" \/>\n<meta name=\"robots\" content=\"index, follow, max-snippet:-1, max-image-preview:large, max-video-preview:-1\" \/>\n<link rel=\"canonical\" href=\"https:\/\/anderskafka.cz\/eshop\/produkt\/chemoform-flockfix-super-n-20-kg\/\" \/>\n<meta property=\"og:locale\" content=\"cs_CZ\" \/>\n<meta property=\"og:type\" content=\"article\" \/>\n<meta property=\"og:title\" content=\"CHEMOFORM flockfix super N, 20 kg - Anders &amp; Kafka E-SHOP\" \/>\n<meta property=\"og:description\" content=\"Speci\u00e1ln\u00ed p\u0159\u00edpravek ur\u010den\u00fd pro vyvlo\u010dkov\u00e1n\u00ed kal\u016f a ne\u010distot z baz\u00e9nu.\" \/>\n<meta property=\"og:url\" content=\"https:\/\/anderskafka.cz\/eshop\/produkt\/chemoform-flockfix-super-n-20-kg\/\" \/>\n<meta property=\"og:site_name\" content=\"Anders &amp; Kafka E-SHOP\" \/>\n<meta property=\"article:modified_time\" content=\"2025-10-23T11:27:17+00:00\" \/>\n<meta name=\"twitter:card\" content=\"summary_large_image\" \/>\n<meta name=\"twitter:image\" content=\"https:\/\/anderskafka.cz\/eshop\/wp-content\/uploads\/sites\/3\/2025\/07\/CHEMOFORM_flockfixsupern_AndersKafka.webp\" \/>\n<meta name=\"twitter:label1\" content=\"Odhadovan\u00e1 doba \u010dten\u00ed\" \/>\n\t<meta name=\"twitter:data1\" content=\"1 minuta\" \/>\n<script type=\"application\/ld+json\" class=\"yoast-schema-graph\">{\"@context\":\"https:\/\/schema.org\",\"@graph\":[{\"@type\":\"WebSite\",\"@id\":\"https:\/\/anderskafka.cz\/eshop\/#website\",\"url\":\"https:\/\/anderskafka.cz\/eshop\/\",\"name\":\"Anders &amp; Kafka E-SHOP\",\"description\":\"Anders &amp; Kafka E-SHOP\",\"potentialAction\":[{\"@type\":\"SearchAction\",\"target\":{\"@type\":\"EntryPoint\",\"urlTemplate\":\"https:\/\/anderskafka.cz\/eshop\/?s={search_term_string}\"},\"query-input\":\"required name=search_term_string\"}],\"inLanguage\":\"cs\"},{\"@type\":\"ImageObject\",\"@id\":\"https:\/\/anderskafka.cz\/eshop\/produkt\/chemoform-flockfix-super-n-20-kg\/#primaryimage\",\"inLanguage\":\"cs\",\"url\":\"https:\/\/anderskafka.cz\/eshop\/wp-content\/uploads\/sites\/3\/2025\/07\/CHEMOFORM_flockfixsupern_AndersKafka.webp\",\"contentUrl\":\"https:\/\/anderskafka.cz\/eshop\/wp-content\/uploads\/sites\/3\/2025\/07\/CHEMOFORM_flockfixsupern_AndersKafka.webp\",\"width\":1500,\"height\":1500},{\"@type\":\"WebPage\",\"@id\":\"https:\/\/anderskafka.cz\/eshop\/produkt\/chemoform-flockfix-super-n-20-kg\/#webpage\",\"url\":\"https:\/\/anderskafka.cz\/eshop\/produkt\/chemoform-flockfix-super-n-20-kg\/\",\"name\":\"CHEMOFORM flockfix super N, 20 kg - Anders &amp; Kafka E-SHOP\",\"isPartOf\":{\"@id\":\"https:\/\/anderskafka.cz\/eshop\/#website\"},\"primaryImageOfPage\":{\"@id\":\"https:\/\/anderskafka.cz\/eshop\/produkt\/chemoform-flockfix-super-n-20-kg\/#primaryimage\"},\"datePublished\":\"2025-07-30T18:42:45+00:00\",\"dateModified\":\"2025-10-23T11:27:17+00:00\",\"description\":\"Speci\u00e1ln\u00ed p\u0159\u00edpravek ur\u010den\u00fd pro vyvlo\u010dkov\u00e1n\u00ed kal\u016f a ne\u010distot z baz\u00e9nu.\",\"breadcrumb\":{\"@id\":\"https:\/\/anderskafka.cz\/eshop\/produkt\/chemoform-flockfix-super-n-20-kg\/#breadcrumb\"},\"inLanguage\":\"cs\",\"potentialAction\":[{\"@type\":\"ReadAction\",\"target\":[\"https:\/\/anderskafka.cz\/eshop\/produkt\/chemoform-flockfix-super-n-20-kg\/\"]}]},{\"@type\":\"BreadcrumbList\",\"@id\":\"https:\/\/anderskafka.cz\/eshop\/produkt\/chemoform-flockfix-super-n-20-kg\/#breadcrumb\",\"itemListElement\":[{\"@type\":\"ListItem\",\"position\":1,\"name\":\"Obchod\",\"item\":\"https:\/\/anderskafka.cz\/eshop\/obchod\/\"},{\"@type\":\"ListItem\",\"position\":2,\"name\":\"CHEMOFORM flockfix super N, 20 kg\"}]}]}<\/script>\n<!-- \/ Yoast SEO plugin. -->","yoast_head_json":{"title":"CHEMOFORM flockfix super N, 20 kg - Anders &amp; Kafka E-SHOP","description":"Speci\u00e1ln\u00ed p\u0159\u00edpravek ur\u010den\u00fd pro vyvlo\u010dkov\u00e1n\u00ed kal\u016f a ne\u010distot z baz\u00e9nu.","robots":{"index":"index","follow":"follow","max-snippet":"max-snippet:-1","max-image-preview":"max-image-preview:large","max-video-preview":"max-video-preview:-1"},"canonical":"https:\/\/anderskafka.cz\/eshop\/produkt\/chemoform-flockfix-super-n-20-kg\/","og_locale":"cs_CZ","og_type":"article","og_title":"CHEMOFORM flockfix super N, 20 kg - Anders &amp; Kafka E-SHOP","og_description":"Speci\u00e1ln\u00ed p\u0159\u00edpravek ur\u010den\u00fd pro vyvlo\u010dkov\u00e1n\u00ed kal\u016f a ne\u010distot z baz\u00e9nu.","og_url":"https:\/\/anderskafka.cz\/eshop\/produkt\/chemoform-flockfix-super-n-20-kg\/","og_site_name":"Anders &amp; Kafka E-SHOP","article_modified_time":"2025-10-23T11:27:17+00:00","twitter_card":"summary_large_image","twitter_image":"https:\/\/anderskafka.cz\/eshop\/wp-content\/uploads\/sites\/3\/2025\/07\/CHEMOFORM_flockfixsupern_AndersKafka.webp","twitter_misc":{"Odhadovan\u00e1 doba \u010dten\u00ed":"1 minuta"},"schema":{"@context":"https:\/\/schema.org","@graph":[{"@type":"WebSite","@id":"https:\/\/anderskafka.cz\/eshop\/#website","url":"https:\/\/anderskafka.cz\/eshop\/","name":"Anders &amp; Kafka E-SHOP","description":"Anders &amp; Kafka E-SHOP","potentialAction":[{"@type":"SearchAction","target":{"@type":"EntryPoint","urlTemplate":"https:\/\/anderskafka.cz\/eshop\/?s={search_term_string}"},"query-input":"required name=search_term_string"}],"inLanguage":"cs"},{"@type":"ImageObject","@id":"https:\/\/anderskafka.cz\/eshop\/produkt\/chemoform-flockfix-super-n-20-kg\/#primaryimage","inLanguage":"cs","url":"https:\/\/anderskafka.cz\/eshop\/wp-content\/uploads\/sites\/3\/2025\/07\/CHEMOFORM_flockfixsupern_AndersKafka.webp","contentUrl":"https:\/\/anderskafka.cz\/eshop\/wp-content\/uploads\/sites\/3\/2025\/07\/CHEMOFORM_flockfixsupern_AndersKafka.webp","width":1500,"height":1500},{"@type":"WebPage","@id":"https:\/\/anderskafka.cz\/eshop\/produkt\/chemoform-flockfix-super-n-20-kg\/#webpage","url":"https:\/\/anderskafka.cz\/eshop\/produkt\/chemoform-flockfix-super-n-20-kg\/","name":"CHEMOFORM flockfix super N, 20 kg - Anders &amp; Kafka E-SHOP","isPartOf":{"@id":"https:\/\/anderskafka.cz\/eshop\/#website"},"primaryImageOfPage":{"@id":"https:\/\/anderskafka.cz\/eshop\/produkt\/chemoform-flockfix-super-n-20-kg\/#primaryimage"},"datePublished":"2025-07-30T18:42:45+00:00","dateModified":"2025-10-23T11:27:17+00:00","description":"Speci\u00e1ln\u00ed p\u0159\u00edpravek ur\u010den\u00fd pro vyvlo\u010dkov\u00e1n\u00ed kal\u016f a ne\u010distot z baz\u00e9nu.","breadcrumb":{"@id":"https:\/\/anderskafka.cz\/eshop\/produkt\/chemoform-flockfix-super-n-20-kg\/#breadcrumb"},"inLanguage":"cs","potentialAction":[{"@type":"ReadAction","target":["https:\/\/anderskafka.cz\/eshop\/produkt\/chemoform-flockfix-super-n-20-kg\/"]}]},{"@type":"BreadcrumbList","@id":"https:\/\/anderskafka.cz\/eshop\/produkt\/chemoform-flockfix-super-n-20-kg\/#breadcrumb","itemListElement":[{"@type":"ListItem","position":1,"name":"Obchod","item":"https:\/\/anderskafka.cz\/eshop\/obchod\/"},{"@type":"ListItem","position":2,"name":"CHEMOFORM flockfix super N, 20 kg"}]}]}},"locations":[],"_links":{"self":[{"href":"https:\/\/anderskafka.cz\/eshop\/wp-json\/wp\/v2\/product\/11146"}],"collection":[{"href":"https:\/\/anderskafka.cz\/eshop\/wp-json\/wp\/v2\/product"}],"about":[{"href":"https:\/\/anderskafka.cz\/eshop\/wp-json\/wp\/v2\/types\/product"}],"replies":[{"embeddable":true,"href":"https:\/\/anderskafka.cz\/eshop\/wp-json\/wp\/v2\/comments?post=11146"}],"wp:featuredmedia":[{"embeddable":true,"href":"https:\/\/anderskafka.cz\/eshop\/wp-json\/wp\/v2\/media\/11147"}],"wp:attachment":[{"href":"https:\/\/anderskafka.cz\/eshop\/wp-json\/wp\/v2\/media?parent=11146"}],"wp:term":[{"taxonomy":"location","embeddable":true,"href":"https:\/\/anderskafka.cz\/eshop\/wp-json\/wp\/v2\/location?post=11146"},{"taxonomy":"product_cat","embeddable":true,"href":"https:\/\/anderskafka.cz\/eshop\/wp-json\/wp\/v2\/product_cat?post=11146"},{"taxonomy":"product_tag","embeddable":true,"href":"https:\/\/anderskafka.cz\/eshop\/wp-json\/wp\/v2\/product_tag?post=11146"}],"curies":[{"name":"wp","href":"https:\/\/api.w.org\/{rel}","templated":true}]}}