{"id":11162,"date":"2025-07-31T09:25:12","date_gmt":"2025-07-31T07:25:12","guid":{"rendered":"https:\/\/anderskafka.cz\/eshop\/?post_type=product&#038;p=11162"},"modified":"2026-01-31T10:43:53","modified_gmt":"2026-01-31T09:43:53","slug":"chemoform-metal-magic-1-l-kopirovat","status":"publish","type":"product","link":"https:\/\/anderskafka.cz\/eshop\/produkt\/chemoform-metal-magic-1-l-kopirovat\/","title":{"rendered":"CHEMOFORM filter cleaner, 1 L"},"content":{"rendered":"<p>\u010cistota a pr\u016fchodnost filtrace je jedn\u00edm z nejd\u016fle\u017eit\u011bj\u0161\u00edch p\u0159edpoklad\u016f pro dokonalou \u00fadr\u017ebu vody. Sebelep\u0161\u00ed za\u0159\u00edzen\u00ed \u010di chemick\u00e1 \u00faprava p\u0159est\u00e1v\u00e1 fungovat, pakli\u017ee filtra\u010dn\u00ed za\u0159\u00edzen\u00ed nem\u00e1 mo\u017enost pracovat naplno. Proto je t\u0159eba pravideln\u011b kontrolovat kartu\u0161ov\u00e9 filtry \u010di proplachovat n\u00e1pl\u0148 filtra\u010dn\u00ed n\u00e1doby. Filtra\u010dn\u00ed n\u00e1pl\u0148 m\u00e1 omezenou \u017eivotnost, myslete i na jej\u00ed pravidelnou v\u00fdm\u011bnu.<\/p>\n<div class=\"woocommerce-tabs wc-tabs-wrapper\">\n<div id=\"tab-description\" class=\"woocommerce-Tabs-panel woocommerce-Tabs-panel--description panel entry-content wc-tab\" role=\"tabpanel\" aria-labelledby=\"tab-title-description\">\n<div id=\"product-description\">\n<p><strong>Pou\u017e\u00edvejte biocidn\u00ed p\u0159\u00edpravky bezpe\u010dn\u011b. P\u0159ed pou\u017eit\u00edm si v\u017edy p\u0159e\u010dt\u011bte \u00fadaje na obalu a p\u0159ipojen\u00e9 informace o v\u00fdrobku.<\/strong><\/p>\n<\/div>\n<\/div>\n<\/div>\n","protected":false},"excerpt":{"rendered":"<p>Speci\u00e1ln\u00ed p\u0159\u00edpravek k \u010di\u0161t\u011bn\u00ed v\u0161ech druh\u016f filtr\u016f. Odstra\u0148uje vodn\u00ed k\u00e1men, organick\u00e9 \u010d\u00e1stice, zbytky oleje a jin\u00e9 zne\u010di\u0161t\u011bn\u00ed, kter\u00fdm b\u00fdvaj\u00ed filtry zanesen\u00e9, \u010d\u00edm\u017e zvy\u0161uje pr\u016ftok filtru. Vylep\u0161uje \u00fa\u010dinnost filtru a zvy\u0161uje tak kvalitu vody.<\/p>\n","protected":false},"featured_media":11164,"comment_status":"open","ping_status":"closed","template":"","meta":{"site-sidebar-layout":"default","site-content-layout":"default","ast-main-header-display":"","ast-hfb-above-header-display":"","ast-hfb-below-header-display":"","ast-hfb-mobile-header-display":"disabled","site-post-title":"","ast-breadcrumbs-content":"","ast-featured-img":"","footer-sml-layout":"","theme-transparent-header-meta":"","adv-header-id-meta":"","stick-header-meta":"","header-above-stick-meta":"","header-main-stick-meta":"","header-below-stick-meta":""},"location":[],"product_cat":[1597],"product_tag":[1126],"yoast_head":"<!-- This site is optimized with the Yoast SEO plugin v18.5.1 - https:\/\/yoast.com\/wordpress\/plugins\/seo\/ -->\n<title>CHEMOFORM filter cleaner, 1 L - Anders &amp; Kafka E-SHOP<\/title>\n<meta name=\"description\" content=\"Speci\u00e1ln\u00ed p\u0159\u00edpravek k \u010di\u0161t\u011bn\u00ed v\u0161ech druh\u016f filtr\u016f. Odstra\u0148uje vodn\u00ed k\u00e1men, organick\u00e9 \u010d\u00e1stice, zbytky oleje a jin\u00e9 zne\u010di\u0161t\u011bn\u00ed, kter\u00fdm b\u00fdvaj\u00ed filtry zanesen\u00e9, \u010d\u00edm\u017e zvy\u0161uje pr\u016ftok filtru. Vylep\u0161uje \u00fa\u010dinnost filtru a zvy\u0161uje tak kvalitu vody.\" \/>\n<meta name=\"robots\" content=\"index, follow, max-snippet:-1, max-image-preview:large, max-video-preview:-1\" \/>\n<link rel=\"canonical\" href=\"https:\/\/anderskafka.cz\/eshop\/produkt\/chemoform-metal-magic-1-l-kopirovat\/\" \/>\n<meta property=\"og:locale\" content=\"cs_CZ\" \/>\n<meta property=\"og:type\" content=\"article\" \/>\n<meta property=\"og:title\" content=\"CHEMOFORM filter cleaner, 1 L - Anders &amp; Kafka E-SHOP\" \/>\n<meta property=\"og:description\" content=\"Speci\u00e1ln\u00ed p\u0159\u00edpravek k \u010di\u0161t\u011bn\u00ed v\u0161ech druh\u016f filtr\u016f. Odstra\u0148uje vodn\u00ed k\u00e1men, organick\u00e9 \u010d\u00e1stice, zbytky oleje a jin\u00e9 zne\u010di\u0161t\u011bn\u00ed, kter\u00fdm b\u00fdvaj\u00ed filtry zanesen\u00e9, \u010d\u00edm\u017e zvy\u0161uje pr\u016ftok filtru. Vylep\u0161uje \u00fa\u010dinnost filtru a zvy\u0161uje tak kvalitu vody.\" \/>\n<meta property=\"og:url\" content=\"https:\/\/anderskafka.cz\/eshop\/produkt\/chemoform-metal-magic-1-l-kopirovat\/\" \/>\n<meta property=\"og:site_name\" content=\"Anders &amp; Kafka E-SHOP\" \/>\n<meta property=\"article:modified_time\" content=\"2026-01-31T09:43:53+00:00\" \/>\n<meta name=\"twitter:card\" content=\"summary_large_image\" \/>\n<meta name=\"twitter:image\" content=\"https:\/\/anderskafka.cz\/eshop\/wp-content\/uploads\/sites\/3\/2025\/07\/CHEMOFORM_filtercleaner_AndersKafka.webp\" \/>\n<meta name=\"twitter:label1\" content=\"Odhadovan\u00e1 doba \u010dten\u00ed\" \/>\n\t<meta name=\"twitter:data1\" content=\"1 minuta\" \/>\n<script type=\"application\/ld+json\" class=\"yoast-schema-graph\">{\"@context\":\"https:\/\/schema.org\",\"@graph\":[{\"@type\":\"WebSite\",\"@id\":\"https:\/\/anderskafka.cz\/eshop\/#website\",\"url\":\"https:\/\/anderskafka.cz\/eshop\/\",\"name\":\"Anders &amp; Kafka E-SHOP\",\"description\":\"Anders &amp; Kafka E-SHOP\",\"potentialAction\":[{\"@type\":\"SearchAction\",\"target\":{\"@type\":\"EntryPoint\",\"urlTemplate\":\"https:\/\/anderskafka.cz\/eshop\/?s={search_term_string}\"},\"query-input\":\"required name=search_term_string\"}],\"inLanguage\":\"cs\"},{\"@type\":\"ImageObject\",\"@id\":\"https:\/\/anderskafka.cz\/eshop\/produkt\/chemoform-metal-magic-1-l-kopirovat\/#primaryimage\",\"inLanguage\":\"cs\",\"url\":\"https:\/\/anderskafka.cz\/eshop\/wp-content\/uploads\/sites\/3\/2025\/07\/CHEMOFORM_filtercleaner_AndersKafka.webp\",\"contentUrl\":\"https:\/\/anderskafka.cz\/eshop\/wp-content\/uploads\/sites\/3\/2025\/07\/CHEMOFORM_filtercleaner_AndersKafka.webp\",\"width\":1500,\"height\":1500},{\"@type\":\"WebPage\",\"@id\":\"https:\/\/anderskafka.cz\/eshop\/produkt\/chemoform-metal-magic-1-l-kopirovat\/#webpage\",\"url\":\"https:\/\/anderskafka.cz\/eshop\/produkt\/chemoform-metal-magic-1-l-kopirovat\/\",\"name\":\"CHEMOFORM filter cleaner, 1 L - Anders &amp; Kafka E-SHOP\",\"isPartOf\":{\"@id\":\"https:\/\/anderskafka.cz\/eshop\/#website\"},\"primaryImageOfPage\":{\"@id\":\"https:\/\/anderskafka.cz\/eshop\/produkt\/chemoform-metal-magic-1-l-kopirovat\/#primaryimage\"},\"datePublished\":\"2025-07-31T07:25:12+00:00\",\"dateModified\":\"2026-01-31T09:43:53+00:00\",\"description\":\"Speci\u00e1ln\u00ed p\u0159\u00edpravek k \u010di\u0161t\u011bn\u00ed v\u0161ech druh\u016f filtr\u016f. Odstra\u0148uje vodn\u00ed k\u00e1men, organick\u00e9 \u010d\u00e1stice, zbytky oleje a jin\u00e9 zne\u010di\u0161t\u011bn\u00ed, kter\u00fdm b\u00fdvaj\u00ed filtry zanesen\u00e9, \u010d\u00edm\u017e zvy\u0161uje pr\u016ftok filtru. Vylep\u0161uje \u00fa\u010dinnost filtru a zvy\u0161uje tak kvalitu vody.\",\"breadcrumb\":{\"@id\":\"https:\/\/anderskafka.cz\/eshop\/produkt\/chemoform-metal-magic-1-l-kopirovat\/#breadcrumb\"},\"inLanguage\":\"cs\",\"potentialAction\":[{\"@type\":\"ReadAction\",\"target\":[\"https:\/\/anderskafka.cz\/eshop\/produkt\/chemoform-metal-magic-1-l-kopirovat\/\"]}]},{\"@type\":\"BreadcrumbList\",\"@id\":\"https:\/\/anderskafka.cz\/eshop\/produkt\/chemoform-metal-magic-1-l-kopirovat\/#breadcrumb\",\"itemListElement\":[{\"@type\":\"ListItem\",\"position\":1,\"name\":\"Obchod\",\"item\":\"https:\/\/anderskafka.cz\/eshop\/obchod\/\"},{\"@type\":\"ListItem\",\"position\":2,\"name\":\"CHEMOFORM filter cleaner, 1 L\"}]}]}<\/script>\n<!-- \/ Yoast SEO plugin. -->","yoast_head_json":{"title":"CHEMOFORM filter cleaner, 1 L - Anders &amp; Kafka E-SHOP","description":"Speci\u00e1ln\u00ed p\u0159\u00edpravek k \u010di\u0161t\u011bn\u00ed v\u0161ech druh\u016f filtr\u016f. Odstra\u0148uje vodn\u00ed k\u00e1men, organick\u00e9 \u010d\u00e1stice, zbytky oleje a jin\u00e9 zne\u010di\u0161t\u011bn\u00ed, kter\u00fdm b\u00fdvaj\u00ed filtry zanesen\u00e9, \u010d\u00edm\u017e zvy\u0161uje pr\u016ftok filtru. Vylep\u0161uje \u00fa\u010dinnost filtru a zvy\u0161uje tak kvalitu vody.","robots":{"index":"index","follow":"follow","max-snippet":"max-snippet:-1","max-image-preview":"max-image-preview:large","max-video-preview":"max-video-preview:-1"},"canonical":"https:\/\/anderskafka.cz\/eshop\/produkt\/chemoform-metal-magic-1-l-kopirovat\/","og_locale":"cs_CZ","og_type":"article","og_title":"CHEMOFORM filter cleaner, 1 L - Anders &amp; Kafka E-SHOP","og_description":"Speci\u00e1ln\u00ed p\u0159\u00edpravek k \u010di\u0161t\u011bn\u00ed v\u0161ech druh\u016f filtr\u016f. Odstra\u0148uje vodn\u00ed k\u00e1men, organick\u00e9 \u010d\u00e1stice, zbytky oleje a jin\u00e9 zne\u010di\u0161t\u011bn\u00ed, kter\u00fdm b\u00fdvaj\u00ed filtry zanesen\u00e9, \u010d\u00edm\u017e zvy\u0161uje pr\u016ftok filtru. Vylep\u0161uje \u00fa\u010dinnost filtru a zvy\u0161uje tak kvalitu vody.","og_url":"https:\/\/anderskafka.cz\/eshop\/produkt\/chemoform-metal-magic-1-l-kopirovat\/","og_site_name":"Anders &amp; Kafka E-SHOP","article_modified_time":"2026-01-31T09:43:53+00:00","twitter_card":"summary_large_image","twitter_image":"https:\/\/anderskafka.cz\/eshop\/wp-content\/uploads\/sites\/3\/2025\/07\/CHEMOFORM_filtercleaner_AndersKafka.webp","twitter_misc":{"Odhadovan\u00e1 doba \u010dten\u00ed":"1 minuta"},"schema":{"@context":"https:\/\/schema.org","@graph":[{"@type":"WebSite","@id":"https:\/\/anderskafka.cz\/eshop\/#website","url":"https:\/\/anderskafka.cz\/eshop\/","name":"Anders &amp; Kafka E-SHOP","description":"Anders &amp; Kafka E-SHOP","potentialAction":[{"@type":"SearchAction","target":{"@type":"EntryPoint","urlTemplate":"https:\/\/anderskafka.cz\/eshop\/?s={search_term_string}"},"query-input":"required name=search_term_string"}],"inLanguage":"cs"},{"@type":"ImageObject","@id":"https:\/\/anderskafka.cz\/eshop\/produkt\/chemoform-metal-magic-1-l-kopirovat\/#primaryimage","inLanguage":"cs","url":"https:\/\/anderskafka.cz\/eshop\/wp-content\/uploads\/sites\/3\/2025\/07\/CHEMOFORM_filtercleaner_AndersKafka.webp","contentUrl":"https:\/\/anderskafka.cz\/eshop\/wp-content\/uploads\/sites\/3\/2025\/07\/CHEMOFORM_filtercleaner_AndersKafka.webp","width":1500,"height":1500},{"@type":"WebPage","@id":"https:\/\/anderskafka.cz\/eshop\/produkt\/chemoform-metal-magic-1-l-kopirovat\/#webpage","url":"https:\/\/anderskafka.cz\/eshop\/produkt\/chemoform-metal-magic-1-l-kopirovat\/","name":"CHEMOFORM filter cleaner, 1 L - Anders &amp; Kafka E-SHOP","isPartOf":{"@id":"https:\/\/anderskafka.cz\/eshop\/#website"},"primaryImageOfPage":{"@id":"https:\/\/anderskafka.cz\/eshop\/produkt\/chemoform-metal-magic-1-l-kopirovat\/#primaryimage"},"datePublished":"2025-07-31T07:25:12+00:00","dateModified":"2026-01-31T09:43:53+00:00","description":"Speci\u00e1ln\u00ed p\u0159\u00edpravek k \u010di\u0161t\u011bn\u00ed v\u0161ech druh\u016f filtr\u016f. Odstra\u0148uje vodn\u00ed k\u00e1men, organick\u00e9 \u010d\u00e1stice, zbytky oleje a jin\u00e9 zne\u010di\u0161t\u011bn\u00ed, kter\u00fdm b\u00fdvaj\u00ed filtry zanesen\u00e9, \u010d\u00edm\u017e zvy\u0161uje pr\u016ftok filtru. Vylep\u0161uje \u00fa\u010dinnost filtru a zvy\u0161uje tak kvalitu vody.","breadcrumb":{"@id":"https:\/\/anderskafka.cz\/eshop\/produkt\/chemoform-metal-magic-1-l-kopirovat\/#breadcrumb"},"inLanguage":"cs","potentialAction":[{"@type":"ReadAction","target":["https:\/\/anderskafka.cz\/eshop\/produkt\/chemoform-metal-magic-1-l-kopirovat\/"]}]},{"@type":"BreadcrumbList","@id":"https:\/\/anderskafka.cz\/eshop\/produkt\/chemoform-metal-magic-1-l-kopirovat\/#breadcrumb","itemListElement":[{"@type":"ListItem","position":1,"name":"Obchod","item":"https:\/\/anderskafka.cz\/eshop\/obchod\/"},{"@type":"ListItem","position":2,"name":"CHEMOFORM filter cleaner, 1 L"}]}]}},"locations":[],"_links":{"self":[{"href":"https:\/\/anderskafka.cz\/eshop\/wp-json\/wp\/v2\/product\/11162"}],"collection":[{"href":"https:\/\/anderskafka.cz\/eshop\/wp-json\/wp\/v2\/product"}],"about":[{"href":"https:\/\/anderskafka.cz\/eshop\/wp-json\/wp\/v2\/types\/product"}],"replies":[{"embeddable":true,"href":"https:\/\/anderskafka.cz\/eshop\/wp-json\/wp\/v2\/comments?post=11162"}],"wp:featuredmedia":[{"embeddable":true,"href":"https:\/\/anderskafka.cz\/eshop\/wp-json\/wp\/v2\/media\/11164"}],"wp:attachment":[{"href":"https:\/\/anderskafka.cz\/eshop\/wp-json\/wp\/v2\/media?parent=11162"}],"wp:term":[{"taxonomy":"location","embeddable":true,"href":"https:\/\/anderskafka.cz\/eshop\/wp-json\/wp\/v2\/location?post=11162"},{"taxonomy":"product_cat","embeddable":true,"href":"https:\/\/anderskafka.cz\/eshop\/wp-json\/wp\/v2\/product_cat?post=11162"},{"taxonomy":"product_tag","embeddable":true,"href":"https:\/\/anderskafka.cz\/eshop\/wp-json\/wp\/v2\/product_tag?post=11162"}],"curies":[{"name":"wp","href":"https:\/\/api.w.org\/{rel}","templated":true}]}}