{"id":11166,"date":"2025-07-31T09:54:45","date_gmt":"2025-07-31T07:54:45","guid":{"rendered":"https:\/\/anderskafka.cz\/eshop\/?post_type=product&#038;p=11166"},"modified":"2025-10-23T13:29:13","modified_gmt":"2025-10-23T11:29:13","slug":"chemoform-zakladni-cistic-10-l","status":"publish","type":"product","link":"https:\/\/anderskafka.cz\/eshop\/produkt\/chemoform-zakladni-cistic-10-l\/","title":{"rendered":"CHEMOFORM z\u00e1kladn\u00ed \u010disti\u010d, 10 L"},"content":{"rendered":"<p>Po vypu\u0161t\u011bn\u00ed baz\u00e9nu velmi \u010dasto zjist\u00edme, \u017ee je jeho povrch zanesen vodn\u00edm kamenem a jeho povrch je hrub\u00fd. Velmi \u010dasto jsou v tenk\u00e9 krust\u011b vodn\u00edho kamene zarostl\u00e9 \u0159asy, kter\u00e9 by se po napu\u0161t\u011bn\u00ed baz\u00e9nu m\u011bly mo\u017enost znovu mno\u017eit. Proto je t\u0159eba ve\u0161ker\u00fd tento n\u00e1nos d\u016fkladn\u011b p\u0159ed napu\u0161t\u011bn\u00edm baz\u00e9nu vy\u010distit.<\/p>\n<div class=\"woocommerce-tabs wc-tabs-wrapper\">\n<div id=\"tab-description\" class=\"woocommerce-Tabs-panel woocommerce-Tabs-panel--description panel entry-content wc-tab\" role=\"tabpanel\" aria-labelledby=\"tab-title-description\">\n<div id=\"product-description\">\n<p><strong>Pou\u017e\u00edvejte biocidn\u00ed p\u0159\u00edpravky bezpe\u010dn\u011b. P\u0159ed pou\u017eit\u00edm si v\u017edy p\u0159e\u010dt\u011bte \u00fadaje na obalu a p\u0159ipojen\u00e9 informace o v\u00fdrobku.<\/strong><\/p>\n<\/div>\n<\/div>\n<\/div>\n","protected":false},"excerpt":{"rendered":"<p>Pro \u010di\u0161t\u011bn\u00ed p\u0159i vypu\u0161t\u011bn\u00e9m baz\u00e9nu. Odstra\u0148uje n\u00e1nosy vodn\u00edho kamene, usazen\u00e9 zbytky \u0159as a dal\u0161\u00ed zne\u010di\u0161t\u011bn\u00ed. Kysel\u00fd p\u0159\u00edpravek na b\u00e1zi kyseliny fosfore\u010dn\u00e9.<\/p>\n","protected":false},"featured_media":11169,"comment_status":"open","ping_status":"closed","template":"","meta":{"site-sidebar-layout":"default","site-content-layout":"default","ast-main-header-display":"","ast-hfb-above-header-display":"","ast-hfb-below-header-display":"","ast-hfb-mobile-header-display":"disabled","site-post-title":"","ast-breadcrumbs-content":"","ast-featured-img":"","footer-sml-layout":"","theme-transparent-header-meta":"","adv-header-id-meta":"","stick-header-meta":"","header-above-stick-meta":"","header-main-stick-meta":"","header-below-stick-meta":""},"location":[],"product_cat":[1597],"product_tag":[1126],"yoast_head":"<!-- This site is optimized with the Yoast SEO plugin v18.5.1 - https:\/\/yoast.com\/wordpress\/plugins\/seo\/ -->\n<title>CHEMOFORM z\u00e1kladn\u00ed \u010disti\u010d, 10 L - Anders &amp; Kafka E-SHOP<\/title>\n<meta name=\"description\" content=\"Pro \u010di\u0161t\u011bn\u00ed p\u0159i vypu\u0161t\u011bn\u00e9m baz\u00e9nu. Odstra\u0148uje n\u00e1nosy vodn\u00edho kamene, usazen\u00e9 zbytky \u0159as a dal\u0161\u00ed zne\u010di\u0161t\u011bn\u00ed. Kysel\u00fd p\u0159\u00edpravek na b\u00e1zi kyseliny fosfore\u010dn\u00e9.\" \/>\n<meta name=\"robots\" content=\"index, follow, max-snippet:-1, max-image-preview:large, max-video-preview:-1\" \/>\n<link rel=\"canonical\" href=\"https:\/\/anderskafka.cz\/eshop\/produkt\/chemoform-zakladni-cistic-10-l\/\" \/>\n<meta property=\"og:locale\" content=\"cs_CZ\" \/>\n<meta property=\"og:type\" content=\"article\" \/>\n<meta property=\"og:title\" content=\"CHEMOFORM z\u00e1kladn\u00ed \u010disti\u010d, 10 L - Anders &amp; Kafka E-SHOP\" \/>\n<meta property=\"og:description\" content=\"Pro \u010di\u0161t\u011bn\u00ed p\u0159i vypu\u0161t\u011bn\u00e9m baz\u00e9nu. Odstra\u0148uje n\u00e1nosy vodn\u00edho kamene, usazen\u00e9 zbytky \u0159as a dal\u0161\u00ed zne\u010di\u0161t\u011bn\u00ed. Kysel\u00fd p\u0159\u00edpravek na b\u00e1zi kyseliny fosfore\u010dn\u00e9.\" \/>\n<meta property=\"og:url\" content=\"https:\/\/anderskafka.cz\/eshop\/produkt\/chemoform-zakladni-cistic-10-l\/\" \/>\n<meta property=\"og:site_name\" content=\"Anders &amp; Kafka E-SHOP\" \/>\n<meta property=\"article:modified_time\" content=\"2025-10-23T11:29:13+00:00\" \/>\n<meta name=\"twitter:card\" content=\"summary_large_image\" \/>\n<meta name=\"twitter:image\" content=\"https:\/\/anderskafka.cz\/eshop\/wp-content\/uploads\/sites\/3\/2025\/07\/CHEMOFORM_zakladnicistic_AndersKafka.webp\" \/>\n<meta name=\"twitter:label1\" content=\"Odhadovan\u00e1 doba \u010dten\u00ed\" \/>\n\t<meta name=\"twitter:data1\" content=\"1 minuta\" \/>\n<script type=\"application\/ld+json\" class=\"yoast-schema-graph\">{\"@context\":\"https:\/\/schema.org\",\"@graph\":[{\"@type\":\"WebSite\",\"@id\":\"https:\/\/anderskafka.cz\/eshop\/#website\",\"url\":\"https:\/\/anderskafka.cz\/eshop\/\",\"name\":\"Anders &amp; Kafka E-SHOP\",\"description\":\"Anders &amp; Kafka E-SHOP\",\"potentialAction\":[{\"@type\":\"SearchAction\",\"target\":{\"@type\":\"EntryPoint\",\"urlTemplate\":\"https:\/\/anderskafka.cz\/eshop\/?s={search_term_string}\"},\"query-input\":\"required name=search_term_string\"}],\"inLanguage\":\"cs\"},{\"@type\":\"ImageObject\",\"@id\":\"https:\/\/anderskafka.cz\/eshop\/produkt\/chemoform-zakladni-cistic-10-l\/#primaryimage\",\"inLanguage\":\"cs\",\"url\":\"https:\/\/anderskafka.cz\/eshop\/wp-content\/uploads\/sites\/3\/2025\/07\/CHEMOFORM_zakladnicistic_AndersKafka.webp\",\"contentUrl\":\"https:\/\/anderskafka.cz\/eshop\/wp-content\/uploads\/sites\/3\/2025\/07\/CHEMOFORM_zakladnicistic_AndersKafka.webp\",\"width\":1500,\"height\":1500},{\"@type\":\"WebPage\",\"@id\":\"https:\/\/anderskafka.cz\/eshop\/produkt\/chemoform-zakladni-cistic-10-l\/#webpage\",\"url\":\"https:\/\/anderskafka.cz\/eshop\/produkt\/chemoform-zakladni-cistic-10-l\/\",\"name\":\"CHEMOFORM z\u00e1kladn\u00ed \u010disti\u010d, 10 L - Anders &amp; Kafka E-SHOP\",\"isPartOf\":{\"@id\":\"https:\/\/anderskafka.cz\/eshop\/#website\"},\"primaryImageOfPage\":{\"@id\":\"https:\/\/anderskafka.cz\/eshop\/produkt\/chemoform-zakladni-cistic-10-l\/#primaryimage\"},\"datePublished\":\"2025-07-31T07:54:45+00:00\",\"dateModified\":\"2025-10-23T11:29:13+00:00\",\"description\":\"Pro \u010di\u0161t\u011bn\u00ed p\u0159i vypu\u0161t\u011bn\u00e9m baz\u00e9nu. Odstra\u0148uje n\u00e1nosy vodn\u00edho kamene, usazen\u00e9 zbytky \u0159as a dal\u0161\u00ed zne\u010di\u0161t\u011bn\u00ed. Kysel\u00fd p\u0159\u00edpravek na b\u00e1zi kyseliny fosfore\u010dn\u00e9.\",\"breadcrumb\":{\"@id\":\"https:\/\/anderskafka.cz\/eshop\/produkt\/chemoform-zakladni-cistic-10-l\/#breadcrumb\"},\"inLanguage\":\"cs\",\"potentialAction\":[{\"@type\":\"ReadAction\",\"target\":[\"https:\/\/anderskafka.cz\/eshop\/produkt\/chemoform-zakladni-cistic-10-l\/\"]}]},{\"@type\":\"BreadcrumbList\",\"@id\":\"https:\/\/anderskafka.cz\/eshop\/produkt\/chemoform-zakladni-cistic-10-l\/#breadcrumb\",\"itemListElement\":[{\"@type\":\"ListItem\",\"position\":1,\"name\":\"Obchod\",\"item\":\"https:\/\/anderskafka.cz\/eshop\/obchod\/\"},{\"@type\":\"ListItem\",\"position\":2,\"name\":\"CHEMOFORM z\u00e1kladn\u00ed \u010disti\u010d, 10 L\"}]}]}<\/script>\n<!-- \/ Yoast SEO plugin. -->","yoast_head_json":{"title":"CHEMOFORM z\u00e1kladn\u00ed \u010disti\u010d, 10 L - Anders &amp; Kafka E-SHOP","description":"Pro \u010di\u0161t\u011bn\u00ed p\u0159i vypu\u0161t\u011bn\u00e9m baz\u00e9nu. Odstra\u0148uje n\u00e1nosy vodn\u00edho kamene, usazen\u00e9 zbytky \u0159as a dal\u0161\u00ed zne\u010di\u0161t\u011bn\u00ed. Kysel\u00fd p\u0159\u00edpravek na b\u00e1zi kyseliny fosfore\u010dn\u00e9.","robots":{"index":"index","follow":"follow","max-snippet":"max-snippet:-1","max-image-preview":"max-image-preview:large","max-video-preview":"max-video-preview:-1"},"canonical":"https:\/\/anderskafka.cz\/eshop\/produkt\/chemoform-zakladni-cistic-10-l\/","og_locale":"cs_CZ","og_type":"article","og_title":"CHEMOFORM z\u00e1kladn\u00ed \u010disti\u010d, 10 L - Anders &amp; Kafka E-SHOP","og_description":"Pro \u010di\u0161t\u011bn\u00ed p\u0159i vypu\u0161t\u011bn\u00e9m baz\u00e9nu. Odstra\u0148uje n\u00e1nosy vodn\u00edho kamene, usazen\u00e9 zbytky \u0159as a dal\u0161\u00ed zne\u010di\u0161t\u011bn\u00ed. Kysel\u00fd p\u0159\u00edpravek na b\u00e1zi kyseliny fosfore\u010dn\u00e9.","og_url":"https:\/\/anderskafka.cz\/eshop\/produkt\/chemoform-zakladni-cistic-10-l\/","og_site_name":"Anders &amp; Kafka E-SHOP","article_modified_time":"2025-10-23T11:29:13+00:00","twitter_card":"summary_large_image","twitter_image":"https:\/\/anderskafka.cz\/eshop\/wp-content\/uploads\/sites\/3\/2025\/07\/CHEMOFORM_zakladnicistic_AndersKafka.webp","twitter_misc":{"Odhadovan\u00e1 doba \u010dten\u00ed":"1 minuta"},"schema":{"@context":"https:\/\/schema.org","@graph":[{"@type":"WebSite","@id":"https:\/\/anderskafka.cz\/eshop\/#website","url":"https:\/\/anderskafka.cz\/eshop\/","name":"Anders &amp; Kafka E-SHOP","description":"Anders &amp; Kafka E-SHOP","potentialAction":[{"@type":"SearchAction","target":{"@type":"EntryPoint","urlTemplate":"https:\/\/anderskafka.cz\/eshop\/?s={search_term_string}"},"query-input":"required name=search_term_string"}],"inLanguage":"cs"},{"@type":"ImageObject","@id":"https:\/\/anderskafka.cz\/eshop\/produkt\/chemoform-zakladni-cistic-10-l\/#primaryimage","inLanguage":"cs","url":"https:\/\/anderskafka.cz\/eshop\/wp-content\/uploads\/sites\/3\/2025\/07\/CHEMOFORM_zakladnicistic_AndersKafka.webp","contentUrl":"https:\/\/anderskafka.cz\/eshop\/wp-content\/uploads\/sites\/3\/2025\/07\/CHEMOFORM_zakladnicistic_AndersKafka.webp","width":1500,"height":1500},{"@type":"WebPage","@id":"https:\/\/anderskafka.cz\/eshop\/produkt\/chemoform-zakladni-cistic-10-l\/#webpage","url":"https:\/\/anderskafka.cz\/eshop\/produkt\/chemoform-zakladni-cistic-10-l\/","name":"CHEMOFORM z\u00e1kladn\u00ed \u010disti\u010d, 10 L - Anders &amp; Kafka E-SHOP","isPartOf":{"@id":"https:\/\/anderskafka.cz\/eshop\/#website"},"primaryImageOfPage":{"@id":"https:\/\/anderskafka.cz\/eshop\/produkt\/chemoform-zakladni-cistic-10-l\/#primaryimage"},"datePublished":"2025-07-31T07:54:45+00:00","dateModified":"2025-10-23T11:29:13+00:00","description":"Pro \u010di\u0161t\u011bn\u00ed p\u0159i vypu\u0161t\u011bn\u00e9m baz\u00e9nu. Odstra\u0148uje n\u00e1nosy vodn\u00edho kamene, usazen\u00e9 zbytky \u0159as a dal\u0161\u00ed zne\u010di\u0161t\u011bn\u00ed. Kysel\u00fd p\u0159\u00edpravek na b\u00e1zi kyseliny fosfore\u010dn\u00e9.","breadcrumb":{"@id":"https:\/\/anderskafka.cz\/eshop\/produkt\/chemoform-zakladni-cistic-10-l\/#breadcrumb"},"inLanguage":"cs","potentialAction":[{"@type":"ReadAction","target":["https:\/\/anderskafka.cz\/eshop\/produkt\/chemoform-zakladni-cistic-10-l\/"]}]},{"@type":"BreadcrumbList","@id":"https:\/\/anderskafka.cz\/eshop\/produkt\/chemoform-zakladni-cistic-10-l\/#breadcrumb","itemListElement":[{"@type":"ListItem","position":1,"name":"Obchod","item":"https:\/\/anderskafka.cz\/eshop\/obchod\/"},{"@type":"ListItem","position":2,"name":"CHEMOFORM z\u00e1kladn\u00ed \u010disti\u010d, 10 L"}]}]}},"locations":[],"_links":{"self":[{"href":"https:\/\/anderskafka.cz\/eshop\/wp-json\/wp\/v2\/product\/11166"}],"collection":[{"href":"https:\/\/anderskafka.cz\/eshop\/wp-json\/wp\/v2\/product"}],"about":[{"href":"https:\/\/anderskafka.cz\/eshop\/wp-json\/wp\/v2\/types\/product"}],"replies":[{"embeddable":true,"href":"https:\/\/anderskafka.cz\/eshop\/wp-json\/wp\/v2\/comments?post=11166"}],"wp:featuredmedia":[{"embeddable":true,"href":"https:\/\/anderskafka.cz\/eshop\/wp-json\/wp\/v2\/media\/11169"}],"wp:attachment":[{"href":"https:\/\/anderskafka.cz\/eshop\/wp-json\/wp\/v2\/media?parent=11166"}],"wp:term":[{"taxonomy":"location","embeddable":true,"href":"https:\/\/anderskafka.cz\/eshop\/wp-json\/wp\/v2\/location?post=11166"},{"taxonomy":"product_cat","embeddable":true,"href":"https:\/\/anderskafka.cz\/eshop\/wp-json\/wp\/v2\/product_cat?post=11166"},{"taxonomy":"product_tag","embeddable":true,"href":"https:\/\/anderskafka.cz\/eshop\/wp-json\/wp\/v2\/product_tag?post=11166"}],"curies":[{"name":"wp","href":"https:\/\/api.w.org\/{rel}","templated":true}]}}