{"id":11413,"date":"2025-09-04T10:04:29","date_gmt":"2025-09-04T08:04:29","guid":{"rendered":"https:\/\/anderskafka.cz\/eshop\/?post_type=product&#038;p=11413"},"modified":"2026-03-26T10:58:13","modified_gmt":"2026-03-26T09:58:13","slug":"chemoform-tester-phaktivni-kyslik-2020-tablet","status":"publish","type":"product","link":"https:\/\/anderskafka.cz\/eshop\/produkt\/chemoform-tester-phaktivni-kyslik-2020-tablet\/","title":{"rendered":"CHEMOFORM tester pH+aktivn\u00ed kysl\u00edk (20+20 tablet)"},"content":{"rendered":"<p>Komorov\u00fd tester k m\u011b\u0159en\u00ed pH a kysl\u00edku. Balen\u00ed obsahuje tester, 20 tabletek na m\u011b\u0159en\u00ed pH a 20 tabletek na m\u011b\u0159en\u00ed kysl\u00edku.<\/p>\n","protected":false},"excerpt":{"rendered":"<p>Komorov\u00fd tester k m\u011b\u0159en\u00ed pH a kysl\u00edku. Balen\u00ed obsahuje tester, 20 tabletek na m\u011b\u0159en\u00ed pH a 20 tabletek na m\u011b\u0159en\u00ed kysl\u00edku.<\/p>\n","protected":false},"featured_media":11414,"comment_status":"open","ping_status":"closed","template":"","meta":{"site-sidebar-layout":"default","site-content-layout":"default","ast-main-header-display":"","ast-hfb-above-header-display":"","ast-hfb-below-header-display":"","ast-hfb-mobile-header-display":"disabled","site-post-title":"","ast-breadcrumbs-content":"","ast-featured-img":"","footer-sml-layout":"","theme-transparent-header-meta":"","adv-header-id-meta":"","stick-header-meta":"","header-above-stick-meta":"","header-main-stick-meta":"","header-below-stick-meta":""},"location":[],"product_cat":[1598],"product_tag":[1126],"yoast_head":"<!-- This site is optimized with the Yoast SEO plugin v18.5.1 - https:\/\/yoast.com\/wordpress\/plugins\/seo\/ -->\n<title>CHEMOFORM tester pH+aktivn\u00ed kysl\u00edk (20+20 tablet) - Anders &amp; Kafka E-SHOP<\/title>\n<meta name=\"description\" content=\"Komorov\u00fd tester k m\u011b\u0159en\u00ed pH a kysl\u00edku. Balen\u00ed obsahuje tester, 20 tabletek na m\u011b\u0159en\u00ed pH a 20 tabletek na m\u011b\u0159en\u00ed kysl\u00edku.\" \/>\n<meta name=\"robots\" content=\"index, follow, max-snippet:-1, max-image-preview:large, max-video-preview:-1\" \/>\n<link rel=\"canonical\" href=\"https:\/\/anderskafka.cz\/eshop\/produkt\/chemoform-tester-phaktivni-kyslik-2020-tablet\/\" \/>\n<meta property=\"og:locale\" content=\"cs_CZ\" \/>\n<meta property=\"og:type\" content=\"article\" \/>\n<meta property=\"og:title\" content=\"CHEMOFORM tester pH+aktivn\u00ed kysl\u00edk (20+20 tablet) - Anders &amp; Kafka E-SHOP\" \/>\n<meta property=\"og:description\" content=\"Komorov\u00fd tester k m\u011b\u0159en\u00ed pH a kysl\u00edku. Balen\u00ed obsahuje tester, 20 tabletek na m\u011b\u0159en\u00ed pH a 20 tabletek na m\u011b\u0159en\u00ed kysl\u00edku.\" \/>\n<meta property=\"og:url\" content=\"https:\/\/anderskafka.cz\/eshop\/produkt\/chemoform-tester-phaktivni-kyslik-2020-tablet\/\" \/>\n<meta property=\"og:site_name\" content=\"Anders &amp; Kafka E-SHOP\" \/>\n<meta property=\"article:modified_time\" content=\"2026-03-26T09:58:13+00:00\" \/>\n<meta name=\"twitter:card\" content=\"summary_large_image\" \/>\n<meta name=\"twitter:image\" content=\"https:\/\/anderskafka.cz\/eshop\/wp-content\/uploads\/sites\/3\/2025\/09\/CHEMOFORM_testerpHkyslik_AndersKafka.webp\" \/>\n<meta name=\"twitter:label1\" content=\"Odhadovan\u00e1 doba \u010dten\u00ed\" \/>\n\t<meta name=\"twitter:data1\" content=\"1 minuta\" \/>\n<script type=\"application\/ld+json\" class=\"yoast-schema-graph\">{\"@context\":\"https:\/\/schema.org\",\"@graph\":[{\"@type\":\"WebSite\",\"@id\":\"https:\/\/anderskafka.cz\/eshop\/#website\",\"url\":\"https:\/\/anderskafka.cz\/eshop\/\",\"name\":\"Anders &amp; Kafka E-SHOP\",\"description\":\"Anders &amp; Kafka E-SHOP\",\"potentialAction\":[{\"@type\":\"SearchAction\",\"target\":{\"@type\":\"EntryPoint\",\"urlTemplate\":\"https:\/\/anderskafka.cz\/eshop\/?s={search_term_string}\"},\"query-input\":\"required name=search_term_string\"}],\"inLanguage\":\"cs\"},{\"@type\":\"ImageObject\",\"@id\":\"https:\/\/anderskafka.cz\/eshop\/produkt\/chemoform-tester-phaktivni-kyslik-2020-tablet\/#primaryimage\",\"inLanguage\":\"cs\",\"url\":\"https:\/\/anderskafka.cz\/eshop\/wp-content\/uploads\/sites\/3\/2025\/09\/CHEMOFORM_testerpHkyslik_AndersKafka.webp\",\"contentUrl\":\"https:\/\/anderskafka.cz\/eshop\/wp-content\/uploads\/sites\/3\/2025\/09\/CHEMOFORM_testerpHkyslik_AndersKafka.webp\",\"width\":1500,\"height\":1500},{\"@type\":\"WebPage\",\"@id\":\"https:\/\/anderskafka.cz\/eshop\/produkt\/chemoform-tester-phaktivni-kyslik-2020-tablet\/#webpage\",\"url\":\"https:\/\/anderskafka.cz\/eshop\/produkt\/chemoform-tester-phaktivni-kyslik-2020-tablet\/\",\"name\":\"CHEMOFORM tester pH+aktivn\u00ed kysl\u00edk (20+20 tablet) - Anders &amp; Kafka E-SHOP\",\"isPartOf\":{\"@id\":\"https:\/\/anderskafka.cz\/eshop\/#website\"},\"primaryImageOfPage\":{\"@id\":\"https:\/\/anderskafka.cz\/eshop\/produkt\/chemoform-tester-phaktivni-kyslik-2020-tablet\/#primaryimage\"},\"datePublished\":\"2025-09-04T08:04:29+00:00\",\"dateModified\":\"2026-03-26T09:58:13+00:00\",\"description\":\"Komorov\u00fd tester k m\u011b\u0159en\u00ed pH a kysl\u00edku. Balen\u00ed obsahuje tester, 20 tabletek na m\u011b\u0159en\u00ed pH a 20 tabletek na m\u011b\u0159en\u00ed kysl\u00edku.\",\"breadcrumb\":{\"@id\":\"https:\/\/anderskafka.cz\/eshop\/produkt\/chemoform-tester-phaktivni-kyslik-2020-tablet\/#breadcrumb\"},\"inLanguage\":\"cs\",\"potentialAction\":[{\"@type\":\"ReadAction\",\"target\":[\"https:\/\/anderskafka.cz\/eshop\/produkt\/chemoform-tester-phaktivni-kyslik-2020-tablet\/\"]}]},{\"@type\":\"BreadcrumbList\",\"@id\":\"https:\/\/anderskafka.cz\/eshop\/produkt\/chemoform-tester-phaktivni-kyslik-2020-tablet\/#breadcrumb\",\"itemListElement\":[{\"@type\":\"ListItem\",\"position\":1,\"name\":\"Obchod\",\"item\":\"https:\/\/anderskafka.cz\/eshop\/obchod\/\"},{\"@type\":\"ListItem\",\"position\":2,\"name\":\"CHEMOFORM tester pH+aktivn\u00ed kysl\u00edk (20+20 tablet)\"}]}]}<\/script>\n<!-- \/ Yoast SEO plugin. -->","yoast_head_json":{"title":"CHEMOFORM tester pH+aktivn\u00ed kysl\u00edk (20+20 tablet) - Anders &amp; Kafka E-SHOP","description":"Komorov\u00fd tester k m\u011b\u0159en\u00ed pH a kysl\u00edku. Balen\u00ed obsahuje tester, 20 tabletek na m\u011b\u0159en\u00ed pH a 20 tabletek na m\u011b\u0159en\u00ed kysl\u00edku.","robots":{"index":"index","follow":"follow","max-snippet":"max-snippet:-1","max-image-preview":"max-image-preview:large","max-video-preview":"max-video-preview:-1"},"canonical":"https:\/\/anderskafka.cz\/eshop\/produkt\/chemoform-tester-phaktivni-kyslik-2020-tablet\/","og_locale":"cs_CZ","og_type":"article","og_title":"CHEMOFORM tester pH+aktivn\u00ed kysl\u00edk (20+20 tablet) - Anders &amp; Kafka E-SHOP","og_description":"Komorov\u00fd tester k m\u011b\u0159en\u00ed pH a kysl\u00edku. Balen\u00ed obsahuje tester, 20 tabletek na m\u011b\u0159en\u00ed pH a 20 tabletek na m\u011b\u0159en\u00ed kysl\u00edku.","og_url":"https:\/\/anderskafka.cz\/eshop\/produkt\/chemoform-tester-phaktivni-kyslik-2020-tablet\/","og_site_name":"Anders &amp; Kafka E-SHOP","article_modified_time":"2026-03-26T09:58:13+00:00","twitter_card":"summary_large_image","twitter_image":"https:\/\/anderskafka.cz\/eshop\/wp-content\/uploads\/sites\/3\/2025\/09\/CHEMOFORM_testerpHkyslik_AndersKafka.webp","twitter_misc":{"Odhadovan\u00e1 doba \u010dten\u00ed":"1 minuta"},"schema":{"@context":"https:\/\/schema.org","@graph":[{"@type":"WebSite","@id":"https:\/\/anderskafka.cz\/eshop\/#website","url":"https:\/\/anderskafka.cz\/eshop\/","name":"Anders &amp; Kafka E-SHOP","description":"Anders &amp; Kafka E-SHOP","potentialAction":[{"@type":"SearchAction","target":{"@type":"EntryPoint","urlTemplate":"https:\/\/anderskafka.cz\/eshop\/?s={search_term_string}"},"query-input":"required name=search_term_string"}],"inLanguage":"cs"},{"@type":"ImageObject","@id":"https:\/\/anderskafka.cz\/eshop\/produkt\/chemoform-tester-phaktivni-kyslik-2020-tablet\/#primaryimage","inLanguage":"cs","url":"https:\/\/anderskafka.cz\/eshop\/wp-content\/uploads\/sites\/3\/2025\/09\/CHEMOFORM_testerpHkyslik_AndersKafka.webp","contentUrl":"https:\/\/anderskafka.cz\/eshop\/wp-content\/uploads\/sites\/3\/2025\/09\/CHEMOFORM_testerpHkyslik_AndersKafka.webp","width":1500,"height":1500},{"@type":"WebPage","@id":"https:\/\/anderskafka.cz\/eshop\/produkt\/chemoform-tester-phaktivni-kyslik-2020-tablet\/#webpage","url":"https:\/\/anderskafka.cz\/eshop\/produkt\/chemoform-tester-phaktivni-kyslik-2020-tablet\/","name":"CHEMOFORM tester pH+aktivn\u00ed kysl\u00edk (20+20 tablet) - Anders &amp; Kafka E-SHOP","isPartOf":{"@id":"https:\/\/anderskafka.cz\/eshop\/#website"},"primaryImageOfPage":{"@id":"https:\/\/anderskafka.cz\/eshop\/produkt\/chemoform-tester-phaktivni-kyslik-2020-tablet\/#primaryimage"},"datePublished":"2025-09-04T08:04:29+00:00","dateModified":"2026-03-26T09:58:13+00:00","description":"Komorov\u00fd tester k m\u011b\u0159en\u00ed pH a kysl\u00edku. Balen\u00ed obsahuje tester, 20 tabletek na m\u011b\u0159en\u00ed pH a 20 tabletek na m\u011b\u0159en\u00ed kysl\u00edku.","breadcrumb":{"@id":"https:\/\/anderskafka.cz\/eshop\/produkt\/chemoform-tester-phaktivni-kyslik-2020-tablet\/#breadcrumb"},"inLanguage":"cs","potentialAction":[{"@type":"ReadAction","target":["https:\/\/anderskafka.cz\/eshop\/produkt\/chemoform-tester-phaktivni-kyslik-2020-tablet\/"]}]},{"@type":"BreadcrumbList","@id":"https:\/\/anderskafka.cz\/eshop\/produkt\/chemoform-tester-phaktivni-kyslik-2020-tablet\/#breadcrumb","itemListElement":[{"@type":"ListItem","position":1,"name":"Obchod","item":"https:\/\/anderskafka.cz\/eshop\/obchod\/"},{"@type":"ListItem","position":2,"name":"CHEMOFORM tester pH+aktivn\u00ed kysl\u00edk (20+20 tablet)"}]}]}},"locations":[],"_links":{"self":[{"href":"https:\/\/anderskafka.cz\/eshop\/wp-json\/wp\/v2\/product\/11413"}],"collection":[{"href":"https:\/\/anderskafka.cz\/eshop\/wp-json\/wp\/v2\/product"}],"about":[{"href":"https:\/\/anderskafka.cz\/eshop\/wp-json\/wp\/v2\/types\/product"}],"replies":[{"embeddable":true,"href":"https:\/\/anderskafka.cz\/eshop\/wp-json\/wp\/v2\/comments?post=11413"}],"wp:featuredmedia":[{"embeddable":true,"href":"https:\/\/anderskafka.cz\/eshop\/wp-json\/wp\/v2\/media\/11414"}],"wp:attachment":[{"href":"https:\/\/anderskafka.cz\/eshop\/wp-json\/wp\/v2\/media?parent=11413"}],"wp:term":[{"taxonomy":"location","embeddable":true,"href":"https:\/\/anderskafka.cz\/eshop\/wp-json\/wp\/v2\/location?post=11413"},{"taxonomy":"product_cat","embeddable":true,"href":"https:\/\/anderskafka.cz\/eshop\/wp-json\/wp\/v2\/product_cat?post=11413"},{"taxonomy":"product_tag","embeddable":true,"href":"https:\/\/anderskafka.cz\/eshop\/wp-json\/wp\/v2\/product_tag?post=11413"}],"curies":[{"name":"wp","href":"https:\/\/api.w.org\/{rel}","templated":true}]}}