{"id":11418,"date":"2025-09-04T10:28:09","date_gmt":"2025-09-04T08:28:09","guid":{"rendered":"https:\/\/anderskafka.cz\/eshop\/?post_type=product&#038;p=11418"},"modified":"2025-10-23T13:30:18","modified_gmt":"2025-10-23T11:30:18","slug":"chemoform-nahradni-tablety-do-testeru-dpd-3-celkovy-chlor","status":"publish","type":"product","link":"https:\/\/anderskafka.cz\/eshop\/produkt\/chemoform-nahradni-tablety-do-testeru-dpd-3-celkovy-chlor\/","title":{"rendered":"CHEMOFORM n\u00e1hradn\u00ed tablety do testeru DPD 3 &#8211; celkov\u00fd chl\u00f3r"},"content":{"rendered":"<p>Testovac\u00ed tabletky k m\u011b\u0159en\u00ed celkov\u00e9ho a v\u00e1zan\u00e9ho chl\u00f3ru. Tyto tabletky je pot\u0159eba v\u017edy kombinovat s tabletami DPD 1.<br \/>\nUr\u010deno pro tester DPD.<\/p>\n<p>M\u011b\u0159en\u00ed celkov\u00e9ho chl\u00f3ru:<\/p>\n<p>Do testeru nabereme vodu po rysku a vlo\u017e\u00edme testovac\u00ed tabletku DPD 1, kter\u00e1 se pou\u017e\u00edv\u00e1 k m\u011b\u0159en\u00ed voln\u00e9ho chl\u00f3ru. Po\u010dk\u00e1me, a\u017e se voda zabarv\u00ed a p\u0159id\u00e1me tabletu DPD 3. Voda je\u0161t\u011b ztmavne a teprve hodnota, kterou uk\u00e1\u017ee tester po aplikaci obou tablet, ukazuje hodnotu celkov\u00e9ho chl\u00f3ru.<br \/>\nPro v\u00fdpo\u010det v\u00e1zan\u00e9ho chl\u00f3ru sta\u010d\u00ed ode\u010d\u00edst od celkov\u00e9 hodnoty hodnotu nam\u011b\u0159enou prvn\u011b pou\u017eitou DPD 1 tabletou.<\/p>\n<p>Balen\u00ed obsahuje 50 plat\u00ed\u010dek po deseti tablet\u00e1ch.<\/p>\n","protected":false},"excerpt":{"rendered":"<p>Testovac\u00ed tabletky k m\u011b\u0159en\u00ed celkov\u00e9ho a v\u00e1zan\u00e9ho chl\u00f3ru. Tyto tabletky je pot\u0159eba v\u017edy kombinovat s tabletami DPD 1.<br \/>\nUr\u010deno pro tester DPD.<br \/>\nBalen\u00ed obsahuje 50 plat\u00ed\u010dek po deseti tablet\u00e1ch.<\/p>\n","protected":false},"featured_media":11420,"comment_status":"open","ping_status":"closed","template":"","meta":{"site-sidebar-layout":"default","site-content-layout":"default","ast-main-header-display":"","ast-hfb-above-header-display":"","ast-hfb-below-header-display":"","ast-hfb-mobile-header-display":"disabled","site-post-title":"","ast-breadcrumbs-content":"","ast-featured-img":"","footer-sml-layout":"","theme-transparent-header-meta":"","adv-header-id-meta":"","stick-header-meta":"","header-above-stick-meta":"","header-main-stick-meta":"","header-below-stick-meta":""},"location":[],"product_cat":[1598],"product_tag":[1126],"yoast_head":"<!-- This site is optimized with the Yoast SEO plugin v18.5.1 - https:\/\/yoast.com\/wordpress\/plugins\/seo\/ -->\n<title>CHEMOFORM n\u00e1hradn\u00ed tablety do testeru DPD 3 - celkov\u00fd chl\u00f3r - Anders &amp; Kafka E-SHOP<\/title>\n<meta name=\"description\" content=\"Testovac\u00ed tabletky k m\u011b\u0159en\u00ed celkov\u00e9ho a v\u00e1zan\u00e9ho chl\u00f3ru. Tyto tabletky je pot\u0159eba v\u017edy kombinovat s tabletami DPD 1. Ur\u010deno pro tester DPD. Balen\u00ed obsahuje 50 plat\u00ed\u010dek po deseti tablet\u00e1ch.\" \/>\n<meta name=\"robots\" content=\"index, follow, max-snippet:-1, max-image-preview:large, max-video-preview:-1\" \/>\n<link rel=\"canonical\" href=\"https:\/\/anderskafka.cz\/eshop\/produkt\/chemoform-nahradni-tablety-do-testeru-dpd-3-celkovy-chlor\/\" \/>\n<meta property=\"og:locale\" content=\"cs_CZ\" \/>\n<meta property=\"og:type\" content=\"article\" \/>\n<meta property=\"og:title\" content=\"CHEMOFORM n\u00e1hradn\u00ed tablety do testeru DPD 3 - celkov\u00fd chl\u00f3r - Anders &amp; Kafka E-SHOP\" \/>\n<meta property=\"og:description\" content=\"Testovac\u00ed tabletky k m\u011b\u0159en\u00ed celkov\u00e9ho a v\u00e1zan\u00e9ho chl\u00f3ru. Tyto tabletky je pot\u0159eba v\u017edy kombinovat s tabletami DPD 1. Ur\u010deno pro tester DPD. Balen\u00ed obsahuje 50 plat\u00ed\u010dek po deseti tablet\u00e1ch.\" \/>\n<meta property=\"og:url\" content=\"https:\/\/anderskafka.cz\/eshop\/produkt\/chemoform-nahradni-tablety-do-testeru-dpd-3-celkovy-chlor\/\" \/>\n<meta property=\"og:site_name\" content=\"Anders &amp; Kafka E-SHOP\" \/>\n<meta property=\"article:modified_time\" content=\"2025-10-23T11:30:18+00:00\" \/>\n<meta name=\"twitter:card\" content=\"summary_large_image\" \/>\n<meta name=\"twitter:image\" content=\"https:\/\/anderskafka.cz\/eshop\/wp-content\/uploads\/sites\/3\/2025\/09\/CHEMOFORM_tabletyDPD3_AndersKafka.webp\" \/>\n<meta name=\"twitter:label1\" content=\"Odhadovan\u00e1 doba \u010dten\u00ed\" \/>\n\t<meta name=\"twitter:data1\" content=\"1 minuta\" \/>\n<script type=\"application\/ld+json\" class=\"yoast-schema-graph\">{\"@context\":\"https:\/\/schema.org\",\"@graph\":[{\"@type\":\"WebSite\",\"@id\":\"https:\/\/anderskafka.cz\/eshop\/#website\",\"url\":\"https:\/\/anderskafka.cz\/eshop\/\",\"name\":\"Anders &amp; Kafka E-SHOP\",\"description\":\"Anders &amp; Kafka E-SHOP\",\"potentialAction\":[{\"@type\":\"SearchAction\",\"target\":{\"@type\":\"EntryPoint\",\"urlTemplate\":\"https:\/\/anderskafka.cz\/eshop\/?s={search_term_string}\"},\"query-input\":\"required name=search_term_string\"}],\"inLanguage\":\"cs\"},{\"@type\":\"ImageObject\",\"@id\":\"https:\/\/anderskafka.cz\/eshop\/produkt\/chemoform-nahradni-tablety-do-testeru-dpd-3-celkovy-chlor\/#primaryimage\",\"inLanguage\":\"cs\",\"url\":\"https:\/\/anderskafka.cz\/eshop\/wp-content\/uploads\/sites\/3\/2025\/09\/CHEMOFORM_tabletyDPD3_AndersKafka.webp\",\"contentUrl\":\"https:\/\/anderskafka.cz\/eshop\/wp-content\/uploads\/sites\/3\/2025\/09\/CHEMOFORM_tabletyDPD3_AndersKafka.webp\",\"width\":1500,\"height\":1500},{\"@type\":\"WebPage\",\"@id\":\"https:\/\/anderskafka.cz\/eshop\/produkt\/chemoform-nahradni-tablety-do-testeru-dpd-3-celkovy-chlor\/#webpage\",\"url\":\"https:\/\/anderskafka.cz\/eshop\/produkt\/chemoform-nahradni-tablety-do-testeru-dpd-3-celkovy-chlor\/\",\"name\":\"CHEMOFORM n\u00e1hradn\u00ed tablety do testeru DPD 3 - celkov\u00fd chl\u00f3r - Anders &amp; Kafka E-SHOP\",\"isPartOf\":{\"@id\":\"https:\/\/anderskafka.cz\/eshop\/#website\"},\"primaryImageOfPage\":{\"@id\":\"https:\/\/anderskafka.cz\/eshop\/produkt\/chemoform-nahradni-tablety-do-testeru-dpd-3-celkovy-chlor\/#primaryimage\"},\"datePublished\":\"2025-09-04T08:28:09+00:00\",\"dateModified\":\"2025-10-23T11:30:18+00:00\",\"description\":\"Testovac\u00ed tabletky k m\u011b\u0159en\u00ed celkov\u00e9ho a v\u00e1zan\u00e9ho chl\u00f3ru. Tyto tabletky je pot\u0159eba v\u017edy kombinovat s tabletami DPD 1. Ur\u010deno pro tester DPD. Balen\u00ed obsahuje 50 plat\u00ed\u010dek po deseti tablet\u00e1ch.\",\"breadcrumb\":{\"@id\":\"https:\/\/anderskafka.cz\/eshop\/produkt\/chemoform-nahradni-tablety-do-testeru-dpd-3-celkovy-chlor\/#breadcrumb\"},\"inLanguage\":\"cs\",\"potentialAction\":[{\"@type\":\"ReadAction\",\"target\":[\"https:\/\/anderskafka.cz\/eshop\/produkt\/chemoform-nahradni-tablety-do-testeru-dpd-3-celkovy-chlor\/\"]}]},{\"@type\":\"BreadcrumbList\",\"@id\":\"https:\/\/anderskafka.cz\/eshop\/produkt\/chemoform-nahradni-tablety-do-testeru-dpd-3-celkovy-chlor\/#breadcrumb\",\"itemListElement\":[{\"@type\":\"ListItem\",\"position\":1,\"name\":\"Obchod\",\"item\":\"https:\/\/anderskafka.cz\/eshop\/obchod\/\"},{\"@type\":\"ListItem\",\"position\":2,\"name\":\"CHEMOFORM n\u00e1hradn\u00ed tablety do testeru DPD 3 &#8211; celkov\u00fd chl\u00f3r\"}]}]}<\/script>\n<!-- \/ Yoast SEO plugin. -->","yoast_head_json":{"title":"CHEMOFORM n\u00e1hradn\u00ed tablety do testeru DPD 3 - celkov\u00fd chl\u00f3r - Anders &amp; Kafka E-SHOP","description":"Testovac\u00ed tabletky k m\u011b\u0159en\u00ed celkov\u00e9ho a v\u00e1zan\u00e9ho chl\u00f3ru. Tyto tabletky je pot\u0159eba v\u017edy kombinovat s tabletami DPD 1. Ur\u010deno pro tester DPD. Balen\u00ed obsahuje 50 plat\u00ed\u010dek po deseti tablet\u00e1ch.","robots":{"index":"index","follow":"follow","max-snippet":"max-snippet:-1","max-image-preview":"max-image-preview:large","max-video-preview":"max-video-preview:-1"},"canonical":"https:\/\/anderskafka.cz\/eshop\/produkt\/chemoform-nahradni-tablety-do-testeru-dpd-3-celkovy-chlor\/","og_locale":"cs_CZ","og_type":"article","og_title":"CHEMOFORM n\u00e1hradn\u00ed tablety do testeru DPD 3 - celkov\u00fd chl\u00f3r - Anders &amp; Kafka E-SHOP","og_description":"Testovac\u00ed tabletky k m\u011b\u0159en\u00ed celkov\u00e9ho a v\u00e1zan\u00e9ho chl\u00f3ru. Tyto tabletky je pot\u0159eba v\u017edy kombinovat s tabletami DPD 1. Ur\u010deno pro tester DPD. Balen\u00ed obsahuje 50 plat\u00ed\u010dek po deseti tablet\u00e1ch.","og_url":"https:\/\/anderskafka.cz\/eshop\/produkt\/chemoform-nahradni-tablety-do-testeru-dpd-3-celkovy-chlor\/","og_site_name":"Anders &amp; Kafka E-SHOP","article_modified_time":"2025-10-23T11:30:18+00:00","twitter_card":"summary_large_image","twitter_image":"https:\/\/anderskafka.cz\/eshop\/wp-content\/uploads\/sites\/3\/2025\/09\/CHEMOFORM_tabletyDPD3_AndersKafka.webp","twitter_misc":{"Odhadovan\u00e1 doba \u010dten\u00ed":"1 minuta"},"schema":{"@context":"https:\/\/schema.org","@graph":[{"@type":"WebSite","@id":"https:\/\/anderskafka.cz\/eshop\/#website","url":"https:\/\/anderskafka.cz\/eshop\/","name":"Anders &amp; Kafka E-SHOP","description":"Anders &amp; Kafka E-SHOP","potentialAction":[{"@type":"SearchAction","target":{"@type":"EntryPoint","urlTemplate":"https:\/\/anderskafka.cz\/eshop\/?s={search_term_string}"},"query-input":"required name=search_term_string"}],"inLanguage":"cs"},{"@type":"ImageObject","@id":"https:\/\/anderskafka.cz\/eshop\/produkt\/chemoform-nahradni-tablety-do-testeru-dpd-3-celkovy-chlor\/#primaryimage","inLanguage":"cs","url":"https:\/\/anderskafka.cz\/eshop\/wp-content\/uploads\/sites\/3\/2025\/09\/CHEMOFORM_tabletyDPD3_AndersKafka.webp","contentUrl":"https:\/\/anderskafka.cz\/eshop\/wp-content\/uploads\/sites\/3\/2025\/09\/CHEMOFORM_tabletyDPD3_AndersKafka.webp","width":1500,"height":1500},{"@type":"WebPage","@id":"https:\/\/anderskafka.cz\/eshop\/produkt\/chemoform-nahradni-tablety-do-testeru-dpd-3-celkovy-chlor\/#webpage","url":"https:\/\/anderskafka.cz\/eshop\/produkt\/chemoform-nahradni-tablety-do-testeru-dpd-3-celkovy-chlor\/","name":"CHEMOFORM n\u00e1hradn\u00ed tablety do testeru DPD 3 - celkov\u00fd chl\u00f3r - Anders &amp; Kafka E-SHOP","isPartOf":{"@id":"https:\/\/anderskafka.cz\/eshop\/#website"},"primaryImageOfPage":{"@id":"https:\/\/anderskafka.cz\/eshop\/produkt\/chemoform-nahradni-tablety-do-testeru-dpd-3-celkovy-chlor\/#primaryimage"},"datePublished":"2025-09-04T08:28:09+00:00","dateModified":"2025-10-23T11:30:18+00:00","description":"Testovac\u00ed tabletky k m\u011b\u0159en\u00ed celkov\u00e9ho a v\u00e1zan\u00e9ho chl\u00f3ru. Tyto tabletky je pot\u0159eba v\u017edy kombinovat s tabletami DPD 1. Ur\u010deno pro tester DPD. Balen\u00ed obsahuje 50 plat\u00ed\u010dek po deseti tablet\u00e1ch.","breadcrumb":{"@id":"https:\/\/anderskafka.cz\/eshop\/produkt\/chemoform-nahradni-tablety-do-testeru-dpd-3-celkovy-chlor\/#breadcrumb"},"inLanguage":"cs","potentialAction":[{"@type":"ReadAction","target":["https:\/\/anderskafka.cz\/eshop\/produkt\/chemoform-nahradni-tablety-do-testeru-dpd-3-celkovy-chlor\/"]}]},{"@type":"BreadcrumbList","@id":"https:\/\/anderskafka.cz\/eshop\/produkt\/chemoform-nahradni-tablety-do-testeru-dpd-3-celkovy-chlor\/#breadcrumb","itemListElement":[{"@type":"ListItem","position":1,"name":"Obchod","item":"https:\/\/anderskafka.cz\/eshop\/obchod\/"},{"@type":"ListItem","position":2,"name":"CHEMOFORM n\u00e1hradn\u00ed tablety do testeru DPD 3 &#8211; celkov\u00fd chl\u00f3r"}]}]}},"locations":[],"_links":{"self":[{"href":"https:\/\/anderskafka.cz\/eshop\/wp-json\/wp\/v2\/product\/11418"}],"collection":[{"href":"https:\/\/anderskafka.cz\/eshop\/wp-json\/wp\/v2\/product"}],"about":[{"href":"https:\/\/anderskafka.cz\/eshop\/wp-json\/wp\/v2\/types\/product"}],"replies":[{"embeddable":true,"href":"https:\/\/anderskafka.cz\/eshop\/wp-json\/wp\/v2\/comments?post=11418"}],"wp:featuredmedia":[{"embeddable":true,"href":"https:\/\/anderskafka.cz\/eshop\/wp-json\/wp\/v2\/media\/11420"}],"wp:attachment":[{"href":"https:\/\/anderskafka.cz\/eshop\/wp-json\/wp\/v2\/media?parent=11418"}],"wp:term":[{"taxonomy":"location","embeddable":true,"href":"https:\/\/anderskafka.cz\/eshop\/wp-json\/wp\/v2\/location?post=11418"},{"taxonomy":"product_cat","embeddable":true,"href":"https:\/\/anderskafka.cz\/eshop\/wp-json\/wp\/v2\/product_cat?post=11418"},{"taxonomy":"product_tag","embeddable":true,"href":"https:\/\/anderskafka.cz\/eshop\/wp-json\/wp\/v2\/product_tag?post=11418"}],"curies":[{"name":"wp","href":"https:\/\/api.w.org\/{rel}","templated":true}]}}