{"id":11425,"date":"2025-09-04T10:54:01","date_gmt":"2025-09-04T08:54:01","guid":{"rendered":"https:\/\/anderskafka.cz\/eshop\/?post_type=product&#038;p=11425"},"modified":"2025-10-23T13:32:08","modified_gmt":"2025-10-23T11:32:08","slug":"chemoform-nahradni-tablety-do-testeru-phenol-red-ph","status":"publish","type":"product","link":"https:\/\/anderskafka.cz\/eshop\/produkt\/chemoform-nahradni-tablety-do-testeru-phenol-red-ph\/","title":{"rendered":"CHEMOFORM n\u00e1hradn\u00ed tablety do testeru Phenol Red &#8211; pH"},"content":{"rendered":"<p>N\u00e1hradn\u00ed tabletky k m\u011b\u0159en\u00ed hodnoty aktivn\u00edho kysl\u00edku. Balen\u00ed obsahuje\u00a0 50 plat\u00ed\u010dek po deseti tablet\u00e1ch.<br \/>\nUr\u010deno pro tester PHENOL RED.<\/p>\n","protected":false},"excerpt":{"rendered":"<p>N\u00e1hradn\u00ed tabletky k m\u011b\u0159en\u00ed hodnoty aktivn\u00edho kysl\u00edku. Balen\u00ed obsahuje\u00a0 50 plat\u00ed\u010dek po deseti tablet\u00e1ch.<br \/>\nUr\u010deno pro tester PHENOL RED.<\/p>\n","protected":false},"featured_media":11427,"comment_status":"open","ping_status":"closed","template":"","meta":{"site-sidebar-layout":"default","site-content-layout":"default","ast-main-header-display":"","ast-hfb-above-header-display":"","ast-hfb-below-header-display":"","ast-hfb-mobile-header-display":"disabled","site-post-title":"","ast-breadcrumbs-content":"","ast-featured-img":"","footer-sml-layout":"","theme-transparent-header-meta":"","adv-header-id-meta":"","stick-header-meta":"","header-above-stick-meta":"","header-main-stick-meta":"","header-below-stick-meta":""},"location":[],"product_cat":[1598],"product_tag":[1126],"yoast_head":"<!-- This site is optimized with the Yoast SEO plugin v18.5.1 - https:\/\/yoast.com\/wordpress\/plugins\/seo\/ -->\n<title>CHEMOFORM n\u00e1hradn\u00ed tablety do testeru Phenol Red - pH - Anders &amp; Kafka E-SHOP<\/title>\n<meta name=\"description\" content=\"N\u00e1hradn\u00ed tabletky k m\u011b\u0159en\u00ed hodnoty aktivn\u00edho kysl\u00edku. Balen\u00ed obsahuje\u00a0 50 plat\u00ed\u010dek po deseti tablet\u00e1ch. Ur\u010deno pro tester PHENOL RED.\" \/>\n<meta name=\"robots\" content=\"index, follow, max-snippet:-1, max-image-preview:large, max-video-preview:-1\" \/>\n<link rel=\"canonical\" href=\"https:\/\/anderskafka.cz\/eshop\/produkt\/chemoform-nahradni-tablety-do-testeru-phenol-red-ph\/\" \/>\n<meta property=\"og:locale\" content=\"cs_CZ\" \/>\n<meta property=\"og:type\" content=\"article\" \/>\n<meta property=\"og:title\" content=\"CHEMOFORM n\u00e1hradn\u00ed tablety do testeru Phenol Red - pH - Anders &amp; Kafka E-SHOP\" \/>\n<meta property=\"og:description\" content=\"N\u00e1hradn\u00ed tabletky k m\u011b\u0159en\u00ed hodnoty aktivn\u00edho kysl\u00edku. Balen\u00ed obsahuje\u00a0 50 plat\u00ed\u010dek po deseti tablet\u00e1ch. Ur\u010deno pro tester PHENOL RED.\" \/>\n<meta property=\"og:url\" content=\"https:\/\/anderskafka.cz\/eshop\/produkt\/chemoform-nahradni-tablety-do-testeru-phenol-red-ph\/\" \/>\n<meta property=\"og:site_name\" content=\"Anders &amp; Kafka E-SHOP\" \/>\n<meta property=\"article:modified_time\" content=\"2025-10-23T11:32:08+00:00\" \/>\n<meta name=\"twitter:card\" content=\"summary_large_image\" \/>\n<meta name=\"twitter:image\" content=\"https:\/\/anderskafka.cz\/eshop\/wp-content\/uploads\/sites\/3\/2025\/09\/CHEMOFORM_tabletyPHENOLRED_AndersKafka.webp\" \/>\n<meta name=\"twitter:label1\" content=\"Odhadovan\u00e1 doba \u010dten\u00ed\" \/>\n\t<meta name=\"twitter:data1\" content=\"1 minuta\" \/>\n<script type=\"application\/ld+json\" class=\"yoast-schema-graph\">{\"@context\":\"https:\/\/schema.org\",\"@graph\":[{\"@type\":\"WebSite\",\"@id\":\"https:\/\/anderskafka.cz\/eshop\/#website\",\"url\":\"https:\/\/anderskafka.cz\/eshop\/\",\"name\":\"Anders &amp; Kafka E-SHOP\",\"description\":\"Anders &amp; Kafka E-SHOP\",\"potentialAction\":[{\"@type\":\"SearchAction\",\"target\":{\"@type\":\"EntryPoint\",\"urlTemplate\":\"https:\/\/anderskafka.cz\/eshop\/?s={search_term_string}\"},\"query-input\":\"required name=search_term_string\"}],\"inLanguage\":\"cs\"},{\"@type\":\"ImageObject\",\"@id\":\"https:\/\/anderskafka.cz\/eshop\/produkt\/chemoform-nahradni-tablety-do-testeru-phenol-red-ph\/#primaryimage\",\"inLanguage\":\"cs\",\"url\":\"https:\/\/anderskafka.cz\/eshop\/wp-content\/uploads\/sites\/3\/2025\/09\/CHEMOFORM_tabletyPHENOLRED_AndersKafka.webp\",\"contentUrl\":\"https:\/\/anderskafka.cz\/eshop\/wp-content\/uploads\/sites\/3\/2025\/09\/CHEMOFORM_tabletyPHENOLRED_AndersKafka.webp\",\"width\":1500,\"height\":1500},{\"@type\":\"WebPage\",\"@id\":\"https:\/\/anderskafka.cz\/eshop\/produkt\/chemoform-nahradni-tablety-do-testeru-phenol-red-ph\/#webpage\",\"url\":\"https:\/\/anderskafka.cz\/eshop\/produkt\/chemoform-nahradni-tablety-do-testeru-phenol-red-ph\/\",\"name\":\"CHEMOFORM n\u00e1hradn\u00ed tablety do testeru Phenol Red - pH - Anders &amp; Kafka E-SHOP\",\"isPartOf\":{\"@id\":\"https:\/\/anderskafka.cz\/eshop\/#website\"},\"primaryImageOfPage\":{\"@id\":\"https:\/\/anderskafka.cz\/eshop\/produkt\/chemoform-nahradni-tablety-do-testeru-phenol-red-ph\/#primaryimage\"},\"datePublished\":\"2025-09-04T08:54:01+00:00\",\"dateModified\":\"2025-10-23T11:32:08+00:00\",\"description\":\"N\u00e1hradn\u00ed tabletky k m\u011b\u0159en\u00ed hodnoty aktivn\u00edho kysl\u00edku. Balen\u00ed obsahuje\u00a0 50 plat\u00ed\u010dek po deseti tablet\u00e1ch. Ur\u010deno pro tester PHENOL RED.\",\"breadcrumb\":{\"@id\":\"https:\/\/anderskafka.cz\/eshop\/produkt\/chemoform-nahradni-tablety-do-testeru-phenol-red-ph\/#breadcrumb\"},\"inLanguage\":\"cs\",\"potentialAction\":[{\"@type\":\"ReadAction\",\"target\":[\"https:\/\/anderskafka.cz\/eshop\/produkt\/chemoform-nahradni-tablety-do-testeru-phenol-red-ph\/\"]}]},{\"@type\":\"BreadcrumbList\",\"@id\":\"https:\/\/anderskafka.cz\/eshop\/produkt\/chemoform-nahradni-tablety-do-testeru-phenol-red-ph\/#breadcrumb\",\"itemListElement\":[{\"@type\":\"ListItem\",\"position\":1,\"name\":\"Obchod\",\"item\":\"https:\/\/anderskafka.cz\/eshop\/obchod\/\"},{\"@type\":\"ListItem\",\"position\":2,\"name\":\"CHEMOFORM n\u00e1hradn\u00ed tablety do testeru Phenol Red &#8211; pH\"}]}]}<\/script>\n<!-- \/ Yoast SEO plugin. -->","yoast_head_json":{"title":"CHEMOFORM n\u00e1hradn\u00ed tablety do testeru Phenol Red - pH - Anders &amp; Kafka E-SHOP","description":"N\u00e1hradn\u00ed tabletky k m\u011b\u0159en\u00ed hodnoty aktivn\u00edho kysl\u00edku. Balen\u00ed obsahuje\u00a0 50 plat\u00ed\u010dek po deseti tablet\u00e1ch. Ur\u010deno pro tester PHENOL RED.","robots":{"index":"index","follow":"follow","max-snippet":"max-snippet:-1","max-image-preview":"max-image-preview:large","max-video-preview":"max-video-preview:-1"},"canonical":"https:\/\/anderskafka.cz\/eshop\/produkt\/chemoform-nahradni-tablety-do-testeru-phenol-red-ph\/","og_locale":"cs_CZ","og_type":"article","og_title":"CHEMOFORM n\u00e1hradn\u00ed tablety do testeru Phenol Red - pH - Anders &amp; Kafka E-SHOP","og_description":"N\u00e1hradn\u00ed tabletky k m\u011b\u0159en\u00ed hodnoty aktivn\u00edho kysl\u00edku. Balen\u00ed obsahuje\u00a0 50 plat\u00ed\u010dek po deseti tablet\u00e1ch. Ur\u010deno pro tester PHENOL RED.","og_url":"https:\/\/anderskafka.cz\/eshop\/produkt\/chemoform-nahradni-tablety-do-testeru-phenol-red-ph\/","og_site_name":"Anders &amp; Kafka E-SHOP","article_modified_time":"2025-10-23T11:32:08+00:00","twitter_card":"summary_large_image","twitter_image":"https:\/\/anderskafka.cz\/eshop\/wp-content\/uploads\/sites\/3\/2025\/09\/CHEMOFORM_tabletyPHENOLRED_AndersKafka.webp","twitter_misc":{"Odhadovan\u00e1 doba \u010dten\u00ed":"1 minuta"},"schema":{"@context":"https:\/\/schema.org","@graph":[{"@type":"WebSite","@id":"https:\/\/anderskafka.cz\/eshop\/#website","url":"https:\/\/anderskafka.cz\/eshop\/","name":"Anders &amp; Kafka E-SHOP","description":"Anders &amp; Kafka E-SHOP","potentialAction":[{"@type":"SearchAction","target":{"@type":"EntryPoint","urlTemplate":"https:\/\/anderskafka.cz\/eshop\/?s={search_term_string}"},"query-input":"required name=search_term_string"}],"inLanguage":"cs"},{"@type":"ImageObject","@id":"https:\/\/anderskafka.cz\/eshop\/produkt\/chemoform-nahradni-tablety-do-testeru-phenol-red-ph\/#primaryimage","inLanguage":"cs","url":"https:\/\/anderskafka.cz\/eshop\/wp-content\/uploads\/sites\/3\/2025\/09\/CHEMOFORM_tabletyPHENOLRED_AndersKafka.webp","contentUrl":"https:\/\/anderskafka.cz\/eshop\/wp-content\/uploads\/sites\/3\/2025\/09\/CHEMOFORM_tabletyPHENOLRED_AndersKafka.webp","width":1500,"height":1500},{"@type":"WebPage","@id":"https:\/\/anderskafka.cz\/eshop\/produkt\/chemoform-nahradni-tablety-do-testeru-phenol-red-ph\/#webpage","url":"https:\/\/anderskafka.cz\/eshop\/produkt\/chemoform-nahradni-tablety-do-testeru-phenol-red-ph\/","name":"CHEMOFORM n\u00e1hradn\u00ed tablety do testeru Phenol Red - pH - Anders &amp; Kafka E-SHOP","isPartOf":{"@id":"https:\/\/anderskafka.cz\/eshop\/#website"},"primaryImageOfPage":{"@id":"https:\/\/anderskafka.cz\/eshop\/produkt\/chemoform-nahradni-tablety-do-testeru-phenol-red-ph\/#primaryimage"},"datePublished":"2025-09-04T08:54:01+00:00","dateModified":"2025-10-23T11:32:08+00:00","description":"N\u00e1hradn\u00ed tabletky k m\u011b\u0159en\u00ed hodnoty aktivn\u00edho kysl\u00edku. Balen\u00ed obsahuje\u00a0 50 plat\u00ed\u010dek po deseti tablet\u00e1ch. Ur\u010deno pro tester PHENOL RED.","breadcrumb":{"@id":"https:\/\/anderskafka.cz\/eshop\/produkt\/chemoform-nahradni-tablety-do-testeru-phenol-red-ph\/#breadcrumb"},"inLanguage":"cs","potentialAction":[{"@type":"ReadAction","target":["https:\/\/anderskafka.cz\/eshop\/produkt\/chemoform-nahradni-tablety-do-testeru-phenol-red-ph\/"]}]},{"@type":"BreadcrumbList","@id":"https:\/\/anderskafka.cz\/eshop\/produkt\/chemoform-nahradni-tablety-do-testeru-phenol-red-ph\/#breadcrumb","itemListElement":[{"@type":"ListItem","position":1,"name":"Obchod","item":"https:\/\/anderskafka.cz\/eshop\/obchod\/"},{"@type":"ListItem","position":2,"name":"CHEMOFORM n\u00e1hradn\u00ed tablety do testeru Phenol Red &#8211; pH"}]}]}},"locations":[],"_links":{"self":[{"href":"https:\/\/anderskafka.cz\/eshop\/wp-json\/wp\/v2\/product\/11425"}],"collection":[{"href":"https:\/\/anderskafka.cz\/eshop\/wp-json\/wp\/v2\/product"}],"about":[{"href":"https:\/\/anderskafka.cz\/eshop\/wp-json\/wp\/v2\/types\/product"}],"replies":[{"embeddable":true,"href":"https:\/\/anderskafka.cz\/eshop\/wp-json\/wp\/v2\/comments?post=11425"}],"wp:featuredmedia":[{"embeddable":true,"href":"https:\/\/anderskafka.cz\/eshop\/wp-json\/wp\/v2\/media\/11427"}],"wp:attachment":[{"href":"https:\/\/anderskafka.cz\/eshop\/wp-json\/wp\/v2\/media?parent=11425"}],"wp:term":[{"taxonomy":"location","embeddable":true,"href":"https:\/\/anderskafka.cz\/eshop\/wp-json\/wp\/v2\/location?post=11425"},{"taxonomy":"product_cat","embeddable":true,"href":"https:\/\/anderskafka.cz\/eshop\/wp-json\/wp\/v2\/product_cat?post=11425"},{"taxonomy":"product_tag","embeddable":true,"href":"https:\/\/anderskafka.cz\/eshop\/wp-json\/wp\/v2\/product_tag?post=11425"}],"curies":[{"name":"wp","href":"https:\/\/api.w.org\/{rel}","templated":true}]}}