{"id":1151,"date":"2022-12-03T17:00:09","date_gmt":"2022-12-03T16:00:09","guid":{"rendered":"https:\/\/anderskafka.cz\/eshop\/?post_type=product&#038;p=1151"},"modified":"2026-02-09T10:32:16","modified_gmt":"2026-02-09T09:32:16","slug":"rento-matova-koupel-na-nohy-200ml","status":"publish","type":"product","link":"https:\/\/anderskafka.cz\/eshop\/produkt\/rento-matova-koupel-na-nohy-200ml\/","title":{"rendered":"RENTO m\u00e1tov\u00e1 koupel na nohy, 200 ml"},"content":{"rendered":"<p>Osv\u011b\u017euj\u00edc\u00ed koupel nohou \u010dist\u00ed a zjem\u0148uje unaven\u00e9 nohy. Po koupeli se mozoly sn\u00e1ze odstra\u0148uj\u00ed a va\u0161e poko\u017eka l\u00e9pe p\u0159ij\u00edm\u00e1 kr\u00e9m na nohy. Obsahuje osv\u011b\u017euj\u00edc\u00ed m\u00e1tov\u00fd olej a antibakteri\u00e1ln\u00ed eukalyptov\u00fd olej. Za\u0159a\u010fte koupel nohou do sv\u00e9 rutiny p\u00e9\u010de o nohy spolu s peelingem a kr\u00e9mem na nohy.<\/p>\n<p>Finsk\u00e1 kvalita.<\/p>\n","protected":false},"excerpt":{"rendered":"<p>Osv\u011b\u017euj\u00edc\u00ed koupel nohou \u010dist\u00ed a zjem\u0148uje unaven\u00e9 nohy. Obsahuje osv\u011b\u017euj\u00edc\u00ed m\u00e1tov\u00fd olej a antibakteri\u00e1ln\u00ed eukalyptov\u00fd olej.<br \/>\nNavr\u017eeno a vyrobeno ve Finsku, specialistou na saunov\u00e9 dopl\u0148ky spole\u010dnost\u00ed RENTO.<\/p>\n<div style=\"text-align: center\">\n<p><img loading=\"lazy\" class=\"wp-image-135 \" src=\"https:\/\/anderskafka.cz\/eshop\/wp-content\/uploads\/sites\/3\/2022\/06\/DesignFromFinland_web-1-300x300.png\" alt=\"\" width=\"178\" height=\"178\" \/><\/p>\n<\/div>\n","protected":false},"featured_media":999,"comment_status":"open","ping_status":"closed","template":"","meta":{"site-sidebar-layout":"default","site-content-layout":"default","ast-main-header-display":"","ast-hfb-above-header-display":"","ast-hfb-below-header-display":"","ast-hfb-mobile-header-display":"","site-post-title":"","ast-breadcrumbs-content":"","ast-featured-img":"","footer-sml-layout":"","theme-transparent-header-meta":"","adv-header-id-meta":"","stick-header-meta":"","header-above-stick-meta":"","header-main-stick-meta":"","header-below-stick-meta":""},"location":[],"product_cat":[108,1640],"product_tag":[103],"yoast_head":"<!-- This site is optimized with the Yoast SEO plugin v18.5.1 - https:\/\/yoast.com\/wordpress\/plugins\/seo\/ -->\n<title>RENTO m\u00e1tov\u00e1 koupel na nohy, 200 ml - Anders &amp; Kafka E-SHOP<\/title>\n<meta name=\"description\" content=\"Osv\u011b\u017euj\u00edc\u00ed koupel nohou \u010dist\u00ed a zjem\u0148uje unaven\u00e9 nohy. Obsahuje osv\u011b\u017euj\u00edc\u00ed m\u00e1tov\u00fd olej a antibakteri\u00e1ln\u00ed eukalyptov\u00fd olej. Navr\u017eeno a vyrobeno ve Finsku, specialistou na saunov\u00e9 dopl\u0148ky spole\u010dnost\u00ed RENTO.\" \/>\n<meta name=\"robots\" content=\"index, follow, max-snippet:-1, max-image-preview:large, max-video-preview:-1\" \/>\n<link rel=\"canonical\" href=\"https:\/\/anderskafka.cz\/eshop\/produkt\/rento-matova-koupel-na-nohy-200ml\/\" \/>\n<meta property=\"og:locale\" content=\"cs_CZ\" \/>\n<meta property=\"og:type\" content=\"article\" \/>\n<meta property=\"og:title\" content=\"RENTO m\u00e1tov\u00e1 koupel na nohy, 200 ml - Anders &amp; Kafka E-SHOP\" \/>\n<meta property=\"og:description\" content=\"Osv\u011b\u017euj\u00edc\u00ed koupel nohou \u010dist\u00ed a zjem\u0148uje unaven\u00e9 nohy. Obsahuje osv\u011b\u017euj\u00edc\u00ed m\u00e1tov\u00fd olej a antibakteri\u00e1ln\u00ed eukalyptov\u00fd olej. Navr\u017eeno a vyrobeno ve Finsku, specialistou na saunov\u00e9 dopl\u0148ky spole\u010dnost\u00ed RENTO.\" \/>\n<meta property=\"og:url\" content=\"https:\/\/anderskafka.cz\/eshop\/produkt\/rento-matova-koupel-na-nohy-200ml\/\" \/>\n<meta property=\"og:site_name\" content=\"Anders &amp; Kafka E-SHOP\" \/>\n<meta property=\"article:modified_time\" content=\"2026-02-09T09:32:16+00:00\" \/>\n<meta property=\"og:image\" content=\"https:\/\/anderskafka.cz\/eshop\/wp-content\/uploads\/sites\/3\/2022\/12\/6410413175334_H_N.jpg\" \/>\n\t<meta property=\"og:image:width\" content=\"700\" \/>\n\t<meta property=\"og:image:height\" content=\"700\" \/>\n\t<meta property=\"og:image:type\" content=\"image\/jpeg\" \/>\n<meta name=\"twitter:card\" content=\"summary_large_image\" \/>\n<meta name=\"twitter:label1\" content=\"Odhadovan\u00e1 doba \u010dten\u00ed\" \/>\n\t<meta name=\"twitter:data1\" content=\"1 minuta\" \/>\n<script type=\"application\/ld+json\" class=\"yoast-schema-graph\">{\"@context\":\"https:\/\/schema.org\",\"@graph\":[{\"@type\":\"WebSite\",\"@id\":\"https:\/\/anderskafka.cz\/eshop\/#website\",\"url\":\"https:\/\/anderskafka.cz\/eshop\/\",\"name\":\"Anders &amp; Kafka E-SHOP\",\"description\":\"Anders &amp; Kafka E-SHOP\",\"potentialAction\":[{\"@type\":\"SearchAction\",\"target\":{\"@type\":\"EntryPoint\",\"urlTemplate\":\"https:\/\/anderskafka.cz\/eshop\/?s={search_term_string}\"},\"query-input\":\"required name=search_term_string\"}],\"inLanguage\":\"cs\"},{\"@type\":\"ImageObject\",\"@id\":\"https:\/\/anderskafka.cz\/eshop\/produkt\/rento-matova-koupel-na-nohy-200ml\/#primaryimage\",\"inLanguage\":\"cs\",\"url\":\"https:\/\/anderskafka.cz\/eshop\/wp-content\/uploads\/sites\/3\/2022\/12\/6410413175334_H_N.jpg\",\"contentUrl\":\"https:\/\/anderskafka.cz\/eshop\/wp-content\/uploads\/sites\/3\/2022\/12\/6410413175334_H_N.jpg\",\"width\":700,\"height\":700},{\"@type\":\"WebPage\",\"@id\":\"https:\/\/anderskafka.cz\/eshop\/produkt\/rento-matova-koupel-na-nohy-200ml\/#webpage\",\"url\":\"https:\/\/anderskafka.cz\/eshop\/produkt\/rento-matova-koupel-na-nohy-200ml\/\",\"name\":\"RENTO m\u00e1tov\u00e1 koupel na nohy, 200 ml - Anders &amp; Kafka E-SHOP\",\"isPartOf\":{\"@id\":\"https:\/\/anderskafka.cz\/eshop\/#website\"},\"primaryImageOfPage\":{\"@id\":\"https:\/\/anderskafka.cz\/eshop\/produkt\/rento-matova-koupel-na-nohy-200ml\/#primaryimage\"},\"datePublished\":\"2022-12-03T16:00:09+00:00\",\"dateModified\":\"2026-02-09T09:32:16+00:00\",\"description\":\"Osv\u011b\u017euj\u00edc\u00ed koupel nohou \u010dist\u00ed a zjem\u0148uje unaven\u00e9 nohy. Obsahuje osv\u011b\u017euj\u00edc\u00ed m\u00e1tov\u00fd olej a antibakteri\u00e1ln\u00ed eukalyptov\u00fd olej. Navr\u017eeno a vyrobeno ve Finsku, specialistou na saunov\u00e9 dopl\u0148ky spole\u010dnost\u00ed RENTO.\",\"breadcrumb\":{\"@id\":\"https:\/\/anderskafka.cz\/eshop\/produkt\/rento-matova-koupel-na-nohy-200ml\/#breadcrumb\"},\"inLanguage\":\"cs\",\"potentialAction\":[{\"@type\":\"ReadAction\",\"target\":[\"https:\/\/anderskafka.cz\/eshop\/produkt\/rento-matova-koupel-na-nohy-200ml\/\"]}]},{\"@type\":\"BreadcrumbList\",\"@id\":\"https:\/\/anderskafka.cz\/eshop\/produkt\/rento-matova-koupel-na-nohy-200ml\/#breadcrumb\",\"itemListElement\":[{\"@type\":\"ListItem\",\"position\":1,\"name\":\"Obchod\",\"item\":\"https:\/\/anderskafka.cz\/eshop\/obchod\/\"},{\"@type\":\"ListItem\",\"position\":2,\"name\":\"RENTO m\u00e1tov\u00e1 koupel na nohy, 200 ml\"}]}]}<\/script>\n<!-- \/ Yoast SEO plugin. -->","yoast_head_json":{"title":"RENTO m\u00e1tov\u00e1 koupel na nohy, 200 ml - Anders &amp; Kafka E-SHOP","description":"Osv\u011b\u017euj\u00edc\u00ed koupel nohou \u010dist\u00ed a zjem\u0148uje unaven\u00e9 nohy. Obsahuje osv\u011b\u017euj\u00edc\u00ed m\u00e1tov\u00fd olej a antibakteri\u00e1ln\u00ed eukalyptov\u00fd olej. Navr\u017eeno a vyrobeno ve Finsku, specialistou na saunov\u00e9 dopl\u0148ky spole\u010dnost\u00ed RENTO.","robots":{"index":"index","follow":"follow","max-snippet":"max-snippet:-1","max-image-preview":"max-image-preview:large","max-video-preview":"max-video-preview:-1"},"canonical":"https:\/\/anderskafka.cz\/eshop\/produkt\/rento-matova-koupel-na-nohy-200ml\/","og_locale":"cs_CZ","og_type":"article","og_title":"RENTO m\u00e1tov\u00e1 koupel na nohy, 200 ml - Anders &amp; Kafka E-SHOP","og_description":"Osv\u011b\u017euj\u00edc\u00ed koupel nohou \u010dist\u00ed a zjem\u0148uje unaven\u00e9 nohy. Obsahuje osv\u011b\u017euj\u00edc\u00ed m\u00e1tov\u00fd olej a antibakteri\u00e1ln\u00ed eukalyptov\u00fd olej. Navr\u017eeno a vyrobeno ve Finsku, specialistou na saunov\u00e9 dopl\u0148ky spole\u010dnost\u00ed RENTO.","og_url":"https:\/\/anderskafka.cz\/eshop\/produkt\/rento-matova-koupel-na-nohy-200ml\/","og_site_name":"Anders &amp; Kafka E-SHOP","article_modified_time":"2026-02-09T09:32:16+00:00","og_image":[{"width":700,"height":700,"url":"https:\/\/anderskafka.cz\/eshop\/wp-content\/uploads\/sites\/3\/2022\/12\/6410413175334_H_N.jpg","type":"image\/jpeg"}],"twitter_card":"summary_large_image","twitter_misc":{"Odhadovan\u00e1 doba \u010dten\u00ed":"1 minuta"},"schema":{"@context":"https:\/\/schema.org","@graph":[{"@type":"WebSite","@id":"https:\/\/anderskafka.cz\/eshop\/#website","url":"https:\/\/anderskafka.cz\/eshop\/","name":"Anders &amp; Kafka E-SHOP","description":"Anders &amp; Kafka E-SHOP","potentialAction":[{"@type":"SearchAction","target":{"@type":"EntryPoint","urlTemplate":"https:\/\/anderskafka.cz\/eshop\/?s={search_term_string}"},"query-input":"required name=search_term_string"}],"inLanguage":"cs"},{"@type":"ImageObject","@id":"https:\/\/anderskafka.cz\/eshop\/produkt\/rento-matova-koupel-na-nohy-200ml\/#primaryimage","inLanguage":"cs","url":"https:\/\/anderskafka.cz\/eshop\/wp-content\/uploads\/sites\/3\/2022\/12\/6410413175334_H_N.jpg","contentUrl":"https:\/\/anderskafka.cz\/eshop\/wp-content\/uploads\/sites\/3\/2022\/12\/6410413175334_H_N.jpg","width":700,"height":700},{"@type":"WebPage","@id":"https:\/\/anderskafka.cz\/eshop\/produkt\/rento-matova-koupel-na-nohy-200ml\/#webpage","url":"https:\/\/anderskafka.cz\/eshop\/produkt\/rento-matova-koupel-na-nohy-200ml\/","name":"RENTO m\u00e1tov\u00e1 koupel na nohy, 200 ml - Anders &amp; Kafka E-SHOP","isPartOf":{"@id":"https:\/\/anderskafka.cz\/eshop\/#website"},"primaryImageOfPage":{"@id":"https:\/\/anderskafka.cz\/eshop\/produkt\/rento-matova-koupel-na-nohy-200ml\/#primaryimage"},"datePublished":"2022-12-03T16:00:09+00:00","dateModified":"2026-02-09T09:32:16+00:00","description":"Osv\u011b\u017euj\u00edc\u00ed koupel nohou \u010dist\u00ed a zjem\u0148uje unaven\u00e9 nohy. Obsahuje osv\u011b\u017euj\u00edc\u00ed m\u00e1tov\u00fd olej a antibakteri\u00e1ln\u00ed eukalyptov\u00fd olej. Navr\u017eeno a vyrobeno ve Finsku, specialistou na saunov\u00e9 dopl\u0148ky spole\u010dnost\u00ed RENTO.","breadcrumb":{"@id":"https:\/\/anderskafka.cz\/eshop\/produkt\/rento-matova-koupel-na-nohy-200ml\/#breadcrumb"},"inLanguage":"cs","potentialAction":[{"@type":"ReadAction","target":["https:\/\/anderskafka.cz\/eshop\/produkt\/rento-matova-koupel-na-nohy-200ml\/"]}]},{"@type":"BreadcrumbList","@id":"https:\/\/anderskafka.cz\/eshop\/produkt\/rento-matova-koupel-na-nohy-200ml\/#breadcrumb","itemListElement":[{"@type":"ListItem","position":1,"name":"Obchod","item":"https:\/\/anderskafka.cz\/eshop\/obchod\/"},{"@type":"ListItem","position":2,"name":"RENTO m\u00e1tov\u00e1 koupel na nohy, 200 ml"}]}]}},"locations":[],"_links":{"self":[{"href":"https:\/\/anderskafka.cz\/eshop\/wp-json\/wp\/v2\/product\/1151"}],"collection":[{"href":"https:\/\/anderskafka.cz\/eshop\/wp-json\/wp\/v2\/product"}],"about":[{"href":"https:\/\/anderskafka.cz\/eshop\/wp-json\/wp\/v2\/types\/product"}],"replies":[{"embeddable":true,"href":"https:\/\/anderskafka.cz\/eshop\/wp-json\/wp\/v2\/comments?post=1151"}],"wp:featuredmedia":[{"embeddable":true,"href":"https:\/\/anderskafka.cz\/eshop\/wp-json\/wp\/v2\/media\/999"}],"wp:attachment":[{"href":"https:\/\/anderskafka.cz\/eshop\/wp-json\/wp\/v2\/media?parent=1151"}],"wp:term":[{"taxonomy":"location","embeddable":true,"href":"https:\/\/anderskafka.cz\/eshop\/wp-json\/wp\/v2\/location?post=1151"},{"taxonomy":"product_cat","embeddable":true,"href":"https:\/\/anderskafka.cz\/eshop\/wp-json\/wp\/v2\/product_cat?post=1151"},{"taxonomy":"product_tag","embeddable":true,"href":"https:\/\/anderskafka.cz\/eshop\/wp-json\/wp\/v2\/product_tag?post=1151"}],"curies":[{"name":"wp","href":"https:\/\/api.w.org\/{rel}","templated":true}]}}