{"id":11548,"date":"2025-09-10T13:17:36","date_gmt":"2025-09-10T11:17:36","guid":{"rendered":"https:\/\/anderskafka.cz\/eshop\/?post_type=product&#038;p=11548"},"modified":"2026-04-28T13:34:34","modified_gmt":"2026-04-28T11:34:34","slug":"skerjanc-stolek-k-lehatku-tropez-bite-antracit-alu","status":"publish","type":"product","link":"https:\/\/anderskafka.cz\/eshop\/produkt\/skerjanc-stolek-k-lehatku-tropez-bite-antracit-alu\/","title":{"rendered":"\u0160KERJANC stolek k leh\u00e1tku lux\/bite alu antracit"},"content":{"rendered":"<p>Praktick\u00fd hlin\u00edkov\u00fd stolek s jednoduch\u00fdm a \u010dist\u00fdm designem. Stolek skv\u011ble dopln\u00ed wellnes leh\u00e1tko lux alu antracit.<br \/>\nV\u00fd\u0161ka stole\u010dku je 45 cm.<\/p>\n","protected":false},"excerpt":{"rendered":"<p>Praktick\u00fd hlin\u00edkov\u00fd stolek s jednoduch\u00fdm a \u010dist\u00fdm designem. Stolek skv\u011ble dopln\u00ed wellnes leh\u00e1tko lux alu antracit.<\/p>\n<p>\u0160kerjanc, slovinsk\u00fd v\u00fdrobce n\u00e1bytku s rozmanitou nab\u00eddkou produkt\u016f vyroben\u00fdch z nejr\u016fzn\u011bj\u0161\u00edch materi\u00e1l\u016f.<\/p>\n","protected":false},"featured_media":11549,"comment_status":"open","ping_status":"closed","template":"","meta":{"site-sidebar-layout":"default","site-content-layout":"default","ast-main-header-display":"","ast-hfb-above-header-display":"","ast-hfb-below-header-display":"","ast-hfb-mobile-header-display":"","site-post-title":"","ast-breadcrumbs-content":"","ast-featured-img":"","footer-sml-layout":"","theme-transparent-header-meta":"","adv-header-id-meta":"","stick-header-meta":"","header-above-stick-meta":"","header-main-stick-meta":"","header-below-stick-meta":""},"location":[],"product_cat":[1133,901,1335,411],"product_tag":[1628],"yoast_head":"<!-- This site is optimized with the Yoast SEO plugin v18.5.1 - https:\/\/yoast.com\/wordpress\/plugins\/seo\/ -->\n<title>\u0160KERJANC stolek k leh\u00e1tku lux\/bite alu antracit - Anders &amp; Kafka E-SHOP<\/title>\n<meta name=\"description\" content=\"Praktick\u00fd hlin\u00edkov\u00fd stolek s jednoduch\u00fdm a \u010dist\u00fdm designem. Stolek skv\u011ble dopln\u00ed wellnes leh\u00e1tko lux alu antracit.  \u0160kerjanc, slovinsk\u00fd v\u00fdrobce n\u00e1bytku s rozmanitou nab\u00eddkou produkt\u016f vyroben\u00fdch z nejr\u016fzn\u011bj\u0161\u00edch materi\u00e1l\u016f.\" \/>\n<meta name=\"robots\" content=\"index, follow, max-snippet:-1, max-image-preview:large, max-video-preview:-1\" \/>\n<link rel=\"canonical\" href=\"https:\/\/anderskafka.cz\/eshop\/produkt\/skerjanc-stolek-k-lehatku-tropez-bite-antracit-alu\/\" \/>\n<meta property=\"og:locale\" content=\"cs_CZ\" \/>\n<meta property=\"og:type\" content=\"article\" \/>\n<meta property=\"og:title\" content=\"\u0160KERJANC stolek k leh\u00e1tku lux\/bite alu antracit - Anders &amp; Kafka E-SHOP\" \/>\n<meta property=\"og:description\" content=\"Praktick\u00fd hlin\u00edkov\u00fd stolek s jednoduch\u00fdm a \u010dist\u00fdm designem. Stolek skv\u011ble dopln\u00ed wellnes leh\u00e1tko lux alu antracit.  \u0160kerjanc, slovinsk\u00fd v\u00fdrobce n\u00e1bytku s rozmanitou nab\u00eddkou produkt\u016f vyroben\u00fdch z nejr\u016fzn\u011bj\u0161\u00edch materi\u00e1l\u016f.\" \/>\n<meta property=\"og:url\" content=\"https:\/\/anderskafka.cz\/eshop\/produkt\/skerjanc-stolek-k-lehatku-tropez-bite-antracit-alu\/\" \/>\n<meta property=\"og:site_name\" content=\"Anders &amp; Kafka E-SHOP\" \/>\n<meta property=\"article:modified_time\" content=\"2026-04-28T11:34:34+00:00\" \/>\n<meta name=\"twitter:card\" content=\"summary_large_image\" \/>\n<meta name=\"twitter:image\" content=\"https:\/\/anderskafka.cz\/eshop\/wp-content\/uploads\/sites\/3\/2025\/09\/SKERJANC_stolekantracitalu_AndersKafka.webp\" \/>\n<meta name=\"twitter:label1\" content=\"Odhadovan\u00e1 doba \u010dten\u00ed\" \/>\n\t<meta name=\"twitter:data1\" content=\"1 minuta\" \/>\n<script type=\"application\/ld+json\" class=\"yoast-schema-graph\">{\"@context\":\"https:\/\/schema.org\",\"@graph\":[{\"@type\":\"WebSite\",\"@id\":\"https:\/\/anderskafka.cz\/eshop\/#website\",\"url\":\"https:\/\/anderskafka.cz\/eshop\/\",\"name\":\"Anders &amp; Kafka E-SHOP\",\"description\":\"Anders &amp; Kafka E-SHOP\",\"potentialAction\":[{\"@type\":\"SearchAction\",\"target\":{\"@type\":\"EntryPoint\",\"urlTemplate\":\"https:\/\/anderskafka.cz\/eshop\/?s={search_term_string}\"},\"query-input\":\"required name=search_term_string\"}],\"inLanguage\":\"cs\"},{\"@type\":\"ImageObject\",\"@id\":\"https:\/\/anderskafka.cz\/eshop\/produkt\/skerjanc-stolek-k-lehatku-tropez-bite-antracit-alu\/#primaryimage\",\"inLanguage\":\"cs\",\"url\":\"https:\/\/anderskafka.cz\/eshop\/wp-content\/uploads\/sites\/3\/2025\/09\/SKERJANC_stolekantracitalu_AndersKafka.webp\",\"contentUrl\":\"https:\/\/anderskafka.cz\/eshop\/wp-content\/uploads\/sites\/3\/2025\/09\/SKERJANC_stolekantracitalu_AndersKafka.webp\",\"width\":1500,\"height\":1500},{\"@type\":\"WebPage\",\"@id\":\"https:\/\/anderskafka.cz\/eshop\/produkt\/skerjanc-stolek-k-lehatku-tropez-bite-antracit-alu\/#webpage\",\"url\":\"https:\/\/anderskafka.cz\/eshop\/produkt\/skerjanc-stolek-k-lehatku-tropez-bite-antracit-alu\/\",\"name\":\"\u0160KERJANC stolek k leh\u00e1tku lux\/bite alu antracit - Anders &amp; Kafka E-SHOP\",\"isPartOf\":{\"@id\":\"https:\/\/anderskafka.cz\/eshop\/#website\"},\"primaryImageOfPage\":{\"@id\":\"https:\/\/anderskafka.cz\/eshop\/produkt\/skerjanc-stolek-k-lehatku-tropez-bite-antracit-alu\/#primaryimage\"},\"datePublished\":\"2025-09-10T11:17:36+00:00\",\"dateModified\":\"2026-04-28T11:34:34+00:00\",\"description\":\"Praktick\u00fd hlin\u00edkov\u00fd stolek s jednoduch\u00fdm a \u010dist\u00fdm designem. Stolek skv\u011ble dopln\u00ed wellnes leh\u00e1tko lux alu antracit. \u0160kerjanc, slovinsk\u00fd v\u00fdrobce n\u00e1bytku s rozmanitou nab\u00eddkou produkt\u016f vyroben\u00fdch z nejr\u016fzn\u011bj\u0161\u00edch materi\u00e1l\u016f.\",\"breadcrumb\":{\"@id\":\"https:\/\/anderskafka.cz\/eshop\/produkt\/skerjanc-stolek-k-lehatku-tropez-bite-antracit-alu\/#breadcrumb\"},\"inLanguage\":\"cs\",\"potentialAction\":[{\"@type\":\"ReadAction\",\"target\":[\"https:\/\/anderskafka.cz\/eshop\/produkt\/skerjanc-stolek-k-lehatku-tropez-bite-antracit-alu\/\"]}]},{\"@type\":\"BreadcrumbList\",\"@id\":\"https:\/\/anderskafka.cz\/eshop\/produkt\/skerjanc-stolek-k-lehatku-tropez-bite-antracit-alu\/#breadcrumb\",\"itemListElement\":[{\"@type\":\"ListItem\",\"position\":1,\"name\":\"Obchod\",\"item\":\"https:\/\/anderskafka.cz\/eshop\/obchod\/\"},{\"@type\":\"ListItem\",\"position\":2,\"name\":\"\u0160KERJANC stolek k leh\u00e1tku lux\/bite alu antracit\"}]}]}<\/script>\n<!-- \/ Yoast SEO plugin. -->","yoast_head_json":{"title":"\u0160KERJANC stolek k leh\u00e1tku lux\/bite alu antracit - Anders &amp; Kafka E-SHOP","description":"Praktick\u00fd hlin\u00edkov\u00fd stolek s jednoduch\u00fdm a \u010dist\u00fdm designem. Stolek skv\u011ble dopln\u00ed wellnes leh\u00e1tko lux alu antracit.  \u0160kerjanc, slovinsk\u00fd v\u00fdrobce n\u00e1bytku s rozmanitou nab\u00eddkou produkt\u016f vyroben\u00fdch z nejr\u016fzn\u011bj\u0161\u00edch materi\u00e1l\u016f.","robots":{"index":"index","follow":"follow","max-snippet":"max-snippet:-1","max-image-preview":"max-image-preview:large","max-video-preview":"max-video-preview:-1"},"canonical":"https:\/\/anderskafka.cz\/eshop\/produkt\/skerjanc-stolek-k-lehatku-tropez-bite-antracit-alu\/","og_locale":"cs_CZ","og_type":"article","og_title":"\u0160KERJANC stolek k leh\u00e1tku lux\/bite alu antracit - Anders &amp; Kafka E-SHOP","og_description":"Praktick\u00fd hlin\u00edkov\u00fd stolek s jednoduch\u00fdm a \u010dist\u00fdm designem. Stolek skv\u011ble dopln\u00ed wellnes leh\u00e1tko lux alu antracit.  \u0160kerjanc, slovinsk\u00fd v\u00fdrobce n\u00e1bytku s rozmanitou nab\u00eddkou produkt\u016f vyroben\u00fdch z nejr\u016fzn\u011bj\u0161\u00edch materi\u00e1l\u016f.","og_url":"https:\/\/anderskafka.cz\/eshop\/produkt\/skerjanc-stolek-k-lehatku-tropez-bite-antracit-alu\/","og_site_name":"Anders &amp; Kafka E-SHOP","article_modified_time":"2026-04-28T11:34:34+00:00","twitter_card":"summary_large_image","twitter_image":"https:\/\/anderskafka.cz\/eshop\/wp-content\/uploads\/sites\/3\/2025\/09\/SKERJANC_stolekantracitalu_AndersKafka.webp","twitter_misc":{"Odhadovan\u00e1 doba \u010dten\u00ed":"1 minuta"},"schema":{"@context":"https:\/\/schema.org","@graph":[{"@type":"WebSite","@id":"https:\/\/anderskafka.cz\/eshop\/#website","url":"https:\/\/anderskafka.cz\/eshop\/","name":"Anders &amp; Kafka E-SHOP","description":"Anders &amp; Kafka E-SHOP","potentialAction":[{"@type":"SearchAction","target":{"@type":"EntryPoint","urlTemplate":"https:\/\/anderskafka.cz\/eshop\/?s={search_term_string}"},"query-input":"required name=search_term_string"}],"inLanguage":"cs"},{"@type":"ImageObject","@id":"https:\/\/anderskafka.cz\/eshop\/produkt\/skerjanc-stolek-k-lehatku-tropez-bite-antracit-alu\/#primaryimage","inLanguage":"cs","url":"https:\/\/anderskafka.cz\/eshop\/wp-content\/uploads\/sites\/3\/2025\/09\/SKERJANC_stolekantracitalu_AndersKafka.webp","contentUrl":"https:\/\/anderskafka.cz\/eshop\/wp-content\/uploads\/sites\/3\/2025\/09\/SKERJANC_stolekantracitalu_AndersKafka.webp","width":1500,"height":1500},{"@type":"WebPage","@id":"https:\/\/anderskafka.cz\/eshop\/produkt\/skerjanc-stolek-k-lehatku-tropez-bite-antracit-alu\/#webpage","url":"https:\/\/anderskafka.cz\/eshop\/produkt\/skerjanc-stolek-k-lehatku-tropez-bite-antracit-alu\/","name":"\u0160KERJANC stolek k leh\u00e1tku lux\/bite alu antracit - Anders &amp; Kafka E-SHOP","isPartOf":{"@id":"https:\/\/anderskafka.cz\/eshop\/#website"},"primaryImageOfPage":{"@id":"https:\/\/anderskafka.cz\/eshop\/produkt\/skerjanc-stolek-k-lehatku-tropez-bite-antracit-alu\/#primaryimage"},"datePublished":"2025-09-10T11:17:36+00:00","dateModified":"2026-04-28T11:34:34+00:00","description":"Praktick\u00fd hlin\u00edkov\u00fd stolek s jednoduch\u00fdm a \u010dist\u00fdm designem. Stolek skv\u011ble dopln\u00ed wellnes leh\u00e1tko lux alu antracit. \u0160kerjanc, slovinsk\u00fd v\u00fdrobce n\u00e1bytku s rozmanitou nab\u00eddkou produkt\u016f vyroben\u00fdch z nejr\u016fzn\u011bj\u0161\u00edch materi\u00e1l\u016f.","breadcrumb":{"@id":"https:\/\/anderskafka.cz\/eshop\/produkt\/skerjanc-stolek-k-lehatku-tropez-bite-antracit-alu\/#breadcrumb"},"inLanguage":"cs","potentialAction":[{"@type":"ReadAction","target":["https:\/\/anderskafka.cz\/eshop\/produkt\/skerjanc-stolek-k-lehatku-tropez-bite-antracit-alu\/"]}]},{"@type":"BreadcrumbList","@id":"https:\/\/anderskafka.cz\/eshop\/produkt\/skerjanc-stolek-k-lehatku-tropez-bite-antracit-alu\/#breadcrumb","itemListElement":[{"@type":"ListItem","position":1,"name":"Obchod","item":"https:\/\/anderskafka.cz\/eshop\/obchod\/"},{"@type":"ListItem","position":2,"name":"\u0160KERJANC stolek k leh\u00e1tku lux\/bite alu antracit"}]}]}},"locations":[],"_links":{"self":[{"href":"https:\/\/anderskafka.cz\/eshop\/wp-json\/wp\/v2\/product\/11548"}],"collection":[{"href":"https:\/\/anderskafka.cz\/eshop\/wp-json\/wp\/v2\/product"}],"about":[{"href":"https:\/\/anderskafka.cz\/eshop\/wp-json\/wp\/v2\/types\/product"}],"replies":[{"embeddable":true,"href":"https:\/\/anderskafka.cz\/eshop\/wp-json\/wp\/v2\/comments?post=11548"}],"wp:featuredmedia":[{"embeddable":true,"href":"https:\/\/anderskafka.cz\/eshop\/wp-json\/wp\/v2\/media\/11549"}],"wp:attachment":[{"href":"https:\/\/anderskafka.cz\/eshop\/wp-json\/wp\/v2\/media?parent=11548"}],"wp:term":[{"taxonomy":"location","embeddable":true,"href":"https:\/\/anderskafka.cz\/eshop\/wp-json\/wp\/v2\/location?post=11548"},{"taxonomy":"product_cat","embeddable":true,"href":"https:\/\/anderskafka.cz\/eshop\/wp-json\/wp\/v2\/product_cat?post=11548"},{"taxonomy":"product_tag","embeddable":true,"href":"https:\/\/anderskafka.cz\/eshop\/wp-json\/wp\/v2\/product_tag?post=11548"}],"curies":[{"name":"wp","href":"https:\/\/api.w.org\/{rel}","templated":true}]}}