{"id":11561,"date":"2025-09-11T13:55:20","date_gmt":"2025-09-11T11:55:20","guid":{"rendered":"https:\/\/anderskafka.cz\/eshop\/?post_type=product&#038;p=11561"},"modified":"2026-03-25T10:34:24","modified_gmt":"2026-03-25T09:34:24","slug":"exterierova-sauna-emmi","status":"publish","type":"product","link":"https:\/\/anderskafka.cz\/eshop\/produkt\/exterierova-sauna-emmi\/","title":{"rendered":"Exteri\u00e9rov\u00e1 sauna ze skandin\u00e1vsk\u00e9ho smrku EMMI"},"content":{"rendered":"<p><strong>Vn\u011bj\u0161\u00ed rozm\u011bry sauny:<\/strong> \u0161\u00ed\u0159ka 209,5 cm, hloubka 211,6 cm a v\u00fd\u0161ka 232,8 cm. <strong>V\u00e1ha sauny:<\/strong> 600 kg<\/p>\n<p>&nbsp;<\/p>\n<h4><strong>Rozsah doda\u0301vky:<\/strong><\/h4>\n<p>Modern\u00ed sauna s prosklenou p\u0159edn\u00ed st\u011bnou vyroben\u00e1 z masivn\u00edho skandin\u00e1vsk\u00e9ho smrku s dvou\u00farov\u0148ov\u00fdmi osikov\u00fdmi lavicemi s op\u011bradly. Jedn\u00e1 se o jednoduch\u00fd, ale elegantn\u00ed model do ka\u017ed\u00e9 zahrady. Dostatek sv\u011btla zaji\u0161\u0165uj\u00ed velk\u00e1 okna z tvrzen\u00e9ho skla. Vnit\u0159n\u00ed plocha sauny jsou 4 m2.<\/p>\n<ul>\n<li>Vhodn\u00e9 a\u017e pro 6 osob<\/li>\n<li>St\u011bny ze skandin\u00e1vsk\u00e9ho smrku o tlou\u0161\u0165ce 42 mm<\/li>\n<li>Asfaltov\u00e1 samolepic\u00ed st\u0159e\u0161n\u00ed krytina<\/li>\n<li>Dve\u0159e a okna z tvrzen\u00e9ho skla o tlou\u0161\u0165ce 8 resp. 4 mm<\/li>\n<li>Velikost saunov\u00fdch lavic z Thermoosiky (\u0161 x h): vrchn\u00ed lavice : 200 cm x 54,3 cm, spodn\u00ed lavice: 200 cm x 34,8 cm<\/li>\n<\/ul>\n<p>&nbsp;<\/p>\n<h4><strong>Pro\u010d skandin\u00e1vsk\u00fd smrk?<\/strong><\/h4>\n<p>R\u016fst d\u0159eva smrku se skl\u00e1d\u00e1 ze dvou \u010d\u00e1st\u00ed: jarn\u00ed a letn\u00ed p\u0159\u00edr\u016fstky. Jak postupn\u011b zv\u011bt\u0161uje strom svoji tlou\u0161\u0165ku, vytv\u00e1\u0159\u00ed se letokruhy. Silnost\u011bnn\u00e9 bu\u0148ky vytv\u00e1\u0159\u00ed tak d\u016fle\u017eitou pevnou \u010d\u00e1st d\u0159eva. V chladn\u00e9m po\u010das\u00ed seversk\u00fdch les\u016f jsou p\u0159\u00edr\u016fstky oproti evropsk\u00fdm smrk\u016fm minim\u00e1ln\u00ed, o to je v\u0161ak skandin\u00e1vsk\u00e9 a p\u0159\u00edpadn\u011b i sibi\u0159sk\u00e9 d\u0159evo pevn\u011bj\u0161\u00ed a m\u00e1 vy\u0161\u0161\u00ed \u017eivotnost. Krom\u011b uveden\u00fdch vlastnost\u00ed je d\u0159evo skandin\u00e1vsk\u00e9ho smrku odoln\u00e9 proti vlhkosti a dob\u0159e zvl\u00e1d\u00e1 st\u0159\u00edd\u00e1n\u00ed teplot. Je tvarov\u011b i barevn\u011b st\u00e1l\u00e9.<\/p>\n<p>&nbsp;<\/p>\n<h4><strong>Zp\u016fsob vyt\u00e1p\u011bn\u00ed<\/strong><\/h4>\n<p>Pro <strong>vyt\u00e1p\u011bn\u00ed a ovl\u00e1d\u00e1n\u00ed<\/strong> t\u00e9to sauny m\u016f\u017eete zvolit bu\u010f kamna na d\u0159evo nebo elektrick\u00e9 saunov\u00e9 topidlo. V p\u0159\u00edpad\u011b, \u017ee si vyberete elektrick\u00e9 saunov\u00e9 topidlo, pak si m\u016f\u017eete volit z n\u00e1sleduj\u00edc\u00edch \u0159e\u0161en\u00ed:<\/p>\n<ol>\n<li>V p\u0159\u00edpad\u011b, \u017ee budete cht\u00edt vyu\u017e\u00edt <strong>pouze<\/strong> tradi\u010dn\u00ed zp\u016fsob saunov\u00e1n\u00ed suchou cestou, kter\u00fd je charakteristick\u00fd vysok\u00fdmi teplotami 80 \u2013 110\u00b0C a n\u00edzkou vlhkost\u00ed v saun\u011b cca 5 \u2013 20%, s mo\u017enost\u00ed pol\u00e9v\u00e1n\u00ed saunov\u00fdch kamen\u016f, zvolte topidlo pro Finskou saunu. Zde se m\u016f\u017eete rozhodnout, zda pro V\u00e1s bude dostate\u010dn\u00e9 ovl\u00e1d\u00e1n\u00ed na pl\u00e1\u0161ti topidla, kter\u00e9 je um\u00edst\u011bno v doln\u00ed \u010d\u00e1sti topidla nebo zvol\u00edte topidlo pro Finskou saunu s extern\u00edm ovl\u00e1d\u00e1n\u00edm, kde extern\u00ed ovl\u00e1dac\u00ed panel bude um\u00edst\u011bn vn\u011b nebo uvnit\u0159 sauny v pohodln\u00e9 v\u00fd\u0161ce, dokonce s mo\u017enost\u00ed ovl\u00e1d\u00e1n\u00ed pomoc\u00ed chytr\u00e9 aplikace z mobiln\u00edho za\u0159\u00edzen\u00ed.<\/li>\n<li>Pokud je pro V\u00e1s p\u0159\u00edjemn\u011bj\u0161\u00ed zp\u016fsob saunov\u00e1n\u00ed, kter\u00fd vyu\u017e\u00edv\u00e1 ni\u017e\u0161\u00ed teplotu cca 65\u00b0C a vy\u0161\u0161\u00ed vlhkost vzduchu v saun\u011b cca 30 \u2013 50%, zvolte topidlo pro Bio saunu. Toto klima v saun\u011b se vytvo\u0159\u00ed pomoc\u00ed saunov\u00e9ho topidla, jeho\u017e ned\u00edlnou sou\u010d\u00e1st\u00ed je saunov\u00fd v\u00fdparn\u00edk. N\u00e1mi dod\u00e1van\u00e9 ovl\u00e1d\u00e1n\u00ed saunov\u00fdch kamen s v\u00fdparn\u00edkem umo\u017e\u0148uje volbu re\u017eimu bio sauny nebo re\u017eimu finsk\u00e9 sauny jednoduch\u00fdm p\u0159epnut\u00edm na extern\u00edm ovl\u00e1dac\u00edm panelu. Nebo pomoc\u00ed mobiln\u00ed aplikace, pokud si extern\u00ed ovl\u00e1d\u00e1n\u00ed roz\u0161\u00ed\u0159\u00edte o tuto mo\u017enost.<\/li>\n<\/ol>\n<p>P\u0159i pou\u017eit\u00ed saunov\u00fdch vonn\u00fdch esenc\u00ed snadno vytvo\u0159\u00edte aroma saunu.<\/p>\n<p>&nbsp;<\/p>\n<h4><strong>Elektrick\u00e9 zapojen\u00ed a um\u00edst\u011bn\u00ed sauny:<\/strong><\/h4>\n<p><span style=\"font-size: 16px\">Pro <\/span><strong style=\"font-size: 16px\">elektrick\u00e9 zapojen\u00ed sauny<\/strong><span style=\"font-size: 16px\"> v p\u0159\u00edpad\u011b volby elektrick\u00e9ho topidla je \u00a0pot\u0159eba m\u00edt v prostoru instalace sauny kabel CYKY 5 x 2,5mm, \u00a0min. d\u00e9lky 3 metr\u016f od pl\u00e1novan\u00e9ho um\u00edst\u011bn\u00ed zadn\u00ed st\u011bny sauny, s nap\u00e1jen\u00edm 380 V, jisti\u010d \u00a0min. 3x16A a samostatn\u00fd proudov\u00fd chr\u00e1ni\u010d pro saunu 30 mA. V p\u0159\u00edpad\u011b pou\u017eit\u00ed topidla na d\u0159evo nebo budete cht\u00edt saunu pouze osv\u011btlit, zvolte kabel CYKY 3 x 1,5mm, \u00a0min. d\u00e9lky 3 metr\u016f od pl\u00e1novan\u00e9ho um\u00edst\u011bn\u00ed zadn\u00ed st\u011bny sauny, s nap\u00e1jen\u00edm 230 V, jisti\u010dem min. 1x16A a samostatn\u00fdm proudov\u00fdm chr\u00e1ni\u010dem pro saunu 30 mA.<\/span><\/p>\n<p>Pro\u00a0<b>um\u00edst\u011bn\u00ed<\/b>\u00a0sauny je nutn\u00e9 zajistit voln\u00fd prostor min. 0,6 m od nejbli\u017e\u0161\u00ed p\u0159ek\u00e1\u017eky. Je d\u016fle\u017eit\u00e9, aby plocha, na kter\u00e9 bude sauna um\u00edst\u011bna, byla \u00fanosn\u00e1 a vodorovn\u00e1\u00a0(nap\u0159. z\u00e1mkov\u00e1 dla\u017eba, d\u0159ev\u011bn\u00e1 konstrukce\/terasa, \u0161t\u011brkov\u00e9 lo\u017ee nebo betonov\u00e9 dla\u017edice).<\/p>\n<p>&nbsp;<\/p>\n<p><strong>UPOZORN\u011aN\u00cd:<\/strong> V p\u0159\u00edpad\u011b mont\u00e1\u017ee &#8220;Bez povrchov\u00e9 \u00fapravy&#8221; se z d\u016fvodu degradace neo\u0161et\u0159en\u00e9ho d\u0159eva v exteri\u00e9ru na vn\u011bj\u0161\u00ed d\u0159ev\u011bn\u00e9 prvky sauny z\u00e1ruka nevztahuje!<\/p>\n<p><img loading=\"lazy\" class=\"alignnone wp-image-7559 size-full\" src=\"https:\/\/anderskafka.cz\/eshop\/wp-content\/uploads\/sites\/3\/2024\/06\/Anderskafka-objednate-relaxujete-PC.jpg\" alt=\"\" width=\"1920\" height=\"352\" srcset=\"https:\/\/anderskafka.cz\/eshop\/wp-content\/uploads\/sites\/3\/2024\/06\/Anderskafka-objednate-relaxujete-PC.jpg 1920w, https:\/\/anderskafka.cz\/eshop\/wp-content\/uploads\/sites\/3\/2024\/06\/Anderskafka-objednate-relaxujete-PC-300x55.jpg 300w, https:\/\/anderskafka.cz\/eshop\/wp-content\/uploads\/sites\/3\/2024\/06\/Anderskafka-objednate-relaxujete-PC-1024x188.jpg 1024w, https:\/\/anderskafka.cz\/eshop\/wp-content\/uploads\/sites\/3\/2024\/06\/Anderskafka-objednate-relaxujete-PC-768x141.jpg 768w, https:\/\/anderskafka.cz\/eshop\/wp-content\/uploads\/sites\/3\/2024\/06\/Anderskafka-objednate-relaxujete-PC-1536x282.jpg 1536w, https:\/\/anderskafka.cz\/eshop\/wp-content\/uploads\/sites\/3\/2024\/06\/Anderskafka-objednate-relaxujete-PC-700x128.jpg 700w, https:\/\/anderskafka.cz\/eshop\/wp-content\/uploads\/sites\/3\/2024\/06\/Anderskafka-objednate-relaxujete-PC-64x12.jpg 64w\" sizes=\"(max-width: 1920px) 100vw, 1920px\" \/><\/p>\n<p>Spole\u010dnost Anders&amp;Kafka V\u00e1m tak\u00e9 nab\u00edz\u00ed dod\u00e1n\u00ed t\u00e9to sauny<strong> v\u010detn\u011b dovozu, mont\u00e1\u017ee a instalace. <\/strong>V p\u0159\u00edpad\u011b dod\u00e1vky sauny v\u010detn\u011b mont\u00e1\u017ee do<em>\u00a0<\/em>objektu\u00a0<em>ur\u010den\u00e9ho pro rodinn\u00e9 bydlen\u00ed<\/em>, kter\u00fd je p\u0159\u00edslu\u0161enstv\u00edm<em>\u00a0<\/em><em>domu,\u00a0<\/em><em>kde celkov\u00e1 podlahov\u00e1 plocha nep\u0159es\u00e1hne\u00a0<\/em>350m<sup>2<\/sup><em>\u00a0<\/em><em>nebo bytu, kde celkov\u00e1 podlahov\u00e1 plocha nep\u0159es\u00e1hne\u00a0<\/em>120m<sup>2<\/sup>, se pak bude aplikovat DPH pouze ve v\u00fd\u0161i 12%.<\/p>\n<p>&nbsp;<\/p>\n<div style=\"background: #E4E9E5;padding: 2.2em 3.2em;border-radius: 12px\">\n<h3><strong>DOPRAVA a MONT\u00c1\u017d od AndersKafka<\/strong><\/h3>\n<p>Tuto saunu V\u00e1m r\u00e1di nainstalujeme. <strong>Cena dopravy<\/strong>, <strong>mont\u00e1\u017ee a instalace <\/strong>bude stanovena na z\u00e1klad\u011b vzd\u00e1lenosti z Miro\u0161ovic do m\u00edsta mont\u00e1\u017ee. Kontaktujte n\u00e1s na emailu <strong><a href=\"mailto:office@anderskafka.cz\">office@anderskafka.cz<\/a><\/strong>. Po dohod\u011b nab\u00edz\u00edme tak\u00e9 <strong>nadstandardn\u00ed slu\u017eby <\/strong>v r\u00e1mci instalace sauny: stavebn\u00ed p\u0159ipravenost a tak\u00e9 elektroinstala\u010dn\u00ed pr\u00e1ce. <strong>S n\u00e1mi m\u00e1te v\u0161e bez starost\u00ed.<\/strong><\/p>\n<\/div>\n<p>&nbsp;<\/p>\n<div style=\"background: #D2DAD0;padding: 2.2em 3.2em;border-radius: 12px\">\n<h3><strong>VLASTN\u00cd MONT\u00c1\u017d<\/strong><\/h3>\n<p>Saunu si m\u016f\u017eete namontovat sv\u00e9pomoc\u00ed. Mont\u00e1\u017e sauny je jednoduch\u00e1 a pomoc\u00ed obr\u00e1zkov\u00e9ho n\u00e1vodu a z\u00e1kladn\u00edho n\u00e1\u0159ad\u00ed ji zvl\u00e1dnete smontovat sami.<\/p>\n<h5><strong>Doporu\u010den\u00fd podklad<\/strong><\/h5>\n<p>Jak ji\u017e bylo zm\u00edn\u011bno v\u00fd\u0161e, z\u00e1kladov\u00e9 tr\u00e1my doporu\u010dujeme um\u00edstit na zhutn\u011bn\u00fd ter\u00e9n, nejl\u00e9pe na betonov\u00e9 patky, dla\u017edice nebo \u0161t\u011brkov\u00e9 lo\u017ee.<\/p>\n<\/div>\n<p>&nbsp;<\/p>\n","protected":false},"excerpt":{"rendered":"<p><span style=\"font-size: 16px;font-style: normal;font-weight: 400\">Modern\u00ed sauna s prosklenou p\u0159edn\u00ed st\u011bnou. Tato finsk\u00e1 sauna kombinuje elegantn\u00ed \u0159emesln\u00e9 zpracov\u00e1n\u00ed s venkovn\u00ed odolnost\u00ed a nab\u00edz\u00ed soukrom\u00fd a klidn\u00fd prostor, kter\u00fd si m\u016f\u017eete u\u017e\u00edvat po cel\u00fd rok. <\/span><span style=\"font-size: 16px\">Jej\u00ed design, kvalitn\u00ed materi\u00e1ly a precizn\u00ed zpracov\u00e1n\u00ed zaru\u010duj\u00ed dlouhou \u017eivotnost a \u0161pi\u010dkovou kvalitu. Odoln\u00e1 konstrukce je vyroben\u00e1 ze skandin\u00e1vsk\u00e9ho smrku, pomalu rostouc\u00edho vysoce kvalitn\u00edho d\u0159eva.<\/span><\/p>\n<p><button class=\"button poptavka\" style=\"border-radius: 3px;padding: 12px 24px;font-weight: 400;font-size: 14px;letter-spacing: 1px;background-color: #f96d3b;color: #fff;border: none;cursor: pointer\" aria-label=\"Otev\u0159\u00edt\"> M\u00e1m z\u00e1jem o tento produkt <\/button><\/p>\n","protected":false},"featured_media":11851,"comment_status":"open","ping_status":"closed","template":"","meta":{"site-sidebar-layout":"default","site-content-layout":"default","ast-main-header-display":"","ast-hfb-above-header-display":"","ast-hfb-below-header-display":"","ast-hfb-mobile-header-display":"","site-post-title":"","ast-breadcrumbs-content":"","ast-featured-img":"","footer-sml-layout":"","theme-transparent-header-meta":"","adv-header-id-meta":"","stick-header-meta":"","header-above-stick-meta":"","header-main-stick-meta":"","header-below-stick-meta":""},"location":[],"product_cat":[1460,1133,1647,1336],"product_tag":[1454],"yoast_head":"<!-- This site is optimized with the Yoast SEO plugin v18.5.1 - https:\/\/yoast.com\/wordpress\/plugins\/seo\/ -->\n<title>Exteri\u00e9rov\u00e1 sauna ze skandin\u00e1vsk\u00e9ho smrku EMMI - Anders &amp; Kafka E-SHOP<\/title>\n<meta name=\"description\" content=\"Modern\u00ed sauna s prosklenou p\u0159edn\u00ed st\u011bnou. Tato finsk\u00e1 sauna kombinuje elegantn\u00ed \u0159emesln\u00e9 zpracov\u00e1n\u00ed s venkovn\u00ed odolnost\u00ed a nab\u00edz\u00ed soukrom\u00fd a klidn\u00fd prostor, kter\u00fd si m\u016f\u017eete u\u017e\u00edvat po cel\u00fd rok. Jej\u00ed design, kvalitn\u00ed materi\u00e1ly a precizn\u00ed zpracov\u00e1n\u00ed zaru\u010duj\u00ed dlouhou \u017eivotnost a \u0161pi\u010dkovou kvalitu. Odoln\u00e1 konstrukce je vyroben\u00e1 ze skandin\u00e1vsk\u00e9ho smrku, pomalu rostouc\u00edho vysoce kvalitn\u00edho d\u0159eva.   M\u00e1m z\u00e1jem o tento produkt\" \/>\n<meta name=\"robots\" content=\"index, follow, max-snippet:-1, max-image-preview:large, max-video-preview:-1\" \/>\n<link rel=\"canonical\" href=\"https:\/\/anderskafka.cz\/eshop\/produkt\/exterierova-sauna-emmi\/\" \/>\n<meta property=\"og:locale\" content=\"cs_CZ\" \/>\n<meta property=\"og:type\" content=\"article\" \/>\n<meta property=\"og:title\" content=\"Exteri\u00e9rov\u00e1 sauna ze skandin\u00e1vsk\u00e9ho smrku EMMI - Anders &amp; Kafka E-SHOP\" \/>\n<meta property=\"og:description\" content=\"Modern\u00ed sauna s prosklenou p\u0159edn\u00ed st\u011bnou. Tato finsk\u00e1 sauna kombinuje elegantn\u00ed \u0159emesln\u00e9 zpracov\u00e1n\u00ed s venkovn\u00ed odolnost\u00ed a nab\u00edz\u00ed soukrom\u00fd a klidn\u00fd prostor, kter\u00fd si m\u016f\u017eete u\u017e\u00edvat po cel\u00fd rok. Jej\u00ed design, kvalitn\u00ed materi\u00e1ly a precizn\u00ed zpracov\u00e1n\u00ed zaru\u010duj\u00ed dlouhou \u017eivotnost a \u0161pi\u010dkovou kvalitu. Odoln\u00e1 konstrukce je vyroben\u00e1 ze skandin\u00e1vsk\u00e9ho smrku, pomalu rostouc\u00edho vysoce kvalitn\u00edho d\u0159eva.   M\u00e1m z\u00e1jem o tento produkt\" \/>\n<meta property=\"og:url\" content=\"https:\/\/anderskafka.cz\/eshop\/produkt\/exterierova-sauna-emmi\/\" \/>\n<meta property=\"og:site_name\" content=\"Anders &amp; Kafka E-SHOP\" \/>\n<meta property=\"article:modified_time\" content=\"2026-03-25T09:34:24+00:00\" \/>\n<meta name=\"twitter:card\" content=\"summary_large_image\" \/>\n<meta name=\"twitter:image\" content=\"https:\/\/anderskafka.cz\/eshop\/wp-content\/uploads\/sites\/3\/2025\/09\/EMMI-titel.webp\" \/>\n<meta name=\"twitter:label1\" content=\"Odhadovan\u00e1 doba \u010dten\u00ed\" \/>\n\t<meta name=\"twitter:data1\" content=\"5 minut\" \/>\n<script type=\"application\/ld+json\" class=\"yoast-schema-graph\">{\"@context\":\"https:\/\/schema.org\",\"@graph\":[{\"@type\":\"WebSite\",\"@id\":\"https:\/\/anderskafka.cz\/eshop\/#website\",\"url\":\"https:\/\/anderskafka.cz\/eshop\/\",\"name\":\"Anders &amp; Kafka E-SHOP\",\"description\":\"Anders &amp; Kafka E-SHOP\",\"potentialAction\":[{\"@type\":\"SearchAction\",\"target\":{\"@type\":\"EntryPoint\",\"urlTemplate\":\"https:\/\/anderskafka.cz\/eshop\/?s={search_term_string}\"},\"query-input\":\"required name=search_term_string\"}],\"inLanguage\":\"cs\"},{\"@type\":\"ImageObject\",\"@id\":\"https:\/\/anderskafka.cz\/eshop\/produkt\/exterierova-sauna-emmi\/#primaryimage\",\"inLanguage\":\"cs\",\"url\":\"https:\/\/anderskafka.cz\/eshop\/wp-content\/uploads\/sites\/3\/2025\/09\/EMMI-titel.webp\",\"contentUrl\":\"https:\/\/anderskafka.cz\/eshop\/wp-content\/uploads\/sites\/3\/2025\/09\/EMMI-titel.webp\",\"width\":1500,\"height\":1500},{\"@type\":\"WebPage\",\"@id\":\"https:\/\/anderskafka.cz\/eshop\/produkt\/exterierova-sauna-emmi\/#webpage\",\"url\":\"https:\/\/anderskafka.cz\/eshop\/produkt\/exterierova-sauna-emmi\/\",\"name\":\"Exteri\u00e9rov\u00e1 sauna ze skandin\u00e1vsk\u00e9ho smrku EMMI - Anders &amp; Kafka E-SHOP\",\"isPartOf\":{\"@id\":\"https:\/\/anderskafka.cz\/eshop\/#website\"},\"primaryImageOfPage\":{\"@id\":\"https:\/\/anderskafka.cz\/eshop\/produkt\/exterierova-sauna-emmi\/#primaryimage\"},\"datePublished\":\"2025-09-11T11:55:20+00:00\",\"dateModified\":\"2026-03-25T09:34:24+00:00\",\"description\":\"Modern\u00ed sauna s prosklenou p\u0159edn\u00ed st\u011bnou. Tato finsk\u00e1 sauna kombinuje elegantn\u00ed \u0159emesln\u00e9 zpracov\u00e1n\u00ed s venkovn\u00ed odolnost\u00ed a nab\u00edz\u00ed soukrom\u00fd a klidn\u00fd prostor, kter\u00fd si m\u016f\u017eete u\u017e\u00edvat po cel\u00fd rok. Jej\u00ed design, kvalitn\u00ed materi\u00e1ly a precizn\u00ed zpracov\u00e1n\u00ed zaru\u010duj\u00ed dlouhou \u017eivotnost a \u0161pi\u010dkovou kvalitu. Odoln\u00e1 konstrukce je vyroben\u00e1 ze skandin\u00e1vsk\u00e9ho smrku, pomalu rostouc\u00edho vysoce kvalitn\u00edho d\u0159eva. M\u00e1m z\u00e1jem o tento produkt\",\"breadcrumb\":{\"@id\":\"https:\/\/anderskafka.cz\/eshop\/produkt\/exterierova-sauna-emmi\/#breadcrumb\"},\"inLanguage\":\"cs\",\"potentialAction\":[{\"@type\":\"ReadAction\",\"target\":[\"https:\/\/anderskafka.cz\/eshop\/produkt\/exterierova-sauna-emmi\/\"]}]},{\"@type\":\"BreadcrumbList\",\"@id\":\"https:\/\/anderskafka.cz\/eshop\/produkt\/exterierova-sauna-emmi\/#breadcrumb\",\"itemListElement\":[{\"@type\":\"ListItem\",\"position\":1,\"name\":\"Obchod\",\"item\":\"https:\/\/anderskafka.cz\/eshop\/obchod\/\"},{\"@type\":\"ListItem\",\"position\":2,\"name\":\"Exteri\u00e9rov\u00e1 sauna ze skandin\u00e1vsk\u00e9ho smrku EMMI\"}]}]}<\/script>\n<!-- \/ Yoast SEO plugin. -->","yoast_head_json":{"title":"Exteri\u00e9rov\u00e1 sauna ze skandin\u00e1vsk\u00e9ho smrku EMMI - Anders &amp; Kafka E-SHOP","description":"Modern\u00ed sauna s prosklenou p\u0159edn\u00ed st\u011bnou. Tato finsk\u00e1 sauna kombinuje elegantn\u00ed \u0159emesln\u00e9 zpracov\u00e1n\u00ed s venkovn\u00ed odolnost\u00ed a nab\u00edz\u00ed soukrom\u00fd a klidn\u00fd prostor, kter\u00fd si m\u016f\u017eete u\u017e\u00edvat po cel\u00fd rok. Jej\u00ed design, kvalitn\u00ed materi\u00e1ly a precizn\u00ed zpracov\u00e1n\u00ed zaru\u010duj\u00ed dlouhou \u017eivotnost a \u0161pi\u010dkovou kvalitu. Odoln\u00e1 konstrukce je vyroben\u00e1 ze skandin\u00e1vsk\u00e9ho smrku, pomalu rostouc\u00edho vysoce kvalitn\u00edho d\u0159eva.   M\u00e1m z\u00e1jem o tento produkt","robots":{"index":"index","follow":"follow","max-snippet":"max-snippet:-1","max-image-preview":"max-image-preview:large","max-video-preview":"max-video-preview:-1"},"canonical":"https:\/\/anderskafka.cz\/eshop\/produkt\/exterierova-sauna-emmi\/","og_locale":"cs_CZ","og_type":"article","og_title":"Exteri\u00e9rov\u00e1 sauna ze skandin\u00e1vsk\u00e9ho smrku EMMI - Anders &amp; Kafka E-SHOP","og_description":"Modern\u00ed sauna s prosklenou p\u0159edn\u00ed st\u011bnou. Tato finsk\u00e1 sauna kombinuje elegantn\u00ed \u0159emesln\u00e9 zpracov\u00e1n\u00ed s venkovn\u00ed odolnost\u00ed a nab\u00edz\u00ed soukrom\u00fd a klidn\u00fd prostor, kter\u00fd si m\u016f\u017eete u\u017e\u00edvat po cel\u00fd rok. Jej\u00ed design, kvalitn\u00ed materi\u00e1ly a precizn\u00ed zpracov\u00e1n\u00ed zaru\u010duj\u00ed dlouhou \u017eivotnost a \u0161pi\u010dkovou kvalitu. Odoln\u00e1 konstrukce je vyroben\u00e1 ze skandin\u00e1vsk\u00e9ho smrku, pomalu rostouc\u00edho vysoce kvalitn\u00edho d\u0159eva.   M\u00e1m z\u00e1jem o tento produkt","og_url":"https:\/\/anderskafka.cz\/eshop\/produkt\/exterierova-sauna-emmi\/","og_site_name":"Anders &amp; Kafka E-SHOP","article_modified_time":"2026-03-25T09:34:24+00:00","twitter_card":"summary_large_image","twitter_image":"https:\/\/anderskafka.cz\/eshop\/wp-content\/uploads\/sites\/3\/2025\/09\/EMMI-titel.webp","twitter_misc":{"Odhadovan\u00e1 doba \u010dten\u00ed":"5 minut"},"schema":{"@context":"https:\/\/schema.org","@graph":[{"@type":"WebSite","@id":"https:\/\/anderskafka.cz\/eshop\/#website","url":"https:\/\/anderskafka.cz\/eshop\/","name":"Anders &amp; Kafka E-SHOP","description":"Anders &amp; Kafka E-SHOP","potentialAction":[{"@type":"SearchAction","target":{"@type":"EntryPoint","urlTemplate":"https:\/\/anderskafka.cz\/eshop\/?s={search_term_string}"},"query-input":"required name=search_term_string"}],"inLanguage":"cs"},{"@type":"ImageObject","@id":"https:\/\/anderskafka.cz\/eshop\/produkt\/exterierova-sauna-emmi\/#primaryimage","inLanguage":"cs","url":"https:\/\/anderskafka.cz\/eshop\/wp-content\/uploads\/sites\/3\/2025\/09\/EMMI-titel.webp","contentUrl":"https:\/\/anderskafka.cz\/eshop\/wp-content\/uploads\/sites\/3\/2025\/09\/EMMI-titel.webp","width":1500,"height":1500},{"@type":"WebPage","@id":"https:\/\/anderskafka.cz\/eshop\/produkt\/exterierova-sauna-emmi\/#webpage","url":"https:\/\/anderskafka.cz\/eshop\/produkt\/exterierova-sauna-emmi\/","name":"Exteri\u00e9rov\u00e1 sauna ze skandin\u00e1vsk\u00e9ho smrku EMMI - Anders &amp; Kafka E-SHOP","isPartOf":{"@id":"https:\/\/anderskafka.cz\/eshop\/#website"},"primaryImageOfPage":{"@id":"https:\/\/anderskafka.cz\/eshop\/produkt\/exterierova-sauna-emmi\/#primaryimage"},"datePublished":"2025-09-11T11:55:20+00:00","dateModified":"2026-03-25T09:34:24+00:00","description":"Modern\u00ed sauna s prosklenou p\u0159edn\u00ed st\u011bnou. Tato finsk\u00e1 sauna kombinuje elegantn\u00ed \u0159emesln\u00e9 zpracov\u00e1n\u00ed s venkovn\u00ed odolnost\u00ed a nab\u00edz\u00ed soukrom\u00fd a klidn\u00fd prostor, kter\u00fd si m\u016f\u017eete u\u017e\u00edvat po cel\u00fd rok. Jej\u00ed design, kvalitn\u00ed materi\u00e1ly a precizn\u00ed zpracov\u00e1n\u00ed zaru\u010duj\u00ed dlouhou \u017eivotnost a \u0161pi\u010dkovou kvalitu. Odoln\u00e1 konstrukce je vyroben\u00e1 ze skandin\u00e1vsk\u00e9ho smrku, pomalu rostouc\u00edho vysoce kvalitn\u00edho d\u0159eva. M\u00e1m z\u00e1jem o tento produkt","breadcrumb":{"@id":"https:\/\/anderskafka.cz\/eshop\/produkt\/exterierova-sauna-emmi\/#breadcrumb"},"inLanguage":"cs","potentialAction":[{"@type":"ReadAction","target":["https:\/\/anderskafka.cz\/eshop\/produkt\/exterierova-sauna-emmi\/"]}]},{"@type":"BreadcrumbList","@id":"https:\/\/anderskafka.cz\/eshop\/produkt\/exterierova-sauna-emmi\/#breadcrumb","itemListElement":[{"@type":"ListItem","position":1,"name":"Obchod","item":"https:\/\/anderskafka.cz\/eshop\/obchod\/"},{"@type":"ListItem","position":2,"name":"Exteri\u00e9rov\u00e1 sauna ze skandin\u00e1vsk\u00e9ho smrku EMMI"}]}]}},"locations":[],"_links":{"self":[{"href":"https:\/\/anderskafka.cz\/eshop\/wp-json\/wp\/v2\/product\/11561"}],"collection":[{"href":"https:\/\/anderskafka.cz\/eshop\/wp-json\/wp\/v2\/product"}],"about":[{"href":"https:\/\/anderskafka.cz\/eshop\/wp-json\/wp\/v2\/types\/product"}],"replies":[{"embeddable":true,"href":"https:\/\/anderskafka.cz\/eshop\/wp-json\/wp\/v2\/comments?post=11561"}],"wp:featuredmedia":[{"embeddable":true,"href":"https:\/\/anderskafka.cz\/eshop\/wp-json\/wp\/v2\/media\/11851"}],"wp:attachment":[{"href":"https:\/\/anderskafka.cz\/eshop\/wp-json\/wp\/v2\/media?parent=11561"}],"wp:term":[{"taxonomy":"location","embeddable":true,"href":"https:\/\/anderskafka.cz\/eshop\/wp-json\/wp\/v2\/location?post=11561"},{"taxonomy":"product_cat","embeddable":true,"href":"https:\/\/anderskafka.cz\/eshop\/wp-json\/wp\/v2\/product_cat?post=11561"},{"taxonomy":"product_tag","embeddable":true,"href":"https:\/\/anderskafka.cz\/eshop\/wp-json\/wp\/v2\/product_tag?post=11561"}],"curies":[{"name":"wp","href":"https:\/\/api.w.org\/{rel}","templated":true}]}}