{"id":11854,"date":"2025-09-21T13:05:51","date_gmt":"2025-09-21T11:05:51","guid":{"rendered":"https:\/\/anderskafka.cz\/eshop\/?post_type=product&#038;p=11854"},"modified":"2026-04-02T18:10:35","modified_gmt":"2026-04-02T16:10:35","slug":"interierova-finska-sauna-irra-sl","status":"publish","type":"product","link":"https:\/\/anderskafka.cz\/eshop\/produkt\/interierova-finska-sauna-irra-sl\/","title":{"rendered":"Interi\u00e9rov\u00e1 finsk\u00e1\/bio sauna IRRA &#8211; velikost S\/L"},"content":{"rendered":"<p><strong>Vn\u011bj\u0161\u00ed rozm\u011bry sauny: <\/strong><\/p>\n<p>IRRA S &#8211; \u0161\u00ed\u0159ka 195,2 cm, hloubka 130,5 cm a v\u00fd\u0161ka 200,5 cm<\/p>\n<p>IRRA L &#8211; \u0161\u00ed\u0159ka 224 cm, hloubka 175 cm a v\u00fd\u0161ka 201 cm<\/p>\n<p>&nbsp;<\/p>\n<p>Sauna <span style=\"font-size: 16px\">je vyroben\u00e1 ze skandin\u00e1vsk\u00e9ho sm<\/span><span style=\"font-size: 16px\">rku tlou\u0161\u0165ky 34 mm.\u00a0<\/span><\/p>\n<p><strong>Dve\u0159e<\/strong> jsou jsou vyrobeny z 8 mm kalen\u00e9ho skla o rozm\u011bru 68,5 cm x 1 687 cm. Vnit\u0159n\u00ed madlo dve\u0159\u00ed je d\u0159ev\u011bn\u00e9 vn\u011bj\u0161\u00ed pak kovov\u00e9.<\/p>\n<p>&nbsp;<\/p>\n<p>Sauna je vybavena d\u0159ev\u011bn\u00fdmi lavicemi ve dvou v\u00fd\u0161kov\u00fdch \u00farovn\u00edch s op\u011brkami zad vyroben\u00fdmi z bezzuskov\u00e9 thermoosiky.<\/p>\n<p><strong>Velikost S<\/strong> je ur\u010dena pro 2 &#8211; 3 osoby: velikost saunov\u00fdch lavic (\u0161 x h) &#8211; hlavn\u00ed lavice 170 cm x 54,3 cm, spodn\u00ed stranov\u00e1 lavice: 110 cm x 39,8 cm<\/p>\n<p><strong>Velikost L<\/strong> je ur\u010dena pro 5 &#8211; 6 osob: velikost saunov\u00fdch lavic (\u0161 x h) &#8211; horn\u00ed lavice 200 cm x 54,3 cm, spodn\u00ed lavice 200 cm x 34,8 cm, spodn\u00ed stranov\u00e1 lavice: 68,5 cm x 59,3 cm<\/p>\n<p>&nbsp;<\/p>\n<p>Pro <strong>vyt\u00e1p\u011bn\u00ed a ovl\u00e1d\u00e1n\u00ed<\/strong> t\u00e9to sauny m\u016f\u017eete zvolit jedno z n\u00e1sleduj\u00edc\u00edch \u0159e\u0161en\u00ed:<\/p>\n<p>V p\u0159\u00edpad\u011b, \u017ee budete cht\u00edt vyu\u017e\u00edt pouze tradi\u010dn\u00ed zp\u016fsob saunov\u00e1n\u00ed suchou cestou, kter\u00fd je charakteristick\u00fd vysok\u00fdmi teplotami 80 \u2013 110\u00b0C a n\u00edzkou vlhkosti v saun\u011b cca 5 \u2013 20%, s mo\u017enost\u00ed pol\u00e9v\u00e1n\u00ed saunov\u00fdch kamen\u016f, zvolte topidlo pro Finskou saunu. Zde se m\u016f\u017eete rozhodnout, zda pro V\u00e1s bude dostate\u010dn\u00e9 ovl\u00e1d\u00e1n\u00ed na pl\u00e1\u0161ti topidla, kter\u00e9 je um\u00edst\u011bno v doln\u00ed \u010d\u00e1sti topidla nebo zvol\u00edte topidlo pro Finskou saunu s extern\u00edm ovl\u00e1d\u00e1n\u00edm, kde extern\u00ed ovl\u00e1dac\u00ed panel bude um\u00edst\u011bn vn\u011b nebo uvnit\u0159 sauny v pohodln\u00e9 v\u00fd\u0161ce, dokonce s mo\u017enost\u00ed ovl\u00e1d\u00e1n\u00ed pomoc\u00ed chytr\u00e9 aplikace z mobiln\u00edho za\u0159\u00edzen\u00ed.<\/p>\n<p>Pokud je pro V\u00e1s p\u0159\u00edjemn\u011bj\u0161\u00ed zp\u016fsob saunov\u00e1n\u00ed, kter\u00fd vyu\u017e\u00edv\u00e1 ni\u017e\u0161\u00ed teplotu cca 65\u00b0C a vy\u0161\u0161\u00ed vlhkost vzduchu v saun\u011b 30 \u2013 50% v saun\u011b, zvolte topidlo pro Bio saunu. Toto klima v saun\u011b se vytvo\u0159\u00ed pomoc\u00ed saunov\u00e9ho topidla, jeho\u017e ned\u00edlnou sou\u010d\u00e1st\u00ed je saunov\u00fd v\u00fdparn\u00edk. N\u00e1mi dod\u00e1van\u00e9 ovl\u00e1d\u00e1n\u00ed saunov\u00fdch kamen s v\u00fdparn\u00edkem umo\u017e\u0148uje volbu re\u017eimu bio sauny nebo re\u017eimu finsk\u00e9 sauny, jednoduch\u00fdm p\u0159epnut\u00edm na extern\u00edm ovl\u00e1dac\u00edm panelu nebo pomoc\u00ed mobiln\u00ed aplikace, pokud si extern\u00ed ovl\u00e1d\u00e1n\u00ed roz\u0161\u00ed\u0159\u00edte o tuto mo\u017enost.<\/p>\n<p style=\"font-weight: 400\">Pro\u00a0<strong>elektrick\u00e9 zapojen\u00ed sauny<\/strong> je pot\u0159eba m\u00edt v prostoru instalace sauny kabel CYKY 5 x 2,5mm, min. d\u00e9lky 3 metr\u016f od pl\u00e1novan\u00e9ho um\u00edstn\u011bn\u00ed zadn\u00ed st\u011bny sauny, s nap\u00e1jen\u00edm 380 V, jisti\u010d min. 3x16A a samostatn\u00fd proudov\u00fd chr\u00e1ni\u010d pro saunu 30 mA. <strong>Mont\u00e1\u017e sauny<\/strong><strong>\u00a0<\/strong>je jednoduch\u00e1 a pomoc\u00ed obr\u00e1zkov\u00e9ho n\u00e1vodu a z\u00e1kladn\u00edho n\u00e1\u0159ad\u00ed ji zvl\u00e1dnete smontovat sami.<\/p>\n<p style=\"font-weight: 400\">Prostor, ve kter\u00e9 bude sauna instalov\u00e1na, mus\u00ed b\u00fdt such\u00fd a mus\u00ed zajistit odpov\u00eddaj\u00edc\u00ed mno\u017estv\u00ed vzduchu \u00a0s pevnou, vodot\u011bsnou a rovnou podlahou, doporu\u010dujeme keramickou nebo kamennou dla\u017ebu. Pro mont\u00e1\u017e sauny je nutn\u00e1 minim\u00e1ln\u00ed v\u00fd\u0161ka m\u00edstnosti 230 cm. Ka\u017ed\u00e1 st\u011bna sauny mus\u00ed b\u00fdt minim\u00e1ln\u011b ve vzd\u00e1lenosti 5 cm od st\u011bn v prostoru, kde bude sauna um\u00edst\u011bna.<\/p>\n<p style=\"font-weight: 400\">D\u0159evo je p\u0159\u00edrodn\u00ed produkt, kter\u00fd m\u016f\u017ee i p\u0159es dobr\u00e9 skladov\u00e1n\u00ed bobtnat, smr\u0161\u0165ovat se nebo se kroutit. Z tohoto d\u016fvodu m\u016f\u017ee b\u00fdt b\u011bhem instalace zapot\u0159eb\u00ed ur\u010dit\u00e9 s\u00edly a pou\u017eit\u00ed z\u00e1kladn\u00edch truhl\u00e1\u0159sk\u00fdch n\u00e1stroj\u016f. V\u0161echna \u0161rouben\u00ed mus\u00ed b\u00fdt p\u0159edvrt\u00e1na. Elektrick\u00e9 p\u0159ipojen\u00ed sm\u00ed prov\u00e1d\u011bt pouze kvalifikovan\u00e1 osoba.<\/p>\n<p><strong>Pro\u010d skandin\u00e1vsk\u00fd smrk?<\/strong><\/p>\n<p>R\u016fst d\u0159eva smrku se skl\u00e1d\u00e1 ze dvou \u010d\u00e1st\u00ed: jarn\u00ed a letn\u00ed p\u0159\u00edr\u016fstky. Jak postupn\u011b zv\u011bt\u0161uje strom svoji tlou\u0161\u0165ku, vytv\u00e1\u0159\u00ed se letokruhy. Silnost\u011bnn\u00e9 bu\u0148ky vytv\u00e1\u0159\u00ed tak d\u016fle\u017eitou pevnou \u010d\u00e1st d\u0159eva. V chladn\u00e9m po\u010das\u00ed seversk\u00fdch les\u016f jsou p\u0159\u00edr\u016fstky oproti evropsk\u00fdm smrk\u016fm minim\u00e1ln\u00ed, o to je v\u0161ak skandin\u00e1vsk\u00e9 a p\u0159\u00edpadn\u011b i sibi\u0159sk\u00e9 d\u0159evo pevn\u011bj\u0161\u00ed a m\u00e1 vy\u0161\u0161\u00ed \u017eivotnost. Krom\u011b uveden\u00fdch vlastnost\u00ed je d\u0159evo skandin\u00e1vsk\u00e9ho smrku odoln\u00e9 proti vlhkosti a dob\u0159e zvl\u00e1d\u00e1 st\u0159\u00edd\u00e1n\u00ed teplot. Je tvarov\u011b i barevn\u011b st\u00e1l\u00e9.<\/p>\n<p><img src=\"https:\/\/anderskafka.cz\/eshop\/wp-content\/uploads\/sites\/3\/2024\/06\/Anderskafka-objednate-relaxujete-PC.jpg\" \/><\/p>\n<p>Spole\u010dnost Anders&amp;Kafka V\u00e1m tak\u00e9 nab\u00edz\u00ed dod\u00e1n\u00ed t\u00e9to sauny<strong> v\u010detn\u011b dovozu, mont\u00e1\u017ee a instalace. <\/strong>V p\u0159\u00edpad\u011b dod\u00e1vky sauny s mont\u00e1\u017e\u00ed do rodinn\u00e9ho domu, kde celkov\u00e1 podlahov\u00e1 plocha nep\u0159es\u00e1hne 350m<sup>2 \u00a0<\/sup>nebo bytu, kde celkov\u00e1 podlahov\u00e1 plocha nep\u0159es\u00e1hne 120m<sup>2 <\/sup>dle \u00a0\u00a748a, odst. 1 Z\u00e1kona o DPH a \u00a7121, odst. 1 z\u00e1kona \u010d. 40\/1964 Sb. Ob\u010dansk\u00e9ho z\u00e1kon\u00edku, \u00a0se pak bude aplikovat DPH pouze ve v\u00fd\u0161i 12%.<\/p>\n<p style=\"font-size: 16px;font-style: normal;font-weight: 400\"><strong style=\"font-weight: 400\">Cena dopravy<\/strong>,<strong style=\"font-weight: 400\">\u00a0mont\u00e1\u017ee a instalace<\/strong> bude stanovena na z\u00e1klad\u011b vzd\u00e1lenosti z Miro\u0161ovic do m\u00edsta mont\u00e1\u017ee. Kontaktujte n\u00e1s na emailu office@anderskafka.cz.<\/p>\n<p><strong>Objedn\u00e1te, dovezeme, smontujeme, zapoj\u00edme, uklid\u00edme a po p\u00e1r hodin\u00e1ch se ji\u017e saunujete.<\/strong><\/p>\n","protected":false},"excerpt":{"rendered":"<p>Voln\u011b stoj\u00edc\u00ed sauna ve dvou velikostech pro a\u017e 2 &#8211; 3 resp. 5 &#8211; 6 sed\u00edc\u00edch osob vyroben\u00e1 z masivn\u00edho skandin\u00e1vsk\u00e9ho smrku o tlou\u0161\u0165ce 34 mm. Interi\u00e9rov\u00e9 vybaven\u00ed z kvalitn\u00edho osikov\u00e9ho d\u0159eva a jednodu\u0161e ovladateln\u00e9 technologie. Celoprosklen\u00e1 \u010deln\u00ed plocha a bezr\u00e1mov\u00e9 dve\u0159e z 8 mm kalen\u00e9ho skla dod\u00e1vaj\u00ed saun\u011b vzdu\u0161nost. Kompaktn\u00ed rozm\u011bry ji \u010din\u00ed ide\u00e1ln\u00ed i pro men\u0161\u00ed interi\u00e9ry.<\/p>\n<p>&nbsp;<\/p>\n<p><button class=\"button poptavka\" style=\"border-radius: 3px; padding: 12px 24px; font-weight: 400; font-size: 14px; letter-spacing: 1px; background-color: #f96d3b; color: #fff; border: none; cursor: pointer;\" aria-label=\"Otev\u0159\u00edt\"> M\u00e1m z\u00e1jem o tento produkt <\/button><\/p>\n<p>&nbsp;<\/p>\n","protected":false},"featured_media":11872,"comment_status":"open","ping_status":"closed","template":"","meta":{"site-sidebar-layout":"default","site-content-layout":"default","ast-main-header-display":"","ast-hfb-above-header-display":"","ast-hfb-below-header-display":"","ast-hfb-mobile-header-display":"","site-post-title":"","ast-breadcrumbs-content":"","ast-featured-img":"","footer-sml-layout":"","theme-transparent-header-meta":"","adv-header-id-meta":"","stick-header-meta":"","header-above-stick-meta":"","header-main-stick-meta":"","header-below-stick-meta":""},"location":[],"product_cat":[1460,1133,546],"product_tag":[1454],"yoast_head":"<!-- This site is optimized with the Yoast SEO plugin v18.5.1 - https:\/\/yoast.com\/wordpress\/plugins\/seo\/ -->\n<title>Interi\u00e9rov\u00e1 finsk\u00e1\/bio sauna IRRA - velikost S\/L - Anders &amp; Kafka E-SHOP<\/title>\n<meta name=\"description\" content=\"Voln\u011b stoj\u00edc\u00ed sauna ve dvou velikostech pro a\u017e 2 - 3 resp. 5 - 6 sed\u00edc\u00edch osob vyroben\u00e1 z masivn\u00edho skandin\u00e1vsk\u00e9ho smrku o tlou\u0161\u0165ce 34 mm. Interi\u00e9rov\u00e9 vybaven\u00ed z kvalitn\u00edho osikov\u00e9ho d\u0159eva a jednodu\u0161e ovladateln\u00e9 technologie. Celoprosklen\u00e1 \u010deln\u00ed plocha a bezr\u00e1mov\u00e9 dve\u0159e z 8 mm kalen\u00e9ho skla dod\u00e1vaj\u00ed saun\u011b vzdu\u0161nost. Kompaktn\u00ed rozm\u011bry ji \u010din\u00ed ide\u00e1ln\u00ed i pro men\u0161\u00ed interi\u00e9ry.  &nbsp;   M\u00e1m z\u00e1jem o tento produkt   &nbsp;\" \/>\n<meta name=\"robots\" content=\"index, follow, max-snippet:-1, max-image-preview:large, max-video-preview:-1\" \/>\n<link rel=\"canonical\" href=\"https:\/\/anderskafka.cz\/eshop\/produkt\/interierova-finska-sauna-irra-sl\/\" \/>\n<meta property=\"og:locale\" content=\"cs_CZ\" \/>\n<meta property=\"og:type\" content=\"article\" \/>\n<meta property=\"og:title\" content=\"Interi\u00e9rov\u00e1 finsk\u00e1\/bio sauna IRRA - velikost S\/L - Anders &amp; Kafka E-SHOP\" \/>\n<meta property=\"og:description\" content=\"Voln\u011b stoj\u00edc\u00ed sauna ve dvou velikostech pro a\u017e 2 - 3 resp. 5 - 6 sed\u00edc\u00edch osob vyroben\u00e1 z masivn\u00edho skandin\u00e1vsk\u00e9ho smrku o tlou\u0161\u0165ce 34 mm. Interi\u00e9rov\u00e9 vybaven\u00ed z kvalitn\u00edho osikov\u00e9ho d\u0159eva a jednodu\u0161e ovladateln\u00e9 technologie. Celoprosklen\u00e1 \u010deln\u00ed plocha a bezr\u00e1mov\u00e9 dve\u0159e z 8 mm kalen\u00e9ho skla dod\u00e1vaj\u00ed saun\u011b vzdu\u0161nost. Kompaktn\u00ed rozm\u011bry ji \u010din\u00ed ide\u00e1ln\u00ed i pro men\u0161\u00ed interi\u00e9ry.  &nbsp;   M\u00e1m z\u00e1jem o tento produkt   &nbsp;\" \/>\n<meta property=\"og:url\" content=\"https:\/\/anderskafka.cz\/eshop\/produkt\/interierova-finska-sauna-irra-sl\/\" \/>\n<meta property=\"og:site_name\" content=\"Anders &amp; Kafka E-SHOP\" \/>\n<meta property=\"article:modified_time\" content=\"2026-04-02T16:10:35+00:00\" \/>\n<meta name=\"twitter:card\" content=\"summary_large_image\" \/>\n<meta name=\"twitter:image\" content=\"https:\/\/anderskafka.cz\/eshop\/wp-content\/uploads\/sites\/3\/2025\/09\/IRRA-L-Titel-1.webp\" \/>\n<meta name=\"twitter:label1\" content=\"Odhadovan\u00e1 doba \u010dten\u00ed\" \/>\n\t<meta name=\"twitter:data1\" content=\"4 minuty\" \/>\n<script type=\"application\/ld+json\" class=\"yoast-schema-graph\">{\"@context\":\"https:\/\/schema.org\",\"@graph\":[{\"@type\":\"WebSite\",\"@id\":\"https:\/\/anderskafka.cz\/eshop\/#website\",\"url\":\"https:\/\/anderskafka.cz\/eshop\/\",\"name\":\"Anders &amp; Kafka E-SHOP\",\"description\":\"Anders &amp; Kafka E-SHOP\",\"potentialAction\":[{\"@type\":\"SearchAction\",\"target\":{\"@type\":\"EntryPoint\",\"urlTemplate\":\"https:\/\/anderskafka.cz\/eshop\/?s={search_term_string}\"},\"query-input\":\"required name=search_term_string\"}],\"inLanguage\":\"cs\"},{\"@type\":\"ImageObject\",\"@id\":\"https:\/\/anderskafka.cz\/eshop\/produkt\/interierova-finska-sauna-irra-sl\/#primaryimage\",\"inLanguage\":\"cs\",\"url\":\"https:\/\/anderskafka.cz\/eshop\/wp-content\/uploads\/sites\/3\/2025\/09\/IRRA-L-Titel-1.webp\",\"contentUrl\":\"https:\/\/anderskafka.cz\/eshop\/wp-content\/uploads\/sites\/3\/2025\/09\/IRRA-L-Titel-1.webp\",\"width\":2000,\"height\":2000},{\"@type\":\"WebPage\",\"@id\":\"https:\/\/anderskafka.cz\/eshop\/produkt\/interierova-finska-sauna-irra-sl\/#webpage\",\"url\":\"https:\/\/anderskafka.cz\/eshop\/produkt\/interierova-finska-sauna-irra-sl\/\",\"name\":\"Interi\u00e9rov\u00e1 finsk\u00e1\/bio sauna IRRA - velikost S\/L - Anders &amp; Kafka E-SHOP\",\"isPartOf\":{\"@id\":\"https:\/\/anderskafka.cz\/eshop\/#website\"},\"primaryImageOfPage\":{\"@id\":\"https:\/\/anderskafka.cz\/eshop\/produkt\/interierova-finska-sauna-irra-sl\/#primaryimage\"},\"datePublished\":\"2025-09-21T11:05:51+00:00\",\"dateModified\":\"2026-04-02T16:10:35+00:00\",\"description\":\"Voln\u011b stoj\u00edc\u00ed sauna ve dvou velikostech pro a\u017e 2 - 3 resp. 5 - 6 sed\u00edc\u00edch osob vyroben\u00e1 z masivn\u00edho skandin\u00e1vsk\u00e9ho smrku o tlou\u0161\u0165ce 34 mm. Interi\u00e9rov\u00e9 vybaven\u00ed z kvalitn\u00edho osikov\u00e9ho d\u0159eva a jednodu\u0161e ovladateln\u00e9 technologie. Celoprosklen\u00e1 \u010deln\u00ed plocha a bezr\u00e1mov\u00e9 dve\u0159e z 8 mm kalen\u00e9ho skla dod\u00e1vaj\u00ed saun\u011b vzdu\u0161nost. Kompaktn\u00ed rozm\u011bry ji \u010din\u00ed ide\u00e1ln\u00ed i pro men\u0161\u00ed interi\u00e9ry. &nbsp; M\u00e1m z\u00e1jem o tento produkt &nbsp;\",\"breadcrumb\":{\"@id\":\"https:\/\/anderskafka.cz\/eshop\/produkt\/interierova-finska-sauna-irra-sl\/#breadcrumb\"},\"inLanguage\":\"cs\",\"potentialAction\":[{\"@type\":\"ReadAction\",\"target\":[\"https:\/\/anderskafka.cz\/eshop\/produkt\/interierova-finska-sauna-irra-sl\/\"]}]},{\"@type\":\"BreadcrumbList\",\"@id\":\"https:\/\/anderskafka.cz\/eshop\/produkt\/interierova-finska-sauna-irra-sl\/#breadcrumb\",\"itemListElement\":[{\"@type\":\"ListItem\",\"position\":1,\"name\":\"Obchod\",\"item\":\"https:\/\/anderskafka.cz\/eshop\/obchod\/\"},{\"@type\":\"ListItem\",\"position\":2,\"name\":\"Interi\u00e9rov\u00e1 finsk\u00e1\/bio sauna IRRA &#8211; velikost S\/L\"}]}]}<\/script>\n<!-- \/ Yoast SEO plugin. -->","yoast_head_json":{"title":"Interi\u00e9rov\u00e1 finsk\u00e1\/bio sauna IRRA - velikost S\/L - Anders &amp; Kafka E-SHOP","description":"Voln\u011b stoj\u00edc\u00ed sauna ve dvou velikostech pro a\u017e 2 - 3 resp. 5 - 6 sed\u00edc\u00edch osob vyroben\u00e1 z masivn\u00edho skandin\u00e1vsk\u00e9ho smrku o tlou\u0161\u0165ce 34 mm. Interi\u00e9rov\u00e9 vybaven\u00ed z kvalitn\u00edho osikov\u00e9ho d\u0159eva a jednodu\u0161e ovladateln\u00e9 technologie. Celoprosklen\u00e1 \u010deln\u00ed plocha a bezr\u00e1mov\u00e9 dve\u0159e z 8 mm kalen\u00e9ho skla dod\u00e1vaj\u00ed saun\u011b vzdu\u0161nost. Kompaktn\u00ed rozm\u011bry ji \u010din\u00ed ide\u00e1ln\u00ed i pro men\u0161\u00ed interi\u00e9ry.  &nbsp;   M\u00e1m z\u00e1jem o tento produkt   &nbsp;","robots":{"index":"index","follow":"follow","max-snippet":"max-snippet:-1","max-image-preview":"max-image-preview:large","max-video-preview":"max-video-preview:-1"},"canonical":"https:\/\/anderskafka.cz\/eshop\/produkt\/interierova-finska-sauna-irra-sl\/","og_locale":"cs_CZ","og_type":"article","og_title":"Interi\u00e9rov\u00e1 finsk\u00e1\/bio sauna IRRA - velikost S\/L - Anders &amp; Kafka E-SHOP","og_description":"Voln\u011b stoj\u00edc\u00ed sauna ve dvou velikostech pro a\u017e 2 - 3 resp. 5 - 6 sed\u00edc\u00edch osob vyroben\u00e1 z masivn\u00edho skandin\u00e1vsk\u00e9ho smrku o tlou\u0161\u0165ce 34 mm. Interi\u00e9rov\u00e9 vybaven\u00ed z kvalitn\u00edho osikov\u00e9ho d\u0159eva a jednodu\u0161e ovladateln\u00e9 technologie. Celoprosklen\u00e1 \u010deln\u00ed plocha a bezr\u00e1mov\u00e9 dve\u0159e z 8 mm kalen\u00e9ho skla dod\u00e1vaj\u00ed saun\u011b vzdu\u0161nost. Kompaktn\u00ed rozm\u011bry ji \u010din\u00ed ide\u00e1ln\u00ed i pro men\u0161\u00ed interi\u00e9ry.  &nbsp;   M\u00e1m z\u00e1jem o tento produkt   &nbsp;","og_url":"https:\/\/anderskafka.cz\/eshop\/produkt\/interierova-finska-sauna-irra-sl\/","og_site_name":"Anders &amp; Kafka E-SHOP","article_modified_time":"2026-04-02T16:10:35+00:00","twitter_card":"summary_large_image","twitter_image":"https:\/\/anderskafka.cz\/eshop\/wp-content\/uploads\/sites\/3\/2025\/09\/IRRA-L-Titel-1.webp","twitter_misc":{"Odhadovan\u00e1 doba \u010dten\u00ed":"4 minuty"},"schema":{"@context":"https:\/\/schema.org","@graph":[{"@type":"WebSite","@id":"https:\/\/anderskafka.cz\/eshop\/#website","url":"https:\/\/anderskafka.cz\/eshop\/","name":"Anders &amp; Kafka E-SHOP","description":"Anders &amp; Kafka E-SHOP","potentialAction":[{"@type":"SearchAction","target":{"@type":"EntryPoint","urlTemplate":"https:\/\/anderskafka.cz\/eshop\/?s={search_term_string}"},"query-input":"required name=search_term_string"}],"inLanguage":"cs"},{"@type":"ImageObject","@id":"https:\/\/anderskafka.cz\/eshop\/produkt\/interierova-finska-sauna-irra-sl\/#primaryimage","inLanguage":"cs","url":"https:\/\/anderskafka.cz\/eshop\/wp-content\/uploads\/sites\/3\/2025\/09\/IRRA-L-Titel-1.webp","contentUrl":"https:\/\/anderskafka.cz\/eshop\/wp-content\/uploads\/sites\/3\/2025\/09\/IRRA-L-Titel-1.webp","width":2000,"height":2000},{"@type":"WebPage","@id":"https:\/\/anderskafka.cz\/eshop\/produkt\/interierova-finska-sauna-irra-sl\/#webpage","url":"https:\/\/anderskafka.cz\/eshop\/produkt\/interierova-finska-sauna-irra-sl\/","name":"Interi\u00e9rov\u00e1 finsk\u00e1\/bio sauna IRRA - velikost S\/L - Anders &amp; Kafka E-SHOP","isPartOf":{"@id":"https:\/\/anderskafka.cz\/eshop\/#website"},"primaryImageOfPage":{"@id":"https:\/\/anderskafka.cz\/eshop\/produkt\/interierova-finska-sauna-irra-sl\/#primaryimage"},"datePublished":"2025-09-21T11:05:51+00:00","dateModified":"2026-04-02T16:10:35+00:00","description":"Voln\u011b stoj\u00edc\u00ed sauna ve dvou velikostech pro a\u017e 2 - 3 resp. 5 - 6 sed\u00edc\u00edch osob vyroben\u00e1 z masivn\u00edho skandin\u00e1vsk\u00e9ho smrku o tlou\u0161\u0165ce 34 mm. Interi\u00e9rov\u00e9 vybaven\u00ed z kvalitn\u00edho osikov\u00e9ho d\u0159eva a jednodu\u0161e ovladateln\u00e9 technologie. Celoprosklen\u00e1 \u010deln\u00ed plocha a bezr\u00e1mov\u00e9 dve\u0159e z 8 mm kalen\u00e9ho skla dod\u00e1vaj\u00ed saun\u011b vzdu\u0161nost. Kompaktn\u00ed rozm\u011bry ji \u010din\u00ed ide\u00e1ln\u00ed i pro men\u0161\u00ed interi\u00e9ry. &nbsp; M\u00e1m z\u00e1jem o tento produkt &nbsp;","breadcrumb":{"@id":"https:\/\/anderskafka.cz\/eshop\/produkt\/interierova-finska-sauna-irra-sl\/#breadcrumb"},"inLanguage":"cs","potentialAction":[{"@type":"ReadAction","target":["https:\/\/anderskafka.cz\/eshop\/produkt\/interierova-finska-sauna-irra-sl\/"]}]},{"@type":"BreadcrumbList","@id":"https:\/\/anderskafka.cz\/eshop\/produkt\/interierova-finska-sauna-irra-sl\/#breadcrumb","itemListElement":[{"@type":"ListItem","position":1,"name":"Obchod","item":"https:\/\/anderskafka.cz\/eshop\/obchod\/"},{"@type":"ListItem","position":2,"name":"Interi\u00e9rov\u00e1 finsk\u00e1\/bio sauna IRRA &#8211; velikost S\/L"}]}]}},"locations":[],"_links":{"self":[{"href":"https:\/\/anderskafka.cz\/eshop\/wp-json\/wp\/v2\/product\/11854"}],"collection":[{"href":"https:\/\/anderskafka.cz\/eshop\/wp-json\/wp\/v2\/product"}],"about":[{"href":"https:\/\/anderskafka.cz\/eshop\/wp-json\/wp\/v2\/types\/product"}],"replies":[{"embeddable":true,"href":"https:\/\/anderskafka.cz\/eshop\/wp-json\/wp\/v2\/comments?post=11854"}],"wp:featuredmedia":[{"embeddable":true,"href":"https:\/\/anderskafka.cz\/eshop\/wp-json\/wp\/v2\/media\/11872"}],"wp:attachment":[{"href":"https:\/\/anderskafka.cz\/eshop\/wp-json\/wp\/v2\/media?parent=11854"}],"wp:term":[{"taxonomy":"location","embeddable":true,"href":"https:\/\/anderskafka.cz\/eshop\/wp-json\/wp\/v2\/location?post=11854"},{"taxonomy":"product_cat","embeddable":true,"href":"https:\/\/anderskafka.cz\/eshop\/wp-json\/wp\/v2\/product_cat?post=11854"},{"taxonomy":"product_tag","embeddable":true,"href":"https:\/\/anderskafka.cz\/eshop\/wp-json\/wp\/v2\/product_tag?post=11854"}],"curies":[{"name":"wp","href":"https:\/\/api.w.org\/{rel}","templated":true}]}}