{"id":11974,"date":"2025-09-26T18:36:03","date_gmt":"2025-09-26T16:36:03","guid":{"rendered":"https:\/\/anderskafka.cz\/eshop\/?post_type=product&#038;p=11974"},"modified":"2026-03-24T15:11:22","modified_gmt":"2026-03-24T14:11:22","slug":"exterierova-sauna-z-thermowood-kaia","status":"publish","type":"product","link":"https:\/\/anderskafka.cz\/eshop\/produkt\/exterierova-sauna-z-thermowood-kaia\/","title":{"rendered":"Exteri\u00e9rov\u00e1 sauna z Thermowood \u2013 KAIA"},"content":{"rendered":"<p><strong>Vn\u011bj\u0161\u00ed rozm\u011bry sauny:<\/strong> \u0161\u00ed\u0159ka 194 cm, hloubka 251 cm a v\u00fd\u0161ka 248 cm. <strong>V\u00e1ha sauny:<\/strong> 790 kg<\/p>\n<p>&nbsp;<\/p>\n<h4><strong>AUROOM<\/strong><\/h4>\n<p><span style=\"font-size: 16px;font-style: normal;font-weight: 400\"><span style=\"font-size: 16px;font-style: normal;font-weight: 400\">Auroom \u00a0je loty\u0161sk\u00e1 spole\u010dnost inspirovan\u00e1 p\u0159\u00edrodou a tradicemi baltsk\u00e9 sauny, jej\u00ed\u017e v\u00fdrobky vytv\u00e1\u0159\u00ed p\u0159\u00edle\u017eitost pro jedine\u010dn\u00fd wellness z\u00e1\u017eitek. Jde o zodpov\u011bdn\u011b zpracovan\u00fd p\u0159\u00edrodn\u00ed materi\u00e1l, kter\u00fd zt\u011bles\u0148uje kvalitu, estetiku a design severn\u00ed Evropy.<\/span><\/span><\/p>\n<p>&nbsp;<\/p>\n<h4><strong>Rozsah doda\u0301vky:<\/strong><\/h4>\n<p><span style=\"font-size: 16px;font-style: normal;font-weight: 400\">Kompaktn\u00ed exteri\u00e9rov\u00e1 sauna je<\/span>\u00a0vyrobeny z kvalitn\u00edho seversk\u00e9ho smrku upraven\u00e9 metodou <strong>ThermoWood<\/strong>\u00ae. Bez jak\u00fdchkoliv \u00faprav by takov\u00e9 d\u0159evo m\u011blo v perfektn\u00edm stavu vydr\u017eet <strong>minim\u00e1ln\u011b 20 let<\/strong>. B\u011bhem \u010dasu se na n\u011bm vytvo\u0159\u00ed pouze \u0161ed\u00e1 patina, kter\u00e1 v\u0161ak nem\u00e1 na jeho vlastnosti vliv. Pokud se v\u00e1m patina nel\u00edb\u00ed, d\u00e1 se j\u00ed zabr\u00e1nit pou\u017eit\u00edm oleje nebo vosku.<\/p>\n<ul>\n<li>Vhodn\u00e9 a\u017e pro 4 osoby<\/li>\n<li>St\u011bny z Thermowoodu &#8211; 40 mm<\/li>\n<li>Dv\u011b saunov\u00e9 lavice z thermoosiky o velikosti 173 cm x 48 cm<\/li>\n<li>Sch\u016fdek o velikosti 64 cm x 40 cm x 21 cm<\/li>\n<li>Dve\u0159e z tvrzen\u00e9ho skla (8 mm) v hlin\u00edkov\u00e9m r\u00e1mu<\/li>\n<\/ul>\n<p>&nbsp;<\/p>\n<h4><strong>ThermoWood\u00ae<\/strong><\/h4>\n<p>Tato technologie \u00fapravy d\u0159eva <strong>\u00a0<\/strong>poch\u00e1z\u00ed z Finska. Jde o jednoduch\u00fd a naprosto ekologick\u00fd zp\u016fsob, jak p\u0159ipravit evropsk\u00e9 d\u0159evo tak, aby m\u011blo vlastnosti srovnateln\u00e9 se vz\u00e1cn\u00fdmi exotick\u00fdmi d\u0159evinami.<\/p>\n<p>Spo\u010d\u00edv\u00e1 v tom, \u017ee se ka\u017ed\u00fd jednotliv\u00fd kus tepeln\u011b uprav\u00ed horkem a p\u00e1rou p\u0159i teplot\u011b 180 \u2013 220\u00b0C, d\u00edky \u010demu\u017e z\u00edsk\u00e1 nov\u00e9 fyzik\u00e1ln\u00ed a mechanick\u00e9 vlastnosti \u2013 zcela bez chemik\u00e1li\u00ed. Ze d\u0159eva se t\u00edmto vypud\u00ed prysky\u0159ice a zm\u011bn\u00ed se jeho bun\u011b\u010dn\u00e1 struktura, co\u017e vede ke:<\/p>\n<ul>\n<li>sn\u00ed\u017een\u00e9 nas\u00e1kavosti (je velmi odoln\u00e9 v\u016f\u010di okoln\u00ed vlhkosti)<\/li>\n<li>sn\u00ed\u017een\u00e9 vodivosti (hod\u00ed se tak na saunov\u00e9 obklady a lavice, jeliko\u017e se tolik nerozpaluje)<\/li>\n<li>st\u00e1losti (d\u00e1le se nem\u011bn\u00ed, nepracuje, nekrout\u00ed se)<\/li>\n<li>suchosti (jeho vlhkost se permanentn\u011b sn\u00ed\u017e\u00ed na cca 5%)<\/li>\n<li>odolnosti v\u016f\u010di \u0161k\u016fdc\u016fm (neobsahuje l\u00e1tky, kter\u00fdmi se \u017eiv\u00ed d\u0159evokazn\u00e9 houby \u010di hmyz)<\/li>\n<li>lehkosti<\/li>\n<li>tmav\u0161\u00edmu, luxusn\u011bj\u0161\u00edmu vzhledu<\/li>\n<\/ul>\n<p>Bez jak\u00fdchkoliv \u00faprav by takov\u00e9 d\u0159evo m\u011blo v perfektn\u00edm stavu vydr\u017eet minim\u00e1ln\u011b 20 let. B\u011bhem \u010dasu se na n\u011bm vytvo\u0159\u00ed pouze \u0161ed\u00e1 patina, kter\u00e1 v\u0161ak nem\u00e1 na jeho vlastnosti vliv. Pokud se v\u00e1m patina nel\u00edb\u00ed, d\u00e1 se j\u00ed zabr\u00e1nit pou\u017eit\u00edm oleje nebo vosku. D\u0159ev\u011bn\u00e9 z\u00e1kladov\u00e9 nosn\u00edky a r\u00e1m prosklen\u00e9 p\u0159edn\u00ed st\u011bny doporu\u010dujeme v\u017edy o\u0161et\u0159it n\u00e1t\u011brem.<\/p>\n<p>&nbsp;<\/p>\n<h4><strong>Zp\u016fsob vyt\u00e1p\u011bn\u00ed:<\/strong><\/h4>\n<p>Pro <strong>vyt\u00e1p\u011bn\u00ed a ovl\u00e1d\u00e1n\u00ed<\/strong> t\u00e9to sauny m\u016f\u017eete zvolit bu\u010f kamna na d\u0159evo nebo elektrick\u00e9 saunov\u00e9 topidlo. V p\u0159\u00edpad\u011b, \u017ee si vyberete elektrick\u00e9 saunov\u00e9 topidlo, pak si m\u016f\u017eete vybrat z n\u00e1sleduj\u00edc\u00edch \u0159e\u0161en\u00ed:<\/p>\n<ol>\n<li>V p\u0159\u00edpad\u011b, \u017ee budete cht\u00edt vyu\u017e\u00edt <strong>pouze<\/strong> tradi\u010dn\u00ed zp\u016fsob saunov\u00e1n\u00ed suchou cestou, kter\u00fd je charakteristick\u00fd vysok\u00fdmi teplotami 80 \u2013 110\u00b0C a n\u00edzkou vlhkost\u00ed v saun\u011b cca 5 \u2013 20%, s mo\u017enost\u00ed pol\u00e9v\u00e1n\u00ed saunov\u00fdch kamen\u016f, zvolte topidlo pro Finskou saunu. Zde se m\u016f\u017eete rozhodnout, zda pro V\u00e1s bude dostate\u010dn\u00e9 ovl\u00e1d\u00e1n\u00ed na pl\u00e1\u0161ti topidla, kter\u00e9 je um\u00edst\u011bno v doln\u00ed \u010d\u00e1sti topidla nebo zvol\u00edte topidlo pro Finskou saunu s extern\u00edm ovl\u00e1d\u00e1n\u00edm, kde extern\u00ed ovl\u00e1dac\u00ed panel bude um\u00edst\u011bn vn\u011b nebo uvnit\u0159 sauny v pohodln\u00e9 v\u00fd\u0161ce, dokonce s mo\u017enost\u00ed ovl\u00e1d\u00e1n\u00ed pomoc\u00ed chytr\u00e9 aplikace z mobiln\u00edho za\u0159\u00edzen\u00ed.<\/li>\n<li>Pokud je pro V\u00e1s p\u0159\u00edjemn\u011bj\u0161\u00ed zp\u016fsob saunov\u00e1n\u00ed, kter\u00fd vyu\u017e\u00edv\u00e1 ni\u017e\u0161\u00ed teplotu cca 65\u00b0C a vy\u0161\u0161\u00ed vlhkost vzduchu v saun\u011b cca 30 \u2013 50%, zvolte topidlo pro Bio saunu. Toto klima v saun\u011b se vytvo\u0159\u00ed pomoc\u00ed saunov\u00e9ho topidla, jeho\u017e ned\u00edlnou sou\u010d\u00e1st\u00ed je saunov\u00fd v\u00fdparn\u00edk. N\u00e1mi dod\u00e1van\u00e9 ovl\u00e1d\u00e1n\u00ed saunov\u00fdch kamen s v\u00fdparn\u00edkem umo\u017e\u0148uje volbu re\u017eimu bio sauny nebo re\u017eimu finsk\u00e9 sauny jednoduch\u00fdm p\u0159epnut\u00edm na extern\u00edm ovl\u00e1dac\u00edm panelu. Nebo pomoc\u00ed mobiln\u00ed aplikace, pokud si extern\u00ed ovl\u00e1d\u00e1n\u00ed roz\u0161\u00ed\u0159\u00edte o tuto mo\u017enost.<\/li>\n<\/ol>\n<p>P\u0159i pou\u017eit\u00ed saunov\u00fdch vonn\u00fdch esenc\u00ed snadno vytvo\u0159\u00edte aroma saunu.<\/p>\n<p>&nbsp;<\/p>\n<h4><strong>Elektrick\u00e9 zapojen\u00ed a um\u00edst\u011bn\u00ed sauny:<\/strong><\/h4>\n<p>Pro\u00a0<strong>elektrick\u00e9 zapojen\u00ed sauny<\/strong> v p\u0159\u00edpad\u011b volby elektrick\u00e9ho topidla je \u00a0pot\u0159eba m\u00edt v prostoru instalace sauny kabel CYKY 5 x 2,5mm, \u00a0min. d\u00e9lky 3 metr\u016f od pl\u00e1novan\u00e9ho um\u00edst\u011bn\u00ed zadn\u00ed st\u011bny sauny, s nap\u00e1jen\u00edm 380 V, jisti\u010d \u00a0min. 3x16A a samostatn\u00fd proudov\u00fd chr\u00e1ni\u010d pro saunu 30 mA. V p\u0159\u00edpad\u011b pou\u017eit\u00ed topidla na d\u0159evo nebo budete cht\u00edt saunu pouze osv\u011btlit, zvolte kabel CYKY 3 x 1,5mm, \u00a0min. d\u00e9lky 3 metr\u016f od pl\u00e1novan\u00e9ho um\u00edst\u011bn\u00ed zadn\u00ed st\u011bny sauny, s nap\u00e1jen\u00edm 230 V, jisti\u010dem min. 1x16A a samostatn\u00fdm proudov\u00fdm chr\u00e1ni\u010dem pro saunu 30 mA.<\/p>\n<p>Pro\u00a0<b>um\u00edst\u011bn\u00ed<\/b>\u00a0sauny je nutn\u00e9 zajistit voln\u00fd prostor min. 0,6 m od nejbli\u017e\u0161\u00ed p\u0159ek\u00e1\u017eky. Je d\u016fle\u017eit\u00e9, aby plocha, na kter\u00e9 bude sauna um\u00edst\u011bna, byla \u00fanosn\u00e1 a vodorovn\u00e1\u00a0(nap\u0159. z\u00e1mkov\u00e1 dla\u017eba, d\u0159ev\u011bn\u00e1 konstrukce\/terasa, \u0161t\u011brkov\u00e9 lo\u017ee nebo betonov\u00e9 dla\u017edice).<\/p>\n<p><img loading=\"lazy\" class=\"alignnone wp-image-7559 size-full\" src=\"https:\/\/anderskafka.cz\/eshop\/wp-content\/uploads\/sites\/3\/2024\/06\/Anderskafka-objednate-relaxujete-PC.jpg\" alt=\"\" width=\"1920\" height=\"352\" srcset=\"https:\/\/anderskafka.cz\/eshop\/wp-content\/uploads\/sites\/3\/2024\/06\/Anderskafka-objednate-relaxujete-PC.jpg 1920w, https:\/\/anderskafka.cz\/eshop\/wp-content\/uploads\/sites\/3\/2024\/06\/Anderskafka-objednate-relaxujete-PC-300x55.jpg 300w, https:\/\/anderskafka.cz\/eshop\/wp-content\/uploads\/sites\/3\/2024\/06\/Anderskafka-objednate-relaxujete-PC-1024x188.jpg 1024w, https:\/\/anderskafka.cz\/eshop\/wp-content\/uploads\/sites\/3\/2024\/06\/Anderskafka-objednate-relaxujete-PC-768x141.jpg 768w, https:\/\/anderskafka.cz\/eshop\/wp-content\/uploads\/sites\/3\/2024\/06\/Anderskafka-objednate-relaxujete-PC-1536x282.jpg 1536w, https:\/\/anderskafka.cz\/eshop\/wp-content\/uploads\/sites\/3\/2024\/06\/Anderskafka-objednate-relaxujete-PC-700x128.jpg 700w, https:\/\/anderskafka.cz\/eshop\/wp-content\/uploads\/sites\/3\/2024\/06\/Anderskafka-objednate-relaxujete-PC-64x12.jpg 64w\" sizes=\"(max-width: 1920px) 100vw, 1920px\" \/><\/p>\n<p>Spole\u010dnost Anders&amp;Kafka V\u00e1m tak\u00e9 nab\u00edz\u00ed dod\u00e1n\u00ed t\u00e9to sauny<strong> v\u010detn\u011b dovozu, mont\u00e1\u017ee a instalace. <\/strong>V p\u0159\u00edpad\u011b dod\u00e1vky sauny v\u010detn\u011b mont\u00e1\u017ee do<em>\u00a0<\/em>objektu\u00a0<em>ur\u010den\u00e9ho pro rodinn\u00e9 bydlen\u00ed<\/em>, kter\u00fd je p\u0159\u00edslu\u0161enstv\u00edm<em>\u00a0<\/em><em>domu,\u00a0<\/em><em>kde celkov\u00e1 podlahov\u00e1 plocha nep\u0159es\u00e1hne\u00a0<\/em>350m<sup>2<\/sup><em>\u00a0<\/em><em>nebo bytu, kde celkov\u00e1 podlahov\u00e1 plocha nep\u0159es\u00e1hne\u00a0<\/em>120m<sup>2<\/sup>, se pak bude aplikovat DPH pouze ve v\u00fd\u0161i 12%.<\/p>\n<p>&nbsp;<\/p>\n<div style=\"background: #E4E9E5;padding: 2.2em 3.2em;border-radius: 12px\">\n<h3><strong>DOPRAVA a MONT\u00c1\u017d od AndersKafka<\/strong><\/h3>\n<p>Tuto saunu V\u00e1m r\u00e1di nainstalujeme. <strong>Cena dopravy<\/strong>, <strong>mont\u00e1\u017ee a instalace <\/strong>bude stanovena na z\u00e1klad\u011b vzd\u00e1lenosti z Miro\u0161ovic do m\u00edsta mont\u00e1\u017ee. Kontaktujte n\u00e1s na emailu <strong><a href=\"mailto:office@anderskafka.cz\">office@anderskafka.cz<\/a><\/strong>. Po dohod\u011b nab\u00edz\u00edme tak\u00e9 <strong>nadstandardn\u00ed slu\u017eby <\/strong>v r\u00e1mci instalace sauny: stavebn\u00ed p\u0159ipravenost a tak\u00e9 elektroinstala\u010dn\u00ed pr\u00e1ce. <strong>S n\u00e1mi m\u00e1te v\u0161e bez starost\u00ed.<\/strong><\/p>\n<\/div>\n<p>&nbsp;<\/p>\n<div style=\"background: #D2DAD0;padding: 2.2em 3.2em;border-radius: 12px\">\n<h3><strong>VLASTN\u00cd MONT\u00c1\u017d<\/strong><\/h3>\n<p>Saunu si m\u016f\u017eete namontovat sv\u00e9pomoc\u00ed. Mont\u00e1\u017e sauny je jednoduch\u00e1 a pomoc\u00ed obr\u00e1zkov\u00e9ho n\u00e1vodu a z\u00e1kladn\u00edho n\u00e1\u0159ad\u00ed ji zvl\u00e1dnete smontovat sami.<\/p>\n<h5><strong>Doporu\u010den\u00fd podklad<\/strong><\/h5>\n<p>Jak ji\u017e bylo zm\u00edn\u011bno v\u00fd\u0161e, z\u00e1kladov\u00e9 tr\u00e1my doporu\u010dujeme um\u00edstit na zhutn\u011bn\u00fd ter\u00e9n, nejl\u00e9pe na betonov\u00e9 patky, dla\u017edice nebo \u0161t\u011brkov\u00e9 lo\u017ee.<\/p>\n<\/div>\n<p>&nbsp;<\/p>\n","protected":false},"excerpt":{"rendered":"<p><strong>Mimo\u0159\u00e1dn\u00e1 exteri\u00e9rov\u00e1 sauna<\/strong>\u00a0 pro 4 osoby s charakteristick\u00fdm kruhov\u00fdm oknem vn\u00e1\u0161\u00ed pocit klidu a elegance do jak\u00e9hokoliv venkovn\u00edho prostoru. Je navr\u017een\u00e1 pro celoro\u010dn\u00ed pou\u017eit\u00ed s minim\u00e1ln\u00ed \u00fadr\u017ebou, je perfektn\u00ed volbou pro ty, kte\u0159\u00ed si cen\u00ed modern\u00edho stylu a trval\u00e9ho v\u00fdkonu.<\/p>\n<p>&nbsp;<\/p>\n<h6><strong>THERMOWOOD<\/strong><\/h6>\n<p>Oproti klasick\u00e9 smrkov\u00e9 saun\u011b je zde velk\u00e1 v\u00fdhoda opracov\u00e1n\u00ed seversk\u00e9ho smrku metodou ThermoWood\u00ae. Tento materi\u00e1l p\u0159i s\u00edle 40 mm spolu s precizn\u00edm \u0159emesln\u00fdm zpracov\u00e1n\u00edm zajist\u00ed velice dlouhou \u017eivotnost v\u00fdrobku, nadstandartn\u00ed kvalitu a v\u00fdbornou izolaci. Sauna z thermowood je v\u00fdborn\u00e1 investice a stoj\u00ed to za p\u0159\u00edplatek.<\/p>\n<p><button class=\"button poptavka\" style=\"border-radius: 3px;padding: 12px 24px;font-weight: 400;font-size: 14px;letter-spacing: 1px;background-color: #f96d3b;color: #fff;border: none;cursor: pointer\" aria-label=\"Otev\u0159\u00edt\"> M\u00e1m z\u00e1jem o tento produkt <\/button><\/p>\n","protected":false},"featured_media":12026,"comment_status":"open","ping_status":"closed","template":"","meta":{"site-sidebar-layout":"default","site-content-layout":"default","ast-main-header-display":"","ast-hfb-above-header-display":"","ast-hfb-below-header-display":"","ast-hfb-mobile-header-display":"","site-post-title":"","ast-breadcrumbs-content":"","ast-featured-img":"","footer-sml-layout":"","theme-transparent-header-meta":"","adv-header-id-meta":"","stick-header-meta":"","header-above-stick-meta":"","header-main-stick-meta":"","header-below-stick-meta":""},"location":[],"product_cat":[1460,1133,1647,1336],"product_tag":[812],"yoast_head":"<!-- This site is optimized with the Yoast SEO plugin v18.5.1 - https:\/\/yoast.com\/wordpress\/plugins\/seo\/ -->\n<title>Exteri\u00e9rov\u00e1 sauna z Thermowood \u2013 KAIA - Anders &amp; Kafka E-SHOP<\/title>\n<meta name=\"description\" content=\"Mimo\u0159\u00e1dn\u00e1 exteri\u00e9rov\u00e1 sauna\u00a0 pro 4 osoby s charakteristick\u00fdm kruhov\u00fdm oknem vn\u00e1\u0161\u00ed pocit klidu a elegance do jak\u00e9hokoliv venkovn\u00edho prostoru. Je navr\u017een\u00e1 pro celoro\u010dn\u00ed pou\u017eit\u00ed s minim\u00e1ln\u00ed \u00fadr\u017ebou, je perfektn\u00ed volbou pro ty, kte\u0159\u00ed si cen\u00ed modern\u00edho stylu a trval\u00e9ho v\u00fdkonu.  &nbsp; THERMOWOOD Oproti klasick\u00e9 smrkov\u00e9 saun\u011b je zde velk\u00e1 v\u00fdhoda opracov\u00e1n\u00ed seversk\u00e9ho smrku metodou ThermoWood\u00ae. Tento materi\u00e1l p\u0159i s\u00edle 40 mm spolu s precizn\u00edm \u0159emesln\u00fdm zpracov\u00e1n\u00edm zajist\u00ed velice dlouhou \u017eivotnost v\u00fdrobku, nadstandartn\u00ed kvalitu a v\u00fdbornou izolaci. Sauna z thermowood je v\u00fdborn\u00e1 investice a stoj\u00ed to za p\u0159\u00edplatek.   M\u00e1m z\u00e1jem o tento produkt\" \/>\n<meta name=\"robots\" content=\"index, follow, max-snippet:-1, max-image-preview:large, max-video-preview:-1\" \/>\n<link rel=\"canonical\" href=\"https:\/\/anderskafka.cz\/eshop\/produkt\/exterierova-sauna-z-thermowood-kaia\/\" \/>\n<meta property=\"og:locale\" content=\"cs_CZ\" \/>\n<meta property=\"og:type\" content=\"article\" \/>\n<meta property=\"og:title\" content=\"Exteri\u00e9rov\u00e1 sauna z Thermowood \u2013 KAIA - Anders &amp; Kafka E-SHOP\" \/>\n<meta property=\"og:description\" content=\"Mimo\u0159\u00e1dn\u00e1 exteri\u00e9rov\u00e1 sauna\u00a0 pro 4 osoby s charakteristick\u00fdm kruhov\u00fdm oknem vn\u00e1\u0161\u00ed pocit klidu a elegance do jak\u00e9hokoliv venkovn\u00edho prostoru. Je navr\u017een\u00e1 pro celoro\u010dn\u00ed pou\u017eit\u00ed s minim\u00e1ln\u00ed \u00fadr\u017ebou, je perfektn\u00ed volbou pro ty, kte\u0159\u00ed si cen\u00ed modern\u00edho stylu a trval\u00e9ho v\u00fdkonu.  &nbsp; THERMOWOOD Oproti klasick\u00e9 smrkov\u00e9 saun\u011b je zde velk\u00e1 v\u00fdhoda opracov\u00e1n\u00ed seversk\u00e9ho smrku metodou ThermoWood\u00ae. Tento materi\u00e1l p\u0159i s\u00edle 40 mm spolu s precizn\u00edm \u0159emesln\u00fdm zpracov\u00e1n\u00edm zajist\u00ed velice dlouhou \u017eivotnost v\u00fdrobku, nadstandartn\u00ed kvalitu a v\u00fdbornou izolaci. Sauna z thermowood je v\u00fdborn\u00e1 investice a stoj\u00ed to za p\u0159\u00edplatek.   M\u00e1m z\u00e1jem o tento produkt\" \/>\n<meta property=\"og:url\" content=\"https:\/\/anderskafka.cz\/eshop\/produkt\/exterierova-sauna-z-thermowood-kaia\/\" \/>\n<meta property=\"og:site_name\" content=\"Anders &amp; Kafka E-SHOP\" \/>\n<meta property=\"article:modified_time\" content=\"2026-03-24T14:11:22+00:00\" \/>\n<meta name=\"twitter:card\" content=\"summary_large_image\" \/>\n<meta name=\"twitter:image\" content=\"https:\/\/anderskafka.cz\/eshop\/wp-content\/uploads\/sites\/3\/2025\/09\/KAIA-titel.webp\" \/>\n<meta name=\"twitter:label1\" content=\"Odhadovan\u00e1 doba \u010dten\u00ed\" \/>\n\t<meta name=\"twitter:data1\" content=\"5 minut\" \/>\n<script type=\"application\/ld+json\" class=\"yoast-schema-graph\">{\"@context\":\"https:\/\/schema.org\",\"@graph\":[{\"@type\":\"WebSite\",\"@id\":\"https:\/\/anderskafka.cz\/eshop\/#website\",\"url\":\"https:\/\/anderskafka.cz\/eshop\/\",\"name\":\"Anders &amp; Kafka E-SHOP\",\"description\":\"Anders &amp; Kafka E-SHOP\",\"potentialAction\":[{\"@type\":\"SearchAction\",\"target\":{\"@type\":\"EntryPoint\",\"urlTemplate\":\"https:\/\/anderskafka.cz\/eshop\/?s={search_term_string}\"},\"query-input\":\"required name=search_term_string\"}],\"inLanguage\":\"cs\"},{\"@type\":\"ImageObject\",\"@id\":\"https:\/\/anderskafka.cz\/eshop\/produkt\/exterierova-sauna-z-thermowood-kaia\/#primaryimage\",\"inLanguage\":\"cs\",\"url\":\"https:\/\/anderskafka.cz\/eshop\/wp-content\/uploads\/sites\/3\/2025\/09\/KAIA-titel.webp\",\"contentUrl\":\"https:\/\/anderskafka.cz\/eshop\/wp-content\/uploads\/sites\/3\/2025\/09\/KAIA-titel.webp\",\"width\":1100,\"height\":1100},{\"@type\":\"WebPage\",\"@id\":\"https:\/\/anderskafka.cz\/eshop\/produkt\/exterierova-sauna-z-thermowood-kaia\/#webpage\",\"url\":\"https:\/\/anderskafka.cz\/eshop\/produkt\/exterierova-sauna-z-thermowood-kaia\/\",\"name\":\"Exteri\u00e9rov\u00e1 sauna z Thermowood \u2013 KAIA - Anders &amp; Kafka E-SHOP\",\"isPartOf\":{\"@id\":\"https:\/\/anderskafka.cz\/eshop\/#website\"},\"primaryImageOfPage\":{\"@id\":\"https:\/\/anderskafka.cz\/eshop\/produkt\/exterierova-sauna-z-thermowood-kaia\/#primaryimage\"},\"datePublished\":\"2025-09-26T16:36:03+00:00\",\"dateModified\":\"2026-03-24T14:11:22+00:00\",\"description\":\"Mimo\u0159\u00e1dn\u00e1 exteri\u00e9rov\u00e1 sauna\u00a0 pro 4 osoby s charakteristick\u00fdm kruhov\u00fdm oknem vn\u00e1\u0161\u00ed pocit klidu a elegance do jak\u00e9hokoliv venkovn\u00edho prostoru. Je navr\u017een\u00e1 pro celoro\u010dn\u00ed pou\u017eit\u00ed s minim\u00e1ln\u00ed \u00fadr\u017ebou, je perfektn\u00ed volbou pro ty, kte\u0159\u00ed si cen\u00ed modern\u00edho stylu a trval\u00e9ho v\u00fdkonu. &nbsp; THERMOWOOD Oproti klasick\u00e9 smrkov\u00e9 saun\u011b je zde velk\u00e1 v\u00fdhoda opracov\u00e1n\u00ed seversk\u00e9ho smrku metodou ThermoWood\u00ae. Tento materi\u00e1l p\u0159i s\u00edle 40 mm spolu s precizn\u00edm \u0159emesln\u00fdm zpracov\u00e1n\u00edm zajist\u00ed velice dlouhou \u017eivotnost v\u00fdrobku, nadstandartn\u00ed kvalitu a v\u00fdbornou izolaci. Sauna z thermowood je v\u00fdborn\u00e1 investice a stoj\u00ed to za p\u0159\u00edplatek. M\u00e1m z\u00e1jem o tento produkt\",\"breadcrumb\":{\"@id\":\"https:\/\/anderskafka.cz\/eshop\/produkt\/exterierova-sauna-z-thermowood-kaia\/#breadcrumb\"},\"inLanguage\":\"cs\",\"potentialAction\":[{\"@type\":\"ReadAction\",\"target\":[\"https:\/\/anderskafka.cz\/eshop\/produkt\/exterierova-sauna-z-thermowood-kaia\/\"]}]},{\"@type\":\"BreadcrumbList\",\"@id\":\"https:\/\/anderskafka.cz\/eshop\/produkt\/exterierova-sauna-z-thermowood-kaia\/#breadcrumb\",\"itemListElement\":[{\"@type\":\"ListItem\",\"position\":1,\"name\":\"Obchod\",\"item\":\"https:\/\/anderskafka.cz\/eshop\/obchod\/\"},{\"@type\":\"ListItem\",\"position\":2,\"name\":\"Exteri\u00e9rov\u00e1 sauna z Thermowood \u2013 KAIA\"}]}]}<\/script>\n<!-- \/ Yoast SEO plugin. -->","yoast_head_json":{"title":"Exteri\u00e9rov\u00e1 sauna z Thermowood \u2013 KAIA - Anders &amp; Kafka E-SHOP","description":"Mimo\u0159\u00e1dn\u00e1 exteri\u00e9rov\u00e1 sauna\u00a0 pro 4 osoby s charakteristick\u00fdm kruhov\u00fdm oknem vn\u00e1\u0161\u00ed pocit klidu a elegance do jak\u00e9hokoliv venkovn\u00edho prostoru. Je navr\u017een\u00e1 pro celoro\u010dn\u00ed pou\u017eit\u00ed s minim\u00e1ln\u00ed \u00fadr\u017ebou, je perfektn\u00ed volbou pro ty, kte\u0159\u00ed si cen\u00ed modern\u00edho stylu a trval\u00e9ho v\u00fdkonu.  &nbsp; THERMOWOOD Oproti klasick\u00e9 smrkov\u00e9 saun\u011b je zde velk\u00e1 v\u00fdhoda opracov\u00e1n\u00ed seversk\u00e9ho smrku metodou ThermoWood\u00ae. Tento materi\u00e1l p\u0159i s\u00edle 40 mm spolu s precizn\u00edm \u0159emesln\u00fdm zpracov\u00e1n\u00edm zajist\u00ed velice dlouhou \u017eivotnost v\u00fdrobku, nadstandartn\u00ed kvalitu a v\u00fdbornou izolaci. Sauna z thermowood je v\u00fdborn\u00e1 investice a stoj\u00ed to za p\u0159\u00edplatek.   M\u00e1m z\u00e1jem o tento produkt","robots":{"index":"index","follow":"follow","max-snippet":"max-snippet:-1","max-image-preview":"max-image-preview:large","max-video-preview":"max-video-preview:-1"},"canonical":"https:\/\/anderskafka.cz\/eshop\/produkt\/exterierova-sauna-z-thermowood-kaia\/","og_locale":"cs_CZ","og_type":"article","og_title":"Exteri\u00e9rov\u00e1 sauna z Thermowood \u2013 KAIA - Anders &amp; Kafka E-SHOP","og_description":"Mimo\u0159\u00e1dn\u00e1 exteri\u00e9rov\u00e1 sauna\u00a0 pro 4 osoby s charakteristick\u00fdm kruhov\u00fdm oknem vn\u00e1\u0161\u00ed pocit klidu a elegance do jak\u00e9hokoliv venkovn\u00edho prostoru. Je navr\u017een\u00e1 pro celoro\u010dn\u00ed pou\u017eit\u00ed s minim\u00e1ln\u00ed \u00fadr\u017ebou, je perfektn\u00ed volbou pro ty, kte\u0159\u00ed si cen\u00ed modern\u00edho stylu a trval\u00e9ho v\u00fdkonu.  &nbsp; THERMOWOOD Oproti klasick\u00e9 smrkov\u00e9 saun\u011b je zde velk\u00e1 v\u00fdhoda opracov\u00e1n\u00ed seversk\u00e9ho smrku metodou ThermoWood\u00ae. Tento materi\u00e1l p\u0159i s\u00edle 40 mm spolu s precizn\u00edm \u0159emesln\u00fdm zpracov\u00e1n\u00edm zajist\u00ed velice dlouhou \u017eivotnost v\u00fdrobku, nadstandartn\u00ed kvalitu a v\u00fdbornou izolaci. Sauna z thermowood je v\u00fdborn\u00e1 investice a stoj\u00ed to za p\u0159\u00edplatek.   M\u00e1m z\u00e1jem o tento produkt","og_url":"https:\/\/anderskafka.cz\/eshop\/produkt\/exterierova-sauna-z-thermowood-kaia\/","og_site_name":"Anders &amp; Kafka E-SHOP","article_modified_time":"2026-03-24T14:11:22+00:00","twitter_card":"summary_large_image","twitter_image":"https:\/\/anderskafka.cz\/eshop\/wp-content\/uploads\/sites\/3\/2025\/09\/KAIA-titel.webp","twitter_misc":{"Odhadovan\u00e1 doba \u010dten\u00ed":"5 minut"},"schema":{"@context":"https:\/\/schema.org","@graph":[{"@type":"WebSite","@id":"https:\/\/anderskafka.cz\/eshop\/#website","url":"https:\/\/anderskafka.cz\/eshop\/","name":"Anders &amp; Kafka E-SHOP","description":"Anders &amp; Kafka E-SHOP","potentialAction":[{"@type":"SearchAction","target":{"@type":"EntryPoint","urlTemplate":"https:\/\/anderskafka.cz\/eshop\/?s={search_term_string}"},"query-input":"required name=search_term_string"}],"inLanguage":"cs"},{"@type":"ImageObject","@id":"https:\/\/anderskafka.cz\/eshop\/produkt\/exterierova-sauna-z-thermowood-kaia\/#primaryimage","inLanguage":"cs","url":"https:\/\/anderskafka.cz\/eshop\/wp-content\/uploads\/sites\/3\/2025\/09\/KAIA-titel.webp","contentUrl":"https:\/\/anderskafka.cz\/eshop\/wp-content\/uploads\/sites\/3\/2025\/09\/KAIA-titel.webp","width":1100,"height":1100},{"@type":"WebPage","@id":"https:\/\/anderskafka.cz\/eshop\/produkt\/exterierova-sauna-z-thermowood-kaia\/#webpage","url":"https:\/\/anderskafka.cz\/eshop\/produkt\/exterierova-sauna-z-thermowood-kaia\/","name":"Exteri\u00e9rov\u00e1 sauna z Thermowood \u2013 KAIA - Anders &amp; Kafka E-SHOP","isPartOf":{"@id":"https:\/\/anderskafka.cz\/eshop\/#website"},"primaryImageOfPage":{"@id":"https:\/\/anderskafka.cz\/eshop\/produkt\/exterierova-sauna-z-thermowood-kaia\/#primaryimage"},"datePublished":"2025-09-26T16:36:03+00:00","dateModified":"2026-03-24T14:11:22+00:00","description":"Mimo\u0159\u00e1dn\u00e1 exteri\u00e9rov\u00e1 sauna\u00a0 pro 4 osoby s charakteristick\u00fdm kruhov\u00fdm oknem vn\u00e1\u0161\u00ed pocit klidu a elegance do jak\u00e9hokoliv venkovn\u00edho prostoru. Je navr\u017een\u00e1 pro celoro\u010dn\u00ed pou\u017eit\u00ed s minim\u00e1ln\u00ed \u00fadr\u017ebou, je perfektn\u00ed volbou pro ty, kte\u0159\u00ed si cen\u00ed modern\u00edho stylu a trval\u00e9ho v\u00fdkonu. &nbsp; THERMOWOOD Oproti klasick\u00e9 smrkov\u00e9 saun\u011b je zde velk\u00e1 v\u00fdhoda opracov\u00e1n\u00ed seversk\u00e9ho smrku metodou ThermoWood\u00ae. Tento materi\u00e1l p\u0159i s\u00edle 40 mm spolu s precizn\u00edm \u0159emesln\u00fdm zpracov\u00e1n\u00edm zajist\u00ed velice dlouhou \u017eivotnost v\u00fdrobku, nadstandartn\u00ed kvalitu a v\u00fdbornou izolaci. Sauna z thermowood je v\u00fdborn\u00e1 investice a stoj\u00ed to za p\u0159\u00edplatek. M\u00e1m z\u00e1jem o tento produkt","breadcrumb":{"@id":"https:\/\/anderskafka.cz\/eshop\/produkt\/exterierova-sauna-z-thermowood-kaia\/#breadcrumb"},"inLanguage":"cs","potentialAction":[{"@type":"ReadAction","target":["https:\/\/anderskafka.cz\/eshop\/produkt\/exterierova-sauna-z-thermowood-kaia\/"]}]},{"@type":"BreadcrumbList","@id":"https:\/\/anderskafka.cz\/eshop\/produkt\/exterierova-sauna-z-thermowood-kaia\/#breadcrumb","itemListElement":[{"@type":"ListItem","position":1,"name":"Obchod","item":"https:\/\/anderskafka.cz\/eshop\/obchod\/"},{"@type":"ListItem","position":2,"name":"Exteri\u00e9rov\u00e1 sauna z Thermowood \u2013 KAIA"}]}]}},"locations":[],"_links":{"self":[{"href":"https:\/\/anderskafka.cz\/eshop\/wp-json\/wp\/v2\/product\/11974"}],"collection":[{"href":"https:\/\/anderskafka.cz\/eshop\/wp-json\/wp\/v2\/product"}],"about":[{"href":"https:\/\/anderskafka.cz\/eshop\/wp-json\/wp\/v2\/types\/product"}],"replies":[{"embeddable":true,"href":"https:\/\/anderskafka.cz\/eshop\/wp-json\/wp\/v2\/comments?post=11974"}],"wp:featuredmedia":[{"embeddable":true,"href":"https:\/\/anderskafka.cz\/eshop\/wp-json\/wp\/v2\/media\/12026"}],"wp:attachment":[{"href":"https:\/\/anderskafka.cz\/eshop\/wp-json\/wp\/v2\/media?parent=11974"}],"wp:term":[{"taxonomy":"location","embeddable":true,"href":"https:\/\/anderskafka.cz\/eshop\/wp-json\/wp\/v2\/location?post=11974"},{"taxonomy":"product_cat","embeddable":true,"href":"https:\/\/anderskafka.cz\/eshop\/wp-json\/wp\/v2\/product_cat?post=11974"},{"taxonomy":"product_tag","embeddable":true,"href":"https:\/\/anderskafka.cz\/eshop\/wp-json\/wp\/v2\/product_tag?post=11974"}],"curies":[{"name":"wp","href":"https:\/\/api.w.org\/{rel}","templated":true}]}}