{"id":12216,"date":"2025-10-07T11:55:58","date_gmt":"2025-10-07T09:55:58","guid":{"rendered":"https:\/\/anderskafka.cz\/eshop\/?post_type=product&#038;p=12216"},"modified":"2026-04-03T11:27:56","modified_gmt":"2026-04-03T09:27:56","slug":"exterierova-finska-bio-sauna-ze-skandinavskeho-smrku-katri","status":"publish","type":"product","link":"https:\/\/anderskafka.cz\/eshop\/produkt\/exterierova-finska-bio-sauna-ze-skandinavskeho-smrku-katri\/","title":{"rendered":"Exteri\u00e9rov\u00e1 finsk\u00e1\/bio sauna ze skandin\u00e1vsk\u00e9ho smrku \u2013 KATRI \u2013 ve smontovan\u00e9m stavu"},"content":{"rendered":"<p><strong>Vn\u011bj\u0161\u00ed rozm\u011bry sauny:<\/strong> \u0161\u00ed\u0159ka 234 cm, hloubka 249 a v\u00fd\u0161ka 242 cm. <strong>V\u00e1ha sauny:<\/strong>\u00a0 1000 kg.<\/p>\n<p>\u00datuln\u00e1 modern\u00ed sauna v minimalistick\u00e9m designu inspirovan\u00e1 seversk\u00fdm stylem s panoramatickou prosklenou p\u0159edn\u00ed st\u011bnou a sedlovou st\u0159echou. Sauna je vyroben\u00e1 z masivn\u00edho skandin\u00e1vsk\u00e9ho smrku.<\/p>\n<p>&nbsp;<\/p>\n<h4><strong>Rozsah dod\u00e1vky &#8211; Saunu obdr\u017e\u00edte ve smontovan\u00e9m stavu:<\/strong><\/h4>\n<ul>\n<li>Robustn\u00ed konstrukce ze skandin\u00e1vsk\u00e9ho smrku<\/li>\n<li>Izolace &#8211; miner\u00e1ln\u00ed vlna 100 mm<\/li>\n<li>St\u0159echa &#8211; \u010dern\u00fd bitumenov\u00fd \u0161indel<\/li>\n<li>Vnit\u0159n\u00ed panely, saunov\u00e9 lavice a op\u011bradla z bezzuskov\u00e9 thermoosiky<\/li>\n<li>Sklen\u011bn\u00e1 p\u0159edn\u00ed st\u011bna a dve\u0159e z tvrzen\u00e9ho sklad o tlou\u0161\u0165ce 8 mm<\/li>\n<li>Plocha sauny 3,55 m2<\/li>\n<li>Vhodn\u00e1 pro 4 sed\u00edc\u00ed osoby<\/li>\n<li>LED \u00a0osv\u011btlen\u00ed venku i uvnit\u0159 sauny &#8211; tepl\u00e1 b\u00edl\u00e1 &#8211; sou\u010d\u00e1st\u00ed dod\u00e1vky<\/li>\n<\/ul>\n<p>&nbsp;<\/p>\n<h4><strong>Pro\u010d skandin\u00e1vsk\u00fd smrk?<\/strong><\/h4>\n<p>R\u016fst d\u0159eva smrku se skl\u00e1d\u00e1 ze dvou \u010d\u00e1st\u00ed: jarn\u00ed a letn\u00ed p\u0159\u00edr\u016fstky. Jak postupn\u011b zv\u011bt\u0161uje strom svoji tlou\u0161\u0165ku, vytv\u00e1\u0159\u00ed se letokruhy. Silnost\u011bnn\u00e9 bu\u0148ky vytv\u00e1\u0159\u00ed tak d\u016fle\u017eitou pevnou \u010d\u00e1st d\u0159eva. V chladn\u00e9m po\u010das\u00ed seversk\u00fdch les\u016f jsou p\u0159\u00edr\u016fstky oproti evropsk\u00fdm smrk\u016fm minim\u00e1ln\u00ed, o to je v\u0161ak skandin\u00e1vsk\u00e9 a p\u0159\u00edpadn\u011b i sibi\u0159sk\u00e9 d\u0159evo pevn\u011bj\u0161\u00ed a m\u00e1 vy\u0161\u0161\u00ed \u017eivotnost. Krom\u011b uveden\u00fdch vlastnost\u00ed je d\u0159evo skandin\u00e1vsk\u00e9ho smrku odoln\u00e9 proti vlhkosti a dob\u0159e zvl\u00e1d\u00e1 st\u0159\u00edd\u00e1n\u00ed teplot. Je tvarov\u011b i barevn\u011b st\u00e1l\u00e9.<\/p>\n<p>&nbsp;<\/p>\n<h4><strong>Zp\u016fsob vyt\u00e1p\u011bn\u00ed<\/strong><\/h4>\n<p>Pro <strong>vyt\u00e1p\u011bn\u00ed a ovl\u00e1d\u00e1n\u00ed<\/strong> t\u00e9to sauny m\u016f\u017eete zvolit bu\u010f kamna na d\u0159evo nebo elektrick\u00e9 saunov\u00e9 topidlo. V p\u0159\u00edpad\u011b, \u017ee si vyberete elektrick\u00e9 saunov\u00e9 topidlo, pak si m\u016f\u017eete vybrat z n\u00e1sleduj\u00edc\u00edch \u0159e\u0161en\u00ed:<\/p>\n<p>V p\u0159\u00edpad\u011b, \u017ee budete cht\u00edt vyu\u017e\u00edt <strong>pouze<\/strong> tradi\u010dn\u00ed zp\u016fsob saunov\u00e1n\u00ed suchou cestou, kter\u00fd je charakteristick\u00fd vysok\u00fdmi teplotami 80 \u2013 110\u00b0C a n\u00edzkou vlhkost\u00ed v saun\u011b cca 5 \u2013 20%, s mo\u017enost\u00ed pol\u00e9v\u00e1n\u00ed saunov\u00fdch kamen\u016f, zvolte topidlo pro Finskou saunu. Zde se m\u016f\u017eete rozhodnout, zda pro V\u00e1s bude dostate\u010dn\u00e9 ovl\u00e1d\u00e1n\u00ed na pl\u00e1\u0161ti topidla, kter\u00e9 je um\u00edst\u011bno v doln\u00ed \u010d\u00e1sti topidla nebo zvol\u00edte topidlo pro Finskou saunu s extern\u00edm ovl\u00e1d\u00e1n\u00edm, kde extern\u00ed ovl\u00e1dac\u00ed panel bude um\u00edst\u011bn vn\u011b nebo uvnit\u0159 sauny v pohodln\u00e9 v\u00fd\u0161ce, dokonce s mo\u017enost\u00ed ovl\u00e1d\u00e1n\u00ed pomoc\u00ed chytr\u00e9 aplikace z mobiln\u00edho za\u0159\u00edzen\u00ed.<\/p>\n<p>Pokud je pro V\u00e1s p\u0159\u00edjemn\u011bj\u0161\u00ed zp\u016fsob saunov\u00e1n\u00ed, kter\u00fd vyu\u017e\u00edv\u00e1 ni\u017e\u0161\u00ed teplotu cca 65\u00b0C a vy\u0161\u0161\u00ed vlhkost vzduchu v saun\u011b cca 30 \u2013 50%, zvolte topidlo pro Bio saunu. Toto klima v saun\u011b se vytvo\u0159\u00ed pomoc\u00ed saunov\u00e9ho topidla, jeho\u017e ned\u00edlnou sou\u010d\u00e1st\u00ed je saunov\u00fd v\u00fdparn\u00edk. N\u00e1mi dod\u00e1van\u00e9 ovl\u00e1d\u00e1n\u00ed saunov\u00fdch kamen s v\u00fdparn\u00edkem umo\u017e\u0148uje volbu re\u017eimu bio sauny nebo re\u017eimu finsk\u00e9 sauny jednoduch\u00fdm p\u0159epnut\u00edm na extern\u00edm ovl\u00e1dac\u00edm panelu. Nebo pomoc\u00ed mobiln\u00ed aplikace, pokud si extern\u00ed ovl\u00e1d\u00e1n\u00ed roz\u0161\u00ed\u0159\u00edte o tuto mo\u017enost.<\/p>\n<p>P\u0159i pou\u017eit\u00ed saunov\u00fdch vonn\u00fdch esenc\u00ed snadno vytvo\u0159\u00edte aroma saunu.<\/p>\n<p>&nbsp;<\/p>\n<h4><strong>Elektrick\u00e9 zapojen\u00ed, um\u00edst\u011bn\u00ed a instalace sauny:<\/strong><\/h4>\n<p>Pro\u00a0<strong>elektrick\u00e9 zapojen\u00ed sauny<\/strong> v p\u0159\u00edpad\u011b volby elektrick\u00e9ho topidla je \u00a0pot\u0159eba m\u00edt v prostoru instalace sauny kabel CYKY 5 x 2,5mm, \u00a0min. d\u00e9lky 3 metr\u016f od pl\u00e1novan\u00e9ho um\u00edst\u011bn\u00ed zadn\u00ed st\u011bny sauny, s nap\u00e1jen\u00edm 380 V, jisti\u010d \u00a0min. 3x16A a samostatn\u00fd proudov\u00fd chr\u00e1ni\u010d pro saunu 30 mA. V p\u0159\u00edpad\u011b pou\u017eit\u00ed topidla na d\u0159evo nebo budete cht\u00edt saunu pouze osv\u011btlit, zvolte kabel CYKY 3 x 1,5mm, \u00a0min. d\u00e9lky 3 metr\u016f od pl\u00e1novan\u00e9ho um\u00edst\u011bn\u00ed zadn\u00ed st\u011bny sauny, s nap\u00e1jen\u00edm 230 V, jisti\u010dem min. 1x16A a samostatn\u00fdm proudov\u00fdm chr\u00e1ni\u010dem pro saunu 30 mA.<\/p>\n<p>Pro <strong>um\u00edst\u011bn\u00ed<\/strong> sauny je nutn\u00e9 zajistit voln\u00fd prostor min. 0,6 m od od nejbli\u017e\u0161\u00ed p\u0159ek\u00e1\u017eky, t\u00fdk\u00e1 se v\u0161ech st\u011bn i st\u0159echy sauny.<\/p>\n<p><img loading=\"lazy\" class=\"alignnone wp-image-7559 size-full\" src=\"https:\/\/anderskafka.cz\/eshop\/wp-content\/uploads\/sites\/3\/2024\/06\/Anderskafka-objednate-relaxujete-PC.jpg\" alt=\"\" width=\"1920\" height=\"352\" srcset=\"https:\/\/anderskafka.cz\/eshop\/wp-content\/uploads\/sites\/3\/2024\/06\/Anderskafka-objednate-relaxujete-PC.jpg 1920w, https:\/\/anderskafka.cz\/eshop\/wp-content\/uploads\/sites\/3\/2024\/06\/Anderskafka-objednate-relaxujete-PC-300x55.jpg 300w, https:\/\/anderskafka.cz\/eshop\/wp-content\/uploads\/sites\/3\/2024\/06\/Anderskafka-objednate-relaxujete-PC-1024x188.jpg 1024w, https:\/\/anderskafka.cz\/eshop\/wp-content\/uploads\/sites\/3\/2024\/06\/Anderskafka-objednate-relaxujete-PC-768x141.jpg 768w, https:\/\/anderskafka.cz\/eshop\/wp-content\/uploads\/sites\/3\/2024\/06\/Anderskafka-objednate-relaxujete-PC-1536x282.jpg 1536w, https:\/\/anderskafka.cz\/eshop\/wp-content\/uploads\/sites\/3\/2024\/06\/Anderskafka-objednate-relaxujete-PC-700x128.jpg 700w, https:\/\/anderskafka.cz\/eshop\/wp-content\/uploads\/sites\/3\/2024\/06\/Anderskafka-objednate-relaxujete-PC-64x12.jpg 64w\" sizes=\"(max-width: 1920px) 100vw, 1920px\" \/><\/p>\n<p><strong>Cena zahrnuje dopravu<\/strong> (na nejbli\u017e\u0161\u00ed m\u00edsto ve\u0159ejn\u00e9 komunikace k m\u00edstu instalace), smontovanou saunu v\u010detn\u011b zvolen\u00e9ho dodate\u010dn\u00e9ho vybaven\u00ed a je v\u010detn\u011b 12%\u00a0 DPH v p\u0159\u00edpad\u011b dod\u00e1vky do rodinn\u00e9ho domu, kde celkov\u00e1 podlahov\u00e1 plocha nep\u0159es\u00e1hne 350m<sup>2 \u00a0<\/sup>nebo bytu, kde celkov\u00e1 podlahov\u00e1 plocha nep\u0159es\u00e1hne 120m<sup>2 <\/sup>dle \u00a0\u00a748a, odst. 1 Z\u00e1kona o DPH a \u00a7121, odst. 1 Z\u00e1kona \u010d. 40\/1964 Sb. Ob\u010dansk\u00e9ho z\u00e1kon\u00edku. V opa\u010dn\u00e9m p\u0159\u00edpad\u011b by se musela aplikovat sazba DPH ve v\u00fd\u0161\u0161i 21%.<\/p>\n<p>&nbsp;<\/p>\n<div style=\"background: #E4E9E5;padding: 2.2em 3.2em;border-radius: 12px\">\n<h3><strong>DOPRAVA a MONT\u00c1\u017d<\/strong><\/h3>\n<p><strong>Saunu obdr\u017e\u00edte ve smontovan\u00e9m stavu<\/strong>. Na v\u00e1mi zvolen\u00e9 m\u00edsto se um\u00edst\u00ed pomoc\u00ed je\u0159\u00e1bu nebo vysokozdvi\u017en\u00e9ho voz\u00edku jeho\u017e cenu stanov\u00edme na z\u00e1klad\u011b vzd\u00e1lenosti a ter\u00e9nu. Z\u00e1kladov\u00e9 tr\u00e1my doporu\u010dujeme um\u00edstit na zhutn\u011bn\u00fd ter\u00e9n, nejl\u00e9pe na betonov\u00e9 patky, dla\u017edice nebo \u0161t\u011brkov\u00e9 lo\u017ee. Po dohod\u011b nab\u00edz\u00edme tak\u00e9 nadstandardn\u00ed slu\u017eby v r\u00e1mci instalace sauny: krom\u011b zaji\u0161t\u011bn\u00ed manipula\u010dn\u00ed techniky pro p\u0159esun sauny na m\u00edsto tak\u00e9 stavebn\u00ed p\u0159ipravenost a elektroinstala\u010dn\u00ed pr\u00e1ce. \u00a0S n\u00e1mi m\u00e1te v\u0161e bez starost\u00ed.<\/p>\n<\/div>\n<p>&nbsp;<\/p>\n","protected":false},"excerpt":{"rendered":"<p>Stylov\u00e1 sauna KATRI se sedlovou st\u0159echou na prvn\u00ed pohled upout\u00e1 velkou prosklenou st\u011bnou, kter\u00e1 v\u00e1m umo\u017en\u00ed si p\u0159i relaxaci vychutnat \u0161irok\u00fd v\u00fdhled. Celkov\u00e9 \u0159e\u0161en\u00ed, navr\u017een\u00e9 pro pohodl\u00ed, v\u00e1m umo\u017en\u00ed vybudovat si wellness \u00fato\u010di\u0161t\u011b kdekoli s minim\u00e1ln\u00edmi po\u017eadavky na instalaci. Sauna KATRI poskytuje autentick\u00fd z\u00e1\u017eitek s pohodln\u00fdm prostorem pro 4 osoby. Je vyroben\u00e1 ze skandin\u00e1vsk\u00e9ho smrku, pomalu rostouc\u00edho vysoce kvalitn\u00edho d\u0159eva.<\/p>\n<p><button class=\"button poptavka\" style=\"border-radius: 3px;padding: 12px 24px;font-weight: 400;font-size: 14px;letter-spacing: 1px;background-color: #f96d3b;color: #fff;border: none;cursor: pointer\" aria-label=\"Otev\u0159\u00edt\"> M\u00e1m z\u00e1jem o tento produkt <\/button><\/p>\n","protected":false},"featured_media":15324,"comment_status":"open","ping_status":"closed","template":"","meta":{"site-sidebar-layout":"default","site-content-layout":"default","ast-main-header-display":"","ast-hfb-above-header-display":"","ast-hfb-below-header-display":"","ast-hfb-mobile-header-display":"","site-post-title":"","ast-breadcrumbs-content":"","ast-featured-img":"","footer-sml-layout":"","theme-transparent-header-meta":"","adv-header-id-meta":"","stick-header-meta":"","header-above-stick-meta":"","header-main-stick-meta":"","header-below-stick-meta":""},"location":[],"product_cat":[1133,1647,1336,1462],"product_tag":[1454],"yoast_head":"<!-- This site is optimized with the Yoast SEO plugin v18.5.1 - https:\/\/yoast.com\/wordpress\/plugins\/seo\/ -->\n<title>Exteri\u00e9rov\u00e1 finsk\u00e1\/bio sauna ze skandin\u00e1vsk\u00e9ho smrku \u2013 KATRI \u2013 ve smontovan\u00e9m stavu - Anders &amp; Kafka E-SHOP<\/title>\n<meta name=\"description\" content=\"Stylov\u00e1 sauna KATRI se sedlovou st\u0159echou na prvn\u00ed pohled upout\u00e1 velkou prosklenou st\u011bnou, kter\u00e1 v\u00e1m umo\u017en\u00ed si p\u0159i relaxaci vychutnat \u0161irok\u00fd v\u00fdhled. Celkov\u00e9 \u0159e\u0161en\u00ed, navr\u017een\u00e9 pro pohodl\u00ed, v\u00e1m umo\u017en\u00ed vybudovat si wellness \u00fato\u010di\u0161t\u011b kdekoli s minim\u00e1ln\u00edmi po\u017eadavky na instalaci. Sauna KATRI poskytuje autentick\u00fd z\u00e1\u017eitek s pohodln\u00fdm prostorem pro 4 osoby. Je vyroben\u00e1 ze skandin\u00e1vsk\u00e9ho smrku, pomalu rostouc\u00edho vysoce kvalitn\u00edho d\u0159eva.   M\u00e1m z\u00e1jem o tento produkt\" \/>\n<meta name=\"robots\" content=\"index, follow, max-snippet:-1, max-image-preview:large, max-video-preview:-1\" \/>\n<link rel=\"canonical\" href=\"https:\/\/anderskafka.cz\/eshop\/produkt\/exterierova-finska-bio-sauna-ze-skandinavskeho-smrku-katri\/\" \/>\n<meta property=\"og:locale\" content=\"cs_CZ\" \/>\n<meta property=\"og:type\" content=\"article\" \/>\n<meta property=\"og:title\" content=\"Exteri\u00e9rov\u00e1 finsk\u00e1\/bio sauna ze skandin\u00e1vsk\u00e9ho smrku \u2013 KATRI \u2013 ve smontovan\u00e9m stavu - Anders &amp; Kafka E-SHOP\" \/>\n<meta property=\"og:description\" content=\"Stylov\u00e1 sauna KATRI se sedlovou st\u0159echou na prvn\u00ed pohled upout\u00e1 velkou prosklenou st\u011bnou, kter\u00e1 v\u00e1m umo\u017en\u00ed si p\u0159i relaxaci vychutnat \u0161irok\u00fd v\u00fdhled. Celkov\u00e9 \u0159e\u0161en\u00ed, navr\u017een\u00e9 pro pohodl\u00ed, v\u00e1m umo\u017en\u00ed vybudovat si wellness \u00fato\u010di\u0161t\u011b kdekoli s minim\u00e1ln\u00edmi po\u017eadavky na instalaci. Sauna KATRI poskytuje autentick\u00fd z\u00e1\u017eitek s pohodln\u00fdm prostorem pro 4 osoby. Je vyroben\u00e1 ze skandin\u00e1vsk\u00e9ho smrku, pomalu rostouc\u00edho vysoce kvalitn\u00edho d\u0159eva.   M\u00e1m z\u00e1jem o tento produkt\" \/>\n<meta property=\"og:url\" content=\"https:\/\/anderskafka.cz\/eshop\/produkt\/exterierova-finska-bio-sauna-ze-skandinavskeho-smrku-katri\/\" \/>\n<meta property=\"og:site_name\" content=\"Anders &amp; Kafka E-SHOP\" \/>\n<meta property=\"article:modified_time\" content=\"2026-04-03T09:27:56+00:00\" \/>\n<meta name=\"twitter:card\" content=\"summary_large_image\" \/>\n<meta name=\"twitter:image\" content=\"https:\/\/anderskafka.cz\/eshop\/wp-content\/uploads\/sites\/3\/2025\/10\/Exterie\u0301rova\u0301-finska\u0301-bio-sauna-ze-skandina\u0301vske\u0301ho-smrku-KATRI-1.webp\" \/>\n<meta name=\"twitter:label1\" content=\"Odhadovan\u00e1 doba \u010dten\u00ed\" \/>\n\t<meta name=\"twitter:data1\" content=\"4 minuty\" \/>\n<script type=\"application\/ld+json\" class=\"yoast-schema-graph\">{\"@context\":\"https:\/\/schema.org\",\"@graph\":[{\"@type\":\"WebSite\",\"@id\":\"https:\/\/anderskafka.cz\/eshop\/#website\",\"url\":\"https:\/\/anderskafka.cz\/eshop\/\",\"name\":\"Anders &amp; Kafka E-SHOP\",\"description\":\"Anders &amp; Kafka E-SHOP\",\"potentialAction\":[{\"@type\":\"SearchAction\",\"target\":{\"@type\":\"EntryPoint\",\"urlTemplate\":\"https:\/\/anderskafka.cz\/eshop\/?s={search_term_string}\"},\"query-input\":\"required name=search_term_string\"}],\"inLanguage\":\"cs\"},{\"@type\":\"ImageObject\",\"@id\":\"https:\/\/anderskafka.cz\/eshop\/produkt\/exterierova-finska-bio-sauna-ze-skandinavskeho-smrku-katri\/#primaryimage\",\"inLanguage\":\"cs\",\"url\":\"https:\/\/anderskafka.cz\/eshop\/wp-content\/uploads\/sites\/3\/2025\/10\/Exterie\u0301rova\u0301-finska\u0301-bio-sauna-ze-skandina\u0301vske\u0301ho-smrku-KATRI-1.webp\",\"contentUrl\":\"https:\/\/anderskafka.cz\/eshop\/wp-content\/uploads\/sites\/3\/2025\/10\/Exterie\u0301rova\u0301-finska\u0301-bio-sauna-ze-skandina\u0301vske\u0301ho-smrku-KATRI-1.webp\",\"width\":1500,\"height\":1500},{\"@type\":\"WebPage\",\"@id\":\"https:\/\/anderskafka.cz\/eshop\/produkt\/exterierova-finska-bio-sauna-ze-skandinavskeho-smrku-katri\/#webpage\",\"url\":\"https:\/\/anderskafka.cz\/eshop\/produkt\/exterierova-finska-bio-sauna-ze-skandinavskeho-smrku-katri\/\",\"name\":\"Exteri\u00e9rov\u00e1 finsk\u00e1\/bio sauna ze skandin\u00e1vsk\u00e9ho smrku \u2013 KATRI \u2013 ve smontovan\u00e9m stavu - Anders &amp; Kafka E-SHOP\",\"isPartOf\":{\"@id\":\"https:\/\/anderskafka.cz\/eshop\/#website\"},\"primaryImageOfPage\":{\"@id\":\"https:\/\/anderskafka.cz\/eshop\/produkt\/exterierova-finska-bio-sauna-ze-skandinavskeho-smrku-katri\/#primaryimage\"},\"datePublished\":\"2025-10-07T09:55:58+00:00\",\"dateModified\":\"2026-04-03T09:27:56+00:00\",\"description\":\"Stylov\u00e1 sauna KATRI se sedlovou st\u0159echou na prvn\u00ed pohled upout\u00e1 velkou prosklenou st\u011bnou, kter\u00e1 v\u00e1m umo\u017en\u00ed si p\u0159i relaxaci vychutnat \u0161irok\u00fd v\u00fdhled. Celkov\u00e9 \u0159e\u0161en\u00ed, navr\u017een\u00e9 pro pohodl\u00ed, v\u00e1m umo\u017en\u00ed vybudovat si wellness \u00fato\u010di\u0161t\u011b kdekoli s minim\u00e1ln\u00edmi po\u017eadavky na instalaci. Sauna KATRI poskytuje autentick\u00fd z\u00e1\u017eitek s pohodln\u00fdm prostorem pro 4 osoby. Je vyroben\u00e1 ze skandin\u00e1vsk\u00e9ho smrku, pomalu rostouc\u00edho vysoce kvalitn\u00edho d\u0159eva. M\u00e1m z\u00e1jem o tento produkt\",\"breadcrumb\":{\"@id\":\"https:\/\/anderskafka.cz\/eshop\/produkt\/exterierova-finska-bio-sauna-ze-skandinavskeho-smrku-katri\/#breadcrumb\"},\"inLanguage\":\"cs\",\"potentialAction\":[{\"@type\":\"ReadAction\",\"target\":[\"https:\/\/anderskafka.cz\/eshop\/produkt\/exterierova-finska-bio-sauna-ze-skandinavskeho-smrku-katri\/\"]}]},{\"@type\":\"BreadcrumbList\",\"@id\":\"https:\/\/anderskafka.cz\/eshop\/produkt\/exterierova-finska-bio-sauna-ze-skandinavskeho-smrku-katri\/#breadcrumb\",\"itemListElement\":[{\"@type\":\"ListItem\",\"position\":1,\"name\":\"Obchod\",\"item\":\"https:\/\/anderskafka.cz\/eshop\/obchod\/\"},{\"@type\":\"ListItem\",\"position\":2,\"name\":\"Exteri\u00e9rov\u00e1 finsk\u00e1\/bio sauna ze skandin\u00e1vsk\u00e9ho smrku \u2013 KATRI \u2013 ve smontovan\u00e9m stavu\"}]}]}<\/script>\n<!-- \/ Yoast SEO plugin. -->","yoast_head_json":{"title":"Exteri\u00e9rov\u00e1 finsk\u00e1\/bio sauna ze skandin\u00e1vsk\u00e9ho smrku \u2013 KATRI \u2013 ve smontovan\u00e9m stavu - Anders &amp; Kafka E-SHOP","description":"Stylov\u00e1 sauna KATRI se sedlovou st\u0159echou na prvn\u00ed pohled upout\u00e1 velkou prosklenou st\u011bnou, kter\u00e1 v\u00e1m umo\u017en\u00ed si p\u0159i relaxaci vychutnat \u0161irok\u00fd v\u00fdhled. Celkov\u00e9 \u0159e\u0161en\u00ed, navr\u017een\u00e9 pro pohodl\u00ed, v\u00e1m umo\u017en\u00ed vybudovat si wellness \u00fato\u010di\u0161t\u011b kdekoli s minim\u00e1ln\u00edmi po\u017eadavky na instalaci. Sauna KATRI poskytuje autentick\u00fd z\u00e1\u017eitek s pohodln\u00fdm prostorem pro 4 osoby. Je vyroben\u00e1 ze skandin\u00e1vsk\u00e9ho smrku, pomalu rostouc\u00edho vysoce kvalitn\u00edho d\u0159eva.   M\u00e1m z\u00e1jem o tento produkt","robots":{"index":"index","follow":"follow","max-snippet":"max-snippet:-1","max-image-preview":"max-image-preview:large","max-video-preview":"max-video-preview:-1"},"canonical":"https:\/\/anderskafka.cz\/eshop\/produkt\/exterierova-finska-bio-sauna-ze-skandinavskeho-smrku-katri\/","og_locale":"cs_CZ","og_type":"article","og_title":"Exteri\u00e9rov\u00e1 finsk\u00e1\/bio sauna ze skandin\u00e1vsk\u00e9ho smrku \u2013 KATRI \u2013 ve smontovan\u00e9m stavu - Anders &amp; Kafka E-SHOP","og_description":"Stylov\u00e1 sauna KATRI se sedlovou st\u0159echou na prvn\u00ed pohled upout\u00e1 velkou prosklenou st\u011bnou, kter\u00e1 v\u00e1m umo\u017en\u00ed si p\u0159i relaxaci vychutnat \u0161irok\u00fd v\u00fdhled. Celkov\u00e9 \u0159e\u0161en\u00ed, navr\u017een\u00e9 pro pohodl\u00ed, v\u00e1m umo\u017en\u00ed vybudovat si wellness \u00fato\u010di\u0161t\u011b kdekoli s minim\u00e1ln\u00edmi po\u017eadavky na instalaci. Sauna KATRI poskytuje autentick\u00fd z\u00e1\u017eitek s pohodln\u00fdm prostorem pro 4 osoby. Je vyroben\u00e1 ze skandin\u00e1vsk\u00e9ho smrku, pomalu rostouc\u00edho vysoce kvalitn\u00edho d\u0159eva.   M\u00e1m z\u00e1jem o tento produkt","og_url":"https:\/\/anderskafka.cz\/eshop\/produkt\/exterierova-finska-bio-sauna-ze-skandinavskeho-smrku-katri\/","og_site_name":"Anders &amp; Kafka E-SHOP","article_modified_time":"2026-04-03T09:27:56+00:00","twitter_card":"summary_large_image","twitter_image":"https:\/\/anderskafka.cz\/eshop\/wp-content\/uploads\/sites\/3\/2025\/10\/Exterie\u0301rova\u0301-finska\u0301-bio-sauna-ze-skandina\u0301vske\u0301ho-smrku-KATRI-1.webp","twitter_misc":{"Odhadovan\u00e1 doba \u010dten\u00ed":"4 minuty"},"schema":{"@context":"https:\/\/schema.org","@graph":[{"@type":"WebSite","@id":"https:\/\/anderskafka.cz\/eshop\/#website","url":"https:\/\/anderskafka.cz\/eshop\/","name":"Anders &amp; Kafka E-SHOP","description":"Anders &amp; Kafka E-SHOP","potentialAction":[{"@type":"SearchAction","target":{"@type":"EntryPoint","urlTemplate":"https:\/\/anderskafka.cz\/eshop\/?s={search_term_string}"},"query-input":"required name=search_term_string"}],"inLanguage":"cs"},{"@type":"ImageObject","@id":"https:\/\/anderskafka.cz\/eshop\/produkt\/exterierova-finska-bio-sauna-ze-skandinavskeho-smrku-katri\/#primaryimage","inLanguage":"cs","url":"https:\/\/anderskafka.cz\/eshop\/wp-content\/uploads\/sites\/3\/2025\/10\/Exterie\u0301rova\u0301-finska\u0301-bio-sauna-ze-skandina\u0301vske\u0301ho-smrku-KATRI-1.webp","contentUrl":"https:\/\/anderskafka.cz\/eshop\/wp-content\/uploads\/sites\/3\/2025\/10\/Exterie\u0301rova\u0301-finska\u0301-bio-sauna-ze-skandina\u0301vske\u0301ho-smrku-KATRI-1.webp","width":1500,"height":1500},{"@type":"WebPage","@id":"https:\/\/anderskafka.cz\/eshop\/produkt\/exterierova-finska-bio-sauna-ze-skandinavskeho-smrku-katri\/#webpage","url":"https:\/\/anderskafka.cz\/eshop\/produkt\/exterierova-finska-bio-sauna-ze-skandinavskeho-smrku-katri\/","name":"Exteri\u00e9rov\u00e1 finsk\u00e1\/bio sauna ze skandin\u00e1vsk\u00e9ho smrku \u2013 KATRI \u2013 ve smontovan\u00e9m stavu - Anders &amp; Kafka E-SHOP","isPartOf":{"@id":"https:\/\/anderskafka.cz\/eshop\/#website"},"primaryImageOfPage":{"@id":"https:\/\/anderskafka.cz\/eshop\/produkt\/exterierova-finska-bio-sauna-ze-skandinavskeho-smrku-katri\/#primaryimage"},"datePublished":"2025-10-07T09:55:58+00:00","dateModified":"2026-04-03T09:27:56+00:00","description":"Stylov\u00e1 sauna KATRI se sedlovou st\u0159echou na prvn\u00ed pohled upout\u00e1 velkou prosklenou st\u011bnou, kter\u00e1 v\u00e1m umo\u017en\u00ed si p\u0159i relaxaci vychutnat \u0161irok\u00fd v\u00fdhled. Celkov\u00e9 \u0159e\u0161en\u00ed, navr\u017een\u00e9 pro pohodl\u00ed, v\u00e1m umo\u017en\u00ed vybudovat si wellness \u00fato\u010di\u0161t\u011b kdekoli s minim\u00e1ln\u00edmi po\u017eadavky na instalaci. Sauna KATRI poskytuje autentick\u00fd z\u00e1\u017eitek s pohodln\u00fdm prostorem pro 4 osoby. Je vyroben\u00e1 ze skandin\u00e1vsk\u00e9ho smrku, pomalu rostouc\u00edho vysoce kvalitn\u00edho d\u0159eva. M\u00e1m z\u00e1jem o tento produkt","breadcrumb":{"@id":"https:\/\/anderskafka.cz\/eshop\/produkt\/exterierova-finska-bio-sauna-ze-skandinavskeho-smrku-katri\/#breadcrumb"},"inLanguage":"cs","potentialAction":[{"@type":"ReadAction","target":["https:\/\/anderskafka.cz\/eshop\/produkt\/exterierova-finska-bio-sauna-ze-skandinavskeho-smrku-katri\/"]}]},{"@type":"BreadcrumbList","@id":"https:\/\/anderskafka.cz\/eshop\/produkt\/exterierova-finska-bio-sauna-ze-skandinavskeho-smrku-katri\/#breadcrumb","itemListElement":[{"@type":"ListItem","position":1,"name":"Obchod","item":"https:\/\/anderskafka.cz\/eshop\/obchod\/"},{"@type":"ListItem","position":2,"name":"Exteri\u00e9rov\u00e1 finsk\u00e1\/bio sauna ze skandin\u00e1vsk\u00e9ho smrku \u2013 KATRI \u2013 ve smontovan\u00e9m stavu"}]}]}},"locations":[],"_links":{"self":[{"href":"https:\/\/anderskafka.cz\/eshop\/wp-json\/wp\/v2\/product\/12216"}],"collection":[{"href":"https:\/\/anderskafka.cz\/eshop\/wp-json\/wp\/v2\/product"}],"about":[{"href":"https:\/\/anderskafka.cz\/eshop\/wp-json\/wp\/v2\/types\/product"}],"replies":[{"embeddable":true,"href":"https:\/\/anderskafka.cz\/eshop\/wp-json\/wp\/v2\/comments?post=12216"}],"wp:featuredmedia":[{"embeddable":true,"href":"https:\/\/anderskafka.cz\/eshop\/wp-json\/wp\/v2\/media\/15324"}],"wp:attachment":[{"href":"https:\/\/anderskafka.cz\/eshop\/wp-json\/wp\/v2\/media?parent=12216"}],"wp:term":[{"taxonomy":"location","embeddable":true,"href":"https:\/\/anderskafka.cz\/eshop\/wp-json\/wp\/v2\/location?post=12216"},{"taxonomy":"product_cat","embeddable":true,"href":"https:\/\/anderskafka.cz\/eshop\/wp-json\/wp\/v2\/product_cat?post=12216"},{"taxonomy":"product_tag","embeddable":true,"href":"https:\/\/anderskafka.cz\/eshop\/wp-json\/wp\/v2\/product_tag?post=12216"}],"curies":[{"name":"wp","href":"https:\/\/api.w.org\/{rel}","templated":true}]}}