{"id":1225,"date":"2022-12-09T14:22:44","date_gmt":"2022-12-09T13:22:44","guid":{"rendered":"https:\/\/anderskafka.cz\/eshop\/?post_type=product&#038;p=1225"},"modified":"2026-03-07T08:15:57","modified_gmt":"2026-03-07T07:15:57","slug":"liebenstein-premiova-saunova-osuska","status":"publish","type":"product","link":"https:\/\/anderskafka.cz\/eshop\/produkt\/liebenstein-premiova-saunova-osuska\/","title":{"rendered":"LIEBENSTEIN pr\u00e9miov\u00fd saunov\u00fd ru\u010dn\u00edk \/ osu\u0161ka, antracitov\u00e9"},"content":{"rendered":"<p>Pr\u00e9miov\u00e9 ru\u010dn\u00edky a osu\u0161ky do sauny v antracitov\u00e9 barv\u011b. Ru\u010dn\u00edk\/osu\u0161ka je v\u00fdjime\u010dn\u011b m\u011bkk\u00e1 a sav\u00e1 s perfektn\u00edmi rozm\u011bry 70&#215;200 cm. Ru\u010dn\u00edk\/osu\u0161ka do sauny se skl\u00e1d\u00e1 ze 100% nejjemn\u011bj\u0161\u00ed, sametov\u011b pr\u00e9miov\u00e9 bavlny a je extr\u00e9mn\u011b objemn\u00e1 a nad\u00fdchan\u00e1 d\u00edky modern\u00ed technologii individu\u00e1ln\u00edho tkan\u00ed. Ru\u010dn\u00edk\/osu\u0161ka do sauny m\u00e1 v\u00fdjime\u010dn\u011b vysokou hmotnost 625 g\/m\u00b2, d\u00edky \u010demu\u017e je obzvl\u00e1\u0161t\u011b odoln\u00e1 a sav\u00e1. Dlouh\u00e1 \u017eivotnost je zde zaru\u010dena i p\u0159i \u010dast\u00e9m pou\u017e\u00edv\u00e1n\u00ed.<br \/>\nExkluzivn\u00ed ru\u010dn\u00edk\/osu\u0161ka do sauny &#8220;Made in Portugal&#8221; je vyrobena z p\u0159\u00edrodn\u00edch surovin s certifik\u00e1tem OEKO-TEX\u00ae.<br \/>\nRozm\u011br ro\u010dn\u00edku\/osu\u0161ky se ide\u00e1ln\u011b hod\u00ed k sedac\u00ed i lehac\u00ed \u010d\u00e1sti v saun\u011b a dal\u0161\u00edm wellness procedur\u00e1m a zajist\u00ed dokonal\u00e9 chv\u00edle b\u011bhem va\u0161eho odpo\u010dinku pro t\u011blo i mysl. Luxusn\u00ed saunovou osu\u0161ku\/ru\u010dn\u00edk si m\u016f\u017eete d\u00edky praktick\u00e9mu poutku kdykoliv snadno zav\u011bsit.<\/p>\n","protected":false},"excerpt":{"rendered":"<p>Pr\u00e9miov\u00e9 ru\u010dn\u00edky a osu\u0161ky do sauny v antracitov\u00e9 barv\u011b. Ru\u010dn\u00edk\/osu\u0161ka je v\u00fdjime\u010dn\u011b m\u011bkk\u00e1 a sav\u00e1 s perfektn\u00edmi rozm\u011bry 70&#215;200 cm. Ru\u010dn\u00edk\/osu\u0161ka do sauny se skl\u00e1d\u00e1 ze 100% nejjemn\u011bj\u0161\u00ed, sametov\u011b pr\u00e9miov\u00e9 bavlny a je extr\u00e9mn\u011b objemn\u00e1 a nad\u00fdchan\u00e1 d\u00edky modern\u00ed technologii individu\u00e1ln\u00edho tkan\u00ed. Ru\u010dn\u00edk\/osu\u0161ka do sauny m\u00e1 v\u00fdjime\u010dn\u011b vysokou hmotnost 625 g\/m\u00b2, d\u00edky \u010demu\u017e je obzvl\u00e1\u0161t\u011b odoln\u00e1 a sav\u00e1. Dlouh\u00e1 \u017eivotnost je zde zaru\u010dena i p\u0159i \u010dast\u00e9m pou\u017e\u00edv\u00e1n\u00ed.<br \/>\nKvalitn\u011b vyrobeno v Portugalsku.<\/p>\n<p><img loading=\"lazy\" class=\"size-medium wp-image-1482 aligncenter\" src=\"https:\/\/anderskafka.cz\/eshop\/wp-content\/uploads\/sites\/3\/2022\/12\/made-in-portugal-feito-em-portugal-map-icon-vector-26458680-300x150.jpg\" alt=\"\" width=\"300\" height=\"150\" srcset=\"https:\/\/anderskafka.cz\/eshop\/wp-content\/uploads\/sites\/3\/2022\/12\/made-in-portugal-feito-em-portugal-map-icon-vector-26458680-300x150.jpg 300w, https:\/\/anderskafka.cz\/eshop\/wp-content\/uploads\/sites\/3\/2022\/12\/made-in-portugal-feito-em-portugal-map-icon-vector-26458680-64x32.jpg 64w, https:\/\/anderskafka.cz\/eshop\/wp-content\/uploads\/sites\/3\/2022\/12\/made-in-portugal-feito-em-portugal-map-icon-vector-26458680.jpg 500w\" sizes=\"(max-width: 300px) 100vw, 300px\" \/><\/p>\n","protected":false},"featured_media":1186,"comment_status":"open","ping_status":"closed","template":"","meta":{"site-sidebar-layout":"default","site-content-layout":"default","ast-main-header-display":"","ast-hfb-above-header-display":"","ast-hfb-below-header-display":"","ast-hfb-mobile-header-display":"","site-post-title":"","ast-breadcrumbs-content":"","ast-featured-img":"","footer-sml-layout":"","theme-transparent-header-meta":"","adv-header-id-meta":"","stick-header-meta":"","header-above-stick-meta":"","header-main-stick-meta":"","header-below-stick-meta":""},"location":[],"product_cat":[1551,30],"product_tag":[308],"yoast_head":"<!-- This site is optimized with the Yoast SEO plugin v18.5.1 - https:\/\/yoast.com\/wordpress\/plugins\/seo\/ -->\n<title>LIEBENSTEIN pr\u00e9miov\u00fd saunov\u00fd ru\u010dn\u00edk \/ osu\u0161ka, antracitov\u00e9 - Anders &amp; Kafka E-SHOP<\/title>\n<meta name=\"description\" content=\"Pr\u00e9miov\u00e9 ru\u010dn\u00edky a osu\u0161ky do sauny v antracitov\u00e9 barv\u011b. Ru\u010dn\u00edk\/osu\u0161ka je v\u00fdjime\u010dn\u011b m\u011bkk\u00e1 a sav\u00e1 s perfektn\u00edmi rozm\u011bry 70x200 cm. Ru\u010dn\u00edk\/osu\u0161ka do sauny se skl\u00e1d\u00e1 ze 100% nejjemn\u011bj\u0161\u00ed, sametov\u011b pr\u00e9miov\u00e9 bavlny a je extr\u00e9mn\u011b objemn\u00e1 a nad\u00fdchan\u00e1 d\u00edky modern\u00ed technologii individu\u00e1ln\u00edho tkan\u00ed. Ru\u010dn\u00edk\/osu\u0161ka do sauny m\u00e1 v\u00fdjime\u010dn\u011b vysokou hmotnost 625 g\/m\u00b2, d\u00edky \u010demu\u017e je obzvl\u00e1\u0161t\u011b odoln\u00e1 a sav\u00e1. Dlouh\u00e1 \u017eivotnost je zde zaru\u010dena i p\u0159i \u010dast\u00e9m pou\u017e\u00edv\u00e1n\u00ed. Kvalitn\u011b vyrobeno v Portugalsku.\" \/>\n<meta name=\"robots\" content=\"index, follow, max-snippet:-1, max-image-preview:large, max-video-preview:-1\" \/>\n<link rel=\"canonical\" href=\"https:\/\/anderskafka.cz\/eshop\/produkt\/liebenstein-premiova-saunova-osuska\/\" \/>\n<meta property=\"og:locale\" content=\"cs_CZ\" \/>\n<meta property=\"og:type\" content=\"article\" \/>\n<meta property=\"og:title\" content=\"LIEBENSTEIN pr\u00e9miov\u00fd saunov\u00fd ru\u010dn\u00edk \/ osu\u0161ka, antracitov\u00e9 - Anders &amp; Kafka E-SHOP\" \/>\n<meta property=\"og:description\" content=\"Pr\u00e9miov\u00e9 ru\u010dn\u00edky a osu\u0161ky do sauny v antracitov\u00e9 barv\u011b. Ru\u010dn\u00edk\/osu\u0161ka je v\u00fdjime\u010dn\u011b m\u011bkk\u00e1 a sav\u00e1 s perfektn\u00edmi rozm\u011bry 70x200 cm. Ru\u010dn\u00edk\/osu\u0161ka do sauny se skl\u00e1d\u00e1 ze 100% nejjemn\u011bj\u0161\u00ed, sametov\u011b pr\u00e9miov\u00e9 bavlny a je extr\u00e9mn\u011b objemn\u00e1 a nad\u00fdchan\u00e1 d\u00edky modern\u00ed technologii individu\u00e1ln\u00edho tkan\u00ed. Ru\u010dn\u00edk\/osu\u0161ka do sauny m\u00e1 v\u00fdjime\u010dn\u011b vysokou hmotnost 625 g\/m\u00b2, d\u00edky \u010demu\u017e je obzvl\u00e1\u0161t\u011b odoln\u00e1 a sav\u00e1. Dlouh\u00e1 \u017eivotnost je zde zaru\u010dena i p\u0159i \u010dast\u00e9m pou\u017e\u00edv\u00e1n\u00ed. Kvalitn\u011b vyrobeno v Portugalsku.\" \/>\n<meta property=\"og:url\" content=\"https:\/\/anderskafka.cz\/eshop\/produkt\/liebenstein-premiova-saunova-osuska\/\" \/>\n<meta property=\"og:site_name\" content=\"Anders &amp; Kafka E-SHOP\" \/>\n<meta property=\"article:modified_time\" content=\"2026-03-07T07:15:57+00:00\" \/>\n<meta property=\"og:image\" content=\"https:\/\/anderskafka.cz\/eshop\/wp-content\/uploads\/sites\/3\/2022\/12\/LB-SAUOSUS-ANTRACIT_H.jpg\" \/>\n\t<meta property=\"og:image:width\" content=\"700\" \/>\n\t<meta property=\"og:image:height\" content=\"700\" \/>\n\t<meta property=\"og:image:type\" content=\"image\/jpeg\" \/>\n<meta name=\"twitter:card\" content=\"summary_large_image\" \/>\n<meta name=\"twitter:label1\" content=\"Odhadovan\u00e1 doba \u010dten\u00ed\" \/>\n\t<meta name=\"twitter:data1\" content=\"1 minuta\" \/>\n<script type=\"application\/ld+json\" class=\"yoast-schema-graph\">{\"@context\":\"https:\/\/schema.org\",\"@graph\":[{\"@type\":\"WebSite\",\"@id\":\"https:\/\/anderskafka.cz\/eshop\/#website\",\"url\":\"https:\/\/anderskafka.cz\/eshop\/\",\"name\":\"Anders &amp; Kafka E-SHOP\",\"description\":\"Anders &amp; Kafka E-SHOP\",\"potentialAction\":[{\"@type\":\"SearchAction\",\"target\":{\"@type\":\"EntryPoint\",\"urlTemplate\":\"https:\/\/anderskafka.cz\/eshop\/?s={search_term_string}\"},\"query-input\":\"required name=search_term_string\"}],\"inLanguage\":\"cs\"},{\"@type\":\"ImageObject\",\"@id\":\"https:\/\/anderskafka.cz\/eshop\/produkt\/liebenstein-premiova-saunova-osuska\/#primaryimage\",\"inLanguage\":\"cs\",\"url\":\"https:\/\/anderskafka.cz\/eshop\/wp-content\/uploads\/sites\/3\/2022\/12\/LB-SAUOSUS-ANTRACIT_H.jpg\",\"contentUrl\":\"https:\/\/anderskafka.cz\/eshop\/wp-content\/uploads\/sites\/3\/2022\/12\/LB-SAUOSUS-ANTRACIT_H.jpg\",\"width\":700,\"height\":700},{\"@type\":\"WebPage\",\"@id\":\"https:\/\/anderskafka.cz\/eshop\/produkt\/liebenstein-premiova-saunova-osuska\/#webpage\",\"url\":\"https:\/\/anderskafka.cz\/eshop\/produkt\/liebenstein-premiova-saunova-osuska\/\",\"name\":\"LIEBENSTEIN pr\u00e9miov\u00fd saunov\u00fd ru\u010dn\u00edk \/ osu\u0161ka, antracitov\u00e9 - Anders &amp; Kafka E-SHOP\",\"isPartOf\":{\"@id\":\"https:\/\/anderskafka.cz\/eshop\/#website\"},\"primaryImageOfPage\":{\"@id\":\"https:\/\/anderskafka.cz\/eshop\/produkt\/liebenstein-premiova-saunova-osuska\/#primaryimage\"},\"datePublished\":\"2022-12-09T13:22:44+00:00\",\"dateModified\":\"2026-03-07T07:15:57+00:00\",\"description\":\"Pr\u00e9miov\u00e9 ru\u010dn\u00edky a osu\u0161ky do sauny v antracitov\u00e9 barv\u011b. Ru\u010dn\u00edk\/osu\u0161ka je v\u00fdjime\u010dn\u011b m\u011bkk\u00e1 a sav\u00e1 s perfektn\u00edmi rozm\u011bry 70x200 cm. Ru\u010dn\u00edk\/osu\u0161ka do sauny se skl\u00e1d\u00e1 ze 100% nejjemn\u011bj\u0161\u00ed, sametov\u011b pr\u00e9miov\u00e9 bavlny a je extr\u00e9mn\u011b objemn\u00e1 a nad\u00fdchan\u00e1 d\u00edky modern\u00ed technologii individu\u00e1ln\u00edho tkan\u00ed. Ru\u010dn\u00edk\/osu\u0161ka do sauny m\u00e1 v\u00fdjime\u010dn\u011b vysokou hmotnost 625 g\/m\u00b2, d\u00edky \u010demu\u017e je obzvl\u00e1\u0161t\u011b odoln\u00e1 a sav\u00e1. Dlouh\u00e1 \u017eivotnost je zde zaru\u010dena i p\u0159i \u010dast\u00e9m pou\u017e\u00edv\u00e1n\u00ed. Kvalitn\u011b vyrobeno v Portugalsku.\",\"breadcrumb\":{\"@id\":\"https:\/\/anderskafka.cz\/eshop\/produkt\/liebenstein-premiova-saunova-osuska\/#breadcrumb\"},\"inLanguage\":\"cs\",\"potentialAction\":[{\"@type\":\"ReadAction\",\"target\":[\"https:\/\/anderskafka.cz\/eshop\/produkt\/liebenstein-premiova-saunova-osuska\/\"]}]},{\"@type\":\"BreadcrumbList\",\"@id\":\"https:\/\/anderskafka.cz\/eshop\/produkt\/liebenstein-premiova-saunova-osuska\/#breadcrumb\",\"itemListElement\":[{\"@type\":\"ListItem\",\"position\":1,\"name\":\"Obchod\",\"item\":\"https:\/\/anderskafka.cz\/eshop\/obchod\/\"},{\"@type\":\"ListItem\",\"position\":2,\"name\":\"LIEBENSTEIN pr\u00e9miov\u00fd saunov\u00fd ru\u010dn\u00edk \/ osu\u0161ka, antracitov\u00e9\"}]}]}<\/script>\n<!-- \/ Yoast SEO plugin. -->","yoast_head_json":{"title":"LIEBENSTEIN pr\u00e9miov\u00fd saunov\u00fd ru\u010dn\u00edk \/ osu\u0161ka, antracitov\u00e9 - Anders &amp; Kafka E-SHOP","description":"Pr\u00e9miov\u00e9 ru\u010dn\u00edky a osu\u0161ky do sauny v antracitov\u00e9 barv\u011b. Ru\u010dn\u00edk\/osu\u0161ka je v\u00fdjime\u010dn\u011b m\u011bkk\u00e1 a sav\u00e1 s perfektn\u00edmi rozm\u011bry 70x200 cm. Ru\u010dn\u00edk\/osu\u0161ka do sauny se skl\u00e1d\u00e1 ze 100% nejjemn\u011bj\u0161\u00ed, sametov\u011b pr\u00e9miov\u00e9 bavlny a je extr\u00e9mn\u011b objemn\u00e1 a nad\u00fdchan\u00e1 d\u00edky modern\u00ed technologii individu\u00e1ln\u00edho tkan\u00ed. Ru\u010dn\u00edk\/osu\u0161ka do sauny m\u00e1 v\u00fdjime\u010dn\u011b vysokou hmotnost 625 g\/m\u00b2, d\u00edky \u010demu\u017e je obzvl\u00e1\u0161t\u011b odoln\u00e1 a sav\u00e1. Dlouh\u00e1 \u017eivotnost je zde zaru\u010dena i p\u0159i \u010dast\u00e9m pou\u017e\u00edv\u00e1n\u00ed. Kvalitn\u011b vyrobeno v Portugalsku.","robots":{"index":"index","follow":"follow","max-snippet":"max-snippet:-1","max-image-preview":"max-image-preview:large","max-video-preview":"max-video-preview:-1"},"canonical":"https:\/\/anderskafka.cz\/eshop\/produkt\/liebenstein-premiova-saunova-osuska\/","og_locale":"cs_CZ","og_type":"article","og_title":"LIEBENSTEIN pr\u00e9miov\u00fd saunov\u00fd ru\u010dn\u00edk \/ osu\u0161ka, antracitov\u00e9 - Anders &amp; Kafka E-SHOP","og_description":"Pr\u00e9miov\u00e9 ru\u010dn\u00edky a osu\u0161ky do sauny v antracitov\u00e9 barv\u011b. Ru\u010dn\u00edk\/osu\u0161ka je v\u00fdjime\u010dn\u011b m\u011bkk\u00e1 a sav\u00e1 s perfektn\u00edmi rozm\u011bry 70x200 cm. Ru\u010dn\u00edk\/osu\u0161ka do sauny se skl\u00e1d\u00e1 ze 100% nejjemn\u011bj\u0161\u00ed, sametov\u011b pr\u00e9miov\u00e9 bavlny a je extr\u00e9mn\u011b objemn\u00e1 a nad\u00fdchan\u00e1 d\u00edky modern\u00ed technologii individu\u00e1ln\u00edho tkan\u00ed. Ru\u010dn\u00edk\/osu\u0161ka do sauny m\u00e1 v\u00fdjime\u010dn\u011b vysokou hmotnost 625 g\/m\u00b2, d\u00edky \u010demu\u017e je obzvl\u00e1\u0161t\u011b odoln\u00e1 a sav\u00e1. Dlouh\u00e1 \u017eivotnost je zde zaru\u010dena i p\u0159i \u010dast\u00e9m pou\u017e\u00edv\u00e1n\u00ed. Kvalitn\u011b vyrobeno v Portugalsku.","og_url":"https:\/\/anderskafka.cz\/eshop\/produkt\/liebenstein-premiova-saunova-osuska\/","og_site_name":"Anders &amp; Kafka E-SHOP","article_modified_time":"2026-03-07T07:15:57+00:00","og_image":[{"width":700,"height":700,"url":"https:\/\/anderskafka.cz\/eshop\/wp-content\/uploads\/sites\/3\/2022\/12\/LB-SAUOSUS-ANTRACIT_H.jpg","type":"image\/jpeg"}],"twitter_card":"summary_large_image","twitter_misc":{"Odhadovan\u00e1 doba \u010dten\u00ed":"1 minuta"},"schema":{"@context":"https:\/\/schema.org","@graph":[{"@type":"WebSite","@id":"https:\/\/anderskafka.cz\/eshop\/#website","url":"https:\/\/anderskafka.cz\/eshop\/","name":"Anders &amp; Kafka E-SHOP","description":"Anders &amp; Kafka E-SHOP","potentialAction":[{"@type":"SearchAction","target":{"@type":"EntryPoint","urlTemplate":"https:\/\/anderskafka.cz\/eshop\/?s={search_term_string}"},"query-input":"required name=search_term_string"}],"inLanguage":"cs"},{"@type":"ImageObject","@id":"https:\/\/anderskafka.cz\/eshop\/produkt\/liebenstein-premiova-saunova-osuska\/#primaryimage","inLanguage":"cs","url":"https:\/\/anderskafka.cz\/eshop\/wp-content\/uploads\/sites\/3\/2022\/12\/LB-SAUOSUS-ANTRACIT_H.jpg","contentUrl":"https:\/\/anderskafka.cz\/eshop\/wp-content\/uploads\/sites\/3\/2022\/12\/LB-SAUOSUS-ANTRACIT_H.jpg","width":700,"height":700},{"@type":"WebPage","@id":"https:\/\/anderskafka.cz\/eshop\/produkt\/liebenstein-premiova-saunova-osuska\/#webpage","url":"https:\/\/anderskafka.cz\/eshop\/produkt\/liebenstein-premiova-saunova-osuska\/","name":"LIEBENSTEIN pr\u00e9miov\u00fd saunov\u00fd ru\u010dn\u00edk \/ osu\u0161ka, antracitov\u00e9 - Anders &amp; Kafka E-SHOP","isPartOf":{"@id":"https:\/\/anderskafka.cz\/eshop\/#website"},"primaryImageOfPage":{"@id":"https:\/\/anderskafka.cz\/eshop\/produkt\/liebenstein-premiova-saunova-osuska\/#primaryimage"},"datePublished":"2022-12-09T13:22:44+00:00","dateModified":"2026-03-07T07:15:57+00:00","description":"Pr\u00e9miov\u00e9 ru\u010dn\u00edky a osu\u0161ky do sauny v antracitov\u00e9 barv\u011b. Ru\u010dn\u00edk\/osu\u0161ka je v\u00fdjime\u010dn\u011b m\u011bkk\u00e1 a sav\u00e1 s perfektn\u00edmi rozm\u011bry 70x200 cm. Ru\u010dn\u00edk\/osu\u0161ka do sauny se skl\u00e1d\u00e1 ze 100% nejjemn\u011bj\u0161\u00ed, sametov\u011b pr\u00e9miov\u00e9 bavlny a je extr\u00e9mn\u011b objemn\u00e1 a nad\u00fdchan\u00e1 d\u00edky modern\u00ed technologii individu\u00e1ln\u00edho tkan\u00ed. Ru\u010dn\u00edk\/osu\u0161ka do sauny m\u00e1 v\u00fdjime\u010dn\u011b vysokou hmotnost 625 g\/m\u00b2, d\u00edky \u010demu\u017e je obzvl\u00e1\u0161t\u011b odoln\u00e1 a sav\u00e1. Dlouh\u00e1 \u017eivotnost je zde zaru\u010dena i p\u0159i \u010dast\u00e9m pou\u017e\u00edv\u00e1n\u00ed. Kvalitn\u011b vyrobeno v Portugalsku.","breadcrumb":{"@id":"https:\/\/anderskafka.cz\/eshop\/produkt\/liebenstein-premiova-saunova-osuska\/#breadcrumb"},"inLanguage":"cs","potentialAction":[{"@type":"ReadAction","target":["https:\/\/anderskafka.cz\/eshop\/produkt\/liebenstein-premiova-saunova-osuska\/"]}]},{"@type":"BreadcrumbList","@id":"https:\/\/anderskafka.cz\/eshop\/produkt\/liebenstein-premiova-saunova-osuska\/#breadcrumb","itemListElement":[{"@type":"ListItem","position":1,"name":"Obchod","item":"https:\/\/anderskafka.cz\/eshop\/obchod\/"},{"@type":"ListItem","position":2,"name":"LIEBENSTEIN pr\u00e9miov\u00fd saunov\u00fd ru\u010dn\u00edk \/ osu\u0161ka, antracitov\u00e9"}]}]}},"locations":[],"_links":{"self":[{"href":"https:\/\/anderskafka.cz\/eshop\/wp-json\/wp\/v2\/product\/1225"}],"collection":[{"href":"https:\/\/anderskafka.cz\/eshop\/wp-json\/wp\/v2\/product"}],"about":[{"href":"https:\/\/anderskafka.cz\/eshop\/wp-json\/wp\/v2\/types\/product"}],"replies":[{"embeddable":true,"href":"https:\/\/anderskafka.cz\/eshop\/wp-json\/wp\/v2\/comments?post=1225"}],"wp:featuredmedia":[{"embeddable":true,"href":"https:\/\/anderskafka.cz\/eshop\/wp-json\/wp\/v2\/media\/1186"}],"wp:attachment":[{"href":"https:\/\/anderskafka.cz\/eshop\/wp-json\/wp\/v2\/media?parent=1225"}],"wp:term":[{"taxonomy":"location","embeddable":true,"href":"https:\/\/anderskafka.cz\/eshop\/wp-json\/wp\/v2\/location?post=1225"},{"taxonomy":"product_cat","embeddable":true,"href":"https:\/\/anderskafka.cz\/eshop\/wp-json\/wp\/v2\/product_cat?post=1225"},{"taxonomy":"product_tag","embeddable":true,"href":"https:\/\/anderskafka.cz\/eshop\/wp-json\/wp\/v2\/product_tag?post=1225"}],"curies":[{"name":"wp","href":"https:\/\/api.w.org\/{rel}","templated":true}]}}