{"id":1229,"date":"2022-12-09T14:22:48","date_gmt":"2022-12-09T13:22:48","guid":{"rendered":"https:\/\/anderskafka.cz\/eshop\/?post_type=product&#038;p=1229"},"modified":"2026-05-01T11:27:39","modified_gmt":"2026-05-01T09:27:39","slug":"liebenstein-vonna-esence-do-virivky-extrakt-z-limetky-a-zazvoru-200ml","status":"publish","type":"product","link":"https:\/\/anderskafka.cz\/eshop\/produkt\/liebenstein-vonna-esence-do-virivky-extrakt-z-limetky-a-zazvoru-200ml\/","title":{"rendered":"LIEBENSTEIN vonn\u00e1 esence do v\u00ed\u0159ivky, extrakt z limetky a z\u00e1zvoru 200ml"},"content":{"rendered":"<p>Pr\u00e9miov\u00e1 vonn\u00e1 esence do v\u00ed\u0159ivky, skl\u00e1d\u00e1 se ze 100% p\u0159\u00edrodn\u00edch ingredienc\u00ed a kombinuje p\u0159\u00edjemn\u011b sv\u011b\u017e\u00ed t\u00f3ny limetky a z\u00e1zvoru. V t\u00e9to v\u016fni do baz\u00e9nu najdou sv\u00e9 vybran\u00e9 m\u00edsto pouze ty nejlep\u0161\u00ed suroviny &#8211; pro nejlep\u0161\u00ed mo\u017enou kvalitu v ka\u017ed\u00e9m t\u00f3nu, ka\u017ed\u00e9 nuanci, v ka\u017ed\u00e9m okam\u017eiku.<br \/>\nVonn\u00e1 esence umoc\u0148uje blahod\u00e1rn\u00fd \u00fa\u010dinek v\u00ed\u0159ivky. Receptura vonn\u00e9 esence do v\u00ed\u0159ivky je ide\u00e1ln\u011b p\u0159izp\u016fsobena oblasti pou\u017eit\u00ed a zabra\u0148uje nadm\u011brn\u00e9 tvorb\u011b p\u011bny a z\u00e1kalu ve vod\u011b. Ide\u00e1ln\u00ed tak\u00e9 jako d\u00e1rek pro milovn\u00edky v\u00ed\u0159ivek. Za\u017eijte chv\u00edle pohodln\u00e9ho odpo\u010dinku a naprost\u00e9 relaxace.<br \/>\nAromaterapie pomoc\u00ed t\u00e9to vonn\u00e9 esence p\u0159in\u00e1\u0161\u00ed hlubokou du\u0161evn\u00ed a fyzickou rovnov\u00e1hu a umo\u017en\u00ed v\u00e1m zapomenout na stres ka\u017edodenn\u00edho \u017eivota. Vyr\u00e1b\u011bn\u00e9 region\u00e1ln\u011b a udr\u017eiteln\u00fdm zp\u016fsobem. Va\u0161e esence do v\u00ed\u0159ivek ze Schwarzwaldu pro intenzivn\u00ed v\u016fni.<br \/>\nI mal\u00e9 mno\u017estv\u00ed sta\u010d\u00ed pro dlouhotrvaj\u00edc\u00ed a p\u0159\u00edjemnou v\u016fni. Doporu\u010den\u00e9 d\u00e1vkov\u00e1n\u00ed: 1-3 v\u00fd\u010dka na 1000 litr\u016f.<\/p>\n","protected":false},"excerpt":{"rendered":"<p>Pr\u00e9miov\u00e1 vonn\u00e1 esence do v\u00ed\u0159ivky, skl\u00e1d\u00e1 se ze 100% p\u0159\u00edrodn\u00edch ingredienc\u00ed a kombinuje p\u0159\u00edjemn\u011b sv\u011b\u017e\u00ed t\u00f3ny limetky a z\u00e1zvoru. V t\u00e9to v\u016fni najdou sv\u00e9 vybran\u00e9 m\u00edsto pouze ty nejlep\u0161\u00ed suroviny. Vonn\u00e1 esence umoc\u0148uje blahod\u00e1rn\u00fd \u00fa\u010dinek v\u00ed\u0159ivky. Receptura vonn\u00e9 esence do v\u00ed\u0159ivky zabra\u0148uje nadm\u011brn\u00e9 tvorb\u011b p\u011bny a z\u00e1kalu ve vod\u011b. Aromaterapie pomoc\u00ed t\u00e9to vonn\u00e9 esence p\u0159in\u00e1\u0161\u00ed hlubokou du\u0161evn\u00ed a fyzickou rovnov\u00e1hu a umo\u017en\u00ed v\u00e1m zapomenout na stres ka\u017edodenn\u00edho \u017eivota.<br \/>\nVyr\u00e1b\u011bn\u00e9 region\u00e1ln\u011b a udr\u017eiteln\u00fdm zp\u016fsobem. Va\u0161e esence do v\u00ed\u0159ivek ze Schwarzwaldu pro intenzivn\u00ed v\u016fni.<\/p>\n<p><img loading=\"lazy\" class=\"size-full wp-image-1483 aligncenter\" src=\"https:\/\/anderskafka.cz\/eshop\/wp-content\/uploads\/sites\/3\/2022\/12\/made-in-germany-logo-design-template-vector-34550195.jpg\" alt=\"\" width=\"250\" height=\"250\" srcset=\"https:\/\/anderskafka.cz\/eshop\/wp-content\/uploads\/sites\/3\/2022\/12\/made-in-germany-logo-design-template-vector-34550195.jpg 250w, https:\/\/anderskafka.cz\/eshop\/wp-content\/uploads\/sites\/3\/2022\/12\/made-in-germany-logo-design-template-vector-34550195-150x150.jpg 150w, https:\/\/anderskafka.cz\/eshop\/wp-content\/uploads\/sites\/3\/2022\/12\/made-in-germany-logo-design-template-vector-34550195-100x100.jpg 100w, https:\/\/anderskafka.cz\/eshop\/wp-content\/uploads\/sites\/3\/2022\/12\/made-in-germany-logo-design-template-vector-34550195-64x64.jpg 64w\" sizes=\"(max-width: 250px) 100vw, 250px\" \/><\/p>\n","protected":false},"featured_media":1195,"comment_status":"open","ping_status":"closed","template":"","meta":{"site-sidebar-layout":"default","site-content-layout":"default","ast-main-header-display":"","ast-hfb-above-header-display":"","ast-hfb-below-header-display":"","ast-hfb-mobile-header-display":"","site-post-title":"","ast-breadcrumbs-content":"","ast-featured-img":"","footer-sml-layout":"","theme-transparent-header-meta":"","adv-header-id-meta":"","stick-header-meta":"","header-above-stick-meta":"","header-main-stick-meta":"","header-below-stick-meta":""},"location":[],"product_cat":[1764,112],"product_tag":[308],"yoast_head":"<!-- This site is optimized with the Yoast SEO plugin v18.5.1 - https:\/\/yoast.com\/wordpress\/plugins\/seo\/ -->\n<title>LIEBENSTEIN vonn\u00e1 esence do v\u00ed\u0159ivky, extrakt z limetky a z\u00e1zvoru 200ml - Anders &amp; Kafka E-SHOP<\/title>\n<meta name=\"description\" content=\"Pr\u00e9miov\u00e1 vonn\u00e1 esence do v\u00ed\u0159ivky, skl\u00e1d\u00e1 se ze 100% p\u0159\u00edrodn\u00edch ingredienc\u00ed a kombinuje p\u0159\u00edjemn\u011b sv\u011b\u017e\u00ed t\u00f3ny limetky a z\u00e1zvoru. V t\u00e9to v\u016fni najdou sv\u00e9 vybran\u00e9 m\u00edsto pouze ty nejlep\u0161\u00ed suroviny. Vonn\u00e1 esence umoc\u0148uje blahod\u00e1rn\u00fd \u00fa\u010dinek v\u00ed\u0159ivky. Receptura vonn\u00e9 esence do v\u00ed\u0159ivky zabra\u0148uje nadm\u011brn\u00e9 tvorb\u011b p\u011bny a z\u00e1kalu ve vod\u011b. Aromaterapie pomoc\u00ed t\u00e9to vonn\u00e9 esence p\u0159in\u00e1\u0161\u00ed hlubokou du\u0161evn\u00ed a fyzickou rovnov\u00e1hu a umo\u017en\u00ed v\u00e1m zapomenout na stres ka\u017edodenn\u00edho \u017eivota. Vyr\u00e1b\u011bn\u00e9 region\u00e1ln\u011b a udr\u017eiteln\u00fdm zp\u016fsobem. Va\u0161e esence do v\u00ed\u0159ivek ze Schwarzwaldu pro intenzivn\u00ed v\u016fni.\" \/>\n<meta name=\"robots\" content=\"index, follow, max-snippet:-1, max-image-preview:large, max-video-preview:-1\" \/>\n<link rel=\"canonical\" href=\"https:\/\/anderskafka.cz\/eshop\/produkt\/liebenstein-vonna-esence-do-virivky-extrakt-z-limetky-a-zazvoru-200ml\/\" \/>\n<meta property=\"og:locale\" content=\"cs_CZ\" \/>\n<meta property=\"og:type\" content=\"article\" \/>\n<meta property=\"og:title\" content=\"LIEBENSTEIN vonn\u00e1 esence do v\u00ed\u0159ivky, extrakt z limetky a z\u00e1zvoru 200ml - Anders &amp; Kafka E-SHOP\" \/>\n<meta property=\"og:description\" content=\"Pr\u00e9miov\u00e1 vonn\u00e1 esence do v\u00ed\u0159ivky, skl\u00e1d\u00e1 se ze 100% p\u0159\u00edrodn\u00edch ingredienc\u00ed a kombinuje p\u0159\u00edjemn\u011b sv\u011b\u017e\u00ed t\u00f3ny limetky a z\u00e1zvoru. V t\u00e9to v\u016fni najdou sv\u00e9 vybran\u00e9 m\u00edsto pouze ty nejlep\u0161\u00ed suroviny. Vonn\u00e1 esence umoc\u0148uje blahod\u00e1rn\u00fd \u00fa\u010dinek v\u00ed\u0159ivky. Receptura vonn\u00e9 esence do v\u00ed\u0159ivky zabra\u0148uje nadm\u011brn\u00e9 tvorb\u011b p\u011bny a z\u00e1kalu ve vod\u011b. Aromaterapie pomoc\u00ed t\u00e9to vonn\u00e9 esence p\u0159in\u00e1\u0161\u00ed hlubokou du\u0161evn\u00ed a fyzickou rovnov\u00e1hu a umo\u017en\u00ed v\u00e1m zapomenout na stres ka\u017edodenn\u00edho \u017eivota. Vyr\u00e1b\u011bn\u00e9 region\u00e1ln\u011b a udr\u017eiteln\u00fdm zp\u016fsobem. Va\u0161e esence do v\u00ed\u0159ivek ze Schwarzwaldu pro intenzivn\u00ed v\u016fni.\" \/>\n<meta property=\"og:url\" content=\"https:\/\/anderskafka.cz\/eshop\/produkt\/liebenstein-vonna-esence-do-virivky-extrakt-z-limetky-a-zazvoru-200ml\/\" \/>\n<meta property=\"og:site_name\" content=\"Anders &amp; Kafka E-SHOP\" \/>\n<meta property=\"article:modified_time\" content=\"2026-05-01T09:27:39+00:00\" \/>\n<meta property=\"og:image\" content=\"https:\/\/anderskafka.cz\/eshop\/wp-content\/uploads\/sites\/3\/2022\/12\/LB-VESENdoVIR200-SINNESREISE_H.jpg\" \/>\n\t<meta property=\"og:image:width\" content=\"700\" \/>\n\t<meta property=\"og:image:height\" content=\"700\" \/>\n\t<meta property=\"og:image:type\" content=\"image\/jpeg\" \/>\n<meta name=\"twitter:card\" content=\"summary_large_image\" \/>\n<meta name=\"twitter:label1\" content=\"Odhadovan\u00e1 doba \u010dten\u00ed\" \/>\n\t<meta name=\"twitter:data1\" content=\"1 minuta\" \/>\n<script type=\"application\/ld+json\" class=\"yoast-schema-graph\">{\"@context\":\"https:\/\/schema.org\",\"@graph\":[{\"@type\":\"WebSite\",\"@id\":\"https:\/\/anderskafka.cz\/eshop\/#website\",\"url\":\"https:\/\/anderskafka.cz\/eshop\/\",\"name\":\"Anders &amp; Kafka E-SHOP\",\"description\":\"Anders &amp; Kafka E-SHOP\",\"potentialAction\":[{\"@type\":\"SearchAction\",\"target\":{\"@type\":\"EntryPoint\",\"urlTemplate\":\"https:\/\/anderskafka.cz\/eshop\/?s={search_term_string}\"},\"query-input\":\"required name=search_term_string\"}],\"inLanguage\":\"cs\"},{\"@type\":\"ImageObject\",\"@id\":\"https:\/\/anderskafka.cz\/eshop\/produkt\/liebenstein-vonna-esence-do-virivky-extrakt-z-limetky-a-zazvoru-200ml\/#primaryimage\",\"inLanguage\":\"cs\",\"url\":\"https:\/\/anderskafka.cz\/eshop\/wp-content\/uploads\/sites\/3\/2022\/12\/LB-VESENdoVIR200-SINNESREISE_H.jpg\",\"contentUrl\":\"https:\/\/anderskafka.cz\/eshop\/wp-content\/uploads\/sites\/3\/2022\/12\/LB-VESENdoVIR200-SINNESREISE_H.jpg\",\"width\":700,\"height\":700},{\"@type\":\"WebPage\",\"@id\":\"https:\/\/anderskafka.cz\/eshop\/produkt\/liebenstein-vonna-esence-do-virivky-extrakt-z-limetky-a-zazvoru-200ml\/#webpage\",\"url\":\"https:\/\/anderskafka.cz\/eshop\/produkt\/liebenstein-vonna-esence-do-virivky-extrakt-z-limetky-a-zazvoru-200ml\/\",\"name\":\"LIEBENSTEIN vonn\u00e1 esence do v\u00ed\u0159ivky, extrakt z limetky a z\u00e1zvoru 200ml - Anders &amp; Kafka E-SHOP\",\"isPartOf\":{\"@id\":\"https:\/\/anderskafka.cz\/eshop\/#website\"},\"primaryImageOfPage\":{\"@id\":\"https:\/\/anderskafka.cz\/eshop\/produkt\/liebenstein-vonna-esence-do-virivky-extrakt-z-limetky-a-zazvoru-200ml\/#primaryimage\"},\"datePublished\":\"2022-12-09T13:22:48+00:00\",\"dateModified\":\"2026-05-01T09:27:39+00:00\",\"description\":\"Pr\u00e9miov\u00e1 vonn\u00e1 esence do v\u00ed\u0159ivky, skl\u00e1d\u00e1 se ze 100% p\u0159\u00edrodn\u00edch ingredienc\u00ed a kombinuje p\u0159\u00edjemn\u011b sv\u011b\u017e\u00ed t\u00f3ny limetky a z\u00e1zvoru. V t\u00e9to v\u016fni najdou sv\u00e9 vybran\u00e9 m\u00edsto pouze ty nejlep\u0161\u00ed suroviny. Vonn\u00e1 esence umoc\u0148uje blahod\u00e1rn\u00fd \u00fa\u010dinek v\u00ed\u0159ivky. Receptura vonn\u00e9 esence do v\u00ed\u0159ivky zabra\u0148uje nadm\u011brn\u00e9 tvorb\u011b p\u011bny a z\u00e1kalu ve vod\u011b. Aromaterapie pomoc\u00ed t\u00e9to vonn\u00e9 esence p\u0159in\u00e1\u0161\u00ed hlubokou du\u0161evn\u00ed a fyzickou rovnov\u00e1hu a umo\u017en\u00ed v\u00e1m zapomenout na stres ka\u017edodenn\u00edho \u017eivota. Vyr\u00e1b\u011bn\u00e9 region\u00e1ln\u011b a udr\u017eiteln\u00fdm zp\u016fsobem. Va\u0161e esence do v\u00ed\u0159ivek ze Schwarzwaldu pro intenzivn\u00ed v\u016fni.\",\"breadcrumb\":{\"@id\":\"https:\/\/anderskafka.cz\/eshop\/produkt\/liebenstein-vonna-esence-do-virivky-extrakt-z-limetky-a-zazvoru-200ml\/#breadcrumb\"},\"inLanguage\":\"cs\",\"potentialAction\":[{\"@type\":\"ReadAction\",\"target\":[\"https:\/\/anderskafka.cz\/eshop\/produkt\/liebenstein-vonna-esence-do-virivky-extrakt-z-limetky-a-zazvoru-200ml\/\"]}]},{\"@type\":\"BreadcrumbList\",\"@id\":\"https:\/\/anderskafka.cz\/eshop\/produkt\/liebenstein-vonna-esence-do-virivky-extrakt-z-limetky-a-zazvoru-200ml\/#breadcrumb\",\"itemListElement\":[{\"@type\":\"ListItem\",\"position\":1,\"name\":\"Obchod\",\"item\":\"https:\/\/anderskafka.cz\/eshop\/obchod\/\"},{\"@type\":\"ListItem\",\"position\":2,\"name\":\"LIEBENSTEIN vonn\u00e1 esence do v\u00ed\u0159ivky, extrakt z limetky a z\u00e1zvoru 200ml\"}]}]}<\/script>\n<!-- \/ Yoast SEO plugin. -->","yoast_head_json":{"title":"LIEBENSTEIN vonn\u00e1 esence do v\u00ed\u0159ivky, extrakt z limetky a z\u00e1zvoru 200ml - Anders &amp; Kafka E-SHOP","description":"Pr\u00e9miov\u00e1 vonn\u00e1 esence do v\u00ed\u0159ivky, skl\u00e1d\u00e1 se ze 100% p\u0159\u00edrodn\u00edch ingredienc\u00ed a kombinuje p\u0159\u00edjemn\u011b sv\u011b\u017e\u00ed t\u00f3ny limetky a z\u00e1zvoru. V t\u00e9to v\u016fni najdou sv\u00e9 vybran\u00e9 m\u00edsto pouze ty nejlep\u0161\u00ed suroviny. Vonn\u00e1 esence umoc\u0148uje blahod\u00e1rn\u00fd \u00fa\u010dinek v\u00ed\u0159ivky. Receptura vonn\u00e9 esence do v\u00ed\u0159ivky zabra\u0148uje nadm\u011brn\u00e9 tvorb\u011b p\u011bny a z\u00e1kalu ve vod\u011b. Aromaterapie pomoc\u00ed t\u00e9to vonn\u00e9 esence p\u0159in\u00e1\u0161\u00ed hlubokou du\u0161evn\u00ed a fyzickou rovnov\u00e1hu a umo\u017en\u00ed v\u00e1m zapomenout na stres ka\u017edodenn\u00edho \u017eivota. Vyr\u00e1b\u011bn\u00e9 region\u00e1ln\u011b a udr\u017eiteln\u00fdm zp\u016fsobem. Va\u0161e esence do v\u00ed\u0159ivek ze Schwarzwaldu pro intenzivn\u00ed v\u016fni.","robots":{"index":"index","follow":"follow","max-snippet":"max-snippet:-1","max-image-preview":"max-image-preview:large","max-video-preview":"max-video-preview:-1"},"canonical":"https:\/\/anderskafka.cz\/eshop\/produkt\/liebenstein-vonna-esence-do-virivky-extrakt-z-limetky-a-zazvoru-200ml\/","og_locale":"cs_CZ","og_type":"article","og_title":"LIEBENSTEIN vonn\u00e1 esence do v\u00ed\u0159ivky, extrakt z limetky a z\u00e1zvoru 200ml - Anders &amp; Kafka E-SHOP","og_description":"Pr\u00e9miov\u00e1 vonn\u00e1 esence do v\u00ed\u0159ivky, skl\u00e1d\u00e1 se ze 100% p\u0159\u00edrodn\u00edch ingredienc\u00ed a kombinuje p\u0159\u00edjemn\u011b sv\u011b\u017e\u00ed t\u00f3ny limetky a z\u00e1zvoru. V t\u00e9to v\u016fni najdou sv\u00e9 vybran\u00e9 m\u00edsto pouze ty nejlep\u0161\u00ed suroviny. Vonn\u00e1 esence umoc\u0148uje blahod\u00e1rn\u00fd \u00fa\u010dinek v\u00ed\u0159ivky. Receptura vonn\u00e9 esence do v\u00ed\u0159ivky zabra\u0148uje nadm\u011brn\u00e9 tvorb\u011b p\u011bny a z\u00e1kalu ve vod\u011b. Aromaterapie pomoc\u00ed t\u00e9to vonn\u00e9 esence p\u0159in\u00e1\u0161\u00ed hlubokou du\u0161evn\u00ed a fyzickou rovnov\u00e1hu a umo\u017en\u00ed v\u00e1m zapomenout na stres ka\u017edodenn\u00edho \u017eivota. Vyr\u00e1b\u011bn\u00e9 region\u00e1ln\u011b a udr\u017eiteln\u00fdm zp\u016fsobem. Va\u0161e esence do v\u00ed\u0159ivek ze Schwarzwaldu pro intenzivn\u00ed v\u016fni.","og_url":"https:\/\/anderskafka.cz\/eshop\/produkt\/liebenstein-vonna-esence-do-virivky-extrakt-z-limetky-a-zazvoru-200ml\/","og_site_name":"Anders &amp; Kafka E-SHOP","article_modified_time":"2026-05-01T09:27:39+00:00","og_image":[{"width":700,"height":700,"url":"https:\/\/anderskafka.cz\/eshop\/wp-content\/uploads\/sites\/3\/2022\/12\/LB-VESENdoVIR200-SINNESREISE_H.jpg","type":"image\/jpeg"}],"twitter_card":"summary_large_image","twitter_misc":{"Odhadovan\u00e1 doba \u010dten\u00ed":"1 minuta"},"schema":{"@context":"https:\/\/schema.org","@graph":[{"@type":"WebSite","@id":"https:\/\/anderskafka.cz\/eshop\/#website","url":"https:\/\/anderskafka.cz\/eshop\/","name":"Anders &amp; Kafka E-SHOP","description":"Anders &amp; Kafka E-SHOP","potentialAction":[{"@type":"SearchAction","target":{"@type":"EntryPoint","urlTemplate":"https:\/\/anderskafka.cz\/eshop\/?s={search_term_string}"},"query-input":"required name=search_term_string"}],"inLanguage":"cs"},{"@type":"ImageObject","@id":"https:\/\/anderskafka.cz\/eshop\/produkt\/liebenstein-vonna-esence-do-virivky-extrakt-z-limetky-a-zazvoru-200ml\/#primaryimage","inLanguage":"cs","url":"https:\/\/anderskafka.cz\/eshop\/wp-content\/uploads\/sites\/3\/2022\/12\/LB-VESENdoVIR200-SINNESREISE_H.jpg","contentUrl":"https:\/\/anderskafka.cz\/eshop\/wp-content\/uploads\/sites\/3\/2022\/12\/LB-VESENdoVIR200-SINNESREISE_H.jpg","width":700,"height":700},{"@type":"WebPage","@id":"https:\/\/anderskafka.cz\/eshop\/produkt\/liebenstein-vonna-esence-do-virivky-extrakt-z-limetky-a-zazvoru-200ml\/#webpage","url":"https:\/\/anderskafka.cz\/eshop\/produkt\/liebenstein-vonna-esence-do-virivky-extrakt-z-limetky-a-zazvoru-200ml\/","name":"LIEBENSTEIN vonn\u00e1 esence do v\u00ed\u0159ivky, extrakt z limetky a z\u00e1zvoru 200ml - Anders &amp; Kafka E-SHOP","isPartOf":{"@id":"https:\/\/anderskafka.cz\/eshop\/#website"},"primaryImageOfPage":{"@id":"https:\/\/anderskafka.cz\/eshop\/produkt\/liebenstein-vonna-esence-do-virivky-extrakt-z-limetky-a-zazvoru-200ml\/#primaryimage"},"datePublished":"2022-12-09T13:22:48+00:00","dateModified":"2026-05-01T09:27:39+00:00","description":"Pr\u00e9miov\u00e1 vonn\u00e1 esence do v\u00ed\u0159ivky, skl\u00e1d\u00e1 se ze 100% p\u0159\u00edrodn\u00edch ingredienc\u00ed a kombinuje p\u0159\u00edjemn\u011b sv\u011b\u017e\u00ed t\u00f3ny limetky a z\u00e1zvoru. V t\u00e9to v\u016fni najdou sv\u00e9 vybran\u00e9 m\u00edsto pouze ty nejlep\u0161\u00ed suroviny. Vonn\u00e1 esence umoc\u0148uje blahod\u00e1rn\u00fd \u00fa\u010dinek v\u00ed\u0159ivky. Receptura vonn\u00e9 esence do v\u00ed\u0159ivky zabra\u0148uje nadm\u011brn\u00e9 tvorb\u011b p\u011bny a z\u00e1kalu ve vod\u011b. Aromaterapie pomoc\u00ed t\u00e9to vonn\u00e9 esence p\u0159in\u00e1\u0161\u00ed hlubokou du\u0161evn\u00ed a fyzickou rovnov\u00e1hu a umo\u017en\u00ed v\u00e1m zapomenout na stres ka\u017edodenn\u00edho \u017eivota. Vyr\u00e1b\u011bn\u00e9 region\u00e1ln\u011b a udr\u017eiteln\u00fdm zp\u016fsobem. Va\u0161e esence do v\u00ed\u0159ivek ze Schwarzwaldu pro intenzivn\u00ed v\u016fni.","breadcrumb":{"@id":"https:\/\/anderskafka.cz\/eshop\/produkt\/liebenstein-vonna-esence-do-virivky-extrakt-z-limetky-a-zazvoru-200ml\/#breadcrumb"},"inLanguage":"cs","potentialAction":[{"@type":"ReadAction","target":["https:\/\/anderskafka.cz\/eshop\/produkt\/liebenstein-vonna-esence-do-virivky-extrakt-z-limetky-a-zazvoru-200ml\/"]}]},{"@type":"BreadcrumbList","@id":"https:\/\/anderskafka.cz\/eshop\/produkt\/liebenstein-vonna-esence-do-virivky-extrakt-z-limetky-a-zazvoru-200ml\/#breadcrumb","itemListElement":[{"@type":"ListItem","position":1,"name":"Obchod","item":"https:\/\/anderskafka.cz\/eshop\/obchod\/"},{"@type":"ListItem","position":2,"name":"LIEBENSTEIN vonn\u00e1 esence do v\u00ed\u0159ivky, extrakt z limetky a z\u00e1zvoru 200ml"}]}]}},"locations":[],"_links":{"self":[{"href":"https:\/\/anderskafka.cz\/eshop\/wp-json\/wp\/v2\/product\/1229"}],"collection":[{"href":"https:\/\/anderskafka.cz\/eshop\/wp-json\/wp\/v2\/product"}],"about":[{"href":"https:\/\/anderskafka.cz\/eshop\/wp-json\/wp\/v2\/types\/product"}],"replies":[{"embeddable":true,"href":"https:\/\/anderskafka.cz\/eshop\/wp-json\/wp\/v2\/comments?post=1229"}],"wp:featuredmedia":[{"embeddable":true,"href":"https:\/\/anderskafka.cz\/eshop\/wp-json\/wp\/v2\/media\/1195"}],"wp:attachment":[{"href":"https:\/\/anderskafka.cz\/eshop\/wp-json\/wp\/v2\/media?parent=1229"}],"wp:term":[{"taxonomy":"location","embeddable":true,"href":"https:\/\/anderskafka.cz\/eshop\/wp-json\/wp\/v2\/location?post=1229"},{"taxonomy":"product_cat","embeddable":true,"href":"https:\/\/anderskafka.cz\/eshop\/wp-json\/wp\/v2\/product_cat?post=1229"},{"taxonomy":"product_tag","embeddable":true,"href":"https:\/\/anderskafka.cz\/eshop\/wp-json\/wp\/v2\/product_tag?post=1229"}],"curies":[{"name":"wp","href":"https:\/\/api.w.org\/{rel}","templated":true}]}}