{"id":12459,"date":"2025-10-21T14:46:47","date_gmt":"2025-10-21T12:46:47","guid":{"rendered":"https:\/\/anderskafka.cz\/eshop\/?post_type=product&#038;p=12459"},"modified":"2026-04-16T09:37:18","modified_gmt":"2026-04-16T07:37:18","slug":"harvia-austria-ridici-jednotka-pro-d3-vykonovy-modul-pro-d-ip-65","status":"publish","type":"product","link":"https:\/\/anderskafka.cz\/eshop\/produkt\/harvia-austria-ridici-jednotka-pro-d3-vykonovy-modul-pro-d-ip-65\/","title":{"rendered":"HARVIA AUSTRIA \u0159\u00eddic\u00ed jednotka PRO D3I + v\u00fdkonov\u00fd modul PRO D IP 65 kombi 10,5kW"},"content":{"rendered":"<div class=\"page\" title=\"Page 11\">\n<div class=\"section\">\n<div class=\"layoutArea\">\n<div class=\"column\">\n<p><strong>Inteligentn\u00ed \u0159i\u0301dici\u0301 jednotka sauny PRO D3I \u00a0je vybavena na\u0301sleduji\u0301ci\u0301mi funkcemi:<\/strong><\/p>\n<p>Regulace bio saunovy\u0301ch kamen o topne\u0301m vy\u0301konu do 10,5 kW a vy\u0301konu odpar\u030cova\u0301ni\u0301 az\u030c 3,5 kW v rozsahu teplot 30 \u00b0C az\u030c 110 \u00b0C a v rozsahu vlhkosti 0 az\u030c 100 %.<br \/>\nDi\u0301ky pr\u030ci\u0301davne\u0301mu vy\u0301konove\u0301mu modulu lze zvy\u0301s\u030cit maxima\u0301lni\u0301 spi\u0301naci\u0301 vy\u0301kon z 10,5 kW na 18 kW nebo 30 kW.<br \/>\nVolitelne\u0301 ztlumeni\u0301 nebo rozsvi\u0301ceni\u0301 osve\u030ctleni\u0301 v kabine\u030c (az\u030c 100 W).<\/p>\n<p>Dodate\u010dn\u00fd v\u00fdstup p\u0159ep\u00ednateln\u00fd a\u017e do 3,5 kW nebo 500 W stm\u00edvateln\u00fd (nap\u0159\u00edklad pro infra\u010derven\u00e9 topen\u00ed nebo infra\u010derven\u00e9 topn\u00e9 panely)<br \/>\nVolitelne\u0301 ztlumeni\u0301 nebo zapnuti\u0301 ventila\u0301toru (az\u030c 100 W).<br \/>\nFunkce da\u0301lkove\u0301ho zapnuti\u0301.<br \/>\nStavovy\u0301 vy\u0301stup.<br \/>\nFunkce pr\u030cednastaveni\u0301 c\u030casu (do 6 hodin).<br \/>\nPomoci\u0301 uz\u030civatelsky\u0301ch programu\u030a lze ukla\u0301dat a ope\u030ct vyvola\u0301vat upr\u030cednostne\u030cna\u0301 nastaveni\u0301 sauny. K dispozici je 5 pr\u030cednastaveny\u0301ch uz\u030civatelsky\u0301ch programu\u030a, ktere\u0301 lze me\u030cnit podle pr\u030cednastaveni\u0301 uz\u030civatele.<br \/>\nR\u030ci\u0301dici\u0301 jednotka sauny se z bezpec\u030cnostni\u0301ch du\u030avodu\u030a po uplynuti\u0301 maxima\u0301lni\u0301 doby topeni\u0301 automaticky vypne. Maxima\u0301lni\u0301 dobu topeni\u0301 lze nastavit na 6 h, 12 h, 18 h nebo 24 h.<br \/>\nPo ukonc\u030ceni\u0301 bio provozu dojde k automaticke\u0301mu spus\u030cte\u030cni\u0301 programu vysous\u030ceni\u0301, ktery\u0301 zabra\u0301ni\u0301 ru\u030astu pli\u0301sni\u0301 a hniloby v saunovaci\u0301 kabine\u030c. Pr\u030citom je saunovaci\u0301 kabina zahr\u030ci\u0301va\u0301na pr\u030ci zapnute\u0301m ventila\u0301toru po dobu 30 minut na teplotu 80 \u00b0C.<br \/>\nPojistka proti pr\u030cehr\u030ci\u0301va\u0301ni\u0301 je umi\u0301ste\u030cna v krytu c\u030cidla kamen. V pr\u030ci\u0301pade\u030c, z\u030ce saunova\u0301 kamna na\u0301sledkem za\u0301vady topi\u0301 i nada\u0301le po dosaz\u030ceni\u0301 poz\u030cadovane\u0301 teploty, vypne pojistka proti pr\u030cehr\u030ci\u0301va\u0301ni\u0301 saunova\u0301 kamna automaticky pr\u030ci teplote\u030c cca 139 \u00b0C.<\/p>\n<p>Pro regulaci vlhkosti je nutn\u00e9 dokoupit \u010didlo FTS2.<\/p>\n<\/div>\n<\/div>\n<\/div>\n<\/div>\n","protected":false},"excerpt":{"rendered":"<div>\n<p>Sada inteligentn\u00ed \u0159\u00eddic\u00ed jednotky PRO D3I pro bio a infra saunu a v\u00fdkonov\u00e9ho prvku s kryt\u00edm IP 65 pro biosaunu.<br \/>\n<span style=\"font-size: 16px;\">Spole\u010dnost HARVIA AUSTRIA vyv\u00edj\u00ed a vyr\u00e1b\u00ed kvalitn\u00ed a inovativn\u00ed produkty ur\u010den\u00e9 k tomu, aby Va\u0161e chv\u00edle str\u00e1ven\u00e9 v saun\u011b byly co nejv\u00edce relaxuj\u00edc\u00ed.<\/span><\/p>\n<\/div>\n<div>\n<p><img loading=\"lazy\" class=\"alignnone size-full wp-image-1323 aligncenter\" src=\"https:\/\/anderskafka.cz\/eshop\/wp-content\/uploads\/sites\/3\/2022\/12\/logoHarvia.png\" alt=\"\" width=\"102\" height=\"102\" srcset=\"https:\/\/anderskafka.cz\/eshop\/wp-content\/uploads\/sites\/3\/2022\/12\/logoHarvia.png 102w, https:\/\/anderskafka.cz\/eshop\/wp-content\/uploads\/sites\/3\/2022\/12\/logoHarvia-100x100.png 100w, https:\/\/anderskafka.cz\/eshop\/wp-content\/uploads\/sites\/3\/2022\/12\/logoHarvia-64x64.png 64w\" sizes=\"(max-width: 102px) 100vw, 102px\" \/><\/p>\n<\/div>\n","protected":false},"featured_media":14742,"comment_status":"open","ping_status":"closed","template":"","meta":{"site-sidebar-layout":"default","site-content-layout":"default","ast-main-header-display":"","ast-hfb-above-header-display":"","ast-hfb-below-header-display":"","ast-hfb-mobile-header-display":"","site-post-title":"","ast-breadcrumbs-content":"","ast-featured-img":"","footer-sml-layout":"","theme-transparent-header-meta":"","adv-header-id-meta":"","stick-header-meta":"","header-above-stick-meta":"","header-main-stick-meta":"","header-below-stick-meta":""},"location":[],"product_cat":[544],"product_tag":[324],"yoast_head":"<!-- This site is optimized with the Yoast SEO plugin v18.5.1 - https:\/\/yoast.com\/wordpress\/plugins\/seo\/ -->\n<title>HARVIA AUSTRIA \u0159\u00eddic\u00ed jednotka PRO D3I + v\u00fdkonov\u00fd modul PRO D IP 65 kombi 10,5kW - Anders &amp; Kafka E-SHOP<\/title>\n<meta name=\"description\" content=\"Inteligentn\u00ed \u0159\u00edd\u00edc\u00ed jednotka s patentovanou, inovativn\u00ed technologi\u00ed a intuitivn\u00edm ovl\u00e1d\u00e1n\u00edm je ur\u010dena pro elektrick\u00e1 topidla pro finskou saunu s v\u00fdkonem topidla do 10,5 KW a p\u0159i pou\u017eit\u00ed pr\u030ci\u0301davne\u0301ho vy\u0301konove\u0301ho modulu a\u017e do v\u00fdkonu 30 kW.\" \/>\n<meta name=\"robots\" content=\"index, follow, max-snippet:-1, max-image-preview:large, max-video-preview:-1\" \/>\n<link rel=\"canonical\" href=\"https:\/\/anderskafka.cz\/eshop\/produkt\/harvia-austria-ridici-jednotka-pro-d3-vykonovy-modul-pro-d-ip-65\/\" \/>\n<meta property=\"og:locale\" content=\"cs_CZ\" \/>\n<meta property=\"og:type\" content=\"article\" \/>\n<meta property=\"og:title\" content=\"HARVIA AUSTRIA \u0159\u00eddic\u00ed jednotka PRO D3I + v\u00fdkonov\u00fd modul PRO D IP 65 kombi 10,5kW - Anders &amp; Kafka E-SHOP\" \/>\n<meta property=\"og:description\" content=\"Inteligentn\u00ed \u0159\u00edd\u00edc\u00ed jednotka s patentovanou, inovativn\u00ed technologi\u00ed a intuitivn\u00edm ovl\u00e1d\u00e1n\u00edm je ur\u010dena pro elektrick\u00e1 topidla pro finskou saunu s v\u00fdkonem topidla do 10,5 KW a p\u0159i pou\u017eit\u00ed pr\u030ci\u0301davne\u0301ho vy\u0301konove\u0301ho modulu a\u017e do v\u00fdkonu 30 kW.\" \/>\n<meta property=\"og:url\" content=\"https:\/\/anderskafka.cz\/eshop\/produkt\/harvia-austria-ridici-jednotka-pro-d3-vykonovy-modul-pro-d-ip-65\/\" \/>\n<meta property=\"og:site_name\" content=\"Anders &amp; Kafka E-SHOP\" \/>\n<meta property=\"article:modified_time\" content=\"2026-04-16T07:37:18+00:00\" \/>\n<meta name=\"twitter:card\" content=\"summary_large_image\" \/>\n<meta name=\"twitter:image\" content=\"https:\/\/anderskafka.cz\/eshop\/wp-content\/uploads\/sites\/3\/2025\/10\/HARVIA_PRO-IP-D3I_AndersKafka.webp\" \/>\n<meta name=\"twitter:label1\" content=\"Odhadovan\u00e1 doba \u010dten\u00ed\" \/>\n\t<meta name=\"twitter:data1\" content=\"2 minuty\" \/>\n<script type=\"application\/ld+json\" class=\"yoast-schema-graph\">{\"@context\":\"https:\/\/schema.org\",\"@graph\":[{\"@type\":\"WebSite\",\"@id\":\"https:\/\/anderskafka.cz\/eshop\/#website\",\"url\":\"https:\/\/anderskafka.cz\/eshop\/\",\"name\":\"Anders &amp; Kafka E-SHOP\",\"description\":\"Anders &amp; Kafka E-SHOP\",\"potentialAction\":[{\"@type\":\"SearchAction\",\"target\":{\"@type\":\"EntryPoint\",\"urlTemplate\":\"https:\/\/anderskafka.cz\/eshop\/?s={search_term_string}\"},\"query-input\":\"required name=search_term_string\"}],\"inLanguage\":\"cs\"},{\"@type\":\"ImageObject\",\"@id\":\"https:\/\/anderskafka.cz\/eshop\/produkt\/harvia-austria-ridici-jednotka-pro-d3-vykonovy-modul-pro-d-ip-65\/#primaryimage\",\"inLanguage\":\"cs\",\"url\":\"https:\/\/anderskafka.cz\/eshop\/wp-content\/uploads\/sites\/3\/2025\/10\/HARVIA_PRO-IP-D3I_AndersKafka.webp\",\"contentUrl\":\"https:\/\/anderskafka.cz\/eshop\/wp-content\/uploads\/sites\/3\/2025\/10\/HARVIA_PRO-IP-D3I_AndersKafka.webp\",\"width\":1500,\"height\":1500},{\"@type\":\"WebPage\",\"@id\":\"https:\/\/anderskafka.cz\/eshop\/produkt\/harvia-austria-ridici-jednotka-pro-d3-vykonovy-modul-pro-d-ip-65\/#webpage\",\"url\":\"https:\/\/anderskafka.cz\/eshop\/produkt\/harvia-austria-ridici-jednotka-pro-d3-vykonovy-modul-pro-d-ip-65\/\",\"name\":\"HARVIA AUSTRIA \u0159\u00eddic\u00ed jednotka PRO D3I + v\u00fdkonov\u00fd modul PRO D IP 65 kombi 10,5kW - Anders &amp; Kafka E-SHOP\",\"isPartOf\":{\"@id\":\"https:\/\/anderskafka.cz\/eshop\/#website\"},\"primaryImageOfPage\":{\"@id\":\"https:\/\/anderskafka.cz\/eshop\/produkt\/harvia-austria-ridici-jednotka-pro-d3-vykonovy-modul-pro-d-ip-65\/#primaryimage\"},\"datePublished\":\"2025-10-21T12:46:47+00:00\",\"dateModified\":\"2026-04-16T07:37:18+00:00\",\"description\":\"Inteligentn\u00ed \u0159\u00edd\u00edc\u00ed jednotka s patentovanou, inovativn\u00ed technologi\u00ed a intuitivn\u00edm ovl\u00e1d\u00e1n\u00edm je ur\u010dena pro elektrick\u00e1 topidla pro finskou saunu s v\u00fdkonem topidla do 10,5 KW a p\u0159i pou\u017eit\u00ed pr\u030ci\u0301davne\u0301ho vy\u0301konove\u0301ho modulu a\u017e do v\u00fdkonu 30 kW.\",\"breadcrumb\":{\"@id\":\"https:\/\/anderskafka.cz\/eshop\/produkt\/harvia-austria-ridici-jednotka-pro-d3-vykonovy-modul-pro-d-ip-65\/#breadcrumb\"},\"inLanguage\":\"cs\",\"potentialAction\":[{\"@type\":\"ReadAction\",\"target\":[\"https:\/\/anderskafka.cz\/eshop\/produkt\/harvia-austria-ridici-jednotka-pro-d3-vykonovy-modul-pro-d-ip-65\/\"]}]},{\"@type\":\"BreadcrumbList\",\"@id\":\"https:\/\/anderskafka.cz\/eshop\/produkt\/harvia-austria-ridici-jednotka-pro-d3-vykonovy-modul-pro-d-ip-65\/#breadcrumb\",\"itemListElement\":[{\"@type\":\"ListItem\",\"position\":1,\"name\":\"Obchod\",\"item\":\"https:\/\/anderskafka.cz\/eshop\/obchod\/\"},{\"@type\":\"ListItem\",\"position\":2,\"name\":\"HARVIA AUSTRIA \u0159\u00eddic\u00ed jednotka PRO D3I + v\u00fdkonov\u00fd modul PRO D IP 65 kombi 10,5kW\"}]}]}<\/script>\n<!-- \/ Yoast SEO plugin. -->","yoast_head_json":{"title":"HARVIA AUSTRIA \u0159\u00eddic\u00ed jednotka PRO D3I + v\u00fdkonov\u00fd modul PRO D IP 65 kombi 10,5kW - Anders &amp; Kafka E-SHOP","description":"Inteligentn\u00ed \u0159\u00edd\u00edc\u00ed jednotka s patentovanou, inovativn\u00ed technologi\u00ed a intuitivn\u00edm ovl\u00e1d\u00e1n\u00edm je ur\u010dena pro elektrick\u00e1 topidla pro finskou saunu s v\u00fdkonem topidla do 10,5 KW a p\u0159i pou\u017eit\u00ed pr\u030ci\u0301davne\u0301ho vy\u0301konove\u0301ho modulu a\u017e do v\u00fdkonu 30 kW.","robots":{"index":"index","follow":"follow","max-snippet":"max-snippet:-1","max-image-preview":"max-image-preview:large","max-video-preview":"max-video-preview:-1"},"canonical":"https:\/\/anderskafka.cz\/eshop\/produkt\/harvia-austria-ridici-jednotka-pro-d3-vykonovy-modul-pro-d-ip-65\/","og_locale":"cs_CZ","og_type":"article","og_title":"HARVIA AUSTRIA \u0159\u00eddic\u00ed jednotka PRO D3I + v\u00fdkonov\u00fd modul PRO D IP 65 kombi 10,5kW - Anders &amp; Kafka E-SHOP","og_description":"Inteligentn\u00ed \u0159\u00edd\u00edc\u00ed jednotka s patentovanou, inovativn\u00ed technologi\u00ed a intuitivn\u00edm ovl\u00e1d\u00e1n\u00edm je ur\u010dena pro elektrick\u00e1 topidla pro finskou saunu s v\u00fdkonem topidla do 10,5 KW a p\u0159i pou\u017eit\u00ed pr\u030ci\u0301davne\u0301ho vy\u0301konove\u0301ho modulu a\u017e do v\u00fdkonu 30 kW.","og_url":"https:\/\/anderskafka.cz\/eshop\/produkt\/harvia-austria-ridici-jednotka-pro-d3-vykonovy-modul-pro-d-ip-65\/","og_site_name":"Anders &amp; Kafka E-SHOP","article_modified_time":"2026-04-16T07:37:18+00:00","twitter_card":"summary_large_image","twitter_image":"https:\/\/anderskafka.cz\/eshop\/wp-content\/uploads\/sites\/3\/2025\/10\/HARVIA_PRO-IP-D3I_AndersKafka.webp","twitter_misc":{"Odhadovan\u00e1 doba \u010dten\u00ed":"2 minuty"},"schema":{"@context":"https:\/\/schema.org","@graph":[{"@type":"WebSite","@id":"https:\/\/anderskafka.cz\/eshop\/#website","url":"https:\/\/anderskafka.cz\/eshop\/","name":"Anders &amp; Kafka E-SHOP","description":"Anders &amp; Kafka E-SHOP","potentialAction":[{"@type":"SearchAction","target":{"@type":"EntryPoint","urlTemplate":"https:\/\/anderskafka.cz\/eshop\/?s={search_term_string}"},"query-input":"required name=search_term_string"}],"inLanguage":"cs"},{"@type":"ImageObject","@id":"https:\/\/anderskafka.cz\/eshop\/produkt\/harvia-austria-ridici-jednotka-pro-d3-vykonovy-modul-pro-d-ip-65\/#primaryimage","inLanguage":"cs","url":"https:\/\/anderskafka.cz\/eshop\/wp-content\/uploads\/sites\/3\/2025\/10\/HARVIA_PRO-IP-D3I_AndersKafka.webp","contentUrl":"https:\/\/anderskafka.cz\/eshop\/wp-content\/uploads\/sites\/3\/2025\/10\/HARVIA_PRO-IP-D3I_AndersKafka.webp","width":1500,"height":1500},{"@type":"WebPage","@id":"https:\/\/anderskafka.cz\/eshop\/produkt\/harvia-austria-ridici-jednotka-pro-d3-vykonovy-modul-pro-d-ip-65\/#webpage","url":"https:\/\/anderskafka.cz\/eshop\/produkt\/harvia-austria-ridici-jednotka-pro-d3-vykonovy-modul-pro-d-ip-65\/","name":"HARVIA AUSTRIA \u0159\u00eddic\u00ed jednotka PRO D3I + v\u00fdkonov\u00fd modul PRO D IP 65 kombi 10,5kW - Anders &amp; Kafka E-SHOP","isPartOf":{"@id":"https:\/\/anderskafka.cz\/eshop\/#website"},"primaryImageOfPage":{"@id":"https:\/\/anderskafka.cz\/eshop\/produkt\/harvia-austria-ridici-jednotka-pro-d3-vykonovy-modul-pro-d-ip-65\/#primaryimage"},"datePublished":"2025-10-21T12:46:47+00:00","dateModified":"2026-04-16T07:37:18+00:00","description":"Inteligentn\u00ed \u0159\u00edd\u00edc\u00ed jednotka s patentovanou, inovativn\u00ed technologi\u00ed a intuitivn\u00edm ovl\u00e1d\u00e1n\u00edm je ur\u010dena pro elektrick\u00e1 topidla pro finskou saunu s v\u00fdkonem topidla do 10,5 KW a p\u0159i pou\u017eit\u00ed pr\u030ci\u0301davne\u0301ho vy\u0301konove\u0301ho modulu a\u017e do v\u00fdkonu 30 kW.","breadcrumb":{"@id":"https:\/\/anderskafka.cz\/eshop\/produkt\/harvia-austria-ridici-jednotka-pro-d3-vykonovy-modul-pro-d-ip-65\/#breadcrumb"},"inLanguage":"cs","potentialAction":[{"@type":"ReadAction","target":["https:\/\/anderskafka.cz\/eshop\/produkt\/harvia-austria-ridici-jednotka-pro-d3-vykonovy-modul-pro-d-ip-65\/"]}]},{"@type":"BreadcrumbList","@id":"https:\/\/anderskafka.cz\/eshop\/produkt\/harvia-austria-ridici-jednotka-pro-d3-vykonovy-modul-pro-d-ip-65\/#breadcrumb","itemListElement":[{"@type":"ListItem","position":1,"name":"Obchod","item":"https:\/\/anderskafka.cz\/eshop\/obchod\/"},{"@type":"ListItem","position":2,"name":"HARVIA AUSTRIA \u0159\u00eddic\u00ed jednotka PRO D3I + v\u00fdkonov\u00fd modul PRO D IP 65 kombi 10,5kW"}]}]}},"locations":[],"_links":{"self":[{"href":"https:\/\/anderskafka.cz\/eshop\/wp-json\/wp\/v2\/product\/12459"}],"collection":[{"href":"https:\/\/anderskafka.cz\/eshop\/wp-json\/wp\/v2\/product"}],"about":[{"href":"https:\/\/anderskafka.cz\/eshop\/wp-json\/wp\/v2\/types\/product"}],"replies":[{"embeddable":true,"href":"https:\/\/anderskafka.cz\/eshop\/wp-json\/wp\/v2\/comments?post=12459"}],"wp:featuredmedia":[{"embeddable":true,"href":"https:\/\/anderskafka.cz\/eshop\/wp-json\/wp\/v2\/media\/14742"}],"wp:attachment":[{"href":"https:\/\/anderskafka.cz\/eshop\/wp-json\/wp\/v2\/media?parent=12459"}],"wp:term":[{"taxonomy":"location","embeddable":true,"href":"https:\/\/anderskafka.cz\/eshop\/wp-json\/wp\/v2\/location?post=12459"},{"taxonomy":"product_cat","embeddable":true,"href":"https:\/\/anderskafka.cz\/eshop\/wp-json\/wp\/v2\/product_cat?post=12459"},{"taxonomy":"product_tag","embeddable":true,"href":"https:\/\/anderskafka.cz\/eshop\/wp-json\/wp\/v2\/product_tag?post=12459"}],"curies":[{"name":"wp","href":"https:\/\/api.w.org\/{rel}","templated":true}]}}