{"id":12470,"date":"2025-10-21T17:16:59","date_gmt":"2025-10-21T15:16:59","guid":{"rendered":"https:\/\/anderskafka.cz\/eshop\/?post_type=product&#038;p=12470"},"modified":"2026-01-26T13:56:00","modified_gmt":"2026-01-26T12:56:00","slug":"drevena-ochlazovaci-kad-z-thermowood-s-vlozkou-ze-sklolaminatu-cold-tub-talvi","status":"publish","type":"product","link":"https:\/\/anderskafka.cz\/eshop\/produkt\/drevena-ochlazovaci-kad-z-thermowood-s-vlozkou-ze-sklolaminatu-cold-tub-talvi\/","title":{"rendered":"Ochlazovac\u00ed k\u00e1\u010f \u2013 TALVI"},"content":{"rendered":"<p>Ochlazovac\u00ed k\u00e1\u010f m\u00e1 rozm\u011bry: Pr\u016fm\u011br vn\u011bj\u0161\u00ed\/vnit\u0159n\u00ed: 102 cm \/ 88 cm, v\u00fd\u0161ka: 103 cm, v\u00e1ha: 100 kg, objem vody: 350 l<\/p>\n<p>Ochlazovac\u00ed k\u00e1\u010f je ide\u00e1ln\u00ed k \u0161okov\u00e9mu ochlazen\u00ed po saunov\u00e1n\u00ed nebo k otu\u017eov\u00e1n\u00ed. K jednoduch\u00e9mu vstupu a v\u00fdstupu do a z k\u00e1d\u011b slou\u017e\u00ed sch\u016fdky, kter\u00e9 jsou sou\u010d\u00e1st\u00ed dod\u00e1vky.<\/p>\n<p>&nbsp;<\/p>\n<h4><strong>Rozsah doda\u0301vky &#8211; ochlazovac\u00ed k\u00e1\u010f obdr\u017e\u00edte ve smontovan\u00e9m stavu:<\/strong><\/h4>\n<ul>\n<li>Vlo\u017eka ze sklolamin\u00e1tu &#8211; dv\u011b barevn\u00e9 varianty<\/li>\n<li>Oblo\u017een\u00ed a sch\u016fdky z Thermowood<\/li>\n<li>Teplom\u011br<\/li>\n<li>Vypou\u0161t\u011bc\u00ed ventil<\/li>\n<\/ul>\n<p>K\u00e1\u010f je odoln\u00e1 proti pov\u011btrnostn\u00edm vliv\u016fm, napust\u00edte ji pomoc\u00ed zahradn\u00ed hadice, vypust\u00ed se pomoc\u00ed jednoduch\u00e9ho vypou\u0161t\u011bc\u00edho ventilu.<\/p>\n<p>&nbsp;<\/p>\n<h4><strong>ThermoWood\u00ae<\/strong><\/h4>\n<p>Tato technologie \u00fapravy d\u0159eva\u00a0<strong>\u00a0<\/strong>poch\u00e1z\u00ed z Finska. Jde o jednoduch\u00fd a naprosto ekologick\u00fd zp\u016fsob, jak p\u0159ipravit evropsk\u00e9 d\u0159evo tak, aby m\u011blo vlastnosti srovnateln\u00e9 se vz\u00e1cn\u00fdmi exotick\u00fdmi d\u0159evinami.<\/p>\n<p>Spo\u010d\u00edv\u00e1 v tom, \u017ee se ka\u017ed\u00fd jednotliv\u00fd kus tepeln\u011b uprav\u00ed horkem a p\u00e1rou p\u0159i teplot\u011b 180 \u2013 220\u00b0C, d\u00edky \u010demu\u017e z\u00edsk\u00e1 nov\u00e9 fyzik\u00e1ln\u00ed a mechanick\u00e9 vlastnosti \u2013 zcela bez chemik\u00e1li\u00ed. Ze d\u0159eva se t\u00edmto vypud\u00ed prysky\u0159ice a zm\u011bn\u00ed se jeho bun\u011b\u010dn\u00e1 struktura, co\u017e vede ke:<\/p>\n<ul>\n<li>sn\u00ed\u017een\u00e9 nas\u00e1kavosti (je velmi odoln\u00e9 v\u016f\u010di okoln\u00ed vlhkosti)<\/li>\n<li>sn\u00ed\u017een\u00e9 vodivosti (hod\u00ed se tak na saunov\u00e9 obklady a lavice, jeliko\u017e se tolik nerozpaluje)<\/li>\n<li>st\u00e1losti (d\u00e1le se nem\u011bn\u00ed, nepracuje, nekrout\u00ed se)<\/li>\n<li>suchosti (jeho vlhkost se permanentn\u011b sn\u00ed\u017e\u00ed na cca 5%)<\/li>\n<li>odolnosti v\u016f\u010di \u0161k\u016fdc\u016fm (neobsahuje l\u00e1tky, kter\u00fdmi se \u017eiv\u00ed d\u0159evokazn\u00e9 houby \u010di hmyz)<\/li>\n<li>lehkosti<\/li>\n<li>tmav\u0161\u00edmu, luxusn\u011bj\u0161\u00edmu vzhledu<\/li>\n<\/ul>\n<p>Bez jak\u00fdchkoliv \u00faprav by takov\u00e9 d\u0159evo m\u011blo v perfektn\u00edm stavu vydr\u017eet minim\u00e1ln\u011b 20 let. B\u011bhem \u010dasu se na n\u011bm vytvo\u0159\u00ed pouze \u0161ed\u00e1 patina, kter\u00e1 v\u0161ak nem\u00e1 na jeho vlastnosti vliv. Pokud se v\u00e1m patina nel\u00edb\u00ed, d\u00e1 se j\u00ed zabr\u00e1nit pou\u017eit\u00edm oleje nebo vosku.<\/p>\n<p>&nbsp;<\/p>\n","protected":false},"excerpt":{"rendered":"<p style=\"font-weight: 400\">Ochlazovac\u00ed k\u00e1\u010f s vlo\u017ekou ze sklolamin\u00e1tu, je ide\u00e1ln\u00ed k \u0161okov\u00e9mu ochlazen\u00ed po saunov\u00e1n\u00ed nebo k otu\u017eov\u00e1n\u00ed<\/p>\n<p>&nbsp;<\/p>\n","protected":false},"featured_media":12469,"comment_status":"open","ping_status":"closed","template":"","meta":{"site-sidebar-layout":"default","site-content-layout":"default","ast-main-header-display":"","ast-hfb-above-header-display":"","ast-hfb-below-header-display":"","ast-hfb-mobile-header-display":"","site-post-title":"","ast-breadcrumbs-content":"","ast-featured-img":"","footer-sml-layout":"","theme-transparent-header-meta":"","adv-header-id-meta":"","stick-header-meta":"","header-above-stick-meta":"","header-main-stick-meta":"","header-below-stick-meta":""},"location":[],"product_cat":[1133,1134],"product_tag":[1664],"yoast_head":"<!-- This site is optimized with the Yoast SEO plugin v18.5.1 - https:\/\/yoast.com\/wordpress\/plugins\/seo\/ -->\n<title>Ochlazovac\u00ed k\u00e1\u010f \u2013 TALVI - Anders &amp; Kafka E-SHOP<\/title>\n<meta name=\"description\" content=\"Ochlazovac\u00ed k\u00e1\u010f s vlo\u017ekou ze sklolamin\u00e1tu, je ide\u00e1ln\u00ed k \u0161okov\u00e9mu ochlazen\u00ed po saunov\u00e1n\u00ed nebo k otu\u017eov\u00e1n\u00ed &nbsp;\" \/>\n<meta name=\"robots\" content=\"index, follow, max-snippet:-1, max-image-preview:large, max-video-preview:-1\" \/>\n<link rel=\"canonical\" href=\"https:\/\/anderskafka.cz\/eshop\/produkt\/drevena-ochlazovaci-kad-z-thermowood-s-vlozkou-ze-sklolaminatu-cold-tub-talvi\/\" \/>\n<meta property=\"og:locale\" content=\"cs_CZ\" \/>\n<meta property=\"og:type\" content=\"article\" \/>\n<meta property=\"og:title\" content=\"Ochlazovac\u00ed k\u00e1\u010f \u2013 TALVI - Anders &amp; Kafka E-SHOP\" \/>\n<meta property=\"og:description\" content=\"Ochlazovac\u00ed k\u00e1\u010f s vlo\u017ekou ze sklolamin\u00e1tu, je ide\u00e1ln\u00ed k \u0161okov\u00e9mu ochlazen\u00ed po saunov\u00e1n\u00ed nebo k otu\u017eov\u00e1n\u00ed &nbsp;\" \/>\n<meta property=\"og:url\" content=\"https:\/\/anderskafka.cz\/eshop\/produkt\/drevena-ochlazovaci-kad-z-thermowood-s-vlozkou-ze-sklolaminatu-cold-tub-talvi\/\" \/>\n<meta property=\"og:site_name\" content=\"Anders &amp; Kafka E-SHOP\" \/>\n<meta property=\"article:modified_time\" content=\"2026-01-26T12:56:00+00:00\" \/>\n<meta name=\"twitter:card\" content=\"summary_large_image\" \/>\n<meta name=\"twitter:image\" content=\"https:\/\/anderskafka.cz\/eshop\/wp-content\/uploads\/sites\/3\/2025\/10\/IceTub-titel-koncept.webp\" \/>\n<meta name=\"twitter:label1\" content=\"Odhadovan\u00e1 doba \u010dten\u00ed\" \/>\n\t<meta name=\"twitter:data1\" content=\"2 minuty\" \/>\n<script type=\"application\/ld+json\" class=\"yoast-schema-graph\">{\"@context\":\"https:\/\/schema.org\",\"@graph\":[{\"@type\":\"WebSite\",\"@id\":\"https:\/\/anderskafka.cz\/eshop\/#website\",\"url\":\"https:\/\/anderskafka.cz\/eshop\/\",\"name\":\"Anders &amp; Kafka E-SHOP\",\"description\":\"Anders &amp; Kafka E-SHOP\",\"potentialAction\":[{\"@type\":\"SearchAction\",\"target\":{\"@type\":\"EntryPoint\",\"urlTemplate\":\"https:\/\/anderskafka.cz\/eshop\/?s={search_term_string}\"},\"query-input\":\"required name=search_term_string\"}],\"inLanguage\":\"cs\"},{\"@type\":\"ImageObject\",\"@id\":\"https:\/\/anderskafka.cz\/eshop\/produkt\/drevena-ochlazovaci-kad-z-thermowood-s-vlozkou-ze-sklolaminatu-cold-tub-talvi\/#primaryimage\",\"inLanguage\":\"cs\",\"url\":\"https:\/\/anderskafka.cz\/eshop\/wp-content\/uploads\/sites\/3\/2025\/10\/IceTub-titel-koncept.webp\",\"contentUrl\":\"https:\/\/anderskafka.cz\/eshop\/wp-content\/uploads\/sites\/3\/2025\/10\/IceTub-titel-koncept.webp\",\"width\":794,\"height\":794},{\"@type\":\"WebPage\",\"@id\":\"https:\/\/anderskafka.cz\/eshop\/produkt\/drevena-ochlazovaci-kad-z-thermowood-s-vlozkou-ze-sklolaminatu-cold-tub-talvi\/#webpage\",\"url\":\"https:\/\/anderskafka.cz\/eshop\/produkt\/drevena-ochlazovaci-kad-z-thermowood-s-vlozkou-ze-sklolaminatu-cold-tub-talvi\/\",\"name\":\"Ochlazovac\u00ed k\u00e1\u010f \u2013 TALVI - Anders &amp; Kafka E-SHOP\",\"isPartOf\":{\"@id\":\"https:\/\/anderskafka.cz\/eshop\/#website\"},\"primaryImageOfPage\":{\"@id\":\"https:\/\/anderskafka.cz\/eshop\/produkt\/drevena-ochlazovaci-kad-z-thermowood-s-vlozkou-ze-sklolaminatu-cold-tub-talvi\/#primaryimage\"},\"datePublished\":\"2025-10-21T15:16:59+00:00\",\"dateModified\":\"2026-01-26T12:56:00+00:00\",\"description\":\"Ochlazovac\u00ed k\u00e1\u010f s vlo\u017ekou ze sklolamin\u00e1tu, je ide\u00e1ln\u00ed k \u0161okov\u00e9mu ochlazen\u00ed po saunov\u00e1n\u00ed nebo k otu\u017eov\u00e1n\u00ed &nbsp;\",\"breadcrumb\":{\"@id\":\"https:\/\/anderskafka.cz\/eshop\/produkt\/drevena-ochlazovaci-kad-z-thermowood-s-vlozkou-ze-sklolaminatu-cold-tub-talvi\/#breadcrumb\"},\"inLanguage\":\"cs\",\"potentialAction\":[{\"@type\":\"ReadAction\",\"target\":[\"https:\/\/anderskafka.cz\/eshop\/produkt\/drevena-ochlazovaci-kad-z-thermowood-s-vlozkou-ze-sklolaminatu-cold-tub-talvi\/\"]}]},{\"@type\":\"BreadcrumbList\",\"@id\":\"https:\/\/anderskafka.cz\/eshop\/produkt\/drevena-ochlazovaci-kad-z-thermowood-s-vlozkou-ze-sklolaminatu-cold-tub-talvi\/#breadcrumb\",\"itemListElement\":[{\"@type\":\"ListItem\",\"position\":1,\"name\":\"Obchod\",\"item\":\"https:\/\/anderskafka.cz\/eshop\/obchod\/\"},{\"@type\":\"ListItem\",\"position\":2,\"name\":\"Ochlazovac\u00ed k\u00e1\u010f \u2013 TALVI\"}]}]}<\/script>\n<!-- \/ Yoast SEO plugin. -->","yoast_head_json":{"title":"Ochlazovac\u00ed k\u00e1\u010f \u2013 TALVI - Anders &amp; Kafka E-SHOP","description":"Ochlazovac\u00ed k\u00e1\u010f s vlo\u017ekou ze sklolamin\u00e1tu, je ide\u00e1ln\u00ed k \u0161okov\u00e9mu ochlazen\u00ed po saunov\u00e1n\u00ed nebo k otu\u017eov\u00e1n\u00ed &nbsp;","robots":{"index":"index","follow":"follow","max-snippet":"max-snippet:-1","max-image-preview":"max-image-preview:large","max-video-preview":"max-video-preview:-1"},"canonical":"https:\/\/anderskafka.cz\/eshop\/produkt\/drevena-ochlazovaci-kad-z-thermowood-s-vlozkou-ze-sklolaminatu-cold-tub-talvi\/","og_locale":"cs_CZ","og_type":"article","og_title":"Ochlazovac\u00ed k\u00e1\u010f \u2013 TALVI - Anders &amp; Kafka E-SHOP","og_description":"Ochlazovac\u00ed k\u00e1\u010f s vlo\u017ekou ze sklolamin\u00e1tu, je ide\u00e1ln\u00ed k \u0161okov\u00e9mu ochlazen\u00ed po saunov\u00e1n\u00ed nebo k otu\u017eov\u00e1n\u00ed &nbsp;","og_url":"https:\/\/anderskafka.cz\/eshop\/produkt\/drevena-ochlazovaci-kad-z-thermowood-s-vlozkou-ze-sklolaminatu-cold-tub-talvi\/","og_site_name":"Anders &amp; Kafka E-SHOP","article_modified_time":"2026-01-26T12:56:00+00:00","twitter_card":"summary_large_image","twitter_image":"https:\/\/anderskafka.cz\/eshop\/wp-content\/uploads\/sites\/3\/2025\/10\/IceTub-titel-koncept.webp","twitter_misc":{"Odhadovan\u00e1 doba \u010dten\u00ed":"2 minuty"},"schema":{"@context":"https:\/\/schema.org","@graph":[{"@type":"WebSite","@id":"https:\/\/anderskafka.cz\/eshop\/#website","url":"https:\/\/anderskafka.cz\/eshop\/","name":"Anders &amp; Kafka E-SHOP","description":"Anders &amp; Kafka E-SHOP","potentialAction":[{"@type":"SearchAction","target":{"@type":"EntryPoint","urlTemplate":"https:\/\/anderskafka.cz\/eshop\/?s={search_term_string}"},"query-input":"required name=search_term_string"}],"inLanguage":"cs"},{"@type":"ImageObject","@id":"https:\/\/anderskafka.cz\/eshop\/produkt\/drevena-ochlazovaci-kad-z-thermowood-s-vlozkou-ze-sklolaminatu-cold-tub-talvi\/#primaryimage","inLanguage":"cs","url":"https:\/\/anderskafka.cz\/eshop\/wp-content\/uploads\/sites\/3\/2025\/10\/IceTub-titel-koncept.webp","contentUrl":"https:\/\/anderskafka.cz\/eshop\/wp-content\/uploads\/sites\/3\/2025\/10\/IceTub-titel-koncept.webp","width":794,"height":794},{"@type":"WebPage","@id":"https:\/\/anderskafka.cz\/eshop\/produkt\/drevena-ochlazovaci-kad-z-thermowood-s-vlozkou-ze-sklolaminatu-cold-tub-talvi\/#webpage","url":"https:\/\/anderskafka.cz\/eshop\/produkt\/drevena-ochlazovaci-kad-z-thermowood-s-vlozkou-ze-sklolaminatu-cold-tub-talvi\/","name":"Ochlazovac\u00ed k\u00e1\u010f \u2013 TALVI - Anders &amp; Kafka E-SHOP","isPartOf":{"@id":"https:\/\/anderskafka.cz\/eshop\/#website"},"primaryImageOfPage":{"@id":"https:\/\/anderskafka.cz\/eshop\/produkt\/drevena-ochlazovaci-kad-z-thermowood-s-vlozkou-ze-sklolaminatu-cold-tub-talvi\/#primaryimage"},"datePublished":"2025-10-21T15:16:59+00:00","dateModified":"2026-01-26T12:56:00+00:00","description":"Ochlazovac\u00ed k\u00e1\u010f s vlo\u017ekou ze sklolamin\u00e1tu, je ide\u00e1ln\u00ed k \u0161okov\u00e9mu ochlazen\u00ed po saunov\u00e1n\u00ed nebo k otu\u017eov\u00e1n\u00ed &nbsp;","breadcrumb":{"@id":"https:\/\/anderskafka.cz\/eshop\/produkt\/drevena-ochlazovaci-kad-z-thermowood-s-vlozkou-ze-sklolaminatu-cold-tub-talvi\/#breadcrumb"},"inLanguage":"cs","potentialAction":[{"@type":"ReadAction","target":["https:\/\/anderskafka.cz\/eshop\/produkt\/drevena-ochlazovaci-kad-z-thermowood-s-vlozkou-ze-sklolaminatu-cold-tub-talvi\/"]}]},{"@type":"BreadcrumbList","@id":"https:\/\/anderskafka.cz\/eshop\/produkt\/drevena-ochlazovaci-kad-z-thermowood-s-vlozkou-ze-sklolaminatu-cold-tub-talvi\/#breadcrumb","itemListElement":[{"@type":"ListItem","position":1,"name":"Obchod","item":"https:\/\/anderskafka.cz\/eshop\/obchod\/"},{"@type":"ListItem","position":2,"name":"Ochlazovac\u00ed k\u00e1\u010f \u2013 TALVI"}]}]}},"locations":[],"_links":{"self":[{"href":"https:\/\/anderskafka.cz\/eshop\/wp-json\/wp\/v2\/product\/12470"}],"collection":[{"href":"https:\/\/anderskafka.cz\/eshop\/wp-json\/wp\/v2\/product"}],"about":[{"href":"https:\/\/anderskafka.cz\/eshop\/wp-json\/wp\/v2\/types\/product"}],"replies":[{"embeddable":true,"href":"https:\/\/anderskafka.cz\/eshop\/wp-json\/wp\/v2\/comments?post=12470"}],"wp:featuredmedia":[{"embeddable":true,"href":"https:\/\/anderskafka.cz\/eshop\/wp-json\/wp\/v2\/media\/12469"}],"wp:attachment":[{"href":"https:\/\/anderskafka.cz\/eshop\/wp-json\/wp\/v2\/media?parent=12470"}],"wp:term":[{"taxonomy":"location","embeddable":true,"href":"https:\/\/anderskafka.cz\/eshop\/wp-json\/wp\/v2\/location?post=12470"},{"taxonomy":"product_cat","embeddable":true,"href":"https:\/\/anderskafka.cz\/eshop\/wp-json\/wp\/v2\/product_cat?post=12470"},{"taxonomy":"product_tag","embeddable":true,"href":"https:\/\/anderskafka.cz\/eshop\/wp-json\/wp\/v2\/product_tag?post=12470"}],"curies":[{"name":"wp","href":"https:\/\/api.w.org\/{rel}","templated":true}]}}