{"id":1259,"date":"2022-12-13T16:06:49","date_gmt":"2022-12-13T15:06:49","guid":{"rendered":"https:\/\/anderskafka.cz\/eshop\/?post_type=product&#038;p=1259"},"modified":"2026-04-05T09:36:37","modified_gmt":"2026-04-05T07:36:37","slug":"harvia-dreveny-teplomer-do-sauny","status":"publish","type":"product","link":"https:\/\/anderskafka.cz\/eshop\/produkt\/harvia-dreveny-teplomer-do-sauny\/","title":{"rendered":"HARVIA AUSTRIA teplom\u011br do sauny z borovice"},"content":{"rendered":"<p>Jednoduch\u00fd teplom\u011br do sauny V\u00e1m okam\u017eit\u011b uk\u00e1\u017ee, zda m\u00e1te v m\u00edstnosti spr\u00e1vnou teplotu. Je vyroben z borovicov\u00e9ho d\u0159eva a opat\u0159en vydut\u00fdm skl\u00ed\u010dkem. Je vhodn\u00fdm dopl\u0148kem do ka\u017ed\u00e9 sauny pro kontrolu podm\u00ednek, kter\u00e9 v saun\u011b panuj\u00ed.<br \/>\nTeplom\u011br m\u011b\u0159\u00ed teplotu od 0\u00b0C do 120\u00b0C.<\/p>\n","protected":false},"excerpt":{"rendered":"<p>Jednoduch\u00fd teplom\u011br do sauny V\u00e1m okam\u017eit\u011b uk\u00e1\u017ee, zda m\u00e1te v m\u00edstnosti spr\u00e1vnou teplotu, pro m\u011b\u0159en\u00ed relativn\u00ed vlhkosti v rozsahu 0-100%. Je vyroben z borovicov\u00e9ho d\u0159eva a opat\u0159en vydut\u00fdm skl\u00ed\u010dkem.<br \/>\nSpole\u010dnost HARVIA AUSTRIA vyv\u00edj\u00ed a vyr\u00e1b\u00ed kvalitn\u00ed a inovativn\u00ed produkty ur\u010den\u00e9 k tomu, aby Va\u0161e chv\u00edle str\u00e1ven\u00e9 v saun\u011b byly co nejv\u00edce relaxuj\u00edc\u00ed.<br \/>\n<img loading=\"lazy\" class=\"alignnone size-full wp-image-1323 aligncenter\" src=\"https:\/\/anderskafka.cz\/eshop\/wp-content\/uploads\/sites\/3\/2022\/12\/logoHarvia.png\" alt=\"\" width=\"102\" height=\"102\" srcset=\"https:\/\/anderskafka.cz\/eshop\/wp-content\/uploads\/sites\/3\/2022\/12\/logoHarvia.png 102w, https:\/\/anderskafka.cz\/eshop\/wp-content\/uploads\/sites\/3\/2022\/12\/logoHarvia-100x100.png 100w, https:\/\/anderskafka.cz\/eshop\/wp-content\/uploads\/sites\/3\/2022\/12\/logoHarvia-64x64.png 64w\" sizes=\"(max-width: 102px) 100vw, 102px\" \/><\/p>\n","protected":false},"featured_media":12248,"comment_status":"open","ping_status":"closed","template":"","meta":{"site-sidebar-layout":"default","site-content-layout":"default","ast-main-header-display":"","ast-hfb-above-header-display":"","ast-hfb-below-header-display":"","ast-hfb-mobile-header-display":"","site-post-title":"","ast-breadcrumbs-content":"","ast-featured-img":"","footer-sml-layout":"","theme-transparent-header-meta":"","adv-header-id-meta":"","stick-header-meta":"","header-above-stick-meta":"","header-main-stick-meta":"","header-below-stick-meta":""},"location":[],"product_cat":[27],"product_tag":[324],"yoast_head":"<!-- This site is optimized with the Yoast SEO plugin v18.5.1 - https:\/\/yoast.com\/wordpress\/plugins\/seo\/ -->\n<title>HARVIA AUSTRIA teplom\u011br do sauny z borovice - Anders &amp; Kafka E-SHOP<\/title>\n<meta name=\"description\" content=\"Jednoduch\u00fd teplom\u011br do sauny V\u00e1m okam\u017eit\u011b uk\u00e1\u017ee, zda m\u00e1te v m\u00edstnosti spr\u00e1vnou teplotu, pro m\u011b\u0159en\u00ed relativn\u00ed vlhkosti v rozsahu 0-100%. Je vyroben z borovicov\u00e9ho d\u0159eva a opat\u0159en vydut\u00fdm skl\u00ed\u010dkem. Spole\u010dnost HARVIA AUSTRIA vyv\u00edj\u00ed a vyr\u00e1b\u00ed kvalitn\u00ed a inovativn\u00ed produkty ur\u010den\u00e9 k tomu, aby Va\u0161e chv\u00edle str\u00e1ven\u00e9 v saun\u011b byly co nejv\u00edce relaxuj\u00edc\u00ed.\" \/>\n<meta name=\"robots\" content=\"index, follow, max-snippet:-1, max-image-preview:large, max-video-preview:-1\" \/>\n<link rel=\"canonical\" href=\"https:\/\/anderskafka.cz\/eshop\/produkt\/harvia-dreveny-teplomer-do-sauny\/\" \/>\n<meta property=\"og:locale\" content=\"cs_CZ\" \/>\n<meta property=\"og:type\" content=\"article\" \/>\n<meta property=\"og:title\" content=\"HARVIA AUSTRIA teplom\u011br do sauny z borovice - Anders &amp; Kafka E-SHOP\" \/>\n<meta property=\"og:description\" content=\"Jednoduch\u00fd teplom\u011br do sauny V\u00e1m okam\u017eit\u011b uk\u00e1\u017ee, zda m\u00e1te v m\u00edstnosti spr\u00e1vnou teplotu, pro m\u011b\u0159en\u00ed relativn\u00ed vlhkosti v rozsahu 0-100%. Je vyroben z borovicov\u00e9ho d\u0159eva a opat\u0159en vydut\u00fdm skl\u00ed\u010dkem. Spole\u010dnost HARVIA AUSTRIA vyv\u00edj\u00ed a vyr\u00e1b\u00ed kvalitn\u00ed a inovativn\u00ed produkty ur\u010den\u00e9 k tomu, aby Va\u0161e chv\u00edle str\u00e1ven\u00e9 v saun\u011b byly co nejv\u00edce relaxuj\u00edc\u00ed.\" \/>\n<meta property=\"og:url\" content=\"https:\/\/anderskafka.cz\/eshop\/produkt\/harvia-dreveny-teplomer-do-sauny\/\" \/>\n<meta property=\"og:site_name\" content=\"Anders &amp; Kafka E-SHOP\" \/>\n<meta property=\"article:modified_time\" content=\"2026-04-05T07:36:37+00:00\" \/>\n<meta name=\"twitter:card\" content=\"summary_large_image\" \/>\n<meta name=\"twitter:image\" content=\"https:\/\/anderskafka.cz\/eshop\/wp-content\/uploads\/sites\/3\/2022\/12\/HARVIA_teplomerborovice_AndersKafka.webp\" \/>\n<meta name=\"twitter:label1\" content=\"Odhadovan\u00e1 doba \u010dten\u00ed\" \/>\n\t<meta name=\"twitter:data1\" content=\"1 minuta\" \/>\n<script type=\"application\/ld+json\" class=\"yoast-schema-graph\">{\"@context\":\"https:\/\/schema.org\",\"@graph\":[{\"@type\":\"WebSite\",\"@id\":\"https:\/\/anderskafka.cz\/eshop\/#website\",\"url\":\"https:\/\/anderskafka.cz\/eshop\/\",\"name\":\"Anders &amp; Kafka E-SHOP\",\"description\":\"Anders &amp; Kafka E-SHOP\",\"potentialAction\":[{\"@type\":\"SearchAction\",\"target\":{\"@type\":\"EntryPoint\",\"urlTemplate\":\"https:\/\/anderskafka.cz\/eshop\/?s={search_term_string}\"},\"query-input\":\"required name=search_term_string\"}],\"inLanguage\":\"cs\"},{\"@type\":\"ImageObject\",\"@id\":\"https:\/\/anderskafka.cz\/eshop\/produkt\/harvia-dreveny-teplomer-do-sauny\/#primaryimage\",\"inLanguage\":\"cs\",\"url\":\"https:\/\/anderskafka.cz\/eshop\/wp-content\/uploads\/sites\/3\/2022\/12\/HARVIA_teplomerborovice_AndersKafka.webp\",\"contentUrl\":\"https:\/\/anderskafka.cz\/eshop\/wp-content\/uploads\/sites\/3\/2022\/12\/HARVIA_teplomerborovice_AndersKafka.webp\",\"width\":1500,\"height\":1500},{\"@type\":\"WebPage\",\"@id\":\"https:\/\/anderskafka.cz\/eshop\/produkt\/harvia-dreveny-teplomer-do-sauny\/#webpage\",\"url\":\"https:\/\/anderskafka.cz\/eshop\/produkt\/harvia-dreveny-teplomer-do-sauny\/\",\"name\":\"HARVIA AUSTRIA teplom\u011br do sauny z borovice - Anders &amp; Kafka E-SHOP\",\"isPartOf\":{\"@id\":\"https:\/\/anderskafka.cz\/eshop\/#website\"},\"primaryImageOfPage\":{\"@id\":\"https:\/\/anderskafka.cz\/eshop\/produkt\/harvia-dreveny-teplomer-do-sauny\/#primaryimage\"},\"datePublished\":\"2022-12-13T15:06:49+00:00\",\"dateModified\":\"2026-04-05T07:36:37+00:00\",\"description\":\"Jednoduch\u00fd teplom\u011br do sauny V\u00e1m okam\u017eit\u011b uk\u00e1\u017ee, zda m\u00e1te v m\u00edstnosti spr\u00e1vnou teplotu, pro m\u011b\u0159en\u00ed relativn\u00ed vlhkosti v rozsahu 0-100%. Je vyroben z borovicov\u00e9ho d\u0159eva a opat\u0159en vydut\u00fdm skl\u00ed\u010dkem. Spole\u010dnost HARVIA AUSTRIA vyv\u00edj\u00ed a vyr\u00e1b\u00ed kvalitn\u00ed a inovativn\u00ed produkty ur\u010den\u00e9 k tomu, aby Va\u0161e chv\u00edle str\u00e1ven\u00e9 v saun\u011b byly co nejv\u00edce relaxuj\u00edc\u00ed.\",\"breadcrumb\":{\"@id\":\"https:\/\/anderskafka.cz\/eshop\/produkt\/harvia-dreveny-teplomer-do-sauny\/#breadcrumb\"},\"inLanguage\":\"cs\",\"potentialAction\":[{\"@type\":\"ReadAction\",\"target\":[\"https:\/\/anderskafka.cz\/eshop\/produkt\/harvia-dreveny-teplomer-do-sauny\/\"]}]},{\"@type\":\"BreadcrumbList\",\"@id\":\"https:\/\/anderskafka.cz\/eshop\/produkt\/harvia-dreveny-teplomer-do-sauny\/#breadcrumb\",\"itemListElement\":[{\"@type\":\"ListItem\",\"position\":1,\"name\":\"Obchod\",\"item\":\"https:\/\/anderskafka.cz\/eshop\/obchod\/\"},{\"@type\":\"ListItem\",\"position\":2,\"name\":\"HARVIA AUSTRIA teplom\u011br do sauny z borovice\"}]}]}<\/script>\n<!-- \/ Yoast SEO plugin. -->","yoast_head_json":{"title":"HARVIA AUSTRIA teplom\u011br do sauny z borovice - Anders &amp; Kafka E-SHOP","description":"Jednoduch\u00fd teplom\u011br do sauny V\u00e1m okam\u017eit\u011b uk\u00e1\u017ee, zda m\u00e1te v m\u00edstnosti spr\u00e1vnou teplotu, pro m\u011b\u0159en\u00ed relativn\u00ed vlhkosti v rozsahu 0-100%. Je vyroben z borovicov\u00e9ho d\u0159eva a opat\u0159en vydut\u00fdm skl\u00ed\u010dkem. Spole\u010dnost HARVIA AUSTRIA vyv\u00edj\u00ed a vyr\u00e1b\u00ed kvalitn\u00ed a inovativn\u00ed produkty ur\u010den\u00e9 k tomu, aby Va\u0161e chv\u00edle str\u00e1ven\u00e9 v saun\u011b byly co nejv\u00edce relaxuj\u00edc\u00ed.","robots":{"index":"index","follow":"follow","max-snippet":"max-snippet:-1","max-image-preview":"max-image-preview:large","max-video-preview":"max-video-preview:-1"},"canonical":"https:\/\/anderskafka.cz\/eshop\/produkt\/harvia-dreveny-teplomer-do-sauny\/","og_locale":"cs_CZ","og_type":"article","og_title":"HARVIA AUSTRIA teplom\u011br do sauny z borovice - Anders &amp; Kafka E-SHOP","og_description":"Jednoduch\u00fd teplom\u011br do sauny V\u00e1m okam\u017eit\u011b uk\u00e1\u017ee, zda m\u00e1te v m\u00edstnosti spr\u00e1vnou teplotu, pro m\u011b\u0159en\u00ed relativn\u00ed vlhkosti v rozsahu 0-100%. Je vyroben z borovicov\u00e9ho d\u0159eva a opat\u0159en vydut\u00fdm skl\u00ed\u010dkem. Spole\u010dnost HARVIA AUSTRIA vyv\u00edj\u00ed a vyr\u00e1b\u00ed kvalitn\u00ed a inovativn\u00ed produkty ur\u010den\u00e9 k tomu, aby Va\u0161e chv\u00edle str\u00e1ven\u00e9 v saun\u011b byly co nejv\u00edce relaxuj\u00edc\u00ed.","og_url":"https:\/\/anderskafka.cz\/eshop\/produkt\/harvia-dreveny-teplomer-do-sauny\/","og_site_name":"Anders &amp; Kafka E-SHOP","article_modified_time":"2026-04-05T07:36:37+00:00","twitter_card":"summary_large_image","twitter_image":"https:\/\/anderskafka.cz\/eshop\/wp-content\/uploads\/sites\/3\/2022\/12\/HARVIA_teplomerborovice_AndersKafka.webp","twitter_misc":{"Odhadovan\u00e1 doba \u010dten\u00ed":"1 minuta"},"schema":{"@context":"https:\/\/schema.org","@graph":[{"@type":"WebSite","@id":"https:\/\/anderskafka.cz\/eshop\/#website","url":"https:\/\/anderskafka.cz\/eshop\/","name":"Anders &amp; Kafka E-SHOP","description":"Anders &amp; Kafka E-SHOP","potentialAction":[{"@type":"SearchAction","target":{"@type":"EntryPoint","urlTemplate":"https:\/\/anderskafka.cz\/eshop\/?s={search_term_string}"},"query-input":"required name=search_term_string"}],"inLanguage":"cs"},{"@type":"ImageObject","@id":"https:\/\/anderskafka.cz\/eshop\/produkt\/harvia-dreveny-teplomer-do-sauny\/#primaryimage","inLanguage":"cs","url":"https:\/\/anderskafka.cz\/eshop\/wp-content\/uploads\/sites\/3\/2022\/12\/HARVIA_teplomerborovice_AndersKafka.webp","contentUrl":"https:\/\/anderskafka.cz\/eshop\/wp-content\/uploads\/sites\/3\/2022\/12\/HARVIA_teplomerborovice_AndersKafka.webp","width":1500,"height":1500},{"@type":"WebPage","@id":"https:\/\/anderskafka.cz\/eshop\/produkt\/harvia-dreveny-teplomer-do-sauny\/#webpage","url":"https:\/\/anderskafka.cz\/eshop\/produkt\/harvia-dreveny-teplomer-do-sauny\/","name":"HARVIA AUSTRIA teplom\u011br do sauny z borovice - Anders &amp; Kafka E-SHOP","isPartOf":{"@id":"https:\/\/anderskafka.cz\/eshop\/#website"},"primaryImageOfPage":{"@id":"https:\/\/anderskafka.cz\/eshop\/produkt\/harvia-dreveny-teplomer-do-sauny\/#primaryimage"},"datePublished":"2022-12-13T15:06:49+00:00","dateModified":"2026-04-05T07:36:37+00:00","description":"Jednoduch\u00fd teplom\u011br do sauny V\u00e1m okam\u017eit\u011b uk\u00e1\u017ee, zda m\u00e1te v m\u00edstnosti spr\u00e1vnou teplotu, pro m\u011b\u0159en\u00ed relativn\u00ed vlhkosti v rozsahu 0-100%. Je vyroben z borovicov\u00e9ho d\u0159eva a opat\u0159en vydut\u00fdm skl\u00ed\u010dkem. Spole\u010dnost HARVIA AUSTRIA vyv\u00edj\u00ed a vyr\u00e1b\u00ed kvalitn\u00ed a inovativn\u00ed produkty ur\u010den\u00e9 k tomu, aby Va\u0161e chv\u00edle str\u00e1ven\u00e9 v saun\u011b byly co nejv\u00edce relaxuj\u00edc\u00ed.","breadcrumb":{"@id":"https:\/\/anderskafka.cz\/eshop\/produkt\/harvia-dreveny-teplomer-do-sauny\/#breadcrumb"},"inLanguage":"cs","potentialAction":[{"@type":"ReadAction","target":["https:\/\/anderskafka.cz\/eshop\/produkt\/harvia-dreveny-teplomer-do-sauny\/"]}]},{"@type":"BreadcrumbList","@id":"https:\/\/anderskafka.cz\/eshop\/produkt\/harvia-dreveny-teplomer-do-sauny\/#breadcrumb","itemListElement":[{"@type":"ListItem","position":1,"name":"Obchod","item":"https:\/\/anderskafka.cz\/eshop\/obchod\/"},{"@type":"ListItem","position":2,"name":"HARVIA AUSTRIA teplom\u011br do sauny z borovice"}]}]}},"locations":[],"_links":{"self":[{"href":"https:\/\/anderskafka.cz\/eshop\/wp-json\/wp\/v2\/product\/1259"}],"collection":[{"href":"https:\/\/anderskafka.cz\/eshop\/wp-json\/wp\/v2\/product"}],"about":[{"href":"https:\/\/anderskafka.cz\/eshop\/wp-json\/wp\/v2\/types\/product"}],"replies":[{"embeddable":true,"href":"https:\/\/anderskafka.cz\/eshop\/wp-json\/wp\/v2\/comments?post=1259"}],"wp:featuredmedia":[{"embeddable":true,"href":"https:\/\/anderskafka.cz\/eshop\/wp-json\/wp\/v2\/media\/12248"}],"wp:attachment":[{"href":"https:\/\/anderskafka.cz\/eshop\/wp-json\/wp\/v2\/media?parent=1259"}],"wp:term":[{"taxonomy":"location","embeddable":true,"href":"https:\/\/anderskafka.cz\/eshop\/wp-json\/wp\/v2\/location?post=1259"},{"taxonomy":"product_cat","embeddable":true,"href":"https:\/\/anderskafka.cz\/eshop\/wp-json\/wp\/v2\/product_cat?post=1259"},{"taxonomy":"product_tag","embeddable":true,"href":"https:\/\/anderskafka.cz\/eshop\/wp-json\/wp\/v2\/product_tag?post=1259"}],"curies":[{"name":"wp","href":"https:\/\/api.w.org\/{rel}","templated":true}]}}