{"id":1261,"date":"2022-12-13T16:06:50","date_gmt":"2022-12-13T15:06:50","guid":{"rendered":"https:\/\/anderskafka.cz\/eshop\/?post_type=product&#038;p=1261"},"modified":"2026-04-07T10:58:31","modified_gmt":"2026-04-07T08:58:31","slug":"harvia-saunovy-polstar","status":"publish","type":"product","link":"https:\/\/anderskafka.cz\/eshop\/produkt\/harvia-saunovy-polstar\/","title":{"rendered":"HARVIA AUSTRIA saunov\u00fd pol\u0161t\u00e1\u0159"},"content":{"rendered":"<p>Saunov\u00fd pol\u0161t\u00e1\u0159 z nov\u00e9 textiln\u00ed \u0159ady HARVIA Luhta je vyroben z vysoce kvalitn\u00ed bavlny a\u00a0lnu. Je velmi p\u0159\u00edjemn\u00fd\u00a0na dotek a m\u00e1 elegantn\u00ed a modern\u00ed vzhled. M\u00e1\u00a0vysokou absorb\u010dn\u00ed kapacitu a po pou\u017eit\u00ed rychle schne. Vybaven praktick\u00fdm poutkem na zav\u011b\u0161en\u00ed.<br \/>\nP\u0159i p\u00e9\u010di o pol\u0161t\u00e1\u0159 se \u0159i\u010fte o\u0161et\u0159ovac\u00edmi symboly uveden\u00fdmi na pol\u0161t\u00e1\u0159i .<\/p>\n","protected":false},"excerpt":{"rendered":"<p>Saunov\u00fd pol\u0161t\u00e1\u0159 z nov\u00e9 textiln\u00ed \u0159ady HARVIA Luhta je vyroben z vysoce kvalitn\u00ed bavlny a lnu. Je velmi p\u0159\u00edjemn\u00fd na dotek a m\u00e1 elegantn\u00ed a modern\u00ed vzhled. M\u00e1 vysokou absorb\u010dn\u00ed kapacitu a po pou\u017eit\u00ed rychle schne. Vybaven praktick\u00fdm poutkem na zav\u011b\u0161en\u00ed.<br \/>\nSpole\u010dnost HARVIA AUSTRIA vyv\u00edj\u00ed a vyr\u00e1b\u00ed kvalitn\u00ed a inovativn\u00ed produkty ur\u010den\u00e9 k tomu, aby Va\u0161e chv\u00edle str\u00e1ven\u00e9 v saun\u011b byly co nejv\u00edce relaxuj\u00edc\u00ed.<br \/>\n<img loading=\"lazy\" class=\"alignnone size-full wp-image-1323 aligncenter\" src=\"https:\/\/anderskafka.cz\/eshop\/wp-content\/uploads\/sites\/3\/2022\/12\/logoHarvia.png\" alt=\"\" width=\"102\" height=\"102\" srcset=\"https:\/\/anderskafka.cz\/eshop\/wp-content\/uploads\/sites\/3\/2022\/12\/logoHarvia.png 102w, https:\/\/anderskafka.cz\/eshop\/wp-content\/uploads\/sites\/3\/2022\/12\/logoHarvia-100x100.png 100w, https:\/\/anderskafka.cz\/eshop\/wp-content\/uploads\/sites\/3\/2022\/12\/logoHarvia-64x64.png 64w\" sizes=\"(max-width: 102px) 100vw, 102px\" \/><\/p>\n","protected":false},"featured_media":1255,"comment_status":"open","ping_status":"closed","template":"","meta":{"site-sidebar-layout":"default","site-content-layout":"default","ast-main-header-display":"","ast-hfb-above-header-display":"","ast-hfb-below-header-display":"","ast-hfb-mobile-header-display":"","site-post-title":"","ast-breadcrumbs-content":"","ast-featured-img":"","footer-sml-layout":"","theme-transparent-header-meta":"","adv-header-id-meta":"","stick-header-meta":"","header-above-stick-meta":"","header-main-stick-meta":"","header-below-stick-meta":""},"location":[],"product_cat":[113],"product_tag":[324],"yoast_head":"<!-- This site is optimized with the Yoast SEO plugin v18.5.1 - https:\/\/yoast.com\/wordpress\/plugins\/seo\/ -->\n<title>HARVIA AUSTRIA saunov\u00fd pol\u0161t\u00e1\u0159 - Anders &amp; Kafka E-SHOP<\/title>\n<meta name=\"description\" content=\"Saunov\u00fd pol\u0161t\u00e1\u0159 z nov\u00e9 textiln\u00ed \u0159ady HARVIA Luhta je vyroben z vysoce kvalitn\u00ed bavlny a lnu. Je velmi p\u0159\u00edjemn\u00fd na dotek a m\u00e1 elegantn\u00ed a modern\u00ed vzhled. M\u00e1 vysokou absorb\u010dn\u00ed kapacitu a po pou\u017eit\u00ed rychle schne. Vybaven praktick\u00fdm poutkem na zav\u011b\u0161en\u00ed. Spole\u010dnost HARVIA AUSTRIA vyv\u00edj\u00ed a vyr\u00e1b\u00ed kvalitn\u00ed a inovativn\u00ed produkty ur\u010den\u00e9 k tomu, aby Va\u0161e chv\u00edle str\u00e1ven\u00e9 v saun\u011b byly co nejv\u00edce relaxuj\u00edc\u00ed.\" \/>\n<meta name=\"robots\" content=\"index, follow, max-snippet:-1, max-image-preview:large, max-video-preview:-1\" \/>\n<link rel=\"canonical\" href=\"https:\/\/anderskafka.cz\/eshop\/produkt\/harvia-saunovy-polstar\/\" \/>\n<meta property=\"og:locale\" content=\"cs_CZ\" \/>\n<meta property=\"og:type\" content=\"article\" \/>\n<meta property=\"og:title\" content=\"HARVIA AUSTRIA saunov\u00fd pol\u0161t\u00e1\u0159 - Anders &amp; Kafka E-SHOP\" \/>\n<meta property=\"og:description\" content=\"Saunov\u00fd pol\u0161t\u00e1\u0159 z nov\u00e9 textiln\u00ed \u0159ady HARVIA Luhta je vyroben z vysoce kvalitn\u00ed bavlny a lnu. Je velmi p\u0159\u00edjemn\u00fd na dotek a m\u00e1 elegantn\u00ed a modern\u00ed vzhled. M\u00e1 vysokou absorb\u010dn\u00ed kapacitu a po pou\u017eit\u00ed rychle schne. Vybaven praktick\u00fdm poutkem na zav\u011b\u0161en\u00ed. Spole\u010dnost HARVIA AUSTRIA vyv\u00edj\u00ed a vyr\u00e1b\u00ed kvalitn\u00ed a inovativn\u00ed produkty ur\u010den\u00e9 k tomu, aby Va\u0161e chv\u00edle str\u00e1ven\u00e9 v saun\u011b byly co nejv\u00edce relaxuj\u00edc\u00ed.\" \/>\n<meta property=\"og:url\" content=\"https:\/\/anderskafka.cz\/eshop\/produkt\/harvia-saunovy-polstar\/\" \/>\n<meta property=\"og:site_name\" content=\"Anders &amp; Kafka E-SHOP\" \/>\n<meta property=\"article:modified_time\" content=\"2026-04-07T08:58:31+00:00\" \/>\n<meta property=\"og:image\" content=\"https:\/\/anderskafka.cz\/eshop\/wp-content\/uploads\/sites\/3\/2022\/12\/6413910790680_H.jpg\" \/>\n\t<meta property=\"og:image:width\" content=\"700\" \/>\n\t<meta property=\"og:image:height\" content=\"700\" \/>\n\t<meta property=\"og:image:type\" content=\"image\/jpeg\" \/>\n<meta name=\"twitter:card\" content=\"summary_large_image\" \/>\n<script type=\"application\/ld+json\" class=\"yoast-schema-graph\">{\"@context\":\"https:\/\/schema.org\",\"@graph\":[{\"@type\":\"WebSite\",\"@id\":\"https:\/\/anderskafka.cz\/eshop\/#website\",\"url\":\"https:\/\/anderskafka.cz\/eshop\/\",\"name\":\"Anders &amp; Kafka E-SHOP\",\"description\":\"Anders &amp; Kafka E-SHOP\",\"potentialAction\":[{\"@type\":\"SearchAction\",\"target\":{\"@type\":\"EntryPoint\",\"urlTemplate\":\"https:\/\/anderskafka.cz\/eshop\/?s={search_term_string}\"},\"query-input\":\"required name=search_term_string\"}],\"inLanguage\":\"cs\"},{\"@type\":\"ImageObject\",\"@id\":\"https:\/\/anderskafka.cz\/eshop\/produkt\/harvia-saunovy-polstar\/#primaryimage\",\"inLanguage\":\"cs\",\"url\":\"https:\/\/anderskafka.cz\/eshop\/wp-content\/uploads\/sites\/3\/2022\/12\/6413910790680_H.jpg\",\"contentUrl\":\"https:\/\/anderskafka.cz\/eshop\/wp-content\/uploads\/sites\/3\/2022\/12\/6413910790680_H.jpg\",\"width\":700,\"height\":700},{\"@type\":\"WebPage\",\"@id\":\"https:\/\/anderskafka.cz\/eshop\/produkt\/harvia-saunovy-polstar\/#webpage\",\"url\":\"https:\/\/anderskafka.cz\/eshop\/produkt\/harvia-saunovy-polstar\/\",\"name\":\"HARVIA AUSTRIA saunov\u00fd pol\u0161t\u00e1\u0159 - Anders &amp; Kafka E-SHOP\",\"isPartOf\":{\"@id\":\"https:\/\/anderskafka.cz\/eshop\/#website\"},\"primaryImageOfPage\":{\"@id\":\"https:\/\/anderskafka.cz\/eshop\/produkt\/harvia-saunovy-polstar\/#primaryimage\"},\"datePublished\":\"2022-12-13T15:06:50+00:00\",\"dateModified\":\"2026-04-07T08:58:31+00:00\",\"description\":\"Saunov\u00fd pol\u0161t\u00e1\u0159 z nov\u00e9 textiln\u00ed \u0159ady HARVIA Luhta je vyroben z vysoce kvalitn\u00ed bavlny a lnu. Je velmi p\u0159\u00edjemn\u00fd na dotek a m\u00e1 elegantn\u00ed a modern\u00ed vzhled. M\u00e1 vysokou absorb\u010dn\u00ed kapacitu a po pou\u017eit\u00ed rychle schne. Vybaven praktick\u00fdm poutkem na zav\u011b\u0161en\u00ed. Spole\u010dnost HARVIA AUSTRIA vyv\u00edj\u00ed a vyr\u00e1b\u00ed kvalitn\u00ed a inovativn\u00ed produkty ur\u010den\u00e9 k tomu, aby Va\u0161e chv\u00edle str\u00e1ven\u00e9 v saun\u011b byly co nejv\u00edce relaxuj\u00edc\u00ed.\",\"breadcrumb\":{\"@id\":\"https:\/\/anderskafka.cz\/eshop\/produkt\/harvia-saunovy-polstar\/#breadcrumb\"},\"inLanguage\":\"cs\",\"potentialAction\":[{\"@type\":\"ReadAction\",\"target\":[\"https:\/\/anderskafka.cz\/eshop\/produkt\/harvia-saunovy-polstar\/\"]}]},{\"@type\":\"BreadcrumbList\",\"@id\":\"https:\/\/anderskafka.cz\/eshop\/produkt\/harvia-saunovy-polstar\/#breadcrumb\",\"itemListElement\":[{\"@type\":\"ListItem\",\"position\":1,\"name\":\"Obchod\",\"item\":\"https:\/\/anderskafka.cz\/eshop\/obchod\/\"},{\"@type\":\"ListItem\",\"position\":2,\"name\":\"HARVIA AUSTRIA saunov\u00fd pol\u0161t\u00e1\u0159\"}]}]}<\/script>\n<!-- \/ Yoast SEO plugin. -->","yoast_head_json":{"title":"HARVIA AUSTRIA saunov\u00fd pol\u0161t\u00e1\u0159 - Anders &amp; Kafka E-SHOP","description":"Saunov\u00fd pol\u0161t\u00e1\u0159 z nov\u00e9 textiln\u00ed \u0159ady HARVIA Luhta je vyroben z vysoce kvalitn\u00ed bavlny a lnu. Je velmi p\u0159\u00edjemn\u00fd na dotek a m\u00e1 elegantn\u00ed a modern\u00ed vzhled. M\u00e1 vysokou absorb\u010dn\u00ed kapacitu a po pou\u017eit\u00ed rychle schne. Vybaven praktick\u00fdm poutkem na zav\u011b\u0161en\u00ed. Spole\u010dnost HARVIA AUSTRIA vyv\u00edj\u00ed a vyr\u00e1b\u00ed kvalitn\u00ed a inovativn\u00ed produkty ur\u010den\u00e9 k tomu, aby Va\u0161e chv\u00edle str\u00e1ven\u00e9 v saun\u011b byly co nejv\u00edce relaxuj\u00edc\u00ed.","robots":{"index":"index","follow":"follow","max-snippet":"max-snippet:-1","max-image-preview":"max-image-preview:large","max-video-preview":"max-video-preview:-1"},"canonical":"https:\/\/anderskafka.cz\/eshop\/produkt\/harvia-saunovy-polstar\/","og_locale":"cs_CZ","og_type":"article","og_title":"HARVIA AUSTRIA saunov\u00fd pol\u0161t\u00e1\u0159 - Anders &amp; Kafka E-SHOP","og_description":"Saunov\u00fd pol\u0161t\u00e1\u0159 z nov\u00e9 textiln\u00ed \u0159ady HARVIA Luhta je vyroben z vysoce kvalitn\u00ed bavlny a lnu. Je velmi p\u0159\u00edjemn\u00fd na dotek a m\u00e1 elegantn\u00ed a modern\u00ed vzhled. M\u00e1 vysokou absorb\u010dn\u00ed kapacitu a po pou\u017eit\u00ed rychle schne. Vybaven praktick\u00fdm poutkem na zav\u011b\u0161en\u00ed. Spole\u010dnost HARVIA AUSTRIA vyv\u00edj\u00ed a vyr\u00e1b\u00ed kvalitn\u00ed a inovativn\u00ed produkty ur\u010den\u00e9 k tomu, aby Va\u0161e chv\u00edle str\u00e1ven\u00e9 v saun\u011b byly co nejv\u00edce relaxuj\u00edc\u00ed.","og_url":"https:\/\/anderskafka.cz\/eshop\/produkt\/harvia-saunovy-polstar\/","og_site_name":"Anders &amp; Kafka E-SHOP","article_modified_time":"2026-04-07T08:58:31+00:00","og_image":[{"width":700,"height":700,"url":"https:\/\/anderskafka.cz\/eshop\/wp-content\/uploads\/sites\/3\/2022\/12\/6413910790680_H.jpg","type":"image\/jpeg"}],"twitter_card":"summary_large_image","schema":{"@context":"https:\/\/schema.org","@graph":[{"@type":"WebSite","@id":"https:\/\/anderskafka.cz\/eshop\/#website","url":"https:\/\/anderskafka.cz\/eshop\/","name":"Anders &amp; Kafka E-SHOP","description":"Anders &amp; Kafka E-SHOP","potentialAction":[{"@type":"SearchAction","target":{"@type":"EntryPoint","urlTemplate":"https:\/\/anderskafka.cz\/eshop\/?s={search_term_string}"},"query-input":"required name=search_term_string"}],"inLanguage":"cs"},{"@type":"ImageObject","@id":"https:\/\/anderskafka.cz\/eshop\/produkt\/harvia-saunovy-polstar\/#primaryimage","inLanguage":"cs","url":"https:\/\/anderskafka.cz\/eshop\/wp-content\/uploads\/sites\/3\/2022\/12\/6413910790680_H.jpg","contentUrl":"https:\/\/anderskafka.cz\/eshop\/wp-content\/uploads\/sites\/3\/2022\/12\/6413910790680_H.jpg","width":700,"height":700},{"@type":"WebPage","@id":"https:\/\/anderskafka.cz\/eshop\/produkt\/harvia-saunovy-polstar\/#webpage","url":"https:\/\/anderskafka.cz\/eshop\/produkt\/harvia-saunovy-polstar\/","name":"HARVIA AUSTRIA saunov\u00fd pol\u0161t\u00e1\u0159 - Anders &amp; Kafka E-SHOP","isPartOf":{"@id":"https:\/\/anderskafka.cz\/eshop\/#website"},"primaryImageOfPage":{"@id":"https:\/\/anderskafka.cz\/eshop\/produkt\/harvia-saunovy-polstar\/#primaryimage"},"datePublished":"2022-12-13T15:06:50+00:00","dateModified":"2026-04-07T08:58:31+00:00","description":"Saunov\u00fd pol\u0161t\u00e1\u0159 z nov\u00e9 textiln\u00ed \u0159ady HARVIA Luhta je vyroben z vysoce kvalitn\u00ed bavlny a lnu. Je velmi p\u0159\u00edjemn\u00fd na dotek a m\u00e1 elegantn\u00ed a modern\u00ed vzhled. M\u00e1 vysokou absorb\u010dn\u00ed kapacitu a po pou\u017eit\u00ed rychle schne. Vybaven praktick\u00fdm poutkem na zav\u011b\u0161en\u00ed. Spole\u010dnost HARVIA AUSTRIA vyv\u00edj\u00ed a vyr\u00e1b\u00ed kvalitn\u00ed a inovativn\u00ed produkty ur\u010den\u00e9 k tomu, aby Va\u0161e chv\u00edle str\u00e1ven\u00e9 v saun\u011b byly co nejv\u00edce relaxuj\u00edc\u00ed.","breadcrumb":{"@id":"https:\/\/anderskafka.cz\/eshop\/produkt\/harvia-saunovy-polstar\/#breadcrumb"},"inLanguage":"cs","potentialAction":[{"@type":"ReadAction","target":["https:\/\/anderskafka.cz\/eshop\/produkt\/harvia-saunovy-polstar\/"]}]},{"@type":"BreadcrumbList","@id":"https:\/\/anderskafka.cz\/eshop\/produkt\/harvia-saunovy-polstar\/#breadcrumb","itemListElement":[{"@type":"ListItem","position":1,"name":"Obchod","item":"https:\/\/anderskafka.cz\/eshop\/obchod\/"},{"@type":"ListItem","position":2,"name":"HARVIA AUSTRIA saunov\u00fd pol\u0161t\u00e1\u0159"}]}]}},"locations":[],"_links":{"self":[{"href":"https:\/\/anderskafka.cz\/eshop\/wp-json\/wp\/v2\/product\/1261"}],"collection":[{"href":"https:\/\/anderskafka.cz\/eshop\/wp-json\/wp\/v2\/product"}],"about":[{"href":"https:\/\/anderskafka.cz\/eshop\/wp-json\/wp\/v2\/types\/product"}],"replies":[{"embeddable":true,"href":"https:\/\/anderskafka.cz\/eshop\/wp-json\/wp\/v2\/comments?post=1261"}],"wp:featuredmedia":[{"embeddable":true,"href":"https:\/\/anderskafka.cz\/eshop\/wp-json\/wp\/v2\/media\/1255"}],"wp:attachment":[{"href":"https:\/\/anderskafka.cz\/eshop\/wp-json\/wp\/v2\/media?parent=1261"}],"wp:term":[{"taxonomy":"location","embeddable":true,"href":"https:\/\/anderskafka.cz\/eshop\/wp-json\/wp\/v2\/location?post=1261"},{"taxonomy":"product_cat","embeddable":true,"href":"https:\/\/anderskafka.cz\/eshop\/wp-json\/wp\/v2\/product_cat?post=1261"},{"taxonomy":"product_tag","embeddable":true,"href":"https:\/\/anderskafka.cz\/eshop\/wp-json\/wp\/v2\/product_tag?post=1261"}],"curies":[{"name":"wp","href":"https:\/\/api.w.org\/{rel}","templated":true}]}}