{"id":13343,"date":"2025-12-05T11:05:11","date_gmt":"2025-12-05T10:05:11","guid":{"rendered":"https:\/\/anderskafka.cz\/eshop\/?post_type=product&#038;p=13343"},"modified":"2026-04-15T08:59:26","modified_gmt":"2026-04-15T06:59:26","slug":"rento-difuzer-arkticka-borovice-100-ml","status":"publish","type":"product","link":"https:\/\/anderskafka.cz\/eshop\/produkt\/rento-difuzer-arkticka-borovice-100-ml\/","title":{"rendered":"RENTO difuz\u00e9r arktick\u00e1 borovice, 100 ml"},"content":{"rendered":"<p>Tento elegantn\u00ed difuz\u00e9r s vonn\u00fdmi ty\u010dinkami uvol\u0148uje lehkou v\u016fni, d\u00edky \u010demu\u017e se stane v\u00edtanou sou\u010d\u00e1st\u00ed v\u00fdzdoby ka\u017ed\u00e9ho prostoru. V\u016fn\u011b mlad\u00e9ho jehli\u010d\u00ed a prysky\u0159ice, kter\u00e9 l\u00e1kaj\u00ed smysly. Intenzitu v\u016fn\u011b m\u016f\u017eete regulovat po\u010dtem ty\u010dinek. \u010c\u00edm v\u00edce ty\u010dinek pou\u017eijete, t\u00edm siln\u011bj\u0161\u00ed v\u016fn\u011b bude.<br \/>\nVon\u00ed cca 4 t\u00fddny.<\/p>\n<p>Finsk\u00e1 kvalita.<\/p>\n","protected":false},"excerpt":{"rendered":"<p>Elegantn\u00ed ty\u010dinkov\u00fd difuz\u00e9r s v\u016fn\u00ed mlad\u00e9ho jehli\u010d\u00ed a prysky\u0159ice.<br \/>\nNavr\u017eeno ve Finsku, specialistou na saunov\u00e9 dopl\u0148ky spole\u010dnost\u00ed RENTO. <img loading=\"lazy\" class=\"wp-image-135 aligncenter\" src=\"https:\/\/anderskafka.cz\/eshop\/wp-content\/uploads\/sites\/3\/2022\/06\/DesignFromFinland_web-1-300x300.png\" alt=\"\" width=\"178\" height=\"178\" \/><\/p>\n","protected":false},"featured_media":13345,"comment_status":"open","ping_status":"closed","template":"","meta":{"site-sidebar-layout":"default","site-content-layout":"default","ast-main-header-display":"","ast-hfb-above-header-display":"","ast-hfb-below-header-display":"","ast-hfb-mobile-header-display":"","site-post-title":"","ast-breadcrumbs-content":"","ast-featured-img":"","footer-sml-layout":"","theme-transparent-header-meta":"","adv-header-id-meta":"","stick-header-meta":"","header-above-stick-meta":"","header-main-stick-meta":"","header-below-stick-meta":""},"location":[],"product_cat":[755,1099,1640],"product_tag":[103],"yoast_head":"<!-- This site is optimized with the Yoast SEO plugin v18.5.1 - https:\/\/yoast.com\/wordpress\/plugins\/seo\/ -->\n<title>RENTO difuz\u00e9r arktick\u00e1 borovice, 100 ml - Anders &amp; Kafka E-SHOP<\/title>\n<meta name=\"description\" content=\"Elegantn\u00ed ty\u010dinkov\u00fd difuz\u00e9r s v\u016fn\u00ed mlad\u00e9ho jehli\u010d\u00ed a prysky\u0159ice. Navr\u017eeno ve Finsku, specialistou na saunov\u00e9 dopl\u0148ky spole\u010dnost\u00ed RENTO.\" \/>\n<meta name=\"robots\" content=\"index, follow, max-snippet:-1, max-image-preview:large, max-video-preview:-1\" \/>\n<link rel=\"canonical\" href=\"https:\/\/anderskafka.cz\/eshop\/produkt\/rento-difuzer-arkticka-borovice-100-ml\/\" \/>\n<meta property=\"og:locale\" content=\"cs_CZ\" \/>\n<meta property=\"og:type\" content=\"article\" \/>\n<meta property=\"og:title\" content=\"RENTO difuz\u00e9r arktick\u00e1 borovice, 100 ml - Anders &amp; Kafka E-SHOP\" \/>\n<meta property=\"og:description\" content=\"Elegantn\u00ed ty\u010dinkov\u00fd difuz\u00e9r s v\u016fn\u00ed mlad\u00e9ho jehli\u010d\u00ed a prysky\u0159ice. Navr\u017eeno ve Finsku, specialistou na saunov\u00e9 dopl\u0148ky spole\u010dnost\u00ed RENTO.\" \/>\n<meta property=\"og:url\" content=\"https:\/\/anderskafka.cz\/eshop\/produkt\/rento-difuzer-arkticka-borovice-100-ml\/\" \/>\n<meta property=\"og:site_name\" content=\"Anders &amp; Kafka E-SHOP\" \/>\n<meta property=\"article:modified_time\" content=\"2026-04-15T06:59:26+00:00\" \/>\n<meta name=\"twitter:card\" content=\"summary_large_image\" \/>\n<meta name=\"twitter:image\" content=\"https:\/\/anderskafka.cz\/eshop\/wp-content\/uploads\/sites\/3\/2025\/12\/RENTO_difuzerAB2_AndersKafka.webp\" \/>\n<meta name=\"twitter:label1\" content=\"Odhadovan\u00e1 doba \u010dten\u00ed\" \/>\n\t<meta name=\"twitter:data1\" content=\"1 minuta\" \/>\n<script type=\"application\/ld+json\" class=\"yoast-schema-graph\">{\"@context\":\"https:\/\/schema.org\",\"@graph\":[{\"@type\":\"WebSite\",\"@id\":\"https:\/\/anderskafka.cz\/eshop\/#website\",\"url\":\"https:\/\/anderskafka.cz\/eshop\/\",\"name\":\"Anders &amp; Kafka E-SHOP\",\"description\":\"Anders &amp; Kafka E-SHOP\",\"potentialAction\":[{\"@type\":\"SearchAction\",\"target\":{\"@type\":\"EntryPoint\",\"urlTemplate\":\"https:\/\/anderskafka.cz\/eshop\/?s={search_term_string}\"},\"query-input\":\"required name=search_term_string\"}],\"inLanguage\":\"cs\"},{\"@type\":\"ImageObject\",\"@id\":\"https:\/\/anderskafka.cz\/eshop\/produkt\/rento-difuzer-arkticka-borovice-100-ml\/#primaryimage\",\"inLanguage\":\"cs\",\"url\":\"https:\/\/anderskafka.cz\/eshop\/wp-content\/uploads\/sites\/3\/2025\/12\/RENTO_difuzerAB2_AndersKafka.webp\",\"contentUrl\":\"https:\/\/anderskafka.cz\/eshop\/wp-content\/uploads\/sites\/3\/2025\/12\/RENTO_difuzerAB2_AndersKafka.webp\",\"width\":1500,\"height\":1500},{\"@type\":\"WebPage\",\"@id\":\"https:\/\/anderskafka.cz\/eshop\/produkt\/rento-difuzer-arkticka-borovice-100-ml\/#webpage\",\"url\":\"https:\/\/anderskafka.cz\/eshop\/produkt\/rento-difuzer-arkticka-borovice-100-ml\/\",\"name\":\"RENTO difuz\u00e9r arktick\u00e1 borovice, 100 ml - Anders &amp; Kafka E-SHOP\",\"isPartOf\":{\"@id\":\"https:\/\/anderskafka.cz\/eshop\/#website\"},\"primaryImageOfPage\":{\"@id\":\"https:\/\/anderskafka.cz\/eshop\/produkt\/rento-difuzer-arkticka-borovice-100-ml\/#primaryimage\"},\"datePublished\":\"2025-12-05T10:05:11+00:00\",\"dateModified\":\"2026-04-15T06:59:26+00:00\",\"description\":\"Elegantn\u00ed ty\u010dinkov\u00fd difuz\u00e9r s v\u016fn\u00ed mlad\u00e9ho jehli\u010d\u00ed a prysky\u0159ice. Navr\u017eeno ve Finsku, specialistou na saunov\u00e9 dopl\u0148ky spole\u010dnost\u00ed RENTO.\",\"breadcrumb\":{\"@id\":\"https:\/\/anderskafka.cz\/eshop\/produkt\/rento-difuzer-arkticka-borovice-100-ml\/#breadcrumb\"},\"inLanguage\":\"cs\",\"potentialAction\":[{\"@type\":\"ReadAction\",\"target\":[\"https:\/\/anderskafka.cz\/eshop\/produkt\/rento-difuzer-arkticka-borovice-100-ml\/\"]}]},{\"@type\":\"BreadcrumbList\",\"@id\":\"https:\/\/anderskafka.cz\/eshop\/produkt\/rento-difuzer-arkticka-borovice-100-ml\/#breadcrumb\",\"itemListElement\":[{\"@type\":\"ListItem\",\"position\":1,\"name\":\"Obchod\",\"item\":\"https:\/\/anderskafka.cz\/eshop\/obchod\/\"},{\"@type\":\"ListItem\",\"position\":2,\"name\":\"RENTO difuz\u00e9r arktick\u00e1 borovice, 100 ml\"}]}]}<\/script>\n<!-- \/ Yoast SEO plugin. -->","yoast_head_json":{"title":"RENTO difuz\u00e9r arktick\u00e1 borovice, 100 ml - Anders &amp; Kafka E-SHOP","description":"Elegantn\u00ed ty\u010dinkov\u00fd difuz\u00e9r s v\u016fn\u00ed mlad\u00e9ho jehli\u010d\u00ed a prysky\u0159ice. Navr\u017eeno ve Finsku, specialistou na saunov\u00e9 dopl\u0148ky spole\u010dnost\u00ed RENTO.","robots":{"index":"index","follow":"follow","max-snippet":"max-snippet:-1","max-image-preview":"max-image-preview:large","max-video-preview":"max-video-preview:-1"},"canonical":"https:\/\/anderskafka.cz\/eshop\/produkt\/rento-difuzer-arkticka-borovice-100-ml\/","og_locale":"cs_CZ","og_type":"article","og_title":"RENTO difuz\u00e9r arktick\u00e1 borovice, 100 ml - Anders &amp; Kafka E-SHOP","og_description":"Elegantn\u00ed ty\u010dinkov\u00fd difuz\u00e9r s v\u016fn\u00ed mlad\u00e9ho jehli\u010d\u00ed a prysky\u0159ice. Navr\u017eeno ve Finsku, specialistou na saunov\u00e9 dopl\u0148ky spole\u010dnost\u00ed RENTO.","og_url":"https:\/\/anderskafka.cz\/eshop\/produkt\/rento-difuzer-arkticka-borovice-100-ml\/","og_site_name":"Anders &amp; Kafka E-SHOP","article_modified_time":"2026-04-15T06:59:26+00:00","twitter_card":"summary_large_image","twitter_image":"https:\/\/anderskafka.cz\/eshop\/wp-content\/uploads\/sites\/3\/2025\/12\/RENTO_difuzerAB2_AndersKafka.webp","twitter_misc":{"Odhadovan\u00e1 doba \u010dten\u00ed":"1 minuta"},"schema":{"@context":"https:\/\/schema.org","@graph":[{"@type":"WebSite","@id":"https:\/\/anderskafka.cz\/eshop\/#website","url":"https:\/\/anderskafka.cz\/eshop\/","name":"Anders &amp; Kafka E-SHOP","description":"Anders &amp; Kafka E-SHOP","potentialAction":[{"@type":"SearchAction","target":{"@type":"EntryPoint","urlTemplate":"https:\/\/anderskafka.cz\/eshop\/?s={search_term_string}"},"query-input":"required name=search_term_string"}],"inLanguage":"cs"},{"@type":"ImageObject","@id":"https:\/\/anderskafka.cz\/eshop\/produkt\/rento-difuzer-arkticka-borovice-100-ml\/#primaryimage","inLanguage":"cs","url":"https:\/\/anderskafka.cz\/eshop\/wp-content\/uploads\/sites\/3\/2025\/12\/RENTO_difuzerAB2_AndersKafka.webp","contentUrl":"https:\/\/anderskafka.cz\/eshop\/wp-content\/uploads\/sites\/3\/2025\/12\/RENTO_difuzerAB2_AndersKafka.webp","width":1500,"height":1500},{"@type":"WebPage","@id":"https:\/\/anderskafka.cz\/eshop\/produkt\/rento-difuzer-arkticka-borovice-100-ml\/#webpage","url":"https:\/\/anderskafka.cz\/eshop\/produkt\/rento-difuzer-arkticka-borovice-100-ml\/","name":"RENTO difuz\u00e9r arktick\u00e1 borovice, 100 ml - Anders &amp; Kafka E-SHOP","isPartOf":{"@id":"https:\/\/anderskafka.cz\/eshop\/#website"},"primaryImageOfPage":{"@id":"https:\/\/anderskafka.cz\/eshop\/produkt\/rento-difuzer-arkticka-borovice-100-ml\/#primaryimage"},"datePublished":"2025-12-05T10:05:11+00:00","dateModified":"2026-04-15T06:59:26+00:00","description":"Elegantn\u00ed ty\u010dinkov\u00fd difuz\u00e9r s v\u016fn\u00ed mlad\u00e9ho jehli\u010d\u00ed a prysky\u0159ice. Navr\u017eeno ve Finsku, specialistou na saunov\u00e9 dopl\u0148ky spole\u010dnost\u00ed RENTO.","breadcrumb":{"@id":"https:\/\/anderskafka.cz\/eshop\/produkt\/rento-difuzer-arkticka-borovice-100-ml\/#breadcrumb"},"inLanguage":"cs","potentialAction":[{"@type":"ReadAction","target":["https:\/\/anderskafka.cz\/eshop\/produkt\/rento-difuzer-arkticka-borovice-100-ml\/"]}]},{"@type":"BreadcrumbList","@id":"https:\/\/anderskafka.cz\/eshop\/produkt\/rento-difuzer-arkticka-borovice-100-ml\/#breadcrumb","itemListElement":[{"@type":"ListItem","position":1,"name":"Obchod","item":"https:\/\/anderskafka.cz\/eshop\/obchod\/"},{"@type":"ListItem","position":2,"name":"RENTO difuz\u00e9r arktick\u00e1 borovice, 100 ml"}]}]}},"locations":[],"_links":{"self":[{"href":"https:\/\/anderskafka.cz\/eshop\/wp-json\/wp\/v2\/product\/13343"}],"collection":[{"href":"https:\/\/anderskafka.cz\/eshop\/wp-json\/wp\/v2\/product"}],"about":[{"href":"https:\/\/anderskafka.cz\/eshop\/wp-json\/wp\/v2\/types\/product"}],"replies":[{"embeddable":true,"href":"https:\/\/anderskafka.cz\/eshop\/wp-json\/wp\/v2\/comments?post=13343"}],"wp:featuredmedia":[{"embeddable":true,"href":"https:\/\/anderskafka.cz\/eshop\/wp-json\/wp\/v2\/media\/13345"}],"wp:attachment":[{"href":"https:\/\/anderskafka.cz\/eshop\/wp-json\/wp\/v2\/media?parent=13343"}],"wp:term":[{"taxonomy":"location","embeddable":true,"href":"https:\/\/anderskafka.cz\/eshop\/wp-json\/wp\/v2\/location?post=13343"},{"taxonomy":"product_cat","embeddable":true,"href":"https:\/\/anderskafka.cz\/eshop\/wp-json\/wp\/v2\/product_cat?post=13343"},{"taxonomy":"product_tag","embeddable":true,"href":"https:\/\/anderskafka.cz\/eshop\/wp-json\/wp\/v2\/product_tag?post=13343"}],"curies":[{"name":"wp","href":"https:\/\/api.w.org\/{rel}","templated":true}]}}