{"id":14097,"date":"2026-01-12T09:58:35","date_gmt":"2026-01-12T08:58:35","guid":{"rendered":"https:\/\/anderskafka.cz\/eshop\/?post_type=product&#038;p=14097"},"modified":"2026-03-26T11:22:57","modified_gmt":"2026-03-26T10:22:57","slug":"guaa-whirlpool-aromatic-set-sada-vonnych-esenci-pro-virive-vany-2","status":"publish","type":"product","link":"https:\/\/anderskafka.cz\/eshop\/produkt\/guaa-whirlpool-aromatic-set-sada-vonnych-esenci-pro-virive-vany-2\/","title":{"rendered":"GUAa whirlpool aromatic, sada vonn\u00fdch esenc\u00ed pro v\u00ed\u0159iv\u00e9 vany"},"content":{"rendered":"<p class=\"subname\"><strong>Sada vonn\u00fdch esenc\u00ed pro v\u00ed\u0159iv\u00e9 vany<\/strong><\/p>\n<div id=\"product-description-short\"><\/div>\n<div id=\"product-description\">\n<h2>Sada obsahuje:<\/h2>\n<ul>\n<li><strong>1x Bergamot 15 ml<\/strong><\/li>\n<li><strong>1x Ylang \u2013 Ylang 15 ml<\/strong><\/li>\n<li><strong>1x Regenera\u010dn\u00ed 15 ml<\/strong><\/li>\n<li><strong>1x Menthol 15 ml<\/strong><\/li>\n<li><strong>1x Grapefruit 15 ml<\/strong><\/li>\n<li><strong>1x Alpsk\u00e1 relaxa\u010dn\u00ed sm\u011bs 15 ml<\/strong><\/li>\n<\/ul>\n<p>Vonn\u00e9 esence WHIRLPOOL AROMATIC byly vyvinuty s ohledem na pou\u017e\u00edv\u00e1n\u00ed bezchl\u00f3rov\u00e9 dezinfekce GUAa ve v\u00ed\u0159iv\u00fdch van\u00e1ch. Nemaj\u00ed vliv na kvalitu vody, neobsahuj\u00ed alkohol ani jin\u00e9 l\u00e1tky, kter\u00e9 mohou m\u00edt vliv na komfort u\u017eivatel\u016f v\u00ed\u0159iv\u00fdch van. Slo\u017een\u00ed bylo speci\u00e1ln\u011b vyvinuto s p\u0159edn\u00edmi odborn\u00edky a je unik\u00e1tn\u00ed na trhu s vonn\u00fdmi esencemi.<\/p>\n<p>Vonn\u00e9 esence WHIRLPOOL AROMATIC jsou vhodn\u00e9 pro v\u0161echny typy v\u00ed\u0159iv\u00fdch van. Aplikuj\u00ed se p\u0159\u00edmo do v\u00ed\u0159iv\u00e9 vany a po \u0159\u00e1dn\u00e9m prom\u00edch\u00e1n\u00ed se pln\u011b rozvine p\u0159\u00edjemn\u00e9 aroma.<\/p>\n<h2>D\u00e1vkov\u00e1n\u00ed:<\/h2>\n<p>15 ml\/1m<sup>3<\/sup> vody. Aplikuje se p\u0159\u00edmo do vody p\u0159i zapnut\u00e9 cirkulaci p\u0159\u00edpadn\u011b p\u0159i zapnut\u00fdch mas\u00e1\u017en\u00edch trysk\u00e1ch. Pro vyvinut\u00ed siln\u011bj\u0161\u00edho aroma je mo\u017en\u00e9 d\u00e1vku zdvojn\u00e1sobit.<\/p>\n<h2>Upozorn\u011bn\u00ed:<\/h2>\n<p>Vonn\u00e9 esence vzhledem k pou\u017e\u00edvan\u00fdm koncentrac\u00edm ve vod\u011b nemaj\u00ed \u017e\u00e1dn\u00e9 l\u00e9\u010div\u00e9 \u00fa\u010dinky. Jedn\u00e1 se prim\u00e1rn\u011b o aromaterapii.<\/p>\n<\/div>\n","protected":false},"excerpt":{"rendered":"<div>\n<p>Vonn\u00e9 esence WHIRLPOOL AROMATIC byly vyvinuty s ohledem na pou\u017e\u00edv\u00e1n\u00ed bezchl\u00f3rov\u00e9 dezinfekce GUAa POOL ve v\u00ed\u0159iv\u00fdch van\u00e1ch. Nemaj\u00ed vliv na kvalitu vody, neobsahuj\u00ed alkohol ani jin\u00e9 l\u00e1tky, kter\u00e9 mohou m\u00edt vliv na komfort u\u017eivatel\u016f v\u00ed\u0159iv\u00fdch van. Slo\u017een\u00ed bylo speci\u00e1ln\u011b vyvinuto s p\u0159edn\u00edmi odborn\u00edky a je unik\u00e1tn\u00ed na trhu s vonn\u00fdmi esencemi.<\/p>\n<p>&nbsp;<\/p>\n<\/div>\n<div>\n<div>\n<div><\/div>\n<\/div>\n<\/div>\n","protected":false},"featured_media":5002,"comment_status":"open","ping_status":"closed","template":"","meta":{"site-sidebar-layout":"default","site-content-layout":"default","ast-main-header-display":"","ast-hfb-above-header-display":"","ast-hfb-below-header-display":"","ast-hfb-mobile-header-display":"disabled","site-post-title":"","ast-breadcrumbs-content":"","ast-featured-img":"","footer-sml-layout":"","theme-transparent-header-meta":"","adv-header-id-meta":"","stick-header-meta":"","header-above-stick-meta":"","header-main-stick-meta":"","header-below-stick-meta":""},"location":[],"product_cat":[112,965],"product_tag":[1078],"yoast_head":"<!-- This site is optimized with the Yoast SEO plugin v18.5.1 - https:\/\/yoast.com\/wordpress\/plugins\/seo\/ -->\n<title>GUAa whirlpool aromatic, sada vonn\u00fdch esenc\u00ed pro v\u00ed\u0159iv\u00e9 vany - Anders &amp; Kafka E-SHOP<\/title>\n<meta name=\"description\" content=\"Vonn\u00e9 esence WHIRLPOOL AROMATIC byly vyvinuty s ohledem na pou\u017e\u00edv\u00e1n\u00ed bezchl\u00f3rov\u00e9 dezinfekce GUAa POOL ve v\u00ed\u0159iv\u00fdch van\u00e1ch. Nemaj\u00ed vliv na kvalitu vody, neobsahuj\u00ed alkohol ani jin\u00e9 l\u00e1tky, kter\u00e9 mohou m\u00edt vliv na komfort u\u017eivatel\u016f v\u00ed\u0159iv\u00fdch van. Slo\u017een\u00ed bylo speci\u00e1ln\u011b vyvinuto s p\u0159edn\u00edmi odborn\u00edky a je unik\u00e1tn\u00ed na trhu s vonn\u00fdmi esencemi.  &nbsp;\" \/>\n<meta name=\"robots\" content=\"index, follow, max-snippet:-1, max-image-preview:large, max-video-preview:-1\" \/>\n<link rel=\"canonical\" href=\"https:\/\/anderskafka.cz\/eshop\/produkt\/guaa-whirlpool-aromatic-set-sada-vonnych-esenci-pro-virive-vany-2\/\" \/>\n<meta property=\"og:locale\" content=\"cs_CZ\" \/>\n<meta property=\"og:type\" content=\"article\" \/>\n<meta property=\"og:title\" content=\"GUAa whirlpool aromatic, sada vonn\u00fdch esenc\u00ed pro v\u00ed\u0159iv\u00e9 vany - Anders &amp; Kafka E-SHOP\" \/>\n<meta property=\"og:description\" content=\"Vonn\u00e9 esence WHIRLPOOL AROMATIC byly vyvinuty s ohledem na pou\u017e\u00edv\u00e1n\u00ed bezchl\u00f3rov\u00e9 dezinfekce GUAa POOL ve v\u00ed\u0159iv\u00fdch van\u00e1ch. Nemaj\u00ed vliv na kvalitu vody, neobsahuj\u00ed alkohol ani jin\u00e9 l\u00e1tky, kter\u00e9 mohou m\u00edt vliv na komfort u\u017eivatel\u016f v\u00ed\u0159iv\u00fdch van. Slo\u017een\u00ed bylo speci\u00e1ln\u011b vyvinuto s p\u0159edn\u00edmi odborn\u00edky a je unik\u00e1tn\u00ed na trhu s vonn\u00fdmi esencemi.  &nbsp;\" \/>\n<meta property=\"og:url\" content=\"https:\/\/anderskafka.cz\/eshop\/produkt\/guaa-whirlpool-aromatic-set-sada-vonnych-esenci-pro-virive-vany-2\/\" \/>\n<meta property=\"og:site_name\" content=\"Anders &amp; Kafka E-SHOP\" \/>\n<meta property=\"article:modified_time\" content=\"2026-03-26T10:22:57+00:00\" \/>\n<meta property=\"og:image\" content=\"https:\/\/anderskafka.cz\/eshop\/wp-content\/uploads\/sites\/3\/2023\/11\/whirlpool-aromatic-set.jpg.png\" \/>\n\t<meta property=\"og:image:width\" content=\"800\" \/>\n\t<meta property=\"og:image:height\" content=\"800\" \/>\n\t<meta property=\"og:image:type\" content=\"image\/png\" \/>\n<meta name=\"twitter:card\" content=\"summary_large_image\" \/>\n<meta name=\"twitter:label1\" content=\"Odhadovan\u00e1 doba \u010dten\u00ed\" \/>\n\t<meta name=\"twitter:data1\" content=\"1 minuta\" \/>\n<script type=\"application\/ld+json\" class=\"yoast-schema-graph\">{\"@context\":\"https:\/\/schema.org\",\"@graph\":[{\"@type\":\"WebSite\",\"@id\":\"https:\/\/anderskafka.cz\/eshop\/#website\",\"url\":\"https:\/\/anderskafka.cz\/eshop\/\",\"name\":\"Anders &amp; Kafka E-SHOP\",\"description\":\"Anders &amp; Kafka E-SHOP\",\"potentialAction\":[{\"@type\":\"SearchAction\",\"target\":{\"@type\":\"EntryPoint\",\"urlTemplate\":\"https:\/\/anderskafka.cz\/eshop\/?s={search_term_string}\"},\"query-input\":\"required name=search_term_string\"}],\"inLanguage\":\"cs\"},{\"@type\":\"ImageObject\",\"@id\":\"https:\/\/anderskafka.cz\/eshop\/produkt\/guaa-whirlpool-aromatic-set-sada-vonnych-esenci-pro-virive-vany-2\/#primaryimage\",\"inLanguage\":\"cs\",\"url\":\"https:\/\/anderskafka.cz\/eshop\/wp-content\/uploads\/sites\/3\/2023\/11\/whirlpool-aromatic-set.jpg.png\",\"contentUrl\":\"https:\/\/anderskafka.cz\/eshop\/wp-content\/uploads\/sites\/3\/2023\/11\/whirlpool-aromatic-set.jpg.png\",\"width\":800,\"height\":800},{\"@type\":\"WebPage\",\"@id\":\"https:\/\/anderskafka.cz\/eshop\/produkt\/guaa-whirlpool-aromatic-set-sada-vonnych-esenci-pro-virive-vany-2\/#webpage\",\"url\":\"https:\/\/anderskafka.cz\/eshop\/produkt\/guaa-whirlpool-aromatic-set-sada-vonnych-esenci-pro-virive-vany-2\/\",\"name\":\"GUAa whirlpool aromatic, sada vonn\u00fdch esenc\u00ed pro v\u00ed\u0159iv\u00e9 vany - Anders &amp; Kafka E-SHOP\",\"isPartOf\":{\"@id\":\"https:\/\/anderskafka.cz\/eshop\/#website\"},\"primaryImageOfPage\":{\"@id\":\"https:\/\/anderskafka.cz\/eshop\/produkt\/guaa-whirlpool-aromatic-set-sada-vonnych-esenci-pro-virive-vany-2\/#primaryimage\"},\"datePublished\":\"2026-01-12T08:58:35+00:00\",\"dateModified\":\"2026-03-26T10:22:57+00:00\",\"description\":\"Vonn\u00e9 esence WHIRLPOOL AROMATIC byly vyvinuty s ohledem na pou\u017e\u00edv\u00e1n\u00ed bezchl\u00f3rov\u00e9 dezinfekce GUAa POOL ve v\u00ed\u0159iv\u00fdch van\u00e1ch. Nemaj\u00ed vliv na kvalitu vody, neobsahuj\u00ed alkohol ani jin\u00e9 l\u00e1tky, kter\u00e9 mohou m\u00edt vliv na komfort u\u017eivatel\u016f v\u00ed\u0159iv\u00fdch van. Slo\u017een\u00ed bylo speci\u00e1ln\u011b vyvinuto s p\u0159edn\u00edmi odborn\u00edky a je unik\u00e1tn\u00ed na trhu s vonn\u00fdmi esencemi. &nbsp;\",\"breadcrumb\":{\"@id\":\"https:\/\/anderskafka.cz\/eshop\/produkt\/guaa-whirlpool-aromatic-set-sada-vonnych-esenci-pro-virive-vany-2\/#breadcrumb\"},\"inLanguage\":\"cs\",\"potentialAction\":[{\"@type\":\"ReadAction\",\"target\":[\"https:\/\/anderskafka.cz\/eshop\/produkt\/guaa-whirlpool-aromatic-set-sada-vonnych-esenci-pro-virive-vany-2\/\"]}]},{\"@type\":\"BreadcrumbList\",\"@id\":\"https:\/\/anderskafka.cz\/eshop\/produkt\/guaa-whirlpool-aromatic-set-sada-vonnych-esenci-pro-virive-vany-2\/#breadcrumb\",\"itemListElement\":[{\"@type\":\"ListItem\",\"position\":1,\"name\":\"Obchod\",\"item\":\"https:\/\/anderskafka.cz\/eshop\/obchod\/\"},{\"@type\":\"ListItem\",\"position\":2,\"name\":\"GUAa whirlpool aromatic, sada vonn\u00fdch esenc\u00ed pro v\u00ed\u0159iv\u00e9 vany\"}]}]}<\/script>\n<!-- \/ Yoast SEO plugin. -->","yoast_head_json":{"title":"GUAa whirlpool aromatic, sada vonn\u00fdch esenc\u00ed pro v\u00ed\u0159iv\u00e9 vany - Anders &amp; Kafka E-SHOP","description":"Vonn\u00e9 esence WHIRLPOOL AROMATIC byly vyvinuty s ohledem na pou\u017e\u00edv\u00e1n\u00ed bezchl\u00f3rov\u00e9 dezinfekce GUAa POOL ve v\u00ed\u0159iv\u00fdch van\u00e1ch. Nemaj\u00ed vliv na kvalitu vody, neobsahuj\u00ed alkohol ani jin\u00e9 l\u00e1tky, kter\u00e9 mohou m\u00edt vliv na komfort u\u017eivatel\u016f v\u00ed\u0159iv\u00fdch van. Slo\u017een\u00ed bylo speci\u00e1ln\u011b vyvinuto s p\u0159edn\u00edmi odborn\u00edky a je unik\u00e1tn\u00ed na trhu s vonn\u00fdmi esencemi.  &nbsp;","robots":{"index":"index","follow":"follow","max-snippet":"max-snippet:-1","max-image-preview":"max-image-preview:large","max-video-preview":"max-video-preview:-1"},"canonical":"https:\/\/anderskafka.cz\/eshop\/produkt\/guaa-whirlpool-aromatic-set-sada-vonnych-esenci-pro-virive-vany-2\/","og_locale":"cs_CZ","og_type":"article","og_title":"GUAa whirlpool aromatic, sada vonn\u00fdch esenc\u00ed pro v\u00ed\u0159iv\u00e9 vany - Anders &amp; Kafka E-SHOP","og_description":"Vonn\u00e9 esence WHIRLPOOL AROMATIC byly vyvinuty s ohledem na pou\u017e\u00edv\u00e1n\u00ed bezchl\u00f3rov\u00e9 dezinfekce GUAa POOL ve v\u00ed\u0159iv\u00fdch van\u00e1ch. Nemaj\u00ed vliv na kvalitu vody, neobsahuj\u00ed alkohol ani jin\u00e9 l\u00e1tky, kter\u00e9 mohou m\u00edt vliv na komfort u\u017eivatel\u016f v\u00ed\u0159iv\u00fdch van. Slo\u017een\u00ed bylo speci\u00e1ln\u011b vyvinuto s p\u0159edn\u00edmi odborn\u00edky a je unik\u00e1tn\u00ed na trhu s vonn\u00fdmi esencemi.  &nbsp;","og_url":"https:\/\/anderskafka.cz\/eshop\/produkt\/guaa-whirlpool-aromatic-set-sada-vonnych-esenci-pro-virive-vany-2\/","og_site_name":"Anders &amp; Kafka E-SHOP","article_modified_time":"2026-03-26T10:22:57+00:00","og_image":[{"width":800,"height":800,"url":"https:\/\/anderskafka.cz\/eshop\/wp-content\/uploads\/sites\/3\/2023\/11\/whirlpool-aromatic-set.jpg.png","type":"image\/png"}],"twitter_card":"summary_large_image","twitter_misc":{"Odhadovan\u00e1 doba \u010dten\u00ed":"1 minuta"},"schema":{"@context":"https:\/\/schema.org","@graph":[{"@type":"WebSite","@id":"https:\/\/anderskafka.cz\/eshop\/#website","url":"https:\/\/anderskafka.cz\/eshop\/","name":"Anders &amp; Kafka E-SHOP","description":"Anders &amp; Kafka E-SHOP","potentialAction":[{"@type":"SearchAction","target":{"@type":"EntryPoint","urlTemplate":"https:\/\/anderskafka.cz\/eshop\/?s={search_term_string}"},"query-input":"required name=search_term_string"}],"inLanguage":"cs"},{"@type":"ImageObject","@id":"https:\/\/anderskafka.cz\/eshop\/produkt\/guaa-whirlpool-aromatic-set-sada-vonnych-esenci-pro-virive-vany-2\/#primaryimage","inLanguage":"cs","url":"https:\/\/anderskafka.cz\/eshop\/wp-content\/uploads\/sites\/3\/2023\/11\/whirlpool-aromatic-set.jpg.png","contentUrl":"https:\/\/anderskafka.cz\/eshop\/wp-content\/uploads\/sites\/3\/2023\/11\/whirlpool-aromatic-set.jpg.png","width":800,"height":800},{"@type":"WebPage","@id":"https:\/\/anderskafka.cz\/eshop\/produkt\/guaa-whirlpool-aromatic-set-sada-vonnych-esenci-pro-virive-vany-2\/#webpage","url":"https:\/\/anderskafka.cz\/eshop\/produkt\/guaa-whirlpool-aromatic-set-sada-vonnych-esenci-pro-virive-vany-2\/","name":"GUAa whirlpool aromatic, sada vonn\u00fdch esenc\u00ed pro v\u00ed\u0159iv\u00e9 vany - Anders &amp; Kafka E-SHOP","isPartOf":{"@id":"https:\/\/anderskafka.cz\/eshop\/#website"},"primaryImageOfPage":{"@id":"https:\/\/anderskafka.cz\/eshop\/produkt\/guaa-whirlpool-aromatic-set-sada-vonnych-esenci-pro-virive-vany-2\/#primaryimage"},"datePublished":"2026-01-12T08:58:35+00:00","dateModified":"2026-03-26T10:22:57+00:00","description":"Vonn\u00e9 esence WHIRLPOOL AROMATIC byly vyvinuty s ohledem na pou\u017e\u00edv\u00e1n\u00ed bezchl\u00f3rov\u00e9 dezinfekce GUAa POOL ve v\u00ed\u0159iv\u00fdch van\u00e1ch. Nemaj\u00ed vliv na kvalitu vody, neobsahuj\u00ed alkohol ani jin\u00e9 l\u00e1tky, kter\u00e9 mohou m\u00edt vliv na komfort u\u017eivatel\u016f v\u00ed\u0159iv\u00fdch van. Slo\u017een\u00ed bylo speci\u00e1ln\u011b vyvinuto s p\u0159edn\u00edmi odborn\u00edky a je unik\u00e1tn\u00ed na trhu s vonn\u00fdmi esencemi. &nbsp;","breadcrumb":{"@id":"https:\/\/anderskafka.cz\/eshop\/produkt\/guaa-whirlpool-aromatic-set-sada-vonnych-esenci-pro-virive-vany-2\/#breadcrumb"},"inLanguage":"cs","potentialAction":[{"@type":"ReadAction","target":["https:\/\/anderskafka.cz\/eshop\/produkt\/guaa-whirlpool-aromatic-set-sada-vonnych-esenci-pro-virive-vany-2\/"]}]},{"@type":"BreadcrumbList","@id":"https:\/\/anderskafka.cz\/eshop\/produkt\/guaa-whirlpool-aromatic-set-sada-vonnych-esenci-pro-virive-vany-2\/#breadcrumb","itemListElement":[{"@type":"ListItem","position":1,"name":"Obchod","item":"https:\/\/anderskafka.cz\/eshop\/obchod\/"},{"@type":"ListItem","position":2,"name":"GUAa whirlpool aromatic, sada vonn\u00fdch esenc\u00ed pro v\u00ed\u0159iv\u00e9 vany"}]}]}},"locations":[],"_links":{"self":[{"href":"https:\/\/anderskafka.cz\/eshop\/wp-json\/wp\/v2\/product\/14097"}],"collection":[{"href":"https:\/\/anderskafka.cz\/eshop\/wp-json\/wp\/v2\/product"}],"about":[{"href":"https:\/\/anderskafka.cz\/eshop\/wp-json\/wp\/v2\/types\/product"}],"replies":[{"embeddable":true,"href":"https:\/\/anderskafka.cz\/eshop\/wp-json\/wp\/v2\/comments?post=14097"}],"wp:featuredmedia":[{"embeddable":true,"href":"https:\/\/anderskafka.cz\/eshop\/wp-json\/wp\/v2\/media\/5002"}],"wp:attachment":[{"href":"https:\/\/anderskafka.cz\/eshop\/wp-json\/wp\/v2\/media?parent=14097"}],"wp:term":[{"taxonomy":"location","embeddable":true,"href":"https:\/\/anderskafka.cz\/eshop\/wp-json\/wp\/v2\/location?post=14097"},{"taxonomy":"product_cat","embeddable":true,"href":"https:\/\/anderskafka.cz\/eshop\/wp-json\/wp\/v2\/product_cat?post=14097"},{"taxonomy":"product_tag","embeddable":true,"href":"https:\/\/anderskafka.cz\/eshop\/wp-json\/wp\/v2\/product_tag?post=14097"}],"curies":[{"name":"wp","href":"https:\/\/api.w.org\/{rel}","templated":true}]}}