{"id":14102,"date":"2026-01-12T10:05:41","date_gmt":"2026-01-12T09:05:41","guid":{"rendered":"https:\/\/anderskafka.cz\/eshop\/?post_type=product&#038;p=14102"},"modified":"2026-04-06T11:02:02","modified_gmt":"2026-04-06T09:02:02","slug":"guaaa-whirlpool-aromatic-vonna-esence-do-virivky-alpska-relaxacni-smes-200ml","status":"publish","type":"product","link":"https:\/\/anderskafka.cz\/eshop\/produkt\/guaaa-whirlpool-aromatic-vonna-esence-do-virivky-alpska-relaxacni-smes-200ml\/","title":{"rendered":"GUAa whirlpool aromatic \u2013 vonn\u00e1 esence do v\u00ed\u0159ivky alpsk\u00e1 relaxa\u010dn\u00ed sm\u011bs 200ml"},"content":{"rendered":"<p class=\"subname\"><strong>Vonn\u00e1 esence pro v\u00ed\u0159iv\u00e9 a mas\u00e1\u017en\u00ed vany<\/strong><\/p>\n<div id=\"product-description-short\">\n<p>V t\u00e9to vonn\u00e9 esenci je v nejv\u011bt\u0161\u00ed m\u00ed\u0159e zastoupena jedlov\u00e1, kosod\u0159evinov\u00e1 a tymi\u00e1nov\u00e1 silice. Tyto rostlinn\u00e9 silice osv\u011b\u017e\u00ed p\u0159i ch\u0159ipce, ka\u0161li a nachlazen\u00ed. Sm\u011bs p\u016fsob\u00ed stimula\u010dn\u011b a m\u00e1 antiseptick\u00fd \u00fa\u010dinek.<\/p>\n<\/div>\n<div id=\"product-description\">\n<h2>Vlastnosti:<\/h2>\n<p>Koupel osv\u011b\u017e\u00ed p\u0159i svalov\u00e9 \u00fanav\u011b, na t\u011b\u017ek\u00e9 nohy, p\u0159i ch\u0159ipce a nachlazen\u00ed. Prokrvuje a \u010dist\u00ed poko\u017eku. Snadn\u00e1 a praktick\u00e1 aplikace.<\/p>\n<h2>N\u00e1vod k pou\u017eit\u00ed:<\/h2>\n<p>Vonn\u00e1 esence je vhodn\u00e1 pro ka\u017ed\u00fd typ v\u00ed\u0159iv\u00e9 a mas\u00e1\u017en\u00ed vany. Aplikace se prov\u00e1d\u00ed p\u0159\u00edmo do vody. D\u016fkladn\u00e9 prom\u00edch\u00e1n\u00ed zajist\u00edme zapnut\u00edm mas\u00e1\u017en\u00edch trysek, p\u0159\u00edpadn\u011b cirkula\u010dn\u00edho \u010derpadla. Po prom\u00edch\u00e1n\u00ed se rozvine aroma a m\u016f\u017eeme v\u00ed\u0159ivou vanu pou\u017e\u00edvat.<\/p>\n<p>Doporu\u010den\u00e1 d\u00e1vka je 15 ml\/1 m<sup>3<\/sup> (cca 2 pln\u00e9 uz\u00e1v\u011bry).<\/p>\n<h2>Doporu\u010den\u00ed:<\/h2>\n<p>Uchovejte v suchu p\u0159i pokojov\u00e9 teplot\u011b. Nevystavujte p\u0159\u00edm\u00e9mu slunci. Neaplikujte na sliznice! Dermatologicky testovan\u00e9. Origin\u00e1ln\u00ed receptura. P\u0159\u00edrodn\u00ed aktivn\u00ed l\u00e1tky mohou vyvolat alergickou reakci \u2013 doporu\u010dujeme ov\u011b\u0159it sn\u00e1\u0161enlivost p\u0159ed pou\u017eit\u00edm nanesen\u00edm na malou plochu k\u016f\u017ee po z\u0159ed\u011bn\u00ed vodou dle n\u00e1vodu k pou\u017eit\u00ed.<\/p>\n<h2>Slo\u017een\u00ed:<\/h2>\n<p>Glycerin, Aqua, Abies Alba Leaf Oil, Pinus Mugo Twig Oil, Thymus Vulgaris Flower\/Leaf Oil, Phenoxyethanol, Ethylhexylglycerin, D-Limonene, Linalool.<\/p>\n<p><strong>Obsah:<\/strong> 200 ml<\/p>\n<p><strong>Datum expirace:<\/strong> 24 m\u011bs\u00edc\u016f od data v\u00fdroby<\/p>\n<\/div>\n","protected":false},"excerpt":{"rendered":"<p>V t\u00e9to vonn\u00e9 esenci je v nejv\u011bt\u0161\u00ed m\u00ed\u0159e zastoupena jedlov\u00e1, kosod\u0159evinov\u00e1 a tymi\u00e1nov\u00e1 silice. Tyto rostlinn\u00e9 silice osv\u011b\u017e\u00ed p\u0159i ch\u0159ipce, ka\u0161li a nachlazen\u00ed. Sm\u011bs p\u016fsob\u00ed stimula\u010dn\u011b a m\u00e1 antiseptick\u00fd \u00fa\u010dinek.<\/p>\n","protected":false},"featured_media":14104,"comment_status":"open","ping_status":"closed","template":"","meta":{"site-sidebar-layout":"default","site-content-layout":"default","ast-main-header-display":"","ast-hfb-above-header-display":"","ast-hfb-below-header-display":"","ast-hfb-mobile-header-display":"","site-post-title":"","ast-breadcrumbs-content":"","ast-featured-img":"","footer-sml-layout":"","theme-transparent-header-meta":"","adv-header-id-meta":"","stick-header-meta":"","header-above-stick-meta":"","header-main-stick-meta":"","header-below-stick-meta":""},"location":[],"product_cat":[112],"product_tag":[1078],"yoast_head":"<!-- This site is optimized with the Yoast SEO plugin v18.5.1 - https:\/\/yoast.com\/wordpress\/plugins\/seo\/ -->\n<title>GUAa whirlpool aromatic \u2013 vonn\u00e1 esence do v\u00ed\u0159ivky alpsk\u00e1 relaxa\u010dn\u00ed sm\u011bs 200ml - Anders &amp; Kafka E-SHOP<\/title>\n<meta name=\"description\" content=\"V t\u00e9to vonn\u00e9 esenci je v nejv\u011bt\u0161\u00ed m\u00ed\u0159e zastoupena jedlov\u00e1, kosod\u0159evinov\u00e1 a tymi\u00e1nov\u00e1 silice. Tyto rostlinn\u00e9 silice osv\u011b\u017e\u00ed p\u0159i ch\u0159ipce, ka\u0161li a nachlazen\u00ed. Sm\u011bs p\u016fsob\u00ed stimula\u010dn\u011b a m\u00e1 antiseptick\u00fd \u00fa\u010dinek.\" \/>\n<meta name=\"robots\" content=\"index, follow, max-snippet:-1, max-image-preview:large, max-video-preview:-1\" \/>\n<link rel=\"canonical\" href=\"https:\/\/anderskafka.cz\/eshop\/produkt\/guaaa-whirlpool-aromatic-vonna-esence-do-virivky-alpska-relaxacni-smes-200ml\/\" \/>\n<meta property=\"og:locale\" content=\"cs_CZ\" \/>\n<meta property=\"og:type\" content=\"article\" \/>\n<meta property=\"og:title\" content=\"GUAa whirlpool aromatic \u2013 vonn\u00e1 esence do v\u00ed\u0159ivky alpsk\u00e1 relaxa\u010dn\u00ed sm\u011bs 200ml - Anders &amp; Kafka E-SHOP\" \/>\n<meta property=\"og:description\" content=\"V t\u00e9to vonn\u00e9 esenci je v nejv\u011bt\u0161\u00ed m\u00ed\u0159e zastoupena jedlov\u00e1, kosod\u0159evinov\u00e1 a tymi\u00e1nov\u00e1 silice. Tyto rostlinn\u00e9 silice osv\u011b\u017e\u00ed p\u0159i ch\u0159ipce, ka\u0161li a nachlazen\u00ed. Sm\u011bs p\u016fsob\u00ed stimula\u010dn\u011b a m\u00e1 antiseptick\u00fd \u00fa\u010dinek.\" \/>\n<meta property=\"og:url\" content=\"https:\/\/anderskafka.cz\/eshop\/produkt\/guaaa-whirlpool-aromatic-vonna-esence-do-virivky-alpska-relaxacni-smes-200ml\/\" \/>\n<meta property=\"og:site_name\" content=\"Anders &amp; Kafka E-SHOP\" \/>\n<meta property=\"article:modified_time\" content=\"2026-04-06T09:02:02+00:00\" \/>\n<meta name=\"twitter:card\" content=\"summary_large_image\" \/>\n<meta name=\"twitter:image\" content=\"https:\/\/anderskafka.cz\/eshop\/wp-content\/uploads\/sites\/3\/2026\/01\/GUAA_esencealpskarelaxsmes_AndersKafka.webp\" \/>\n<meta name=\"twitter:label1\" content=\"Odhadovan\u00e1 doba \u010dten\u00ed\" \/>\n\t<meta name=\"twitter:data1\" content=\"1 minuta\" \/>\n<script type=\"application\/ld+json\" class=\"yoast-schema-graph\">{\"@context\":\"https:\/\/schema.org\",\"@graph\":[{\"@type\":\"WebSite\",\"@id\":\"https:\/\/anderskafka.cz\/eshop\/#website\",\"url\":\"https:\/\/anderskafka.cz\/eshop\/\",\"name\":\"Anders &amp; Kafka E-SHOP\",\"description\":\"Anders &amp; Kafka E-SHOP\",\"potentialAction\":[{\"@type\":\"SearchAction\",\"target\":{\"@type\":\"EntryPoint\",\"urlTemplate\":\"https:\/\/anderskafka.cz\/eshop\/?s={search_term_string}\"},\"query-input\":\"required name=search_term_string\"}],\"inLanguage\":\"cs\"},{\"@type\":\"ImageObject\",\"@id\":\"https:\/\/anderskafka.cz\/eshop\/produkt\/guaaa-whirlpool-aromatic-vonna-esence-do-virivky-alpska-relaxacni-smes-200ml\/#primaryimage\",\"inLanguage\":\"cs\",\"url\":\"https:\/\/anderskafka.cz\/eshop\/wp-content\/uploads\/sites\/3\/2026\/01\/GUAA_esencealpskarelaxsmes_AndersKafka.webp\",\"contentUrl\":\"https:\/\/anderskafka.cz\/eshop\/wp-content\/uploads\/sites\/3\/2026\/01\/GUAA_esencealpskarelaxsmes_AndersKafka.webp\",\"width\":1500,\"height\":1500},{\"@type\":\"WebPage\",\"@id\":\"https:\/\/anderskafka.cz\/eshop\/produkt\/guaaa-whirlpool-aromatic-vonna-esence-do-virivky-alpska-relaxacni-smes-200ml\/#webpage\",\"url\":\"https:\/\/anderskafka.cz\/eshop\/produkt\/guaaa-whirlpool-aromatic-vonna-esence-do-virivky-alpska-relaxacni-smes-200ml\/\",\"name\":\"GUAa whirlpool aromatic \u2013 vonn\u00e1 esence do v\u00ed\u0159ivky alpsk\u00e1 relaxa\u010dn\u00ed sm\u011bs 200ml - Anders &amp; Kafka E-SHOP\",\"isPartOf\":{\"@id\":\"https:\/\/anderskafka.cz\/eshop\/#website\"},\"primaryImageOfPage\":{\"@id\":\"https:\/\/anderskafka.cz\/eshop\/produkt\/guaaa-whirlpool-aromatic-vonna-esence-do-virivky-alpska-relaxacni-smes-200ml\/#primaryimage\"},\"datePublished\":\"2026-01-12T09:05:41+00:00\",\"dateModified\":\"2026-04-06T09:02:02+00:00\",\"description\":\"V t\u00e9to vonn\u00e9 esenci je v nejv\u011bt\u0161\u00ed m\u00ed\u0159e zastoupena jedlov\u00e1, kosod\u0159evinov\u00e1 a tymi\u00e1nov\u00e1 silice. Tyto rostlinn\u00e9 silice osv\u011b\u017e\u00ed p\u0159i ch\u0159ipce, ka\u0161li a nachlazen\u00ed. Sm\u011bs p\u016fsob\u00ed stimula\u010dn\u011b a m\u00e1 antiseptick\u00fd \u00fa\u010dinek.\",\"breadcrumb\":{\"@id\":\"https:\/\/anderskafka.cz\/eshop\/produkt\/guaaa-whirlpool-aromatic-vonna-esence-do-virivky-alpska-relaxacni-smes-200ml\/#breadcrumb\"},\"inLanguage\":\"cs\",\"potentialAction\":[{\"@type\":\"ReadAction\",\"target\":[\"https:\/\/anderskafka.cz\/eshop\/produkt\/guaaa-whirlpool-aromatic-vonna-esence-do-virivky-alpska-relaxacni-smes-200ml\/\"]}]},{\"@type\":\"BreadcrumbList\",\"@id\":\"https:\/\/anderskafka.cz\/eshop\/produkt\/guaaa-whirlpool-aromatic-vonna-esence-do-virivky-alpska-relaxacni-smes-200ml\/#breadcrumb\",\"itemListElement\":[{\"@type\":\"ListItem\",\"position\":1,\"name\":\"Obchod\",\"item\":\"https:\/\/anderskafka.cz\/eshop\/obchod\/\"},{\"@type\":\"ListItem\",\"position\":2,\"name\":\"GUAa whirlpool aromatic \u2013 vonn\u00e1 esence do v\u00ed\u0159ivky alpsk\u00e1 relaxa\u010dn\u00ed sm\u011bs 200ml\"}]}]}<\/script>\n<!-- \/ Yoast SEO plugin. -->","yoast_head_json":{"title":"GUAa whirlpool aromatic \u2013 vonn\u00e1 esence do v\u00ed\u0159ivky alpsk\u00e1 relaxa\u010dn\u00ed sm\u011bs 200ml - Anders &amp; Kafka E-SHOP","description":"V t\u00e9to vonn\u00e9 esenci je v nejv\u011bt\u0161\u00ed m\u00ed\u0159e zastoupena jedlov\u00e1, kosod\u0159evinov\u00e1 a tymi\u00e1nov\u00e1 silice. Tyto rostlinn\u00e9 silice osv\u011b\u017e\u00ed p\u0159i ch\u0159ipce, ka\u0161li a nachlazen\u00ed. Sm\u011bs p\u016fsob\u00ed stimula\u010dn\u011b a m\u00e1 antiseptick\u00fd \u00fa\u010dinek.","robots":{"index":"index","follow":"follow","max-snippet":"max-snippet:-1","max-image-preview":"max-image-preview:large","max-video-preview":"max-video-preview:-1"},"canonical":"https:\/\/anderskafka.cz\/eshop\/produkt\/guaaa-whirlpool-aromatic-vonna-esence-do-virivky-alpska-relaxacni-smes-200ml\/","og_locale":"cs_CZ","og_type":"article","og_title":"GUAa whirlpool aromatic \u2013 vonn\u00e1 esence do v\u00ed\u0159ivky alpsk\u00e1 relaxa\u010dn\u00ed sm\u011bs 200ml - Anders &amp; Kafka E-SHOP","og_description":"V t\u00e9to vonn\u00e9 esenci je v nejv\u011bt\u0161\u00ed m\u00ed\u0159e zastoupena jedlov\u00e1, kosod\u0159evinov\u00e1 a tymi\u00e1nov\u00e1 silice. Tyto rostlinn\u00e9 silice osv\u011b\u017e\u00ed p\u0159i ch\u0159ipce, ka\u0161li a nachlazen\u00ed. Sm\u011bs p\u016fsob\u00ed stimula\u010dn\u011b a m\u00e1 antiseptick\u00fd \u00fa\u010dinek.","og_url":"https:\/\/anderskafka.cz\/eshop\/produkt\/guaaa-whirlpool-aromatic-vonna-esence-do-virivky-alpska-relaxacni-smes-200ml\/","og_site_name":"Anders &amp; Kafka E-SHOP","article_modified_time":"2026-04-06T09:02:02+00:00","twitter_card":"summary_large_image","twitter_image":"https:\/\/anderskafka.cz\/eshop\/wp-content\/uploads\/sites\/3\/2026\/01\/GUAA_esencealpskarelaxsmes_AndersKafka.webp","twitter_misc":{"Odhadovan\u00e1 doba \u010dten\u00ed":"1 minuta"},"schema":{"@context":"https:\/\/schema.org","@graph":[{"@type":"WebSite","@id":"https:\/\/anderskafka.cz\/eshop\/#website","url":"https:\/\/anderskafka.cz\/eshop\/","name":"Anders &amp; Kafka E-SHOP","description":"Anders &amp; Kafka E-SHOP","potentialAction":[{"@type":"SearchAction","target":{"@type":"EntryPoint","urlTemplate":"https:\/\/anderskafka.cz\/eshop\/?s={search_term_string}"},"query-input":"required name=search_term_string"}],"inLanguage":"cs"},{"@type":"ImageObject","@id":"https:\/\/anderskafka.cz\/eshop\/produkt\/guaaa-whirlpool-aromatic-vonna-esence-do-virivky-alpska-relaxacni-smes-200ml\/#primaryimage","inLanguage":"cs","url":"https:\/\/anderskafka.cz\/eshop\/wp-content\/uploads\/sites\/3\/2026\/01\/GUAA_esencealpskarelaxsmes_AndersKafka.webp","contentUrl":"https:\/\/anderskafka.cz\/eshop\/wp-content\/uploads\/sites\/3\/2026\/01\/GUAA_esencealpskarelaxsmes_AndersKafka.webp","width":1500,"height":1500},{"@type":"WebPage","@id":"https:\/\/anderskafka.cz\/eshop\/produkt\/guaaa-whirlpool-aromatic-vonna-esence-do-virivky-alpska-relaxacni-smes-200ml\/#webpage","url":"https:\/\/anderskafka.cz\/eshop\/produkt\/guaaa-whirlpool-aromatic-vonna-esence-do-virivky-alpska-relaxacni-smes-200ml\/","name":"GUAa whirlpool aromatic \u2013 vonn\u00e1 esence do v\u00ed\u0159ivky alpsk\u00e1 relaxa\u010dn\u00ed sm\u011bs 200ml - Anders &amp; Kafka E-SHOP","isPartOf":{"@id":"https:\/\/anderskafka.cz\/eshop\/#website"},"primaryImageOfPage":{"@id":"https:\/\/anderskafka.cz\/eshop\/produkt\/guaaa-whirlpool-aromatic-vonna-esence-do-virivky-alpska-relaxacni-smes-200ml\/#primaryimage"},"datePublished":"2026-01-12T09:05:41+00:00","dateModified":"2026-04-06T09:02:02+00:00","description":"V t\u00e9to vonn\u00e9 esenci je v nejv\u011bt\u0161\u00ed m\u00ed\u0159e zastoupena jedlov\u00e1, kosod\u0159evinov\u00e1 a tymi\u00e1nov\u00e1 silice. Tyto rostlinn\u00e9 silice osv\u011b\u017e\u00ed p\u0159i ch\u0159ipce, ka\u0161li a nachlazen\u00ed. Sm\u011bs p\u016fsob\u00ed stimula\u010dn\u011b a m\u00e1 antiseptick\u00fd \u00fa\u010dinek.","breadcrumb":{"@id":"https:\/\/anderskafka.cz\/eshop\/produkt\/guaaa-whirlpool-aromatic-vonna-esence-do-virivky-alpska-relaxacni-smes-200ml\/#breadcrumb"},"inLanguage":"cs","potentialAction":[{"@type":"ReadAction","target":["https:\/\/anderskafka.cz\/eshop\/produkt\/guaaa-whirlpool-aromatic-vonna-esence-do-virivky-alpska-relaxacni-smes-200ml\/"]}]},{"@type":"BreadcrumbList","@id":"https:\/\/anderskafka.cz\/eshop\/produkt\/guaaa-whirlpool-aromatic-vonna-esence-do-virivky-alpska-relaxacni-smes-200ml\/#breadcrumb","itemListElement":[{"@type":"ListItem","position":1,"name":"Obchod","item":"https:\/\/anderskafka.cz\/eshop\/obchod\/"},{"@type":"ListItem","position":2,"name":"GUAa whirlpool aromatic \u2013 vonn\u00e1 esence do v\u00ed\u0159ivky alpsk\u00e1 relaxa\u010dn\u00ed sm\u011bs 200ml"}]}]}},"locations":[],"_links":{"self":[{"href":"https:\/\/anderskafka.cz\/eshop\/wp-json\/wp\/v2\/product\/14102"}],"collection":[{"href":"https:\/\/anderskafka.cz\/eshop\/wp-json\/wp\/v2\/product"}],"about":[{"href":"https:\/\/anderskafka.cz\/eshop\/wp-json\/wp\/v2\/types\/product"}],"replies":[{"embeddable":true,"href":"https:\/\/anderskafka.cz\/eshop\/wp-json\/wp\/v2\/comments?post=14102"}],"wp:featuredmedia":[{"embeddable":true,"href":"https:\/\/anderskafka.cz\/eshop\/wp-json\/wp\/v2\/media\/14104"}],"wp:attachment":[{"href":"https:\/\/anderskafka.cz\/eshop\/wp-json\/wp\/v2\/media?parent=14102"}],"wp:term":[{"taxonomy":"location","embeddable":true,"href":"https:\/\/anderskafka.cz\/eshop\/wp-json\/wp\/v2\/location?post=14102"},{"taxonomy":"product_cat","embeddable":true,"href":"https:\/\/anderskafka.cz\/eshop\/wp-json\/wp\/v2\/product_cat?post=14102"},{"taxonomy":"product_tag","embeddable":true,"href":"https:\/\/anderskafka.cz\/eshop\/wp-json\/wp\/v2\/product_tag?post=14102"}],"curies":[{"name":"wp","href":"https:\/\/api.w.org\/{rel}","templated":true}]}}