{"id":14115,"date":"2026-01-12T11:03:58","date_gmt":"2026-01-12T10:03:58","guid":{"rendered":"https:\/\/anderskafka.cz\/eshop\/?post_type=product&#038;p=14115"},"modified":"2026-01-16T09:46:06","modified_gmt":"2026-01-16T08:46:06","slug":"guaa-flock-polymerovy-vlockovac-a-zjiskrovac-objem-baleni-1l","status":"publish","type":"product","link":"https:\/\/anderskafka.cz\/eshop\/produkt\/guaa-flock-polymerovy-vlockovac-a-zjiskrovac-objem-baleni-1l\/","title":{"rendered":"GUAa flock &#8211; polymerov\u00fd vlo\u010dkova\u010d a zjisk\u0159ova\u010d, 1l"},"content":{"rendered":"<p class=\"subname\"><strong>Vlo\u010dkova\u010d a zjisk\u0159ova\u010d<\/strong><\/p>\n<div id=\"product-description-short\">\n<p>FLOCK je tekut\u00fd, koncentrovan\u00fd p\u0159\u00edpravek, ur\u010den\u00fd na vyvlo\u010dkov\u00e1n\u00ed drobn\u00fdch ne\u010distot a odstran\u011bn\u00ed z\u00e1kalu baz\u00e9nov\u00e9 vody. Sdru\u017e\u00ed (vyvlo\u010dkuje) i velmi jemn\u00e9 rozpt\u00fdlen\u00e9 ne\u010distoty do v\u011bt\u0161\u00edch celk\u016f a tyto je mo\u017eno n\u00e1sledn\u011b odfiltrovat nebo ods\u00e1t baz\u00e9nov\u00fdm vysava\u010dem. Z\u00e1rove\u0148 dod\u00e1 vod\u011b po\u017eadovanou \u201ejiskru\u201d.<\/p>\n<\/div>\n<div id=\"product-description\">\n<h2>D\u00e1vkov\u00e1n\u00ed:<\/h2>\n<p>B\u011b\u017en\u00e9 d\u00e1vkov\u00e1n\u00ed (m\u00edrn\u00e9 vlo\u010dkov\u00e1n\u00ed) 50 ml\/10m<sup>3<\/sup> vody, a to 1\u00d7 za 10 dn\u00ed. Pro intenzivn\u00ed vlo\u010dkov\u00e1n\u00ed velmi zne\u010di\u0161t\u011bn\u00e9 vody 100\u2013150 ml\/10 m<sup>3<\/sup> vody. P\u0159i p\u0159ed\u00e1vkov\u00e1n\u00ed baz\u00e9nu m\u016f\u017ee doj\u00edt k zakalen\u00ed vody. V takov\u00e9m p\u0159\u00edpad\u011b je nutno vodu na\u0159edit. P\u0159ed vlastn\u00edm d\u00e1vkov\u00e1n\u00edm doporu\u010dujeme zkontrolovat a upravit pH vody na hodnoty 6,8\u20137,4.<\/p>\n<h2>Benefity<\/h2>\n<p><strong>O\u0161et\u0159en\u00e1 voda:<\/strong><\/p>\n<ul class=\"\u201cbenefits\u201c\">\n<li>Nedr\u00e1\u017ed\u00ed o\u010di a nevysu\u0161uje poko\u017eku<\/li>\n<li>Nedr\u00e1\u017ed\u00ed k\u016f\u017ei ani sliznice<\/li>\n<li>Nepo\u0161kozuje materi\u00e1l, neb\u011bl\u00ed<\/li>\n<\/ul>\n<p><strong>Obsah:<\/strong> 1 l<\/p>\n<p><strong>Datum expirace:<\/strong> 36 m\u011bs\u00edc\u016f od data v\u00fdroby<\/p>\n<h2>Bezpe\u010dnost a prvn\u00ed pomoc:<\/h2>\n<p><img src=\"https:\/\/www.guaa.cz\/img\/icon\/exclam.png\" alt=\"exclam.png\" \/><\/p>\n<p>VAROV\u00c1N\u00cd: <strong>H319<\/strong>\u00a0Zp\u016fsobuje v\u00e1\u017en\u00e9 podr\u00e1\u017ed\u011bn\u00ed o\u010d\u00ed.\u00a0<strong>P305+P351+P338<\/strong>\u00a0P\u0158I ZASA\u017dEN\u00cd O\u010c\u00cd: N\u011bkolik minut opatrn\u011b vyplachujte vodou. Vyjm\u011bte kontaktn\u00ed \u010do\u010dky, jsou-li nasazeny a pokud je lze vyjmout snadno.<strong>\u00a0P302+P352<\/strong>\u00a0P\u0158I STYKU S K\u016e\u017d\u00cd: Omyjte velk\u00fdm mno\u017estv\u00edm vody a m\u00fddla.\u00a0<strong>P501<\/strong>\u00a0Odstra\u0148te obsah\/obal ve sb\u011brn\u011b nebezpe\u010dn\u00e9ho odpadu.\u00a0<strong>P102<\/strong>\u00a0Uchov\u00e1vejte mimo dosah d\u011bt\u00ed. P\u0159ed pou\u017eit\u00edm p\u0159e\u010dt\u011bte n\u00e1vod. Skladujte p\u0159i teplot\u011b 0 a\u017e +20 \u00b0C v p\u016fvodn\u00edch uzav\u0159en\u00fdch obalech na such\u00e9m a chladn\u00e9m m\u00edst\u011b odd\u011blen\u011b od potravin. P\u0159i pr\u00e1ci s p\u0159\u00edpravkem nejezte, nepijte, neku\u0159te, nepracujte se \u017ehav\u00fdmi materi\u00e1ly a otev\u0159en\u00fdm ohn\u011bm. P\u0159\u00edpravek pou\u017e\u00edvejte jen k ur\u010den\u00e9mu \u00fa\u010delu. V\u00fdrobce neru\u010d\u00ed za \u0161kody zp\u016fsoben\u00e9 nespr\u00e1vn\u00fdm pou\u017eit\u00edm. Vymyt\u00fd obal bez zbytk\u016f sm\u011bsi likvidujte podle druhu materi\u00e1lu obalu.<\/p>\n<\/div>\n","protected":false},"excerpt":{"rendered":"<div>\n<p>FLOCK je tekut\u00fd, koncentrovan\u00fd p\u0159\u00edpravek, ur\u010den\u00fd na vyvlo\u010dkov\u00e1n\u00ed drobn\u00fdch ne\u010distot a odstran\u011bn\u00ed z\u00e1kalu baz\u00e9nov\u00e9 vody. Sdru\u017e\u00ed (vyvlo\u010dkuje) i velmi jemn\u00e9 rozpt\u00fdlen\u00e9 ne\u010distoty do v\u011bt\u0161\u00edch celk\u016f a tyto je mo\u017eno n\u00e1sledn\u011b odfiltrovat nebo ods\u00e1t baz\u00e9nov\u00fdm vysava\u010dem. Z\u00e1rove\u0148 dod\u00e1 vod\u011b po\u017eadovanou \u201ejiskru\u201d.<\/p>\n<p>&nbsp;<\/p>\n<\/div>\n<div>\n<div>\n<div><\/div>\n<\/div>\n<\/div>\n","protected":false},"featured_media":14116,"comment_status":"open","ping_status":"closed","template":"","meta":{"site-sidebar-layout":"default","site-content-layout":"default","ast-main-header-display":"","ast-hfb-above-header-display":"","ast-hfb-below-header-display":"","ast-hfb-mobile-header-display":"disabled","site-post-title":"","ast-breadcrumbs-content":"","ast-featured-img":"","footer-sml-layout":"","theme-transparent-header-meta":"","adv-header-id-meta":"","stick-header-meta":"","header-above-stick-meta":"","header-main-stick-meta":"","header-below-stick-meta":""},"location":[],"product_cat":[865,1363,1140],"product_tag":[1078],"yoast_head":"<!-- This site is optimized with the Yoast SEO plugin v18.5.1 - https:\/\/yoast.com\/wordpress\/plugins\/seo\/ -->\n<title>GUAa flock - polymerov\u00fd vlo\u010dkova\u010d a zjisk\u0159ova\u010d, 1l - Anders &amp; Kafka E-SHOP<\/title>\n<meta name=\"description\" content=\"FLOCK je tekut\u00fd, koncentrovan\u00fd p\u0159\u00edpravek, ur\u010den\u00fd na vyvlo\u010dkov\u00e1n\u00ed drobn\u00fdch ne\u010distot a odstran\u011bn\u00ed z\u00e1kalu baz\u00e9nov\u00e9 vody. Sdru\u017e\u00ed (vyvlo\u010dkuje) i velmi jemn\u00e9 rozpt\u00fdlen\u00e9 ne\u010distoty do v\u011bt\u0161\u00edch celk\u016f a tyto je mo\u017eno n\u00e1sledn\u011b odfiltrovat nebo ods\u00e1t baz\u00e9nov\u00fdm vysava\u010dem. Z\u00e1rove\u0148 dod\u00e1 vod\u011b po\u017eadovanou \u201ejiskru\u201d.  &nbsp;\" \/>\n<meta name=\"robots\" content=\"index, follow, max-snippet:-1, max-image-preview:large, max-video-preview:-1\" \/>\n<link rel=\"canonical\" href=\"https:\/\/anderskafka.cz\/eshop\/produkt\/guaa-flock-polymerovy-vlockovac-a-zjiskrovac-objem-baleni-1l\/\" \/>\n<meta property=\"og:locale\" content=\"cs_CZ\" \/>\n<meta property=\"og:type\" content=\"article\" \/>\n<meta property=\"og:title\" content=\"GUAa flock - polymerov\u00fd vlo\u010dkova\u010d a zjisk\u0159ova\u010d, 1l - Anders &amp; Kafka E-SHOP\" \/>\n<meta property=\"og:description\" content=\"FLOCK je tekut\u00fd, koncentrovan\u00fd p\u0159\u00edpravek, ur\u010den\u00fd na vyvlo\u010dkov\u00e1n\u00ed drobn\u00fdch ne\u010distot a odstran\u011bn\u00ed z\u00e1kalu baz\u00e9nov\u00e9 vody. Sdru\u017e\u00ed (vyvlo\u010dkuje) i velmi jemn\u00e9 rozpt\u00fdlen\u00e9 ne\u010distoty do v\u011bt\u0161\u00edch celk\u016f a tyto je mo\u017eno n\u00e1sledn\u011b odfiltrovat nebo ods\u00e1t baz\u00e9nov\u00fdm vysava\u010dem. Z\u00e1rove\u0148 dod\u00e1 vod\u011b po\u017eadovanou \u201ejiskru\u201d.  &nbsp;\" \/>\n<meta property=\"og:url\" content=\"https:\/\/anderskafka.cz\/eshop\/produkt\/guaa-flock-polymerovy-vlockovac-a-zjiskrovac-objem-baleni-1l\/\" \/>\n<meta property=\"og:site_name\" content=\"Anders &amp; Kafka E-SHOP\" \/>\n<meta property=\"article:modified_time\" content=\"2026-01-16T08:46:06+00:00\" \/>\n<meta name=\"twitter:card\" content=\"summary_large_image\" \/>\n<meta name=\"twitter:image\" content=\"https:\/\/anderskafka.cz\/eshop\/wp-content\/uploads\/sites\/3\/2026\/01\/GUAA_flock_AndersKafka.webp\" \/>\n<meta name=\"twitter:label1\" content=\"Odhadovan\u00e1 doba \u010dten\u00ed\" \/>\n\t<meta name=\"twitter:data1\" content=\"2 minuty\" \/>\n<script type=\"application\/ld+json\" class=\"yoast-schema-graph\">{\"@context\":\"https:\/\/schema.org\",\"@graph\":[{\"@type\":\"WebSite\",\"@id\":\"https:\/\/anderskafka.cz\/eshop\/#website\",\"url\":\"https:\/\/anderskafka.cz\/eshop\/\",\"name\":\"Anders &amp; Kafka E-SHOP\",\"description\":\"Anders &amp; Kafka E-SHOP\",\"potentialAction\":[{\"@type\":\"SearchAction\",\"target\":{\"@type\":\"EntryPoint\",\"urlTemplate\":\"https:\/\/anderskafka.cz\/eshop\/?s={search_term_string}\"},\"query-input\":\"required name=search_term_string\"}],\"inLanguage\":\"cs\"},{\"@type\":\"ImageObject\",\"@id\":\"https:\/\/anderskafka.cz\/eshop\/produkt\/guaa-flock-polymerovy-vlockovac-a-zjiskrovac-objem-baleni-1l\/#primaryimage\",\"inLanguage\":\"cs\",\"url\":\"https:\/\/anderskafka.cz\/eshop\/wp-content\/uploads\/sites\/3\/2026\/01\/GUAA_flock_AndersKafka.webp\",\"contentUrl\":\"https:\/\/anderskafka.cz\/eshop\/wp-content\/uploads\/sites\/3\/2026\/01\/GUAA_flock_AndersKafka.webp\",\"width\":1500,\"height\":1500},{\"@type\":\"WebPage\",\"@id\":\"https:\/\/anderskafka.cz\/eshop\/produkt\/guaa-flock-polymerovy-vlockovac-a-zjiskrovac-objem-baleni-1l\/#webpage\",\"url\":\"https:\/\/anderskafka.cz\/eshop\/produkt\/guaa-flock-polymerovy-vlockovac-a-zjiskrovac-objem-baleni-1l\/\",\"name\":\"GUAa flock - polymerov\u00fd vlo\u010dkova\u010d a zjisk\u0159ova\u010d, 1l - Anders &amp; Kafka E-SHOP\",\"isPartOf\":{\"@id\":\"https:\/\/anderskafka.cz\/eshop\/#website\"},\"primaryImageOfPage\":{\"@id\":\"https:\/\/anderskafka.cz\/eshop\/produkt\/guaa-flock-polymerovy-vlockovac-a-zjiskrovac-objem-baleni-1l\/#primaryimage\"},\"datePublished\":\"2026-01-12T10:03:58+00:00\",\"dateModified\":\"2026-01-16T08:46:06+00:00\",\"description\":\"FLOCK je tekut\u00fd, koncentrovan\u00fd p\u0159\u00edpravek, ur\u010den\u00fd na vyvlo\u010dkov\u00e1n\u00ed drobn\u00fdch ne\u010distot a odstran\u011bn\u00ed z\u00e1kalu baz\u00e9nov\u00e9 vody. Sdru\u017e\u00ed (vyvlo\u010dkuje) i velmi jemn\u00e9 rozpt\u00fdlen\u00e9 ne\u010distoty do v\u011bt\u0161\u00edch celk\u016f a tyto je mo\u017eno n\u00e1sledn\u011b odfiltrovat nebo ods\u00e1t baz\u00e9nov\u00fdm vysava\u010dem. Z\u00e1rove\u0148 dod\u00e1 vod\u011b po\u017eadovanou \u201ejiskru\u201d. &nbsp;\",\"breadcrumb\":{\"@id\":\"https:\/\/anderskafka.cz\/eshop\/produkt\/guaa-flock-polymerovy-vlockovac-a-zjiskrovac-objem-baleni-1l\/#breadcrumb\"},\"inLanguage\":\"cs\",\"potentialAction\":[{\"@type\":\"ReadAction\",\"target\":[\"https:\/\/anderskafka.cz\/eshop\/produkt\/guaa-flock-polymerovy-vlockovac-a-zjiskrovac-objem-baleni-1l\/\"]}]},{\"@type\":\"BreadcrumbList\",\"@id\":\"https:\/\/anderskafka.cz\/eshop\/produkt\/guaa-flock-polymerovy-vlockovac-a-zjiskrovac-objem-baleni-1l\/#breadcrumb\",\"itemListElement\":[{\"@type\":\"ListItem\",\"position\":1,\"name\":\"Obchod\",\"item\":\"https:\/\/anderskafka.cz\/eshop\/obchod\/\"},{\"@type\":\"ListItem\",\"position\":2,\"name\":\"GUAa flock &#8211; polymerov\u00fd vlo\u010dkova\u010d a zjisk\u0159ova\u010d, 1l\"}]}]}<\/script>\n<!-- \/ Yoast SEO plugin. -->","yoast_head_json":{"title":"GUAa flock - polymerov\u00fd vlo\u010dkova\u010d a zjisk\u0159ova\u010d, 1l - Anders &amp; Kafka E-SHOP","description":"FLOCK je tekut\u00fd, koncentrovan\u00fd p\u0159\u00edpravek, ur\u010den\u00fd na vyvlo\u010dkov\u00e1n\u00ed drobn\u00fdch ne\u010distot a odstran\u011bn\u00ed z\u00e1kalu baz\u00e9nov\u00e9 vody. Sdru\u017e\u00ed (vyvlo\u010dkuje) i velmi jemn\u00e9 rozpt\u00fdlen\u00e9 ne\u010distoty do v\u011bt\u0161\u00edch celk\u016f a tyto je mo\u017eno n\u00e1sledn\u011b odfiltrovat nebo ods\u00e1t baz\u00e9nov\u00fdm vysava\u010dem. Z\u00e1rove\u0148 dod\u00e1 vod\u011b po\u017eadovanou \u201ejiskru\u201d.  &nbsp;","robots":{"index":"index","follow":"follow","max-snippet":"max-snippet:-1","max-image-preview":"max-image-preview:large","max-video-preview":"max-video-preview:-1"},"canonical":"https:\/\/anderskafka.cz\/eshop\/produkt\/guaa-flock-polymerovy-vlockovac-a-zjiskrovac-objem-baleni-1l\/","og_locale":"cs_CZ","og_type":"article","og_title":"GUAa flock - polymerov\u00fd vlo\u010dkova\u010d a zjisk\u0159ova\u010d, 1l - Anders &amp; Kafka E-SHOP","og_description":"FLOCK je tekut\u00fd, koncentrovan\u00fd p\u0159\u00edpravek, ur\u010den\u00fd na vyvlo\u010dkov\u00e1n\u00ed drobn\u00fdch ne\u010distot a odstran\u011bn\u00ed z\u00e1kalu baz\u00e9nov\u00e9 vody. Sdru\u017e\u00ed (vyvlo\u010dkuje) i velmi jemn\u00e9 rozpt\u00fdlen\u00e9 ne\u010distoty do v\u011bt\u0161\u00edch celk\u016f a tyto je mo\u017eno n\u00e1sledn\u011b odfiltrovat nebo ods\u00e1t baz\u00e9nov\u00fdm vysava\u010dem. Z\u00e1rove\u0148 dod\u00e1 vod\u011b po\u017eadovanou \u201ejiskru\u201d.  &nbsp;","og_url":"https:\/\/anderskafka.cz\/eshop\/produkt\/guaa-flock-polymerovy-vlockovac-a-zjiskrovac-objem-baleni-1l\/","og_site_name":"Anders &amp; Kafka E-SHOP","article_modified_time":"2026-01-16T08:46:06+00:00","twitter_card":"summary_large_image","twitter_image":"https:\/\/anderskafka.cz\/eshop\/wp-content\/uploads\/sites\/3\/2026\/01\/GUAA_flock_AndersKafka.webp","twitter_misc":{"Odhadovan\u00e1 doba \u010dten\u00ed":"2 minuty"},"schema":{"@context":"https:\/\/schema.org","@graph":[{"@type":"WebSite","@id":"https:\/\/anderskafka.cz\/eshop\/#website","url":"https:\/\/anderskafka.cz\/eshop\/","name":"Anders &amp; Kafka E-SHOP","description":"Anders &amp; Kafka E-SHOP","potentialAction":[{"@type":"SearchAction","target":{"@type":"EntryPoint","urlTemplate":"https:\/\/anderskafka.cz\/eshop\/?s={search_term_string}"},"query-input":"required name=search_term_string"}],"inLanguage":"cs"},{"@type":"ImageObject","@id":"https:\/\/anderskafka.cz\/eshop\/produkt\/guaa-flock-polymerovy-vlockovac-a-zjiskrovac-objem-baleni-1l\/#primaryimage","inLanguage":"cs","url":"https:\/\/anderskafka.cz\/eshop\/wp-content\/uploads\/sites\/3\/2026\/01\/GUAA_flock_AndersKafka.webp","contentUrl":"https:\/\/anderskafka.cz\/eshop\/wp-content\/uploads\/sites\/3\/2026\/01\/GUAA_flock_AndersKafka.webp","width":1500,"height":1500},{"@type":"WebPage","@id":"https:\/\/anderskafka.cz\/eshop\/produkt\/guaa-flock-polymerovy-vlockovac-a-zjiskrovac-objem-baleni-1l\/#webpage","url":"https:\/\/anderskafka.cz\/eshop\/produkt\/guaa-flock-polymerovy-vlockovac-a-zjiskrovac-objem-baleni-1l\/","name":"GUAa flock - polymerov\u00fd vlo\u010dkova\u010d a zjisk\u0159ova\u010d, 1l - Anders &amp; Kafka E-SHOP","isPartOf":{"@id":"https:\/\/anderskafka.cz\/eshop\/#website"},"primaryImageOfPage":{"@id":"https:\/\/anderskafka.cz\/eshop\/produkt\/guaa-flock-polymerovy-vlockovac-a-zjiskrovac-objem-baleni-1l\/#primaryimage"},"datePublished":"2026-01-12T10:03:58+00:00","dateModified":"2026-01-16T08:46:06+00:00","description":"FLOCK je tekut\u00fd, koncentrovan\u00fd p\u0159\u00edpravek, ur\u010den\u00fd na vyvlo\u010dkov\u00e1n\u00ed drobn\u00fdch ne\u010distot a odstran\u011bn\u00ed z\u00e1kalu baz\u00e9nov\u00e9 vody. Sdru\u017e\u00ed (vyvlo\u010dkuje) i velmi jemn\u00e9 rozpt\u00fdlen\u00e9 ne\u010distoty do v\u011bt\u0161\u00edch celk\u016f a tyto je mo\u017eno n\u00e1sledn\u011b odfiltrovat nebo ods\u00e1t baz\u00e9nov\u00fdm vysava\u010dem. Z\u00e1rove\u0148 dod\u00e1 vod\u011b po\u017eadovanou \u201ejiskru\u201d. &nbsp;","breadcrumb":{"@id":"https:\/\/anderskafka.cz\/eshop\/produkt\/guaa-flock-polymerovy-vlockovac-a-zjiskrovac-objem-baleni-1l\/#breadcrumb"},"inLanguage":"cs","potentialAction":[{"@type":"ReadAction","target":["https:\/\/anderskafka.cz\/eshop\/produkt\/guaa-flock-polymerovy-vlockovac-a-zjiskrovac-objem-baleni-1l\/"]}]},{"@type":"BreadcrumbList","@id":"https:\/\/anderskafka.cz\/eshop\/produkt\/guaa-flock-polymerovy-vlockovac-a-zjiskrovac-objem-baleni-1l\/#breadcrumb","itemListElement":[{"@type":"ListItem","position":1,"name":"Obchod","item":"https:\/\/anderskafka.cz\/eshop\/obchod\/"},{"@type":"ListItem","position":2,"name":"GUAa flock &#8211; polymerov\u00fd vlo\u010dkova\u010d a zjisk\u0159ova\u010d, 1l"}]}]}},"locations":[],"_links":{"self":[{"href":"https:\/\/anderskafka.cz\/eshop\/wp-json\/wp\/v2\/product\/14115"}],"collection":[{"href":"https:\/\/anderskafka.cz\/eshop\/wp-json\/wp\/v2\/product"}],"about":[{"href":"https:\/\/anderskafka.cz\/eshop\/wp-json\/wp\/v2\/types\/product"}],"replies":[{"embeddable":true,"href":"https:\/\/anderskafka.cz\/eshop\/wp-json\/wp\/v2\/comments?post=14115"}],"wp:featuredmedia":[{"embeddable":true,"href":"https:\/\/anderskafka.cz\/eshop\/wp-json\/wp\/v2\/media\/14116"}],"wp:attachment":[{"href":"https:\/\/anderskafka.cz\/eshop\/wp-json\/wp\/v2\/media?parent=14115"}],"wp:term":[{"taxonomy":"location","embeddable":true,"href":"https:\/\/anderskafka.cz\/eshop\/wp-json\/wp\/v2\/location?post=14115"},{"taxonomy":"product_cat","embeddable":true,"href":"https:\/\/anderskafka.cz\/eshop\/wp-json\/wp\/v2\/product_cat?post=14115"},{"taxonomy":"product_tag","embeddable":true,"href":"https:\/\/anderskafka.cz\/eshop\/wp-json\/wp\/v2\/product_tag?post=14115"}],"curies":[{"name":"wp","href":"https:\/\/api.w.org\/{rel}","templated":true}]}}