{"id":14134,"date":"2026-01-12T12:38:44","date_gmt":"2026-01-12T11:38:44","guid":{"rendered":"https:\/\/anderskafka.cz\/eshop\/?post_type=product&#038;p=14134"},"modified":"2026-03-26T11:23:18","modified_gmt":"2026-03-26T10:23:18","slug":"guaa-whirlpool-antifoam-bezchlorovy-odpenovac-pro-virive-vany-02l-1l","status":"publish","type":"product","link":"https:\/\/anderskafka.cz\/eshop\/produkt\/guaa-whirlpool-antifoam-bezchlorovy-odpenovac-pro-virive-vany-02l-1l\/","title":{"rendered":"GUAa whirlpool antifoam &#8211; bezchl\u00f3rov\u00fd odp\u011b\u0148ova\u010d pro v\u00ed\u0159iv\u00e9 vany, 0,2l\/1l"},"content":{"rendered":"<div id=\"product-description-short\">\n<p class=\"subname\"><strong>Odp\u011b\u0148ova\u010d pro v\u00ed\u0159iv\u00e9 vany<\/strong><\/p>\n<div id=\"product-description-short\">\n<p>WHIRLPOOL ANTIFOAM je vysoce \u00fa\u010dinn\u00fd tekut\u00fd odp\u011b\u0148ova\u010d ur\u010den\u00fd do v\u00ed\u0159iv\u00fdch van pro efektivn\u00ed potla\u010den\u00ed p\u011bny.<\/p>\n<\/div>\n<div id=\"product-description\">\n<h2>Vlastnosti:<\/h2>\n<p>WHIRLPOOL ANTIFOAM je ur\u010den k p\u0159\u00edm\u00e9mu pou\u017eit\u00ed pro okam\u017eit\u00e9 odstran\u011bn\u00ed vznikl\u00e9 p\u011bny a snadn\u00e9 aplikaci pomoc\u00ed rozpra\u0161ova\u010de. \u00da\u010dinn\u011b odstra\u0148uje vzniklou p\u011bnu, nepo\u0161kozuje \u017e\u00e1dn\u00e9 materi\u00e1ly, p\u016fsob\u00ed v \u0161irok\u00e9m spektru pH.<\/p>\n<h2>D\u00e1vkov\u00e1n\u00ed:<\/h2>\n<p>P\u0159ed pou\u017eit\u00edm n\u00e1dobku s p\u0159\u00edpravkem d\u016fkladn\u011b prot\u0159epte a post\u0159ikem aplikujte p\u0159\u00edmo na hladinu vody ve v\u00ed\u0159iv\u00e9 van\u011b s vytvo\u0159enou p\u011bnou. Po n\u011bkolika minut\u00e1ch se p\u011bna ztrat\u00ed. Pokud probl\u00e9m p\u0159etrv\u00e1v\u00e1, pou\u017eijte p\u0159\u00edpravek WHIRLPOOL ANTIFOAM 1l a dle doporu\u010den\u00e9ho d\u00e1vkov\u00e1n\u00ed vytvo\u0159te roztok, kter\u00fd rozlijte po povrchu vody ve v\u00ed\u0159iv\u00e9 van\u011b.<\/p>\n<p>Pozor! P\u0159i siln\u00e9m p\u0159ed\u00e1vkov\u00e1n\u00ed je mo\u017en\u00e1 tvorba z\u00e1kalu. Ten m\u016f\u017eete postupn\u011b odfiltrovat, p\u0159\u00edpadn\u011b vodu na\u0159edit. Pokud je tvorba p\u011bny ve v\u00ed\u0159iv\u00e9 van\u011b \u010dast\u00e1, je nutn\u00e9 vodu kompletn\u011b obm\u011bnit.<\/p>\n<p><strong>Dostupn\u00e9 v balen\u00ed:<\/strong> 0,2l, 1l<\/p>\n<p><strong>Datum expirace:<\/strong> 36 m\u011bs\u00edc\u016f od data v\u00fdroby<\/p>\n<h2>Bezpe\u010dnost a prvn\u00ed pomoc:<\/h2>\n<p>P\u0159ed pou\u017eit\u00edm p\u0159e\u010dt\u011bte n\u00e1vod. Skladujte v p\u016fvodn\u00edch uzav\u0159en\u00fdch obalech na such\u00e9m, chladn\u00e9m a dob\u0159e v\u011btran\u00e9m m\u00edst\u011b. P\u0159i manipulaci s v\u00fdrobkem nejezte, nepijte, neku\u0159te, nepracujte se \u017ehav\u00fdmi materi\u00e1ly a otev\u0159en\u00fdm ohn\u011bm. Uchov\u00e1vejte mimo dosah d\u011bt\u00ed. P\u0159\u00edpravek pou\u017e\u00edvejte jen k ur\u010den\u00e9mu \u00fa\u010delu. V\u00fdrobce neru\u010d\u00ed za \u0161kody zp\u016fsoben\u00e9 nespr\u00e1vn\u00fdm pou\u017eit\u00edm. Nevyl\u00e9vejte do kanalizace. Vymyt\u00fd obal bez zbytk\u016f sm\u011bsi likvidujte podle druhu materi\u00e1lu obalu. O\u0161et\u0159eno konzervantem.\u00a0<strong>EUH208<\/strong>\u00a0Obsahuje MIT. M\u016f\u017ee vyvolat alergickou reakci.<\/p>\n<\/div>\n<\/div>\n","protected":false},"excerpt":{"rendered":"<div>\n<div id=\"product-description-short\">\n<p>WHIRLPOOL ANTIFOAM je vysoce \u00fa\u010dinn\u00fd tekut\u00fd odp\u011b\u0148ova\u010d ur\u010den\u00fd do v\u00ed\u0159iv\u00fdch van pro efektivn\u00ed potla\u010den\u00ed p\u011bny.<\/p>\n<\/div>\n<\/div>\n","protected":false},"featured_media":14137,"comment_status":"open","ping_status":"closed","template":"","meta":{"site-sidebar-layout":"default","site-content-layout":"default","ast-main-header-display":"","ast-hfb-above-header-display":"","ast-hfb-below-header-display":"","ast-hfb-mobile-header-display":"disabled","site-post-title":"","ast-breadcrumbs-content":"","ast-featured-img":"","footer-sml-layout":"","theme-transparent-header-meta":"","adv-header-id-meta":"","stick-header-meta":"","header-above-stick-meta":"","header-main-stick-meta":"","header-below-stick-meta":""},"location":[],"product_cat":[865,1363,1139],"product_tag":[1078],"yoast_head":"<!-- This site is optimized with the Yoast SEO plugin v18.5.1 - https:\/\/yoast.com\/wordpress\/plugins\/seo\/ -->\n<title>GUAa whirlpool antifoam - bezchl\u00f3rov\u00fd odp\u011b\u0148ova\u010d pro v\u00ed\u0159iv\u00e9 vany, 0,2l\/1l - Anders &amp; Kafka E-SHOP<\/title>\n<meta name=\"description\" content=\"WHIRLPOOL ANTIFOAM je vysoce \u00fa\u010dinn\u00fd tekut\u00fd odp\u011b\u0148ova\u010d ur\u010den\u00fd do v\u00ed\u0159iv\u00fdch van pro efektivn\u00ed potla\u010den\u00ed p\u011bny.\" \/>\n<meta name=\"robots\" content=\"index, follow, max-snippet:-1, max-image-preview:large, max-video-preview:-1\" \/>\n<link rel=\"canonical\" href=\"https:\/\/anderskafka.cz\/eshop\/produkt\/guaa-whirlpool-antifoam-bezchlorovy-odpenovac-pro-virive-vany-02l-1l\/\" \/>\n<meta property=\"og:locale\" content=\"cs_CZ\" \/>\n<meta property=\"og:type\" content=\"article\" \/>\n<meta property=\"og:title\" content=\"GUAa whirlpool antifoam - bezchl\u00f3rov\u00fd odp\u011b\u0148ova\u010d pro v\u00ed\u0159iv\u00e9 vany, 0,2l\/1l - Anders &amp; Kafka E-SHOP\" \/>\n<meta property=\"og:description\" content=\"WHIRLPOOL ANTIFOAM je vysoce \u00fa\u010dinn\u00fd tekut\u00fd odp\u011b\u0148ova\u010d ur\u010den\u00fd do v\u00ed\u0159iv\u00fdch van pro efektivn\u00ed potla\u010den\u00ed p\u011bny.\" \/>\n<meta property=\"og:url\" content=\"https:\/\/anderskafka.cz\/eshop\/produkt\/guaa-whirlpool-antifoam-bezchlorovy-odpenovac-pro-virive-vany-02l-1l\/\" \/>\n<meta property=\"og:site_name\" content=\"Anders &amp; Kafka E-SHOP\" \/>\n<meta property=\"article:modified_time\" content=\"2026-03-26T10:23:18+00:00\" \/>\n<meta name=\"twitter:card\" content=\"summary_large_image\" \/>\n<meta name=\"twitter:image\" content=\"https:\/\/anderskafka.cz\/eshop\/wp-content\/uploads\/sites\/3\/2026\/01\/GUAA_antifoam02l_AndersKafka.webp\" \/>\n<meta name=\"twitter:label1\" content=\"Odhadovan\u00e1 doba \u010dten\u00ed\" \/>\n\t<meta name=\"twitter:data1\" content=\"2 minuty\" \/>\n<script type=\"application\/ld+json\" class=\"yoast-schema-graph\">{\"@context\":\"https:\/\/schema.org\",\"@graph\":[{\"@type\":\"WebSite\",\"@id\":\"https:\/\/anderskafka.cz\/eshop\/#website\",\"url\":\"https:\/\/anderskafka.cz\/eshop\/\",\"name\":\"Anders &amp; Kafka E-SHOP\",\"description\":\"Anders &amp; Kafka E-SHOP\",\"potentialAction\":[{\"@type\":\"SearchAction\",\"target\":{\"@type\":\"EntryPoint\",\"urlTemplate\":\"https:\/\/anderskafka.cz\/eshop\/?s={search_term_string}\"},\"query-input\":\"required name=search_term_string\"}],\"inLanguage\":\"cs\"},{\"@type\":\"ImageObject\",\"@id\":\"https:\/\/anderskafka.cz\/eshop\/produkt\/guaa-whirlpool-antifoam-bezchlorovy-odpenovac-pro-virive-vany-02l-1l\/#primaryimage\",\"inLanguage\":\"cs\",\"url\":\"https:\/\/anderskafka.cz\/eshop\/wp-content\/uploads\/sites\/3\/2026\/01\/GUAA_antifoam02l_AndersKafka.webp\",\"contentUrl\":\"https:\/\/anderskafka.cz\/eshop\/wp-content\/uploads\/sites\/3\/2026\/01\/GUAA_antifoam02l_AndersKafka.webp\",\"width\":1500,\"height\":1500},{\"@type\":\"WebPage\",\"@id\":\"https:\/\/anderskafka.cz\/eshop\/produkt\/guaa-whirlpool-antifoam-bezchlorovy-odpenovac-pro-virive-vany-02l-1l\/#webpage\",\"url\":\"https:\/\/anderskafka.cz\/eshop\/produkt\/guaa-whirlpool-antifoam-bezchlorovy-odpenovac-pro-virive-vany-02l-1l\/\",\"name\":\"GUAa whirlpool antifoam - bezchl\u00f3rov\u00fd odp\u011b\u0148ova\u010d pro v\u00ed\u0159iv\u00e9 vany, 0,2l\/1l - Anders &amp; Kafka E-SHOP\",\"isPartOf\":{\"@id\":\"https:\/\/anderskafka.cz\/eshop\/#website\"},\"primaryImageOfPage\":{\"@id\":\"https:\/\/anderskafka.cz\/eshop\/produkt\/guaa-whirlpool-antifoam-bezchlorovy-odpenovac-pro-virive-vany-02l-1l\/#primaryimage\"},\"datePublished\":\"2026-01-12T11:38:44+00:00\",\"dateModified\":\"2026-03-26T10:23:18+00:00\",\"description\":\"WHIRLPOOL ANTIFOAM je vysoce \u00fa\u010dinn\u00fd tekut\u00fd odp\u011b\u0148ova\u010d ur\u010den\u00fd do v\u00ed\u0159iv\u00fdch van pro efektivn\u00ed potla\u010den\u00ed p\u011bny.\",\"breadcrumb\":{\"@id\":\"https:\/\/anderskafka.cz\/eshop\/produkt\/guaa-whirlpool-antifoam-bezchlorovy-odpenovac-pro-virive-vany-02l-1l\/#breadcrumb\"},\"inLanguage\":\"cs\",\"potentialAction\":[{\"@type\":\"ReadAction\",\"target\":[\"https:\/\/anderskafka.cz\/eshop\/produkt\/guaa-whirlpool-antifoam-bezchlorovy-odpenovac-pro-virive-vany-02l-1l\/\"]}]},{\"@type\":\"BreadcrumbList\",\"@id\":\"https:\/\/anderskafka.cz\/eshop\/produkt\/guaa-whirlpool-antifoam-bezchlorovy-odpenovac-pro-virive-vany-02l-1l\/#breadcrumb\",\"itemListElement\":[{\"@type\":\"ListItem\",\"position\":1,\"name\":\"Obchod\",\"item\":\"https:\/\/anderskafka.cz\/eshop\/obchod\/\"},{\"@type\":\"ListItem\",\"position\":2,\"name\":\"GUAa whirlpool antifoam &#8211; bezchl\u00f3rov\u00fd odp\u011b\u0148ova\u010d pro v\u00ed\u0159iv\u00e9 vany, 0,2l\/1l\"}]}]}<\/script>\n<!-- \/ Yoast SEO plugin. -->","yoast_head_json":{"title":"GUAa whirlpool antifoam - bezchl\u00f3rov\u00fd odp\u011b\u0148ova\u010d pro v\u00ed\u0159iv\u00e9 vany, 0,2l\/1l - Anders &amp; Kafka E-SHOP","description":"WHIRLPOOL ANTIFOAM je vysoce \u00fa\u010dinn\u00fd tekut\u00fd odp\u011b\u0148ova\u010d ur\u010den\u00fd do v\u00ed\u0159iv\u00fdch van pro efektivn\u00ed potla\u010den\u00ed p\u011bny.","robots":{"index":"index","follow":"follow","max-snippet":"max-snippet:-1","max-image-preview":"max-image-preview:large","max-video-preview":"max-video-preview:-1"},"canonical":"https:\/\/anderskafka.cz\/eshop\/produkt\/guaa-whirlpool-antifoam-bezchlorovy-odpenovac-pro-virive-vany-02l-1l\/","og_locale":"cs_CZ","og_type":"article","og_title":"GUAa whirlpool antifoam - bezchl\u00f3rov\u00fd odp\u011b\u0148ova\u010d pro v\u00ed\u0159iv\u00e9 vany, 0,2l\/1l - Anders &amp; Kafka E-SHOP","og_description":"WHIRLPOOL ANTIFOAM je vysoce \u00fa\u010dinn\u00fd tekut\u00fd odp\u011b\u0148ova\u010d ur\u010den\u00fd do v\u00ed\u0159iv\u00fdch van pro efektivn\u00ed potla\u010den\u00ed p\u011bny.","og_url":"https:\/\/anderskafka.cz\/eshop\/produkt\/guaa-whirlpool-antifoam-bezchlorovy-odpenovac-pro-virive-vany-02l-1l\/","og_site_name":"Anders &amp; Kafka E-SHOP","article_modified_time":"2026-03-26T10:23:18+00:00","twitter_card":"summary_large_image","twitter_image":"https:\/\/anderskafka.cz\/eshop\/wp-content\/uploads\/sites\/3\/2026\/01\/GUAA_antifoam02l_AndersKafka.webp","twitter_misc":{"Odhadovan\u00e1 doba \u010dten\u00ed":"2 minuty"},"schema":{"@context":"https:\/\/schema.org","@graph":[{"@type":"WebSite","@id":"https:\/\/anderskafka.cz\/eshop\/#website","url":"https:\/\/anderskafka.cz\/eshop\/","name":"Anders &amp; Kafka E-SHOP","description":"Anders &amp; Kafka E-SHOP","potentialAction":[{"@type":"SearchAction","target":{"@type":"EntryPoint","urlTemplate":"https:\/\/anderskafka.cz\/eshop\/?s={search_term_string}"},"query-input":"required name=search_term_string"}],"inLanguage":"cs"},{"@type":"ImageObject","@id":"https:\/\/anderskafka.cz\/eshop\/produkt\/guaa-whirlpool-antifoam-bezchlorovy-odpenovac-pro-virive-vany-02l-1l\/#primaryimage","inLanguage":"cs","url":"https:\/\/anderskafka.cz\/eshop\/wp-content\/uploads\/sites\/3\/2026\/01\/GUAA_antifoam02l_AndersKafka.webp","contentUrl":"https:\/\/anderskafka.cz\/eshop\/wp-content\/uploads\/sites\/3\/2026\/01\/GUAA_antifoam02l_AndersKafka.webp","width":1500,"height":1500},{"@type":"WebPage","@id":"https:\/\/anderskafka.cz\/eshop\/produkt\/guaa-whirlpool-antifoam-bezchlorovy-odpenovac-pro-virive-vany-02l-1l\/#webpage","url":"https:\/\/anderskafka.cz\/eshop\/produkt\/guaa-whirlpool-antifoam-bezchlorovy-odpenovac-pro-virive-vany-02l-1l\/","name":"GUAa whirlpool antifoam - bezchl\u00f3rov\u00fd odp\u011b\u0148ova\u010d pro v\u00ed\u0159iv\u00e9 vany, 0,2l\/1l - Anders &amp; Kafka E-SHOP","isPartOf":{"@id":"https:\/\/anderskafka.cz\/eshop\/#website"},"primaryImageOfPage":{"@id":"https:\/\/anderskafka.cz\/eshop\/produkt\/guaa-whirlpool-antifoam-bezchlorovy-odpenovac-pro-virive-vany-02l-1l\/#primaryimage"},"datePublished":"2026-01-12T11:38:44+00:00","dateModified":"2026-03-26T10:23:18+00:00","description":"WHIRLPOOL ANTIFOAM je vysoce \u00fa\u010dinn\u00fd tekut\u00fd odp\u011b\u0148ova\u010d ur\u010den\u00fd do v\u00ed\u0159iv\u00fdch van pro efektivn\u00ed potla\u010den\u00ed p\u011bny.","breadcrumb":{"@id":"https:\/\/anderskafka.cz\/eshop\/produkt\/guaa-whirlpool-antifoam-bezchlorovy-odpenovac-pro-virive-vany-02l-1l\/#breadcrumb"},"inLanguage":"cs","potentialAction":[{"@type":"ReadAction","target":["https:\/\/anderskafka.cz\/eshop\/produkt\/guaa-whirlpool-antifoam-bezchlorovy-odpenovac-pro-virive-vany-02l-1l\/"]}]},{"@type":"BreadcrumbList","@id":"https:\/\/anderskafka.cz\/eshop\/produkt\/guaa-whirlpool-antifoam-bezchlorovy-odpenovac-pro-virive-vany-02l-1l\/#breadcrumb","itemListElement":[{"@type":"ListItem","position":1,"name":"Obchod","item":"https:\/\/anderskafka.cz\/eshop\/obchod\/"},{"@type":"ListItem","position":2,"name":"GUAa whirlpool antifoam &#8211; bezchl\u00f3rov\u00fd odp\u011b\u0148ova\u010d pro v\u00ed\u0159iv\u00e9 vany, 0,2l\/1l"}]}]}},"locations":[],"_links":{"self":[{"href":"https:\/\/anderskafka.cz\/eshop\/wp-json\/wp\/v2\/product\/14134"}],"collection":[{"href":"https:\/\/anderskafka.cz\/eshop\/wp-json\/wp\/v2\/product"}],"about":[{"href":"https:\/\/anderskafka.cz\/eshop\/wp-json\/wp\/v2\/types\/product"}],"replies":[{"embeddable":true,"href":"https:\/\/anderskafka.cz\/eshop\/wp-json\/wp\/v2\/comments?post=14134"}],"wp:featuredmedia":[{"embeddable":true,"href":"https:\/\/anderskafka.cz\/eshop\/wp-json\/wp\/v2\/media\/14137"}],"wp:attachment":[{"href":"https:\/\/anderskafka.cz\/eshop\/wp-json\/wp\/v2\/media?parent=14134"}],"wp:term":[{"taxonomy":"location","embeddable":true,"href":"https:\/\/anderskafka.cz\/eshop\/wp-json\/wp\/v2\/location?post=14134"},{"taxonomy":"product_cat","embeddable":true,"href":"https:\/\/anderskafka.cz\/eshop\/wp-json\/wp\/v2\/product_cat?post=14134"},{"taxonomy":"product_tag","embeddable":true,"href":"https:\/\/anderskafka.cz\/eshop\/wp-json\/wp\/v2\/product_tag?post=14134"}],"curies":[{"name":"wp","href":"https:\/\/api.w.org\/{rel}","templated":true}]}}