{"id":14144,"date":"2026-01-12T13:19:41","date_gmt":"2026-01-12T12:19:41","guid":{"rendered":"https:\/\/anderskafka.cz\/eshop\/?post_type=product&#038;p=14144"},"modified":"2026-04-26T19:10:39","modified_gmt":"2026-04-26T17:10:39","slug":"guaa-shock-bezchlorovy-oxidacni-pripravek-pro-virivky-13kg-32kg","status":"publish","type":"product","link":"https:\/\/anderskafka.cz\/eshop\/produkt\/guaa-shock-bezchlorovy-oxidacni-pripravek-pro-virivky-13kg-32kg\/","title":{"rendered":"GUAa oxishock &#8211; bezchl\u00f3rov\u00fd p\u0159\u00edpravek pro oxidaci ne\u010distot, 1,3\/3,2kg"},"content":{"rendered":"<div id=\"product-description-short\">\n<p class=\"subname\"><strong>Rychle \u00fa\u010dinkuj\u00edc\u00ed bezchl\u00f3rov\u00fd oxida\u010dn\u00ed p\u0159\u00edpravek<\/strong><\/p>\n<div id=\"product-description-short\">\n<p>OXI SHOCK je rychle rozpustn\u00fd p\u0159\u00edpravek ur\u010den\u00fd pro jednor\u00e1zovou oxidaci organick\u00fdch ne\u010distot v baz\u00e9nov\u00e9 vod\u011b p\u0159i n\u00e1ro\u010dn\u00fdch provozn\u00edch podm\u00ednk\u00e1ch. Pou\u017e\u00edv\u00e1 se p\u0159i\u00a0uveden\u00ed baz\u00e9nu do provozu, zazimov\u00e1n\u00ed baz\u00e9nu, p\u0159i \u0159e\u0161en\u00ed\u00a0zakalen\u00e9 vody, nebo v obdob\u00ed\u00a0vysok\u00e9ho zat\u00ed\u017een\u00ed baz\u00e9nu \u2013 jako jsou horka, prudk\u00e9 zm\u011bny po\u010das\u00ed \u010di vysok\u00fd po\u010det koupaj\u00edc\u00edch.<\/p>\n<\/div>\n<div id=\"product-description\">\n<h2>Vlastnosti:<\/h2>\n<p>O\u0161et\u0159en\u00e1 voda nepo\u0161kozuje materi\u00e1ly, nezp\u016fsobuje korozi kovov\u00fdch \u010d\u00e1st\u00ed baz\u00e9nu. Je \u010dir\u00e1, jisk\u0159iv\u00e1, bez z\u00e1pachu po chl\u00f3ru.<\/p>\n<h2>D\u00e1vkov\u00e1n\u00ed:<\/h2>\n<p>\u2022 \u0160okov\u00e1 d\u00e1vka: 300\u2013400 g\/10 m\u00b3 vody<\/p>\n<p>Ide\u00e1ln\u00ed zp\u016fsob d\u00e1vkov\u00e1n\u00ed je rozpu\u0161t\u011bn\u00ed vypo\u010dten\u00e9 d\u00e1vky (zarovnan\u00fd uz\u00e1v\u011br d\u00f3zy obsahuje cca 100 g p\u0159\u00edpravku) ve vod\u011b (cca 5l kbel\u00edk) o teplot\u011b &gt; 20 \u00b0C a n\u00e1sledn\u00e9 rozlit\u00ed po hladin\u011b vody. P\u0159\u00edpadn\u011b lze roztok aplikovat p\u0159\u00edmo do skimmeru nebo vyrovn\u00e1vac\u00ed n\u00e1dr\u017ee. Aplikujte bez p\u0159\u00edtomnosti osob v baz\u00e9nu nebo v\u00ed\u0159iv\u00e9 van\u011b p\u0159i zapnut\u00e9 cirkulaci.<\/p>\n<p><strong>Datum expirace:<\/strong> 36 m\u011bs\u00edc\u016f od data v\u00fdroby<\/p>\n<p><strong>Dostupn\u00e9 v balen\u00ed:<\/strong> 1l, 3l<\/p>\n<\/div>\n<\/div>\n<div>\n<div class=\"j1rqpc\">\n<h2>Bezpe\u010dnost a prvn\u00ed pomoc:<\/h2>\n<p><strong>VAROV\u00c1N\u00cd<\/strong><\/p>\n<p><img src=\"https:\/\/www.guaa.cz\/img\/icon\/exclam.png\" alt=\"exclam.png\" \/><img src=\"https:\/\/www.guaa.cz\/img\/icon\/acid.png\" alt=\"acid.png\" \/><img src=\"https:\/\/www.guaa.cz\/img\/icon\/aquatic-pollut.png\" alt=\"aquatic-pollut.png\" \/><br \/>\n<strong>NEBEZPE\u010c\u00cd: H302<\/strong>\u00a0Zdrav\u00ed \u0161kodliv\u00fd p\u0159i po\u017eit\u00ed.\u00a0<strong>H314<\/strong>\u00a0Zp\u016fsobuje t\u011b\u017ek\u00e9 polept\u00e1n\u00ed k\u016f\u017ee a po\u0161kozen\u00ed o\u010d\u00ed.\u00a0<strong>H412<\/strong>\u00a0\u0160kodliv\u00fd pro vodn\u00ed organismy, s dlouhodob\u00fdmi \u00fa\u010dinky.\u00a0<strong>P102<\/strong>\u00a0Uchov\u00e1vejte mimo dosah d\u011bt\u00ed.\u00a0<strong>P260<\/strong>\u00a0Nevdechujte prach.\u00a0<strong>P280<\/strong>\u00a0Pou\u017e\u00edvejte ochrann\u00e9 rukavice a ochrann\u00e9 br\u00fdle.\u00a0<strong>P305 + P351 + P338<\/strong>\u00a0P\u0158I ZASA\u017dEN\u00cd O\u010c\u00cd: N\u011bkolik minut opatrn\u011b oplachujte vodou. Vyjm\u011bte kontaktn\u00ed \u010do\u010dky, jsou-li nasazeny a pokud je lze vyjmout snadno. Pokra\u010dujte ve vyplachov\u00e1n\u00ed.\u00a0<strong>P303 + P361 + P353<\/strong>\u00a0P\u0158I STYKU S K\u016e\u017d\u00cd (nebo s vlasy): Ve\u0161ker\u00e9 kontaminovan\u00e9 \u010d\u00e1sti od\u011bvu okam\u017eit\u011b svl\u00e9kn\u011bte. Opl\u00e1chn\u011bte k\u016f\u017ei vodou (nebo osprchujte).\u00a0<strong>P501<\/strong>\u00a0Odstra\u0148te obsah a obal jako nebezpe\u010dn\u00fd odpad.\u00a0<strong>EUH208<\/strong>\u00a0obsahuje peroxodis\u00edran draseln\u00fd. M\u016f\u017ee vyvolat alergickou reakci. Obsahuje: bis(s\u00edran)-[bis(peroxos\u00edran)] pentadraseln\u00fd; peroxodis\u00edran draseln\u00fd. P\u0159ed pou\u017eit\u00edm p\u0159e\u010dt\u011bte n\u00e1vod. Skladujte p\u0159i teplot\u00e1ch jen do 30 \u00b0C na such\u00e9m, chladn\u00e9m a dob\u0159e v\u011btran\u00e9m m\u00edst\u011b. Chra\u0148te p\u0159ed p\u0159\u00edm\u00fdm slune\u010dn\u00edm z\u00e1\u0159en\u00edm a p\u016fsoben\u00edm tepla, ohn\u011b, vody a vlhkosti. P\u0159i pr\u00e1ci s p\u0159\u00edpravkem nejezte, nepijte a neku\u0159te. P\u0159\u00edpravek pou\u017e\u00edvejte jen k ur\u010den\u00e9mu \u00fa\u010delu. V\u00fdrobce neru\u010d\u00ed za \u0161kody zp\u016fsoben\u00e9 nespr\u00e1vn\u00fdm pou\u017eit\u00edm.<\/p>\n<\/div>\n<\/div>\n","protected":false},"excerpt":{"rendered":"<div>\n<div id=\"product-description-short\"><\/div>\n<div id=\"product-description\">\n<p>OXI SHOCK\u00a0je rychle rozpustn\u00fd p\u0159\u00edpravek ur\u010den\u00fd pro jednor\u00e1zovou oxidaci organick\u00fdch ne\u010distot v baz\u00e9nov\u00e9 vod\u011b p\u0159i n\u00e1ro\u010dn\u00fdch provozn\u00edch podm\u00ednk\u00e1ch. Pou\u017e\u00edv\u00e1 se p\u0159i\u00a0uveden\u00ed baz\u00e9nu do provozu, zazimov\u00e1n\u00ed baz\u00e9nu, p\u0159i \u0159e\u0161en\u00ed\u00a0zakalen\u00e9 vody, nebo v obdob\u00ed\u00a0vysok\u00e9ho zat\u00ed\u017een\u00ed baz\u00e9nu \u2013 jako jsou horka, prudk\u00e9 zm\u011bny po\u010das\u00ed \u010di vysok\u00fd po\u010det koupaj\u00edc\u00edch.<\/p>\n<\/div>\n<\/div>\n","protected":false},"featured_media":14147,"comment_status":"open","ping_status":"closed","template":"","meta":{"site-sidebar-layout":"default","site-content-layout":"default","ast-main-header-display":"","ast-hfb-above-header-display":"","ast-hfb-below-header-display":"","ast-hfb-mobile-header-display":"disabled","site-post-title":"","ast-breadcrumbs-content":"","ast-featured-img":"","footer-sml-layout":"","theme-transparent-header-meta":"","adv-header-id-meta":"","stick-header-meta":"","header-above-stick-meta":"","header-main-stick-meta":"","header-below-stick-meta":""},"location":[],"product_cat":[865,1363,1137],"product_tag":[1078],"yoast_head":"<!-- This site is optimized with the Yoast SEO plugin v18.5.1 - https:\/\/yoast.com\/wordpress\/plugins\/seo\/ -->\n<title>GUAa oxishock - bezchl\u00f3rov\u00fd p\u0159\u00edpravek pro oxidaci ne\u010distot, 1,3\/3,2kg - Anders &amp; Kafka E-SHOP<\/title>\n<meta name=\"description\" content=\"OXI SHOCK\u00a0je rychle rozpustn\u00fd p\u0159\u00edpravek ur\u010den\u00fd pro jednor\u00e1zovou oxidaci organick\u00fdch ne\u010distot v baz\u00e9nov\u00e9 vod\u011b p\u0159i n\u00e1ro\u010dn\u00fdch provozn\u00edch podm\u00ednk\u00e1ch. Pou\u017e\u00edv\u00e1 se p\u0159i\u00a0uveden\u00ed baz\u00e9nu do provozu, zazimov\u00e1n\u00ed baz\u00e9nu, p\u0159i \u0159e\u0161en\u00ed\u00a0zakalen\u00e9 vody, nebo v obdob\u00ed\u00a0vysok\u00e9ho zat\u00ed\u017een\u00ed baz\u00e9nu \u2013 jako jsou horka, prudk\u00e9 zm\u011bny po\u010das\u00ed \u010di vysok\u00fd po\u010det koupaj\u00edc\u00edch.\" \/>\n<meta name=\"robots\" content=\"index, follow, max-snippet:-1, max-image-preview:large, max-video-preview:-1\" \/>\n<link rel=\"canonical\" href=\"https:\/\/anderskafka.cz\/eshop\/produkt\/guaa-shock-bezchlorovy-oxidacni-pripravek-pro-virivky-13kg-32kg\/\" \/>\n<meta property=\"og:locale\" content=\"cs_CZ\" \/>\n<meta property=\"og:type\" content=\"article\" \/>\n<meta property=\"og:title\" content=\"GUAa oxishock - bezchl\u00f3rov\u00fd p\u0159\u00edpravek pro oxidaci ne\u010distot, 1,3\/3,2kg - Anders &amp; Kafka E-SHOP\" \/>\n<meta property=\"og:description\" content=\"OXI SHOCK\u00a0je rychle rozpustn\u00fd p\u0159\u00edpravek ur\u010den\u00fd pro jednor\u00e1zovou oxidaci organick\u00fdch ne\u010distot v baz\u00e9nov\u00e9 vod\u011b p\u0159i n\u00e1ro\u010dn\u00fdch provozn\u00edch podm\u00ednk\u00e1ch. Pou\u017e\u00edv\u00e1 se p\u0159i\u00a0uveden\u00ed baz\u00e9nu do provozu, zazimov\u00e1n\u00ed baz\u00e9nu, p\u0159i \u0159e\u0161en\u00ed\u00a0zakalen\u00e9 vody, nebo v obdob\u00ed\u00a0vysok\u00e9ho zat\u00ed\u017een\u00ed baz\u00e9nu \u2013 jako jsou horka, prudk\u00e9 zm\u011bny po\u010das\u00ed \u010di vysok\u00fd po\u010det koupaj\u00edc\u00edch.\" \/>\n<meta property=\"og:url\" content=\"https:\/\/anderskafka.cz\/eshop\/produkt\/guaa-shock-bezchlorovy-oxidacni-pripravek-pro-virivky-13kg-32kg\/\" \/>\n<meta property=\"og:site_name\" content=\"Anders &amp; Kafka E-SHOP\" \/>\n<meta property=\"article:modified_time\" content=\"2026-04-26T17:10:39+00:00\" \/>\n<meta name=\"twitter:card\" content=\"summary_large_image\" \/>\n<meta name=\"twitter:image\" content=\"https:\/\/anderskafka.cz\/eshop\/wp-content\/uploads\/sites\/3\/2026\/01\/GUAA_oxishock13kg_AndersKafka.webp\" \/>\n<meta name=\"twitter:label1\" content=\"Odhadovan\u00e1 doba \u010dten\u00ed\" \/>\n\t<meta name=\"twitter:data1\" content=\"3 minuty\" \/>\n<script type=\"application\/ld+json\" class=\"yoast-schema-graph\">{\"@context\":\"https:\/\/schema.org\",\"@graph\":[{\"@type\":\"WebSite\",\"@id\":\"https:\/\/anderskafka.cz\/eshop\/#website\",\"url\":\"https:\/\/anderskafka.cz\/eshop\/\",\"name\":\"Anders &amp; Kafka E-SHOP\",\"description\":\"Anders &amp; Kafka E-SHOP\",\"potentialAction\":[{\"@type\":\"SearchAction\",\"target\":{\"@type\":\"EntryPoint\",\"urlTemplate\":\"https:\/\/anderskafka.cz\/eshop\/?s={search_term_string}\"},\"query-input\":\"required name=search_term_string\"}],\"inLanguage\":\"cs\"},{\"@type\":\"ImageObject\",\"@id\":\"https:\/\/anderskafka.cz\/eshop\/produkt\/guaa-shock-bezchlorovy-oxidacni-pripravek-pro-virivky-13kg-32kg\/#primaryimage\",\"inLanguage\":\"cs\",\"url\":\"https:\/\/anderskafka.cz\/eshop\/wp-content\/uploads\/sites\/3\/2026\/01\/GUAA_oxishock13kg_AndersKafka.webp\",\"contentUrl\":\"https:\/\/anderskafka.cz\/eshop\/wp-content\/uploads\/sites\/3\/2026\/01\/GUAA_oxishock13kg_AndersKafka.webp\",\"width\":1500,\"height\":1500},{\"@type\":\"WebPage\",\"@id\":\"https:\/\/anderskafka.cz\/eshop\/produkt\/guaa-shock-bezchlorovy-oxidacni-pripravek-pro-virivky-13kg-32kg\/#webpage\",\"url\":\"https:\/\/anderskafka.cz\/eshop\/produkt\/guaa-shock-bezchlorovy-oxidacni-pripravek-pro-virivky-13kg-32kg\/\",\"name\":\"GUAa oxishock - bezchl\u00f3rov\u00fd p\u0159\u00edpravek pro oxidaci ne\u010distot, 1,3\/3,2kg - Anders &amp; Kafka E-SHOP\",\"isPartOf\":{\"@id\":\"https:\/\/anderskafka.cz\/eshop\/#website\"},\"primaryImageOfPage\":{\"@id\":\"https:\/\/anderskafka.cz\/eshop\/produkt\/guaa-shock-bezchlorovy-oxidacni-pripravek-pro-virivky-13kg-32kg\/#primaryimage\"},\"datePublished\":\"2026-01-12T12:19:41+00:00\",\"dateModified\":\"2026-04-26T17:10:39+00:00\",\"description\":\"OXI SHOCK\u00a0je rychle rozpustn\u00fd p\u0159\u00edpravek ur\u010den\u00fd pro jednor\u00e1zovou oxidaci organick\u00fdch ne\u010distot v baz\u00e9nov\u00e9 vod\u011b p\u0159i n\u00e1ro\u010dn\u00fdch provozn\u00edch podm\u00ednk\u00e1ch. Pou\u017e\u00edv\u00e1 se p\u0159i\u00a0uveden\u00ed baz\u00e9nu do provozu, zazimov\u00e1n\u00ed baz\u00e9nu, p\u0159i \u0159e\u0161en\u00ed\u00a0zakalen\u00e9 vody, nebo v obdob\u00ed\u00a0vysok\u00e9ho zat\u00ed\u017een\u00ed baz\u00e9nu \u2013 jako jsou horka, prudk\u00e9 zm\u011bny po\u010das\u00ed \u010di vysok\u00fd po\u010det koupaj\u00edc\u00edch.\",\"breadcrumb\":{\"@id\":\"https:\/\/anderskafka.cz\/eshop\/produkt\/guaa-shock-bezchlorovy-oxidacni-pripravek-pro-virivky-13kg-32kg\/#breadcrumb\"},\"inLanguage\":\"cs\",\"potentialAction\":[{\"@type\":\"ReadAction\",\"target\":[\"https:\/\/anderskafka.cz\/eshop\/produkt\/guaa-shock-bezchlorovy-oxidacni-pripravek-pro-virivky-13kg-32kg\/\"]}]},{\"@type\":\"BreadcrumbList\",\"@id\":\"https:\/\/anderskafka.cz\/eshop\/produkt\/guaa-shock-bezchlorovy-oxidacni-pripravek-pro-virivky-13kg-32kg\/#breadcrumb\",\"itemListElement\":[{\"@type\":\"ListItem\",\"position\":1,\"name\":\"Obchod\",\"item\":\"https:\/\/anderskafka.cz\/eshop\/obchod\/\"},{\"@type\":\"ListItem\",\"position\":2,\"name\":\"GUAa oxishock &#8211; bezchl\u00f3rov\u00fd p\u0159\u00edpravek pro oxidaci ne\u010distot, 1,3\/3,2kg\"}]}]}<\/script>\n<!-- \/ Yoast SEO plugin. -->","yoast_head_json":{"title":"GUAa oxishock - bezchl\u00f3rov\u00fd p\u0159\u00edpravek pro oxidaci ne\u010distot, 1,3\/3,2kg - Anders &amp; Kafka E-SHOP","description":"OXI SHOCK\u00a0je rychle rozpustn\u00fd p\u0159\u00edpravek ur\u010den\u00fd pro jednor\u00e1zovou oxidaci organick\u00fdch ne\u010distot v baz\u00e9nov\u00e9 vod\u011b p\u0159i n\u00e1ro\u010dn\u00fdch provozn\u00edch podm\u00ednk\u00e1ch. Pou\u017e\u00edv\u00e1 se p\u0159i\u00a0uveden\u00ed baz\u00e9nu do provozu, zazimov\u00e1n\u00ed baz\u00e9nu, p\u0159i \u0159e\u0161en\u00ed\u00a0zakalen\u00e9 vody, nebo v obdob\u00ed\u00a0vysok\u00e9ho zat\u00ed\u017een\u00ed baz\u00e9nu \u2013 jako jsou horka, prudk\u00e9 zm\u011bny po\u010das\u00ed \u010di vysok\u00fd po\u010det koupaj\u00edc\u00edch.","robots":{"index":"index","follow":"follow","max-snippet":"max-snippet:-1","max-image-preview":"max-image-preview:large","max-video-preview":"max-video-preview:-1"},"canonical":"https:\/\/anderskafka.cz\/eshop\/produkt\/guaa-shock-bezchlorovy-oxidacni-pripravek-pro-virivky-13kg-32kg\/","og_locale":"cs_CZ","og_type":"article","og_title":"GUAa oxishock - bezchl\u00f3rov\u00fd p\u0159\u00edpravek pro oxidaci ne\u010distot, 1,3\/3,2kg - Anders &amp; Kafka E-SHOP","og_description":"OXI SHOCK\u00a0je rychle rozpustn\u00fd p\u0159\u00edpravek ur\u010den\u00fd pro jednor\u00e1zovou oxidaci organick\u00fdch ne\u010distot v baz\u00e9nov\u00e9 vod\u011b p\u0159i n\u00e1ro\u010dn\u00fdch provozn\u00edch podm\u00ednk\u00e1ch. Pou\u017e\u00edv\u00e1 se p\u0159i\u00a0uveden\u00ed baz\u00e9nu do provozu, zazimov\u00e1n\u00ed baz\u00e9nu, p\u0159i \u0159e\u0161en\u00ed\u00a0zakalen\u00e9 vody, nebo v obdob\u00ed\u00a0vysok\u00e9ho zat\u00ed\u017een\u00ed baz\u00e9nu \u2013 jako jsou horka, prudk\u00e9 zm\u011bny po\u010das\u00ed \u010di vysok\u00fd po\u010det koupaj\u00edc\u00edch.","og_url":"https:\/\/anderskafka.cz\/eshop\/produkt\/guaa-shock-bezchlorovy-oxidacni-pripravek-pro-virivky-13kg-32kg\/","og_site_name":"Anders &amp; Kafka E-SHOP","article_modified_time":"2026-04-26T17:10:39+00:00","twitter_card":"summary_large_image","twitter_image":"https:\/\/anderskafka.cz\/eshop\/wp-content\/uploads\/sites\/3\/2026\/01\/GUAA_oxishock13kg_AndersKafka.webp","twitter_misc":{"Odhadovan\u00e1 doba \u010dten\u00ed":"3 minuty"},"schema":{"@context":"https:\/\/schema.org","@graph":[{"@type":"WebSite","@id":"https:\/\/anderskafka.cz\/eshop\/#website","url":"https:\/\/anderskafka.cz\/eshop\/","name":"Anders &amp; Kafka E-SHOP","description":"Anders &amp; Kafka E-SHOP","potentialAction":[{"@type":"SearchAction","target":{"@type":"EntryPoint","urlTemplate":"https:\/\/anderskafka.cz\/eshop\/?s={search_term_string}"},"query-input":"required name=search_term_string"}],"inLanguage":"cs"},{"@type":"ImageObject","@id":"https:\/\/anderskafka.cz\/eshop\/produkt\/guaa-shock-bezchlorovy-oxidacni-pripravek-pro-virivky-13kg-32kg\/#primaryimage","inLanguage":"cs","url":"https:\/\/anderskafka.cz\/eshop\/wp-content\/uploads\/sites\/3\/2026\/01\/GUAA_oxishock13kg_AndersKafka.webp","contentUrl":"https:\/\/anderskafka.cz\/eshop\/wp-content\/uploads\/sites\/3\/2026\/01\/GUAA_oxishock13kg_AndersKafka.webp","width":1500,"height":1500},{"@type":"WebPage","@id":"https:\/\/anderskafka.cz\/eshop\/produkt\/guaa-shock-bezchlorovy-oxidacni-pripravek-pro-virivky-13kg-32kg\/#webpage","url":"https:\/\/anderskafka.cz\/eshop\/produkt\/guaa-shock-bezchlorovy-oxidacni-pripravek-pro-virivky-13kg-32kg\/","name":"GUAa oxishock - bezchl\u00f3rov\u00fd p\u0159\u00edpravek pro oxidaci ne\u010distot, 1,3\/3,2kg - Anders &amp; Kafka E-SHOP","isPartOf":{"@id":"https:\/\/anderskafka.cz\/eshop\/#website"},"primaryImageOfPage":{"@id":"https:\/\/anderskafka.cz\/eshop\/produkt\/guaa-shock-bezchlorovy-oxidacni-pripravek-pro-virivky-13kg-32kg\/#primaryimage"},"datePublished":"2026-01-12T12:19:41+00:00","dateModified":"2026-04-26T17:10:39+00:00","description":"OXI SHOCK\u00a0je rychle rozpustn\u00fd p\u0159\u00edpravek ur\u010den\u00fd pro jednor\u00e1zovou oxidaci organick\u00fdch ne\u010distot v baz\u00e9nov\u00e9 vod\u011b p\u0159i n\u00e1ro\u010dn\u00fdch provozn\u00edch podm\u00ednk\u00e1ch. Pou\u017e\u00edv\u00e1 se p\u0159i\u00a0uveden\u00ed baz\u00e9nu do provozu, zazimov\u00e1n\u00ed baz\u00e9nu, p\u0159i \u0159e\u0161en\u00ed\u00a0zakalen\u00e9 vody, nebo v obdob\u00ed\u00a0vysok\u00e9ho zat\u00ed\u017een\u00ed baz\u00e9nu \u2013 jako jsou horka, prudk\u00e9 zm\u011bny po\u010das\u00ed \u010di vysok\u00fd po\u010det koupaj\u00edc\u00edch.","breadcrumb":{"@id":"https:\/\/anderskafka.cz\/eshop\/produkt\/guaa-shock-bezchlorovy-oxidacni-pripravek-pro-virivky-13kg-32kg\/#breadcrumb"},"inLanguage":"cs","potentialAction":[{"@type":"ReadAction","target":["https:\/\/anderskafka.cz\/eshop\/produkt\/guaa-shock-bezchlorovy-oxidacni-pripravek-pro-virivky-13kg-32kg\/"]}]},{"@type":"BreadcrumbList","@id":"https:\/\/anderskafka.cz\/eshop\/produkt\/guaa-shock-bezchlorovy-oxidacni-pripravek-pro-virivky-13kg-32kg\/#breadcrumb","itemListElement":[{"@type":"ListItem","position":1,"name":"Obchod","item":"https:\/\/anderskafka.cz\/eshop\/obchod\/"},{"@type":"ListItem","position":2,"name":"GUAa oxishock &#8211; bezchl\u00f3rov\u00fd p\u0159\u00edpravek pro oxidaci ne\u010distot, 1,3\/3,2kg"}]}]}},"locations":[],"_links":{"self":[{"href":"https:\/\/anderskafka.cz\/eshop\/wp-json\/wp\/v2\/product\/14144"}],"collection":[{"href":"https:\/\/anderskafka.cz\/eshop\/wp-json\/wp\/v2\/product"}],"about":[{"href":"https:\/\/anderskafka.cz\/eshop\/wp-json\/wp\/v2\/types\/product"}],"replies":[{"embeddable":true,"href":"https:\/\/anderskafka.cz\/eshop\/wp-json\/wp\/v2\/comments?post=14144"}],"wp:featuredmedia":[{"embeddable":true,"href":"https:\/\/anderskafka.cz\/eshop\/wp-json\/wp\/v2\/media\/14147"}],"wp:attachment":[{"href":"https:\/\/anderskafka.cz\/eshop\/wp-json\/wp\/v2\/media?parent=14144"}],"wp:term":[{"taxonomy":"location","embeddable":true,"href":"https:\/\/anderskafka.cz\/eshop\/wp-json\/wp\/v2\/location?post=14144"},{"taxonomy":"product_cat","embeddable":true,"href":"https:\/\/anderskafka.cz\/eshop\/wp-json\/wp\/v2\/product_cat?post=14144"},{"taxonomy":"product_tag","embeddable":true,"href":"https:\/\/anderskafka.cz\/eshop\/wp-json\/wp\/v2\/product_tag?post=14144"}],"curies":[{"name":"wp","href":"https:\/\/api.w.org\/{rel}","templated":true}]}}