{"id":14149,"date":"2026-01-12T13:59:59","date_gmt":"2026-01-12T12:59:59","guid":{"rendered":"https:\/\/anderskafka.cz\/eshop\/?post_type=product&#038;p=14149"},"modified":"2026-04-26T19:10:37","modified_gmt":"2026-04-26T17:10:37","slug":"guaa-whirlpool-set-bezchlorova-sada-chemie-pro-virive-vany-2","status":"publish","type":"product","link":"https:\/\/anderskafka.cz\/eshop\/produkt\/guaa-whirlpool-set-bezchlorova-sada-chemie-pro-virive-vany-2\/","title":{"rendered":"GUAa whirlpool set &#8211; bezchl\u00f3rov\u00e1 sada chemie pro v\u00ed\u0159iv\u00e9 vany"},"content":{"rendered":"<h3>Sada obsahuje:<\/h3>\n<ul>\n<li><strong>1x OXI 0,8 kg<\/strong><\/li>\n<li><strong>1x WHIRLPOOL 1 l<\/strong><\/li>\n<li><strong>1x WHIRLPOOL ANTIFOAM 1 l<\/strong><\/li>\n<li><strong>1x ph MINUS 1,4 kg<\/strong><\/li>\n<li><strong>1x WHIRLPOOL AROMATIC SET<\/strong><\/li>\n<li><strong>1x DUKE pH<\/strong><\/li>\n<\/ul>\n<h3>WHIRLPOOL<\/h3>\n<p>je dopl\u0148kov\u00fd p\u0159\u00edpravek v r\u00e1mci konceptu OxiSystem\u2122, kter\u00fd se uplat\u0148uje p\u0159i n\u00e1sledn\u00e9 p\u00e9\u010di o vodu ve v\u00ed\u0159iv\u00e9 van\u011b po pou\u017eit\u00ed oxida\u010dn\u00edho p\u0159\u00edpravku. Je ur\u010den\u00fd v\u00fdhradn\u011b k pou\u017eit\u00ed po aplikaci p\u0159\u00edpravku OXI\u00a0ve venkovn\u00edch a vnit\u0159n\u00edch, klasick\u00fdch i p\u0159enosn\u00fdch v\u00ed\u0159iv\u00fdch van\u00e1ch \u2013 whirlpoolech.<\/p>\n<h3>WHIRLPOOL ANTIFOAM<\/h3>\n<p>je vysoce \u00fa\u010dinn\u00fd tekut\u00fd odp\u011b\u0148ova\u010d, ur\u010den\u00fd do v\u00ed\u0159iv\u00fdch van, kter\u00fd efektivn\u011b a dlouhodob\u011b potla\u010duje tvorbu p\u011bny.<\/p>\n<h3>OXI<\/h3>\n<p>je rychle rozpustn\u00fd p\u0159\u00edpravek slou\u017e\u00edc\u00ed jako vysoce \u00fa\u010dinn\u00e9 \u010dinidlo pro bezchl\u00f3rovou oxidaci vody v baz\u00e9nech a v\u00ed\u0159iv\u00fdch van\u00e1ch.\u00a0OXI zvy\u0161uje koncentraci aktivn\u00edho kysl\u00edku ve vod\u011b, kter\u00fd n\u00e1sledn\u011b oxiduje organick\u00e9 ne\u010distoty. Voda je po aplikaci \u010dir\u00e1 a jisk\u0159iv\u00e1. OXI p\u016fsob\u00ed ve vod\u011b kysele a t\u00edm nepatrn\u011b sni\u017euje hodnotu pH.<\/p>\n<h3>pH minus<\/h3>\n<p>je p\u0159\u00edpravek na sn\u00ed\u017een\u00ed pH vody pro aplikaci v baz\u00e9nech a v\u00ed\u0159iv\u00fdch van\u00e1ch.<\/p>\n<h3>WHIRLPOOL AROMATIC SET<\/h3>\n<p>Sada vonn\u00fdch esenc\u00ed pro v\u00ed\u0159iv\u00e9 vany.<\/p>\n<h3>DUKE pH<\/h3>\n<p>Kapkov\u00fd tester\u00a0DUKE pH\u00a0pro stanoven\u00ed pH vody (120 pou\u017eit\u00ed, baleno v s\u00e1\u010dku).<\/p>\n","protected":false},"excerpt":{"rendered":"<div>\n<p>Sada\u00a0bezchl\u00f3rov\u00fdch\u00a0p\u0159\u00edpravk\u016f k p\u00e9\u010di o vodu v\u00ed\u0159iv\u00fdch van.<\/p>\n<p>&nbsp;<\/p>\n<\/div>\n<div>\n<div>\n<div><\/div>\n<\/div>\n<\/div>\n","protected":false},"featured_media":14150,"comment_status":"open","ping_status":"closed","template":"","meta":{"site-sidebar-layout":"default","site-content-layout":"default","ast-main-header-display":"","ast-hfb-above-header-display":"","ast-hfb-below-header-display":"","ast-hfb-mobile-header-display":"disabled","site-post-title":"","ast-breadcrumbs-content":"","ast-featured-img":"","footer-sml-layout":"","theme-transparent-header-meta":"","adv-header-id-meta":"","stick-header-meta":"","header-above-stick-meta":"","header-main-stick-meta":"","header-below-stick-meta":""},"location":[],"product_cat":[865,1363,1135,965],"product_tag":[1078],"yoast_head":"<!-- This site is optimized with the Yoast SEO plugin v18.5.1 - https:\/\/yoast.com\/wordpress\/plugins\/seo\/ -->\n<title>GUAa whirlpool set - bezchl\u00f3rov\u00e1 sada chemie pro v\u00ed\u0159iv\u00e9 vany - Anders &amp; Kafka E-SHOP<\/title>\n<meta name=\"description\" content=\"Sada\u00a0bezchl\u00f3rov\u00fdch\u00a0p\u0159\u00edpravk\u016f k p\u00e9\u010di o vodu v\u00ed\u0159iv\u00fdch van.  &nbsp;\" \/>\n<meta name=\"robots\" content=\"index, follow, max-snippet:-1, max-image-preview:large, max-video-preview:-1\" \/>\n<link rel=\"canonical\" href=\"https:\/\/anderskafka.cz\/eshop\/produkt\/guaa-whirlpool-set-bezchlorova-sada-chemie-pro-virive-vany-2\/\" \/>\n<meta property=\"og:locale\" content=\"cs_CZ\" \/>\n<meta property=\"og:type\" content=\"article\" \/>\n<meta property=\"og:title\" content=\"GUAa whirlpool set - bezchl\u00f3rov\u00e1 sada chemie pro v\u00ed\u0159iv\u00e9 vany - Anders &amp; Kafka E-SHOP\" \/>\n<meta property=\"og:description\" content=\"Sada\u00a0bezchl\u00f3rov\u00fdch\u00a0p\u0159\u00edpravk\u016f k p\u00e9\u010di o vodu v\u00ed\u0159iv\u00fdch van.  &nbsp;\" \/>\n<meta property=\"og:url\" content=\"https:\/\/anderskafka.cz\/eshop\/produkt\/guaa-whirlpool-set-bezchlorova-sada-chemie-pro-virive-vany-2\/\" \/>\n<meta property=\"og:site_name\" content=\"Anders &amp; Kafka E-SHOP\" \/>\n<meta property=\"article:modified_time\" content=\"2026-04-26T17:10:37+00:00\" \/>\n<meta name=\"twitter:card\" content=\"summary_large_image\" \/>\n<meta name=\"twitter:image\" content=\"https:\/\/anderskafka.cz\/eshop\/wp-content\/uploads\/sites\/3\/2026\/01\/GUAA_whirlpoolset_AndersKafka.webp\" \/>\n<meta name=\"twitter:label1\" content=\"Odhadovan\u00e1 doba \u010dten\u00ed\" \/>\n\t<meta name=\"twitter:data1\" content=\"1 minuta\" \/>\n<script type=\"application\/ld+json\" class=\"yoast-schema-graph\">{\"@context\":\"https:\/\/schema.org\",\"@graph\":[{\"@type\":\"WebSite\",\"@id\":\"https:\/\/anderskafka.cz\/eshop\/#website\",\"url\":\"https:\/\/anderskafka.cz\/eshop\/\",\"name\":\"Anders &amp; Kafka E-SHOP\",\"description\":\"Anders &amp; Kafka E-SHOP\",\"potentialAction\":[{\"@type\":\"SearchAction\",\"target\":{\"@type\":\"EntryPoint\",\"urlTemplate\":\"https:\/\/anderskafka.cz\/eshop\/?s={search_term_string}\"},\"query-input\":\"required name=search_term_string\"}],\"inLanguage\":\"cs\"},{\"@type\":\"ImageObject\",\"@id\":\"https:\/\/anderskafka.cz\/eshop\/produkt\/guaa-whirlpool-set-bezchlorova-sada-chemie-pro-virive-vany-2\/#primaryimage\",\"inLanguage\":\"cs\",\"url\":\"https:\/\/anderskafka.cz\/eshop\/wp-content\/uploads\/sites\/3\/2026\/01\/GUAA_whirlpoolset_AndersKafka.webp\",\"contentUrl\":\"https:\/\/anderskafka.cz\/eshop\/wp-content\/uploads\/sites\/3\/2026\/01\/GUAA_whirlpoolset_AndersKafka.webp\",\"width\":1500,\"height\":1500},{\"@type\":\"WebPage\",\"@id\":\"https:\/\/anderskafka.cz\/eshop\/produkt\/guaa-whirlpool-set-bezchlorova-sada-chemie-pro-virive-vany-2\/#webpage\",\"url\":\"https:\/\/anderskafka.cz\/eshop\/produkt\/guaa-whirlpool-set-bezchlorova-sada-chemie-pro-virive-vany-2\/\",\"name\":\"GUAa whirlpool set - bezchl\u00f3rov\u00e1 sada chemie pro v\u00ed\u0159iv\u00e9 vany - Anders &amp; Kafka E-SHOP\",\"isPartOf\":{\"@id\":\"https:\/\/anderskafka.cz\/eshop\/#website\"},\"primaryImageOfPage\":{\"@id\":\"https:\/\/anderskafka.cz\/eshop\/produkt\/guaa-whirlpool-set-bezchlorova-sada-chemie-pro-virive-vany-2\/#primaryimage\"},\"datePublished\":\"2026-01-12T12:59:59+00:00\",\"dateModified\":\"2026-04-26T17:10:37+00:00\",\"description\":\"Sada\u00a0bezchl\u00f3rov\u00fdch\u00a0p\u0159\u00edpravk\u016f k p\u00e9\u010di o vodu v\u00ed\u0159iv\u00fdch van. &nbsp;\",\"breadcrumb\":{\"@id\":\"https:\/\/anderskafka.cz\/eshop\/produkt\/guaa-whirlpool-set-bezchlorova-sada-chemie-pro-virive-vany-2\/#breadcrumb\"},\"inLanguage\":\"cs\",\"potentialAction\":[{\"@type\":\"ReadAction\",\"target\":[\"https:\/\/anderskafka.cz\/eshop\/produkt\/guaa-whirlpool-set-bezchlorova-sada-chemie-pro-virive-vany-2\/\"]}]},{\"@type\":\"BreadcrumbList\",\"@id\":\"https:\/\/anderskafka.cz\/eshop\/produkt\/guaa-whirlpool-set-bezchlorova-sada-chemie-pro-virive-vany-2\/#breadcrumb\",\"itemListElement\":[{\"@type\":\"ListItem\",\"position\":1,\"name\":\"Obchod\",\"item\":\"https:\/\/anderskafka.cz\/eshop\/obchod\/\"},{\"@type\":\"ListItem\",\"position\":2,\"name\":\"GUAa whirlpool set &#8211; bezchl\u00f3rov\u00e1 sada chemie pro v\u00ed\u0159iv\u00e9 vany\"}]}]}<\/script>\n<!-- \/ Yoast SEO plugin. -->","yoast_head_json":{"title":"GUAa whirlpool set - bezchl\u00f3rov\u00e1 sada chemie pro v\u00ed\u0159iv\u00e9 vany - Anders &amp; Kafka E-SHOP","description":"Sada\u00a0bezchl\u00f3rov\u00fdch\u00a0p\u0159\u00edpravk\u016f k p\u00e9\u010di o vodu v\u00ed\u0159iv\u00fdch van.  &nbsp;","robots":{"index":"index","follow":"follow","max-snippet":"max-snippet:-1","max-image-preview":"max-image-preview:large","max-video-preview":"max-video-preview:-1"},"canonical":"https:\/\/anderskafka.cz\/eshop\/produkt\/guaa-whirlpool-set-bezchlorova-sada-chemie-pro-virive-vany-2\/","og_locale":"cs_CZ","og_type":"article","og_title":"GUAa whirlpool set - bezchl\u00f3rov\u00e1 sada chemie pro v\u00ed\u0159iv\u00e9 vany - Anders &amp; Kafka E-SHOP","og_description":"Sada\u00a0bezchl\u00f3rov\u00fdch\u00a0p\u0159\u00edpravk\u016f k p\u00e9\u010di o vodu v\u00ed\u0159iv\u00fdch van.  &nbsp;","og_url":"https:\/\/anderskafka.cz\/eshop\/produkt\/guaa-whirlpool-set-bezchlorova-sada-chemie-pro-virive-vany-2\/","og_site_name":"Anders &amp; Kafka E-SHOP","article_modified_time":"2026-04-26T17:10:37+00:00","twitter_card":"summary_large_image","twitter_image":"https:\/\/anderskafka.cz\/eshop\/wp-content\/uploads\/sites\/3\/2026\/01\/GUAA_whirlpoolset_AndersKafka.webp","twitter_misc":{"Odhadovan\u00e1 doba \u010dten\u00ed":"1 minuta"},"schema":{"@context":"https:\/\/schema.org","@graph":[{"@type":"WebSite","@id":"https:\/\/anderskafka.cz\/eshop\/#website","url":"https:\/\/anderskafka.cz\/eshop\/","name":"Anders &amp; Kafka E-SHOP","description":"Anders &amp; Kafka E-SHOP","potentialAction":[{"@type":"SearchAction","target":{"@type":"EntryPoint","urlTemplate":"https:\/\/anderskafka.cz\/eshop\/?s={search_term_string}"},"query-input":"required name=search_term_string"}],"inLanguage":"cs"},{"@type":"ImageObject","@id":"https:\/\/anderskafka.cz\/eshop\/produkt\/guaa-whirlpool-set-bezchlorova-sada-chemie-pro-virive-vany-2\/#primaryimage","inLanguage":"cs","url":"https:\/\/anderskafka.cz\/eshop\/wp-content\/uploads\/sites\/3\/2026\/01\/GUAA_whirlpoolset_AndersKafka.webp","contentUrl":"https:\/\/anderskafka.cz\/eshop\/wp-content\/uploads\/sites\/3\/2026\/01\/GUAA_whirlpoolset_AndersKafka.webp","width":1500,"height":1500},{"@type":"WebPage","@id":"https:\/\/anderskafka.cz\/eshop\/produkt\/guaa-whirlpool-set-bezchlorova-sada-chemie-pro-virive-vany-2\/#webpage","url":"https:\/\/anderskafka.cz\/eshop\/produkt\/guaa-whirlpool-set-bezchlorova-sada-chemie-pro-virive-vany-2\/","name":"GUAa whirlpool set - bezchl\u00f3rov\u00e1 sada chemie pro v\u00ed\u0159iv\u00e9 vany - Anders &amp; Kafka E-SHOP","isPartOf":{"@id":"https:\/\/anderskafka.cz\/eshop\/#website"},"primaryImageOfPage":{"@id":"https:\/\/anderskafka.cz\/eshop\/produkt\/guaa-whirlpool-set-bezchlorova-sada-chemie-pro-virive-vany-2\/#primaryimage"},"datePublished":"2026-01-12T12:59:59+00:00","dateModified":"2026-04-26T17:10:37+00:00","description":"Sada\u00a0bezchl\u00f3rov\u00fdch\u00a0p\u0159\u00edpravk\u016f k p\u00e9\u010di o vodu v\u00ed\u0159iv\u00fdch van. &nbsp;","breadcrumb":{"@id":"https:\/\/anderskafka.cz\/eshop\/produkt\/guaa-whirlpool-set-bezchlorova-sada-chemie-pro-virive-vany-2\/#breadcrumb"},"inLanguage":"cs","potentialAction":[{"@type":"ReadAction","target":["https:\/\/anderskafka.cz\/eshop\/produkt\/guaa-whirlpool-set-bezchlorova-sada-chemie-pro-virive-vany-2\/"]}]},{"@type":"BreadcrumbList","@id":"https:\/\/anderskafka.cz\/eshop\/produkt\/guaa-whirlpool-set-bezchlorova-sada-chemie-pro-virive-vany-2\/#breadcrumb","itemListElement":[{"@type":"ListItem","position":1,"name":"Obchod","item":"https:\/\/anderskafka.cz\/eshop\/obchod\/"},{"@type":"ListItem","position":2,"name":"GUAa whirlpool set &#8211; bezchl\u00f3rov\u00e1 sada chemie pro v\u00ed\u0159iv\u00e9 vany"}]}]}},"locations":[],"_links":{"self":[{"href":"https:\/\/anderskafka.cz\/eshop\/wp-json\/wp\/v2\/product\/14149"}],"collection":[{"href":"https:\/\/anderskafka.cz\/eshop\/wp-json\/wp\/v2\/product"}],"about":[{"href":"https:\/\/anderskafka.cz\/eshop\/wp-json\/wp\/v2\/types\/product"}],"replies":[{"embeddable":true,"href":"https:\/\/anderskafka.cz\/eshop\/wp-json\/wp\/v2\/comments?post=14149"}],"wp:featuredmedia":[{"embeddable":true,"href":"https:\/\/anderskafka.cz\/eshop\/wp-json\/wp\/v2\/media\/14150"}],"wp:attachment":[{"href":"https:\/\/anderskafka.cz\/eshop\/wp-json\/wp\/v2\/media?parent=14149"}],"wp:term":[{"taxonomy":"location","embeddable":true,"href":"https:\/\/anderskafka.cz\/eshop\/wp-json\/wp\/v2\/location?post=14149"},{"taxonomy":"product_cat","embeddable":true,"href":"https:\/\/anderskafka.cz\/eshop\/wp-json\/wp\/v2\/product_cat?post=14149"},{"taxonomy":"product_tag","embeddable":true,"href":"https:\/\/anderskafka.cz\/eshop\/wp-json\/wp\/v2\/product_tag?post=14149"}],"curies":[{"name":"wp","href":"https:\/\/api.w.org\/{rel}","templated":true}]}}