{"id":1417,"date":"2022-12-18T22:33:59","date_gmt":"2022-12-18T21:33:59","guid":{"rendered":"https:\/\/anderskafka.cz\/eshop\/?post_type=product&#038;p=1417"},"modified":"2025-10-24T11:33:01","modified_gmt":"2025-10-24T09:33:01","slug":"anderskafka-zkoseny-kryt-rohoveho-saunoveho-svetla-z-thermo-osiky","status":"publish","type":"product","link":"https:\/\/anderskafka.cz\/eshop\/produkt\/anderskafka-zkoseny-kryt-rohoveho-saunoveho-svetla-z-thermo-osiky\/","title":{"rendered":"ANDERS&amp;KAFKA zkosen\u00fd kryt rohov\u00e9ho saunov\u00e9ho sv\u011btla z thermo osiky"},"content":{"rendered":"<p>Elegantn\u00ed kryt saunov\u00e9ho osv\u011btlen\u00ed z masivu d\u0159eviny thermo osiky. P\u0159i zakryt\u00ed sv\u011btla dos\u00e1hnete p\u0159\u00edjemn\u00e9ho estetick\u00e9ho \u00fa\u010dinku. Kryt saunov\u00e9ho osv\u011btlen\u00ed nejen\u017ee schov\u00e1\u00a0saunov\u00e9 sv\u00edtidlo, ale nav\u00edc i rozpt\u00fdl\u00ed vyza\u0159ovan\u00e9 sv\u011btlo, co\u017e vytvo\u0159\u00ed p\u0159\u00edjemn\u011bj\u0161\u00ed a intimn\u011bj\u0161\u00ed atmosf\u00e9ru vhodnou pro relaxov\u00e1n\u00ed.<br \/>\nJedn\u00e1 se o zkosen\u00fd kryt do rohu sauny.<br \/>\nJednoduch\u00e1 mont\u00e1\u017e uchycen\u00edm pomoc\u00ed nerez vrut\u016f s mal\u00fdm pr\u016fm\u011brem hlavy do obkladu sauny Sou\u010d\u00e1st\u00ed balen\u00ed je kryt sv\u011btla a 4 ks vrut\u016f.<\/p>\n","protected":false},"excerpt":{"rendered":"<p>Elegantn\u00ed kryt saunov\u00e9ho osv\u011btlen\u00ed z masivu d\u0159eviny thermo osiky. P\u0159i zakryt\u00ed sv\u011btla dos\u00e1hnete p\u0159\u00edjemn\u00e9ho estetick\u00e9ho \u00fa\u010dinku. Kryt saunov\u00e9ho osv\u011btlen\u00ed nejen\u017ee schov\u00e1\u00a0saunov\u00e9 sv\u00edtidlo, ale nav\u00edc i rozpt\u00fdl\u00ed vyza\u0159ovan\u00e9 sv\u011btlo, co\u017e vytvo\u0159\u00ed p\u0159\u00edjemn\u011bj\u0161\u00ed a intimn\u011bj\u0161\u00ed atmosf\u00e9ru vhodnou pro relaxov\u00e1n\u00ed.<br \/>\nVyrobeno spole\u010dnost\u00ed Anders&amp;Kafka, tradi\u010dn\u00edmi \u0159emesln\u00fdmi postupy v \u010cesk\u00e9 republice, profesion\u00e1ln\u011b a kvalitn\u011b zpracov\u00e1no v ka\u017ed\u00e9m detailu.<br \/>\n<img loading=\"lazy\" class=\"size-medium wp-image-1490 aligncenter\" src=\"https:\/\/anderskafka.cz\/eshop\/wp-content\/uploads\/sites\/3\/2022\/12\/madeinCZ2-300x300.jpg\" alt=\"\" width=\"180\" height=\"180\" \/><\/p>\n","protected":false},"featured_media":1313,"comment_status":"open","ping_status":"closed","template":"","meta":{"site-sidebar-layout":"default","site-content-layout":"default","ast-main-header-display":"","ast-hfb-above-header-display":"","ast-hfb-below-header-display":"","ast-hfb-mobile-header-display":"","site-post-title":"","ast-breadcrumbs-content":"","ast-featured-img":"","footer-sml-layout":"","theme-transparent-header-meta":"","adv-header-id-meta":"","stick-header-meta":"","header-above-stick-meta":"","header-main-stick-meta":"","header-below-stick-meta":""},"location":[],"product_cat":[381],"product_tag":[365],"yoast_head":"<!-- This site is optimized with the Yoast SEO plugin v18.5.1 - https:\/\/yoast.com\/wordpress\/plugins\/seo\/ -->\n<title>ANDERS&amp;KAFKA zkosen\u00fd kryt rohov\u00e9ho saunov\u00e9ho sv\u011btla z thermo osiky - Anders &amp; Kafka E-SHOP<\/title>\n<meta name=\"description\" content=\"Elegantn\u00ed kryt saunov\u00e9ho osv\u011btlen\u00ed z masivu d\u0159eviny thermo osiky. P\u0159i zakryt\u00ed sv\u011btla dos\u00e1hnete p\u0159\u00edjemn\u00e9ho estetick\u00e9ho \u00fa\u010dinku. Kryt saunov\u00e9ho osv\u011btlen\u00ed nejen\u017ee schov\u00e1\u00a0saunov\u00e9 sv\u00edtidlo, ale nav\u00edc i rozpt\u00fdl\u00ed vyza\u0159ovan\u00e9 sv\u011btlo, co\u017e vytvo\u0159\u00ed p\u0159\u00edjemn\u011bj\u0161\u00ed a intimn\u011bj\u0161\u00ed atmosf\u00e9ru vhodnou pro relaxov\u00e1n\u00ed. Vyrobeno spole\u010dnost\u00ed Anders&amp;Kafka, tradi\u010dn\u00edmi \u0159emesln\u00fdmi postupy v \u010cesk\u00e9 republice, profesion\u00e1ln\u011b a kvalitn\u011b zpracov\u00e1no v ka\u017ed\u00e9m detailu.\" \/>\n<meta name=\"robots\" content=\"index, follow, max-snippet:-1, max-image-preview:large, max-video-preview:-1\" \/>\n<link rel=\"canonical\" href=\"https:\/\/anderskafka.cz\/eshop\/produkt\/anderskafka-zkoseny-kryt-rohoveho-saunoveho-svetla-z-thermo-osiky\/\" \/>\n<meta property=\"og:locale\" content=\"cs_CZ\" \/>\n<meta property=\"og:type\" content=\"article\" \/>\n<meta property=\"og:title\" content=\"ANDERS&amp;KAFKA zkosen\u00fd kryt rohov\u00e9ho saunov\u00e9ho sv\u011btla z thermo osiky - Anders &amp; Kafka E-SHOP\" \/>\n<meta property=\"og:description\" content=\"Elegantn\u00ed kryt saunov\u00e9ho osv\u011btlen\u00ed z masivu d\u0159eviny thermo osiky. P\u0159i zakryt\u00ed sv\u011btla dos\u00e1hnete p\u0159\u00edjemn\u00e9ho estetick\u00e9ho \u00fa\u010dinku. Kryt saunov\u00e9ho osv\u011btlen\u00ed nejen\u017ee schov\u00e1\u00a0saunov\u00e9 sv\u00edtidlo, ale nav\u00edc i rozpt\u00fdl\u00ed vyza\u0159ovan\u00e9 sv\u011btlo, co\u017e vytvo\u0159\u00ed p\u0159\u00edjemn\u011bj\u0161\u00ed a intimn\u011bj\u0161\u00ed atmosf\u00e9ru vhodnou pro relaxov\u00e1n\u00ed. Vyrobeno spole\u010dnost\u00ed Anders&amp;Kafka, tradi\u010dn\u00edmi \u0159emesln\u00fdmi postupy v \u010cesk\u00e9 republice, profesion\u00e1ln\u011b a kvalitn\u011b zpracov\u00e1no v ka\u017ed\u00e9m detailu.\" \/>\n<meta property=\"og:url\" content=\"https:\/\/anderskafka.cz\/eshop\/produkt\/anderskafka-zkoseny-kryt-rohoveho-saunoveho-svetla-z-thermo-osiky\/\" \/>\n<meta property=\"og:site_name\" content=\"Anders &amp; Kafka E-SHOP\" \/>\n<meta property=\"article:modified_time\" content=\"2025-10-24T09:33:01+00:00\" \/>\n<meta property=\"og:image\" content=\"https:\/\/anderskafka.cz\/eshop\/wp-content\/uploads\/sites\/3\/2022\/12\/AK-ZKOSKRYROSVET-TOSIK_H.jpg\" \/>\n\t<meta property=\"og:image:width\" content=\"700\" \/>\n\t<meta property=\"og:image:height\" content=\"700\" \/>\n\t<meta property=\"og:image:type\" content=\"image\/jpeg\" \/>\n<meta name=\"twitter:card\" content=\"summary_large_image\" \/>\n<script type=\"application\/ld+json\" class=\"yoast-schema-graph\">{\"@context\":\"https:\/\/schema.org\",\"@graph\":[{\"@type\":\"WebSite\",\"@id\":\"https:\/\/anderskafka.cz\/eshop\/#website\",\"url\":\"https:\/\/anderskafka.cz\/eshop\/\",\"name\":\"Anders &amp; Kafka E-SHOP\",\"description\":\"Anders &amp; Kafka E-SHOP\",\"potentialAction\":[{\"@type\":\"SearchAction\",\"target\":{\"@type\":\"EntryPoint\",\"urlTemplate\":\"https:\/\/anderskafka.cz\/eshop\/?s={search_term_string}\"},\"query-input\":\"required name=search_term_string\"}],\"inLanguage\":\"cs\"},{\"@type\":\"ImageObject\",\"@id\":\"https:\/\/anderskafka.cz\/eshop\/produkt\/anderskafka-zkoseny-kryt-rohoveho-saunoveho-svetla-z-thermo-osiky\/#primaryimage\",\"inLanguage\":\"cs\",\"url\":\"https:\/\/anderskafka.cz\/eshop\/wp-content\/uploads\/sites\/3\/2022\/12\/AK-ZKOSKRYROSVET-TOSIK_H.jpg\",\"contentUrl\":\"https:\/\/anderskafka.cz\/eshop\/wp-content\/uploads\/sites\/3\/2022\/12\/AK-ZKOSKRYROSVET-TOSIK_H.jpg\",\"width\":700,\"height\":700},{\"@type\":\"WebPage\",\"@id\":\"https:\/\/anderskafka.cz\/eshop\/produkt\/anderskafka-zkoseny-kryt-rohoveho-saunoveho-svetla-z-thermo-osiky\/#webpage\",\"url\":\"https:\/\/anderskafka.cz\/eshop\/produkt\/anderskafka-zkoseny-kryt-rohoveho-saunoveho-svetla-z-thermo-osiky\/\",\"name\":\"ANDERS&amp;KAFKA zkosen\u00fd kryt rohov\u00e9ho saunov\u00e9ho sv\u011btla z thermo osiky - Anders &amp; Kafka E-SHOP\",\"isPartOf\":{\"@id\":\"https:\/\/anderskafka.cz\/eshop\/#website\"},\"primaryImageOfPage\":{\"@id\":\"https:\/\/anderskafka.cz\/eshop\/produkt\/anderskafka-zkoseny-kryt-rohoveho-saunoveho-svetla-z-thermo-osiky\/#primaryimage\"},\"datePublished\":\"2022-12-18T21:33:59+00:00\",\"dateModified\":\"2025-10-24T09:33:01+00:00\",\"description\":\"Elegantn\u00ed kryt saunov\u00e9ho osv\u011btlen\u00ed z masivu d\u0159eviny thermo osiky. P\u0159i zakryt\u00ed sv\u011btla dos\u00e1hnete p\u0159\u00edjemn\u00e9ho estetick\u00e9ho \u00fa\u010dinku. Kryt saunov\u00e9ho osv\u011btlen\u00ed nejen\u017ee schov\u00e1\u00a0saunov\u00e9 sv\u00edtidlo, ale nav\u00edc i rozpt\u00fdl\u00ed vyza\u0159ovan\u00e9 sv\u011btlo, co\u017e vytvo\u0159\u00ed p\u0159\u00edjemn\u011bj\u0161\u00ed a intimn\u011bj\u0161\u00ed atmosf\u00e9ru vhodnou pro relaxov\u00e1n\u00ed. Vyrobeno spole\u010dnost\u00ed Anders&amp;Kafka, tradi\u010dn\u00edmi \u0159emesln\u00fdmi postupy v \u010cesk\u00e9 republice, profesion\u00e1ln\u011b a kvalitn\u011b zpracov\u00e1no v ka\u017ed\u00e9m detailu.\",\"breadcrumb\":{\"@id\":\"https:\/\/anderskafka.cz\/eshop\/produkt\/anderskafka-zkoseny-kryt-rohoveho-saunoveho-svetla-z-thermo-osiky\/#breadcrumb\"},\"inLanguage\":\"cs\",\"potentialAction\":[{\"@type\":\"ReadAction\",\"target\":[\"https:\/\/anderskafka.cz\/eshop\/produkt\/anderskafka-zkoseny-kryt-rohoveho-saunoveho-svetla-z-thermo-osiky\/\"]}]},{\"@type\":\"BreadcrumbList\",\"@id\":\"https:\/\/anderskafka.cz\/eshop\/produkt\/anderskafka-zkoseny-kryt-rohoveho-saunoveho-svetla-z-thermo-osiky\/#breadcrumb\",\"itemListElement\":[{\"@type\":\"ListItem\",\"position\":1,\"name\":\"Obchod\",\"item\":\"https:\/\/anderskafka.cz\/eshop\/obchod\/\"},{\"@type\":\"ListItem\",\"position\":2,\"name\":\"ANDERS&amp;KAFKA zkosen\u00fd kryt rohov\u00e9ho saunov\u00e9ho sv\u011btla z thermo osiky\"}]}]}<\/script>\n<!-- \/ Yoast SEO plugin. -->","yoast_head_json":{"title":"ANDERS&amp;KAFKA zkosen\u00fd kryt rohov\u00e9ho saunov\u00e9ho sv\u011btla z thermo osiky - Anders &amp; Kafka E-SHOP","description":"Elegantn\u00ed kryt saunov\u00e9ho osv\u011btlen\u00ed z masivu d\u0159eviny thermo osiky. P\u0159i zakryt\u00ed sv\u011btla dos\u00e1hnete p\u0159\u00edjemn\u00e9ho estetick\u00e9ho \u00fa\u010dinku. Kryt saunov\u00e9ho osv\u011btlen\u00ed nejen\u017ee schov\u00e1\u00a0saunov\u00e9 sv\u00edtidlo, ale nav\u00edc i rozpt\u00fdl\u00ed vyza\u0159ovan\u00e9 sv\u011btlo, co\u017e vytvo\u0159\u00ed p\u0159\u00edjemn\u011bj\u0161\u00ed a intimn\u011bj\u0161\u00ed atmosf\u00e9ru vhodnou pro relaxov\u00e1n\u00ed. Vyrobeno spole\u010dnost\u00ed Anders&amp;Kafka, tradi\u010dn\u00edmi \u0159emesln\u00fdmi postupy v \u010cesk\u00e9 republice, profesion\u00e1ln\u011b a kvalitn\u011b zpracov\u00e1no v ka\u017ed\u00e9m detailu.","robots":{"index":"index","follow":"follow","max-snippet":"max-snippet:-1","max-image-preview":"max-image-preview:large","max-video-preview":"max-video-preview:-1"},"canonical":"https:\/\/anderskafka.cz\/eshop\/produkt\/anderskafka-zkoseny-kryt-rohoveho-saunoveho-svetla-z-thermo-osiky\/","og_locale":"cs_CZ","og_type":"article","og_title":"ANDERS&amp;KAFKA zkosen\u00fd kryt rohov\u00e9ho saunov\u00e9ho sv\u011btla z thermo osiky - Anders &amp; Kafka E-SHOP","og_description":"Elegantn\u00ed kryt saunov\u00e9ho osv\u011btlen\u00ed z masivu d\u0159eviny thermo osiky. P\u0159i zakryt\u00ed sv\u011btla dos\u00e1hnete p\u0159\u00edjemn\u00e9ho estetick\u00e9ho \u00fa\u010dinku. Kryt saunov\u00e9ho osv\u011btlen\u00ed nejen\u017ee schov\u00e1\u00a0saunov\u00e9 sv\u00edtidlo, ale nav\u00edc i rozpt\u00fdl\u00ed vyza\u0159ovan\u00e9 sv\u011btlo, co\u017e vytvo\u0159\u00ed p\u0159\u00edjemn\u011bj\u0161\u00ed a intimn\u011bj\u0161\u00ed atmosf\u00e9ru vhodnou pro relaxov\u00e1n\u00ed. Vyrobeno spole\u010dnost\u00ed Anders&amp;Kafka, tradi\u010dn\u00edmi \u0159emesln\u00fdmi postupy v \u010cesk\u00e9 republice, profesion\u00e1ln\u011b a kvalitn\u011b zpracov\u00e1no v ka\u017ed\u00e9m detailu.","og_url":"https:\/\/anderskafka.cz\/eshop\/produkt\/anderskafka-zkoseny-kryt-rohoveho-saunoveho-svetla-z-thermo-osiky\/","og_site_name":"Anders &amp; Kafka E-SHOP","article_modified_time":"2025-10-24T09:33:01+00:00","og_image":[{"width":700,"height":700,"url":"https:\/\/anderskafka.cz\/eshop\/wp-content\/uploads\/sites\/3\/2022\/12\/AK-ZKOSKRYROSVET-TOSIK_H.jpg","type":"image\/jpeg"}],"twitter_card":"summary_large_image","schema":{"@context":"https:\/\/schema.org","@graph":[{"@type":"WebSite","@id":"https:\/\/anderskafka.cz\/eshop\/#website","url":"https:\/\/anderskafka.cz\/eshop\/","name":"Anders &amp; Kafka E-SHOP","description":"Anders &amp; Kafka E-SHOP","potentialAction":[{"@type":"SearchAction","target":{"@type":"EntryPoint","urlTemplate":"https:\/\/anderskafka.cz\/eshop\/?s={search_term_string}"},"query-input":"required name=search_term_string"}],"inLanguage":"cs"},{"@type":"ImageObject","@id":"https:\/\/anderskafka.cz\/eshop\/produkt\/anderskafka-zkoseny-kryt-rohoveho-saunoveho-svetla-z-thermo-osiky\/#primaryimage","inLanguage":"cs","url":"https:\/\/anderskafka.cz\/eshop\/wp-content\/uploads\/sites\/3\/2022\/12\/AK-ZKOSKRYROSVET-TOSIK_H.jpg","contentUrl":"https:\/\/anderskafka.cz\/eshop\/wp-content\/uploads\/sites\/3\/2022\/12\/AK-ZKOSKRYROSVET-TOSIK_H.jpg","width":700,"height":700},{"@type":"WebPage","@id":"https:\/\/anderskafka.cz\/eshop\/produkt\/anderskafka-zkoseny-kryt-rohoveho-saunoveho-svetla-z-thermo-osiky\/#webpage","url":"https:\/\/anderskafka.cz\/eshop\/produkt\/anderskafka-zkoseny-kryt-rohoveho-saunoveho-svetla-z-thermo-osiky\/","name":"ANDERS&amp;KAFKA zkosen\u00fd kryt rohov\u00e9ho saunov\u00e9ho sv\u011btla z thermo osiky - Anders &amp; Kafka E-SHOP","isPartOf":{"@id":"https:\/\/anderskafka.cz\/eshop\/#website"},"primaryImageOfPage":{"@id":"https:\/\/anderskafka.cz\/eshop\/produkt\/anderskafka-zkoseny-kryt-rohoveho-saunoveho-svetla-z-thermo-osiky\/#primaryimage"},"datePublished":"2022-12-18T21:33:59+00:00","dateModified":"2025-10-24T09:33:01+00:00","description":"Elegantn\u00ed kryt saunov\u00e9ho osv\u011btlen\u00ed z masivu d\u0159eviny thermo osiky. P\u0159i zakryt\u00ed sv\u011btla dos\u00e1hnete p\u0159\u00edjemn\u00e9ho estetick\u00e9ho \u00fa\u010dinku. Kryt saunov\u00e9ho osv\u011btlen\u00ed nejen\u017ee schov\u00e1\u00a0saunov\u00e9 sv\u00edtidlo, ale nav\u00edc i rozpt\u00fdl\u00ed vyza\u0159ovan\u00e9 sv\u011btlo, co\u017e vytvo\u0159\u00ed p\u0159\u00edjemn\u011bj\u0161\u00ed a intimn\u011bj\u0161\u00ed atmosf\u00e9ru vhodnou pro relaxov\u00e1n\u00ed. Vyrobeno spole\u010dnost\u00ed Anders&amp;Kafka, tradi\u010dn\u00edmi \u0159emesln\u00fdmi postupy v \u010cesk\u00e9 republice, profesion\u00e1ln\u011b a kvalitn\u011b zpracov\u00e1no v ka\u017ed\u00e9m detailu.","breadcrumb":{"@id":"https:\/\/anderskafka.cz\/eshop\/produkt\/anderskafka-zkoseny-kryt-rohoveho-saunoveho-svetla-z-thermo-osiky\/#breadcrumb"},"inLanguage":"cs","potentialAction":[{"@type":"ReadAction","target":["https:\/\/anderskafka.cz\/eshop\/produkt\/anderskafka-zkoseny-kryt-rohoveho-saunoveho-svetla-z-thermo-osiky\/"]}]},{"@type":"BreadcrumbList","@id":"https:\/\/anderskafka.cz\/eshop\/produkt\/anderskafka-zkoseny-kryt-rohoveho-saunoveho-svetla-z-thermo-osiky\/#breadcrumb","itemListElement":[{"@type":"ListItem","position":1,"name":"Obchod","item":"https:\/\/anderskafka.cz\/eshop\/obchod\/"},{"@type":"ListItem","position":2,"name":"ANDERS&amp;KAFKA zkosen\u00fd kryt rohov\u00e9ho saunov\u00e9ho sv\u011btla z thermo osiky"}]}]}},"locations":[],"_links":{"self":[{"href":"https:\/\/anderskafka.cz\/eshop\/wp-json\/wp\/v2\/product\/1417"}],"collection":[{"href":"https:\/\/anderskafka.cz\/eshop\/wp-json\/wp\/v2\/product"}],"about":[{"href":"https:\/\/anderskafka.cz\/eshop\/wp-json\/wp\/v2\/types\/product"}],"replies":[{"embeddable":true,"href":"https:\/\/anderskafka.cz\/eshop\/wp-json\/wp\/v2\/comments?post=1417"}],"wp:featuredmedia":[{"embeddable":true,"href":"https:\/\/anderskafka.cz\/eshop\/wp-json\/wp\/v2\/media\/1313"}],"wp:attachment":[{"href":"https:\/\/anderskafka.cz\/eshop\/wp-json\/wp\/v2\/media?parent=1417"}],"wp:term":[{"taxonomy":"location","embeddable":true,"href":"https:\/\/anderskafka.cz\/eshop\/wp-json\/wp\/v2\/location?post=1417"},{"taxonomy":"product_cat","embeddable":true,"href":"https:\/\/anderskafka.cz\/eshop\/wp-json\/wp\/v2\/product_cat?post=1417"},{"taxonomy":"product_tag","embeddable":true,"href":"https:\/\/anderskafka.cz\/eshop\/wp-json\/wp\/v2\/product_tag?post=1417"}],"curies":[{"name":"wp","href":"https:\/\/api.w.org\/{rel}","templated":true}]}}