{"id":1426,"date":"2022-12-18T22:34:11","date_gmt":"2022-12-18T21:34:11","guid":{"rendered":"https:\/\/anderskafka.cz\/eshop\/?post_type=product&#038;p=1426"},"modified":"2026-03-12T09:47:37","modified_gmt":"2026-03-12T08:47:37","slug":"ensto-saunove-svitidlo-pro-anderskafka-kryty-saunoveho-svetla","status":"publish","type":"product","link":"https:\/\/anderskafka.cz\/eshop\/produkt\/ensto-saunove-svitidlo-pro-anderskafka-kryty-saunoveho-svetla\/","title":{"rendered":"ENSTO saunov\u00e9 sv\u00edtidlo pro ANDERS&#038;KAFKA kryty saunov\u00e9ho sv\u011btla"},"content":{"rendered":"<p>Tato sv\u00edtidla jsou navr\u017eena speci\u00e1ln\u011b do sauny. T\u011bleso sv\u00edtidla je vyrobeno z tepeln\u011b odoln\u00e9ho technick\u00e9ho plastu, difuz\u00e9r je sklen\u011bn\u00fd. Sv\u00edtidla je mo\u017en\u00e9 instalovat pouze na st\u011bnu, v saun\u011b \u010din\u00ed minim\u00e1ln\u00ed vzd\u00e1lenost od stropu 100 mm. Typ saunov\u00e9 sv\u00edtidla AVH15.<br \/>\nUr\u010deno pro \u017e\u00e1rovku 1xC35\u00a030W\/E14. \u017d\u00e1rovka nen\u00ed sou\u010d\u00e1st\u00ed sv\u00edtidla.<\/p>\n","protected":false},"excerpt":{"rendered":"<p>Toto sv\u00edtidlo je navr\u017eeno speci\u00e1ln\u011b do sauny. T\u011bleso sv\u00edtidla je vyrobeno z tepeln\u011b odoln\u00e9ho technick\u00e9ho plastu, difuz\u00e9r je sklen\u011bn\u00fd. Sv\u00edtidla je mo\u017en\u00e9 instalovat pouze na st\u011bnu, v saun\u011b \u010din\u00ed minim\u00e1ln\u00ed vzd\u00e1lenost od stropu 100 mm. Ur\u010deno pro \u017e\u00e1rovky 30W\/E14.<br \/>\nNavr\u017eeno ve Finsku, vyrobeno v Estonsku specialistou na saunov\u00e9 sv\u011btla spole\u010dnost\u00ed ENSTO.<\/p>\n","protected":false},"featured_media":1319,"comment_status":"open","ping_status":"closed","template":"","meta":{"site-sidebar-layout":"default","site-content-layout":"default","ast-main-header-display":"","ast-hfb-above-header-display":"","ast-hfb-below-header-display":"","ast-hfb-mobile-header-display":"","site-post-title":"","ast-breadcrumbs-content":"","ast-featured-img":"","footer-sml-layout":"","theme-transparent-header-meta":"","adv-header-id-meta":"","stick-header-meta":"","header-above-stick-meta":"","header-main-stick-meta":"","header-below-stick-meta":""},"location":[],"product_cat":[381],"product_tag":[503],"yoast_head":"<!-- This site is optimized with the Yoast SEO plugin v18.5.1 - https:\/\/yoast.com\/wordpress\/plugins\/seo\/ -->\n<title>ENSTO saunov\u00e9 sv\u00edtidlo pro ANDERS&amp;KAFKA kryty saunov\u00e9ho sv\u011btla - Anders &amp; Kafka E-SHOP<\/title>\n<meta name=\"description\" content=\"Toto sv\u00edtidlo je navr\u017eeno speci\u00e1ln\u011b do sauny. T\u011bleso sv\u00edtidla je vyrobeno z tepeln\u011b odoln\u00e9ho technick\u00e9ho plastu, difuz\u00e9r je sklen\u011bn\u00fd. Sv\u00edtidla je mo\u017en\u00e9 instalovat pouze na st\u011bnu, v saun\u011b \u010din\u00ed minim\u00e1ln\u00ed vzd\u00e1lenost od stropu 100 mm. Ur\u010deno pro \u017e\u00e1rovky 30W\/E14. Navr\u017eeno ve Finsku, vyrobeno v Estonsku specialistou na saunov\u00e9 sv\u011btla spole\u010dnost\u00ed ENSTO.\" \/>\n<meta name=\"robots\" content=\"index, follow, max-snippet:-1, max-image-preview:large, max-video-preview:-1\" \/>\n<link rel=\"canonical\" href=\"https:\/\/anderskafka.cz\/eshop\/produkt\/ensto-saunove-svitidlo-pro-anderskafka-kryty-saunoveho-svetla\/\" \/>\n<meta property=\"og:locale\" content=\"cs_CZ\" \/>\n<meta property=\"og:type\" content=\"article\" \/>\n<meta property=\"og:title\" content=\"ENSTO saunov\u00e9 sv\u00edtidlo pro ANDERS&amp;KAFKA kryty saunov\u00e9ho sv\u011btla - Anders &amp; Kafka E-SHOP\" \/>\n<meta property=\"og:description\" content=\"Toto sv\u00edtidlo je navr\u017eeno speci\u00e1ln\u011b do sauny. T\u011bleso sv\u00edtidla je vyrobeno z tepeln\u011b odoln\u00e9ho technick\u00e9ho plastu, difuz\u00e9r je sklen\u011bn\u00fd. Sv\u00edtidla je mo\u017en\u00e9 instalovat pouze na st\u011bnu, v saun\u011b \u010din\u00ed minim\u00e1ln\u00ed vzd\u00e1lenost od stropu 100 mm. Ur\u010deno pro \u017e\u00e1rovky 30W\/E14. Navr\u017eeno ve Finsku, vyrobeno v Estonsku specialistou na saunov\u00e9 sv\u011btla spole\u010dnost\u00ed ENSTO.\" \/>\n<meta property=\"og:url\" content=\"https:\/\/anderskafka.cz\/eshop\/produkt\/ensto-saunove-svitidlo-pro-anderskafka-kryty-saunoveho-svetla\/\" \/>\n<meta property=\"og:site_name\" content=\"Anders &amp; Kafka E-SHOP\" \/>\n<meta property=\"article:modified_time\" content=\"2026-03-12T08:47:37+00:00\" \/>\n<meta property=\"og:image\" content=\"https:\/\/anderskafka.cz\/eshop\/wp-content\/uploads\/sites\/3\/2022\/12\/ENST-SAUSVETproAKkryt-CIRE_H.jpg\" \/>\n\t<meta property=\"og:image:width\" content=\"700\" \/>\n\t<meta property=\"og:image:height\" content=\"700\" \/>\n\t<meta property=\"og:image:type\" content=\"image\/jpeg\" \/>\n<meta name=\"twitter:card\" content=\"summary_large_image\" \/>\n<script type=\"application\/ld+json\" class=\"yoast-schema-graph\">{\"@context\":\"https:\/\/schema.org\",\"@graph\":[{\"@type\":\"WebSite\",\"@id\":\"https:\/\/anderskafka.cz\/eshop\/#website\",\"url\":\"https:\/\/anderskafka.cz\/eshop\/\",\"name\":\"Anders &amp; Kafka E-SHOP\",\"description\":\"Anders &amp; Kafka E-SHOP\",\"potentialAction\":[{\"@type\":\"SearchAction\",\"target\":{\"@type\":\"EntryPoint\",\"urlTemplate\":\"https:\/\/anderskafka.cz\/eshop\/?s={search_term_string}\"},\"query-input\":\"required name=search_term_string\"}],\"inLanguage\":\"cs\"},{\"@type\":\"ImageObject\",\"@id\":\"https:\/\/anderskafka.cz\/eshop\/produkt\/ensto-saunove-svitidlo-pro-anderskafka-kryty-saunoveho-svetla\/#primaryimage\",\"inLanguage\":\"cs\",\"url\":\"https:\/\/anderskafka.cz\/eshop\/wp-content\/uploads\/sites\/3\/2022\/12\/ENST-SAUSVETproAKkryt-CIRE_H.jpg\",\"contentUrl\":\"https:\/\/anderskafka.cz\/eshop\/wp-content\/uploads\/sites\/3\/2022\/12\/ENST-SAUSVETproAKkryt-CIRE_H.jpg\",\"width\":700,\"height\":700},{\"@type\":\"WebPage\",\"@id\":\"https:\/\/anderskafka.cz\/eshop\/produkt\/ensto-saunove-svitidlo-pro-anderskafka-kryty-saunoveho-svetla\/#webpage\",\"url\":\"https:\/\/anderskafka.cz\/eshop\/produkt\/ensto-saunove-svitidlo-pro-anderskafka-kryty-saunoveho-svetla\/\",\"name\":\"ENSTO saunov\u00e9 sv\u00edtidlo pro ANDERS&KAFKA kryty saunov\u00e9ho sv\u011btla - Anders &amp; Kafka E-SHOP\",\"isPartOf\":{\"@id\":\"https:\/\/anderskafka.cz\/eshop\/#website\"},\"primaryImageOfPage\":{\"@id\":\"https:\/\/anderskafka.cz\/eshop\/produkt\/ensto-saunove-svitidlo-pro-anderskafka-kryty-saunoveho-svetla\/#primaryimage\"},\"datePublished\":\"2022-12-18T21:34:11+00:00\",\"dateModified\":\"2026-03-12T08:47:37+00:00\",\"description\":\"Toto sv\u00edtidlo je navr\u017eeno speci\u00e1ln\u011b do sauny. T\u011bleso sv\u00edtidla je vyrobeno z tepeln\u011b odoln\u00e9ho technick\u00e9ho plastu, difuz\u00e9r je sklen\u011bn\u00fd. Sv\u00edtidla je mo\u017en\u00e9 instalovat pouze na st\u011bnu, v saun\u011b \u010din\u00ed minim\u00e1ln\u00ed vzd\u00e1lenost od stropu 100 mm. Ur\u010deno pro \u017e\u00e1rovky 30W\/E14. Navr\u017eeno ve Finsku, vyrobeno v Estonsku specialistou na saunov\u00e9 sv\u011btla spole\u010dnost\u00ed ENSTO.\",\"breadcrumb\":{\"@id\":\"https:\/\/anderskafka.cz\/eshop\/produkt\/ensto-saunove-svitidlo-pro-anderskafka-kryty-saunoveho-svetla\/#breadcrumb\"},\"inLanguage\":\"cs\",\"potentialAction\":[{\"@type\":\"ReadAction\",\"target\":[\"https:\/\/anderskafka.cz\/eshop\/produkt\/ensto-saunove-svitidlo-pro-anderskafka-kryty-saunoveho-svetla\/\"]}]},{\"@type\":\"BreadcrumbList\",\"@id\":\"https:\/\/anderskafka.cz\/eshop\/produkt\/ensto-saunove-svitidlo-pro-anderskafka-kryty-saunoveho-svetla\/#breadcrumb\",\"itemListElement\":[{\"@type\":\"ListItem\",\"position\":1,\"name\":\"Obchod\",\"item\":\"https:\/\/anderskafka.cz\/eshop\/obchod\/\"},{\"@type\":\"ListItem\",\"position\":2,\"name\":\"ENSTO saunov\u00e9 sv\u00edtidlo pro ANDERS&#038;KAFKA kryty saunov\u00e9ho sv\u011btla\"}]}]}<\/script>\n<!-- \/ Yoast SEO plugin. -->","yoast_head_json":{"title":"ENSTO saunov\u00e9 sv\u00edtidlo pro ANDERS&KAFKA kryty saunov\u00e9ho sv\u011btla - Anders &amp; Kafka E-SHOP","description":"Toto sv\u00edtidlo je navr\u017eeno speci\u00e1ln\u011b do sauny. T\u011bleso sv\u00edtidla je vyrobeno z tepeln\u011b odoln\u00e9ho technick\u00e9ho plastu, difuz\u00e9r je sklen\u011bn\u00fd. Sv\u00edtidla je mo\u017en\u00e9 instalovat pouze na st\u011bnu, v saun\u011b \u010din\u00ed minim\u00e1ln\u00ed vzd\u00e1lenost od stropu 100 mm. Ur\u010deno pro \u017e\u00e1rovky 30W\/E14. Navr\u017eeno ve Finsku, vyrobeno v Estonsku specialistou na saunov\u00e9 sv\u011btla spole\u010dnost\u00ed ENSTO.","robots":{"index":"index","follow":"follow","max-snippet":"max-snippet:-1","max-image-preview":"max-image-preview:large","max-video-preview":"max-video-preview:-1"},"canonical":"https:\/\/anderskafka.cz\/eshop\/produkt\/ensto-saunove-svitidlo-pro-anderskafka-kryty-saunoveho-svetla\/","og_locale":"cs_CZ","og_type":"article","og_title":"ENSTO saunov\u00e9 sv\u00edtidlo pro ANDERS&KAFKA kryty saunov\u00e9ho sv\u011btla - Anders &amp; Kafka E-SHOP","og_description":"Toto sv\u00edtidlo je navr\u017eeno speci\u00e1ln\u011b do sauny. T\u011bleso sv\u00edtidla je vyrobeno z tepeln\u011b odoln\u00e9ho technick\u00e9ho plastu, difuz\u00e9r je sklen\u011bn\u00fd. Sv\u00edtidla je mo\u017en\u00e9 instalovat pouze na st\u011bnu, v saun\u011b \u010din\u00ed minim\u00e1ln\u00ed vzd\u00e1lenost od stropu 100 mm. Ur\u010deno pro \u017e\u00e1rovky 30W\/E14. Navr\u017eeno ve Finsku, vyrobeno v Estonsku specialistou na saunov\u00e9 sv\u011btla spole\u010dnost\u00ed ENSTO.","og_url":"https:\/\/anderskafka.cz\/eshop\/produkt\/ensto-saunove-svitidlo-pro-anderskafka-kryty-saunoveho-svetla\/","og_site_name":"Anders &amp; Kafka E-SHOP","article_modified_time":"2026-03-12T08:47:37+00:00","og_image":[{"width":700,"height":700,"url":"https:\/\/anderskafka.cz\/eshop\/wp-content\/uploads\/sites\/3\/2022\/12\/ENST-SAUSVETproAKkryt-CIRE_H.jpg","type":"image\/jpeg"}],"twitter_card":"summary_large_image","schema":{"@context":"https:\/\/schema.org","@graph":[{"@type":"WebSite","@id":"https:\/\/anderskafka.cz\/eshop\/#website","url":"https:\/\/anderskafka.cz\/eshop\/","name":"Anders &amp; Kafka E-SHOP","description":"Anders &amp; Kafka E-SHOP","potentialAction":[{"@type":"SearchAction","target":{"@type":"EntryPoint","urlTemplate":"https:\/\/anderskafka.cz\/eshop\/?s={search_term_string}"},"query-input":"required name=search_term_string"}],"inLanguage":"cs"},{"@type":"ImageObject","@id":"https:\/\/anderskafka.cz\/eshop\/produkt\/ensto-saunove-svitidlo-pro-anderskafka-kryty-saunoveho-svetla\/#primaryimage","inLanguage":"cs","url":"https:\/\/anderskafka.cz\/eshop\/wp-content\/uploads\/sites\/3\/2022\/12\/ENST-SAUSVETproAKkryt-CIRE_H.jpg","contentUrl":"https:\/\/anderskafka.cz\/eshop\/wp-content\/uploads\/sites\/3\/2022\/12\/ENST-SAUSVETproAKkryt-CIRE_H.jpg","width":700,"height":700},{"@type":"WebPage","@id":"https:\/\/anderskafka.cz\/eshop\/produkt\/ensto-saunove-svitidlo-pro-anderskafka-kryty-saunoveho-svetla\/#webpage","url":"https:\/\/anderskafka.cz\/eshop\/produkt\/ensto-saunove-svitidlo-pro-anderskafka-kryty-saunoveho-svetla\/","name":"ENSTO saunov\u00e9 sv\u00edtidlo pro ANDERS&KAFKA kryty saunov\u00e9ho sv\u011btla - Anders &amp; Kafka E-SHOP","isPartOf":{"@id":"https:\/\/anderskafka.cz\/eshop\/#website"},"primaryImageOfPage":{"@id":"https:\/\/anderskafka.cz\/eshop\/produkt\/ensto-saunove-svitidlo-pro-anderskafka-kryty-saunoveho-svetla\/#primaryimage"},"datePublished":"2022-12-18T21:34:11+00:00","dateModified":"2026-03-12T08:47:37+00:00","description":"Toto sv\u00edtidlo je navr\u017eeno speci\u00e1ln\u011b do sauny. T\u011bleso sv\u00edtidla je vyrobeno z tepeln\u011b odoln\u00e9ho technick\u00e9ho plastu, difuz\u00e9r je sklen\u011bn\u00fd. Sv\u00edtidla je mo\u017en\u00e9 instalovat pouze na st\u011bnu, v saun\u011b \u010din\u00ed minim\u00e1ln\u00ed vzd\u00e1lenost od stropu 100 mm. Ur\u010deno pro \u017e\u00e1rovky 30W\/E14. Navr\u017eeno ve Finsku, vyrobeno v Estonsku specialistou na saunov\u00e9 sv\u011btla spole\u010dnost\u00ed ENSTO.","breadcrumb":{"@id":"https:\/\/anderskafka.cz\/eshop\/produkt\/ensto-saunove-svitidlo-pro-anderskafka-kryty-saunoveho-svetla\/#breadcrumb"},"inLanguage":"cs","potentialAction":[{"@type":"ReadAction","target":["https:\/\/anderskafka.cz\/eshop\/produkt\/ensto-saunove-svitidlo-pro-anderskafka-kryty-saunoveho-svetla\/"]}]},{"@type":"BreadcrumbList","@id":"https:\/\/anderskafka.cz\/eshop\/produkt\/ensto-saunove-svitidlo-pro-anderskafka-kryty-saunoveho-svetla\/#breadcrumb","itemListElement":[{"@type":"ListItem","position":1,"name":"Obchod","item":"https:\/\/anderskafka.cz\/eshop\/obchod\/"},{"@type":"ListItem","position":2,"name":"ENSTO saunov\u00e9 sv\u00edtidlo pro ANDERS&#038;KAFKA kryty saunov\u00e9ho sv\u011btla"}]}]}},"locations":[],"_links":{"self":[{"href":"https:\/\/anderskafka.cz\/eshop\/wp-json\/wp\/v2\/product\/1426"}],"collection":[{"href":"https:\/\/anderskafka.cz\/eshop\/wp-json\/wp\/v2\/product"}],"about":[{"href":"https:\/\/anderskafka.cz\/eshop\/wp-json\/wp\/v2\/types\/product"}],"replies":[{"embeddable":true,"href":"https:\/\/anderskafka.cz\/eshop\/wp-json\/wp\/v2\/comments?post=1426"}],"wp:featuredmedia":[{"embeddable":true,"href":"https:\/\/anderskafka.cz\/eshop\/wp-json\/wp\/v2\/media\/1319"}],"wp:attachment":[{"href":"https:\/\/anderskafka.cz\/eshop\/wp-json\/wp\/v2\/media?parent=1426"}],"wp:term":[{"taxonomy":"location","embeddable":true,"href":"https:\/\/anderskafka.cz\/eshop\/wp-json\/wp\/v2\/location?post=1426"},{"taxonomy":"product_cat","embeddable":true,"href":"https:\/\/anderskafka.cz\/eshop\/wp-json\/wp\/v2\/product_cat?post=1426"},{"taxonomy":"product_tag","embeddable":true,"href":"https:\/\/anderskafka.cz\/eshop\/wp-json\/wp\/v2\/product_tag?post=1426"}],"curies":[{"name":"wp","href":"https:\/\/api.w.org\/{rel}","templated":true}]}}