{"id":1429,"date":"2022-12-18T22:34:15","date_gmt":"2022-12-18T21:34:15","guid":{"rendered":"https:\/\/anderskafka.cz\/eshop\/?post_type=product&#038;p=1429"},"modified":"2025-03-17T12:44:07","modified_gmt":"2025-03-17T11:44:07","slug":"anderskafka-designove-dverni-madlo-hranate-25x25-mm-z-javoru","status":"publish","type":"product","link":"https:\/\/anderskafka.cz\/eshop\/produkt\/anderskafka-designove-dverni-madlo-hranate-25x25-mm-z-javoru\/","title":{"rendered":"ANDERS&amp;KAFKA designov\u00e9 dve\u0159n\u00ed madlo hranat\u00e9 25\u00d725 mm z javoru"},"content":{"rendered":"<p>Designove d\u0159ev\u011bn\u00e9 madlo s jednoduch\u00fdmi p\u0159\u00edm\u00fdmi liniemi a s skv\u011blou ergonomi\u00ed \u00fachopu, pro sklen\u011bn\u00e9 dve\u0159e tlou\u0161ky 8 a\u017e 10 mm, \u0161\u00ed\u0159kou madla 25&#215;25 mm, d\u00e9lkou madla 430 mm, vzd\u00e1lenost\u00ed madla od skla 40 mm a mont\u00e1\u017en\u00ed rozte\u010d\u00ed 200 mm. Vrt\u00e1n\u00ed do skla pr\u016fm\u011br 11mm.<br \/>\nMadlo je vyrobeno z masivn\u00edho d\u0159eva javoru v\u00fdb\u011brov\u00e9 kvality a je ru\u010dn\u011b brou\u0161eno a le\u0161t\u011bno. D\u00edky pou\u017eit\u00fdm materi\u00e1l\u016fm je mo\u017en\u00e9 madlo instalovat ve vnit\u0159n\u00edm prost\u0159ed\u00ed. Madlo je mo\u017eno povrchov\u011b upravit k instalaci ve venkovn\u00edm prost\u0159ed\u00ed.<br \/>\nJednoduch\u00fd syst\u00e9m mont\u00e1\u017ee sesazen\u00edm madel proti sob\u011b a za\u0161roubov\u00e1n\u00edm dvou metrick\u00fdch \u0161roub\u016f pomoc\u00ed imbusu a zaslepen\u00edm otvor\u016f pomoc\u00ed krytek.<br \/>\nSou\u010d\u00e1st\u00ed balen\u00ed jsou 2 ks madel, 2 ks \u0161roub\u016f a 2 ks d\u0159ev\u011bn\u00fdch kytek.<\/p>\n","protected":false},"excerpt":{"rendered":"<p>Designove d\u0159ev\u011bn\u00e9 madlo s jednoduch\u00fdmi p\u0159\u00edm\u00fdmi liniemi a s skv\u011blou ergonomi\u00ed \u00fachopu, pro sklen\u011bn\u00e9 dve\u0159e.<br \/>\nMadlo je vyrobeno z masivn\u00edho d\u0159eva javoru v\u00fdb\u011brov\u00e9 kvality a je ru\u010dn\u011b brou\u0161eno a le\u0161t\u011bno.<br \/>\nVyrobeno spole\u010dnost\u00ed Anders&amp;Kafka, tradi\u010dn\u00edmi \u0159emesln\u00fdmi postupy v \u010cesk\u00e9 republice, profesion\u00e1ln\u011b a kvalitn\u011b zpracov\u00e1no v ka\u017ed\u00e9m detailu.<br \/>\n<img loading=\"lazy\" class=\"size-medium wp-image-1490 aligncenter\" src=\"https:\/\/anderskafka.cz\/eshop\/wp-content\/uploads\/sites\/3\/2022\/12\/madeinCZ2-300x300.jpg\" alt=\"\" width=\"180\" height=\"180\" \/><\/p>\n","protected":false},"featured_media":1346,"comment_status":"open","ping_status":"closed","template":"","meta":{"site-sidebar-layout":"default","site-content-layout":"default","ast-main-header-display":"","ast-hfb-above-header-display":"","ast-hfb-below-header-display":"","ast-hfb-mobile-header-display":"","site-post-title":"","ast-breadcrumbs-content":"","ast-featured-img":"","footer-sml-layout":"","theme-transparent-header-meta":"","adv-header-id-meta":"","stick-header-meta":"","header-above-stick-meta":"","header-main-stick-meta":"","header-below-stick-meta":""},"location":[],"product_cat":[416],"product_tag":[365],"yoast_head":"<!-- This site is optimized with the Yoast SEO plugin v18.5.1 - https:\/\/yoast.com\/wordpress\/plugins\/seo\/ -->\n<title>ANDERS&amp;KAFKA designov\u00e9 dve\u0159n\u00ed madlo hranat\u00e9 25\u00d725 mm z javoru - Anders &amp; Kafka E-SHOP<\/title>\n<meta name=\"description\" content=\"Designove d\u0159ev\u011bn\u00e9 madlo s jednoduch\u00fdmi p\u0159\u00edm\u00fdmi liniemi a s skv\u011blou ergonomi\u00ed \u00fachopu, pro sklen\u011bn\u00e9 dve\u0159e. Madlo je vyrobeno z masivn\u00edho d\u0159eva javoru v\u00fdb\u011brov\u00e9 kvality a je ru\u010dn\u011b brou\u0161eno a le\u0161t\u011bno. Vyrobeno spole\u010dnost\u00ed Anders&amp;Kafka, tradi\u010dn\u00edmi \u0159emesln\u00fdmi postupy v \u010cesk\u00e9 republice, profesion\u00e1ln\u011b a kvalitn\u011b zpracov\u00e1no v ka\u017ed\u00e9m detailu.\" \/>\n<meta name=\"robots\" content=\"index, follow, max-snippet:-1, max-image-preview:large, max-video-preview:-1\" \/>\n<link rel=\"canonical\" href=\"https:\/\/anderskafka.cz\/eshop\/produkt\/anderskafka-designove-dverni-madlo-hranate-25x25-mm-z-javoru\/\" \/>\n<meta property=\"og:locale\" content=\"cs_CZ\" \/>\n<meta property=\"og:type\" content=\"article\" \/>\n<meta property=\"og:title\" content=\"ANDERS&amp;KAFKA designov\u00e9 dve\u0159n\u00ed madlo hranat\u00e9 25\u00d725 mm z javoru - Anders &amp; Kafka E-SHOP\" \/>\n<meta property=\"og:description\" content=\"Designove d\u0159ev\u011bn\u00e9 madlo s jednoduch\u00fdmi p\u0159\u00edm\u00fdmi liniemi a s skv\u011blou ergonomi\u00ed \u00fachopu, pro sklen\u011bn\u00e9 dve\u0159e. Madlo je vyrobeno z masivn\u00edho d\u0159eva javoru v\u00fdb\u011brov\u00e9 kvality a je ru\u010dn\u011b brou\u0161eno a le\u0161t\u011bno. Vyrobeno spole\u010dnost\u00ed Anders&amp;Kafka, tradi\u010dn\u00edmi \u0159emesln\u00fdmi postupy v \u010cesk\u00e9 republice, profesion\u00e1ln\u011b a kvalitn\u011b zpracov\u00e1no v ka\u017ed\u00e9m detailu.\" \/>\n<meta property=\"og:url\" content=\"https:\/\/anderskafka.cz\/eshop\/produkt\/anderskafka-designove-dverni-madlo-hranate-25x25-mm-z-javoru\/\" \/>\n<meta property=\"og:site_name\" content=\"Anders &amp; Kafka E-SHOP\" \/>\n<meta property=\"article:modified_time\" content=\"2025-03-17T11:44:07+00:00\" \/>\n<meta property=\"og:image\" content=\"https:\/\/anderskafka.cz\/eshop\/wp-content\/uploads\/sites\/3\/2022\/12\/AK-DESGDVERNMADLCVER-JAVOR_H.jpg\" \/>\n\t<meta property=\"og:image:width\" content=\"700\" \/>\n\t<meta property=\"og:image:height\" content=\"700\" \/>\n\t<meta property=\"og:image:type\" content=\"image\/jpeg\" \/>\n<meta name=\"twitter:card\" content=\"summary_large_image\" \/>\n<meta name=\"twitter:label1\" content=\"Odhadovan\u00e1 doba \u010dten\u00ed\" \/>\n\t<meta name=\"twitter:data1\" content=\"1 minuta\" \/>\n<script type=\"application\/ld+json\" class=\"yoast-schema-graph\">{\"@context\":\"https:\/\/schema.org\",\"@graph\":[{\"@type\":\"WebSite\",\"@id\":\"https:\/\/anderskafka.cz\/eshop\/#website\",\"url\":\"https:\/\/anderskafka.cz\/eshop\/\",\"name\":\"Anders &amp; Kafka E-SHOP\",\"description\":\"Anders &amp; Kafka E-SHOP\",\"potentialAction\":[{\"@type\":\"SearchAction\",\"target\":{\"@type\":\"EntryPoint\",\"urlTemplate\":\"https:\/\/anderskafka.cz\/eshop\/?s={search_term_string}\"},\"query-input\":\"required name=search_term_string\"}],\"inLanguage\":\"cs\"},{\"@type\":\"ImageObject\",\"@id\":\"https:\/\/anderskafka.cz\/eshop\/produkt\/anderskafka-designove-dverni-madlo-hranate-25x25-mm-z-javoru\/#primaryimage\",\"inLanguage\":\"cs\",\"url\":\"https:\/\/anderskafka.cz\/eshop\/wp-content\/uploads\/sites\/3\/2022\/12\/AK-DESGDVERNMADLCVER-JAVOR_H.jpg\",\"contentUrl\":\"https:\/\/anderskafka.cz\/eshop\/wp-content\/uploads\/sites\/3\/2022\/12\/AK-DESGDVERNMADLCVER-JAVOR_H.jpg\",\"width\":700,\"height\":700},{\"@type\":\"WebPage\",\"@id\":\"https:\/\/anderskafka.cz\/eshop\/produkt\/anderskafka-designove-dverni-madlo-hranate-25x25-mm-z-javoru\/#webpage\",\"url\":\"https:\/\/anderskafka.cz\/eshop\/produkt\/anderskafka-designove-dverni-madlo-hranate-25x25-mm-z-javoru\/\",\"name\":\"ANDERS&amp;KAFKA designov\u00e9 dve\u0159n\u00ed madlo hranat\u00e9 25\u00d725 mm z javoru - Anders &amp; Kafka E-SHOP\",\"isPartOf\":{\"@id\":\"https:\/\/anderskafka.cz\/eshop\/#website\"},\"primaryImageOfPage\":{\"@id\":\"https:\/\/anderskafka.cz\/eshop\/produkt\/anderskafka-designove-dverni-madlo-hranate-25x25-mm-z-javoru\/#primaryimage\"},\"datePublished\":\"2022-12-18T21:34:15+00:00\",\"dateModified\":\"2025-03-17T11:44:07+00:00\",\"description\":\"Designove d\u0159ev\u011bn\u00e9 madlo s jednoduch\u00fdmi p\u0159\u00edm\u00fdmi liniemi a s skv\u011blou ergonomi\u00ed \u00fachopu, pro sklen\u011bn\u00e9 dve\u0159e. Madlo je vyrobeno z masivn\u00edho d\u0159eva javoru v\u00fdb\u011brov\u00e9 kvality a je ru\u010dn\u011b brou\u0161eno a le\u0161t\u011bno. Vyrobeno spole\u010dnost\u00ed Anders&amp;Kafka, tradi\u010dn\u00edmi \u0159emesln\u00fdmi postupy v \u010cesk\u00e9 republice, profesion\u00e1ln\u011b a kvalitn\u011b zpracov\u00e1no v ka\u017ed\u00e9m detailu.\",\"breadcrumb\":{\"@id\":\"https:\/\/anderskafka.cz\/eshop\/produkt\/anderskafka-designove-dverni-madlo-hranate-25x25-mm-z-javoru\/#breadcrumb\"},\"inLanguage\":\"cs\",\"potentialAction\":[{\"@type\":\"ReadAction\",\"target\":[\"https:\/\/anderskafka.cz\/eshop\/produkt\/anderskafka-designove-dverni-madlo-hranate-25x25-mm-z-javoru\/\"]}]},{\"@type\":\"BreadcrumbList\",\"@id\":\"https:\/\/anderskafka.cz\/eshop\/produkt\/anderskafka-designove-dverni-madlo-hranate-25x25-mm-z-javoru\/#breadcrumb\",\"itemListElement\":[{\"@type\":\"ListItem\",\"position\":1,\"name\":\"Obchod\",\"item\":\"https:\/\/anderskafka.cz\/eshop\/obchod\/\"},{\"@type\":\"ListItem\",\"position\":2,\"name\":\"ANDERS&amp;KAFKA designov\u00e9 dve\u0159n\u00ed madlo hranat\u00e9 25\u00d725 mm z javoru\"}]}]}<\/script>\n<!-- \/ Yoast SEO plugin. -->","yoast_head_json":{"title":"ANDERS&amp;KAFKA designov\u00e9 dve\u0159n\u00ed madlo hranat\u00e9 25\u00d725 mm z javoru - Anders &amp; Kafka E-SHOP","description":"Designove d\u0159ev\u011bn\u00e9 madlo s jednoduch\u00fdmi p\u0159\u00edm\u00fdmi liniemi a s skv\u011blou ergonomi\u00ed \u00fachopu, pro sklen\u011bn\u00e9 dve\u0159e. Madlo je vyrobeno z masivn\u00edho d\u0159eva javoru v\u00fdb\u011brov\u00e9 kvality a je ru\u010dn\u011b brou\u0161eno a le\u0161t\u011bno. Vyrobeno spole\u010dnost\u00ed Anders&amp;Kafka, tradi\u010dn\u00edmi \u0159emesln\u00fdmi postupy v \u010cesk\u00e9 republice, profesion\u00e1ln\u011b a kvalitn\u011b zpracov\u00e1no v ka\u017ed\u00e9m detailu.","robots":{"index":"index","follow":"follow","max-snippet":"max-snippet:-1","max-image-preview":"max-image-preview:large","max-video-preview":"max-video-preview:-1"},"canonical":"https:\/\/anderskafka.cz\/eshop\/produkt\/anderskafka-designove-dverni-madlo-hranate-25x25-mm-z-javoru\/","og_locale":"cs_CZ","og_type":"article","og_title":"ANDERS&amp;KAFKA designov\u00e9 dve\u0159n\u00ed madlo hranat\u00e9 25\u00d725 mm z javoru - Anders &amp; Kafka E-SHOP","og_description":"Designove d\u0159ev\u011bn\u00e9 madlo s jednoduch\u00fdmi p\u0159\u00edm\u00fdmi liniemi a s skv\u011blou ergonomi\u00ed \u00fachopu, pro sklen\u011bn\u00e9 dve\u0159e. Madlo je vyrobeno z masivn\u00edho d\u0159eva javoru v\u00fdb\u011brov\u00e9 kvality a je ru\u010dn\u011b brou\u0161eno a le\u0161t\u011bno. Vyrobeno spole\u010dnost\u00ed Anders&amp;Kafka, tradi\u010dn\u00edmi \u0159emesln\u00fdmi postupy v \u010cesk\u00e9 republice, profesion\u00e1ln\u011b a kvalitn\u011b zpracov\u00e1no v ka\u017ed\u00e9m detailu.","og_url":"https:\/\/anderskafka.cz\/eshop\/produkt\/anderskafka-designove-dverni-madlo-hranate-25x25-mm-z-javoru\/","og_site_name":"Anders &amp; Kafka E-SHOP","article_modified_time":"2025-03-17T11:44:07+00:00","og_image":[{"width":700,"height":700,"url":"https:\/\/anderskafka.cz\/eshop\/wp-content\/uploads\/sites\/3\/2022\/12\/AK-DESGDVERNMADLCVER-JAVOR_H.jpg","type":"image\/jpeg"}],"twitter_card":"summary_large_image","twitter_misc":{"Odhadovan\u00e1 doba \u010dten\u00ed":"1 minuta"},"schema":{"@context":"https:\/\/schema.org","@graph":[{"@type":"WebSite","@id":"https:\/\/anderskafka.cz\/eshop\/#website","url":"https:\/\/anderskafka.cz\/eshop\/","name":"Anders &amp; Kafka E-SHOP","description":"Anders &amp; Kafka E-SHOP","potentialAction":[{"@type":"SearchAction","target":{"@type":"EntryPoint","urlTemplate":"https:\/\/anderskafka.cz\/eshop\/?s={search_term_string}"},"query-input":"required name=search_term_string"}],"inLanguage":"cs"},{"@type":"ImageObject","@id":"https:\/\/anderskafka.cz\/eshop\/produkt\/anderskafka-designove-dverni-madlo-hranate-25x25-mm-z-javoru\/#primaryimage","inLanguage":"cs","url":"https:\/\/anderskafka.cz\/eshop\/wp-content\/uploads\/sites\/3\/2022\/12\/AK-DESGDVERNMADLCVER-JAVOR_H.jpg","contentUrl":"https:\/\/anderskafka.cz\/eshop\/wp-content\/uploads\/sites\/3\/2022\/12\/AK-DESGDVERNMADLCVER-JAVOR_H.jpg","width":700,"height":700},{"@type":"WebPage","@id":"https:\/\/anderskafka.cz\/eshop\/produkt\/anderskafka-designove-dverni-madlo-hranate-25x25-mm-z-javoru\/#webpage","url":"https:\/\/anderskafka.cz\/eshop\/produkt\/anderskafka-designove-dverni-madlo-hranate-25x25-mm-z-javoru\/","name":"ANDERS&amp;KAFKA designov\u00e9 dve\u0159n\u00ed madlo hranat\u00e9 25\u00d725 mm z javoru - Anders &amp; Kafka E-SHOP","isPartOf":{"@id":"https:\/\/anderskafka.cz\/eshop\/#website"},"primaryImageOfPage":{"@id":"https:\/\/anderskafka.cz\/eshop\/produkt\/anderskafka-designove-dverni-madlo-hranate-25x25-mm-z-javoru\/#primaryimage"},"datePublished":"2022-12-18T21:34:15+00:00","dateModified":"2025-03-17T11:44:07+00:00","description":"Designove d\u0159ev\u011bn\u00e9 madlo s jednoduch\u00fdmi p\u0159\u00edm\u00fdmi liniemi a s skv\u011blou ergonomi\u00ed \u00fachopu, pro sklen\u011bn\u00e9 dve\u0159e. Madlo je vyrobeno z masivn\u00edho d\u0159eva javoru v\u00fdb\u011brov\u00e9 kvality a je ru\u010dn\u011b brou\u0161eno a le\u0161t\u011bno. Vyrobeno spole\u010dnost\u00ed Anders&amp;Kafka, tradi\u010dn\u00edmi \u0159emesln\u00fdmi postupy v \u010cesk\u00e9 republice, profesion\u00e1ln\u011b a kvalitn\u011b zpracov\u00e1no v ka\u017ed\u00e9m detailu.","breadcrumb":{"@id":"https:\/\/anderskafka.cz\/eshop\/produkt\/anderskafka-designove-dverni-madlo-hranate-25x25-mm-z-javoru\/#breadcrumb"},"inLanguage":"cs","potentialAction":[{"@type":"ReadAction","target":["https:\/\/anderskafka.cz\/eshop\/produkt\/anderskafka-designove-dverni-madlo-hranate-25x25-mm-z-javoru\/"]}]},{"@type":"BreadcrumbList","@id":"https:\/\/anderskafka.cz\/eshop\/produkt\/anderskafka-designove-dverni-madlo-hranate-25x25-mm-z-javoru\/#breadcrumb","itemListElement":[{"@type":"ListItem","position":1,"name":"Obchod","item":"https:\/\/anderskafka.cz\/eshop\/obchod\/"},{"@type":"ListItem","position":2,"name":"ANDERS&amp;KAFKA designov\u00e9 dve\u0159n\u00ed madlo hranat\u00e9 25\u00d725 mm z javoru"}]}]}},"locations":[],"_links":{"self":[{"href":"https:\/\/anderskafka.cz\/eshop\/wp-json\/wp\/v2\/product\/1429"}],"collection":[{"href":"https:\/\/anderskafka.cz\/eshop\/wp-json\/wp\/v2\/product"}],"about":[{"href":"https:\/\/anderskafka.cz\/eshop\/wp-json\/wp\/v2\/types\/product"}],"replies":[{"embeddable":true,"href":"https:\/\/anderskafka.cz\/eshop\/wp-json\/wp\/v2\/comments?post=1429"}],"wp:featuredmedia":[{"embeddable":true,"href":"https:\/\/anderskafka.cz\/eshop\/wp-json\/wp\/v2\/media\/1346"}],"wp:attachment":[{"href":"https:\/\/anderskafka.cz\/eshop\/wp-json\/wp\/v2\/media?parent=1429"}],"wp:term":[{"taxonomy":"location","embeddable":true,"href":"https:\/\/anderskafka.cz\/eshop\/wp-json\/wp\/v2\/location?post=1429"},{"taxonomy":"product_cat","embeddable":true,"href":"https:\/\/anderskafka.cz\/eshop\/wp-json\/wp\/v2\/product_cat?post=1429"},{"taxonomy":"product_tag","embeddable":true,"href":"https:\/\/anderskafka.cz\/eshop\/wp-json\/wp\/v2\/product_tag?post=1429"}],"curies":[{"name":"wp","href":"https:\/\/api.w.org\/{rel}","templated":true}]}}