{"id":1434,"date":"2022-12-18T22:34:21","date_gmt":"2022-12-18T21:34:21","guid":{"rendered":"https:\/\/anderskafka.cz\/eshop\/?post_type=product&#038;p=1434"},"modified":"2025-10-21T20:40:28","modified_gmt":"2025-10-21T18:40:28","slug":"anderskafka-designova-ctvercoca-ventilacni-mrizka-z-hrube-kartacovaneho-thermo-smrku","status":"publish","type":"product","link":"https:\/\/anderskafka.cz\/eshop\/produkt\/anderskafka-designova-ctvercoca-ventilacni-mrizka-z-hrube-kartacovaneho-thermo-smrku\/","title":{"rendered":"ANDERS&amp;KAFKA designov\u00e1 \u010dtvercov\u00e1 ventila\u010dn\u00ed m\u0159\u00ed\u017eka z hrub\u011b kart\u00e1\u010dovan\u00e9ho thermo smrku"},"content":{"rendered":"<p>Designov\u00e1 \u010dtvercov\u00e1 ventila\u010dn\u00ed m\u0159\u00ed\u017eka vn\u011bj\u0161\u00edch rozm\u011br\u016f 17,5&#215;17,5 cm. Ventila\u010dn\u00ed m\u0159\u00ed\u017eka\u00a0\u00a0je distribu\u010dn\u00ed element vhodn\u00fd pro p\u0159\u00edvod nebo odvod vzduchu, tak aby v saun\u011b byla zachov\u00e1na spr\u00e1vn\u00e1 cirkulace vzduchu. V\u011btrac\u00ed m\u0159\u00ed\u017eka je vyrobena z masivn\u00edho d\u0159eva thermo smrku v\u00fdb\u011brov\u00e9 kvality a je ru\u010dn\u011b brou\u0161ena a le\u0161t\u011bna. M\u0159\u00ed\u017eka je vybaven\u00e1 s\u00ed\u0165kou proti hmyzu, ptactvu a ne\u010distot\u00e1m. D\u00edky pou\u017eit\u00fdm materi\u00e1l\u016fm je mo\u017en\u00e9 m\u0159\u00ed\u017eku instalovat ve vnit\u0159n\u00edm i venkovn\u00edm prost\u0159ed\u00ed.<br \/>\nMin. Rozm\u011br otvoru pro z\u00e1stavbu je 15,2&#215;15,2 cm, Min. tlou\u0161ka st\u011bny pro z\u00e1stavbu je 1,2 cm.<br \/>\nJednoduch\u00e1 mont\u00e1\u017e p\u0159ilepen\u00edm silikonov\u00fdm pevnostn\u00edm lepidlem. doporu\u010dujeme typ mamut glue. Sou\u010d\u00e1st\u00ed balen\u00ed je ventila\u010dn\u00ed m\u0159\u00ed\u017eka.<\/p>\n","protected":false},"excerpt":{"rendered":"<p>Designov\u00e1 \u010dtvercov\u00e1 ventila\u010dn\u00ed m\u0159\u00ed\u017eka vn\u011bj\u0161\u00edch rozm\u011br\u016f 17,5&#215;17,5 cm. Ventila\u010dn\u00ed m\u0159\u00ed\u017eka je vyrobena z masivn\u00edho d\u0159eva thermo smrku v\u00fdb\u011brov\u00e9 kvality a je ru\u010dn\u011b brou\u0161ena a le\u0161t\u011bna. M\u0159\u00ed\u017eka je vybaven\u00e1 s\u00ed\u0165kou proti hmyzu, ptactvu a ne\u010distot\u00e1m.<br \/>\nVyrobeno spole\u010dnost\u00ed Anders&amp;Kafka, tradi\u010dn\u00edmi \u0159emesln\u00fdmi postupy v \u010cesk\u00e9 republice, profesion\u00e1ln\u011b a kvalitn\u011b zpracov\u00e1no v ka\u017ed\u00e9m detailu.<\/p>\n<p><img loading=\"lazy\" class=\"size-medium wp-image-1490 aligncenter\" src=\"https:\/\/anderskafka.cz\/eshop\/wp-content\/uploads\/sites\/3\/2022\/12\/madeinCZ2-300x300.jpg\" alt=\"\" width=\"180\" height=\"180\" \/><\/p>\n","protected":false},"featured_media":1360,"comment_status":"open","ping_status":"closed","template":"","meta":{"site-sidebar-layout":"default","site-content-layout":"default","ast-main-header-display":"","ast-hfb-above-header-display":"","ast-hfb-below-header-display":"","ast-hfb-mobile-header-display":"","site-post-title":"","ast-breadcrumbs-content":"","ast-featured-img":"","footer-sml-layout":"","theme-transparent-header-meta":"","adv-header-id-meta":"","stick-header-meta":"","header-above-stick-meta":"","header-main-stick-meta":"","header-below-stick-meta":""},"location":[],"product_cat":[426],"product_tag":[365],"yoast_head":"<!-- This site is optimized with the Yoast SEO plugin v18.5.1 - https:\/\/yoast.com\/wordpress\/plugins\/seo\/ -->\n<title>ANDERS&amp;KAFKA designov\u00e1 \u010dtvercov\u00e1 ventila\u010dn\u00ed m\u0159\u00ed\u017eka z hrub\u011b kart\u00e1\u010dovan\u00e9ho thermo smrku - Anders &amp; Kafka E-SHOP<\/title>\n<meta name=\"description\" content=\"Designov\u00e1 \u010dtvercov\u00e1 ventila\u010dn\u00ed m\u0159\u00ed\u017eka vn\u011bj\u0161\u00edch rozm\u011br\u016f 17,5x17,5 cm. Ventila\u010dn\u00ed m\u0159\u00ed\u017eka je vyrobena z masivn\u00edho d\u0159eva thermo smrku v\u00fdb\u011brov\u00e9 kvality a je ru\u010dn\u011b brou\u0161ena a le\u0161t\u011bna. M\u0159\u00ed\u017eka je vybaven\u00e1 s\u00ed\u0165kou proti hmyzu, ptactvu a ne\u010distot\u00e1m. Vyrobeno spole\u010dnost\u00ed Anders&amp;Kafka, tradi\u010dn\u00edmi \u0159emesln\u00fdmi postupy v \u010cesk\u00e9 republice, profesion\u00e1ln\u011b a kvalitn\u011b zpracov\u00e1no v ka\u017ed\u00e9m detailu.\" \/>\n<meta name=\"robots\" content=\"index, follow, max-snippet:-1, max-image-preview:large, max-video-preview:-1\" \/>\n<link rel=\"canonical\" href=\"https:\/\/anderskafka.cz\/eshop\/produkt\/anderskafka-designova-ctvercoca-ventilacni-mrizka-z-hrube-kartacovaneho-thermo-smrku\/\" \/>\n<meta property=\"og:locale\" content=\"cs_CZ\" \/>\n<meta property=\"og:type\" content=\"article\" \/>\n<meta property=\"og:title\" content=\"ANDERS&amp;KAFKA designov\u00e1 \u010dtvercov\u00e1 ventila\u010dn\u00ed m\u0159\u00ed\u017eka z hrub\u011b kart\u00e1\u010dovan\u00e9ho thermo smrku - Anders &amp; Kafka E-SHOP\" \/>\n<meta property=\"og:description\" content=\"Designov\u00e1 \u010dtvercov\u00e1 ventila\u010dn\u00ed m\u0159\u00ed\u017eka vn\u011bj\u0161\u00edch rozm\u011br\u016f 17,5x17,5 cm. Ventila\u010dn\u00ed m\u0159\u00ed\u017eka je vyrobena z masivn\u00edho d\u0159eva thermo smrku v\u00fdb\u011brov\u00e9 kvality a je ru\u010dn\u011b brou\u0161ena a le\u0161t\u011bna. M\u0159\u00ed\u017eka je vybaven\u00e1 s\u00ed\u0165kou proti hmyzu, ptactvu a ne\u010distot\u00e1m. Vyrobeno spole\u010dnost\u00ed Anders&amp;Kafka, tradi\u010dn\u00edmi \u0159emesln\u00fdmi postupy v \u010cesk\u00e9 republice, profesion\u00e1ln\u011b a kvalitn\u011b zpracov\u00e1no v ka\u017ed\u00e9m detailu.\" \/>\n<meta property=\"og:url\" content=\"https:\/\/anderskafka.cz\/eshop\/produkt\/anderskafka-designova-ctvercoca-ventilacni-mrizka-z-hrube-kartacovaneho-thermo-smrku\/\" \/>\n<meta property=\"og:site_name\" content=\"Anders &amp; Kafka E-SHOP\" \/>\n<meta property=\"article:modified_time\" content=\"2025-10-21T18:40:28+00:00\" \/>\n<meta property=\"og:image\" content=\"https:\/\/anderskafka.cz\/eshop\/wp-content\/uploads\/sites\/3\/2022\/12\/AK-DESGKRUHVENTMRIZ-TSMRK_H.jpg\" \/>\n\t<meta property=\"og:image:width\" content=\"700\" \/>\n\t<meta property=\"og:image:height\" content=\"700\" \/>\n\t<meta property=\"og:image:type\" content=\"image\/jpeg\" \/>\n<meta name=\"twitter:card\" content=\"summary_large_image\" \/>\n<meta name=\"twitter:label1\" content=\"Odhadovan\u00e1 doba \u010dten\u00ed\" \/>\n\t<meta name=\"twitter:data1\" content=\"1 minuta\" \/>\n<script type=\"application\/ld+json\" class=\"yoast-schema-graph\">{\"@context\":\"https:\/\/schema.org\",\"@graph\":[{\"@type\":\"WebSite\",\"@id\":\"https:\/\/anderskafka.cz\/eshop\/#website\",\"url\":\"https:\/\/anderskafka.cz\/eshop\/\",\"name\":\"Anders &amp; Kafka E-SHOP\",\"description\":\"Anders &amp; Kafka E-SHOP\",\"potentialAction\":[{\"@type\":\"SearchAction\",\"target\":{\"@type\":\"EntryPoint\",\"urlTemplate\":\"https:\/\/anderskafka.cz\/eshop\/?s={search_term_string}\"},\"query-input\":\"required name=search_term_string\"}],\"inLanguage\":\"cs\"},{\"@type\":\"ImageObject\",\"@id\":\"https:\/\/anderskafka.cz\/eshop\/produkt\/anderskafka-designova-ctvercoca-ventilacni-mrizka-z-hrube-kartacovaneho-thermo-smrku\/#primaryimage\",\"inLanguage\":\"cs\",\"url\":\"https:\/\/anderskafka.cz\/eshop\/wp-content\/uploads\/sites\/3\/2022\/12\/AK-DESGKRUHVENTMRIZ-TSMRK_H.jpg\",\"contentUrl\":\"https:\/\/anderskafka.cz\/eshop\/wp-content\/uploads\/sites\/3\/2022\/12\/AK-DESGKRUHVENTMRIZ-TSMRK_H.jpg\",\"width\":700,\"height\":700},{\"@type\":\"WebPage\",\"@id\":\"https:\/\/anderskafka.cz\/eshop\/produkt\/anderskafka-designova-ctvercoca-ventilacni-mrizka-z-hrube-kartacovaneho-thermo-smrku\/#webpage\",\"url\":\"https:\/\/anderskafka.cz\/eshop\/produkt\/anderskafka-designova-ctvercoca-ventilacni-mrizka-z-hrube-kartacovaneho-thermo-smrku\/\",\"name\":\"ANDERS&amp;KAFKA designov\u00e1 \u010dtvercov\u00e1 ventila\u010dn\u00ed m\u0159\u00ed\u017eka z hrub\u011b kart\u00e1\u010dovan\u00e9ho thermo smrku - Anders &amp; Kafka E-SHOP\",\"isPartOf\":{\"@id\":\"https:\/\/anderskafka.cz\/eshop\/#website\"},\"primaryImageOfPage\":{\"@id\":\"https:\/\/anderskafka.cz\/eshop\/produkt\/anderskafka-designova-ctvercoca-ventilacni-mrizka-z-hrube-kartacovaneho-thermo-smrku\/#primaryimage\"},\"datePublished\":\"2022-12-18T21:34:21+00:00\",\"dateModified\":\"2025-10-21T18:40:28+00:00\",\"description\":\"Designov\u00e1 \u010dtvercov\u00e1 ventila\u010dn\u00ed m\u0159\u00ed\u017eka vn\u011bj\u0161\u00edch rozm\u011br\u016f 17,5x17,5 cm. Ventila\u010dn\u00ed m\u0159\u00ed\u017eka je vyrobena z masivn\u00edho d\u0159eva thermo smrku v\u00fdb\u011brov\u00e9 kvality a je ru\u010dn\u011b brou\u0161ena a le\u0161t\u011bna. M\u0159\u00ed\u017eka je vybaven\u00e1 s\u00ed\u0165kou proti hmyzu, ptactvu a ne\u010distot\u00e1m. Vyrobeno spole\u010dnost\u00ed Anders&amp;Kafka, tradi\u010dn\u00edmi \u0159emesln\u00fdmi postupy v \u010cesk\u00e9 republice, profesion\u00e1ln\u011b a kvalitn\u011b zpracov\u00e1no v ka\u017ed\u00e9m detailu.\",\"breadcrumb\":{\"@id\":\"https:\/\/anderskafka.cz\/eshop\/produkt\/anderskafka-designova-ctvercoca-ventilacni-mrizka-z-hrube-kartacovaneho-thermo-smrku\/#breadcrumb\"},\"inLanguage\":\"cs\",\"potentialAction\":[{\"@type\":\"ReadAction\",\"target\":[\"https:\/\/anderskafka.cz\/eshop\/produkt\/anderskafka-designova-ctvercoca-ventilacni-mrizka-z-hrube-kartacovaneho-thermo-smrku\/\"]}]},{\"@type\":\"BreadcrumbList\",\"@id\":\"https:\/\/anderskafka.cz\/eshop\/produkt\/anderskafka-designova-ctvercoca-ventilacni-mrizka-z-hrube-kartacovaneho-thermo-smrku\/#breadcrumb\",\"itemListElement\":[{\"@type\":\"ListItem\",\"position\":1,\"name\":\"Obchod\",\"item\":\"https:\/\/anderskafka.cz\/eshop\/obchod\/\"},{\"@type\":\"ListItem\",\"position\":2,\"name\":\"ANDERS&amp;KAFKA designov\u00e1 \u010dtvercov\u00e1 ventila\u010dn\u00ed m\u0159\u00ed\u017eka z hrub\u011b kart\u00e1\u010dovan\u00e9ho thermo smrku\"}]}]}<\/script>\n<!-- \/ Yoast SEO plugin. -->","yoast_head_json":{"title":"ANDERS&amp;KAFKA designov\u00e1 \u010dtvercov\u00e1 ventila\u010dn\u00ed m\u0159\u00ed\u017eka z hrub\u011b kart\u00e1\u010dovan\u00e9ho thermo smrku - Anders &amp; Kafka E-SHOP","description":"Designov\u00e1 \u010dtvercov\u00e1 ventila\u010dn\u00ed m\u0159\u00ed\u017eka vn\u011bj\u0161\u00edch rozm\u011br\u016f 17,5x17,5 cm. Ventila\u010dn\u00ed m\u0159\u00ed\u017eka je vyrobena z masivn\u00edho d\u0159eva thermo smrku v\u00fdb\u011brov\u00e9 kvality a je ru\u010dn\u011b brou\u0161ena a le\u0161t\u011bna. M\u0159\u00ed\u017eka je vybaven\u00e1 s\u00ed\u0165kou proti hmyzu, ptactvu a ne\u010distot\u00e1m. Vyrobeno spole\u010dnost\u00ed Anders&amp;Kafka, tradi\u010dn\u00edmi \u0159emesln\u00fdmi postupy v \u010cesk\u00e9 republice, profesion\u00e1ln\u011b a kvalitn\u011b zpracov\u00e1no v ka\u017ed\u00e9m detailu.","robots":{"index":"index","follow":"follow","max-snippet":"max-snippet:-1","max-image-preview":"max-image-preview:large","max-video-preview":"max-video-preview:-1"},"canonical":"https:\/\/anderskafka.cz\/eshop\/produkt\/anderskafka-designova-ctvercoca-ventilacni-mrizka-z-hrube-kartacovaneho-thermo-smrku\/","og_locale":"cs_CZ","og_type":"article","og_title":"ANDERS&amp;KAFKA designov\u00e1 \u010dtvercov\u00e1 ventila\u010dn\u00ed m\u0159\u00ed\u017eka z hrub\u011b kart\u00e1\u010dovan\u00e9ho thermo smrku - Anders &amp; Kafka E-SHOP","og_description":"Designov\u00e1 \u010dtvercov\u00e1 ventila\u010dn\u00ed m\u0159\u00ed\u017eka vn\u011bj\u0161\u00edch rozm\u011br\u016f 17,5x17,5 cm. Ventila\u010dn\u00ed m\u0159\u00ed\u017eka je vyrobena z masivn\u00edho d\u0159eva thermo smrku v\u00fdb\u011brov\u00e9 kvality a je ru\u010dn\u011b brou\u0161ena a le\u0161t\u011bna. M\u0159\u00ed\u017eka je vybaven\u00e1 s\u00ed\u0165kou proti hmyzu, ptactvu a ne\u010distot\u00e1m. Vyrobeno spole\u010dnost\u00ed Anders&amp;Kafka, tradi\u010dn\u00edmi \u0159emesln\u00fdmi postupy v \u010cesk\u00e9 republice, profesion\u00e1ln\u011b a kvalitn\u011b zpracov\u00e1no v ka\u017ed\u00e9m detailu.","og_url":"https:\/\/anderskafka.cz\/eshop\/produkt\/anderskafka-designova-ctvercoca-ventilacni-mrizka-z-hrube-kartacovaneho-thermo-smrku\/","og_site_name":"Anders &amp; Kafka E-SHOP","article_modified_time":"2025-10-21T18:40:28+00:00","og_image":[{"width":700,"height":700,"url":"https:\/\/anderskafka.cz\/eshop\/wp-content\/uploads\/sites\/3\/2022\/12\/AK-DESGKRUHVENTMRIZ-TSMRK_H.jpg","type":"image\/jpeg"}],"twitter_card":"summary_large_image","twitter_misc":{"Odhadovan\u00e1 doba \u010dten\u00ed":"1 minuta"},"schema":{"@context":"https:\/\/schema.org","@graph":[{"@type":"WebSite","@id":"https:\/\/anderskafka.cz\/eshop\/#website","url":"https:\/\/anderskafka.cz\/eshop\/","name":"Anders &amp; Kafka E-SHOP","description":"Anders &amp; Kafka E-SHOP","potentialAction":[{"@type":"SearchAction","target":{"@type":"EntryPoint","urlTemplate":"https:\/\/anderskafka.cz\/eshop\/?s={search_term_string}"},"query-input":"required name=search_term_string"}],"inLanguage":"cs"},{"@type":"ImageObject","@id":"https:\/\/anderskafka.cz\/eshop\/produkt\/anderskafka-designova-ctvercoca-ventilacni-mrizka-z-hrube-kartacovaneho-thermo-smrku\/#primaryimage","inLanguage":"cs","url":"https:\/\/anderskafka.cz\/eshop\/wp-content\/uploads\/sites\/3\/2022\/12\/AK-DESGKRUHVENTMRIZ-TSMRK_H.jpg","contentUrl":"https:\/\/anderskafka.cz\/eshop\/wp-content\/uploads\/sites\/3\/2022\/12\/AK-DESGKRUHVENTMRIZ-TSMRK_H.jpg","width":700,"height":700},{"@type":"WebPage","@id":"https:\/\/anderskafka.cz\/eshop\/produkt\/anderskafka-designova-ctvercoca-ventilacni-mrizka-z-hrube-kartacovaneho-thermo-smrku\/#webpage","url":"https:\/\/anderskafka.cz\/eshop\/produkt\/anderskafka-designova-ctvercoca-ventilacni-mrizka-z-hrube-kartacovaneho-thermo-smrku\/","name":"ANDERS&amp;KAFKA designov\u00e1 \u010dtvercov\u00e1 ventila\u010dn\u00ed m\u0159\u00ed\u017eka z hrub\u011b kart\u00e1\u010dovan\u00e9ho thermo smrku - Anders &amp; Kafka E-SHOP","isPartOf":{"@id":"https:\/\/anderskafka.cz\/eshop\/#website"},"primaryImageOfPage":{"@id":"https:\/\/anderskafka.cz\/eshop\/produkt\/anderskafka-designova-ctvercoca-ventilacni-mrizka-z-hrube-kartacovaneho-thermo-smrku\/#primaryimage"},"datePublished":"2022-12-18T21:34:21+00:00","dateModified":"2025-10-21T18:40:28+00:00","description":"Designov\u00e1 \u010dtvercov\u00e1 ventila\u010dn\u00ed m\u0159\u00ed\u017eka vn\u011bj\u0161\u00edch rozm\u011br\u016f 17,5x17,5 cm. Ventila\u010dn\u00ed m\u0159\u00ed\u017eka je vyrobena z masivn\u00edho d\u0159eva thermo smrku v\u00fdb\u011brov\u00e9 kvality a je ru\u010dn\u011b brou\u0161ena a le\u0161t\u011bna. M\u0159\u00ed\u017eka je vybaven\u00e1 s\u00ed\u0165kou proti hmyzu, ptactvu a ne\u010distot\u00e1m. Vyrobeno spole\u010dnost\u00ed Anders&amp;Kafka, tradi\u010dn\u00edmi \u0159emesln\u00fdmi postupy v \u010cesk\u00e9 republice, profesion\u00e1ln\u011b a kvalitn\u011b zpracov\u00e1no v ka\u017ed\u00e9m detailu.","breadcrumb":{"@id":"https:\/\/anderskafka.cz\/eshop\/produkt\/anderskafka-designova-ctvercoca-ventilacni-mrizka-z-hrube-kartacovaneho-thermo-smrku\/#breadcrumb"},"inLanguage":"cs","potentialAction":[{"@type":"ReadAction","target":["https:\/\/anderskafka.cz\/eshop\/produkt\/anderskafka-designova-ctvercoca-ventilacni-mrizka-z-hrube-kartacovaneho-thermo-smrku\/"]}]},{"@type":"BreadcrumbList","@id":"https:\/\/anderskafka.cz\/eshop\/produkt\/anderskafka-designova-ctvercoca-ventilacni-mrizka-z-hrube-kartacovaneho-thermo-smrku\/#breadcrumb","itemListElement":[{"@type":"ListItem","position":1,"name":"Obchod","item":"https:\/\/anderskafka.cz\/eshop\/obchod\/"},{"@type":"ListItem","position":2,"name":"ANDERS&amp;KAFKA designov\u00e1 \u010dtvercov\u00e1 ventila\u010dn\u00ed m\u0159\u00ed\u017eka z hrub\u011b kart\u00e1\u010dovan\u00e9ho thermo smrku"}]}]}},"locations":[],"_links":{"self":[{"href":"https:\/\/anderskafka.cz\/eshop\/wp-json\/wp\/v2\/product\/1434"}],"collection":[{"href":"https:\/\/anderskafka.cz\/eshop\/wp-json\/wp\/v2\/product"}],"about":[{"href":"https:\/\/anderskafka.cz\/eshop\/wp-json\/wp\/v2\/types\/product"}],"replies":[{"embeddable":true,"href":"https:\/\/anderskafka.cz\/eshop\/wp-json\/wp\/v2\/comments?post=1434"}],"wp:featuredmedia":[{"embeddable":true,"href":"https:\/\/anderskafka.cz\/eshop\/wp-json\/wp\/v2\/media\/1360"}],"wp:attachment":[{"href":"https:\/\/anderskafka.cz\/eshop\/wp-json\/wp\/v2\/media?parent=1434"}],"wp:term":[{"taxonomy":"location","embeddable":true,"href":"https:\/\/anderskafka.cz\/eshop\/wp-json\/wp\/v2\/location?post=1434"},{"taxonomy":"product_cat","embeddable":true,"href":"https:\/\/anderskafka.cz\/eshop\/wp-json\/wp\/v2\/product_cat?post=1434"},{"taxonomy":"product_tag","embeddable":true,"href":"https:\/\/anderskafka.cz\/eshop\/wp-json\/wp\/v2\/product_tag?post=1434"}],"curies":[{"name":"wp","href":"https:\/\/api.w.org\/{rel}","templated":true}]}}