{"id":1436,"date":"2022-12-18T22:34:23","date_gmt":"2022-12-18T21:34:23","guid":{"rendered":"https:\/\/anderskafka.cz\/eshop\/?post_type=product&#038;p=1436"},"modified":"2025-10-24T11:36:49","modified_gmt":"2025-10-24T09:36:49","slug":"elegantni-kruhova-ventilacni-mrizka-z-smrku","status":"publish","type":"product","link":"https:\/\/anderskafka.cz\/eshop\/produkt\/elegantni-kruhova-ventilacni-mrizka-z-smrku\/","title":{"rendered":"elegantn\u00ed kruhov\u00e1 ventila\u010dn\u00ed m\u0159\u00ed\u017eka ze smrku"},"content":{"rendered":"<p>Elegantn\u00ed kruhov\u00e1 ventila\u010dn\u00ed m\u0159\u00ed\u017eka vn\u011bj\u0161\u00edho pr\u016fm\u011bru 13,9 cm. Ventila\u010dn\u00ed kruhov\u00e1 m\u0159\u00ed\u017eka\u00a0\u00a0je distribu\u010dn\u00ed element vhodn\u00fd pro p\u0159\u00edvod nebo odvod vzduchu, tak aby v saun\u011b byla zachov\u00e1na spr\u00e1vn\u00e1 cirkulace vzduchu. Kruhov\u00e1 v\u011btrac\u00ed m\u0159\u00ed\u017eka je vyrobena z masivn\u00edho d\u0159eva smrku. M\u0159\u00ed\u017eka m\u00e1 \u0161ikmo lo\u017een\u00e9 lamely. D\u00edky pou\u017eit\u00e9mu materi\u00e1lu je mo\u017en\u00e9 m\u0159\u00ed\u017eku instalovat ve vnit\u0159n\u00edm prost\u0159ed\u00ed.<br \/>\nMin. Rozm\u011br otvoru pro z\u00e1stavbu je \u00d8 12,3 cm, min. tlou\u0161\u0165ka st\u011bny pro z\u00e1stavbu je 1,9 cm.<br \/>\nJednoduch\u00e1 mont\u00e1\u017e p\u0159ilepen\u00edm silikonov\u00fdm pevnostn\u00edm lepidlem, doporu\u010dujeme typ mamut glue.<\/p>\n","protected":false},"excerpt":{"rendered":"<p>Elegantn\u00ed kruhov\u00e1 ventila\u010dn\u00ed m\u0159\u00ed\u017eka vn\u011bj\u0161\u00edho pr\u016fm\u011bru 13,9 cm. Ventila\u010dn\u00ed kruhov\u00e1 m\u0159\u00ed\u017eka je vyrobena z masivn\u00edho d\u0159eva smrku. M\u0159\u00ed\u017eka m\u00e1 \u0161ikmo lo\u017een\u00e9 lamely.<\/p>\n","protected":false},"featured_media":1366,"comment_status":"open","ping_status":"closed","template":"","meta":{"site-sidebar-layout":"default","site-content-layout":"default","ast-main-header-display":"","ast-hfb-above-header-display":"","ast-hfb-below-header-display":"","ast-hfb-mobile-header-display":"","site-post-title":"","ast-breadcrumbs-content":"","ast-featured-img":"","footer-sml-layout":"","theme-transparent-header-meta":"","adv-header-id-meta":"","stick-header-meta":"","header-above-stick-meta":"","header-main-stick-meta":"","header-below-stick-meta":""},"location":[],"product_cat":[426],"product_tag":[432],"yoast_head":"<!-- This site is optimized with the Yoast SEO plugin v18.5.1 - https:\/\/yoast.com\/wordpress\/plugins\/seo\/ -->\n<title>elegantn\u00ed kruhov\u00e1 ventila\u010dn\u00ed m\u0159\u00ed\u017eka ze smrku - Anders &amp; Kafka E-SHOP<\/title>\n<meta name=\"description\" content=\"Elegantn\u00ed kruhov\u00e1 ventila\u010dn\u00ed m\u0159\u00ed\u017eka vn\u011bj\u0161\u00edho pr\u016fm\u011bru 13,9 cm. Ventila\u010dn\u00ed kruhov\u00e1 m\u0159\u00ed\u017eka je vyrobena z masivn\u00edho d\u0159eva smrku. M\u0159\u00ed\u017eka m\u00e1 \u0161ikmo lo\u017een\u00e9 lamely.\" \/>\n<meta name=\"robots\" content=\"index, follow, max-snippet:-1, max-image-preview:large, max-video-preview:-1\" \/>\n<link rel=\"canonical\" href=\"https:\/\/anderskafka.cz\/eshop\/produkt\/elegantni-kruhova-ventilacni-mrizka-z-smrku\/\" \/>\n<meta property=\"og:locale\" content=\"cs_CZ\" \/>\n<meta property=\"og:type\" content=\"article\" \/>\n<meta property=\"og:title\" content=\"elegantn\u00ed kruhov\u00e1 ventila\u010dn\u00ed m\u0159\u00ed\u017eka ze smrku - Anders &amp; Kafka E-SHOP\" \/>\n<meta property=\"og:description\" content=\"Elegantn\u00ed kruhov\u00e1 ventila\u010dn\u00ed m\u0159\u00ed\u017eka vn\u011bj\u0161\u00edho pr\u016fm\u011bru 13,9 cm. Ventila\u010dn\u00ed kruhov\u00e1 m\u0159\u00ed\u017eka je vyrobena z masivn\u00edho d\u0159eva smrku. M\u0159\u00ed\u017eka m\u00e1 \u0161ikmo lo\u017een\u00e9 lamely.\" \/>\n<meta property=\"og:url\" content=\"https:\/\/anderskafka.cz\/eshop\/produkt\/elegantni-kruhova-ventilacni-mrizka-z-smrku\/\" \/>\n<meta property=\"og:site_name\" content=\"Anders &amp; Kafka E-SHOP\" \/>\n<meta property=\"article:modified_time\" content=\"2025-10-24T09:36:49+00:00\" \/>\n<meta property=\"og:image\" content=\"https:\/\/anderskafka.cz\/eshop\/wp-content\/uploads\/sites\/3\/2022\/12\/AK-ELEKRUHVENTMRIZ-SMRK_H.jpg\" \/>\n\t<meta property=\"og:image:width\" content=\"700\" \/>\n\t<meta property=\"og:image:height\" content=\"700\" \/>\n\t<meta property=\"og:image:type\" content=\"image\/jpeg\" \/>\n<meta name=\"twitter:card\" content=\"summary_large_image\" \/>\n<meta name=\"twitter:label1\" content=\"Odhadovan\u00e1 doba \u010dten\u00ed\" \/>\n\t<meta name=\"twitter:data1\" content=\"1 minuta\" \/>\n<script type=\"application\/ld+json\" class=\"yoast-schema-graph\">{\"@context\":\"https:\/\/schema.org\",\"@graph\":[{\"@type\":\"WebSite\",\"@id\":\"https:\/\/anderskafka.cz\/eshop\/#website\",\"url\":\"https:\/\/anderskafka.cz\/eshop\/\",\"name\":\"Anders &amp; Kafka E-SHOP\",\"description\":\"Anders &amp; Kafka E-SHOP\",\"potentialAction\":[{\"@type\":\"SearchAction\",\"target\":{\"@type\":\"EntryPoint\",\"urlTemplate\":\"https:\/\/anderskafka.cz\/eshop\/?s={search_term_string}\"},\"query-input\":\"required name=search_term_string\"}],\"inLanguage\":\"cs\"},{\"@type\":\"ImageObject\",\"@id\":\"https:\/\/anderskafka.cz\/eshop\/produkt\/elegantni-kruhova-ventilacni-mrizka-z-smrku\/#primaryimage\",\"inLanguage\":\"cs\",\"url\":\"https:\/\/anderskafka.cz\/eshop\/wp-content\/uploads\/sites\/3\/2022\/12\/AK-ELEKRUHVENTMRIZ-SMRK_H.jpg\",\"contentUrl\":\"https:\/\/anderskafka.cz\/eshop\/wp-content\/uploads\/sites\/3\/2022\/12\/AK-ELEKRUHVENTMRIZ-SMRK_H.jpg\",\"width\":700,\"height\":700},{\"@type\":\"WebPage\",\"@id\":\"https:\/\/anderskafka.cz\/eshop\/produkt\/elegantni-kruhova-ventilacni-mrizka-z-smrku\/#webpage\",\"url\":\"https:\/\/anderskafka.cz\/eshop\/produkt\/elegantni-kruhova-ventilacni-mrizka-z-smrku\/\",\"name\":\"elegantn\u00ed kruhov\u00e1 ventila\u010dn\u00ed m\u0159\u00ed\u017eka ze smrku - Anders &amp; Kafka E-SHOP\",\"isPartOf\":{\"@id\":\"https:\/\/anderskafka.cz\/eshop\/#website\"},\"primaryImageOfPage\":{\"@id\":\"https:\/\/anderskafka.cz\/eshop\/produkt\/elegantni-kruhova-ventilacni-mrizka-z-smrku\/#primaryimage\"},\"datePublished\":\"2022-12-18T21:34:23+00:00\",\"dateModified\":\"2025-10-24T09:36:49+00:00\",\"description\":\"Elegantn\u00ed kruhov\u00e1 ventila\u010dn\u00ed m\u0159\u00ed\u017eka vn\u011bj\u0161\u00edho pr\u016fm\u011bru 13,9 cm. Ventila\u010dn\u00ed kruhov\u00e1 m\u0159\u00ed\u017eka je vyrobena z masivn\u00edho d\u0159eva smrku. M\u0159\u00ed\u017eka m\u00e1 \u0161ikmo lo\u017een\u00e9 lamely.\",\"breadcrumb\":{\"@id\":\"https:\/\/anderskafka.cz\/eshop\/produkt\/elegantni-kruhova-ventilacni-mrizka-z-smrku\/#breadcrumb\"},\"inLanguage\":\"cs\",\"potentialAction\":[{\"@type\":\"ReadAction\",\"target\":[\"https:\/\/anderskafka.cz\/eshop\/produkt\/elegantni-kruhova-ventilacni-mrizka-z-smrku\/\"]}]},{\"@type\":\"BreadcrumbList\",\"@id\":\"https:\/\/anderskafka.cz\/eshop\/produkt\/elegantni-kruhova-ventilacni-mrizka-z-smrku\/#breadcrumb\",\"itemListElement\":[{\"@type\":\"ListItem\",\"position\":1,\"name\":\"Obchod\",\"item\":\"https:\/\/anderskafka.cz\/eshop\/obchod\/\"},{\"@type\":\"ListItem\",\"position\":2,\"name\":\"elegantn\u00ed kruhov\u00e1 ventila\u010dn\u00ed m\u0159\u00ed\u017eka ze smrku\"}]}]}<\/script>\n<!-- \/ Yoast SEO plugin. -->","yoast_head_json":{"title":"elegantn\u00ed kruhov\u00e1 ventila\u010dn\u00ed m\u0159\u00ed\u017eka ze smrku - Anders &amp; Kafka E-SHOP","description":"Elegantn\u00ed kruhov\u00e1 ventila\u010dn\u00ed m\u0159\u00ed\u017eka vn\u011bj\u0161\u00edho pr\u016fm\u011bru 13,9 cm. Ventila\u010dn\u00ed kruhov\u00e1 m\u0159\u00ed\u017eka je vyrobena z masivn\u00edho d\u0159eva smrku. M\u0159\u00ed\u017eka m\u00e1 \u0161ikmo lo\u017een\u00e9 lamely.","robots":{"index":"index","follow":"follow","max-snippet":"max-snippet:-1","max-image-preview":"max-image-preview:large","max-video-preview":"max-video-preview:-1"},"canonical":"https:\/\/anderskafka.cz\/eshop\/produkt\/elegantni-kruhova-ventilacni-mrizka-z-smrku\/","og_locale":"cs_CZ","og_type":"article","og_title":"elegantn\u00ed kruhov\u00e1 ventila\u010dn\u00ed m\u0159\u00ed\u017eka ze smrku - Anders &amp; Kafka E-SHOP","og_description":"Elegantn\u00ed kruhov\u00e1 ventila\u010dn\u00ed m\u0159\u00ed\u017eka vn\u011bj\u0161\u00edho pr\u016fm\u011bru 13,9 cm. Ventila\u010dn\u00ed kruhov\u00e1 m\u0159\u00ed\u017eka je vyrobena z masivn\u00edho d\u0159eva smrku. M\u0159\u00ed\u017eka m\u00e1 \u0161ikmo lo\u017een\u00e9 lamely.","og_url":"https:\/\/anderskafka.cz\/eshop\/produkt\/elegantni-kruhova-ventilacni-mrizka-z-smrku\/","og_site_name":"Anders &amp; Kafka E-SHOP","article_modified_time":"2025-10-24T09:36:49+00:00","og_image":[{"width":700,"height":700,"url":"https:\/\/anderskafka.cz\/eshop\/wp-content\/uploads\/sites\/3\/2022\/12\/AK-ELEKRUHVENTMRIZ-SMRK_H.jpg","type":"image\/jpeg"}],"twitter_card":"summary_large_image","twitter_misc":{"Odhadovan\u00e1 doba \u010dten\u00ed":"1 minuta"},"schema":{"@context":"https:\/\/schema.org","@graph":[{"@type":"WebSite","@id":"https:\/\/anderskafka.cz\/eshop\/#website","url":"https:\/\/anderskafka.cz\/eshop\/","name":"Anders &amp; Kafka E-SHOP","description":"Anders &amp; Kafka E-SHOP","potentialAction":[{"@type":"SearchAction","target":{"@type":"EntryPoint","urlTemplate":"https:\/\/anderskafka.cz\/eshop\/?s={search_term_string}"},"query-input":"required name=search_term_string"}],"inLanguage":"cs"},{"@type":"ImageObject","@id":"https:\/\/anderskafka.cz\/eshop\/produkt\/elegantni-kruhova-ventilacni-mrizka-z-smrku\/#primaryimage","inLanguage":"cs","url":"https:\/\/anderskafka.cz\/eshop\/wp-content\/uploads\/sites\/3\/2022\/12\/AK-ELEKRUHVENTMRIZ-SMRK_H.jpg","contentUrl":"https:\/\/anderskafka.cz\/eshop\/wp-content\/uploads\/sites\/3\/2022\/12\/AK-ELEKRUHVENTMRIZ-SMRK_H.jpg","width":700,"height":700},{"@type":"WebPage","@id":"https:\/\/anderskafka.cz\/eshop\/produkt\/elegantni-kruhova-ventilacni-mrizka-z-smrku\/#webpage","url":"https:\/\/anderskafka.cz\/eshop\/produkt\/elegantni-kruhova-ventilacni-mrizka-z-smrku\/","name":"elegantn\u00ed kruhov\u00e1 ventila\u010dn\u00ed m\u0159\u00ed\u017eka ze smrku - Anders &amp; Kafka E-SHOP","isPartOf":{"@id":"https:\/\/anderskafka.cz\/eshop\/#website"},"primaryImageOfPage":{"@id":"https:\/\/anderskafka.cz\/eshop\/produkt\/elegantni-kruhova-ventilacni-mrizka-z-smrku\/#primaryimage"},"datePublished":"2022-12-18T21:34:23+00:00","dateModified":"2025-10-24T09:36:49+00:00","description":"Elegantn\u00ed kruhov\u00e1 ventila\u010dn\u00ed m\u0159\u00ed\u017eka vn\u011bj\u0161\u00edho pr\u016fm\u011bru 13,9 cm. Ventila\u010dn\u00ed kruhov\u00e1 m\u0159\u00ed\u017eka je vyrobena z masivn\u00edho d\u0159eva smrku. M\u0159\u00ed\u017eka m\u00e1 \u0161ikmo lo\u017een\u00e9 lamely.","breadcrumb":{"@id":"https:\/\/anderskafka.cz\/eshop\/produkt\/elegantni-kruhova-ventilacni-mrizka-z-smrku\/#breadcrumb"},"inLanguage":"cs","potentialAction":[{"@type":"ReadAction","target":["https:\/\/anderskafka.cz\/eshop\/produkt\/elegantni-kruhova-ventilacni-mrizka-z-smrku\/"]}]},{"@type":"BreadcrumbList","@id":"https:\/\/anderskafka.cz\/eshop\/produkt\/elegantni-kruhova-ventilacni-mrizka-z-smrku\/#breadcrumb","itemListElement":[{"@type":"ListItem","position":1,"name":"Obchod","item":"https:\/\/anderskafka.cz\/eshop\/obchod\/"},{"@type":"ListItem","position":2,"name":"elegantn\u00ed kruhov\u00e1 ventila\u010dn\u00ed m\u0159\u00ed\u017eka ze smrku"}]}]}},"locations":[],"_links":{"self":[{"href":"https:\/\/anderskafka.cz\/eshop\/wp-json\/wp\/v2\/product\/1436"}],"collection":[{"href":"https:\/\/anderskafka.cz\/eshop\/wp-json\/wp\/v2\/product"}],"about":[{"href":"https:\/\/anderskafka.cz\/eshop\/wp-json\/wp\/v2\/types\/product"}],"replies":[{"embeddable":true,"href":"https:\/\/anderskafka.cz\/eshop\/wp-json\/wp\/v2\/comments?post=1436"}],"wp:featuredmedia":[{"embeddable":true,"href":"https:\/\/anderskafka.cz\/eshop\/wp-json\/wp\/v2\/media\/1366"}],"wp:attachment":[{"href":"https:\/\/anderskafka.cz\/eshop\/wp-json\/wp\/v2\/media?parent=1436"}],"wp:term":[{"taxonomy":"location","embeddable":true,"href":"https:\/\/anderskafka.cz\/eshop\/wp-json\/wp\/v2\/location?post=1436"},{"taxonomy":"product_cat","embeddable":true,"href":"https:\/\/anderskafka.cz\/eshop\/wp-json\/wp\/v2\/product_cat?post=1436"},{"taxonomy":"product_tag","embeddable":true,"href":"https:\/\/anderskafka.cz\/eshop\/wp-json\/wp\/v2\/product_tag?post=1436"}],"curies":[{"name":"wp","href":"https:\/\/api.w.org\/{rel}","templated":true}]}}