{"id":1441,"date":"2022-12-18T22:40:35","date_gmt":"2022-12-18T21:40:35","guid":{"rendered":"https:\/\/anderskafka.cz\/eshop\/?post_type=product&#038;p=1441"},"modified":"2026-04-21T10:47:07","modified_gmt":"2026-04-21T08:47:07","slug":"eos-exkluzivni-stanice-pro-mereni-klimatu-v-saune-excelent-javor","status":"publish","type":"product","link":"https:\/\/anderskafka.cz\/eshop\/produkt\/eos-exkluzivni-stanice-pro-mereni-klimatu-v-saune-excelent-javor\/","title":{"rendered":"EOS exkluzivn\u00ed stanice pro m\u011b\u0159en\u00ed klimatu v saun\u011b excelent javor"},"content":{"rendered":"<p>Exkluzivn\u00ed designov\u00e1 stanice pro m\u011b\u0159en\u00ed teploty a vhlkosti v saun\u011b. Kulat\u00e9 p\u0159\u00edstroje osazen\u00e9 v antracitov\u00e9 kovov\u00e9 desce s perle\u0165ov\u00fdm efektem s d\u0159ev\u011bn\u00fdm r\u00e1mem z masivn\u00edho kusu d\u0159eva &#8211; javoru.<br \/>\nTeplom\u011br a vlhkom\u011br \u00d8 100 mm, s rozsahem m\u011b\u0159en\u00ed 0 &#8211; 120 \u00b0C \/ 0 &#8211; 100 % rel. vlhkosti vzduchu. Z\u00e1v\u011bs na ze\u010f.<\/p>\n","protected":false},"excerpt":{"rendered":"<p>Exkluzivn\u00ed designov\u00e1 stanice pro m\u011b\u0159en\u00ed teploty a vhlkosti v saun\u011b. Kulat\u00e9 p\u0159\u00edstroje osazen\u00e9 v antracitov\u00e9 kovov\u00e9 desce s perle\u0165ov\u00fdm efektem s d\u0159ev\u011bn\u00fdm r\u00e1mem z masivn\u00edho kusu d\u0159eva &#8211; javoru.<br \/>\nEOS, nejkvalitn\u011bj\u0161\u00ed produkty pro saunu vyroben\u00e9 v N\u011bmecku s 50ti letou tradic\u00ed.<\/p>\n<p><img loading=\"lazy\" class=\"size-full wp-image-1496 aligncenter\" src=\"https:\/\/anderskafka.cz\/eshop\/wp-content\/uploads\/sites\/3\/2022\/12\/made-in-germany-label-icon-of-german-flag-map-vector-22965302.jpg\" alt=\"\" width=\"250\" height=\"250\" srcset=\"https:\/\/anderskafka.cz\/eshop\/wp-content\/uploads\/sites\/3\/2022\/12\/made-in-germany-label-icon-of-german-flag-map-vector-22965302.jpg 250w, https:\/\/anderskafka.cz\/eshop\/wp-content\/uploads\/sites\/3\/2022\/12\/made-in-germany-label-icon-of-german-flag-map-vector-22965302-150x150.jpg 150w, https:\/\/anderskafka.cz\/eshop\/wp-content\/uploads\/sites\/3\/2022\/12\/made-in-germany-label-icon-of-german-flag-map-vector-22965302-100x100.jpg 100w, https:\/\/anderskafka.cz\/eshop\/wp-content\/uploads\/sites\/3\/2022\/12\/made-in-germany-label-icon-of-german-flag-map-vector-22965302-64x64.jpg 64w\" sizes=\"(max-width: 250px) 100vw, 250px\" \/><\/p>\n","protected":false},"featured_media":1404,"comment_status":"open","ping_status":"closed","template":"","meta":{"site-sidebar-layout":"default","site-content-layout":"default","ast-main-header-display":"","ast-hfb-above-header-display":"","ast-hfb-below-header-display":"","ast-hfb-mobile-header-display":"","site-post-title":"","ast-breadcrumbs-content":"","ast-featured-img":"","footer-sml-layout":"","theme-transparent-header-meta":"","adv-header-id-meta":"","stick-header-meta":"","header-above-stick-meta":"","header-main-stick-meta":"","header-below-stick-meta":""},"location":[],"product_cat":[442],"product_tag":[443],"yoast_head":"<!-- This site is optimized with the Yoast SEO plugin v18.5.1 - https:\/\/yoast.com\/wordpress\/plugins\/seo\/ -->\n<title>EOS exkluzivn\u00ed stanice pro m\u011b\u0159en\u00ed klimatu v saun\u011b excelent javor - Anders &amp; Kafka E-SHOP<\/title>\n<meta name=\"description\" content=\"Exkluzivn\u00ed designov\u00e1 stanice pro m\u011b\u0159en\u00ed teploty a vhlkosti v saun\u011b. Kulat\u00e9 p\u0159\u00edstroje osazen\u00e9 v antracitov\u00e9 kovov\u00e9 desce s perle\u0165ov\u00fdm efektem s d\u0159ev\u011bn\u00fdm r\u00e1mem z masivn\u00edho kusu d\u0159eva - javoru. EOS, nejkvalitn\u011bj\u0161\u00ed produkty pro saunu vyroben\u00e9 v N\u011bmecku s 50ti letou tradic\u00ed.\" \/>\n<meta name=\"robots\" content=\"index, follow, max-snippet:-1, max-image-preview:large, max-video-preview:-1\" \/>\n<link rel=\"canonical\" href=\"https:\/\/anderskafka.cz\/eshop\/produkt\/eos-exkluzivni-stanice-pro-mereni-klimatu-v-saune-excelent-javor\/\" \/>\n<meta property=\"og:locale\" content=\"cs_CZ\" \/>\n<meta property=\"og:type\" content=\"article\" \/>\n<meta property=\"og:title\" content=\"EOS exkluzivn\u00ed stanice pro m\u011b\u0159en\u00ed klimatu v saun\u011b excelent javor - Anders &amp; Kafka E-SHOP\" \/>\n<meta property=\"og:description\" content=\"Exkluzivn\u00ed designov\u00e1 stanice pro m\u011b\u0159en\u00ed teploty a vhlkosti v saun\u011b. Kulat\u00e9 p\u0159\u00edstroje osazen\u00e9 v antracitov\u00e9 kovov\u00e9 desce s perle\u0165ov\u00fdm efektem s d\u0159ev\u011bn\u00fdm r\u00e1mem z masivn\u00edho kusu d\u0159eva - javoru. EOS, nejkvalitn\u011bj\u0161\u00ed produkty pro saunu vyroben\u00e9 v N\u011bmecku s 50ti letou tradic\u00ed.\" \/>\n<meta property=\"og:url\" content=\"https:\/\/anderskafka.cz\/eshop\/produkt\/eos-exkluzivni-stanice-pro-mereni-klimatu-v-saune-excelent-javor\/\" \/>\n<meta property=\"og:site_name\" content=\"Anders &amp; Kafka E-SHOP\" \/>\n<meta property=\"article:modified_time\" content=\"2026-04-21T08:47:07+00:00\" \/>\n<meta property=\"og:image\" content=\"https:\/\/anderskafka.cz\/eshop\/wp-content\/uploads\/sites\/3\/2022\/12\/EOS-KSEXE-JAVOR-946024_H.jpg\" \/>\n\t<meta property=\"og:image:width\" content=\"700\" \/>\n\t<meta property=\"og:image:height\" content=\"700\" \/>\n\t<meta property=\"og:image:type\" content=\"image\/jpeg\" \/>\n<meta name=\"twitter:card\" content=\"summary_large_image\" \/>\n<script type=\"application\/ld+json\" class=\"yoast-schema-graph\">{\"@context\":\"https:\/\/schema.org\",\"@graph\":[{\"@type\":\"WebSite\",\"@id\":\"https:\/\/anderskafka.cz\/eshop\/#website\",\"url\":\"https:\/\/anderskafka.cz\/eshop\/\",\"name\":\"Anders &amp; Kafka E-SHOP\",\"description\":\"Anders &amp; Kafka E-SHOP\",\"potentialAction\":[{\"@type\":\"SearchAction\",\"target\":{\"@type\":\"EntryPoint\",\"urlTemplate\":\"https:\/\/anderskafka.cz\/eshop\/?s={search_term_string}\"},\"query-input\":\"required name=search_term_string\"}],\"inLanguage\":\"cs\"},{\"@type\":\"ImageObject\",\"@id\":\"https:\/\/anderskafka.cz\/eshop\/produkt\/eos-exkluzivni-stanice-pro-mereni-klimatu-v-saune-excelent-javor\/#primaryimage\",\"inLanguage\":\"cs\",\"url\":\"https:\/\/anderskafka.cz\/eshop\/wp-content\/uploads\/sites\/3\/2022\/12\/EOS-KSEXE-JAVOR-946024_H.jpg\",\"contentUrl\":\"https:\/\/anderskafka.cz\/eshop\/wp-content\/uploads\/sites\/3\/2022\/12\/EOS-KSEXE-JAVOR-946024_H.jpg\",\"width\":700,\"height\":700},{\"@type\":\"WebPage\",\"@id\":\"https:\/\/anderskafka.cz\/eshop\/produkt\/eos-exkluzivni-stanice-pro-mereni-klimatu-v-saune-excelent-javor\/#webpage\",\"url\":\"https:\/\/anderskafka.cz\/eshop\/produkt\/eos-exkluzivni-stanice-pro-mereni-klimatu-v-saune-excelent-javor\/\",\"name\":\"EOS exkluzivn\u00ed stanice pro m\u011b\u0159en\u00ed klimatu v saun\u011b excelent javor - Anders &amp; Kafka E-SHOP\",\"isPartOf\":{\"@id\":\"https:\/\/anderskafka.cz\/eshop\/#website\"},\"primaryImageOfPage\":{\"@id\":\"https:\/\/anderskafka.cz\/eshop\/produkt\/eos-exkluzivni-stanice-pro-mereni-klimatu-v-saune-excelent-javor\/#primaryimage\"},\"datePublished\":\"2022-12-18T21:40:35+00:00\",\"dateModified\":\"2026-04-21T08:47:07+00:00\",\"description\":\"Exkluzivn\u00ed designov\u00e1 stanice pro m\u011b\u0159en\u00ed teploty a vhlkosti v saun\u011b. Kulat\u00e9 p\u0159\u00edstroje osazen\u00e9 v antracitov\u00e9 kovov\u00e9 desce s perle\u0165ov\u00fdm efektem s d\u0159ev\u011bn\u00fdm r\u00e1mem z masivn\u00edho kusu d\u0159eva - javoru. EOS, nejkvalitn\u011bj\u0161\u00ed produkty pro saunu vyroben\u00e9 v N\u011bmecku s 50ti letou tradic\u00ed.\",\"breadcrumb\":{\"@id\":\"https:\/\/anderskafka.cz\/eshop\/produkt\/eos-exkluzivni-stanice-pro-mereni-klimatu-v-saune-excelent-javor\/#breadcrumb\"},\"inLanguage\":\"cs\",\"potentialAction\":[{\"@type\":\"ReadAction\",\"target\":[\"https:\/\/anderskafka.cz\/eshop\/produkt\/eos-exkluzivni-stanice-pro-mereni-klimatu-v-saune-excelent-javor\/\"]}]},{\"@type\":\"BreadcrumbList\",\"@id\":\"https:\/\/anderskafka.cz\/eshop\/produkt\/eos-exkluzivni-stanice-pro-mereni-klimatu-v-saune-excelent-javor\/#breadcrumb\",\"itemListElement\":[{\"@type\":\"ListItem\",\"position\":1,\"name\":\"Obchod\",\"item\":\"https:\/\/anderskafka.cz\/eshop\/obchod\/\"},{\"@type\":\"ListItem\",\"position\":2,\"name\":\"EOS exkluzivn\u00ed stanice pro m\u011b\u0159en\u00ed klimatu v saun\u011b excelent javor\"}]}]}<\/script>\n<!-- \/ Yoast SEO plugin. -->","yoast_head_json":{"title":"EOS exkluzivn\u00ed stanice pro m\u011b\u0159en\u00ed klimatu v saun\u011b excelent javor - Anders &amp; Kafka E-SHOP","description":"Exkluzivn\u00ed designov\u00e1 stanice pro m\u011b\u0159en\u00ed teploty a vhlkosti v saun\u011b. Kulat\u00e9 p\u0159\u00edstroje osazen\u00e9 v antracitov\u00e9 kovov\u00e9 desce s perle\u0165ov\u00fdm efektem s d\u0159ev\u011bn\u00fdm r\u00e1mem z masivn\u00edho kusu d\u0159eva - javoru. EOS, nejkvalitn\u011bj\u0161\u00ed produkty pro saunu vyroben\u00e9 v N\u011bmecku s 50ti letou tradic\u00ed.","robots":{"index":"index","follow":"follow","max-snippet":"max-snippet:-1","max-image-preview":"max-image-preview:large","max-video-preview":"max-video-preview:-1"},"canonical":"https:\/\/anderskafka.cz\/eshop\/produkt\/eos-exkluzivni-stanice-pro-mereni-klimatu-v-saune-excelent-javor\/","og_locale":"cs_CZ","og_type":"article","og_title":"EOS exkluzivn\u00ed stanice pro m\u011b\u0159en\u00ed klimatu v saun\u011b excelent javor - Anders &amp; Kafka E-SHOP","og_description":"Exkluzivn\u00ed designov\u00e1 stanice pro m\u011b\u0159en\u00ed teploty a vhlkosti v saun\u011b. Kulat\u00e9 p\u0159\u00edstroje osazen\u00e9 v antracitov\u00e9 kovov\u00e9 desce s perle\u0165ov\u00fdm efektem s d\u0159ev\u011bn\u00fdm r\u00e1mem z masivn\u00edho kusu d\u0159eva - javoru. EOS, nejkvalitn\u011bj\u0161\u00ed produkty pro saunu vyroben\u00e9 v N\u011bmecku s 50ti letou tradic\u00ed.","og_url":"https:\/\/anderskafka.cz\/eshop\/produkt\/eos-exkluzivni-stanice-pro-mereni-klimatu-v-saune-excelent-javor\/","og_site_name":"Anders &amp; Kafka E-SHOP","article_modified_time":"2026-04-21T08:47:07+00:00","og_image":[{"width":700,"height":700,"url":"https:\/\/anderskafka.cz\/eshop\/wp-content\/uploads\/sites\/3\/2022\/12\/EOS-KSEXE-JAVOR-946024_H.jpg","type":"image\/jpeg"}],"twitter_card":"summary_large_image","schema":{"@context":"https:\/\/schema.org","@graph":[{"@type":"WebSite","@id":"https:\/\/anderskafka.cz\/eshop\/#website","url":"https:\/\/anderskafka.cz\/eshop\/","name":"Anders &amp; Kafka E-SHOP","description":"Anders &amp; Kafka E-SHOP","potentialAction":[{"@type":"SearchAction","target":{"@type":"EntryPoint","urlTemplate":"https:\/\/anderskafka.cz\/eshop\/?s={search_term_string}"},"query-input":"required name=search_term_string"}],"inLanguage":"cs"},{"@type":"ImageObject","@id":"https:\/\/anderskafka.cz\/eshop\/produkt\/eos-exkluzivni-stanice-pro-mereni-klimatu-v-saune-excelent-javor\/#primaryimage","inLanguage":"cs","url":"https:\/\/anderskafka.cz\/eshop\/wp-content\/uploads\/sites\/3\/2022\/12\/EOS-KSEXE-JAVOR-946024_H.jpg","contentUrl":"https:\/\/anderskafka.cz\/eshop\/wp-content\/uploads\/sites\/3\/2022\/12\/EOS-KSEXE-JAVOR-946024_H.jpg","width":700,"height":700},{"@type":"WebPage","@id":"https:\/\/anderskafka.cz\/eshop\/produkt\/eos-exkluzivni-stanice-pro-mereni-klimatu-v-saune-excelent-javor\/#webpage","url":"https:\/\/anderskafka.cz\/eshop\/produkt\/eos-exkluzivni-stanice-pro-mereni-klimatu-v-saune-excelent-javor\/","name":"EOS exkluzivn\u00ed stanice pro m\u011b\u0159en\u00ed klimatu v saun\u011b excelent javor - Anders &amp; Kafka E-SHOP","isPartOf":{"@id":"https:\/\/anderskafka.cz\/eshop\/#website"},"primaryImageOfPage":{"@id":"https:\/\/anderskafka.cz\/eshop\/produkt\/eos-exkluzivni-stanice-pro-mereni-klimatu-v-saune-excelent-javor\/#primaryimage"},"datePublished":"2022-12-18T21:40:35+00:00","dateModified":"2026-04-21T08:47:07+00:00","description":"Exkluzivn\u00ed designov\u00e1 stanice pro m\u011b\u0159en\u00ed teploty a vhlkosti v saun\u011b. Kulat\u00e9 p\u0159\u00edstroje osazen\u00e9 v antracitov\u00e9 kovov\u00e9 desce s perle\u0165ov\u00fdm efektem s d\u0159ev\u011bn\u00fdm r\u00e1mem z masivn\u00edho kusu d\u0159eva - javoru. EOS, nejkvalitn\u011bj\u0161\u00ed produkty pro saunu vyroben\u00e9 v N\u011bmecku s 50ti letou tradic\u00ed.","breadcrumb":{"@id":"https:\/\/anderskafka.cz\/eshop\/produkt\/eos-exkluzivni-stanice-pro-mereni-klimatu-v-saune-excelent-javor\/#breadcrumb"},"inLanguage":"cs","potentialAction":[{"@type":"ReadAction","target":["https:\/\/anderskafka.cz\/eshop\/produkt\/eos-exkluzivni-stanice-pro-mereni-klimatu-v-saune-excelent-javor\/"]}]},{"@type":"BreadcrumbList","@id":"https:\/\/anderskafka.cz\/eshop\/produkt\/eos-exkluzivni-stanice-pro-mereni-klimatu-v-saune-excelent-javor\/#breadcrumb","itemListElement":[{"@type":"ListItem","position":1,"name":"Obchod","item":"https:\/\/anderskafka.cz\/eshop\/obchod\/"},{"@type":"ListItem","position":2,"name":"EOS exkluzivn\u00ed stanice pro m\u011b\u0159en\u00ed klimatu v saun\u011b excelent javor"}]}]}},"locations":[],"_links":{"self":[{"href":"https:\/\/anderskafka.cz\/eshop\/wp-json\/wp\/v2\/product\/1441"}],"collection":[{"href":"https:\/\/anderskafka.cz\/eshop\/wp-json\/wp\/v2\/product"}],"about":[{"href":"https:\/\/anderskafka.cz\/eshop\/wp-json\/wp\/v2\/types\/product"}],"replies":[{"embeddable":true,"href":"https:\/\/anderskafka.cz\/eshop\/wp-json\/wp\/v2\/comments?post=1441"}],"wp:featuredmedia":[{"embeddable":true,"href":"https:\/\/anderskafka.cz\/eshop\/wp-json\/wp\/v2\/media\/1404"}],"wp:attachment":[{"href":"https:\/\/anderskafka.cz\/eshop\/wp-json\/wp\/v2\/media?parent=1441"}],"wp:term":[{"taxonomy":"location","embeddable":true,"href":"https:\/\/anderskafka.cz\/eshop\/wp-json\/wp\/v2\/location?post=1441"},{"taxonomy":"product_cat","embeddable":true,"href":"https:\/\/anderskafka.cz\/eshop\/wp-json\/wp\/v2\/product_cat?post=1441"},{"taxonomy":"product_tag","embeddable":true,"href":"https:\/\/anderskafka.cz\/eshop\/wp-json\/wp\/v2\/product_tag?post=1441"}],"curies":[{"name":"wp","href":"https:\/\/api.w.org\/{rel}","templated":true}]}}