{"id":14494,"date":"2026-02-05T10:20:26","date_gmt":"2026-02-05T09:20:26","guid":{"rendered":"https:\/\/anderskafka.cz\/eshop\/?post_type=product&#038;p=14494"},"modified":"2026-02-05T11:03:56","modified_gmt":"2026-02-05T10:03:56","slug":"rento-telove-maslo-s-prirodni-vuni-arktickych-bobuli-200-ml","status":"publish","type":"product","link":"https:\/\/anderskafka.cz\/eshop\/produkt\/rento-telove-maslo-s-prirodni-vuni-arktickych-bobuli-200-ml\/","title":{"rendered":"RENTO t\u011blov\u00e9 m\u00e1slo s p\u0159\u00edrodn\u00ed v\u016fn\u00ed arktick\u00fdch bobul\u00ed, 200 ml"},"content":{"rendered":"<p>Bohat\u00e9 t\u011blov\u00e9 m\u00e1slo aplikujte na m\u00edrn\u011b vlhkou \u010distou poko\u017eku po spr\u0161e nebo saun\u011b. Obsahuje zjem\u0148uj\u00edc\u00ed bambuck\u00e9 m\u00e1slo a p\u0159\u00edrodn\u00ed oleje. T\u011blov\u00e9 m\u00e1slo poko\u017eku hydratuje a dod\u00e1v\u00e1 hebk\u00fd pocit.<br \/>\nV\u016fn\u011b \u010derstv\u00fdch bobul\u00ed z Laponska dozr\u00e1l\u00fdch p\u016flno\u010dn\u00edm sluncem.<br \/>\nFinsk\u00e1 kvalita.<\/p>\n","protected":false},"excerpt":{"rendered":"<p>Bohat\u00e9 t\u011blov\u00e9 m\u00e1slo regeneruje a vy\u017eivuje poko\u017eku po saunov\u00e1n\u00ed i p\u0159i denn\u00edm pou\u017eit\u00ed. V\u016fn\u011b \u010derstv\u00fdch bobul\u00ed z Laponska dozr\u00e1l\u00fdch p\u016flno\u010dn\u00edm sluncem.<br \/>\nNavr\u017eeno a vyrobeno ve Finsku, specialistou na saunov\u00e9 dopl\u0148ky spole\u010dnost\u00ed RENTO. <img loading=\"lazy\" class=\"wp-image-135 aligncenter\" src=\"https:\/\/anderskafka.cz\/eshop\/wp-content\/uploads\/sites\/3\/2022\/06\/DesignFromFinland_web-1-300x300.png\" alt=\"\" width=\"178\" height=\"178\" \/><\/p>\n","protected":false},"featured_media":14498,"comment_status":"open","ping_status":"closed","template":"","meta":{"site-sidebar-layout":"default","site-content-layout":"default","ast-main-header-display":"","ast-hfb-above-header-display":"","ast-hfb-below-header-display":"","ast-hfb-mobile-header-display":"","site-post-title":"","ast-breadcrumbs-content":"","ast-featured-img":"","footer-sml-layout":"","theme-transparent-header-meta":"","adv-header-id-meta":"","stick-header-meta":"","header-above-stick-meta":"","header-main-stick-meta":"","header-below-stick-meta":""},"location":[],"product_cat":[109,1133,1640],"product_tag":[103],"yoast_head":"<!-- This site is optimized with the Yoast SEO plugin v18.5.1 - https:\/\/yoast.com\/wordpress\/plugins\/seo\/ -->\n<title>RENTO t\u011blov\u00e9 m\u00e1slo s p\u0159\u00edrodn\u00ed v\u016fn\u00ed arktick\u00fdch bobul\u00ed, 200 ml - Anders &amp; Kafka E-SHOP<\/title>\n<meta name=\"description\" content=\"Bohat\u00e9 t\u011blov\u00e9 m\u00e1slo regeneruje a vy\u017eivuje poko\u017eku po saunov\u00e1n\u00ed i p\u0159i denn\u00edm pou\u017eit\u00ed. V\u016fn\u011b \u010derstv\u00fdch bobul\u00ed z Laponska dozr\u00e1l\u00fdch p\u016flno\u010dn\u00edm sluncem. Navr\u017eeno a vyrobeno ve Finsku, specialistou na saunov\u00e9 dopl\u0148ky spole\u010dnost\u00ed RENTO.\" \/>\n<meta name=\"robots\" content=\"index, follow, max-snippet:-1, max-image-preview:large, max-video-preview:-1\" \/>\n<link rel=\"canonical\" href=\"https:\/\/anderskafka.cz\/eshop\/produkt\/rento-telove-maslo-s-prirodni-vuni-arktickych-bobuli-200-ml\/\" \/>\n<meta property=\"og:locale\" content=\"cs_CZ\" \/>\n<meta property=\"og:type\" content=\"article\" \/>\n<meta property=\"og:title\" content=\"RENTO t\u011blov\u00e9 m\u00e1slo s p\u0159\u00edrodn\u00ed v\u016fn\u00ed arktick\u00fdch bobul\u00ed, 200 ml - Anders &amp; Kafka E-SHOP\" \/>\n<meta property=\"og:description\" content=\"Bohat\u00e9 t\u011blov\u00e9 m\u00e1slo regeneruje a vy\u017eivuje poko\u017eku po saunov\u00e1n\u00ed i p\u0159i denn\u00edm pou\u017eit\u00ed. V\u016fn\u011b \u010derstv\u00fdch bobul\u00ed z Laponska dozr\u00e1l\u00fdch p\u016flno\u010dn\u00edm sluncem. Navr\u017eeno a vyrobeno ve Finsku, specialistou na saunov\u00e9 dopl\u0148ky spole\u010dnost\u00ed RENTO.\" \/>\n<meta property=\"og:url\" content=\"https:\/\/anderskafka.cz\/eshop\/produkt\/rento-telove-maslo-s-prirodni-vuni-arktickych-bobuli-200-ml\/\" \/>\n<meta property=\"og:site_name\" content=\"Anders &amp; Kafka E-SHOP\" \/>\n<meta property=\"article:modified_time\" content=\"2026-02-05T10:03:56+00:00\" \/>\n<meta name=\"twitter:card\" content=\"summary_large_image\" \/>\n<meta name=\"twitter:image\" content=\"https:\/\/anderskafka.cz\/eshop\/wp-content\/uploads\/sites\/3\/2026\/02\/RENTO_telovemasloabob_AndersKafka.webp\" \/>\n<meta name=\"twitter:label1\" content=\"Odhadovan\u00e1 doba \u010dten\u00ed\" \/>\n\t<meta name=\"twitter:data1\" content=\"1 minuta\" \/>\n<script type=\"application\/ld+json\" class=\"yoast-schema-graph\">{\"@context\":\"https:\/\/schema.org\",\"@graph\":[{\"@type\":\"WebSite\",\"@id\":\"https:\/\/anderskafka.cz\/eshop\/#website\",\"url\":\"https:\/\/anderskafka.cz\/eshop\/\",\"name\":\"Anders &amp; Kafka E-SHOP\",\"description\":\"Anders &amp; Kafka E-SHOP\",\"potentialAction\":[{\"@type\":\"SearchAction\",\"target\":{\"@type\":\"EntryPoint\",\"urlTemplate\":\"https:\/\/anderskafka.cz\/eshop\/?s={search_term_string}\"},\"query-input\":\"required name=search_term_string\"}],\"inLanguage\":\"cs\"},{\"@type\":\"ImageObject\",\"@id\":\"https:\/\/anderskafka.cz\/eshop\/produkt\/rento-telove-maslo-s-prirodni-vuni-arktickych-bobuli-200-ml\/#primaryimage\",\"inLanguage\":\"cs\",\"url\":\"https:\/\/anderskafka.cz\/eshop\/wp-content\/uploads\/sites\/3\/2026\/02\/RENTO_telovemasloabob_AndersKafka.webp\",\"contentUrl\":\"https:\/\/anderskafka.cz\/eshop\/wp-content\/uploads\/sites\/3\/2026\/02\/RENTO_telovemasloabob_AndersKafka.webp\",\"width\":1500,\"height\":1500},{\"@type\":\"WebPage\",\"@id\":\"https:\/\/anderskafka.cz\/eshop\/produkt\/rento-telove-maslo-s-prirodni-vuni-arktickych-bobuli-200-ml\/#webpage\",\"url\":\"https:\/\/anderskafka.cz\/eshop\/produkt\/rento-telove-maslo-s-prirodni-vuni-arktickych-bobuli-200-ml\/\",\"name\":\"RENTO t\u011blov\u00e9 m\u00e1slo s p\u0159\u00edrodn\u00ed v\u016fn\u00ed arktick\u00fdch bobul\u00ed, 200 ml - Anders &amp; Kafka E-SHOP\",\"isPartOf\":{\"@id\":\"https:\/\/anderskafka.cz\/eshop\/#website\"},\"primaryImageOfPage\":{\"@id\":\"https:\/\/anderskafka.cz\/eshop\/produkt\/rento-telove-maslo-s-prirodni-vuni-arktickych-bobuli-200-ml\/#primaryimage\"},\"datePublished\":\"2026-02-05T09:20:26+00:00\",\"dateModified\":\"2026-02-05T10:03:56+00:00\",\"description\":\"Bohat\u00e9 t\u011blov\u00e9 m\u00e1slo regeneruje a vy\u017eivuje poko\u017eku po saunov\u00e1n\u00ed i p\u0159i denn\u00edm pou\u017eit\u00ed. V\u016fn\u011b \u010derstv\u00fdch bobul\u00ed z Laponska dozr\u00e1l\u00fdch p\u016flno\u010dn\u00edm sluncem. Navr\u017eeno a vyrobeno ve Finsku, specialistou na saunov\u00e9 dopl\u0148ky spole\u010dnost\u00ed RENTO.\",\"breadcrumb\":{\"@id\":\"https:\/\/anderskafka.cz\/eshop\/produkt\/rento-telove-maslo-s-prirodni-vuni-arktickych-bobuli-200-ml\/#breadcrumb\"},\"inLanguage\":\"cs\",\"potentialAction\":[{\"@type\":\"ReadAction\",\"target\":[\"https:\/\/anderskafka.cz\/eshop\/produkt\/rento-telove-maslo-s-prirodni-vuni-arktickych-bobuli-200-ml\/\"]}]},{\"@type\":\"BreadcrumbList\",\"@id\":\"https:\/\/anderskafka.cz\/eshop\/produkt\/rento-telove-maslo-s-prirodni-vuni-arktickych-bobuli-200-ml\/#breadcrumb\",\"itemListElement\":[{\"@type\":\"ListItem\",\"position\":1,\"name\":\"Obchod\",\"item\":\"https:\/\/anderskafka.cz\/eshop\/obchod\/\"},{\"@type\":\"ListItem\",\"position\":2,\"name\":\"RENTO t\u011blov\u00e9 m\u00e1slo s p\u0159\u00edrodn\u00ed v\u016fn\u00ed arktick\u00fdch bobul\u00ed, 200 ml\"}]}]}<\/script>\n<!-- \/ Yoast SEO plugin. -->","yoast_head_json":{"title":"RENTO t\u011blov\u00e9 m\u00e1slo s p\u0159\u00edrodn\u00ed v\u016fn\u00ed arktick\u00fdch bobul\u00ed, 200 ml - Anders &amp; Kafka E-SHOP","description":"Bohat\u00e9 t\u011blov\u00e9 m\u00e1slo regeneruje a vy\u017eivuje poko\u017eku po saunov\u00e1n\u00ed i p\u0159i denn\u00edm pou\u017eit\u00ed. V\u016fn\u011b \u010derstv\u00fdch bobul\u00ed z Laponska dozr\u00e1l\u00fdch p\u016flno\u010dn\u00edm sluncem. Navr\u017eeno a vyrobeno ve Finsku, specialistou na saunov\u00e9 dopl\u0148ky spole\u010dnost\u00ed RENTO.","robots":{"index":"index","follow":"follow","max-snippet":"max-snippet:-1","max-image-preview":"max-image-preview:large","max-video-preview":"max-video-preview:-1"},"canonical":"https:\/\/anderskafka.cz\/eshop\/produkt\/rento-telove-maslo-s-prirodni-vuni-arktickych-bobuli-200-ml\/","og_locale":"cs_CZ","og_type":"article","og_title":"RENTO t\u011blov\u00e9 m\u00e1slo s p\u0159\u00edrodn\u00ed v\u016fn\u00ed arktick\u00fdch bobul\u00ed, 200 ml - Anders &amp; Kafka E-SHOP","og_description":"Bohat\u00e9 t\u011blov\u00e9 m\u00e1slo regeneruje a vy\u017eivuje poko\u017eku po saunov\u00e1n\u00ed i p\u0159i denn\u00edm pou\u017eit\u00ed. V\u016fn\u011b \u010derstv\u00fdch bobul\u00ed z Laponska dozr\u00e1l\u00fdch p\u016flno\u010dn\u00edm sluncem. Navr\u017eeno a vyrobeno ve Finsku, specialistou na saunov\u00e9 dopl\u0148ky spole\u010dnost\u00ed RENTO.","og_url":"https:\/\/anderskafka.cz\/eshop\/produkt\/rento-telove-maslo-s-prirodni-vuni-arktickych-bobuli-200-ml\/","og_site_name":"Anders &amp; Kafka E-SHOP","article_modified_time":"2026-02-05T10:03:56+00:00","twitter_card":"summary_large_image","twitter_image":"https:\/\/anderskafka.cz\/eshop\/wp-content\/uploads\/sites\/3\/2026\/02\/RENTO_telovemasloabob_AndersKafka.webp","twitter_misc":{"Odhadovan\u00e1 doba \u010dten\u00ed":"1 minuta"},"schema":{"@context":"https:\/\/schema.org","@graph":[{"@type":"WebSite","@id":"https:\/\/anderskafka.cz\/eshop\/#website","url":"https:\/\/anderskafka.cz\/eshop\/","name":"Anders &amp; Kafka E-SHOP","description":"Anders &amp; Kafka E-SHOP","potentialAction":[{"@type":"SearchAction","target":{"@type":"EntryPoint","urlTemplate":"https:\/\/anderskafka.cz\/eshop\/?s={search_term_string}"},"query-input":"required name=search_term_string"}],"inLanguage":"cs"},{"@type":"ImageObject","@id":"https:\/\/anderskafka.cz\/eshop\/produkt\/rento-telove-maslo-s-prirodni-vuni-arktickych-bobuli-200-ml\/#primaryimage","inLanguage":"cs","url":"https:\/\/anderskafka.cz\/eshop\/wp-content\/uploads\/sites\/3\/2026\/02\/RENTO_telovemasloabob_AndersKafka.webp","contentUrl":"https:\/\/anderskafka.cz\/eshop\/wp-content\/uploads\/sites\/3\/2026\/02\/RENTO_telovemasloabob_AndersKafka.webp","width":1500,"height":1500},{"@type":"WebPage","@id":"https:\/\/anderskafka.cz\/eshop\/produkt\/rento-telove-maslo-s-prirodni-vuni-arktickych-bobuli-200-ml\/#webpage","url":"https:\/\/anderskafka.cz\/eshop\/produkt\/rento-telove-maslo-s-prirodni-vuni-arktickych-bobuli-200-ml\/","name":"RENTO t\u011blov\u00e9 m\u00e1slo s p\u0159\u00edrodn\u00ed v\u016fn\u00ed arktick\u00fdch bobul\u00ed, 200 ml - Anders &amp; Kafka E-SHOP","isPartOf":{"@id":"https:\/\/anderskafka.cz\/eshop\/#website"},"primaryImageOfPage":{"@id":"https:\/\/anderskafka.cz\/eshop\/produkt\/rento-telove-maslo-s-prirodni-vuni-arktickych-bobuli-200-ml\/#primaryimage"},"datePublished":"2026-02-05T09:20:26+00:00","dateModified":"2026-02-05T10:03:56+00:00","description":"Bohat\u00e9 t\u011blov\u00e9 m\u00e1slo regeneruje a vy\u017eivuje poko\u017eku po saunov\u00e1n\u00ed i p\u0159i denn\u00edm pou\u017eit\u00ed. V\u016fn\u011b \u010derstv\u00fdch bobul\u00ed z Laponska dozr\u00e1l\u00fdch p\u016flno\u010dn\u00edm sluncem. Navr\u017eeno a vyrobeno ve Finsku, specialistou na saunov\u00e9 dopl\u0148ky spole\u010dnost\u00ed RENTO.","breadcrumb":{"@id":"https:\/\/anderskafka.cz\/eshop\/produkt\/rento-telove-maslo-s-prirodni-vuni-arktickych-bobuli-200-ml\/#breadcrumb"},"inLanguage":"cs","potentialAction":[{"@type":"ReadAction","target":["https:\/\/anderskafka.cz\/eshop\/produkt\/rento-telove-maslo-s-prirodni-vuni-arktickych-bobuli-200-ml\/"]}]},{"@type":"BreadcrumbList","@id":"https:\/\/anderskafka.cz\/eshop\/produkt\/rento-telove-maslo-s-prirodni-vuni-arktickych-bobuli-200-ml\/#breadcrumb","itemListElement":[{"@type":"ListItem","position":1,"name":"Obchod","item":"https:\/\/anderskafka.cz\/eshop\/obchod\/"},{"@type":"ListItem","position":2,"name":"RENTO t\u011blov\u00e9 m\u00e1slo s p\u0159\u00edrodn\u00ed v\u016fn\u00ed arktick\u00fdch bobul\u00ed, 200 ml"}]}]}},"locations":[],"_links":{"self":[{"href":"https:\/\/anderskafka.cz\/eshop\/wp-json\/wp\/v2\/product\/14494"}],"collection":[{"href":"https:\/\/anderskafka.cz\/eshop\/wp-json\/wp\/v2\/product"}],"about":[{"href":"https:\/\/anderskafka.cz\/eshop\/wp-json\/wp\/v2\/types\/product"}],"replies":[{"embeddable":true,"href":"https:\/\/anderskafka.cz\/eshop\/wp-json\/wp\/v2\/comments?post=14494"}],"wp:featuredmedia":[{"embeddable":true,"href":"https:\/\/anderskafka.cz\/eshop\/wp-json\/wp\/v2\/media\/14498"}],"wp:attachment":[{"href":"https:\/\/anderskafka.cz\/eshop\/wp-json\/wp\/v2\/media?parent=14494"}],"wp:term":[{"taxonomy":"location","embeddable":true,"href":"https:\/\/anderskafka.cz\/eshop\/wp-json\/wp\/v2\/location?post=14494"},{"taxonomy":"product_cat","embeddable":true,"href":"https:\/\/anderskafka.cz\/eshop\/wp-json\/wp\/v2\/product_cat?post=14494"},{"taxonomy":"product_tag","embeddable":true,"href":"https:\/\/anderskafka.cz\/eshop\/wp-json\/wp\/v2\/product_tag?post=14494"}],"curies":[{"name":"wp","href":"https:\/\/api.w.org\/{rel}","templated":true}]}}