{"id":14591,"date":"2026-02-12T07:56:32","date_gmt":"2026-02-12T06:56:32","guid":{"rendered":"https:\/\/anderskafka.cz\/eshop\/?post_type=product&#038;p=14591"},"modified":"2026-03-12T11:17:32","modified_gmt":"2026-03-12T10:17:32","slug":"greus-premium-celosklenene-dvere-do-parni-sauny-s-hlinikovym-ramem","status":"publish","type":"product","link":"https:\/\/anderskafka.cz\/eshop\/produkt\/greus-premium-celosklenene-dvere-do-parni-sauny-s-hlinikovym-ramem\/","title":{"rendered":"GREUS PREMIUM \u2013 celosklen\u011bn\u00e9 dve\u0159e do parn\u00ed sauny s hlin\u00edkov\u00fdm r\u00e1mem"},"content":{"rendered":"<p>Celosklen\u011bn\u00e9 oboustrann\u00e9 dve\u0159e s hlin\u00edkov\u00fdm r\u00e1mem, hloubka r\u00e1mu 7 cm, dod\u00e1v\u00e1 se spolu s panty, madlem a v\u00e1le\u010dkovou z\u00e1padkou.<\/p>\n<h5>V\u00fdhody:<\/h5>\n<p>&#8211; hlin\u00edkov\u00fd r\u00e1m je velmi odoln\u00fd v\u016f\u010di vlhkosti a deformaci<br \/>\n&#8211; tepeln\u011b odoln\u00e9 8 mm sklo v \u0161ed\u00e9 barv\u011b<br \/>\n&#8211; bez prahu pro pohodln\u00fd vstup do sauny<\/p>\n<h5>Mont\u00e1\u017e dve\u0159\u00ed<\/h5>\n<p>Um\u00edst\u011bte dve\u0159e na vodorovn\u00fd povrch s otev\u0159en\u00edm skla nahoru a odstra\u0148te obal.<br \/>\nChcete-li zm\u011bnit stranu otev\u00edr\u00e1n\u00ed dve\u0159\u00ed, zm\u011b\u0148te um\u00edst\u011bn\u00ed vodorovn\u00e9ho pruhu z\u00e1rubn\u011b (odmontujte \u010dty\u0159i \u0161rouby) a oto\u010dte jej o 180\u00b0 na opa\u010dnou stranu dve\u0159\u00ed. Ut\u00e1hn\u011bte \u010dty\u0159i \u0161rouby (1).<br \/>\nNasa\u010fte z\u00e1rube\u0148 do dve\u0159n\u00edho otvoru pomoc\u00ed \u0161roub\u016f (nap\u0159\u00edklad 5&#215;80, nen\u00ed sou\u010d\u00e1st\u00ed balen\u00ed) a vypl\u0148te mezery neho\u0159lavou mont\u00e1\u017en\u00ed p\u011bnou.<br \/>\nZkontrolujte, zda se sklo otev\u00edr\u00e1 a zav\u00edr\u00e1 voln\u011b a zda je vzd\u00e1lenost mezi sklem a z\u00e1rubn\u00ed rovnom\u011brn\u00e1.<br \/>\nNainstalujte dve\u0159n\u00ed kliku.<\/p>\n<p><img loading=\"lazy\" class=\"alignnone size-full wp-image-14644\" src=\"https:\/\/anderskafka.cz\/eshop\/wp-content\/uploads\/sites\/3\/2026\/02\/Snimek-obrazovky-2026-02-18-114931.png\" alt=\"\" width=\"293\" height=\"261\" srcset=\"https:\/\/anderskafka.cz\/eshop\/wp-content\/uploads\/sites\/3\/2026\/02\/Snimek-obrazovky-2026-02-18-114931.png 293w, https:\/\/anderskafka.cz\/eshop\/wp-content\/uploads\/sites\/3\/2026\/02\/Snimek-obrazovky-2026-02-18-114931-64x57.png 64w\" sizes=\"(max-width: 293px) 100vw, 293px\" \/><\/p>\n<p>Nastavte rolovac\u00ed z\u00e1mek (2) tak, aby se dve\u0159e snadno zav\u00edraly. Ujist\u011bte se, \u017ee se dve\u0159e snadno otev\u00edraj\u00ed a sklo se nezav\u00edr\u00e1 p\u0159\u00edli\u0161 t\u011bsn\u011b.<br \/>\nNainstalujte plastov\u00e9 krytky na \u0161rouby z\u00e1rubn\u011b.<\/p>\n<p><img loading=\"lazy\" class=\"alignnone wp-image-14645\" src=\"https:\/\/anderskafka.cz\/eshop\/wp-content\/uploads\/sites\/3\/2026\/02\/Snimek-obrazovky-2026-02-18-115039-300x188.png\" alt=\"\" width=\"479\" height=\"300\" srcset=\"https:\/\/anderskafka.cz\/eshop\/wp-content\/uploads\/sites\/3\/2026\/02\/Snimek-obrazovky-2026-02-18-115039-300x188.png 300w, https:\/\/anderskafka.cz\/eshop\/wp-content\/uploads\/sites\/3\/2026\/02\/Snimek-obrazovky-2026-02-18-115039-768x481.png 768w, https:\/\/anderskafka.cz\/eshop\/wp-content\/uploads\/sites\/3\/2026\/02\/Snimek-obrazovky-2026-02-18-115039-700x439.png 700w, https:\/\/anderskafka.cz\/eshop\/wp-content\/uploads\/sites\/3\/2026\/02\/Snimek-obrazovky-2026-02-18-115039-64x40.png 64w, https:\/\/anderskafka.cz\/eshop\/wp-content\/uploads\/sites\/3\/2026\/02\/Snimek-obrazovky-2026-02-18-115039.png 1002w\" sizes=\"(max-width: 479px) 100vw, 479px\" \/><\/p>\n","protected":false},"excerpt":{"rendered":"<p style=\"font-weight: 400;text-align: left\">Celosklen\u011bn\u00e9 dve\u0159e s hlin\u00edkov\u00fdm r\u00e1mem a velk\u00fdm madlem s pohodln\u00fdm \u00fachopem budou stylov\u00fdm vstupem do ka\u017ed\u00e9 parn\u00ed sauny.<\/p>\n<p>&nbsp;<\/p>\n","protected":false},"featured_media":14595,"comment_status":"open","ping_status":"closed","template":"","meta":{"site-sidebar-layout":"default","site-content-layout":"default","ast-main-header-display":"","ast-hfb-above-header-display":"","ast-hfb-below-header-display":"","ast-hfb-mobile-header-display":"","site-post-title":"","ast-breadcrumbs-content":"","ast-featured-img":"","footer-sml-layout":"","theme-transparent-header-meta":"","adv-header-id-meta":"","stick-header-meta":"","header-above-stick-meta":"","header-main-stick-meta":"","header-below-stick-meta":""},"location":[],"product_cat":[1133,48],"product_tag":[1287],"yoast_head":"<!-- This site is optimized with the Yoast SEO plugin v18.5.1 - https:\/\/yoast.com\/wordpress\/plugins\/seo\/ -->\n<title>GREUS PREMIUM \u2013 celosklen\u011bn\u00e9 dve\u0159e do parn\u00ed sauny s hlin\u00edkov\u00fdm r\u00e1mem - Anders &amp; Kafka E-SHOP<\/title>\n<meta name=\"description\" content=\"Celosklen\u011bn\u00e9 dve\u0159e s hlin\u00edkov\u00fdm r\u00e1mem a velk\u00fdm madlem s pohodln\u00fdm \u00fachopem budou stylov\u00fdm vstupem do ka\u017ed\u00e9 parn\u00ed sauny. &nbsp;\" \/>\n<meta name=\"robots\" content=\"index, follow, max-snippet:-1, max-image-preview:large, max-video-preview:-1\" \/>\n<link rel=\"canonical\" href=\"https:\/\/anderskafka.cz\/eshop\/produkt\/greus-premium-celosklenene-dvere-do-parni-sauny-s-hlinikovym-ramem\/\" \/>\n<meta property=\"og:locale\" content=\"cs_CZ\" \/>\n<meta property=\"og:type\" content=\"article\" \/>\n<meta property=\"og:title\" content=\"GREUS PREMIUM \u2013 celosklen\u011bn\u00e9 dve\u0159e do parn\u00ed sauny s hlin\u00edkov\u00fdm r\u00e1mem - Anders &amp; Kafka E-SHOP\" \/>\n<meta property=\"og:description\" content=\"Celosklen\u011bn\u00e9 dve\u0159e s hlin\u00edkov\u00fdm r\u00e1mem a velk\u00fdm madlem s pohodln\u00fdm \u00fachopem budou stylov\u00fdm vstupem do ka\u017ed\u00e9 parn\u00ed sauny. &nbsp;\" \/>\n<meta property=\"og:url\" content=\"https:\/\/anderskafka.cz\/eshop\/produkt\/greus-premium-celosklenene-dvere-do-parni-sauny-s-hlinikovym-ramem\/\" \/>\n<meta property=\"og:site_name\" content=\"Anders &amp; Kafka E-SHOP\" \/>\n<meta property=\"article:modified_time\" content=\"2026-03-12T10:17:32+00:00\" \/>\n<meta name=\"twitter:card\" content=\"summary_large_image\" \/>\n<meta name=\"twitter:image\" content=\"https:\/\/anderskafka.cz\/eshop\/wp-content\/uploads\/sites\/3\/2026\/02\/GREUS_hlinikovedverepremium1_AndersKafka.webp\" \/>\n<meta name=\"twitter:label1\" content=\"Odhadovan\u00e1 doba \u010dten\u00ed\" \/>\n\t<meta name=\"twitter:data1\" content=\"2 minuty\" \/>\n<script type=\"application\/ld+json\" class=\"yoast-schema-graph\">{\"@context\":\"https:\/\/schema.org\",\"@graph\":[{\"@type\":\"WebSite\",\"@id\":\"https:\/\/anderskafka.cz\/eshop\/#website\",\"url\":\"https:\/\/anderskafka.cz\/eshop\/\",\"name\":\"Anders &amp; Kafka E-SHOP\",\"description\":\"Anders &amp; Kafka E-SHOP\",\"potentialAction\":[{\"@type\":\"SearchAction\",\"target\":{\"@type\":\"EntryPoint\",\"urlTemplate\":\"https:\/\/anderskafka.cz\/eshop\/?s={search_term_string}\"},\"query-input\":\"required name=search_term_string\"}],\"inLanguage\":\"cs\"},{\"@type\":\"ImageObject\",\"@id\":\"https:\/\/anderskafka.cz\/eshop\/produkt\/greus-premium-celosklenene-dvere-do-parni-sauny-s-hlinikovym-ramem\/#primaryimage\",\"inLanguage\":\"cs\",\"url\":\"https:\/\/anderskafka.cz\/eshop\/wp-content\/uploads\/sites\/3\/2026\/02\/GREUS_hlinikovedverepremium1_AndersKafka.webp\",\"contentUrl\":\"https:\/\/anderskafka.cz\/eshop\/wp-content\/uploads\/sites\/3\/2026\/02\/GREUS_hlinikovedverepremium1_AndersKafka.webp\",\"width\":1500,\"height\":1500},{\"@type\":\"WebPage\",\"@id\":\"https:\/\/anderskafka.cz\/eshop\/produkt\/greus-premium-celosklenene-dvere-do-parni-sauny-s-hlinikovym-ramem\/#webpage\",\"url\":\"https:\/\/anderskafka.cz\/eshop\/produkt\/greus-premium-celosklenene-dvere-do-parni-sauny-s-hlinikovym-ramem\/\",\"name\":\"GREUS PREMIUM \u2013 celosklen\u011bn\u00e9 dve\u0159e do parn\u00ed sauny s hlin\u00edkov\u00fdm r\u00e1mem - Anders &amp; Kafka E-SHOP\",\"isPartOf\":{\"@id\":\"https:\/\/anderskafka.cz\/eshop\/#website\"},\"primaryImageOfPage\":{\"@id\":\"https:\/\/anderskafka.cz\/eshop\/produkt\/greus-premium-celosklenene-dvere-do-parni-sauny-s-hlinikovym-ramem\/#primaryimage\"},\"datePublished\":\"2026-02-12T06:56:32+00:00\",\"dateModified\":\"2026-03-12T10:17:32+00:00\",\"description\":\"Celosklen\u011bn\u00e9 dve\u0159e s hlin\u00edkov\u00fdm r\u00e1mem a velk\u00fdm madlem s pohodln\u00fdm \u00fachopem budou stylov\u00fdm vstupem do ka\u017ed\u00e9 parn\u00ed sauny. &nbsp;\",\"breadcrumb\":{\"@id\":\"https:\/\/anderskafka.cz\/eshop\/produkt\/greus-premium-celosklenene-dvere-do-parni-sauny-s-hlinikovym-ramem\/#breadcrumb\"},\"inLanguage\":\"cs\",\"potentialAction\":[{\"@type\":\"ReadAction\",\"target\":[\"https:\/\/anderskafka.cz\/eshop\/produkt\/greus-premium-celosklenene-dvere-do-parni-sauny-s-hlinikovym-ramem\/\"]}]},{\"@type\":\"BreadcrumbList\",\"@id\":\"https:\/\/anderskafka.cz\/eshop\/produkt\/greus-premium-celosklenene-dvere-do-parni-sauny-s-hlinikovym-ramem\/#breadcrumb\",\"itemListElement\":[{\"@type\":\"ListItem\",\"position\":1,\"name\":\"Obchod\",\"item\":\"https:\/\/anderskafka.cz\/eshop\/obchod\/\"},{\"@type\":\"ListItem\",\"position\":2,\"name\":\"GREUS PREMIUM \u2013 celosklen\u011bn\u00e9 dve\u0159e do parn\u00ed sauny s hlin\u00edkov\u00fdm r\u00e1mem\"}]}]}<\/script>\n<!-- \/ Yoast SEO plugin. -->","yoast_head_json":{"title":"GREUS PREMIUM \u2013 celosklen\u011bn\u00e9 dve\u0159e do parn\u00ed sauny s hlin\u00edkov\u00fdm r\u00e1mem - Anders &amp; Kafka E-SHOP","description":"Celosklen\u011bn\u00e9 dve\u0159e s hlin\u00edkov\u00fdm r\u00e1mem a velk\u00fdm madlem s pohodln\u00fdm \u00fachopem budou stylov\u00fdm vstupem do ka\u017ed\u00e9 parn\u00ed sauny. &nbsp;","robots":{"index":"index","follow":"follow","max-snippet":"max-snippet:-1","max-image-preview":"max-image-preview:large","max-video-preview":"max-video-preview:-1"},"canonical":"https:\/\/anderskafka.cz\/eshop\/produkt\/greus-premium-celosklenene-dvere-do-parni-sauny-s-hlinikovym-ramem\/","og_locale":"cs_CZ","og_type":"article","og_title":"GREUS PREMIUM \u2013 celosklen\u011bn\u00e9 dve\u0159e do parn\u00ed sauny s hlin\u00edkov\u00fdm r\u00e1mem - Anders &amp; Kafka E-SHOP","og_description":"Celosklen\u011bn\u00e9 dve\u0159e s hlin\u00edkov\u00fdm r\u00e1mem a velk\u00fdm madlem s pohodln\u00fdm \u00fachopem budou stylov\u00fdm vstupem do ka\u017ed\u00e9 parn\u00ed sauny. &nbsp;","og_url":"https:\/\/anderskafka.cz\/eshop\/produkt\/greus-premium-celosklenene-dvere-do-parni-sauny-s-hlinikovym-ramem\/","og_site_name":"Anders &amp; Kafka E-SHOP","article_modified_time":"2026-03-12T10:17:32+00:00","twitter_card":"summary_large_image","twitter_image":"https:\/\/anderskafka.cz\/eshop\/wp-content\/uploads\/sites\/3\/2026\/02\/GREUS_hlinikovedverepremium1_AndersKafka.webp","twitter_misc":{"Odhadovan\u00e1 doba \u010dten\u00ed":"2 minuty"},"schema":{"@context":"https:\/\/schema.org","@graph":[{"@type":"WebSite","@id":"https:\/\/anderskafka.cz\/eshop\/#website","url":"https:\/\/anderskafka.cz\/eshop\/","name":"Anders &amp; Kafka E-SHOP","description":"Anders &amp; Kafka E-SHOP","potentialAction":[{"@type":"SearchAction","target":{"@type":"EntryPoint","urlTemplate":"https:\/\/anderskafka.cz\/eshop\/?s={search_term_string}"},"query-input":"required name=search_term_string"}],"inLanguage":"cs"},{"@type":"ImageObject","@id":"https:\/\/anderskafka.cz\/eshop\/produkt\/greus-premium-celosklenene-dvere-do-parni-sauny-s-hlinikovym-ramem\/#primaryimage","inLanguage":"cs","url":"https:\/\/anderskafka.cz\/eshop\/wp-content\/uploads\/sites\/3\/2026\/02\/GREUS_hlinikovedverepremium1_AndersKafka.webp","contentUrl":"https:\/\/anderskafka.cz\/eshop\/wp-content\/uploads\/sites\/3\/2026\/02\/GREUS_hlinikovedverepremium1_AndersKafka.webp","width":1500,"height":1500},{"@type":"WebPage","@id":"https:\/\/anderskafka.cz\/eshop\/produkt\/greus-premium-celosklenene-dvere-do-parni-sauny-s-hlinikovym-ramem\/#webpage","url":"https:\/\/anderskafka.cz\/eshop\/produkt\/greus-premium-celosklenene-dvere-do-parni-sauny-s-hlinikovym-ramem\/","name":"GREUS PREMIUM \u2013 celosklen\u011bn\u00e9 dve\u0159e do parn\u00ed sauny s hlin\u00edkov\u00fdm r\u00e1mem - Anders &amp; Kafka E-SHOP","isPartOf":{"@id":"https:\/\/anderskafka.cz\/eshop\/#website"},"primaryImageOfPage":{"@id":"https:\/\/anderskafka.cz\/eshop\/produkt\/greus-premium-celosklenene-dvere-do-parni-sauny-s-hlinikovym-ramem\/#primaryimage"},"datePublished":"2026-02-12T06:56:32+00:00","dateModified":"2026-03-12T10:17:32+00:00","description":"Celosklen\u011bn\u00e9 dve\u0159e s hlin\u00edkov\u00fdm r\u00e1mem a velk\u00fdm madlem s pohodln\u00fdm \u00fachopem budou stylov\u00fdm vstupem do ka\u017ed\u00e9 parn\u00ed sauny. &nbsp;","breadcrumb":{"@id":"https:\/\/anderskafka.cz\/eshop\/produkt\/greus-premium-celosklenene-dvere-do-parni-sauny-s-hlinikovym-ramem\/#breadcrumb"},"inLanguage":"cs","potentialAction":[{"@type":"ReadAction","target":["https:\/\/anderskafka.cz\/eshop\/produkt\/greus-premium-celosklenene-dvere-do-parni-sauny-s-hlinikovym-ramem\/"]}]},{"@type":"BreadcrumbList","@id":"https:\/\/anderskafka.cz\/eshop\/produkt\/greus-premium-celosklenene-dvere-do-parni-sauny-s-hlinikovym-ramem\/#breadcrumb","itemListElement":[{"@type":"ListItem","position":1,"name":"Obchod","item":"https:\/\/anderskafka.cz\/eshop\/obchod\/"},{"@type":"ListItem","position":2,"name":"GREUS PREMIUM \u2013 celosklen\u011bn\u00e9 dve\u0159e do parn\u00ed sauny s hlin\u00edkov\u00fdm r\u00e1mem"}]}]}},"locations":[],"_links":{"self":[{"href":"https:\/\/anderskafka.cz\/eshop\/wp-json\/wp\/v2\/product\/14591"}],"collection":[{"href":"https:\/\/anderskafka.cz\/eshop\/wp-json\/wp\/v2\/product"}],"about":[{"href":"https:\/\/anderskafka.cz\/eshop\/wp-json\/wp\/v2\/types\/product"}],"replies":[{"embeddable":true,"href":"https:\/\/anderskafka.cz\/eshop\/wp-json\/wp\/v2\/comments?post=14591"}],"wp:featuredmedia":[{"embeddable":true,"href":"https:\/\/anderskafka.cz\/eshop\/wp-json\/wp\/v2\/media\/14595"}],"wp:attachment":[{"href":"https:\/\/anderskafka.cz\/eshop\/wp-json\/wp\/v2\/media?parent=14591"}],"wp:term":[{"taxonomy":"location","embeddable":true,"href":"https:\/\/anderskafka.cz\/eshop\/wp-json\/wp\/v2\/location?post=14591"},{"taxonomy":"product_cat","embeddable":true,"href":"https:\/\/anderskafka.cz\/eshop\/wp-json\/wp\/v2\/product_cat?post=14591"},{"taxonomy":"product_tag","embeddable":true,"href":"https:\/\/anderskafka.cz\/eshop\/wp-json\/wp\/v2\/product_tag?post=14591"}],"curies":[{"name":"wp","href":"https:\/\/api.w.org\/{rel}","templated":true}]}}