{"id":1476,"date":"2022-12-19T15:07:25","date_gmt":"2022-12-19T14:07:25","guid":{"rendered":"https:\/\/anderskafka.cz\/eshop\/?post_type=product&#038;p=1476"},"modified":"2026-04-29T07:35:39","modified_gmt":"2026-04-29T05:35:39","slug":"eliga-piskove-presypaci-hodiny-na-masivnim-drevenem-podkladu-z-thermo-wood","status":"publish","type":"product","link":"https:\/\/anderskafka.cz\/eshop\/produkt\/eliga-piskove-presypaci-hodiny-na-masivnim-drevenem-podkladu-z-thermo-wood\/","title":{"rendered":"ELIGA saunov\u00e9 p\u00edskov\u00e9 p\u0159es\u00fdpac\u00ed hodiny na masivn\u00edm d\u0159ev\u011bn\u00e9m podkladu z thermo wood"},"content":{"rendered":"<p>Stylov\u00e9 p\u0159es\u00fdpac\u00ed hodiny do sauny ELIGA na masivn\u00edm d\u0159ev\u011bn\u00e9m oto\u010dn\u00e9m podkladu z thermowoodu s minutovou stupnic\u00ed a se sklen\u011bn\u00fdm v\u00e1lcem pln\u011bn\u00fdm b\u00edl\u00fdm p\u00edskem. Doba p\u0159es\u00fdp\u00e1n\u00ed je cca 15 minut s toleranc\u00ed +\/-2 minuty.<br \/>\nP\u0159es\u00fdpac\u00ed hodiny odm\u011b\u0159uj\u00ed 15 minut, co\u017e je nejobl\u00edben\u011bj\u0161\u00ed doba jednoho saunovac\u00edho cyklu. Hodiny jsou ur\u010deny pro pou\u017eit\u00ed v interi\u00e9rov\u00fdch saun\u00e1ch, tak\u017ee vydr\u017e\u00ed i vysok\u00e9 teploty. Okoln\u00ed teplota v prost\u0159ed\u00ed, kde jsou um\u00edst\u011bny, by nem\u011bla klesnout pod 5 \u00b0C. Hroz\u00ed nebezpe\u010d\u00ed vysr\u00e1\u017een\u00ed vody v p\u00edsku a p\u0159es\u00fdpac\u00ed hodiny by se mohly znehodnotit. V p\u0159\u00edpad\u011b vysr\u00e1\u017een\u00ed vody a neplynul\u00e9mu p\u0159es\u00fdp\u00e1n\u00ed p\u00edsku nechte p\u0159es\u00fdpac\u00ed hodiny p\u00e1r dn\u00ed v pokojov\u00e9 teplot\u011b vyschnout a pot\u00e9 znovu um\u00edst\u011bte do sauny.<br \/>\nUm\u00edstit je m\u016f\u017eete kdekoliv v saun\u011b pomoc\u00ed dvou skryt\u00fdch vrut\u016f tak, aby se dala vrchn\u00ed \u010d\u00e1st hodin ot\u00e1\u010det.<\/p>\n","protected":false},"excerpt":{"rendered":"<p>Stylov\u00e9 p\u0159es\u00fdpac\u00ed hodiny do sauny ELIGA na masivn\u00edm d\u0159ev\u011bn\u00e9m oto\u010dn\u00e9m podkladu z thermowoodu, s minutovou stupnic\u00ed a se sklen\u011bn\u00fdm v\u00e1lcem pln\u011bn\u00fdm b\u00edl\u00fdm p\u00edskem. Doba p\u0159es\u00fdp\u00e1n\u00ed je cca 15 minut.<br \/>\nN\u011bmeck\u00e1 spole\u010dnost ELIGA Saunatechnik GmbH je specialistou na saunovou techniku &amp; wellness s mnohalet\u00fdmi zku\u0161enostmi a know-how s v\u00fdrobou saunov\u00fdch dopl\u0148k\u016f a technologi\u00ed.<\/p>\n","protected":false},"featured_media":4296,"comment_status":"open","ping_status":"closed","template":"","meta":{"site-sidebar-layout":"default","site-content-layout":"default","ast-main-header-display":"","ast-hfb-above-header-display":"","ast-hfb-below-header-display":"","ast-hfb-mobile-header-display":"","site-post-title":"","ast-breadcrumbs-content":"","ast-featured-img":"","footer-sml-layout":"","theme-transparent-header-meta":"","adv-header-id-meta":"","stick-header-meta":"","header-above-stick-meta":"","header-main-stick-meta":"","header-below-stick-meta":""},"location":[],"product_cat":[1673,29],"product_tag":[461],"yoast_head":"<!-- This site is optimized with the Yoast SEO plugin v18.5.1 - https:\/\/yoast.com\/wordpress\/plugins\/seo\/ -->\n<title>ELIGA saunov\u00e9 p\u00edskov\u00e9 p\u0159es\u00fdpac\u00ed hodiny na masivn\u00edm d\u0159ev\u011bn\u00e9m podkladu z thermo wood - Anders &amp; Kafka E-SHOP<\/title>\n<meta name=\"description\" content=\"Stylov\u00e9 p\u0159es\u00fdpac\u00ed hodiny do sauny ELIGA na masivn\u00edm d\u0159ev\u011bn\u00e9m oto\u010dn\u00e9m podkladu z thermowoodu, s minutovou stupnic\u00ed a se sklen\u011bn\u00fdm v\u00e1lcem pln\u011bn\u00fdm b\u00edl\u00fdm p\u00edskem. Doba p\u0159es\u00fdp\u00e1n\u00ed je cca 15 minut. N\u011bmeck\u00e1 spole\u010dnost ELIGA Saunatechnik GmbH je specialistou na saunovou techniku &amp; wellness s mnohalet\u00fdmi zku\u0161enostmi a know-how s v\u00fdrobou saunov\u00fdch dopl\u0148k\u016f a technologi\u00ed.\" \/>\n<meta name=\"robots\" content=\"index, follow, max-snippet:-1, max-image-preview:large, max-video-preview:-1\" \/>\n<link rel=\"canonical\" href=\"https:\/\/anderskafka.cz\/eshop\/produkt\/eliga-piskove-presypaci-hodiny-na-masivnim-drevenem-podkladu-z-thermo-wood\/\" \/>\n<meta property=\"og:locale\" content=\"cs_CZ\" \/>\n<meta property=\"og:type\" content=\"article\" \/>\n<meta property=\"og:title\" content=\"ELIGA saunov\u00e9 p\u00edskov\u00e9 p\u0159es\u00fdpac\u00ed hodiny na masivn\u00edm d\u0159ev\u011bn\u00e9m podkladu z thermo wood - Anders &amp; Kafka E-SHOP\" \/>\n<meta property=\"og:description\" content=\"Stylov\u00e9 p\u0159es\u00fdpac\u00ed hodiny do sauny ELIGA na masivn\u00edm d\u0159ev\u011bn\u00e9m oto\u010dn\u00e9m podkladu z thermowoodu, s minutovou stupnic\u00ed a se sklen\u011bn\u00fdm v\u00e1lcem pln\u011bn\u00fdm b\u00edl\u00fdm p\u00edskem. Doba p\u0159es\u00fdp\u00e1n\u00ed je cca 15 minut. N\u011bmeck\u00e1 spole\u010dnost ELIGA Saunatechnik GmbH je specialistou na saunovou techniku &amp; wellness s mnohalet\u00fdmi zku\u0161enostmi a know-how s v\u00fdrobou saunov\u00fdch dopl\u0148k\u016f a technologi\u00ed.\" \/>\n<meta property=\"og:url\" content=\"https:\/\/anderskafka.cz\/eshop\/produkt\/eliga-piskove-presypaci-hodiny-na-masivnim-drevenem-podkladu-z-thermo-wood\/\" \/>\n<meta property=\"og:site_name\" content=\"Anders &amp; Kafka E-SHOP\" \/>\n<meta property=\"article:modified_time\" content=\"2026-04-29T05:35:39+00:00\" \/>\n<meta property=\"og:image\" content=\"https:\/\/anderskafka.cz\/eshop\/wp-content\/uploads\/sites\/3\/2022\/12\/ELI-PRESHOD-THERWOOD-833100_H-1.jpg\" \/>\n\t<meta property=\"og:image:width\" content=\"864\" \/>\n\t<meta property=\"og:image:height\" content=\"864\" \/>\n\t<meta property=\"og:image:type\" content=\"image\/jpeg\" \/>\n<meta name=\"twitter:card\" content=\"summary_large_image\" \/>\n<meta name=\"twitter:label1\" content=\"Odhadovan\u00e1 doba \u010dten\u00ed\" \/>\n\t<meta name=\"twitter:data1\" content=\"1 minuta\" \/>\n<script type=\"application\/ld+json\" class=\"yoast-schema-graph\">{\"@context\":\"https:\/\/schema.org\",\"@graph\":[{\"@type\":\"WebSite\",\"@id\":\"https:\/\/anderskafka.cz\/eshop\/#website\",\"url\":\"https:\/\/anderskafka.cz\/eshop\/\",\"name\":\"Anders &amp; Kafka E-SHOP\",\"description\":\"Anders &amp; Kafka E-SHOP\",\"potentialAction\":[{\"@type\":\"SearchAction\",\"target\":{\"@type\":\"EntryPoint\",\"urlTemplate\":\"https:\/\/anderskafka.cz\/eshop\/?s={search_term_string}\"},\"query-input\":\"required name=search_term_string\"}],\"inLanguage\":\"cs\"},{\"@type\":\"ImageObject\",\"@id\":\"https:\/\/anderskafka.cz\/eshop\/produkt\/eliga-piskove-presypaci-hodiny-na-masivnim-drevenem-podkladu-z-thermo-wood\/#primaryimage\",\"inLanguage\":\"cs\",\"url\":\"https:\/\/anderskafka.cz\/eshop\/wp-content\/uploads\/sites\/3\/2022\/12\/ELI-PRESHOD-THERWOOD-833100_H-1.jpg\",\"contentUrl\":\"https:\/\/anderskafka.cz\/eshop\/wp-content\/uploads\/sites\/3\/2022\/12\/ELI-PRESHOD-THERWOOD-833100_H-1.jpg\",\"width\":864,\"height\":864},{\"@type\":\"WebPage\",\"@id\":\"https:\/\/anderskafka.cz\/eshop\/produkt\/eliga-piskove-presypaci-hodiny-na-masivnim-drevenem-podkladu-z-thermo-wood\/#webpage\",\"url\":\"https:\/\/anderskafka.cz\/eshop\/produkt\/eliga-piskove-presypaci-hodiny-na-masivnim-drevenem-podkladu-z-thermo-wood\/\",\"name\":\"ELIGA saunov\u00e9 p\u00edskov\u00e9 p\u0159es\u00fdpac\u00ed hodiny na masivn\u00edm d\u0159ev\u011bn\u00e9m podkladu z thermo wood - Anders &amp; Kafka E-SHOP\",\"isPartOf\":{\"@id\":\"https:\/\/anderskafka.cz\/eshop\/#website\"},\"primaryImageOfPage\":{\"@id\":\"https:\/\/anderskafka.cz\/eshop\/produkt\/eliga-piskove-presypaci-hodiny-na-masivnim-drevenem-podkladu-z-thermo-wood\/#primaryimage\"},\"datePublished\":\"2022-12-19T14:07:25+00:00\",\"dateModified\":\"2026-04-29T05:35:39+00:00\",\"description\":\"Stylov\u00e9 p\u0159es\u00fdpac\u00ed hodiny do sauny ELIGA na masivn\u00edm d\u0159ev\u011bn\u00e9m oto\u010dn\u00e9m podkladu z thermowoodu, s minutovou stupnic\u00ed a se sklen\u011bn\u00fdm v\u00e1lcem pln\u011bn\u00fdm b\u00edl\u00fdm p\u00edskem. Doba p\u0159es\u00fdp\u00e1n\u00ed je cca 15 minut. N\u011bmeck\u00e1 spole\u010dnost ELIGA Saunatechnik GmbH je specialistou na saunovou techniku &amp; wellness s mnohalet\u00fdmi zku\u0161enostmi a know-how s v\u00fdrobou saunov\u00fdch dopl\u0148k\u016f a technologi\u00ed.\",\"breadcrumb\":{\"@id\":\"https:\/\/anderskafka.cz\/eshop\/produkt\/eliga-piskove-presypaci-hodiny-na-masivnim-drevenem-podkladu-z-thermo-wood\/#breadcrumb\"},\"inLanguage\":\"cs\",\"potentialAction\":[{\"@type\":\"ReadAction\",\"target\":[\"https:\/\/anderskafka.cz\/eshop\/produkt\/eliga-piskove-presypaci-hodiny-na-masivnim-drevenem-podkladu-z-thermo-wood\/\"]}]},{\"@type\":\"BreadcrumbList\",\"@id\":\"https:\/\/anderskafka.cz\/eshop\/produkt\/eliga-piskove-presypaci-hodiny-na-masivnim-drevenem-podkladu-z-thermo-wood\/#breadcrumb\",\"itemListElement\":[{\"@type\":\"ListItem\",\"position\":1,\"name\":\"Obchod\",\"item\":\"https:\/\/anderskafka.cz\/eshop\/obchod\/\"},{\"@type\":\"ListItem\",\"position\":2,\"name\":\"ELIGA saunov\u00e9 p\u00edskov\u00e9 p\u0159es\u00fdpac\u00ed hodiny na masivn\u00edm d\u0159ev\u011bn\u00e9m podkladu z thermo wood\"}]}]}<\/script>\n<!-- \/ Yoast SEO plugin. -->","yoast_head_json":{"title":"ELIGA saunov\u00e9 p\u00edskov\u00e9 p\u0159es\u00fdpac\u00ed hodiny na masivn\u00edm d\u0159ev\u011bn\u00e9m podkladu z thermo wood - Anders &amp; Kafka E-SHOP","description":"Stylov\u00e9 p\u0159es\u00fdpac\u00ed hodiny do sauny ELIGA na masivn\u00edm d\u0159ev\u011bn\u00e9m oto\u010dn\u00e9m podkladu z thermowoodu, s minutovou stupnic\u00ed a se sklen\u011bn\u00fdm v\u00e1lcem pln\u011bn\u00fdm b\u00edl\u00fdm p\u00edskem. Doba p\u0159es\u00fdp\u00e1n\u00ed je cca 15 minut. N\u011bmeck\u00e1 spole\u010dnost ELIGA Saunatechnik GmbH je specialistou na saunovou techniku &amp; wellness s mnohalet\u00fdmi zku\u0161enostmi a know-how s v\u00fdrobou saunov\u00fdch dopl\u0148k\u016f a technologi\u00ed.","robots":{"index":"index","follow":"follow","max-snippet":"max-snippet:-1","max-image-preview":"max-image-preview:large","max-video-preview":"max-video-preview:-1"},"canonical":"https:\/\/anderskafka.cz\/eshop\/produkt\/eliga-piskove-presypaci-hodiny-na-masivnim-drevenem-podkladu-z-thermo-wood\/","og_locale":"cs_CZ","og_type":"article","og_title":"ELIGA saunov\u00e9 p\u00edskov\u00e9 p\u0159es\u00fdpac\u00ed hodiny na masivn\u00edm d\u0159ev\u011bn\u00e9m podkladu z thermo wood - Anders &amp; Kafka E-SHOP","og_description":"Stylov\u00e9 p\u0159es\u00fdpac\u00ed hodiny do sauny ELIGA na masivn\u00edm d\u0159ev\u011bn\u00e9m oto\u010dn\u00e9m podkladu z thermowoodu, s minutovou stupnic\u00ed a se sklen\u011bn\u00fdm v\u00e1lcem pln\u011bn\u00fdm b\u00edl\u00fdm p\u00edskem. Doba p\u0159es\u00fdp\u00e1n\u00ed je cca 15 minut. N\u011bmeck\u00e1 spole\u010dnost ELIGA Saunatechnik GmbH je specialistou na saunovou techniku &amp; wellness s mnohalet\u00fdmi zku\u0161enostmi a know-how s v\u00fdrobou saunov\u00fdch dopl\u0148k\u016f a technologi\u00ed.","og_url":"https:\/\/anderskafka.cz\/eshop\/produkt\/eliga-piskove-presypaci-hodiny-na-masivnim-drevenem-podkladu-z-thermo-wood\/","og_site_name":"Anders &amp; Kafka E-SHOP","article_modified_time":"2026-04-29T05:35:39+00:00","og_image":[{"width":864,"height":864,"url":"https:\/\/anderskafka.cz\/eshop\/wp-content\/uploads\/sites\/3\/2022\/12\/ELI-PRESHOD-THERWOOD-833100_H-1.jpg","type":"image\/jpeg"}],"twitter_card":"summary_large_image","twitter_misc":{"Odhadovan\u00e1 doba \u010dten\u00ed":"1 minuta"},"schema":{"@context":"https:\/\/schema.org","@graph":[{"@type":"WebSite","@id":"https:\/\/anderskafka.cz\/eshop\/#website","url":"https:\/\/anderskafka.cz\/eshop\/","name":"Anders &amp; Kafka E-SHOP","description":"Anders &amp; Kafka E-SHOP","potentialAction":[{"@type":"SearchAction","target":{"@type":"EntryPoint","urlTemplate":"https:\/\/anderskafka.cz\/eshop\/?s={search_term_string}"},"query-input":"required name=search_term_string"}],"inLanguage":"cs"},{"@type":"ImageObject","@id":"https:\/\/anderskafka.cz\/eshop\/produkt\/eliga-piskove-presypaci-hodiny-na-masivnim-drevenem-podkladu-z-thermo-wood\/#primaryimage","inLanguage":"cs","url":"https:\/\/anderskafka.cz\/eshop\/wp-content\/uploads\/sites\/3\/2022\/12\/ELI-PRESHOD-THERWOOD-833100_H-1.jpg","contentUrl":"https:\/\/anderskafka.cz\/eshop\/wp-content\/uploads\/sites\/3\/2022\/12\/ELI-PRESHOD-THERWOOD-833100_H-1.jpg","width":864,"height":864},{"@type":"WebPage","@id":"https:\/\/anderskafka.cz\/eshop\/produkt\/eliga-piskove-presypaci-hodiny-na-masivnim-drevenem-podkladu-z-thermo-wood\/#webpage","url":"https:\/\/anderskafka.cz\/eshop\/produkt\/eliga-piskove-presypaci-hodiny-na-masivnim-drevenem-podkladu-z-thermo-wood\/","name":"ELIGA saunov\u00e9 p\u00edskov\u00e9 p\u0159es\u00fdpac\u00ed hodiny na masivn\u00edm d\u0159ev\u011bn\u00e9m podkladu z thermo wood - Anders &amp; Kafka E-SHOP","isPartOf":{"@id":"https:\/\/anderskafka.cz\/eshop\/#website"},"primaryImageOfPage":{"@id":"https:\/\/anderskafka.cz\/eshop\/produkt\/eliga-piskove-presypaci-hodiny-na-masivnim-drevenem-podkladu-z-thermo-wood\/#primaryimage"},"datePublished":"2022-12-19T14:07:25+00:00","dateModified":"2026-04-29T05:35:39+00:00","description":"Stylov\u00e9 p\u0159es\u00fdpac\u00ed hodiny do sauny ELIGA na masivn\u00edm d\u0159ev\u011bn\u00e9m oto\u010dn\u00e9m podkladu z thermowoodu, s minutovou stupnic\u00ed a se sklen\u011bn\u00fdm v\u00e1lcem pln\u011bn\u00fdm b\u00edl\u00fdm p\u00edskem. Doba p\u0159es\u00fdp\u00e1n\u00ed je cca 15 minut. N\u011bmeck\u00e1 spole\u010dnost ELIGA Saunatechnik GmbH je specialistou na saunovou techniku &amp; wellness s mnohalet\u00fdmi zku\u0161enostmi a know-how s v\u00fdrobou saunov\u00fdch dopl\u0148k\u016f a technologi\u00ed.","breadcrumb":{"@id":"https:\/\/anderskafka.cz\/eshop\/produkt\/eliga-piskove-presypaci-hodiny-na-masivnim-drevenem-podkladu-z-thermo-wood\/#breadcrumb"},"inLanguage":"cs","potentialAction":[{"@type":"ReadAction","target":["https:\/\/anderskafka.cz\/eshop\/produkt\/eliga-piskove-presypaci-hodiny-na-masivnim-drevenem-podkladu-z-thermo-wood\/"]}]},{"@type":"BreadcrumbList","@id":"https:\/\/anderskafka.cz\/eshop\/produkt\/eliga-piskove-presypaci-hodiny-na-masivnim-drevenem-podkladu-z-thermo-wood\/#breadcrumb","itemListElement":[{"@type":"ListItem","position":1,"name":"Obchod","item":"https:\/\/anderskafka.cz\/eshop\/obchod\/"},{"@type":"ListItem","position":2,"name":"ELIGA saunov\u00e9 p\u00edskov\u00e9 p\u0159es\u00fdpac\u00ed hodiny na masivn\u00edm d\u0159ev\u011bn\u00e9m podkladu z thermo wood"}]}]}},"locations":[],"_links":{"self":[{"href":"https:\/\/anderskafka.cz\/eshop\/wp-json\/wp\/v2\/product\/1476"}],"collection":[{"href":"https:\/\/anderskafka.cz\/eshop\/wp-json\/wp\/v2\/product"}],"about":[{"href":"https:\/\/anderskafka.cz\/eshop\/wp-json\/wp\/v2\/types\/product"}],"replies":[{"embeddable":true,"href":"https:\/\/anderskafka.cz\/eshop\/wp-json\/wp\/v2\/comments?post=1476"}],"wp:featuredmedia":[{"embeddable":true,"href":"https:\/\/anderskafka.cz\/eshop\/wp-json\/wp\/v2\/media\/4296"}],"wp:attachment":[{"href":"https:\/\/anderskafka.cz\/eshop\/wp-json\/wp\/v2\/media?parent=1476"}],"wp:term":[{"taxonomy":"location","embeddable":true,"href":"https:\/\/anderskafka.cz\/eshop\/wp-json\/wp\/v2\/location?post=1476"},{"taxonomy":"product_cat","embeddable":true,"href":"https:\/\/anderskafka.cz\/eshop\/wp-json\/wp\/v2\/product_cat?post=1476"},{"taxonomy":"product_tag","embeddable":true,"href":"https:\/\/anderskafka.cz\/eshop\/wp-json\/wp\/v2\/product_tag?post=1476"}],"curies":[{"name":"wp","href":"https:\/\/api.w.org\/{rel}","templated":true}]}}