{"id":14932,"date":"2026-03-13T10:22:26","date_gmt":"2026-03-13T09:22:26","guid":{"rendered":"https:\/\/anderskafka.cz\/eshop\/?post_type=product&#038;p=14932"},"modified":"2026-03-13T11:11:11","modified_gmt":"2026-03-13T10:11:11","slug":"huum-podlozka-pod-kamna-hive-flow-ls","status":"publish","type":"product","link":"https:\/\/anderskafka.cz\/eshop\/produkt\/huum-podlozka-pod-kamna-hive-flow-ls\/","title":{"rendered":"HUUM podlo\u017eka pod kamna hive flow LS"},"content":{"rendered":"<p style=\"font-weight: 400\">Ochrann\u00e1 podlo\u017eka je ur\u010dena pro pou\u017eit\u00ed p\u0159i um\u00edst\u011bn\u00ed kamen na d\u0159ev\u011bnou podlahu nebo jinou podlahu z ho\u0159lav\u00e9ho materi\u00e1lu. Chr\u00e1n\u00ed podlahu z ho\u0159lav\u00e9ho materi\u00e1lu. Instalaci doporu\u010dujeme tak\u00e9 v p\u0159\u00edpad\u011b, \u017ee je v podlaze pod saunov\u00fdmi kamny potrub\u00ed vodn\u00edho podlahov\u00e9ho vyt\u00e1p\u011bn\u00ed. Podlo\u017eka chr\u00e1n\u00ed podlahu a potrub\u00ed.<br \/>\nZ\u00e1ruka 5 let.<br \/>\nMaxim\u00e1ln\u00ed nosnost: 300 kg.<br \/>\n<span class=\"y2iqfc\">Rychl\u00e1 a snadn\u00e1 mont\u00e1\u017e.<br \/>\n<\/span>Ur\u010deno pro mont\u00e1\u017e na podlahu.<br \/>\nNastaviteln\u00e1 v\u00fd\u0161ka no\u017ei\u010dek, v\u00fd\u0161ka vrchn\u00ed hrany podlo\u017eky\u00a0 56 a\u017e 65 mm.<br \/>\nNastavte v\u00fd\u0161ku nohou tak, aby ochrann\u00e1 podlo\u017eka byla vodorovn\u00e1, pevn\u00e1 a aby se nehoupala.\u00a0Um\u00edst\u011bte kamna do st\u0159edu podlo\u017eky.<\/p>\n","protected":false},"excerpt":{"rendered":"<p style=\"font-weight: 400;text-align: left\">Ochrann\u00e1 podlo\u017eka je ur\u010dena pro pou\u017eit\u00ed p\u0159i um\u00edst\u011bn\u00ed kamen na d\u0159ev\u011bnou podlahu nebo jinou podlahu z ho\u0159lav\u00e9ho materi\u00e1lu. Chr\u00e1n\u00ed podlahu z ho\u0159lav\u00e9ho materi\u00e1lu. Podlo\u017eka S je ur\u010dena pro kamna Hive flow mini LS, podlo\u017eka L pro kamna Hive flow LS.<\/p>\n<p>Saunov\u00e9 produkty spole\u010dnosti HUUM inspirovan\u00e9 p\u0159\u00edrodou kombinuj\u00ed starod\u00e1vn\u00e9 estonsk\u00e9 saunov\u00e9 d\u011bdictv\u00ed, m\u00edrnou p\u00e1ru a modern\u00ed technologii.<\/p>\n<p><img loading=\"lazy\" class=\"alignnone size-full wp-image-4250 aligncenter\" src=\"https:\/\/anderskafka.cz\/eshop\/wp-content\/uploads\/sites\/3\/2023\/10\/Unknown-2.png\" alt=\"\" width=\"225\" height=\"225\" srcset=\"https:\/\/anderskafka.cz\/eshop\/wp-content\/uploads\/sites\/3\/2023\/10\/Unknown-2.png 225w, https:\/\/anderskafka.cz\/eshop\/wp-content\/uploads\/sites\/3\/2023\/10\/Unknown-2-150x150.png 150w, https:\/\/anderskafka.cz\/eshop\/wp-content\/uploads\/sites\/3\/2023\/10\/Unknown-2-100x100.png 100w, https:\/\/anderskafka.cz\/eshop\/wp-content\/uploads\/sites\/3\/2023\/10\/Unknown-2-64x64.png 64w\" sizes=\"(max-width: 225px) 100vw, 225px\" \/><\/p>\n<div>\n<table border=\"0\" width=\"555\" cellspacing=\"0\" cellpadding=\"0\">\n<colgroup>\n<col width=\"239\" \/>\n<col width=\"175\" \/>\n<col width=\"141\" \/><\/colgroup>\n<tbody>\n<tr>\n<td class=\"xl66\" style=\"text-align: center\" width=\"239\" height=\"25\">velikost<\/td>\n<td class=\"xl66\" style=\"text-align: center\" width=\"175\">\u0161\u00ed\u0159ka (cm<span class=\"font5\">)<\/span><\/td>\n<td class=\"xl65\" style=\"text-align: center\" width=\"141\">d\u00e9lka (cm)<\/td>\n<\/tr>\n<tr>\n<td class=\"xl67\" style=\"text-align: center\" height=\"21\">S (pro Hive flow Mini LS)<\/td>\n<td class=\"xl68\" style=\"text-align: center\">50<\/td>\n<td class=\"xl65\" style=\"text-align: center\">50<\/td>\n<\/tr>\n<tr>\n<td class=\"xl65\" style=\"text-align: center\" height=\"21\">L (pro Hive flow LS)<\/td>\n<td class=\"xl68\" style=\"text-align: center\">55<\/td>\n<td class=\"xl65\" style=\"text-align: center\">65<\/td>\n<\/tr>\n<\/tbody>\n<\/table>\n<\/div>\n","protected":false},"featured_media":14935,"comment_status":"open","ping_status":"closed","template":"","meta":{"site-sidebar-layout":"default","site-content-layout":"default","ast-main-header-display":"","ast-hfb-above-header-display":"","ast-hfb-below-header-display":"","ast-hfb-mobile-header-display":"","site-post-title":"","ast-breadcrumbs-content":"","ast-featured-img":"","footer-sml-layout":"","theme-transparent-header-meta":"","adv-header-id-meta":"","stick-header-meta":"","header-above-stick-meta":"","header-main-stick-meta":"","header-below-stick-meta":""},"location":[],"product_cat":[1185],"product_tag":[1028],"yoast_head":"<!-- This site is optimized with the Yoast SEO plugin v18.5.1 - https:\/\/yoast.com\/wordpress\/plugins\/seo\/ -->\n<title>HUUM podlo\u017eka pod kamna hive flow LS - Anders &amp; Kafka E-SHOP<\/title>\n<meta name=\"description\" content=\"Ochrann\u00e1 podlo\u017eka je ur\u010dena pro pou\u017eit\u00ed p\u0159i um\u00edst\u011bn\u00ed kamen na d\u0159ev\u011bnou podlahu nebo jinou podlahu z ho\u0159lav\u00e9ho materi\u00e1lu. Chr\u00e1n\u00ed podlahu z ho\u0159lav\u00e9ho materi\u00e1lu. Podlo\u017eka S je ur\u010dena pro kamna Hive flow mini LS, podlo\u017eka L pro kamna Hive flow LS. Saunov\u00e9 produkty spole\u010dnosti HUUM inspirovan\u00e9 p\u0159\u00edrodou kombinuj\u00ed starod\u00e1vn\u00e9 estonsk\u00e9 saunov\u00e9 d\u011bdictv\u00ed, m\u00edrnou p\u00e1ru a modern\u00ed technologii.         velikost \u0161\u00ed\u0159ka (cm) d\u00e9lka (cm)   S (pro Hive flow Mini LS) 50 50   L (pro Hive flow LS) 55 65\" \/>\n<meta name=\"robots\" content=\"index, follow, max-snippet:-1, max-image-preview:large, max-video-preview:-1\" \/>\n<link rel=\"canonical\" href=\"https:\/\/anderskafka.cz\/eshop\/produkt\/huum-podlozka-pod-kamna-hive-flow-ls\/\" \/>\n<meta property=\"og:locale\" content=\"cs_CZ\" \/>\n<meta property=\"og:type\" content=\"article\" \/>\n<meta property=\"og:title\" content=\"HUUM podlo\u017eka pod kamna hive flow LS - Anders &amp; Kafka E-SHOP\" \/>\n<meta property=\"og:description\" content=\"Ochrann\u00e1 podlo\u017eka je ur\u010dena pro pou\u017eit\u00ed p\u0159i um\u00edst\u011bn\u00ed kamen na d\u0159ev\u011bnou podlahu nebo jinou podlahu z ho\u0159lav\u00e9ho materi\u00e1lu. Chr\u00e1n\u00ed podlahu z ho\u0159lav\u00e9ho materi\u00e1lu. Podlo\u017eka S je ur\u010dena pro kamna Hive flow mini LS, podlo\u017eka L pro kamna Hive flow LS. Saunov\u00e9 produkty spole\u010dnosti HUUM inspirovan\u00e9 p\u0159\u00edrodou kombinuj\u00ed starod\u00e1vn\u00e9 estonsk\u00e9 saunov\u00e9 d\u011bdictv\u00ed, m\u00edrnou p\u00e1ru a modern\u00ed technologii.         velikost \u0161\u00ed\u0159ka (cm) d\u00e9lka (cm)   S (pro Hive flow Mini LS) 50 50   L (pro Hive flow LS) 55 65\" \/>\n<meta property=\"og:url\" content=\"https:\/\/anderskafka.cz\/eshop\/produkt\/huum-podlozka-pod-kamna-hive-flow-ls\/\" \/>\n<meta property=\"og:site_name\" content=\"Anders &amp; Kafka E-SHOP\" \/>\n<meta property=\"article:modified_time\" content=\"2026-03-13T10:11:11+00:00\" \/>\n<meta name=\"twitter:card\" content=\"summary_large_image\" \/>\n<meta name=\"twitter:image\" content=\"https:\/\/anderskafka.cz\/eshop\/wp-content\/uploads\/sites\/3\/2026\/03\/HUUM_podlozkahuumflowLS_AndersKafka.webp\" \/>\n<meta name=\"twitter:label1\" content=\"Odhadovan\u00e1 doba \u010dten\u00ed\" \/>\n\t<meta name=\"twitter:data1\" content=\"1 minuta\" \/>\n<script type=\"application\/ld+json\" class=\"yoast-schema-graph\">{\"@context\":\"https:\/\/schema.org\",\"@graph\":[{\"@type\":\"WebSite\",\"@id\":\"https:\/\/anderskafka.cz\/eshop\/#website\",\"url\":\"https:\/\/anderskafka.cz\/eshop\/\",\"name\":\"Anders &amp; Kafka E-SHOP\",\"description\":\"Anders &amp; Kafka E-SHOP\",\"potentialAction\":[{\"@type\":\"SearchAction\",\"target\":{\"@type\":\"EntryPoint\",\"urlTemplate\":\"https:\/\/anderskafka.cz\/eshop\/?s={search_term_string}\"},\"query-input\":\"required name=search_term_string\"}],\"inLanguage\":\"cs\"},{\"@type\":\"ImageObject\",\"@id\":\"https:\/\/anderskafka.cz\/eshop\/produkt\/huum-podlozka-pod-kamna-hive-flow-ls\/#primaryimage\",\"inLanguage\":\"cs\",\"url\":\"https:\/\/anderskafka.cz\/eshop\/wp-content\/uploads\/sites\/3\/2026\/03\/HUUM_podlozkahuumflowLS_AndersKafka.webp\",\"contentUrl\":\"https:\/\/anderskafka.cz\/eshop\/wp-content\/uploads\/sites\/3\/2026\/03\/HUUM_podlozkahuumflowLS_AndersKafka.webp\",\"width\":1500,\"height\":1500},{\"@type\":\"WebPage\",\"@id\":\"https:\/\/anderskafka.cz\/eshop\/produkt\/huum-podlozka-pod-kamna-hive-flow-ls\/#webpage\",\"url\":\"https:\/\/anderskafka.cz\/eshop\/produkt\/huum-podlozka-pod-kamna-hive-flow-ls\/\",\"name\":\"HUUM podlo\u017eka pod kamna hive flow LS - Anders &amp; Kafka E-SHOP\",\"isPartOf\":{\"@id\":\"https:\/\/anderskafka.cz\/eshop\/#website\"},\"primaryImageOfPage\":{\"@id\":\"https:\/\/anderskafka.cz\/eshop\/produkt\/huum-podlozka-pod-kamna-hive-flow-ls\/#primaryimage\"},\"datePublished\":\"2026-03-13T09:22:26+00:00\",\"dateModified\":\"2026-03-13T10:11:11+00:00\",\"description\":\"Ochrann\u00e1 podlo\u017eka je ur\u010dena pro pou\u017eit\u00ed p\u0159i um\u00edst\u011bn\u00ed kamen na d\u0159ev\u011bnou podlahu nebo jinou podlahu z ho\u0159lav\u00e9ho materi\u00e1lu. Chr\u00e1n\u00ed podlahu z ho\u0159lav\u00e9ho materi\u00e1lu. Podlo\u017eka S je ur\u010dena pro kamna Hive flow mini LS, podlo\u017eka L pro kamna Hive flow LS. Saunov\u00e9 produkty spole\u010dnosti HUUM inspirovan\u00e9 p\u0159\u00edrodou kombinuj\u00ed starod\u00e1vn\u00e9 estonsk\u00e9 saunov\u00e9 d\u011bdictv\u00ed, m\u00edrnou p\u00e1ru a modern\u00ed technologii. velikost \u0161\u00ed\u0159ka (cm) d\u00e9lka (cm) S (pro Hive flow Mini LS) 50 50 L (pro Hive flow LS) 55 65\",\"breadcrumb\":{\"@id\":\"https:\/\/anderskafka.cz\/eshop\/produkt\/huum-podlozka-pod-kamna-hive-flow-ls\/#breadcrumb\"},\"inLanguage\":\"cs\",\"potentialAction\":[{\"@type\":\"ReadAction\",\"target\":[\"https:\/\/anderskafka.cz\/eshop\/produkt\/huum-podlozka-pod-kamna-hive-flow-ls\/\"]}]},{\"@type\":\"BreadcrumbList\",\"@id\":\"https:\/\/anderskafka.cz\/eshop\/produkt\/huum-podlozka-pod-kamna-hive-flow-ls\/#breadcrumb\",\"itemListElement\":[{\"@type\":\"ListItem\",\"position\":1,\"name\":\"Obchod\",\"item\":\"https:\/\/anderskafka.cz\/eshop\/obchod\/\"},{\"@type\":\"ListItem\",\"position\":2,\"name\":\"HUUM podlo\u017eka pod kamna hive flow LS\"}]}]}<\/script>\n<!-- \/ Yoast SEO plugin. -->","yoast_head_json":{"title":"HUUM podlo\u017eka pod kamna hive flow LS - Anders &amp; Kafka E-SHOP","description":"Ochrann\u00e1 podlo\u017eka je ur\u010dena pro pou\u017eit\u00ed p\u0159i um\u00edst\u011bn\u00ed kamen na d\u0159ev\u011bnou podlahu nebo jinou podlahu z ho\u0159lav\u00e9ho materi\u00e1lu. Chr\u00e1n\u00ed podlahu z ho\u0159lav\u00e9ho materi\u00e1lu. Podlo\u017eka S je ur\u010dena pro kamna Hive flow mini LS, podlo\u017eka L pro kamna Hive flow LS. Saunov\u00e9 produkty spole\u010dnosti HUUM inspirovan\u00e9 p\u0159\u00edrodou kombinuj\u00ed starod\u00e1vn\u00e9 estonsk\u00e9 saunov\u00e9 d\u011bdictv\u00ed, m\u00edrnou p\u00e1ru a modern\u00ed technologii.         velikost \u0161\u00ed\u0159ka (cm) d\u00e9lka (cm)   S (pro Hive flow Mini LS) 50 50   L (pro Hive flow LS) 55 65","robots":{"index":"index","follow":"follow","max-snippet":"max-snippet:-1","max-image-preview":"max-image-preview:large","max-video-preview":"max-video-preview:-1"},"canonical":"https:\/\/anderskafka.cz\/eshop\/produkt\/huum-podlozka-pod-kamna-hive-flow-ls\/","og_locale":"cs_CZ","og_type":"article","og_title":"HUUM podlo\u017eka pod kamna hive flow LS - Anders &amp; Kafka E-SHOP","og_description":"Ochrann\u00e1 podlo\u017eka je ur\u010dena pro pou\u017eit\u00ed p\u0159i um\u00edst\u011bn\u00ed kamen na d\u0159ev\u011bnou podlahu nebo jinou podlahu z ho\u0159lav\u00e9ho materi\u00e1lu. Chr\u00e1n\u00ed podlahu z ho\u0159lav\u00e9ho materi\u00e1lu. Podlo\u017eka S je ur\u010dena pro kamna Hive flow mini LS, podlo\u017eka L pro kamna Hive flow LS. Saunov\u00e9 produkty spole\u010dnosti HUUM inspirovan\u00e9 p\u0159\u00edrodou kombinuj\u00ed starod\u00e1vn\u00e9 estonsk\u00e9 saunov\u00e9 d\u011bdictv\u00ed, m\u00edrnou p\u00e1ru a modern\u00ed technologii.         velikost \u0161\u00ed\u0159ka (cm) d\u00e9lka (cm)   S (pro Hive flow Mini LS) 50 50   L (pro Hive flow LS) 55 65","og_url":"https:\/\/anderskafka.cz\/eshop\/produkt\/huum-podlozka-pod-kamna-hive-flow-ls\/","og_site_name":"Anders &amp; Kafka E-SHOP","article_modified_time":"2026-03-13T10:11:11+00:00","twitter_card":"summary_large_image","twitter_image":"https:\/\/anderskafka.cz\/eshop\/wp-content\/uploads\/sites\/3\/2026\/03\/HUUM_podlozkahuumflowLS_AndersKafka.webp","twitter_misc":{"Odhadovan\u00e1 doba \u010dten\u00ed":"1 minuta"},"schema":{"@context":"https:\/\/schema.org","@graph":[{"@type":"WebSite","@id":"https:\/\/anderskafka.cz\/eshop\/#website","url":"https:\/\/anderskafka.cz\/eshop\/","name":"Anders &amp; Kafka E-SHOP","description":"Anders &amp; Kafka E-SHOP","potentialAction":[{"@type":"SearchAction","target":{"@type":"EntryPoint","urlTemplate":"https:\/\/anderskafka.cz\/eshop\/?s={search_term_string}"},"query-input":"required name=search_term_string"}],"inLanguage":"cs"},{"@type":"ImageObject","@id":"https:\/\/anderskafka.cz\/eshop\/produkt\/huum-podlozka-pod-kamna-hive-flow-ls\/#primaryimage","inLanguage":"cs","url":"https:\/\/anderskafka.cz\/eshop\/wp-content\/uploads\/sites\/3\/2026\/03\/HUUM_podlozkahuumflowLS_AndersKafka.webp","contentUrl":"https:\/\/anderskafka.cz\/eshop\/wp-content\/uploads\/sites\/3\/2026\/03\/HUUM_podlozkahuumflowLS_AndersKafka.webp","width":1500,"height":1500},{"@type":"WebPage","@id":"https:\/\/anderskafka.cz\/eshop\/produkt\/huum-podlozka-pod-kamna-hive-flow-ls\/#webpage","url":"https:\/\/anderskafka.cz\/eshop\/produkt\/huum-podlozka-pod-kamna-hive-flow-ls\/","name":"HUUM podlo\u017eka pod kamna hive flow LS - Anders &amp; Kafka E-SHOP","isPartOf":{"@id":"https:\/\/anderskafka.cz\/eshop\/#website"},"primaryImageOfPage":{"@id":"https:\/\/anderskafka.cz\/eshop\/produkt\/huum-podlozka-pod-kamna-hive-flow-ls\/#primaryimage"},"datePublished":"2026-03-13T09:22:26+00:00","dateModified":"2026-03-13T10:11:11+00:00","description":"Ochrann\u00e1 podlo\u017eka je ur\u010dena pro pou\u017eit\u00ed p\u0159i um\u00edst\u011bn\u00ed kamen na d\u0159ev\u011bnou podlahu nebo jinou podlahu z ho\u0159lav\u00e9ho materi\u00e1lu. Chr\u00e1n\u00ed podlahu z ho\u0159lav\u00e9ho materi\u00e1lu. Podlo\u017eka S je ur\u010dena pro kamna Hive flow mini LS, podlo\u017eka L pro kamna Hive flow LS. Saunov\u00e9 produkty spole\u010dnosti HUUM inspirovan\u00e9 p\u0159\u00edrodou kombinuj\u00ed starod\u00e1vn\u00e9 estonsk\u00e9 saunov\u00e9 d\u011bdictv\u00ed, m\u00edrnou p\u00e1ru a modern\u00ed technologii. velikost \u0161\u00ed\u0159ka (cm) d\u00e9lka (cm) S (pro Hive flow Mini LS) 50 50 L (pro Hive flow LS) 55 65","breadcrumb":{"@id":"https:\/\/anderskafka.cz\/eshop\/produkt\/huum-podlozka-pod-kamna-hive-flow-ls\/#breadcrumb"},"inLanguage":"cs","potentialAction":[{"@type":"ReadAction","target":["https:\/\/anderskafka.cz\/eshop\/produkt\/huum-podlozka-pod-kamna-hive-flow-ls\/"]}]},{"@type":"BreadcrumbList","@id":"https:\/\/anderskafka.cz\/eshop\/produkt\/huum-podlozka-pod-kamna-hive-flow-ls\/#breadcrumb","itemListElement":[{"@type":"ListItem","position":1,"name":"Obchod","item":"https:\/\/anderskafka.cz\/eshop\/obchod\/"},{"@type":"ListItem","position":2,"name":"HUUM podlo\u017eka pod kamna hive flow LS"}]}]}},"locations":[],"_links":{"self":[{"href":"https:\/\/anderskafka.cz\/eshop\/wp-json\/wp\/v2\/product\/14932"}],"collection":[{"href":"https:\/\/anderskafka.cz\/eshop\/wp-json\/wp\/v2\/product"}],"about":[{"href":"https:\/\/anderskafka.cz\/eshop\/wp-json\/wp\/v2\/types\/product"}],"replies":[{"embeddable":true,"href":"https:\/\/anderskafka.cz\/eshop\/wp-json\/wp\/v2\/comments?post=14932"}],"wp:featuredmedia":[{"embeddable":true,"href":"https:\/\/anderskafka.cz\/eshop\/wp-json\/wp\/v2\/media\/14935"}],"wp:attachment":[{"href":"https:\/\/anderskafka.cz\/eshop\/wp-json\/wp\/v2\/media?parent=14932"}],"wp:term":[{"taxonomy":"location","embeddable":true,"href":"https:\/\/anderskafka.cz\/eshop\/wp-json\/wp\/v2\/location?post=14932"},{"taxonomy":"product_cat","embeddable":true,"href":"https:\/\/anderskafka.cz\/eshop\/wp-json\/wp\/v2\/product_cat?post=14932"},{"taxonomy":"product_tag","embeddable":true,"href":"https:\/\/anderskafka.cz\/eshop\/wp-json\/wp\/v2\/product_tag?post=14932"}],"curies":[{"name":"wp","href":"https:\/\/api.w.org\/{rel}","templated":true}]}}