{"id":14937,"date":"2026-03-13T11:13:27","date_gmt":"2026-03-13T10:13:27","guid":{"rendered":"https:\/\/anderskafka.cz\/eshop\/?post_type=product&#038;p=14937"},"modified":"2026-03-13T11:43:04","modified_gmt":"2026-03-13T10:43:04","slug":"huum-hive-flow-mini-85-kw-elegantni-saunove-kamna-na-drevo-s-moznosti-prikladani-z-jine-mistnosti","status":"publish","type":"product","link":"https:\/\/anderskafka.cz\/eshop\/produkt\/huum-hive-flow-mini-85-kw-elegantni-saunove-kamna-na-drevo-s-moznosti-prikladani-z-jine-mistnosti\/","title":{"rendered":"HUUM hive flow mini \u2013 8,5 kw \u2013 elegantn\u00ed saunov\u00e9 kamna na d\u0159evo s mo\u017enost\u00ed p\u0159ikl\u00e1d\u00e1n\u00ed z jin\u00e9 m\u00edstnosti"},"content":{"rendered":"<p style=\"font-weight: 400\">Jedine\u010dn\u00fd design.<br \/>\nPol\u00e9v\u00e1n\u00edm saunov\u00fdch kamen\u016f topidlo produkuje jemnou a dlouhotrvaj\u00edc\u00ed p\u00e1ru.<br \/>\nZ\u00e1ruka 5 let.<br \/>\n<span class=\"y2iqfc\">Rychl\u00e1 a snadn\u00e1 mont\u00e1\u017e.<br \/>\n<\/span>Ur\u010deno pro mont\u00e1\u017e na podlahu.<br \/>\nKom\u00ednov\u00fd v\u00fdstup na vrchn\u00ed stran\u011b kamen s pr\u016fm\u011brem p\u0159ipojovac\u00edho otvoru 115 mm.<br \/>\n<span style=\"font-size: 16px\">Topidlo pojme 105 kg saunov\u00fdch kamen\u016f, kter\u00e9 nejsou sou\u010d\u00e1st\u00ed balen\u00ed. Doporu\u010dujeme ov\u00e1ln\u00e9 HUUM saunov\u00e9 kameny o rozm\u011brech 5-10 cm.<br \/>\nModel LS je vybaven n\u00e1stavcem na topeni\u0161t\u011b, kter\u00fd umo\u017e\u0148uje p\u0159ikl\u00e1d\u00e1n\u00ed do kamen z vedlej\u0161\u00ed m\u00edstnosti.<br \/>\n<\/span><\/p>\n<p>Kamna na d\u0159evo HIVE flow mini jsou nejen v\u00fdkonn\u00e1, ale tak\u00e9 ekologicky udr\u017eiteln\u00e1. Jeho unik\u00e1tn\u00ed konstrukce dopl\u0148uje proces ho\u0159en\u00ed \u010derstv\u00fdm vzduchem shora a poskytuje siln\u00fd plamen, kter\u00fd zajist\u00ed sp\u00e1len\u00ed ve\u0161ker\u00e9ho d\u0159eva v topeni\u0161ti saunov\u00fdch kamen. D\u00edky tomu mohou kamna vyu\u017e\u00edvat d\u0159evn\u00ed plyny, kter\u00e9 b\u011b\u017en\u011b unikaj\u00ed kom\u00ednem, co\u017e z nich \u010din\u00ed efektivn\u00ed a ekologickou volbu.<br \/>\nOdoln\u00e1 dv\u00ed\u0159ka kamen jsou litinov\u00e1, saunov\u00e1 kamna jsou o\u0161et\u0159ena p\u0159\u00edrodn\u00edmi oleji. <strong>Kamna HIVE Flow spl\u0148uj\u00ed nejp\u0159\u00edsn\u011bj\u0161\u00ed n\u011bmeck\u00fd ekologick\u00fd standard BimSchV II, tak\u017ee se m\u016f\u017eete spolehnout, \u017ee jde o vysoce kvalitn\u00ed a udr\u017eitelnou volbu pro va\u0161i saunu.<\/strong><\/p>\n<p>K topidlu je mo\u017enost dokoupen\u00ed n\u00e1stavce v podob\u011b klece na kom\u00edn z nerezov\u00e9 oceli, kter\u00fd pln\u00ed praktickou i estetickou funkci. Umo\u017e\u0148uje zakr\u00fdt kom\u00ednovou trubku, kter\u00e1 vych\u00e1z\u00ed ze saunov\u00fdch kamen, a uchov\u00e1v\u00e1 i teplo, kter\u00e9 se z trubky vyza\u0159uje p\u0159es kameny um\u00edstn\u011bn\u00e9 uvnit\u0159 klece. T\u00edmto se zv\u00fd\u0161\u00ed mno\u017estv\u00ed topn\u00fdch kamen\u016f pro vrh\u00e1n\u00ed p\u00e1ry a z\u00e1rove\u0148 se zmen\u0161uje pod\u00edl hork\u00fdch kovov\u00fdch ploch, kter\u00e9 chceme v saun\u011b omezit na minimum. Klec je namontov\u00e1na na saunov\u00fdch kamnech kolem kom\u00ednov\u00e9 trubky. Klece lze um\u00edstit i na sebe.<br \/>\nV\u00fd\u0161ka: 43 cm, Pr\u016fm\u011br: 30 cm, Kapacita: 30 kg<\/p>\n","protected":false},"excerpt":{"rendered":"<p style=\"font-weight: 400;text-align: left\">Teplo a pl\u00e1polaj\u00edc\u00ed plameny v krbu poskytuj\u00ed uklid\u0148uj\u00edc\u00ed atmosf\u00e9ru, kter\u00e1 v\u00e1m umo\u017en\u00ed relaxovat a uniknout chaosu va\u0161\u00ed ka\u017edodenn\u00ed rutiny. Vyberte si kamna HIVE FLOW Mini a pono\u0159te se do skute\u010dn\u011b origin\u00e1ln\u00edho a tradi\u010dn\u00edho saunov\u00e1n\u00ed.<\/p>\n<p style=\"font-weight: 400;text-align: left\"><strong>Kamna HIVE Flow spl\u0148uj\u00ed nejp\u0159\u00edsn\u011bj\u0161\u00ed n\u011bmeck\u00fd ekologick\u00fd standard BimSchV II, tak\u017ee se m\u016f\u017eete spolehnout, \u017ee jde o vysoce kvalitn\u00ed a udr\u017eitelnou volbu pro va\u0161i saunu.<\/strong><\/p>\n<p><span style=\"font-size: 16px\">Model LS umo\u017e\u0148uje p\u0159ikl\u00e1d\u00e1n\u00ed do kamen z vedlej\u0161\u00ed m\u00edstnosti.<\/span><\/p>\n<p>Saunov\u00e9 produkty spole\u010dnosti HUUM inspirovan\u00e1 p\u0159\u00edrodou kombinuj\u00ed starod\u00e1vn\u00e9 estonsk\u00e9 saunov\u00e9 d\u011bdictv\u00ed, m\u00edrnou p\u00e1ru a modern\u00ed technologii.<\/p>\n<p><img loading=\"lazy\" class=\"alignnone size-full wp-image-4250 aligncenter\" src=\"https:\/\/anderskafka.cz\/eshop\/wp-content\/uploads\/sites\/3\/2023\/10\/Unknown-2.png\" alt=\"\" width=\"225\" height=\"225\" srcset=\"https:\/\/anderskafka.cz\/eshop\/wp-content\/uploads\/sites\/3\/2023\/10\/Unknown-2.png 225w, https:\/\/anderskafka.cz\/eshop\/wp-content\/uploads\/sites\/3\/2023\/10\/Unknown-2-150x150.png 150w, https:\/\/anderskafka.cz\/eshop\/wp-content\/uploads\/sites\/3\/2023\/10\/Unknown-2-100x100.png 100w, https:\/\/anderskafka.cz\/eshop\/wp-content\/uploads\/sites\/3\/2023\/10\/Unknown-2-64x64.png 64w\" sizes=\"(max-width: 225px) 100vw, 225px\" \/><\/p>\n<div>\n<table border=\"0\" width=\"555\" cellspacing=\"0\" cellpadding=\"0\">\n<colgroup>\n<col width=\"239\" \/>\n<col width=\"175\" \/>\n<col width=\"141\" \/><\/colgroup>\n<tbody>\n<tr>\n<td class=\"xl66\" style=\"text-align: center\" width=\"239\" height=\"25\">v\u00fdkon topidla (KW), model<\/td>\n<td class=\"xl66\" style=\"text-align: center\" width=\"175\">velikost sauny (m<span class=\"font6\"><sup>3<\/sup><\/span><span class=\"font5\">)<\/span><\/td>\n<td class=\"xl65\" style=\"text-align: center\" width=\"141\">Rozm\u011bry kamen (mm)<\/td>\n<\/tr>\n<tr>\n<td class=\"xl67\" style=\"text-align: center\" height=\"21\">8,5<\/td>\n<td class=\"xl68\" style=\"text-align: center\">6-14<\/td>\n<td class=\"xl65\" style=\"text-align: center\">884x450x493<\/td>\n<\/tr>\n<tr>\n<td class=\"xl65\" style=\"text-align: center\" height=\"21\">8,5 LS<\/td>\n<td class=\"xl68\" style=\"text-align: center\">6-14<\/td>\n<td class=\"xl65\" style=\"text-align: center\">884x450x613<\/td>\n<\/tr>\n<\/tbody>\n<\/table>\n<\/div>\n","protected":false},"featured_media":10032,"comment_status":"open","ping_status":"closed","template":"","meta":{"site-sidebar-layout":"default","site-content-layout":"default","ast-main-header-display":"","ast-hfb-above-header-display":"","ast-hfb-below-header-display":"","ast-hfb-mobile-header-display":"","site-post-title":"","ast-breadcrumbs-content":"","ast-featured-img":"","footer-sml-layout":"","theme-transparent-header-meta":"","adv-header-id-meta":"","stick-header-meta":"","header-above-stick-meta":"","header-main-stick-meta":"","header-below-stick-meta":""},"location":[],"product_cat":[1185],"product_tag":[1028],"yoast_head":"<!-- This site is optimized with the Yoast SEO plugin v18.5.1 - https:\/\/yoast.com\/wordpress\/plugins\/seo\/ -->\n<title>HUUM hive flow mini \u2013 8,5 kw \u2013 elegantn\u00ed saunov\u00e9 kamna na d\u0159evo s mo\u017enost\u00ed p\u0159ikl\u00e1d\u00e1n\u00ed z jin\u00e9 m\u00edstnosti - Anders &amp; Kafka E-SHOP<\/title>\n<meta name=\"description\" content=\"Teplo a pl\u00e1polaj\u00edc\u00ed plameny v krbu poskytuj\u00ed uklid\u0148uj\u00edc\u00ed atmosf\u00e9ru, kter\u00e1 v\u00e1m umo\u017en\u00ed relaxovat a uniknout chaosu va\u0161\u00ed ka\u017edodenn\u00ed rutiny. Vyberte si kamna HIVE FLOW Mini a pono\u0159te se do skute\u010dn\u011b origin\u00e1ln\u00edho a tradi\u010dn\u00edho saunov\u00e1n\u00ed. Kamna HIVE Flow spl\u0148uj\u00ed nejp\u0159\u00edsn\u011bj\u0161\u00ed n\u011bmeck\u00fd ekologick\u00fd standard BimSchV II, tak\u017ee se m\u016f\u017eete spolehnout, \u017ee jde o vysoce kvalitn\u00ed a udr\u017eitelnou volbu pro va\u0161i saunu. Model LS umo\u017e\u0148uje p\u0159ikl\u00e1d\u00e1n\u00ed do kamen z vedlej\u0161\u00ed m\u00edstnosti.  Saunov\u00e9 produkty spole\u010dnosti HUUM inspirovan\u00e1 p\u0159\u00edrodou kombinuj\u00ed starod\u00e1vn\u00e9 estonsk\u00e9 saunov\u00e9 d\u011bdictv\u00ed, m\u00edrnou p\u00e1ru a modern\u00ed technologii.         v\u00fdkon topidla (KW), model velikost sauny (m3) Rozm\u011bry kamen (mm)   8,5 6-14 884x450x493   8,5 LS 6-14 884x450x613\" \/>\n<meta name=\"robots\" content=\"index, follow, max-snippet:-1, max-image-preview:large, max-video-preview:-1\" \/>\n<link rel=\"canonical\" href=\"https:\/\/anderskafka.cz\/eshop\/produkt\/huum-hive-flow-mini-85-kw-elegantni-saunove-kamna-na-drevo-s-moznosti-prikladani-z-jine-mistnosti\/\" \/>\n<meta property=\"og:locale\" content=\"cs_CZ\" \/>\n<meta property=\"og:type\" content=\"article\" \/>\n<meta property=\"og:title\" content=\"HUUM hive flow mini \u2013 8,5 kw \u2013 elegantn\u00ed saunov\u00e9 kamna na d\u0159evo s mo\u017enost\u00ed p\u0159ikl\u00e1d\u00e1n\u00ed z jin\u00e9 m\u00edstnosti - Anders &amp; Kafka E-SHOP\" \/>\n<meta property=\"og:description\" content=\"Teplo a pl\u00e1polaj\u00edc\u00ed plameny v krbu poskytuj\u00ed uklid\u0148uj\u00edc\u00ed atmosf\u00e9ru, kter\u00e1 v\u00e1m umo\u017en\u00ed relaxovat a uniknout chaosu va\u0161\u00ed ka\u017edodenn\u00ed rutiny. Vyberte si kamna HIVE FLOW Mini a pono\u0159te se do skute\u010dn\u011b origin\u00e1ln\u00edho a tradi\u010dn\u00edho saunov\u00e1n\u00ed. Kamna HIVE Flow spl\u0148uj\u00ed nejp\u0159\u00edsn\u011bj\u0161\u00ed n\u011bmeck\u00fd ekologick\u00fd standard BimSchV II, tak\u017ee se m\u016f\u017eete spolehnout, \u017ee jde o vysoce kvalitn\u00ed a udr\u017eitelnou volbu pro va\u0161i saunu. Model LS umo\u017e\u0148uje p\u0159ikl\u00e1d\u00e1n\u00ed do kamen z vedlej\u0161\u00ed m\u00edstnosti.  Saunov\u00e9 produkty spole\u010dnosti HUUM inspirovan\u00e1 p\u0159\u00edrodou kombinuj\u00ed starod\u00e1vn\u00e9 estonsk\u00e9 saunov\u00e9 d\u011bdictv\u00ed, m\u00edrnou p\u00e1ru a modern\u00ed technologii.         v\u00fdkon topidla (KW), model velikost sauny (m3) Rozm\u011bry kamen (mm)   8,5 6-14 884x450x493   8,5 LS 6-14 884x450x613\" \/>\n<meta property=\"og:url\" content=\"https:\/\/anderskafka.cz\/eshop\/produkt\/huum-hive-flow-mini-85-kw-elegantni-saunove-kamna-na-drevo-s-moznosti-prikladani-z-jine-mistnosti\/\" \/>\n<meta property=\"og:site_name\" content=\"Anders &amp; Kafka E-SHOP\" \/>\n<meta property=\"article:modified_time\" content=\"2026-03-13T10:43:04+00:00\" \/>\n<meta name=\"twitter:card\" content=\"summary_large_image\" \/>\n<meta name=\"twitter:image\" content=\"https:\/\/anderskafka.cz\/eshop\/wp-content\/uploads\/sites\/3\/2025\/04\/flow-front_2_web.png-2.webp\" \/>\n<meta name=\"twitter:label1\" content=\"Odhadovan\u00e1 doba \u010dten\u00ed\" \/>\n\t<meta name=\"twitter:data1\" content=\"2 minuty\" \/>\n<script type=\"application\/ld+json\" class=\"yoast-schema-graph\">{\"@context\":\"https:\/\/schema.org\",\"@graph\":[{\"@type\":\"WebSite\",\"@id\":\"https:\/\/anderskafka.cz\/eshop\/#website\",\"url\":\"https:\/\/anderskafka.cz\/eshop\/\",\"name\":\"Anders &amp; Kafka E-SHOP\",\"description\":\"Anders &amp; Kafka E-SHOP\",\"potentialAction\":[{\"@type\":\"SearchAction\",\"target\":{\"@type\":\"EntryPoint\",\"urlTemplate\":\"https:\/\/anderskafka.cz\/eshop\/?s={search_term_string}\"},\"query-input\":\"required name=search_term_string\"}],\"inLanguage\":\"cs\"},{\"@type\":\"ImageObject\",\"@id\":\"https:\/\/anderskafka.cz\/eshop\/produkt\/huum-hive-flow-mini-85-kw-elegantni-saunove-kamna-na-drevo-s-moznosti-prikladani-z-jine-mistnosti\/#primaryimage\",\"inLanguage\":\"cs\",\"url\":\"https:\/\/anderskafka.cz\/eshop\/wp-content\/uploads\/sites\/3\/2025\/04\/flow-front_2_web.png-2.webp\",\"contentUrl\":\"https:\/\/anderskafka.cz\/eshop\/wp-content\/uploads\/sites\/3\/2025\/04\/flow-front_2_web.png-2.webp\",\"width\":936,\"height\":936},{\"@type\":\"WebPage\",\"@id\":\"https:\/\/anderskafka.cz\/eshop\/produkt\/huum-hive-flow-mini-85-kw-elegantni-saunove-kamna-na-drevo-s-moznosti-prikladani-z-jine-mistnosti\/#webpage\",\"url\":\"https:\/\/anderskafka.cz\/eshop\/produkt\/huum-hive-flow-mini-85-kw-elegantni-saunove-kamna-na-drevo-s-moznosti-prikladani-z-jine-mistnosti\/\",\"name\":\"HUUM hive flow mini \u2013 8,5 kw \u2013 elegantn\u00ed saunov\u00e9 kamna na d\u0159evo s mo\u017enost\u00ed p\u0159ikl\u00e1d\u00e1n\u00ed z jin\u00e9 m\u00edstnosti - Anders &amp; Kafka E-SHOP\",\"isPartOf\":{\"@id\":\"https:\/\/anderskafka.cz\/eshop\/#website\"},\"primaryImageOfPage\":{\"@id\":\"https:\/\/anderskafka.cz\/eshop\/produkt\/huum-hive-flow-mini-85-kw-elegantni-saunove-kamna-na-drevo-s-moznosti-prikladani-z-jine-mistnosti\/#primaryimage\"},\"datePublished\":\"2026-03-13T10:13:27+00:00\",\"dateModified\":\"2026-03-13T10:43:04+00:00\",\"description\":\"Teplo a pl\u00e1polaj\u00edc\u00ed plameny v krbu poskytuj\u00ed uklid\u0148uj\u00edc\u00ed atmosf\u00e9ru, kter\u00e1 v\u00e1m umo\u017en\u00ed relaxovat a uniknout chaosu va\u0161\u00ed ka\u017edodenn\u00ed rutiny. Vyberte si kamna HIVE FLOW Mini a pono\u0159te se do skute\u010dn\u011b origin\u00e1ln\u00edho a tradi\u010dn\u00edho saunov\u00e1n\u00ed. Kamna HIVE Flow spl\u0148uj\u00ed nejp\u0159\u00edsn\u011bj\u0161\u00ed n\u011bmeck\u00fd ekologick\u00fd standard BimSchV II, tak\u017ee se m\u016f\u017eete spolehnout, \u017ee jde o vysoce kvalitn\u00ed a udr\u017eitelnou volbu pro va\u0161i saunu. Model LS umo\u017e\u0148uje p\u0159ikl\u00e1d\u00e1n\u00ed do kamen z vedlej\u0161\u00ed m\u00edstnosti. Saunov\u00e9 produkty spole\u010dnosti HUUM inspirovan\u00e1 p\u0159\u00edrodou kombinuj\u00ed starod\u00e1vn\u00e9 estonsk\u00e9 saunov\u00e9 d\u011bdictv\u00ed, m\u00edrnou p\u00e1ru a modern\u00ed technologii. v\u00fdkon topidla (KW), model velikost sauny (m3) Rozm\u011bry kamen (mm) 8,5 6-14 884x450x493 8,5 LS 6-14 884x450x613\",\"breadcrumb\":{\"@id\":\"https:\/\/anderskafka.cz\/eshop\/produkt\/huum-hive-flow-mini-85-kw-elegantni-saunove-kamna-na-drevo-s-moznosti-prikladani-z-jine-mistnosti\/#breadcrumb\"},\"inLanguage\":\"cs\",\"potentialAction\":[{\"@type\":\"ReadAction\",\"target\":[\"https:\/\/anderskafka.cz\/eshop\/produkt\/huum-hive-flow-mini-85-kw-elegantni-saunove-kamna-na-drevo-s-moznosti-prikladani-z-jine-mistnosti\/\"]}]},{\"@type\":\"BreadcrumbList\",\"@id\":\"https:\/\/anderskafka.cz\/eshop\/produkt\/huum-hive-flow-mini-85-kw-elegantni-saunove-kamna-na-drevo-s-moznosti-prikladani-z-jine-mistnosti\/#breadcrumb\",\"itemListElement\":[{\"@type\":\"ListItem\",\"position\":1,\"name\":\"Obchod\",\"item\":\"https:\/\/anderskafka.cz\/eshop\/obchod\/\"},{\"@type\":\"ListItem\",\"position\":2,\"name\":\"HUUM hive flow mini \u2013 8,5 kw \u2013 elegantn\u00ed saunov\u00e9 kamna na d\u0159evo s mo\u017enost\u00ed p\u0159ikl\u00e1d\u00e1n\u00ed z jin\u00e9 m\u00edstnosti\"}]}]}<\/script>\n<!-- \/ Yoast SEO plugin. -->","yoast_head_json":{"title":"HUUM hive flow mini \u2013 8,5 kw \u2013 elegantn\u00ed saunov\u00e9 kamna na d\u0159evo s mo\u017enost\u00ed p\u0159ikl\u00e1d\u00e1n\u00ed z jin\u00e9 m\u00edstnosti - Anders &amp; Kafka E-SHOP","description":"Teplo a pl\u00e1polaj\u00edc\u00ed plameny v krbu poskytuj\u00ed uklid\u0148uj\u00edc\u00ed atmosf\u00e9ru, kter\u00e1 v\u00e1m umo\u017en\u00ed relaxovat a uniknout chaosu va\u0161\u00ed ka\u017edodenn\u00ed rutiny. Vyberte si kamna HIVE FLOW Mini a pono\u0159te se do skute\u010dn\u011b origin\u00e1ln\u00edho a tradi\u010dn\u00edho saunov\u00e1n\u00ed. Kamna HIVE Flow spl\u0148uj\u00ed nejp\u0159\u00edsn\u011bj\u0161\u00ed n\u011bmeck\u00fd ekologick\u00fd standard BimSchV II, tak\u017ee se m\u016f\u017eete spolehnout, \u017ee jde o vysoce kvalitn\u00ed a udr\u017eitelnou volbu pro va\u0161i saunu. Model LS umo\u017e\u0148uje p\u0159ikl\u00e1d\u00e1n\u00ed do kamen z vedlej\u0161\u00ed m\u00edstnosti.  Saunov\u00e9 produkty spole\u010dnosti HUUM inspirovan\u00e1 p\u0159\u00edrodou kombinuj\u00ed starod\u00e1vn\u00e9 estonsk\u00e9 saunov\u00e9 d\u011bdictv\u00ed, m\u00edrnou p\u00e1ru a modern\u00ed technologii.         v\u00fdkon topidla (KW), model velikost sauny (m3) Rozm\u011bry kamen (mm)   8,5 6-14 884x450x493   8,5 LS 6-14 884x450x613","robots":{"index":"index","follow":"follow","max-snippet":"max-snippet:-1","max-image-preview":"max-image-preview:large","max-video-preview":"max-video-preview:-1"},"canonical":"https:\/\/anderskafka.cz\/eshop\/produkt\/huum-hive-flow-mini-85-kw-elegantni-saunove-kamna-na-drevo-s-moznosti-prikladani-z-jine-mistnosti\/","og_locale":"cs_CZ","og_type":"article","og_title":"HUUM hive flow mini \u2013 8,5 kw \u2013 elegantn\u00ed saunov\u00e9 kamna na d\u0159evo s mo\u017enost\u00ed p\u0159ikl\u00e1d\u00e1n\u00ed z jin\u00e9 m\u00edstnosti - Anders &amp; Kafka E-SHOP","og_description":"Teplo a pl\u00e1polaj\u00edc\u00ed plameny v krbu poskytuj\u00ed uklid\u0148uj\u00edc\u00ed atmosf\u00e9ru, kter\u00e1 v\u00e1m umo\u017en\u00ed relaxovat a uniknout chaosu va\u0161\u00ed ka\u017edodenn\u00ed rutiny. Vyberte si kamna HIVE FLOW Mini a pono\u0159te se do skute\u010dn\u011b origin\u00e1ln\u00edho a tradi\u010dn\u00edho saunov\u00e1n\u00ed. Kamna HIVE Flow spl\u0148uj\u00ed nejp\u0159\u00edsn\u011bj\u0161\u00ed n\u011bmeck\u00fd ekologick\u00fd standard BimSchV II, tak\u017ee se m\u016f\u017eete spolehnout, \u017ee jde o vysoce kvalitn\u00ed a udr\u017eitelnou volbu pro va\u0161i saunu. Model LS umo\u017e\u0148uje p\u0159ikl\u00e1d\u00e1n\u00ed do kamen z vedlej\u0161\u00ed m\u00edstnosti.  Saunov\u00e9 produkty spole\u010dnosti HUUM inspirovan\u00e1 p\u0159\u00edrodou kombinuj\u00ed starod\u00e1vn\u00e9 estonsk\u00e9 saunov\u00e9 d\u011bdictv\u00ed, m\u00edrnou p\u00e1ru a modern\u00ed technologii.         v\u00fdkon topidla (KW), model velikost sauny (m3) Rozm\u011bry kamen (mm)   8,5 6-14 884x450x493   8,5 LS 6-14 884x450x613","og_url":"https:\/\/anderskafka.cz\/eshop\/produkt\/huum-hive-flow-mini-85-kw-elegantni-saunove-kamna-na-drevo-s-moznosti-prikladani-z-jine-mistnosti\/","og_site_name":"Anders &amp; Kafka E-SHOP","article_modified_time":"2026-03-13T10:43:04+00:00","twitter_card":"summary_large_image","twitter_image":"https:\/\/anderskafka.cz\/eshop\/wp-content\/uploads\/sites\/3\/2025\/04\/flow-front_2_web.png-2.webp","twitter_misc":{"Odhadovan\u00e1 doba \u010dten\u00ed":"2 minuty"},"schema":{"@context":"https:\/\/schema.org","@graph":[{"@type":"WebSite","@id":"https:\/\/anderskafka.cz\/eshop\/#website","url":"https:\/\/anderskafka.cz\/eshop\/","name":"Anders &amp; Kafka E-SHOP","description":"Anders &amp; Kafka E-SHOP","potentialAction":[{"@type":"SearchAction","target":{"@type":"EntryPoint","urlTemplate":"https:\/\/anderskafka.cz\/eshop\/?s={search_term_string}"},"query-input":"required name=search_term_string"}],"inLanguage":"cs"},{"@type":"ImageObject","@id":"https:\/\/anderskafka.cz\/eshop\/produkt\/huum-hive-flow-mini-85-kw-elegantni-saunove-kamna-na-drevo-s-moznosti-prikladani-z-jine-mistnosti\/#primaryimage","inLanguage":"cs","url":"https:\/\/anderskafka.cz\/eshop\/wp-content\/uploads\/sites\/3\/2025\/04\/flow-front_2_web.png-2.webp","contentUrl":"https:\/\/anderskafka.cz\/eshop\/wp-content\/uploads\/sites\/3\/2025\/04\/flow-front_2_web.png-2.webp","width":936,"height":936},{"@type":"WebPage","@id":"https:\/\/anderskafka.cz\/eshop\/produkt\/huum-hive-flow-mini-85-kw-elegantni-saunove-kamna-na-drevo-s-moznosti-prikladani-z-jine-mistnosti\/#webpage","url":"https:\/\/anderskafka.cz\/eshop\/produkt\/huum-hive-flow-mini-85-kw-elegantni-saunove-kamna-na-drevo-s-moznosti-prikladani-z-jine-mistnosti\/","name":"HUUM hive flow mini \u2013 8,5 kw \u2013 elegantn\u00ed saunov\u00e9 kamna na d\u0159evo s mo\u017enost\u00ed p\u0159ikl\u00e1d\u00e1n\u00ed z jin\u00e9 m\u00edstnosti - Anders &amp; Kafka E-SHOP","isPartOf":{"@id":"https:\/\/anderskafka.cz\/eshop\/#website"},"primaryImageOfPage":{"@id":"https:\/\/anderskafka.cz\/eshop\/produkt\/huum-hive-flow-mini-85-kw-elegantni-saunove-kamna-na-drevo-s-moznosti-prikladani-z-jine-mistnosti\/#primaryimage"},"datePublished":"2026-03-13T10:13:27+00:00","dateModified":"2026-03-13T10:43:04+00:00","description":"Teplo a pl\u00e1polaj\u00edc\u00ed plameny v krbu poskytuj\u00ed uklid\u0148uj\u00edc\u00ed atmosf\u00e9ru, kter\u00e1 v\u00e1m umo\u017en\u00ed relaxovat a uniknout chaosu va\u0161\u00ed ka\u017edodenn\u00ed rutiny. Vyberte si kamna HIVE FLOW Mini a pono\u0159te se do skute\u010dn\u011b origin\u00e1ln\u00edho a tradi\u010dn\u00edho saunov\u00e1n\u00ed. Kamna HIVE Flow spl\u0148uj\u00ed nejp\u0159\u00edsn\u011bj\u0161\u00ed n\u011bmeck\u00fd ekologick\u00fd standard BimSchV II, tak\u017ee se m\u016f\u017eete spolehnout, \u017ee jde o vysoce kvalitn\u00ed a udr\u017eitelnou volbu pro va\u0161i saunu. Model LS umo\u017e\u0148uje p\u0159ikl\u00e1d\u00e1n\u00ed do kamen z vedlej\u0161\u00ed m\u00edstnosti. Saunov\u00e9 produkty spole\u010dnosti HUUM inspirovan\u00e1 p\u0159\u00edrodou kombinuj\u00ed starod\u00e1vn\u00e9 estonsk\u00e9 saunov\u00e9 d\u011bdictv\u00ed, m\u00edrnou p\u00e1ru a modern\u00ed technologii. v\u00fdkon topidla (KW), model velikost sauny (m3) Rozm\u011bry kamen (mm) 8,5 6-14 884x450x493 8,5 LS 6-14 884x450x613","breadcrumb":{"@id":"https:\/\/anderskafka.cz\/eshop\/produkt\/huum-hive-flow-mini-85-kw-elegantni-saunove-kamna-na-drevo-s-moznosti-prikladani-z-jine-mistnosti\/#breadcrumb"},"inLanguage":"cs","potentialAction":[{"@type":"ReadAction","target":["https:\/\/anderskafka.cz\/eshop\/produkt\/huum-hive-flow-mini-85-kw-elegantni-saunove-kamna-na-drevo-s-moznosti-prikladani-z-jine-mistnosti\/"]}]},{"@type":"BreadcrumbList","@id":"https:\/\/anderskafka.cz\/eshop\/produkt\/huum-hive-flow-mini-85-kw-elegantni-saunove-kamna-na-drevo-s-moznosti-prikladani-z-jine-mistnosti\/#breadcrumb","itemListElement":[{"@type":"ListItem","position":1,"name":"Obchod","item":"https:\/\/anderskafka.cz\/eshop\/obchod\/"},{"@type":"ListItem","position":2,"name":"HUUM hive flow mini \u2013 8,5 kw \u2013 elegantn\u00ed saunov\u00e9 kamna na d\u0159evo s mo\u017enost\u00ed p\u0159ikl\u00e1d\u00e1n\u00ed z jin\u00e9 m\u00edstnosti"}]}]}},"locations":[],"_links":{"self":[{"href":"https:\/\/anderskafka.cz\/eshop\/wp-json\/wp\/v2\/product\/14937"}],"collection":[{"href":"https:\/\/anderskafka.cz\/eshop\/wp-json\/wp\/v2\/product"}],"about":[{"href":"https:\/\/anderskafka.cz\/eshop\/wp-json\/wp\/v2\/types\/product"}],"replies":[{"embeddable":true,"href":"https:\/\/anderskafka.cz\/eshop\/wp-json\/wp\/v2\/comments?post=14937"}],"wp:featuredmedia":[{"embeddable":true,"href":"https:\/\/anderskafka.cz\/eshop\/wp-json\/wp\/v2\/media\/10032"}],"wp:attachment":[{"href":"https:\/\/anderskafka.cz\/eshop\/wp-json\/wp\/v2\/media?parent=14937"}],"wp:term":[{"taxonomy":"location","embeddable":true,"href":"https:\/\/anderskafka.cz\/eshop\/wp-json\/wp\/v2\/location?post=14937"},{"taxonomy":"product_cat","embeddable":true,"href":"https:\/\/anderskafka.cz\/eshop\/wp-json\/wp\/v2\/product_cat?post=14937"},{"taxonomy":"product_tag","embeddable":true,"href":"https:\/\/anderskafka.cz\/eshop\/wp-json\/wp\/v2\/product_tag?post=14937"}],"curies":[{"name":"wp","href":"https:\/\/api.w.org\/{rel}","templated":true}]}}