{"id":15019,"date":"2026-03-19T08:12:13","date_gmt":"2026-03-19T07:12:13","guid":{"rendered":"https:\/\/anderskafka.cz\/eshop\/?post_type=product&#038;p=15019"},"modified":"2026-05-06T08:51:49","modified_gmt":"2026-05-06T06:51:49","slug":"huum-ovo-sada-vaflovych-rucniku-ze-100-bavlny-cerna","status":"publish","type":"product","link":"https:\/\/anderskafka.cz\/eshop\/produkt\/huum-ovo-sada-vaflovych-rucniku-ze-100-bavlny-cerna\/","title":{"rendered":"HUUM ovo sada elegantn\u00edch vaflov\u00fdch ru\u010dn\u00edk\u016f ze 100% bavlny \u010dern\u00e1"},"content":{"rendered":"<p>OVO sadu ru\u010dn\u00edk\u016f si zamilujete nejen p\u0159i saunov\u00e1n\u00ed, ale i p\u0159i ka\u017edodenn\u00edm pou\u017e\u00edv\u00e1n\u00ed. Elegantn\u00ed \u010dern\u00e1 barva umocn\u00ed V\u00e1\u0161 z\u00e1\u017eitek ze sauny, vaflov\u00e1 bavlna skv\u011ble absorbuje vlhkost a pot. Ru\u010dn\u00edky si zamilujete d\u00edky sv\u00e9 m\u011bkkosti na prvn\u00ed dotek. Vyrobeno ze 100% OEKO-TEX bavlny.<br \/>\nMal\u00fd ru\u010dn\u00edk je velmi vhodn\u00fd jako podlo\u017eka do sauny, velk\u00fd ru\u010dn\u00edk kr\u00e1sn\u011b omot\u00e1 Va\u0161e t\u011blo.<\/p>\n<h5>Sada obsahuje:<br \/>\n1x ru\u010dn\u00edk 45 x 85 cm<br \/>\n1x ru\u010dn\u00edk 100 x 200 cm<\/h5>\n","protected":false},"excerpt":{"rendered":"<p>Sada vaflov\u00fdch ru\u010dn\u00edk\u016f HUUM OVO v elegantn\u00ed \u010dern\u00e9 barv\u011b. Vaflov\u00e9 ru\u010dn\u00edky se vyzna\u010duj\u00ed svoj\u00ed m\u011bkkost\u00ed a savost\u00ed, skv\u011ble se hod\u00ed p\u0159i saunov\u00e1n\u00ed i ka\u017edodenn\u00edm pou\u017e\u00edv\u00e1n\u00ed po koupeli. Rozm\u011bry ru\u010dn\u00edk\u016f jsou 45 x 85 cm a 100 x 200 cm.<br \/>\nSaunov\u00e9 produkty spole\u010dnosti HUUM inspirovan\u00e9 p\u0159\u00edrodou kombinuj\u00ed starod\u00e1vn\u00e9 estonsk\u00e9 saunov\u00e9 d\u011bdictv\u00ed, m\u00edrnou p\u00e1ru a modern\u00ed technologii.<br \/>\n<img loading=\"lazy\" class=\"alignnone size-full wp-image-9871 aligncenter\" src=\"https:\/\/anderskafka.cz\/eshop\/wp-content\/uploads\/sites\/3\/2025\/03\/made-in-estonia.png\" alt=\"\" width=\"225\" height=\"225\" srcset=\"https:\/\/anderskafka.cz\/eshop\/wp-content\/uploads\/sites\/3\/2025\/03\/made-in-estonia.png 225w, https:\/\/anderskafka.cz\/eshop\/wp-content\/uploads\/sites\/3\/2025\/03\/made-in-estonia-150x150.png 150w, https:\/\/anderskafka.cz\/eshop\/wp-content\/uploads\/sites\/3\/2025\/03\/made-in-estonia-100x100.png 100w, https:\/\/anderskafka.cz\/eshop\/wp-content\/uploads\/sites\/3\/2025\/03\/made-in-estonia-50x50.png 50w, https:\/\/anderskafka.cz\/eshop\/wp-content\/uploads\/sites\/3\/2025\/03\/made-in-estonia-64x64.png 64w\" sizes=\"(max-width: 225px) 100vw, 225px\" \/><\/p>\n","protected":false},"featured_media":15022,"comment_status":"open","ping_status":"closed","template":"","meta":{"site-sidebar-layout":"default","site-content-layout":"default","ast-main-header-display":"","ast-hfb-above-header-display":"","ast-hfb-below-header-display":"","ast-hfb-mobile-header-display":"","site-post-title":"","ast-breadcrumbs-content":"","ast-featured-img":"","footer-sml-layout":"","theme-transparent-header-meta":"","adv-header-id-meta":"","stick-header-meta":"","header-above-stick-meta":"","header-main-stick-meta":"","header-below-stick-meta":""},"location":[],"product_cat":[30],"product_tag":[1028],"yoast_head":"<!-- This site is optimized with the Yoast SEO plugin v18.5.1 - https:\/\/yoast.com\/wordpress\/plugins\/seo\/ -->\n<title>HUUM ovo sada elegantn\u00edch vaflov\u00fdch ru\u010dn\u00edk\u016f ze 100% bavlny \u010dern\u00e1 - Anders &amp; Kafka E-SHOP<\/title>\n<meta name=\"description\" content=\"Sada vaflov\u00fdch ru\u010dn\u00edk\u016f HUUM OVO v elegantn\u00ed \u010dern\u00e9 barv\u011b. Vaflov\u00e9 ru\u010dn\u00edky se vyzna\u010duj\u00ed svoj\u00ed m\u011bkkost\u00ed a savost\u00ed, skv\u011ble se hod\u00ed p\u0159i saunov\u00e1n\u00ed i ka\u017edodenn\u00edm pou\u017e\u00edv\u00e1n\u00ed po koupeli. Rozm\u011bry ru\u010dn\u00edk\u016f jsou 45 x 85 cm a 100 x 200 cm. Saunov\u00e9 produkty spole\u010dnosti HUUM inspirovan\u00e9 p\u0159\u00edrodou kombinuj\u00ed starod\u00e1vn\u00e9 estonsk\u00e9 saunov\u00e9 d\u011bdictv\u00ed, m\u00edrnou p\u00e1ru a modern\u00ed technologii.\" \/>\n<meta name=\"robots\" content=\"index, follow, max-snippet:-1, max-image-preview:large, max-video-preview:-1\" \/>\n<link rel=\"canonical\" href=\"https:\/\/anderskafka.cz\/eshop\/produkt\/huum-ovo-sada-vaflovych-rucniku-ze-100-bavlny-cerna\/\" \/>\n<meta property=\"og:locale\" content=\"cs_CZ\" \/>\n<meta property=\"og:type\" content=\"article\" \/>\n<meta property=\"og:title\" content=\"HUUM ovo sada elegantn\u00edch vaflov\u00fdch ru\u010dn\u00edk\u016f ze 100% bavlny \u010dern\u00e1 - Anders &amp; Kafka E-SHOP\" \/>\n<meta property=\"og:description\" content=\"Sada vaflov\u00fdch ru\u010dn\u00edk\u016f HUUM OVO v elegantn\u00ed \u010dern\u00e9 barv\u011b. Vaflov\u00e9 ru\u010dn\u00edky se vyzna\u010duj\u00ed svoj\u00ed m\u011bkkost\u00ed a savost\u00ed, skv\u011ble se hod\u00ed p\u0159i saunov\u00e1n\u00ed i ka\u017edodenn\u00edm pou\u017e\u00edv\u00e1n\u00ed po koupeli. Rozm\u011bry ru\u010dn\u00edk\u016f jsou 45 x 85 cm a 100 x 200 cm. Saunov\u00e9 produkty spole\u010dnosti HUUM inspirovan\u00e9 p\u0159\u00edrodou kombinuj\u00ed starod\u00e1vn\u00e9 estonsk\u00e9 saunov\u00e9 d\u011bdictv\u00ed, m\u00edrnou p\u00e1ru a modern\u00ed technologii.\" \/>\n<meta property=\"og:url\" content=\"https:\/\/anderskafka.cz\/eshop\/produkt\/huum-ovo-sada-vaflovych-rucniku-ze-100-bavlny-cerna\/\" \/>\n<meta property=\"og:site_name\" content=\"Anders &amp; Kafka E-SHOP\" \/>\n<meta property=\"article:modified_time\" content=\"2026-05-06T06:51:49+00:00\" \/>\n<meta name=\"twitter:card\" content=\"summary_large_image\" \/>\n<meta name=\"twitter:image\" content=\"https:\/\/anderskafka.cz\/eshop\/wp-content\/uploads\/sites\/3\/2026\/03\/HUUM_sadarucniku1_AndersKafka.webp\" \/>\n<meta name=\"twitter:label1\" content=\"Odhadovan\u00e1 doba \u010dten\u00ed\" \/>\n\t<meta name=\"twitter:data1\" content=\"1 minuta\" \/>\n<script type=\"application\/ld+json\" class=\"yoast-schema-graph\">{\"@context\":\"https:\/\/schema.org\",\"@graph\":[{\"@type\":\"WebSite\",\"@id\":\"https:\/\/anderskafka.cz\/eshop\/#website\",\"url\":\"https:\/\/anderskafka.cz\/eshop\/\",\"name\":\"Anders &amp; Kafka E-SHOP\",\"description\":\"Anders &amp; Kafka E-SHOP\",\"potentialAction\":[{\"@type\":\"SearchAction\",\"target\":{\"@type\":\"EntryPoint\",\"urlTemplate\":\"https:\/\/anderskafka.cz\/eshop\/?s={search_term_string}\"},\"query-input\":\"required name=search_term_string\"}],\"inLanguage\":\"cs\"},{\"@type\":\"ImageObject\",\"@id\":\"https:\/\/anderskafka.cz\/eshop\/produkt\/huum-ovo-sada-vaflovych-rucniku-ze-100-bavlny-cerna\/#primaryimage\",\"inLanguage\":\"cs\",\"url\":\"https:\/\/anderskafka.cz\/eshop\/wp-content\/uploads\/sites\/3\/2026\/03\/HUUM_sadarucniku1_AndersKafka.webp\",\"contentUrl\":\"https:\/\/anderskafka.cz\/eshop\/wp-content\/uploads\/sites\/3\/2026\/03\/HUUM_sadarucniku1_AndersKafka.webp\",\"width\":1500,\"height\":1500},{\"@type\":\"WebPage\",\"@id\":\"https:\/\/anderskafka.cz\/eshop\/produkt\/huum-ovo-sada-vaflovych-rucniku-ze-100-bavlny-cerna\/#webpage\",\"url\":\"https:\/\/anderskafka.cz\/eshop\/produkt\/huum-ovo-sada-vaflovych-rucniku-ze-100-bavlny-cerna\/\",\"name\":\"HUUM ovo sada elegantn\u00edch vaflov\u00fdch ru\u010dn\u00edk\u016f ze 100% bavlny \u010dern\u00e1 - Anders &amp; Kafka E-SHOP\",\"isPartOf\":{\"@id\":\"https:\/\/anderskafka.cz\/eshop\/#website\"},\"primaryImageOfPage\":{\"@id\":\"https:\/\/anderskafka.cz\/eshop\/produkt\/huum-ovo-sada-vaflovych-rucniku-ze-100-bavlny-cerna\/#primaryimage\"},\"datePublished\":\"2026-03-19T07:12:13+00:00\",\"dateModified\":\"2026-05-06T06:51:49+00:00\",\"description\":\"Sada vaflov\u00fdch ru\u010dn\u00edk\u016f HUUM OVO v elegantn\u00ed \u010dern\u00e9 barv\u011b. Vaflov\u00e9 ru\u010dn\u00edky se vyzna\u010duj\u00ed svoj\u00ed m\u011bkkost\u00ed a savost\u00ed, skv\u011ble se hod\u00ed p\u0159i saunov\u00e1n\u00ed i ka\u017edodenn\u00edm pou\u017e\u00edv\u00e1n\u00ed po koupeli. Rozm\u011bry ru\u010dn\u00edk\u016f jsou 45 x 85 cm a 100 x 200 cm. Saunov\u00e9 produkty spole\u010dnosti HUUM inspirovan\u00e9 p\u0159\u00edrodou kombinuj\u00ed starod\u00e1vn\u00e9 estonsk\u00e9 saunov\u00e9 d\u011bdictv\u00ed, m\u00edrnou p\u00e1ru a modern\u00ed technologii.\",\"breadcrumb\":{\"@id\":\"https:\/\/anderskafka.cz\/eshop\/produkt\/huum-ovo-sada-vaflovych-rucniku-ze-100-bavlny-cerna\/#breadcrumb\"},\"inLanguage\":\"cs\",\"potentialAction\":[{\"@type\":\"ReadAction\",\"target\":[\"https:\/\/anderskafka.cz\/eshop\/produkt\/huum-ovo-sada-vaflovych-rucniku-ze-100-bavlny-cerna\/\"]}]},{\"@type\":\"BreadcrumbList\",\"@id\":\"https:\/\/anderskafka.cz\/eshop\/produkt\/huum-ovo-sada-vaflovych-rucniku-ze-100-bavlny-cerna\/#breadcrumb\",\"itemListElement\":[{\"@type\":\"ListItem\",\"position\":1,\"name\":\"Obchod\",\"item\":\"https:\/\/anderskafka.cz\/eshop\/obchod\/\"},{\"@type\":\"ListItem\",\"position\":2,\"name\":\"HUUM ovo sada elegantn\u00edch vaflov\u00fdch ru\u010dn\u00edk\u016f ze 100% bavlny \u010dern\u00e1\"}]}]}<\/script>\n<!-- \/ Yoast SEO plugin. -->","yoast_head_json":{"title":"HUUM ovo sada elegantn\u00edch vaflov\u00fdch ru\u010dn\u00edk\u016f ze 100% bavlny \u010dern\u00e1 - Anders &amp; Kafka E-SHOP","description":"Sada vaflov\u00fdch ru\u010dn\u00edk\u016f HUUM OVO v elegantn\u00ed \u010dern\u00e9 barv\u011b. Vaflov\u00e9 ru\u010dn\u00edky se vyzna\u010duj\u00ed svoj\u00ed m\u011bkkost\u00ed a savost\u00ed, skv\u011ble se hod\u00ed p\u0159i saunov\u00e1n\u00ed i ka\u017edodenn\u00edm pou\u017e\u00edv\u00e1n\u00ed po koupeli. Rozm\u011bry ru\u010dn\u00edk\u016f jsou 45 x 85 cm a 100 x 200 cm. Saunov\u00e9 produkty spole\u010dnosti HUUM inspirovan\u00e9 p\u0159\u00edrodou kombinuj\u00ed starod\u00e1vn\u00e9 estonsk\u00e9 saunov\u00e9 d\u011bdictv\u00ed, m\u00edrnou p\u00e1ru a modern\u00ed technologii.","robots":{"index":"index","follow":"follow","max-snippet":"max-snippet:-1","max-image-preview":"max-image-preview:large","max-video-preview":"max-video-preview:-1"},"canonical":"https:\/\/anderskafka.cz\/eshop\/produkt\/huum-ovo-sada-vaflovych-rucniku-ze-100-bavlny-cerna\/","og_locale":"cs_CZ","og_type":"article","og_title":"HUUM ovo sada elegantn\u00edch vaflov\u00fdch ru\u010dn\u00edk\u016f ze 100% bavlny \u010dern\u00e1 - Anders &amp; Kafka E-SHOP","og_description":"Sada vaflov\u00fdch ru\u010dn\u00edk\u016f HUUM OVO v elegantn\u00ed \u010dern\u00e9 barv\u011b. Vaflov\u00e9 ru\u010dn\u00edky se vyzna\u010duj\u00ed svoj\u00ed m\u011bkkost\u00ed a savost\u00ed, skv\u011ble se hod\u00ed p\u0159i saunov\u00e1n\u00ed i ka\u017edodenn\u00edm pou\u017e\u00edv\u00e1n\u00ed po koupeli. Rozm\u011bry ru\u010dn\u00edk\u016f jsou 45 x 85 cm a 100 x 200 cm. Saunov\u00e9 produkty spole\u010dnosti HUUM inspirovan\u00e9 p\u0159\u00edrodou kombinuj\u00ed starod\u00e1vn\u00e9 estonsk\u00e9 saunov\u00e9 d\u011bdictv\u00ed, m\u00edrnou p\u00e1ru a modern\u00ed technologii.","og_url":"https:\/\/anderskafka.cz\/eshop\/produkt\/huum-ovo-sada-vaflovych-rucniku-ze-100-bavlny-cerna\/","og_site_name":"Anders &amp; Kafka E-SHOP","article_modified_time":"2026-05-06T06:51:49+00:00","twitter_card":"summary_large_image","twitter_image":"https:\/\/anderskafka.cz\/eshop\/wp-content\/uploads\/sites\/3\/2026\/03\/HUUM_sadarucniku1_AndersKafka.webp","twitter_misc":{"Odhadovan\u00e1 doba \u010dten\u00ed":"1 minuta"},"schema":{"@context":"https:\/\/schema.org","@graph":[{"@type":"WebSite","@id":"https:\/\/anderskafka.cz\/eshop\/#website","url":"https:\/\/anderskafka.cz\/eshop\/","name":"Anders &amp; Kafka E-SHOP","description":"Anders &amp; Kafka E-SHOP","potentialAction":[{"@type":"SearchAction","target":{"@type":"EntryPoint","urlTemplate":"https:\/\/anderskafka.cz\/eshop\/?s={search_term_string}"},"query-input":"required name=search_term_string"}],"inLanguage":"cs"},{"@type":"ImageObject","@id":"https:\/\/anderskafka.cz\/eshop\/produkt\/huum-ovo-sada-vaflovych-rucniku-ze-100-bavlny-cerna\/#primaryimage","inLanguage":"cs","url":"https:\/\/anderskafka.cz\/eshop\/wp-content\/uploads\/sites\/3\/2026\/03\/HUUM_sadarucniku1_AndersKafka.webp","contentUrl":"https:\/\/anderskafka.cz\/eshop\/wp-content\/uploads\/sites\/3\/2026\/03\/HUUM_sadarucniku1_AndersKafka.webp","width":1500,"height":1500},{"@type":"WebPage","@id":"https:\/\/anderskafka.cz\/eshop\/produkt\/huum-ovo-sada-vaflovych-rucniku-ze-100-bavlny-cerna\/#webpage","url":"https:\/\/anderskafka.cz\/eshop\/produkt\/huum-ovo-sada-vaflovych-rucniku-ze-100-bavlny-cerna\/","name":"HUUM ovo sada elegantn\u00edch vaflov\u00fdch ru\u010dn\u00edk\u016f ze 100% bavlny \u010dern\u00e1 - Anders &amp; Kafka E-SHOP","isPartOf":{"@id":"https:\/\/anderskafka.cz\/eshop\/#website"},"primaryImageOfPage":{"@id":"https:\/\/anderskafka.cz\/eshop\/produkt\/huum-ovo-sada-vaflovych-rucniku-ze-100-bavlny-cerna\/#primaryimage"},"datePublished":"2026-03-19T07:12:13+00:00","dateModified":"2026-05-06T06:51:49+00:00","description":"Sada vaflov\u00fdch ru\u010dn\u00edk\u016f HUUM OVO v elegantn\u00ed \u010dern\u00e9 barv\u011b. Vaflov\u00e9 ru\u010dn\u00edky se vyzna\u010duj\u00ed svoj\u00ed m\u011bkkost\u00ed a savost\u00ed, skv\u011ble se hod\u00ed p\u0159i saunov\u00e1n\u00ed i ka\u017edodenn\u00edm pou\u017e\u00edv\u00e1n\u00ed po koupeli. Rozm\u011bry ru\u010dn\u00edk\u016f jsou 45 x 85 cm a 100 x 200 cm. Saunov\u00e9 produkty spole\u010dnosti HUUM inspirovan\u00e9 p\u0159\u00edrodou kombinuj\u00ed starod\u00e1vn\u00e9 estonsk\u00e9 saunov\u00e9 d\u011bdictv\u00ed, m\u00edrnou p\u00e1ru a modern\u00ed technologii.","breadcrumb":{"@id":"https:\/\/anderskafka.cz\/eshop\/produkt\/huum-ovo-sada-vaflovych-rucniku-ze-100-bavlny-cerna\/#breadcrumb"},"inLanguage":"cs","potentialAction":[{"@type":"ReadAction","target":["https:\/\/anderskafka.cz\/eshop\/produkt\/huum-ovo-sada-vaflovych-rucniku-ze-100-bavlny-cerna\/"]}]},{"@type":"BreadcrumbList","@id":"https:\/\/anderskafka.cz\/eshop\/produkt\/huum-ovo-sada-vaflovych-rucniku-ze-100-bavlny-cerna\/#breadcrumb","itemListElement":[{"@type":"ListItem","position":1,"name":"Obchod","item":"https:\/\/anderskafka.cz\/eshop\/obchod\/"},{"@type":"ListItem","position":2,"name":"HUUM ovo sada elegantn\u00edch vaflov\u00fdch ru\u010dn\u00edk\u016f ze 100% bavlny \u010dern\u00e1"}]}]}},"locations":[],"_links":{"self":[{"href":"https:\/\/anderskafka.cz\/eshop\/wp-json\/wp\/v2\/product\/15019"}],"collection":[{"href":"https:\/\/anderskafka.cz\/eshop\/wp-json\/wp\/v2\/product"}],"about":[{"href":"https:\/\/anderskafka.cz\/eshop\/wp-json\/wp\/v2\/types\/product"}],"replies":[{"embeddable":true,"href":"https:\/\/anderskafka.cz\/eshop\/wp-json\/wp\/v2\/comments?post=15019"}],"wp:featuredmedia":[{"embeddable":true,"href":"https:\/\/anderskafka.cz\/eshop\/wp-json\/wp\/v2\/media\/15022"}],"wp:attachment":[{"href":"https:\/\/anderskafka.cz\/eshop\/wp-json\/wp\/v2\/media?parent=15019"}],"wp:term":[{"taxonomy":"location","embeddable":true,"href":"https:\/\/anderskafka.cz\/eshop\/wp-json\/wp\/v2\/location?post=15019"},{"taxonomy":"product_cat","embeddable":true,"href":"https:\/\/anderskafka.cz\/eshop\/wp-json\/wp\/v2\/product_cat?post=15019"},{"taxonomy":"product_tag","embeddable":true,"href":"https:\/\/anderskafka.cz\/eshop\/wp-json\/wp\/v2\/product_tag?post=15019"}],"curies":[{"name":"wp","href":"https:\/\/api.w.org\/{rel}","templated":true}]}}